{"id":16978,"date":"2021-07-24T14:36:01","date_gmt":"2021-07-24T14:36:01","guid":{"rendered":"https:\/\/www.visitsoglianoalrubicone.it\/andere-typische-produkte\/"},"modified":"2024-12-06T10:11:05","modified_gmt":"2024-12-06T10:11:05","slug":"andere-typische-produkte","status":"publish","type":"page","link":"https:\/\/www.visitsoglianoalrubicone.it\/de\/tasten\/essen-und-wein-und-typische-produkte\/andere-typische-produkte\/","title":{"rendered":"Andere typische Produkte"},"content":{"rendered":"<p>[vc_row full_width=&#8220;stretch_row_content_no_spaces&#8220; content_placement=&#8220;top&#8220;][vc_column][vc_single_image image=&#8220;16981&#8243; img_size=&#8220;1920 x 450&#8243; alignment=&#8220;center&#8220; el_class=&#8220;infotronik_banner_pagina&#8220;]\n\t\t\t<section class=\"do-normal-page-title-section\">\n\t\t\t\t<div class=\"container\">\n\t\t\t\t\t<div class=\"row uppercase\">\n\t\t\t\n\t\t\t\t\t\t<div class=\"do-page-title-wrapper\">\n\t\t\t\t\t\t\t<div class=\"do-default-page-title col-md-7 col-sm-7 col-xs-12\">\n\t\t\t\t\t\t\t\t<h2 info=21 class=\"infotronik_page_title_big\">Altri prodotti tipici<\/h2>\n\t\t\t\t\t\t\t\t<p><\/p>\n\t\t\t\t\t\t\t<\/div>\n\t\t\t\n\t\t\t\t\t\t\t<div class=\"do-breadcumb\"><ul><li><a href=\"https:\/\/www.visitsoglianoalrubicone.it\/de\/tasten\/\">TASTEN<\/a><\/li><li><a class=\"infotronik_breadcrumb_cut\" href=\"https:\/\/www.visitsoglianoalrubicone.it\/de\/tasten\/essen-und-wein-und-typische-produkte\/\">Essen und Wein und typische Produkte<\/a><\/li><\/ul><\/div>\n\t\t\t\t\t\t<\/div>\n\t\t\t\n\t\t\t\t\t<\/div>\n\t\t\t\t<\/div>\n\t\t\t<\/section>\n\t\t[vc_empty_space height=&#8220;20px&#8220;][vc_row_inner][vc_column_inner][vc_column_text]Im Folgenden finden Sie eine Liste von Produkten, die in unserem Gebiet geerntet oder hergestellt werden.<\/p>\n<p><span style=\"font-weight: 400;\"><strong>PFLANZEN UND KR\u00c4UTER.<br \/>\n<\/strong><\/span>Der Begriff Heilpflanzen bezieht sich in der Regel auf Arznei-, Duft- und Parf\u00fcmpflanzen. Dabei handelt es sich um Pflanzenarten, die sowohl spontan als auch kultiviert vorkommen und f\u00fcr verschiedene Zwecke verwendet werden k\u00f6nnen: Arzneimittel, Phytotherapeutika, Kr\u00e4uter, Lik\u00f6re, Aromapflanzen, Hygienepflanzen, Parf\u00fcm und Kosmetik.<span style=\"font-weight: 400;\"><br \/>\n M<\/span> <span style=\"font-weight: 400;\">USCHELN UND TR\u00dcFFEL <\/span> <span style=\"font-weight: 400;\">:<\/span> <span style=\"font-weight: 400;\">Der Apennin ist ein Gebiet, das reich an Pilzen und Tr\u00fcffeln ist, was die gesamte Emilia Romagna zu einer der Regionen Italiens macht <\/span><span style=\"font-weight: 400;\">, in der sie<\/span><span style=\"font-weight: 400;\">in H\u00fclle und F\u00fclle<\/span><span style=\"font-weight: 400;\">zu finden sind<\/span><span style=\"font-weight: 400;\">. <\/span><span style=\"font-weight: 400;\"><span style=\"font-weight: 400;\">Selbst in tieferen Lagen, vor allem in der N\u00e4he von Eichen und Kastanienb\u00e4umen, finden Sie Steinpilze, aber auch Schwarzdorne, Pfifferlinge, Prataioli, Chiodini (kleine Pilze) usw. <\/span><span style=\"font-weight: 400;\">Die Wurzeln der f\u00fcr die Romagna typischen Baumpflanzen sind auch der ideale Lebensraum f\u00fcr die gesch\u00e4tzten Tr\u00fcffel, das wei\u00dfe (oder schwarze) Gold der Weltgastronomie.<\/span> <span style=\"font-weight: 400;\"><strong>ALTE FR\u00dcCHTE<br \/>\n<\/strong><\/span>Mehrere Bauernh\u00f6fe bewahren die sogenannten<strong>&#8218;alten Fr\u00fcchte&#8216;, <\/strong> d.h. jene Fr\u00fcchte, die in den letzten 30-40 Jahren ausgestorben sind. <strong><br \/>\n Nicht aus eigenem Willen und auch nicht unbedingt aus dem Willen der Verbraucher, denn dazwischen liegt<\/strong> <strong>in der Geschichte der alten Fr\u00fcchte<\/strong> die recht rasche und j\u00fcngste Best\u00e4tigung des<strong> modernen<\/strong> <strong>industriellen<\/strong><strong> Obstanbaus<\/strong>. In Italien, einem Land der Landwirte und der tiefen und alten landwirtschaftlichen Traditionen, bleiben die <strong> <strong>alten Fr\u00fcchte<\/strong> nicht unbemerkt, und gl\u00fccklicherweise gibt es hier sowohl Profis als auch &#8218;Hobbyisten&#8216; oder Pfl\u00fccker aus Leidenschaft.<\/strong><\/span>[\/vc_column_text][vc_empty_space height=&#8220;50px&#8220;][vc_column_text]..[\/vc_column_text][vc_empty_space height=&#8220;50px&#8220;][\/vc_column_inner][\/vc_row_inner][\/vc_column][\/vc_row]<\/p>\n","protected":false},"excerpt":{"rendered":"<p>[vc_row full_width=&#8220;stretch_row_content_no_spaces&#8220; content_placement=&#8220;top&#8220;][vc_column][vc_single_image image=&#8220;16981&#8243; img_size=&#8220;1920 x 450&#8243; alignment=&#8220;center&#8220; el_class=&#8220;infotronik_banner_pagina&#8220;][vc_empty_space height=&#8220;20px&#8220;][vc_row_inner][vc_column_inner][vc_column_text]Im Folgenden finden Sie eine Liste von Produkten, die in unserem Gebiet&#8230;<\/p>\n","protected":false},"author":3,"featured_media":16983,"parent":20218,"menu_order":0,"comment_status":"closed","ping_status":"closed","template":"","meta":{"loftloader_page_shortcode":""},"_links":{"self":[{"href":"https:\/\/www.visitsoglianoalrubicone.it\/de\/wp-json\/wp\/v2\/pages\/16978"}],"collection":[{"href":"https:\/\/www.visitsoglianoalrubicone.it\/de\/wp-json\/wp\/v2\/pages"}],"about":[{"href":"https:\/\/www.visitsoglianoalrubicone.it\/de\/wp-json\/wp\/v2\/types\/page"}],"author":[{"embeddable":true,"href":"https:\/\/www.visitsoglianoalrubicone.it\/de\/wp-json\/wp\/v2\/users\/3"}],"replies":[{"embeddable":true,"href":"https:\/\/www.visitsoglianoalrubicone.it\/de\/wp-json\/wp\/v2\/comments?post=16978"}],"version-history":[{"count":2,"href":"https:\/\/www.visitsoglianoalrubicone.it\/de\/wp-json\/wp\/v2\/pages\/16978\/revisions"}],"predecessor-version":[{"id":17013,"href":"https:\/\/www.visitsoglianoalrubicone.it\/de\/wp-json\/wp\/v2\/pages\/16978\/revisions\/17013"}],"up":[{"embeddable":true,"href":"https:\/\/www.visitsoglianoalrubicone.it\/de\/wp-json\/wp\/v2\/pages\/20218"}],"wp:featuredmedia":[{"embeddable":true,"href":"https:\/\/www.visitsoglianoalrubicone.it\/de\/wp-json\/wp\/v2\/media\/16983"}],"wp:attachment":[{"href":"https:\/\/www.visitsoglianoalrubicone.it\/de\/wp-json\/wp\/v2\/media?parent=16978"}],"curies":[{"name":"wp","href":"https:\/\/api.w.org\/{rel}","templated":true}]}}