{"id":17164,"date":"2021-07-16T11:33:24","date_gmt":"2021-07-16T11:33:24","guid":{"rendered":"https:\/\/www.visitsoglianoalrubicone.it\/kirche-von-san-lorenzo-martire-montepetra\/"},"modified":"2024-12-06T10:06:55","modified_gmt":"2024-12-06T10:06:55","slug":"kirche-von-san-lorenzo-martire-montepetra","status":"publish","type":"page","link":"https:\/\/www.visitsoglianoalrubicone.it\/de\/sogliano-entdecken\/kunst-kultur-und-kunsthandwerk\/kirchen-abteien-pfarreien-und-kloester\/kirche-von-san-lorenzo-martire-montepetra\/","title":{"rendered":"Kirche von San Lorenzo Martire &#8211; Montepetra"},"content":{"rendered":"<p>[vc_row full_width=&#8220;stretch_row_content_no_spaces&#8220;][vc_column][vc_single_image image=&#8220;17166&#8243; img_size=&#8220;1920 x 450&#8243; alignment=&#8220;center&#8220; el_class=&#8220;infotronik_banner_pagina&#8220;]\n\t\t\t<section class=\"do-normal-page-title-section infotronik_page_title_section_little\">\n\t\t\t\t<div class=\"container\">\n\t\t\t\t\t<div class=\"row uppercase\">\n\t\t\t\n\t\t\t\t\t\t<div class=\"do-page-title-wrapper\">\n\t\t\t\t\t\t\t<div class=\"do-default-page-title col-md-7 col-sm-7 col-xs-12\">\n\t\t\t\t\t\t\t\t<h2 info=42 class=\"infotronik_page_title_little\">Chiesa di San Lorenzo Martire - Montepetra<\/h2>\n\t\t\t\t\t\t\t\t<p><\/p>\n\t\t\t\t\t\t\t<\/div>\n\t\t\t\n\t\t\t\t\t\t\t<div class=\"do-breadcumb\"><ul><li><a class=\"infotronik_breadcrumb_cut\" href=\"https:\/\/www.visitsoglianoalrubicone.it\/de\/sogliano-entdecken\/kunst-kultur-und-kunsthandwerk\/\">Kunst Kultur und Kunsthandwerk<\/a><\/li><li><a class=\"infotronik_breadcrumb_cut\" href=\"https:\/\/www.visitsoglianoalrubicone.it\/de\/sogliano-entdecken\/kunst-kultur-und-kunsthandwerk\/kirchen-abteien-pfarreien-und-kloester\/\">Kirchen, Abteien, Pfarreien und Kl\u00f6ster<\/a><\/li><\/ul><\/div>\n\t\t\t\t\t\t<\/div>\n\t\t\t\n\t\t\t\t\t<\/div>\n\t\t\t\t<\/div>\n\t\t\t<\/section>\n\t\t[vc_empty_space height=&#8220;20px&#8220;][vc_row_inner][vc_column_inner][vc_column_text]Die aus der Renaissance stammende Kirche (15. Jahrhundert) befindet sich im Weiler <strong>Montepetra<\/strong> und wurde 1842 umfassend umgebaut. An die Kirche ist der Glockenturm angebaut. Im Inneren der Kirche befinden sich drei Altaraufs\u00e4tze von besonderem historischem und k\u00fcnstlerischem Wert: ein Altaraufsatz mit der Darstellung der &#8218;Madonna del Rosario&#8216; von Nicola Versari (1658); ein Altaraufsatz von &#8218;San Lorenzo&#8216;, der Nicola Versari (1658) zugeschrieben wird; ein Altaraufsatz mit der Darstellung der &#8218;Madonna del Carmine&#8216; von Angelo Trevisani (1845). Auf dem linken Altar befindet sich ein viertes Gem\u00e4lde im neoklassischen Stil, das die &#8218;Madonna mit Kind&#8216; eines anonymen K\u00fcnstlers darstellt und wahrscheinlich aus dem fr\u00fchen 19. Besonders erw\u00e4hnenswert ist das wertvolle Taufbecken aus dem Jahr 1495, das als ein kleines Juwel der Renaissance-Skulptur gilt.[\/vc_column_text][vc_empty_space height=&#8220;30px&#8220;][\/vc_column_inner][\/vc_row_inner][vc_row_inner][vc_column_inner width=&#8220;1\/2&#8243;]\n\t\t<div class=\"do-icon-with-text-style1 appear fadeIn\" data-wow-duration=\"1s\" data-wow-delay=\"0.3s\">\n\t\t    <div class=\"do-icon-wrapper\">\n\t\t        <i class=\"fa fa-map-marker\"><\/i>\n\t\t    <\/div>\n\t\t    <p><span style=\"font-weight: 400;\"><br \/>\nVia Montepetra-Castello, Sogliano Al Rubicone<\/span><\/p>\n\n\t\t<\/div>\n\t\n\t\t<div class=\"do-icon-with-text-style1 appear fadeIn\" data-wow-duration=\"1s\" data-wow-delay=\"0.3s\">\n\t\t    <div class=\"do-icon-wrapper\">\n\t\t        <i class=\"fa fa-clock-o\"><\/i>\n\t\t    <\/div>\n\t\t    <p><span style=\"font-weight: 400;\">immer von au\u00dfen sichtbar,<br \/>\n<\/span><span style=\"font-weight: 400;\">w\u00e4hrend der Gottesdienste auch innen nutzbar<\/span><\/p>\n\n\t\t<\/div>\n\t\n\t\t<div class=\"do-icon-with-text-style1 appear fadeIn\" data-wow-duration=\"1s\" data-wow-delay=\"0.3s\">\n\t\t    <div class=\"do-icon-wrapper\">\n\t\t        <i class=\"fa fa-euro\"><\/i>\n\t\t    <\/div>\n\t\t    <p>Freier Zugang.<\/p>\n\n\t\t<\/div>\n\t[\/vc_column_inner][vc_column_inner width=&#8220;1\/2&#8243;][vc_gmaps link=&#8220;#E-8_JTNDaWZyYW1lJTIwc3JjJTNEJTIyaHR0cHMlM0ElMkYlMkZ3d3cuZ29vZ2xlLmNvbSUyRm1hcHMlMkZlbWJlZCUzRnBiJTNEJTIxMW0xOCUyMTFtMTIlMjExbTMlMjExZDI4MjAuOTkxNTY3ODM5OTc1JTIxMmQxMi4xODk1MjA4MTU0Njg4MSUyMTNkNDMuOTMxMDAwNzc5MTEyOCUyMTJtMyUyMTFmMCUyMTJmMCUyMTNmMCUyMTNtMiUyMTFpMTAyNCUyMTJpNzY4JTIxNGYxMy4xJTIxM20zJTIxMW0yJTIxMXMweDEzMmM5YjBiZTA2MTRjNzclMjUzQTB4ZGU3NDI0YWIyYzk5Y2JkNCUyMTJzQ2hpZXNhJTI1MjBkaSUyNTIwU2FuJTI1MjBMb3JlbnpvJTI1MjBNYXJ0aXJlJTIxNWUxJTIxM20yJTIxMXNpdCUyMTJzaXQlMjE0djE2MjY0MzUxMDk4ODUlMjE1bTIlMjExc2l0JTIxMnNpdCUyMiUyMHdpZHRoJTNEJTIyNjAwJTIyJTIwaGVpZ2h0JTNEJTIyNDUwJTIyJTIwc3R5bGUlM0QlMjJib3JkZXIlM0EwJTNCJTIyJTIwYWxsb3dmdWxsc2NyZWVuJTNEJTIyJTIyJTIwbG9hZGluZyUzRCUyMmxhenklMjIlM0UlM0MlMkZpZnJhbWUlM0U=&#8220;][\/vc_column_inner][\/vc_row_inner][vc_row_inner][vc_column_inner][vc_empty_space height=&#8220;30px&#8220;][vc_column_text]<style>#jtg-3896 .modula-item .jtg-social a, .lightbox-socials.jtg-social a{ color: #ffffff }#jtg-3896 .modula-item .jtg-social svg, .lightbox-socials.jtg-social svg { height: 16px; width: 16px }#jtg-3896 .modula-item .jtg-social a:not(:last-child), .lightbox-socials.jtg-social a:not(:last-child) { margin-right: 10px }#jtg-3896 .modula-item .figc {color:#ffffff;}#jtg-3896 .modula-item .modula-item-content { transform: scale(1) }#jtg-3896 { width:100%;}#jtg-3896 .modula-items .figc p.description { font-size:14px; }#jtg-3896 .modula-items .figc p.description { color:#ffffff;}#jtg-3896.modula-gallery .modula-item > a, #jtg-3896.modula-gallery .modula-item, #jtg-3896.modula-gallery .modula-item-content > a { cursor:zoom-in; } @media screen and (max-width:480px){#jtg-3896 .modula-item .figc .jtg-title {  font-size: 12px; }#jtg-3896 .modula-items .figc p.description { color:#ffffff;font-size:10px; }}<\/style>\n<!-- Gallery Container -->\n<div  id=\"jtg-3896\" class=\"modula modula-gallery modula-columns\" data-config=\"{&quot;enableTwitter&quot;:false,&quot;enableWhatsapp&quot;:false,&quot;enableFacebook&quot;:false,&quot;enablePinterest&quot;:false,&quot;enableLinkedin&quot;:false,&quot;enableEmail&quot;:false,&quot;randomFactor&quot;:0.5,&quot;type&quot;:&quot;grid&quot;,&quot;columns&quot;:12,&quot;gutter&quot;:10,&quot;mobileGutter&quot;:10,&quot;tabletGutter&quot;:10,&quot;desktopGutter&quot;:10,&quot;enableResponsive&quot;:&quot;0&quot;,&quot;tabletColumns&quot;:&quot;2&quot;,&quot;mobileColumns&quot;:&quot;1&quot;,&quot;lazyLoad&quot;:&quot;0&quot;,&quot;lightboxOpts&quot;:{&quot;loop&quot;:false,&quot;arrows&quot;:true,&quot;toolbar&quot;:true,&quot;keyboard&quot;:false,&quot;wheel&quot;:false,&quot;buttons&quot;:[&quot;close&quot;],&quot;hash&quot;:false,&quot;lang&quot;:&quot;en&quot;,&quot;touch&quot;:false,&quot;protect&quot;:false,&quot;i18n&quot;:{&quot;en&quot;:{&quot;CLOSE&quot;:&quot;Close&quot;,&quot;NEXT&quot;:&quot;Next&quot;,&quot;PREV&quot;:&quot;Previous&quot;,&quot;Error&quot;:&quot;The requested content cannot be loaded. Please try again later.&quot;,&quot;PLAY_START&quot;:&quot;Start slideshow&quot;,&quot;PLAY_STOP&quot;:&quot;Pause slideshow&quot;,&quot;FULL_SCREEN&quot;:&quot;Full screen&quot;,&quot;THUMBS&quot;:&quot;Thumbnails&quot;,&quot;DOWNLOAD&quot;:&quot;Download&quot;,&quot;SHARE&quot;:&quot;Share&quot;,&quot;ZOOM&quot;:&quot;Zoom&quot;}},&quot;clickSlide&quot;:false,&quot;clickOutside&quot;:false,&quot;dblclickContent&quot;:false,&quot;dblclickSlide&quot;:false,&quot;dblclickOutside&quot;:false,&quot;clickContent&quot;:false,&quot;baseTpl&quot;:&quot;&lt;div class=\\&quot;modula-fancybox-container modula-lightbox-jtg-3896\\&quot; role=\\&quot;dialog\\&quot; tabindex=\\&quot;-1\\&quot;&gt;&lt;div class=\\&quot;modula-fancybox-bg\\&quot;&gt;&lt;\\\/div&gt;&lt;div class=\\&quot;modula-fancybox-inner\\&quot;&gt;&lt;div class=\\&quot;modula-fancybox-infobar\\&quot;&gt;&lt;span data-fancybox-index&gt;&lt;\\\/span&gt;&nbsp;\\\/&nbsp;&lt;span data-fancybox-count&gt;&lt;\\\/span&gt;&lt;\\\/div&gt;&lt;div class=\\&quot;modula-fancybox-toolbar\\&quot;&gt;{{buttons}}&lt;\\\/div&gt;&lt;div class=\\&quot;modula-fancybox-navigation\\&quot;&gt;{{arrows}}&lt;\\\/div&gt;&lt;div class=\\&quot;modula-fancybox-stage\\&quot;&gt;&lt;\\\/div&gt;&lt;div class=\\&quot;modula-fancybox-caption\\&quot;&gt;&lt;div class=\\&quot;modula-fancybox-caption__body\\&quot;&gt;&lt;\\\/div&gt;&lt;\\\/div&gt;&lt;\\\/div&gt;&lt;\\\/div&gt;&quot;},&quot;inView&quot;:false,&quot;email_subject&quot;:&quot;Check out this awesome image !!&quot;,&quot;email_message&quot;:&quot;Here is the link to the image : %%image_link%% and this is the link to the gallery : %%gallery_link%%&quot;,&quot;grid_type&quot;:&quot;automatic&quot;,&quot;rowHeight&quot;:150,&quot;lastRow&quot;:&quot;justify&quot;,&quot;lightbox&quot;:&quot;fancybox&quot;}\">\n\n\t\n\t<!-- Items Container -->\n\t<div  class=\"modula-items grid-gallery\">\n\t\t<div class=\"modula-item effect-pufrobo\" >\n\t<div class=\"modula-item-overlay\"><\/div>\n\n\t<div class=\"modula-item-content\">\n\n\t\t\t\t\n\t\t\t\t\t<a data-image-id=\"3897\" href=\"https:\/\/www.visitsoglianoalrubicone.it\/wp-content\/uploads\/2021\/07\/visit-sogliano-al-rubicone-scopri-sogliano-arte-cultura-e-artigianato-chiese-abbazie-pievi-e-monasteri-chiesa-di-san-lorenzo-martire-montepetra-1-scaled.jpeg\" rel=\"jtg-3896\" data-caption=\"\" class=\"tile-inner modula-item-link\"><\/a>\n\t\t\n\t\t<img class=\"pic\"  data-valign=\"middle\" data-halign=\"center\" alt=\"\" data-full=\"https:\/\/www.visitsoglianoalrubicone.it\/wp-content\/uploads\/2021\/07\/visit-sogliano-al-rubicone-scopri-sogliano-arte-cultura-e-artigianato-chiese-abbazie-pievi-e-monasteri-chiesa-di-san-lorenzo-martire-montepetra-1.jpeg\" title=\"visit sogliano al rubicone - scopri sogliano - arte cultura e artigianato - chiese, abbazie, pievi e monasteri - chiesa di san lorenzo martire montepetra (1)\" width=\"1024\" height=\"683\" src=\"https:\/\/www.visitsoglianoalrubicone.it\/wp-content\/uploads\/2021\/07\/visit-sogliano-al-rubicone-scopri-sogliano-arte-cultura-e-artigianato-chiese-abbazie-pievi-e-monasteri-chiesa-di-san-lorenzo-martire-montepetra-1-1024x683.jpeg\" data-src=\"https:\/\/www.visitsoglianoalrubicone.it\/wp-content\/uploads\/2021\/07\/visit-sogliano-al-rubicone-scopri-sogliano-arte-cultura-e-artigianato-chiese-abbazie-pievi-e-monasteri-chiesa-di-san-lorenzo-martire-montepetra-1-1024x683.jpeg\" data-caption=\"\"srcset=\"https:\/\/www.visitsoglianoalrubicone.it\/wp-content\/uploads\/2021\/07\/visit-sogliano-al-rubicone-scopri-sogliano-arte-cultura-e-artigianato-chiese-abbazie-pievi-e-monasteri-chiesa-di-san-lorenzo-martire-montepetra-1-scaled-1024x683.jpeg 1024w, https:\/\/www.visitsoglianoalrubicone.it\/wp-content\/uploads\/2021\/07\/visit-sogliano-al-rubicone-scopri-sogliano-arte-cultura-e-artigianato-chiese-abbazie-pievi-e-monasteri-chiesa-di-san-lorenzo-martire-montepetra-1-300x200.jpeg 300w, https:\/\/www.visitsoglianoalrubicone.it\/wp-content\/uploads\/2021\/07\/visit-sogliano-al-rubicone-scopri-sogliano-arte-cultura-e-artigianato-chiese-abbazie-pievi-e-monasteri-chiesa-di-san-lorenzo-martire-montepetra-1-768x512.jpeg 768w, https:\/\/www.visitsoglianoalrubicone.it\/wp-content\/uploads\/2021\/07\/visit-sogliano-al-rubicone-scopri-sogliano-arte-cultura-e-artigianato-chiese-abbazie-pievi-e-monasteri-chiesa-di-san-lorenzo-martire-montepetra-1-1536x1024.jpeg 1536w, https:\/\/www.visitsoglianoalrubicone.it\/wp-content\/uploads\/2021\/07\/visit-sogliano-al-rubicone-scopri-sogliano-arte-cultura-e-artigianato-chiese-abbazie-pievi-e-monasteri-chiesa-di-san-lorenzo-martire-montepetra-1-2048x1365.jpeg 2048w\" sizes=\"(max-width: 1024px) 100vw, 1024px\"\" \/>\n\t\t<div class=\"figc no-description\">\n\t\t\t<div class=\"figc-inner\">\n\t\t\t\t\t\t\t\t\t\t\t\t\t\t\t<\/div>\n\t\t<\/div>\n\n\t<\/div>\n\n<\/div><div class=\"modula-item effect-pufrobo\" >\n\t<div class=\"modula-item-overlay\"><\/div>\n\n\t<div class=\"modula-item-content\">\n\n\t\t\t\t\n\t\t\t\t\t<a data-image-id=\"3898\" href=\"https:\/\/www.visitsoglianoalrubicone.it\/wp-content\/uploads\/2021\/07\/visit-sogliano-al-rubicone-scopri-sogliano-arte-cultura-e-artigianato-chiese-abbazie-pievi-e-monasteri-chiesa-di-san-lorenzo-martire-montepetra-1-scaled.jpg\" rel=\"jtg-3896\" data-caption=\"\" class=\"tile-inner modula-item-link\"><\/a>\n\t\t\n\t\t<img class=\"pic\"  data-valign=\"middle\" data-halign=\"center\" alt=\"\" data-full=\"https:\/\/www.visitsoglianoalrubicone.it\/wp-content\/uploads\/2021\/07\/visit-sogliano-al-rubicone-scopri-sogliano-arte-cultura-e-artigianato-chiese-abbazie-pievi-e-monasteri-chiesa-di-san-lorenzo-martire-montepetra-1.jpg\" title=\"visit sogliano al rubicone - scopri sogliano - arte cultura e artigianato - chiese, abbazie, pievi e monasteri - chiesa di san lorenzo martire montepetra (1)\" width=\"1024\" height=\"576\" src=\"https:\/\/www.visitsoglianoalrubicone.it\/wp-content\/uploads\/2021\/07\/visit-sogliano-al-rubicone-scopri-sogliano-arte-cultura-e-artigianato-chiese-abbazie-pievi-e-monasteri-chiesa-di-san-lorenzo-martire-montepetra-1-1024x576.jpg\" data-src=\"https:\/\/www.visitsoglianoalrubicone.it\/wp-content\/uploads\/2021\/07\/visit-sogliano-al-rubicone-scopri-sogliano-arte-cultura-e-artigianato-chiese-abbazie-pievi-e-monasteri-chiesa-di-san-lorenzo-martire-montepetra-1-1024x576.jpg\" data-caption=\"\"srcset=\"https:\/\/www.visitsoglianoalrubicone.it\/wp-content\/uploads\/2021\/07\/visit-sogliano-al-rubicone-scopri-sogliano-arte-cultura-e-artigianato-chiese-abbazie-pievi-e-monasteri-chiesa-di-san-lorenzo-martire-montepetra-1-scaled-1024x576.jpg 1024w, https:\/\/www.visitsoglianoalrubicone.it\/wp-content\/uploads\/2021\/07\/visit-sogliano-al-rubicone-scopri-sogliano-arte-cultura-e-artigianato-chiese-abbazie-pievi-e-monasteri-chiesa-di-san-lorenzo-martire-montepetra-1-300x169.jpg 300w, https:\/\/www.visitsoglianoalrubicone.it\/wp-content\/uploads\/2021\/07\/visit-sogliano-al-rubicone-scopri-sogliano-arte-cultura-e-artigianato-chiese-abbazie-pievi-e-monasteri-chiesa-di-san-lorenzo-martire-montepetra-1-768x432.jpg 768w, https:\/\/www.visitsoglianoalrubicone.it\/wp-content\/uploads\/2021\/07\/visit-sogliano-al-rubicone-scopri-sogliano-arte-cultura-e-artigianato-chiese-abbazie-pievi-e-monasteri-chiesa-di-san-lorenzo-martire-montepetra-1-1536x864.jpg 1536w, https:\/\/www.visitsoglianoalrubicone.it\/wp-content\/uploads\/2021\/07\/visit-sogliano-al-rubicone-scopri-sogliano-arte-cultura-e-artigianato-chiese-abbazie-pievi-e-monasteri-chiesa-di-san-lorenzo-martire-montepetra-1-2048x1152.jpg 2048w\" sizes=\"(max-width: 1024px) 100vw, 1024px\"\" \/>\n\t\t<div class=\"figc no-description\">\n\t\t\t<div class=\"figc-inner\">\n\t\t\t\t\t\t\t\t\t\t\t\t\t\t\t<\/div>\n\t\t<\/div>\n\n\t<\/div>\n\n<\/div><div class=\"modula-item effect-pufrobo\" >\n\t<div class=\"modula-item-overlay\"><\/div>\n\n\t<div class=\"modula-item-content\">\n\n\t\t\t\t\n\t\t\t\t\t<a data-image-id=\"3899\" href=\"https:\/\/www.visitsoglianoalrubicone.it\/wp-content\/uploads\/2021\/07\/visit-sogliano-al-rubicone-scopri-sogliano-arte-cultura-e-artigianato-chiese-abbazie-pievi-e-monasteri-chiesa-di-san-lorenzo-martire-montepetra-2-scaled.jpeg\" rel=\"jtg-3896\" data-caption=\"\" class=\"tile-inner modula-item-link\"><\/a>\n\t\t\n\t\t<img class=\"pic\"  data-valign=\"middle\" data-halign=\"center\" alt=\"\" data-full=\"https:\/\/www.visitsoglianoalrubicone.it\/wp-content\/uploads\/2021\/07\/visit-sogliano-al-rubicone-scopri-sogliano-arte-cultura-e-artigianato-chiese-abbazie-pievi-e-monasteri-chiesa-di-san-lorenzo-martire-montepetra-2.jpeg\" title=\"visit sogliano al rubicone - scopri sogliano - arte cultura e artigianato - chiese, abbazie, pievi e monasteri - chiesa di san lorenzo martire montepetra (2)\" width=\"1024\" height=\"683\" src=\"https:\/\/www.visitsoglianoalrubicone.it\/wp-content\/uploads\/2021\/07\/visit-sogliano-al-rubicone-scopri-sogliano-arte-cultura-e-artigianato-chiese-abbazie-pievi-e-monasteri-chiesa-di-san-lorenzo-martire-montepetra-2-1024x683.jpeg\" data-src=\"https:\/\/www.visitsoglianoalrubicone.it\/wp-content\/uploads\/2021\/07\/visit-sogliano-al-rubicone-scopri-sogliano-arte-cultura-e-artigianato-chiese-abbazie-pievi-e-monasteri-chiesa-di-san-lorenzo-martire-montepetra-2-1024x683.jpeg\" data-caption=\"\"srcset=\"https:\/\/www.visitsoglianoalrubicone.it\/wp-content\/uploads\/2021\/07\/visit-sogliano-al-rubicone-scopri-sogliano-arte-cultura-e-artigianato-chiese-abbazie-pievi-e-monasteri-chiesa-di-san-lorenzo-martire-montepetra-2-scaled-1024x683.jpeg 1024w, https:\/\/www.visitsoglianoalrubicone.it\/wp-content\/uploads\/2021\/07\/visit-sogliano-al-rubicone-scopri-sogliano-arte-cultura-e-artigianato-chiese-abbazie-pievi-e-monasteri-chiesa-di-san-lorenzo-martire-montepetra-2-300x200.jpeg 300w, https:\/\/www.visitsoglianoalrubicone.it\/wp-content\/uploads\/2021\/07\/visit-sogliano-al-rubicone-scopri-sogliano-arte-cultura-e-artigianato-chiese-abbazie-pievi-e-monasteri-chiesa-di-san-lorenzo-martire-montepetra-2-768x512.jpeg 768w, https:\/\/www.visitsoglianoalrubicone.it\/wp-content\/uploads\/2021\/07\/visit-sogliano-al-rubicone-scopri-sogliano-arte-cultura-e-artigianato-chiese-abbazie-pievi-e-monasteri-chiesa-di-san-lorenzo-martire-montepetra-2-1536x1024.jpeg 1536w, https:\/\/www.visitsoglianoalrubicone.it\/wp-content\/uploads\/2021\/07\/visit-sogliano-al-rubicone-scopri-sogliano-arte-cultura-e-artigianato-chiese-abbazie-pievi-e-monasteri-chiesa-di-san-lorenzo-martire-montepetra-2-2048x1365.jpeg 2048w\" sizes=\"(max-width: 1024px) 100vw, 1024px\"\" \/>\n\t\t<div class=\"figc no-description\">\n\t\t\t<div class=\"figc-inner\">\n\t\t\t\t\t\t\t\t\t\t\t\t\t\t\t<\/div>\n\t\t<\/div>\n\n\t<\/div>\n\n<\/div><div class=\"modula-item effect-pufrobo\" >\n\t<div class=\"modula-item-overlay\"><\/div>\n\n\t<div class=\"modula-item-content\">\n\n\t\t\t\t\n\t\t\t\t\t<a data-image-id=\"3900\" href=\"https:\/\/www.visitsoglianoalrubicone.it\/wp-content\/uploads\/2021\/07\/visit-sogliano-al-rubicone-scopri-sogliano-arte-cultura-e-artigianato-chiese-abbazie-pievi-e-monasteri-chiesa-di-san-lorenzo-martire-montepetra-3-scaled.jpeg\" rel=\"jtg-3896\" data-caption=\"\" class=\"tile-inner modula-item-link\"><\/a>\n\t\t\n\t\t<img class=\"pic\"  data-valign=\"middle\" data-halign=\"center\" alt=\"\" data-full=\"https:\/\/www.visitsoglianoalrubicone.it\/wp-content\/uploads\/2021\/07\/visit-sogliano-al-rubicone-scopri-sogliano-arte-cultura-e-artigianato-chiese-abbazie-pievi-e-monasteri-chiesa-di-san-lorenzo-martire-montepetra-3.jpeg\" title=\"visit sogliano al rubicone - scopri sogliano - arte cultura e artigianato - chiese, abbazie, pievi e monasteri - chiesa di san lorenzo martire montepetra (3)\" width=\"1024\" height=\"683\" src=\"https:\/\/www.visitsoglianoalrubicone.it\/wp-content\/uploads\/2021\/07\/visit-sogliano-al-rubicone-scopri-sogliano-arte-cultura-e-artigianato-chiese-abbazie-pievi-e-monasteri-chiesa-di-san-lorenzo-martire-montepetra-3-1024x683.jpeg\" data-src=\"https:\/\/www.visitsoglianoalrubicone.it\/wp-content\/uploads\/2021\/07\/visit-sogliano-al-rubicone-scopri-sogliano-arte-cultura-e-artigianato-chiese-abbazie-pievi-e-monasteri-chiesa-di-san-lorenzo-martire-montepetra-3-1024x683.jpeg\" data-caption=\"\"srcset=\"https:\/\/www.visitsoglianoalrubicone.it\/wp-content\/uploads\/2021\/07\/visit-sogliano-al-rubicone-scopri-sogliano-arte-cultura-e-artigianato-chiese-abbazie-pievi-e-monasteri-chiesa-di-san-lorenzo-martire-montepetra-3-scaled-1024x683.jpeg 1024w, https:\/\/www.visitsoglianoalrubicone.it\/wp-content\/uploads\/2021\/07\/visit-sogliano-al-rubicone-scopri-sogliano-arte-cultura-e-artigianato-chiese-abbazie-pievi-e-monasteri-chiesa-di-san-lorenzo-martire-montepetra-3-300x200.jpeg 300w, https:\/\/www.visitsoglianoalrubicone.it\/wp-content\/uploads\/2021\/07\/visit-sogliano-al-rubicone-scopri-sogliano-arte-cultura-e-artigianato-chiese-abbazie-pievi-e-monasteri-chiesa-di-san-lorenzo-martire-montepetra-3-768x512.jpeg 768w, https:\/\/www.visitsoglianoalrubicone.it\/wp-content\/uploads\/2021\/07\/visit-sogliano-al-rubicone-scopri-sogliano-arte-cultura-e-artigianato-chiese-abbazie-pievi-e-monasteri-chiesa-di-san-lorenzo-martire-montepetra-3-1536x1024.jpeg 1536w, https:\/\/www.visitsoglianoalrubicone.it\/wp-content\/uploads\/2021\/07\/visit-sogliano-al-rubicone-scopri-sogliano-arte-cultura-e-artigianato-chiese-abbazie-pievi-e-monasteri-chiesa-di-san-lorenzo-martire-montepetra-3-2048x1365.jpeg 2048w\" sizes=\"(max-width: 1024px) 100vw, 1024px\"\" \/>\n\t\t<div class=\"figc no-description\">\n\t\t\t<div class=\"figc-inner\">\n\t\t\t\t\t\t\t\t\t\t\t\t\t\t\t<\/div>\n\t\t<\/div>\n\n\t<\/div>\n\n<\/div>\t\t\n\t<\/div>\n\n\t\n\t\n\t<script type=\"application\/ld+json\">\n\t{\n\t\t\"@context\": \"http:\/\/schema.org\",\n\t\t\"@type\"   : \"ImageGallery\",\n\t\t\"id\"      : \"https:\/\/www.visitsoglianoalrubicone.it\/de\/wp-json\/wp\/v2\/pages\/17164\/\",\n\t\t\"url\"     : \"https:\/\/www.visitsoglianoalrubicone.it\/de\/wp-json\/wp\/v2\/pages\/17164\/\"\n\t}\n\n    <\/script>\n\n\t\n<\/div>[\/vc_column_text][vc_empty_space height=&#8220;50px&#8220;][\/vc_column_inner][\/vc_row_inner][\/vc_column][\/vc_row]<\/p>\n","protected":false},"excerpt":{"rendered":"<p>[vc_row full_width=&#8220;stretch_row_content_no_spaces&#8220;][vc_column][vc_single_image image=&#8220;17166&#8243; img_size=&#8220;1920 x 450&#8243; alignment=&#8220;center&#8220; el_class=&#8220;infotronik_banner_pagina&#8220;][vc_empty_space height=&#8220;20px&#8220;][vc_row_inner][vc_column_inner][vc_column_text]Die aus der Renaissance stammende Kirche (15. Jahrhundert) befindet sich im Weiler Montepetra&#8230;<\/p>\n","protected":false},"author":3,"featured_media":17167,"parent":19424,"menu_order":0,"comment_status":"closed","ping_status":"closed","template":"","meta":{"loftloader_page_shortcode":""},"_links":{"self":[{"href":"https:\/\/www.visitsoglianoalrubicone.it\/de\/wp-json\/wp\/v2\/pages\/17164"}],"collection":[{"href":"https:\/\/www.visitsoglianoalrubicone.it\/de\/wp-json\/wp\/v2\/pages"}],"about":[{"href":"https:\/\/www.visitsoglianoalrubicone.it\/de\/wp-json\/wp\/v2\/types\/page"}],"author":[{"embeddable":true,"href":"https:\/\/www.visitsoglianoalrubicone.it\/de\/wp-json\/wp\/v2\/users\/3"}],"replies":[{"embeddable":true,"href":"https:\/\/www.visitsoglianoalrubicone.it\/de\/wp-json\/wp\/v2\/comments?post=17164"}],"version-history":[{"count":2,"href":"https:\/\/www.visitsoglianoalrubicone.it\/de\/wp-json\/wp\/v2\/pages\/17164\/revisions"}],"predecessor-version":[{"id":17180,"href":"https:\/\/www.visitsoglianoalrubicone.it\/de\/wp-json\/wp\/v2\/pages\/17164\/revisions\/17180"}],"up":[{"embeddable":true,"href":"https:\/\/www.visitsoglianoalrubicone.it\/de\/wp-json\/wp\/v2\/pages\/19424"}],"wp:featuredmedia":[{"embeddable":true,"href":"https:\/\/www.visitsoglianoalrubicone.it\/de\/wp-json\/wp\/v2\/media\/17167"}],"wp:attachment":[{"href":"https:\/\/www.visitsoglianoalrubicone.it\/de\/wp-json\/wp\/v2\/media?parent=17164"}],"curies":[{"name":"wp","href":"https:\/\/api.w.org\/{rel}","templated":true}]}}