{"id":17320,"date":"2021-07-14T15:23:41","date_gmt":"2021-07-14T15:23:41","guid":{"rendered":"https:\/\/www.visitsoglianoalrubicone.it\/julius-caesar\/"},"modified":"2024-12-06T10:10:42","modified_gmt":"2024-12-06T10:10:42","slug":"julius-caesar","status":"publish","type":"page","link":"https:\/\/www.visitsoglianoalrubicone.it\/de\/sogliano-entdecken\/kunst-kultur-und-kunsthandwerk\/geschichte-und-illustre-persoenlichkeiten\/illustre-persoenlichkeiten\/julius-caesar\/","title":{"rendered":"Julius C\u00e4sar"},"content":{"rendered":"<p>[vc_row full_width=&#8220;stretch_row_content_no_spaces&#8220;][vc_column][vc_single_image image=&#8220;17323&#8243; img_size=&#8220;1920 x 450&#8243; alignment=&#8220;center&#8220; el_class=&#8220;infotronik_banner_pagina&#8220;]\n\t\t\t<section class=\"do-normal-page-title-section\">\n\t\t\t\t<div class=\"container\">\n\t\t\t\t\t<div class=\"row uppercase\">\n\t\t\t\n\t\t\t\t\t\t<div class=\"do-page-title-wrapper\">\n\t\t\t\t\t\t\t<div class=\"do-default-page-title col-md-7 col-sm-7 col-xs-12\">\n\t\t\t\t\t\t\t\t<h2 info=13 class=\"infotronik_page_title_big\">Giulio Cesare<\/h2>\n\t\t\t\t\t\t\t\t<p><\/p>\n\t\t\t\t\t\t\t<\/div>\n\t\t\t\n\t\t\t\t\t\t\t<div class=\"do-breadcumb\"><ul><li><a class=\"infotronik_breadcrumb_cut\" href=\"https:\/\/www.visitsoglianoalrubicone.it\/de\/sogliano-entdecken\/kunst-kultur-und-kunsthandwerk\/geschichte-und-illustre-persoenlichkeiten\/\">Geschichte und illustre Pers\u00f6nlichkeiten<\/a><\/li><li><a class=\"infotronik_breadcrumb_cut\" href=\"https:\/\/www.visitsoglianoalrubicone.it\/de\/sogliano-entdecken\/kunst-kultur-und-kunsthandwerk\/geschichte-und-illustre-persoenlichkeiten\/illustre-persoenlichkeiten\/\">Illustre Pers\u00f6nlichkeiten<\/a><\/li><\/ul><\/div>\n\t\t\t\t\t\t<\/div>\n\t\t\t\n\t\t\t\t\t<\/div>\n\t\t\t\t<\/div>\n\t\t\t<\/section>\n\t\t[vc_empty_space height=&#8220;20px&#8220;][vc_row_inner][vc_column_inner][vc_column_text]R\u00f6mischer Konsul und Diktator, der die politischen Grundlagen des zuk\u00fcnftigen R\u00f6mischen Reiches legte Die Episode, die unser Gebiet mit Julius Caesar verbindet, ereignete sich in den ersten Jahrzehnten des 1. Jahrhunderts v. Chr., als der Fluss Rubikon die Grenze zwischen der R\u00f6mischen Republik und dem zisalpinen Gallien bildete. S\u00fcdlich des Flusses war der Zugang f\u00fcr die r\u00f6mische Miliz verboten, aber im Jahr 49 v. Chr. Caius Julius Caesar \u00fcberquerte den Rubikon an der Spitze seiner Truppen, sprach den ber\u00fchmten Satz &#8218;Alea iacta est&#8216; (&#8218;Die W\u00fcrfel sind gefallen&#8216;) und marschierte in Richtung Rom. Heute ist die Bedeutung des Ausdrucks<i>den Rubikon \u00fcberschreiten weltber\u00fchmt: Es bedeutet,<\/i> <strong>eine unwiderrufliche Entscheidung zu treffen<\/strong>, einen Punkt zu erreichen, an dem es kein Zur\u00fcck mehr gibt, eine Wahl zu treffen, von der es kein Zur\u00fcck mehr gibt.[\/vc_column_text][vc_empty_space height=&#8220;50px&#8220;][vc_text_separator title=&#8220;Nicht zu verpassen:&#8220; title_align=&#8220;separator_align_left&#8220; align=&#8220;align_left&#8220; color=&#8220;custom&#8220; el_width=&#8220;50&#8243; accent_color=&#8220;#fc7f0c&#8220;][vc_empty_space height=&#8220;50px&#8220;][vc_column_text]<div class=\"pt-cv-wrapper\"><div class=\"pt-cv-view pt-cv-grid pt-cv-colsys\" id=\"pt-cv-view-e452ce8xhb\"><div data-id=\"pt-cv-page-1\" class=\"pt-cv-page\" data-cvc=\"4\"><div class=\"col-md-3 col-sm-6 col-xs-12 pt-cv-content-item pt-cv-1-col\" ><div class='pt-cv-ifield'><a href=\"https:\/\/www.visitsoglianoalrubicone.it\/de\/sogliano-entdecken\/routen-trekking-radfahren\/die-pfade-des-oberen-rubikons\/der-rubicon-springs-trail\/\" class=\"_self pt-cv-href-thumbnail pt-cv-thumb-default\" target=\"_self\" ><img width=\"1024\" height=\"768\" src=\"https:\/\/www.visitsoglianoalrubicone.it\/wp-content\/uploads\/2024\/09\/Visit-Sogliano-Scopri-Sogliano-Itinerari-Trekking-Bike-I-Sentieri-Alto-Rubicone-il-sentiero-delle-sorgenti-del-rubicone_box.jpg\" class=\"pt-cv-thumbnail\" alt=\"\" loading=\"lazy\" srcset=\"https:\/\/www.visitsoglianoalrubicone.it\/wp-content\/uploads\/2024\/09\/Visit-Sogliano-Scopri-Sogliano-Itinerari-Trekking-Bike-I-Sentieri-Alto-Rubicone-il-sentiero-delle-sorgenti-del-rubicone_box.jpg 1024w, https:\/\/www.visitsoglianoalrubicone.it\/wp-content\/uploads\/2024\/09\/Visit-Sogliano-Scopri-Sogliano-Itinerari-Trekking-Bike-I-Sentieri-Alto-Rubicone-il-sentiero-delle-sorgenti-del-rubicone_box-300x225.jpg 300w, https:\/\/www.visitsoglianoalrubicone.it\/wp-content\/uploads\/2024\/09\/Visit-Sogliano-Scopri-Sogliano-Itinerari-Trekking-Bike-I-Sentieri-Alto-Rubicone-il-sentiero-delle-sorgenti-del-rubicone_box-768x576.jpg 768w\" sizes=\"(max-width: 1024px) 100vw, 1024px\" \/><\/a>\n<h6 class=\"pt-cv-title\"><a href=\"https:\/\/www.visitsoglianoalrubicone.it\/de\/sogliano-entdecken\/routen-trekking-radfahren\/die-pfade-des-oberen-rubikons\/der-rubicon-springs-trail\/\" class=\"_self\" target=\"_self\" >Der Rubicon Springs Trail<\/a><\/h6><\/div><\/div>\n<div class=\"col-md-3 col-sm-6 col-xs-12 pt-cv-content-item pt-cv-1-col\" ><div class='pt-cv-ifield'><a href=\"https:\/\/www.visitsoglianoalrubicone.it\/de\/sogliano-entdecken\/im-herzen-der-natur\/rubikon-feder\/\" class=\"_self pt-cv-href-thumbnail pt-cv-thumb-default\" target=\"_self\" ><img width=\"1024\" height=\"768\" src=\"https:\/\/www.visitsoglianoalrubicone.it\/wp-content\/uploads\/2021\/07\/Visit-Sogliano-Scopri-Sogliano-Nel-Cuore-della-Natura-Sorgenti-Rubicone-Banner-Resized.jpg\" class=\"pt-cv-thumbnail\" alt=\"\" loading=\"lazy\" srcset=\"https:\/\/www.visitsoglianoalrubicone.it\/wp-content\/uploads\/2021\/07\/Visit-Sogliano-Scopri-Sogliano-Nel-Cuore-della-Natura-Sorgenti-Rubicone-Banner-Resized.jpg 1024w, https:\/\/www.visitsoglianoalrubicone.it\/wp-content\/uploads\/2021\/07\/Visit-Sogliano-Scopri-Sogliano-Nel-Cuore-della-Natura-Sorgenti-Rubicone-Banner-Resized-300x225.jpg 300w, https:\/\/www.visitsoglianoalrubicone.it\/wp-content\/uploads\/2021\/07\/Visit-Sogliano-Scopri-Sogliano-Nel-Cuore-della-Natura-Sorgenti-Rubicone-Banner-Resized-768x576.jpg 768w\" sizes=\"(max-width: 1024px) 100vw, 1024px\" \/><\/a>\n<h6 class=\"pt-cv-title\"><a href=\"https:\/\/www.visitsoglianoalrubicone.it\/de\/sogliano-entdecken\/im-herzen-der-natur\/rubikon-feder\/\" class=\"_self\" target=\"_self\" >Rubikon Feder<\/a><\/h6><\/div><\/div>\n<div class=\"col-md-3 col-sm-6 col-xs-12 pt-cv-content-item pt-cv-1-col\" ><div class='pt-cv-ifield'><a href=\"https:\/\/www.visitsoglianoalrubicone.it\/de\/sogliano-entdecken\/historisches-zentrum-und-diffuse-doerfer\/strigara\/\" class=\"_self pt-cv-href-thumbnail pt-cv-thumb-default\" target=\"_self\" ><img width=\"1024\" height=\"768\" src=\"https:\/\/www.visitsoglianoalrubicone.it\/wp-content\/uploads\/2021\/07\/Visit-Sogliano-Scopri-Sogliano-Centro-Storico-e-Borghi-Diffusi-Strigara-Banner-Resized.jpg\" class=\"pt-cv-thumbnail\" alt=\"\" loading=\"lazy\" srcset=\"https:\/\/www.visitsoglianoalrubicone.it\/wp-content\/uploads\/2021\/07\/Visit-Sogliano-Scopri-Sogliano-Centro-Storico-e-Borghi-Diffusi-Strigara-Banner-Resized.jpg 1024w, https:\/\/www.visitsoglianoalrubicone.it\/wp-content\/uploads\/2021\/07\/Visit-Sogliano-Scopri-Sogliano-Centro-Storico-e-Borghi-Diffusi-Strigara-Banner-Resized-300x225.jpg 300w, https:\/\/www.visitsoglianoalrubicone.it\/wp-content\/uploads\/2021\/07\/Visit-Sogliano-Scopri-Sogliano-Centro-Storico-e-Borghi-Diffusi-Strigara-Banner-Resized-768x576.jpg 768w\" sizes=\"(max-width: 1024px) 100vw, 1024px\" \/><\/a>\n<h6 class=\"pt-cv-title\"><a href=\"https:\/\/www.visitsoglianoalrubicone.it\/de\/sogliano-entdecken\/historisches-zentrum-und-diffuse-doerfer\/strigara\/\" class=\"_self\" target=\"_self\" >Strigara<\/a><\/h6><\/div><\/div><\/div><\/div><\/div>[\/vc_column_text][vc_empty_space height=&#8220;50px&#8220;][\/vc_column_inner][\/vc_row_inner][\/vc_column][\/vc_row]<\/p>\n","protected":false},"excerpt":{"rendered":"<p>[vc_row full_width=&#8220;stretch_row_content_no_spaces&#8220;][vc_column][vc_single_image image=&#8220;17323&#8243; img_size=&#8220;1920 x 450&#8243; alignment=&#8220;center&#8220; el_class=&#8220;infotronik_banner_pagina&#8220;][vc_empty_space height=&#8220;20px&#8220;][vc_row_inner][vc_column_inner][vc_column_text]R\u00f6mischer Konsul und Diktator, der die politischen Grundlagen des zuk\u00fcnftigen R\u00f6mischen Reiches legte&#8230;<\/p>\n","protected":false},"author":3,"featured_media":17325,"parent":20089,"menu_order":0,"comment_status":"closed","ping_status":"closed","template":"","meta":{"loftloader_page_shortcode":""},"_links":{"self":[{"href":"https:\/\/www.visitsoglianoalrubicone.it\/de\/wp-json\/wp\/v2\/pages\/17320"}],"collection":[{"href":"https:\/\/www.visitsoglianoalrubicone.it\/de\/wp-json\/wp\/v2\/pages"}],"about":[{"href":"https:\/\/www.visitsoglianoalrubicone.it\/de\/wp-json\/wp\/v2\/types\/page"}],"author":[{"embeddable":true,"href":"https:\/\/www.visitsoglianoalrubicone.it\/de\/wp-json\/wp\/v2\/users\/3"}],"replies":[{"embeddable":true,"href":"https:\/\/www.visitsoglianoalrubicone.it\/de\/wp-json\/wp\/v2\/comments?post=17320"}],"version-history":[{"count":9,"href":"https:\/\/www.visitsoglianoalrubicone.it\/de\/wp-json\/wp\/v2\/pages\/17320\/revisions"}],"predecessor-version":[{"id":17386,"href":"https:\/\/www.visitsoglianoalrubicone.it\/de\/wp-json\/wp\/v2\/pages\/17320\/revisions\/17386"}],"up":[{"embeddable":true,"href":"https:\/\/www.visitsoglianoalrubicone.it\/de\/wp-json\/wp\/v2\/pages\/20089"}],"wp:featuredmedia":[{"embeddable":true,"href":"https:\/\/www.visitsoglianoalrubicone.it\/de\/wp-json\/wp\/v2\/media\/17325"}],"wp:attachment":[{"href":"https:\/\/www.visitsoglianoalrubicone.it\/de\/wp-json\/wp\/v2\/media?parent=17320"}],"curies":[{"name":"wp","href":"https:\/\/api.w.org\/{rel}","templated":true}]}}