{"id":17352,"date":"2021-07-14T15:14:17","date_gmt":"2021-07-14T15:14:17","guid":{"rendered":"https:\/\/www.visitsoglianoalrubicone.it\/monsignore-pietro-sambi\/"},"modified":"2024-12-06T10:10:42","modified_gmt":"2024-12-06T10:10:42","slug":"monsignore-pietro-sambi","status":"publish","type":"page","link":"https:\/\/www.visitsoglianoalrubicone.it\/de\/sogliano-entdecken\/kunst-kultur-und-kunsthandwerk\/geschichte-und-illustre-persoenlichkeiten\/illustre-persoenlichkeiten\/monsignore-pietro-sambi\/","title":{"rendered":"Monsignore Pietro Sambi"},"content":{"rendered":"<p>[vc_row full_width=&#8220;stretch_row_content_no_spaces&#8220;][vc_column][vc_single_image image=&#8220;17354&#8243; img_size=&#8220;1920 x 450&#8243; alignment=&#8220;center&#8220; el_class=&#8220;infotronik_banner_pagina&#8220;]\n\t\t\t<section class=\"do-normal-page-title-section\">\n\t\t\t\t<div class=\"container\">\n\t\t\t\t\t<div class=\"row uppercase\">\n\t\t\t\n\t\t\t\t\t\t<div class=\"do-page-title-wrapper\">\n\t\t\t\t\t\t\t<div class=\"do-default-page-title col-md-7 col-sm-7 col-xs-12\">\n\t\t\t\t\t\t\t\t<h2 info=22 class=\"infotronik_page_title_big\">Monsignor Pietro Sambi<\/h2>\n\t\t\t\t\t\t\t\t<p><\/p>\n\t\t\t\t\t\t\t<\/div>\n\t\t\t\n\t\t\t\t\t\t\t<div class=\"do-breadcumb\"><ul><li><a class=\"infotronik_breadcrumb_cut\" href=\"https:\/\/www.visitsoglianoalrubicone.it\/de\/sogliano-entdecken\/kunst-kultur-und-kunsthandwerk\/geschichte-und-illustre-persoenlichkeiten\/\">Geschichte und illustre Pers\u00f6nlichkeiten<\/a><\/li><li><a class=\"infotronik_breadcrumb_cut\" href=\"https:\/\/www.visitsoglianoalrubicone.it\/de\/sogliano-entdecken\/kunst-kultur-und-kunsthandwerk\/geschichte-und-illustre-persoenlichkeiten\/illustre-persoenlichkeiten\/\">Illustre Pers\u00f6nlichkeiten<\/a><\/li><\/ul><\/div>\n\t\t\t\t\t\t<\/div>\n\t\t\t\n\t\t\t\t\t<\/div>\n\t\t\t\t<\/div>\n\t\t\t<\/section>\n\t\t[vc_empty_space height=&#8220;20px&#8220;][vc_row_inner][vc_column_inner][vc_column_text]Erzbischof und Apostolischer Nuntius Geboren in Sogliano al Rubicone, wurde er 1964 in der <strong>Kirche San Paolo dell&#8217;Uso<\/strong> zum Priester geweiht. Sein erster Einsatz war in Kamerun, dann in Israel, Kuba, Algerien, Nicaragua, Belgien und Indien. Im Jahr 1985 w\u00e4hlte ihn Johannes Paul II. zum Erzbischof und ernannte ihn zum Nuntius in Burundi. Sein n\u00e4chster Auftrag war in Indonesien, bis er 1988 ins Heilige Land zur\u00fcckkehrte, wo er die historische Reise des Papstes nach Pal\u00e4stina anl\u00e4sslich des Gro\u00dfen Jubil\u00e4ums 2000 organisierte und half, die Belagerungskrise in der Geburtsbasilika zu l\u00f6sen.<br \/>\nBenedikt XVI. ernannte ihn dann zum Nuntius in den Vereinigten Staaten. W\u00e4hrend seiner intensiven Jahre der diplomatischen T\u00e4tigkeit lie\u00df er es sich nicht nehmen, einmal im Jahr in sein Haus in Sogliano al Rubicone zur\u00fcckzukehren, um im Juli eine Ruhepause einzulegen.[\/vc_column_text][vc_empty_space height=&#8220;50px&#8220;][vc_column_text]<div class=\"pt-cv-wrapper\"><div class=\"pt-cv-view pt-cv-grid pt-cv-colsys\" id=\"pt-cv-view-ebef530lxc\"><div data-id=\"pt-cv-page-1\" class=\"pt-cv-page\" data-cvc=\"2\"><div class=\"col-md-6 col-sm-12 col-xs-12 pt-cv-content-item pt-cv-1-col\" ><div class='pt-cv-ifield'><a href=\"https:\/\/www.visitsoglianoalrubicone.it\/de\/sogliano-entdecken\/kunst-kultur-und-kunsthandwerk\/kirchen-abteien-pfarreien-und-kloester\/kirche-von-san-paolo-alluso\/\" class=\"_self pt-cv-href-thumbnail pt-cv-thumb-default\" target=\"_self\" ><img width=\"1024\" height=\"768\" src=\"https:\/\/www.visitsoglianoalrubicone.it\/wp-content\/uploads\/2021\/07\/Visit-Sogliano-Scopri-Sogliano-Arte-Cultura-Artigianato-Chiese-Pievi-Abbazie-Monasteri-San-Paolo-Uso-Banner-Resized.jpg\" class=\"pt-cv-thumbnail\" alt=\"\" loading=\"lazy\" srcset=\"https:\/\/www.visitsoglianoalrubicone.it\/wp-content\/uploads\/2021\/07\/Visit-Sogliano-Scopri-Sogliano-Arte-Cultura-Artigianato-Chiese-Pievi-Abbazie-Monasteri-San-Paolo-Uso-Banner-Resized.jpg 1024w, https:\/\/www.visitsoglianoalrubicone.it\/wp-content\/uploads\/2021\/07\/Visit-Sogliano-Scopri-Sogliano-Arte-Cultura-Artigianato-Chiese-Pievi-Abbazie-Monasteri-San-Paolo-Uso-Banner-Resized-300x225.jpg 300w, https:\/\/www.visitsoglianoalrubicone.it\/wp-content\/uploads\/2021\/07\/Visit-Sogliano-Scopri-Sogliano-Arte-Cultura-Artigianato-Chiese-Pievi-Abbazie-Monasteri-San-Paolo-Uso-Banner-Resized-768x576.jpg 768w\" sizes=\"(max-width: 1024px) 100vw, 1024px\" \/><\/a>\n<h6 class=\"pt-cv-title\"><a href=\"https:\/\/www.visitsoglianoalrubicone.it\/de\/sogliano-entdecken\/kunst-kultur-und-kunsthandwerk\/kirchen-abteien-pfarreien-und-kloester\/kirche-von-san-paolo-alluso\/\" class=\"_self\" target=\"_self\" >Kirche von San Paolo all&#8217;Uso<\/a><\/h6><\/div><\/div>\n<div class=\"col-md-6 col-sm-12 col-xs-12 pt-cv-content-item pt-cv-1-col\" ><div class='pt-cv-ifield'><a href=\"https:\/\/www.visitsoglianoalrubicone.it\/de\/sogliano-entdecken\/kunst-kultur-und-kunsthandwerk\/monsignore-sambi-haus\/\" class=\"_self pt-cv-href-thumbnail pt-cv-thumb-default\" target=\"_self\" ><img width=\"1024\" height=\"768\" src=\"https:\/\/www.visitsoglianoalrubicone.it\/wp-content\/uploads\/2022\/04\/Visit-Sogliano-Scopri-Sogliano-Arte-Cultura-Artigianato-Casa-Sambi-Banner-Resized.jpg\" class=\"pt-cv-thumbnail\" alt=\"\" loading=\"lazy\" srcset=\"https:\/\/www.visitsoglianoalrubicone.it\/wp-content\/uploads\/2022\/04\/Visit-Sogliano-Scopri-Sogliano-Arte-Cultura-Artigianato-Casa-Sambi-Banner-Resized.jpg 1024w, https:\/\/www.visitsoglianoalrubicone.it\/wp-content\/uploads\/2022\/04\/Visit-Sogliano-Scopri-Sogliano-Arte-Cultura-Artigianato-Casa-Sambi-Banner-Resized-300x225.jpg 300w, https:\/\/www.visitsoglianoalrubicone.it\/wp-content\/uploads\/2022\/04\/Visit-Sogliano-Scopri-Sogliano-Arte-Cultura-Artigianato-Casa-Sambi-Banner-Resized-768x576.jpg 768w\" sizes=\"(max-width: 1024px) 100vw, 1024px\" \/><\/a>\n<h6 class=\"pt-cv-title\"><a href=\"https:\/\/www.visitsoglianoalrubicone.it\/de\/sogliano-entdecken\/kunst-kultur-und-kunsthandwerk\/monsignore-sambi-haus\/\" class=\"_self\" target=\"_self\" >Monsignore Sambi Haus<\/a><\/h6><\/div><\/div><\/div><\/div><\/div>[\/vc_column_text][vc_empty_space height=&#8220;50px&#8220;][\/vc_column_inner][\/vc_row_inner][\/vc_column][\/vc_row]<\/p>\n","protected":false},"excerpt":{"rendered":"<p>[vc_row full_width=&#8220;stretch_row_content_no_spaces&#8220;][vc_column][vc_single_image image=&#8220;17354&#8243; img_size=&#8220;1920 x 450&#8243; alignment=&#8220;center&#8220; el_class=&#8220;infotronik_banner_pagina&#8220;][vc_empty_space height=&#8220;20px&#8220;][vc_row_inner][vc_column_inner][vc_column_text]Erzbischof und Apostolischer Nuntius Geboren in Sogliano al Rubicone, wurde er 1964 in&#8230;<\/p>\n","protected":false},"author":3,"featured_media":17356,"parent":20089,"menu_order":0,"comment_status":"closed","ping_status":"closed","template":"","meta":{"loftloader_page_shortcode":""},"_links":{"self":[{"href":"https:\/\/www.visitsoglianoalrubicone.it\/de\/wp-json\/wp\/v2\/pages\/17352"}],"collection":[{"href":"https:\/\/www.visitsoglianoalrubicone.it\/de\/wp-json\/wp\/v2\/pages"}],"about":[{"href":"https:\/\/www.visitsoglianoalrubicone.it\/de\/wp-json\/wp\/v2\/types\/page"}],"author":[{"embeddable":true,"href":"https:\/\/www.visitsoglianoalrubicone.it\/de\/wp-json\/wp\/v2\/users\/3"}],"replies":[{"embeddable":true,"href":"https:\/\/www.visitsoglianoalrubicone.it\/de\/wp-json\/wp\/v2\/comments?post=17352"}],"version-history":[{"count":2,"href":"https:\/\/www.visitsoglianoalrubicone.it\/de\/wp-json\/wp\/v2\/pages\/17352\/revisions"}],"predecessor-version":[{"id":17389,"href":"https:\/\/www.visitsoglianoalrubicone.it\/de\/wp-json\/wp\/v2\/pages\/17352\/revisions\/17389"}],"up":[{"embeddable":true,"href":"https:\/\/www.visitsoglianoalrubicone.it\/de\/wp-json\/wp\/v2\/pages\/20089"}],"wp:featuredmedia":[{"embeddable":true,"href":"https:\/\/www.visitsoglianoalrubicone.it\/de\/wp-json\/wp\/v2\/media\/17356"}],"wp:attachment":[{"href":"https:\/\/www.visitsoglianoalrubicone.it\/de\/wp-json\/wp\/v2\/media?parent=17352"}],"curies":[{"name":"wp","href":"https:\/\/api.w.org\/{rel}","templated":true}]}}