{"id":17478,"date":"2021-07-12T20:28:58","date_gmt":"2021-07-12T20:28:58","guid":{"rendered":"https:\/\/www.visitsoglianoalrubicone.it\/sci-montentiffi-alto-uso\/"},"modified":"2026-04-16T13:16:55","modified_gmt":"2026-04-16T13:16:55","slug":"sci-montentiffi-alto-uso","status":"publish","type":"page","link":"https:\/\/www.visitsoglianoalrubicone.it\/de\/sogliano-entdecken\/im-herzen-der-natur\/sci-montentiffi-alto-uso\/","title":{"rendered":"SCI Montentiffi Alto Uso"},"content":{"rendered":"<p>[vc_row full_width=&#8220;stretch_row_content_no_spaces&#8220;][vc_column][vc_single_image image=&#8220;17482&#8243; img_size=&#8220;1920 x 450&#8243; alignment=&#8220;center&#8220; el_class=&#8220;infotronik_banner_pagina&#8220;]\n\t\t\t<section class=\"do-normal-page-title-section\">\n\t\t\t\t<div class=\"container\">\n\t\t\t\t\t<div class=\"row uppercase\">\n\t\t\t\n\t\t\t\t\t\t<div class=\"do-page-title-wrapper\">\n\t\t\t\t\t\t\t<div class=\"do-default-page-title col-md-7 col-sm-7 col-xs-12\">\n\t\t\t\t\t\t\t\t<h2 info=23 class=\"infotronik_page_title_big\">SIC Montetiffi Alto Uso<\/h2>\n\t\t\t\t\t\t\t\t<p><\/p>\n\t\t\t\t\t\t\t<\/div>\n\t\t\t\n\t\t\t\t\t\t\t<div class=\"do-breadcumb\"><ul><li><a class=\"infotronik_breadcrumb_cut\" href=\"https:\/\/www.visitsoglianoalrubicone.it\/de\/sogliano-entdecken\/\">SOGLIANO ENTDECKEN<\/a><\/li><li><a class=\"infotronik_breadcrumb_cut\" href=\"https:\/\/www.visitsoglianoalrubicone.it\/de\/sogliano-entdecken\/im-herzen-der-natur\/\">Im Herzen der Natur<\/a><\/li><\/ul><\/div>\n\t\t\t\t\t\t<\/div>\n\t\t\t\n\t\t\t\t\t<\/div>\n\t\t\t\t<\/div>\n\t\t\t<\/section>\n\t\t[vc_empty_space height=&#8220;20px&#8220;][vc_row_inner][vc_column_inner][vc_column_text]Das Montetiffi Alto Uso SCI ist ein gesch\u00fctztes Naturgebiet in Emilia-Romagna und von der Europ\u00e4ischen Union als Gebiet von Gemeinschaftsinteresse (SCI) anerkannt. Es ist Teil des Natura-2000-Netzwerks, eines Systems von Gebieten, die zum Schutz der Biodiversit\u00e4t gedacht sind, mit dem Ziel, nat\u00fcrliche Lebensr\u00e4ume sowie Tier- und Pflanzenarten von besonderem Wert zu sch\u00fctzen. Das Gebiet umfasst etwa 1.387 Hektar und umfasst ein h\u00fcgeliges Gebiet, das typisch f\u00fcr die Romagna-Apenninen ist, das durch nat\u00fcrliche Umgebungen gekennzeichnet ist, die noch gut erhalten und nicht sehr urbanisiert sind. Dazu geh\u00f6ren tonige Schluchten, Klippen, Schluchten, W\u00e4lder und Weiden. Diese Umweltvielfalt beg\u00fcnstigt das Vorhandensein zahlreicher Lebensr\u00e4ume, von denen einige auf europ\u00e4ischer Ebene als selten oder priorit\u00e4r gelten.    <\/p>\n<p>Die Bedeutung des Montetiffi Alto Uso SCI liegt in seiner hohen Biodiversit\u00e4t und dem Vorhandensein seltener Lebensr\u00e4ume. Der Schutz dieses Gebiets ist f\u00fcr den Erhalt der Arten und die Erhaltung des nat\u00fcrlichen Gleichgewichts unerl\u00e4sslich; er wurde auch gegr\u00fcndet, um das \u00dcberleben von Zerynthia polyxena zu sichern, auf Italienisch bekannt als Apolline oder Aristolochia-Schmetterling, ein seltener Schmetterling, der sich hier vermehrt und einen wichtigen Indikator f\u00fcr die Qualit\u00e4t der nat\u00fcrlichen Umwelt darstellt. <\/p>\n<p>Das Gebiet ist aufgrund seiner marginalen geografischen Lage und der seltenen Anthropisierung vor entstellender Ausbeutung gesch\u00fctzt und bietet aufgrund seiner morphologischen und geologischen Besonderheiten eine der am besten intakten nat\u00fcrlichen Merkmale.<\/p>\n<p>Der bekannteste naturwissenschaftliche Punkt ist das Gebiet der <strong>Marmitte dei Giganti<\/strong>, das von der &#8222;Romanischen Br\u00fccke&#8220; \u00fcberquert wird.<\/p>\n<p>Das Gebiet wird auch f\u00fcr seine bemerkenswerte Fauna und Vegetation gesch\u00e4tzt und zeichnet sich zudem durch Siedlungen mit bedeutenden historisch-architektonischen und \u00f6kologischen Besonderheiten aus, wie das Borgo di Pietra dell&#8217;Uso und die Villen von Montetiffi sowie f\u00fcr die historischen Siedlungsnotf\u00e4lle: <strong>romanische Br\u00fccke<\/strong>, <strong>Molino Tornani<\/strong>, <strong>Abtei Montetiffi<\/strong> und das angrenzende Canonica <strong>, das heute das &#8222;Venanzio Reali Museum&#8220;<\/strong> beherbergt.<\/p>\n<p>Die Vegetation ist sehr reichhaltig und umfasst W\u00e4lder aus Flaumeiche, Steineiche, Wacholder, Mannaesche und Ulme. Entlang der Wasserl\u00e4ufe gibt es auch trockene Graslandschaften und Ufergebiete, die weiter zur Biodiversit\u00e4t beitragen. <\/p>\n<p>Das Gebiet beherbergt zahlreiche Tierarten von gemeinschaftlichem Interesse. Unter den S\u00e4ugetieren sticht die Pr\u00e4senz des Apenninenwolfs hervor, ein Symbol f\u00fcr die Tierwelt der Apenninen. Es gibt auch Rehe, Wildschweine und F\u00fcchse.  <\/p>\n<p>Ebenfalls sehr wichtig ist das Vorkommen mehrerer gesch\u00fctzter Flederm\u00e4usearten, die Zuflucht in den nat\u00fcrlichen Hohlr\u00e4umen und historischen Geb\u00e4uden der Gegend finden. Zu den Greifv\u00f6geln z\u00e4hlen Greifv\u00f6gel wie der Wanderfalke sowie nachtaktive Arten wie Eulen und Schleiereulen. <\/p>\n<p>Abschlie\u00dfend stellt der Montetiffi Alto Uso SCI ein bedeutendes Beispiel f\u00fcr eine gut erhaltene nat\u00fcrliche Umgebung in den Apenninen Romagna dar. Ihr Schutz ist unerl\u00e4sslich, um die Bewahrung der Biodiversit\u00e4t zu gew\u00e4hrleisten und zuk\u00fcnftigen Generationen zu erm\u00f6glichen, dieses Naturerbe kennenzulernen und zu sch\u00e4tzen. <\/p>\n<p>Der SIC Montetiffi Alto Uso ist ein idealer Ort f\u00fcr Outdoor-Aktivit\u00e4ten wie Wandern, Mountainbiken und Reiten. Es gibt mehrere Wege, die es Ihnen erm\u00f6glichen, die Gegend zu erkunden und so nachhaltigen und umweltfreundlichen Tourismus zu f\u00f6rdern.[\/vc_column_text][vc_empty_space][\/vc_column_inner][\/vc_row_inner][vc_row_inner][vc_column_inner width=&#8220;1\/2&#8243;]\n\t\t<div class=\"do-icon-with-text-style1 appear fadeIn\" data-wow-duration=\"1s\" data-wow-delay=\"0.3s\">\n\t\t    <div class=\"do-icon-wrapper\">\n\t\t        <i class=\"fa fa-map-marker\"><\/i>\n\t\t    <\/div>\n\t\t    <p>GPS: 43.996685879324986, 12.268567470726182<\/p>\n\n\t\t<\/div>\n\t\n\t\t<div class=\"do-icon-with-text-style1 appear fadeIn\" data-wow-duration=\"1s\" data-wow-delay=\"0.3s\">\n\t\t    <div class=\"do-icon-wrapper\">\n\t\t        <i class=\"fa fa-euro\"><\/i>\n\t\t    <\/div>\n\t\t    <p>Freier Zugang.<\/p>\n\n\t\t<\/div>\n\t\n\t\t<div class=\"do-icon-with-text-style1 appear fadeIn\" data-wow-duration=\"1s\" data-wow-delay=\"0.3s\">\n\t\t    <div class=\"do-icon-wrapper\">\n\t\t        <i class=\"fa fa-automobile\"><\/i>\n\t\t    <\/div>\n\t\t    <p>Zug\u00e4nglichkeit: zu Fu\u00df, mit dem MTB, auf dem Pferder\u00fccken<\/p>\n\n\t\t<\/div>\n\t[\/vc_column_inner][vc_column_inner width=&#8220;1\/2&#8243;][vc_gmaps link=&#8220;#E-8_JTNDaWZyYW1lJTIwc3JjJTNEJTIyaHR0cHMlM0ElMkYlMkZ3d3cuZ29vZ2xlLmNvbSUyRm1hcHMlMkZlbWJlZCUzRnBiJTNEJTIxMW0xOCUyMTFtMTIlMjExbTMlMjExZDQ4MDM3LjczODAyMTkzNjk5NSUyMTJkMTIuMjM5MDI5MjIxNDUxNTA2JTIxM2Q0My45Njk3ODc2OTA0MTI1NCUyMTJtMyUyMTFmMCUyMTJmMCUyMTNmMCUyMTNtMiUyMTFpMTAyNCUyMTJpNzY4JTIxNGYxMy4xJTIxM20zJTIxMW0yJTIxMXMweDEzMmM5MGI4MDlhMWNmMTUlMjUzQTB4MjYwNzliMGQxNTlhNjVkMSUyMTJzNDcwMzAlMjUyME1vbnRldGlmZmklMjUyMEZDJTIxNWUxJTIxM20yJTIxMXNpdCUyMTJzaXQlMjE0djE2MjcyMjU5NzAyODIlMjE1bTIlMjExc2l0JTIxMnNpdCUyMiUyMHdpZHRoJTNEJTIyNjAwJTIyJTIwaGVpZ2h0JTNEJTIyNDUwJTIyJTIwc3R5bGUlM0QlMjJib3JkZXIlM0EwJTNCJTIyJTIwYWxsb3dmdWxsc2NyZWVuJTNEJTIyJTIyJTIwbG9hZGluZyUzRCUyMmxhenklMjIlM0UlM0MlMkZpZnJhbWUlM0U=&#8220;][\/vc_column_inner][\/vc_row_inner][vc_row_inner][vc_column_inner][vc_empty_space height=&#8220;50px&#8220;][vc_column_text]<style>#jtg-3648 .modula-item .jtg-social a, .lightbox-socials.jtg-social a{ color: #ffffff }#jtg-3648 .modula-item .jtg-social svg, .lightbox-socials.jtg-social svg { height: 16px; width: 16px }#jtg-3648 .modula-item .jtg-social a:not(:last-child), .lightbox-socials.jtg-social a:not(:last-child) { margin-right: 10px }#jtg-3648 .modula-item .figc {color:#ffffff;}#jtg-3648 .modula-item .modula-item-content { transform: scale(1) }#jtg-3648 { width:100%;}#jtg-3648 .modula-items .figc p.description { font-size:14px; }#jtg-3648 .modula-items .figc p.description { color:#ffffff;}#jtg-3648.modula-gallery .modula-item > a, #jtg-3648.modula-gallery .modula-item, #jtg-3648.modula-gallery .modula-item-content > a { cursor:zoom-in; } @media screen and (max-width:480px){#jtg-3648 .modula-item .figc .jtg-title {  font-size: 12px; }#jtg-3648 .modula-items .figc p.description { color:#ffffff;font-size:10px; }}<\/style>\n<!-- Gallery Container -->\n<div  id=\"jtg-3648\" class=\"modula modula-gallery modula-columns\" data-config=\"{&quot;enableTwitter&quot;:false,&quot;enableWhatsapp&quot;:false,&quot;enableFacebook&quot;:false,&quot;enablePinterest&quot;:false,&quot;enableLinkedin&quot;:false,&quot;enableEmail&quot;:false,&quot;randomFactor&quot;:0.5,&quot;type&quot;:&quot;grid&quot;,&quot;columns&quot;:12,&quot;gutter&quot;:10,&quot;mobileGutter&quot;:10,&quot;tabletGutter&quot;:10,&quot;desktopGutter&quot;:10,&quot;enableResponsive&quot;:&quot;0&quot;,&quot;tabletColumns&quot;:&quot;2&quot;,&quot;mobileColumns&quot;:&quot;1&quot;,&quot;lazyLoad&quot;:&quot;0&quot;,&quot;lightboxOpts&quot;:{&quot;loop&quot;:false,&quot;arrows&quot;:true,&quot;toolbar&quot;:true,&quot;keyboard&quot;:false,&quot;wheel&quot;:false,&quot;buttons&quot;:[&quot;close&quot;],&quot;hash&quot;:false,&quot;lang&quot;:&quot;en&quot;,&quot;touch&quot;:false,&quot;protect&quot;:false,&quot;i18n&quot;:{&quot;en&quot;:{&quot;CLOSE&quot;:&quot;Close&quot;,&quot;NEXT&quot;:&quot;Next&quot;,&quot;PREV&quot;:&quot;Previous&quot;,&quot;Error&quot;:&quot;The requested content cannot be loaded. Please try again later.&quot;,&quot;PLAY_START&quot;:&quot;Start slideshow&quot;,&quot;PLAY_STOP&quot;:&quot;Pause slideshow&quot;,&quot;FULL_SCREEN&quot;:&quot;Full screen&quot;,&quot;THUMBS&quot;:&quot;Thumbnails&quot;,&quot;DOWNLOAD&quot;:&quot;Download&quot;,&quot;SHARE&quot;:&quot;Share&quot;,&quot;ZOOM&quot;:&quot;Zoom&quot;}},&quot;clickSlide&quot;:false,&quot;clickOutside&quot;:false,&quot;dblclickContent&quot;:false,&quot;dblclickSlide&quot;:false,&quot;dblclickOutside&quot;:false,&quot;clickContent&quot;:false,&quot;baseTpl&quot;:&quot;&lt;div class=\\&quot;modula-fancybox-container modula-lightbox-jtg-3648\\&quot; role=\\&quot;dialog\\&quot; tabindex=\\&quot;-1\\&quot;&gt;&lt;div class=\\&quot;modula-fancybox-bg\\&quot;&gt;&lt;\\\/div&gt;&lt;div class=\\&quot;modula-fancybox-inner\\&quot;&gt;&lt;div class=\\&quot;modula-fancybox-infobar\\&quot;&gt;&lt;span data-fancybox-index&gt;&lt;\\\/span&gt;&nbsp;\\\/&nbsp;&lt;span data-fancybox-count&gt;&lt;\\\/span&gt;&lt;\\\/div&gt;&lt;div class=\\&quot;modula-fancybox-toolbar\\&quot;&gt;{{buttons}}&lt;\\\/div&gt;&lt;div class=\\&quot;modula-fancybox-navigation\\&quot;&gt;{{arrows}}&lt;\\\/div&gt;&lt;div class=\\&quot;modula-fancybox-stage\\&quot;&gt;&lt;\\\/div&gt;&lt;div class=\\&quot;modula-fancybox-caption\\&quot;&gt;&lt;div class=\\&quot;modula-fancybox-caption__body\\&quot;&gt;&lt;\\\/div&gt;&lt;\\\/div&gt;&lt;\\\/div&gt;&lt;\\\/div&gt;&quot;},&quot;inView&quot;:false,&quot;email_subject&quot;:&quot;Check out this awesome image !!&quot;,&quot;email_message&quot;:&quot;Here is the link to the image : %%image_link%% and this is the link to the gallery : %%gallery_link%%&quot;,&quot;grid_type&quot;:&quot;automatic&quot;,&quot;rowHeight&quot;:150,&quot;lastRow&quot;:&quot;justify&quot;,&quot;lightbox&quot;:&quot;fancybox&quot;}\">\n\n\t\n\t<!-- Items Container -->\n\t<div  class=\"modula-items grid-gallery\">\n\t\t<div class=\"modula-item effect-pufrobo\" >\n\t<div class=\"modula-item-overlay\"><\/div>\n\n\t<div class=\"modula-item-content\">\n\n\t\t\t\t\n\t\t\t\t\t<a data-image-id=\"3649\" href=\"https:\/\/www.visitsoglianoalrubicone.it\/wp-content\/uploads\/2021\/07\/visit-sogliano-al-rubicone-scopri-sogliano-nel-cuore-della-natura-sic-montetiffi-alto-uso-1-1.jpg\" rel=\"jtg-3648\" data-caption=\"\" class=\"tile-inner modula-item-link\"><\/a>\n\t\t\n\t\t<img class=\"pic\"  data-valign=\"middle\" data-halign=\"center\" alt=\"\" data-full=\"https:\/\/www.visitsoglianoalrubicone.it\/wp-content\/uploads\/2021\/07\/visit-sogliano-al-rubicone-scopri-sogliano-nel-cuore-della-natura-sic-montetiffi-alto-uso-1-1.jpg\" title=\"visit sogliano al rubicone - scopri sogliano - nel cuore della natura - sic montetiffi alto uso (1)\" width=\"485\" height=\"387\" src=\"https:\/\/www.visitsoglianoalrubicone.it\/wp-content\/uploads\/2021\/07\/visit-sogliano-al-rubicone-scopri-sogliano-nel-cuore-della-natura-sic-montetiffi-alto-uso-1-1.jpg\" data-src=\"https:\/\/www.visitsoglianoalrubicone.it\/wp-content\/uploads\/2021\/07\/visit-sogliano-al-rubicone-scopri-sogliano-nel-cuore-della-natura-sic-montetiffi-alto-uso-1-1.jpg\" data-caption=\"\"srcset=\"https:\/\/www.visitsoglianoalrubicone.it\/wp-content\/uploads\/2021\/07\/visit-sogliano-al-rubicone-scopri-sogliano-nel-cuore-della-natura-sic-montetiffi-alto-uso-1-1.jpg 485w, https:\/\/www.visitsoglianoalrubicone.it\/wp-content\/uploads\/2021\/07\/visit-sogliano-al-rubicone-scopri-sogliano-nel-cuore-della-natura-sic-montetiffi-alto-uso-1-1-300x239.jpg 300w\" sizes=\"(max-width: 485px) 100vw, 485px\"\" \/>\n\t\t<div class=\"figc no-description\">\n\t\t\t<div class=\"figc-inner\">\n\t\t\t\t\t\t\t\t\t\t\t\t\t\t\t<\/div>\n\t\t<\/div>\n\n\t<\/div>\n\n<\/div><div class=\"modula-item effect-pufrobo\" >\n\t<div class=\"modula-item-overlay\"><\/div>\n\n\t<div class=\"modula-item-content\">\n\n\t\t\t\t\n\t\t\t\t\t<a data-image-id=\"3651\" href=\"https:\/\/www.visitsoglianoalrubicone.it\/wp-content\/uploads\/2021\/07\/visit-sogliano-al-rubicone-scopri-sogliano-nel-cuore-della-natura-sic-montetiffi-alto-uso-2.jpg\" rel=\"jtg-3648\" data-caption=\"\" class=\"tile-inner modula-item-link\"><\/a>\n\t\t\n\t\t<img class=\"pic\"  data-valign=\"middle\" data-halign=\"center\" alt=\"\" data-full=\"https:\/\/www.visitsoglianoalrubicone.it\/wp-content\/uploads\/2021\/07\/visit-sogliano-al-rubicone-scopri-sogliano-nel-cuore-della-natura-sic-montetiffi-alto-uso-2.jpg\" title=\"visit sogliano al rubicone - scopri sogliano - nel cuore della natura - sic montetiffi alto uso (2)\" width=\"928\" height=\"1024\" src=\"https:\/\/www.visitsoglianoalrubicone.it\/wp-content\/uploads\/2021\/07\/visit-sogliano-al-rubicone-scopri-sogliano-nel-cuore-della-natura-sic-montetiffi-alto-uso-2-928x1024.jpg\" data-src=\"https:\/\/www.visitsoglianoalrubicone.it\/wp-content\/uploads\/2021\/07\/visit-sogliano-al-rubicone-scopri-sogliano-nel-cuore-della-natura-sic-montetiffi-alto-uso-2-928x1024.jpg\" data-caption=\"\"srcset=\"https:\/\/www.visitsoglianoalrubicone.it\/wp-content\/uploads\/2021\/07\/visit-sogliano-al-rubicone-scopri-sogliano-nel-cuore-della-natura-sic-montetiffi-alto-uso-2-928x1024.jpg 928w, https:\/\/www.visitsoglianoalrubicone.it\/wp-content\/uploads\/2021\/07\/visit-sogliano-al-rubicone-scopri-sogliano-nel-cuore-della-natura-sic-montetiffi-alto-uso-2-272x300.jpg 272w, https:\/\/www.visitsoglianoalrubicone.it\/wp-content\/uploads\/2021\/07\/visit-sogliano-al-rubicone-scopri-sogliano-nel-cuore-della-natura-sic-montetiffi-alto-uso-2-768x848.jpg 768w, https:\/\/www.visitsoglianoalrubicone.it\/wp-content\/uploads\/2021\/07\/visit-sogliano-al-rubicone-scopri-sogliano-nel-cuore-della-natura-sic-montetiffi-alto-uso-2.jpg 1339w\" sizes=\"(max-width: 928px) 100vw, 928px\"\" \/>\n\t\t<div class=\"figc no-description\">\n\t\t\t<div class=\"figc-inner\">\n\t\t\t\t\t\t\t\t\t\t\t\t\t\t\t<\/div>\n\t\t<\/div>\n\n\t<\/div>\n\n<\/div><div class=\"modula-item effect-pufrobo\" >\n\t<div class=\"modula-item-overlay\"><\/div>\n\n\t<div class=\"modula-item-content\">\n\n\t\t\t\t\n\t\t\t\t\t<a data-image-id=\"3652\" href=\"https:\/\/www.visitsoglianoalrubicone.it\/wp-content\/uploads\/2021\/07\/visit-sogliano-al-rubicone-scopri-sogliano-nel-cuore-della-natura-sic-montetiffi-alto-uso-3.jpg\" rel=\"jtg-3648\" data-caption=\"\" class=\"tile-inner modula-item-link\"><\/a>\n\t\t\n\t\t<img class=\"pic\"  data-valign=\"middle\" data-halign=\"center\" alt=\"\" data-full=\"https:\/\/www.visitsoglianoalrubicone.it\/wp-content\/uploads\/2021\/07\/visit-sogliano-al-rubicone-scopri-sogliano-nel-cuore-della-natura-sic-montetiffi-alto-uso-3.jpg\" title=\"visit sogliano al rubicone - scopri sogliano - nel cuore della natura - sic montetiffi alto uso (3)\" width=\"1024\" height=\"768\" src=\"https:\/\/www.visitsoglianoalrubicone.it\/wp-content\/uploads\/2021\/07\/visit-sogliano-al-rubicone-scopri-sogliano-nel-cuore-della-natura-sic-montetiffi-alto-uso-3-1024x768.jpg\" data-src=\"https:\/\/www.visitsoglianoalrubicone.it\/wp-content\/uploads\/2021\/07\/visit-sogliano-al-rubicone-scopri-sogliano-nel-cuore-della-natura-sic-montetiffi-alto-uso-3-1024x768.jpg\" data-caption=\"\"srcset=\"https:\/\/www.visitsoglianoalrubicone.it\/wp-content\/uploads\/2021\/07\/visit-sogliano-al-rubicone-scopri-sogliano-nel-cuore-della-natura-sic-montetiffi-alto-uso-3-1024x768.jpg 1024w, https:\/\/www.visitsoglianoalrubicone.it\/wp-content\/uploads\/2021\/07\/visit-sogliano-al-rubicone-scopri-sogliano-nel-cuore-della-natura-sic-montetiffi-alto-uso-3-300x225.jpg 300w, https:\/\/www.visitsoglianoalrubicone.it\/wp-content\/uploads\/2021\/07\/visit-sogliano-al-rubicone-scopri-sogliano-nel-cuore-della-natura-sic-montetiffi-alto-uso-3-768x576.jpg 768w, https:\/\/www.visitsoglianoalrubicone.it\/wp-content\/uploads\/2021\/07\/visit-sogliano-al-rubicone-scopri-sogliano-nel-cuore-della-natura-sic-montetiffi-alto-uso-3-1536x1152.jpg 1536w, https:\/\/www.visitsoglianoalrubicone.it\/wp-content\/uploads\/2021\/07\/visit-sogliano-al-rubicone-scopri-sogliano-nel-cuore-della-natura-sic-montetiffi-alto-uso-3-2048x1536.jpg 2048w\" sizes=\"(max-width: 1024px) 100vw, 1024px\"\" \/>\n\t\t<div class=\"figc no-description\">\n\t\t\t<div class=\"figc-inner\">\n\t\t\t\t\t\t\t\t\t\t\t\t\t\t\t<\/div>\n\t\t<\/div>\n\n\t<\/div>\n\n<\/div><div class=\"modula-item effect-pufrobo\" >\n\t<div class=\"modula-item-overlay\"><\/div>\n\n\t<div class=\"modula-item-content\">\n\n\t\t\t\t\n\t\t\t\t\t<a data-image-id=\"3653\" href=\"https:\/\/www.visitsoglianoalrubicone.it\/wp-content\/uploads\/2021\/07\/visit-sogliano-al-rubicone-scopri-sogliano-nel-cuore-della-natura-sic-montetiffi-alto-uso-4-scaled.jpg\" rel=\"jtg-3648\" data-caption=\"\" class=\"tile-inner modula-item-link\"><\/a>\n\t\t\n\t\t<img class=\"pic\"  data-valign=\"middle\" data-halign=\"center\" alt=\"\" data-full=\"https:\/\/www.visitsoglianoalrubicone.it\/wp-content\/uploads\/2021\/07\/visit-sogliano-al-rubicone-scopri-sogliano-nel-cuore-della-natura-sic-montetiffi-alto-uso-4.jpg\" title=\"visit sogliano al rubicone - scopri sogliano - nel cuore della natura - sic montetiffi alto uso (4)\" width=\"1024\" height=\"685\" src=\"https:\/\/www.visitsoglianoalrubicone.it\/wp-content\/uploads\/2021\/07\/visit-sogliano-al-rubicone-scopri-sogliano-nel-cuore-della-natura-sic-montetiffi-alto-uso-4-1024x685.jpg\" data-src=\"https:\/\/www.visitsoglianoalrubicone.it\/wp-content\/uploads\/2021\/07\/visit-sogliano-al-rubicone-scopri-sogliano-nel-cuore-della-natura-sic-montetiffi-alto-uso-4-1024x685.jpg\" data-caption=\"\"srcset=\"https:\/\/www.visitsoglianoalrubicone.it\/wp-content\/uploads\/2021\/07\/visit-sogliano-al-rubicone-scopri-sogliano-nel-cuore-della-natura-sic-montetiffi-alto-uso-4-scaled-1024x685.jpg 1024w, https:\/\/www.visitsoglianoalrubicone.it\/wp-content\/uploads\/2021\/07\/visit-sogliano-al-rubicone-scopri-sogliano-nel-cuore-della-natura-sic-montetiffi-alto-uso-4-300x201.jpg 300w, https:\/\/www.visitsoglianoalrubicone.it\/wp-content\/uploads\/2021\/07\/visit-sogliano-al-rubicone-scopri-sogliano-nel-cuore-della-natura-sic-montetiffi-alto-uso-4-768x514.jpg 768w, https:\/\/www.visitsoglianoalrubicone.it\/wp-content\/uploads\/2021\/07\/visit-sogliano-al-rubicone-scopri-sogliano-nel-cuore-della-natura-sic-montetiffi-alto-uso-4-1536x1028.jpg 1536w, https:\/\/www.visitsoglianoalrubicone.it\/wp-content\/uploads\/2021\/07\/visit-sogliano-al-rubicone-scopri-sogliano-nel-cuore-della-natura-sic-montetiffi-alto-uso-4-2048x1371.jpg 2048w\" sizes=\"(max-width: 1024px) 100vw, 1024px\"\" \/>\n\t\t<div class=\"figc no-description\">\n\t\t\t<div class=\"figc-inner\">\n\t\t\t\t\t\t\t\t\t\t\t\t\t\t\t<\/div>\n\t\t<\/div>\n\n\t<\/div>\n\n<\/div><div class=\"modula-item effect-pufrobo\" >\n\t<div class=\"modula-item-overlay\"><\/div>\n\n\t<div class=\"modula-item-content\">\n\n\t\t\t\t\n\t\t\t\t\t<a data-image-id=\"3654\" href=\"https:\/\/www.visitsoglianoalrubicone.it\/wp-content\/uploads\/2021\/07\/visit-sogliano-al-rubicone-scopri-sogliano-nel-cuore-della-natura-sic-montetiffi-alto-uso-5.jpg\" rel=\"jtg-3648\" data-caption=\"\" class=\"tile-inner modula-item-link\"><\/a>\n\t\t\n\t\t<img class=\"pic\"  data-valign=\"middle\" data-halign=\"center\" alt=\"\" data-full=\"https:\/\/www.visitsoglianoalrubicone.it\/wp-content\/uploads\/2021\/07\/visit-sogliano-al-rubicone-scopri-sogliano-nel-cuore-della-natura-sic-montetiffi-alto-uso-5.jpg\" title=\"visit sogliano al rubicone - scopri sogliano - nel cuore della natura - sic montetiffi alto uso (5)\" width=\"1024\" height=\"686\" src=\"https:\/\/www.visitsoglianoalrubicone.it\/wp-content\/uploads\/2021\/07\/visit-sogliano-al-rubicone-scopri-sogliano-nel-cuore-della-natura-sic-montetiffi-alto-uso-5-1024x686.jpg\" data-src=\"https:\/\/www.visitsoglianoalrubicone.it\/wp-content\/uploads\/2021\/07\/visit-sogliano-al-rubicone-scopri-sogliano-nel-cuore-della-natura-sic-montetiffi-alto-uso-5-1024x686.jpg\" data-caption=\"\"srcset=\"https:\/\/www.visitsoglianoalrubicone.it\/wp-content\/uploads\/2021\/07\/visit-sogliano-al-rubicone-scopri-sogliano-nel-cuore-della-natura-sic-montetiffi-alto-uso-5-1024x686.jpg 1024w, https:\/\/www.visitsoglianoalrubicone.it\/wp-content\/uploads\/2021\/07\/visit-sogliano-al-rubicone-scopri-sogliano-nel-cuore-della-natura-sic-montetiffi-alto-uso-5-300x201.jpg 300w, https:\/\/www.visitsoglianoalrubicone.it\/wp-content\/uploads\/2021\/07\/visit-sogliano-al-rubicone-scopri-sogliano-nel-cuore-della-natura-sic-montetiffi-alto-uso-5-768x515.jpg 768w, https:\/\/www.visitsoglianoalrubicone.it\/wp-content\/uploads\/2021\/07\/visit-sogliano-al-rubicone-scopri-sogliano-nel-cuore-della-natura-sic-montetiffi-alto-uso-5-1536x1030.jpg 1536w, https:\/\/www.visitsoglianoalrubicone.it\/wp-content\/uploads\/2021\/07\/visit-sogliano-al-rubicone-scopri-sogliano-nel-cuore-della-natura-sic-montetiffi-alto-uso-5.jpg 1920w\" sizes=\"(max-width: 1024px) 100vw, 1024px\"\" \/>\n\t\t<div class=\"figc no-description\">\n\t\t\t<div class=\"figc-inner\">\n\t\t\t\t\t\t\t\t\t\t\t\t\t\t\t<\/div>\n\t\t<\/div>\n\n\t<\/div>\n\n<\/div><div class=\"modula-item effect-pufrobo\" >\n\t<div class=\"modula-item-overlay\"><\/div>\n\n\t<div class=\"modula-item-content\">\n\n\t\t\t\t\n\t\t\t\t\t<a data-image-id=\"3655\" href=\"https:\/\/www.visitsoglianoalrubicone.it\/wp-content\/uploads\/2021\/07\/visit-sogliano-al-rubicone-scopri-sogliano-nel-cuore-della-natura-sic-montetiffi-alto-uso-6.jpg\" rel=\"jtg-3648\" data-caption=\"\" class=\"tile-inner modula-item-link\"><\/a>\n\t\t\n\t\t<img class=\"pic\"  data-valign=\"middle\" data-halign=\"center\" alt=\"\" data-full=\"https:\/\/www.visitsoglianoalrubicone.it\/wp-content\/uploads\/2021\/07\/visit-sogliano-al-rubicone-scopri-sogliano-nel-cuore-della-natura-sic-montetiffi-alto-uso-6.jpg\" title=\"visit sogliano al rubicone - scopri sogliano - nel cuore della natura - sic montetiffi alto uso (6)\" width=\"1024\" height=\"685\" src=\"https:\/\/www.visitsoglianoalrubicone.it\/wp-content\/uploads\/2021\/07\/visit-sogliano-al-rubicone-scopri-sogliano-nel-cuore-della-natura-sic-montetiffi-alto-uso-6-1024x685.jpg\" data-src=\"https:\/\/www.visitsoglianoalrubicone.it\/wp-content\/uploads\/2021\/07\/visit-sogliano-al-rubicone-scopri-sogliano-nel-cuore-della-natura-sic-montetiffi-alto-uso-6-1024x685.jpg\" data-caption=\"\"srcset=\"https:\/\/www.visitsoglianoalrubicone.it\/wp-content\/uploads\/2021\/07\/visit-sogliano-al-rubicone-scopri-sogliano-nel-cuore-della-natura-sic-montetiffi-alto-uso-6-1024x685.jpg 1024w, https:\/\/www.visitsoglianoalrubicone.it\/wp-content\/uploads\/2021\/07\/visit-sogliano-al-rubicone-scopri-sogliano-nel-cuore-della-natura-sic-montetiffi-alto-uso-6-300x201.jpg 300w, https:\/\/www.visitsoglianoalrubicone.it\/wp-content\/uploads\/2021\/07\/visit-sogliano-al-rubicone-scopri-sogliano-nel-cuore-della-natura-sic-montetiffi-alto-uso-6-768x514.jpg 768w, https:\/\/www.visitsoglianoalrubicone.it\/wp-content\/uploads\/2021\/07\/visit-sogliano-al-rubicone-scopri-sogliano-nel-cuore-della-natura-sic-montetiffi-alto-uso-6-1536x1028.jpg 1536w, https:\/\/www.visitsoglianoalrubicone.it\/wp-content\/uploads\/2021\/07\/visit-sogliano-al-rubicone-scopri-sogliano-nel-cuore-della-natura-sic-montetiffi-alto-uso-6.jpg 1787w\" sizes=\"(max-width: 1024px) 100vw, 1024px\"\" \/>\n\t\t<div class=\"figc no-description\">\n\t\t\t<div class=\"figc-inner\">\n\t\t\t\t\t\t\t\t\t\t\t\t\t\t\t<\/div>\n\t\t<\/div>\n\n\t<\/div>\n\n<\/div>\t\t\n\t<\/div>\n\n\t\n\t\n\t<script type=\"application\/ld+json\">\n\t{\n\t\t\"@context\": \"http:\/\/schema.org\",\n\t\t\"@type\"   : \"ImageGallery\",\n\t\t\"id\"      : \"https:\/\/www.visitsoglianoalrubicone.it\/de\/wp-json\/wp\/v2\/pages\/17478\/\",\n\t\t\"url\"     : \"https:\/\/www.visitsoglianoalrubicone.it\/de\/wp-json\/wp\/v2\/pages\/17478\/\"\n\t}\n\n    <\/script>\n\n\t\n<\/div>[\/vc_column_text][vc_empty_space height=&#8220;50px&#8220;][\/vc_column_inner][\/vc_row_inner][\/vc_column][\/vc_row]<\/p>\n","protected":false},"excerpt":{"rendered":"<p>[vc_row full_width=&#8220;stretch_row_content_no_spaces&#8220;][vc_column][vc_single_image image=&#8220;17482&#8243; img_size=&#8220;1920 x 450&#8243; alignment=&#8220;center&#8220; el_class=&#8220;infotronik_banner_pagina&#8220;][vc_empty_space height=&#8220;20px&#8220;][vc_row_inner][vc_column_inner][vc_column_text]Das Montetiffi Alto Uso SCI ist ein gesch\u00fctztes Naturgebiet in Emilia-Romagna und von&#8230;<\/p>\n","protected":false},"author":3,"featured_media":17483,"parent":20271,"menu_order":0,"comment_status":"closed","ping_status":"closed","template":"","meta":{"loftloader_page_shortcode":""},"_links":{"self":[{"href":"https:\/\/www.visitsoglianoalrubicone.it\/de\/wp-json\/wp\/v2\/pages\/17478"}],"collection":[{"href":"https:\/\/www.visitsoglianoalrubicone.it\/de\/wp-json\/wp\/v2\/pages"}],"about":[{"href":"https:\/\/www.visitsoglianoalrubicone.it\/de\/wp-json\/wp\/v2\/types\/page"}],"author":[{"embeddable":true,"href":"https:\/\/www.visitsoglianoalrubicone.it\/de\/wp-json\/wp\/v2\/users\/3"}],"replies":[{"embeddable":true,"href":"https:\/\/www.visitsoglianoalrubicone.it\/de\/wp-json\/wp\/v2\/comments?post=17478"}],"version-history":[{"count":15,"href":"https:\/\/www.visitsoglianoalrubicone.it\/de\/wp-json\/wp\/v2\/pages\/17478\/revisions"}],"predecessor-version":[{"id":39629,"href":"https:\/\/www.visitsoglianoalrubicone.it\/de\/wp-json\/wp\/v2\/pages\/17478\/revisions\/39629"}],"up":[{"embeddable":true,"href":"https:\/\/www.visitsoglianoalrubicone.it\/de\/wp-json\/wp\/v2\/pages\/20271"}],"wp:featuredmedia":[{"embeddable":true,"href":"https:\/\/www.visitsoglianoalrubicone.it\/de\/wp-json\/wp\/v2\/media\/17483"}],"wp:attachment":[{"href":"https:\/\/www.visitsoglianoalrubicone.it\/de\/wp-json\/wp\/v2\/media?parent=17478"}],"curies":[{"name":"wp","href":"https:\/\/api.w.org\/{rel}","templated":true}]}}