{"id":17509,"date":"2021-07-12T19:59:27","date_gmt":"2021-07-12T19:59:27","guid":{"rendered":"https:\/\/www.visitsoglianoalrubicone.it\/calanques\/"},"modified":"2024-12-06T10:11:47","modified_gmt":"2024-12-06T10:11:47","slug":"calanques","status":"publish","type":"page","link":"https:\/\/www.visitsoglianoalrubicone.it\/de\/sogliano-entdecken\/im-herzen-der-natur\/calanques\/","title":{"rendered":"Calanques"},"content":{"rendered":"<p>[vc_row full_width=&#8220;stretch_row_content_no_spaces&#8220;][vc_column][vc_single_image image=&#8220;17510&#8243; img_size=&#8220;1920 x 450&#8243; alignment=&#8220;center&#8220; el_class=&#8220;infotronik_banner_pagina&#8220;]\n\t\t\t<section class=\"do-normal-page-title-section\">\n\t\t\t\t<div class=\"container\">\n\t\t\t\t\t<div class=\"row uppercase\">\n\t\t\t\n\t\t\t\t\t\t<div class=\"do-page-title-wrapper\">\n\t\t\t\t\t\t\t<div class=\"do-default-page-title col-md-7 col-sm-7 col-xs-12\">\n\t\t\t\t\t\t\t\t<h2 info=8 class=\"infotronik_page_title_big\">Calanchi<\/h2>\n\t\t\t\t\t\t\t\t<p><\/p>\n\t\t\t\t\t\t\t<\/div>\n\t\t\t\n\t\t\t\t\t\t\t<div class=\"do-breadcumb\"><ul><li><a class=\"infotronik_breadcrumb_cut\" href=\"https:\/\/www.visitsoglianoalrubicone.it\/de\/sogliano-entdecken\/\">SOGLIANO ENTDECKEN<\/a><\/li><li><a class=\"infotronik_breadcrumb_cut\" href=\"https:\/\/www.visitsoglianoalrubicone.it\/de\/sogliano-entdecken\/im-herzen-der-natur\/\">Im Herzen der Natur<\/a><\/li><\/ul><\/div>\n\t\t\t\t\t\t<\/div>\n\t\t\t\n\t\t\t\t\t<\/div>\n\t\t\t\t<\/div>\n\t\t\t<\/section>\n\t\t[vc_empty_space height=&#8220;20px&#8220;][vc_row_inner][vc_column_inner][vc_column_text]Unser Gebiet ist \u00fcbers\u00e4t mit seltenen Formationen, die als Calanchi (Rinnen) bekannt sind. Dabei handelt es sich um Ablagerungen von alten Meeresb\u00f6den, die von Bivio Montegelli, S. Maria Riopetra, Strigara, von Bagnolo bis Sogliano und bis Montepetra bewundert werden k\u00f6nnen.<\/p>\n<p>Insbesondere auf der Strecke von Bivio Montegelli bis zum Hauptort gibt es die typischen geomorphologischen Formationen, die durch die Erosion des abflie\u00dfenden Wassers in pelitischen oder mergeligen Lehmb\u00f6den mit wenig Vegetation entstanden sind. Eine Schlucht, die man zu Fu\u00df, mit dem Fahrrad oder zu Pferd \u00fcberqueren kann, ist der &#8222;Passo dei Meloni&#8220;, von dem aus man einen 360\u00b0-Panoramablick \u00fcber die adriatische Riviera und den Apennin genie\u00dfen kann.[\/vc_column_text][vc_empty_space][\/vc_column_inner][\/vc_row_inner][vc_row_inner][vc_column_inner width=&#8220;1\/2&#8243;]\n\t\t<div class=\"do-icon-with-text-style1 appear fadeIn\" data-wow-duration=\"1s\" data-wow-delay=\"0.3s\">\n\t\t    <div class=\"do-icon-wrapper\">\n\t\t        <i class=\"fa fa-map-marker\"><\/i>\n\t\t    <\/div>\n\t\t    <p>\nGPS: 43.996685879324986, 12.268567470726182 (Passo dei Meloni) Die \u00fcbrigen Rinnen sind von normalen Stra\u00dfen aus sichtbar.<\/p>\n\n\t\t<\/div>\n\t[\/vc_column_inner][vc_column_inner width=&#8220;1\/2&#8243;]\n\t\t<div class=\"do-icon-with-text-style1 appear fadeIn\" data-wow-duration=\"1s\" data-wow-delay=\"0.3s\">\n\t\t    <div class=\"do-icon-wrapper\">\n\t\t        <i class=\"fa fa-euro\"><\/i>\n\t\t    <\/div>\n\t\t    <p>Freier Zugang.<\/p>\n\n\t\t<\/div>\n\t\n\t\t<div class=\"do-icon-with-text-style1 appear fadeIn\" data-wow-duration=\"1s\" data-wow-delay=\"0.3s\">\n\t\t    <div class=\"do-icon-wrapper\">\n\t\t        <i class=\"fa fa-automobile\"><\/i>\n\t\t    <\/div>\n\t\t    <p>Autos<\/p>\n\n\t\t<\/div>\n\t[\/vc_column_inner][\/vc_row_inner][vc_row_inner][vc_column_inner][vc_empty_space height=&#8220;20px&#8220;][vc_gmaps link=&#8220;#E-8_JTNDaWZyYW1lJTIwc3JjJTNEJTIyaHR0cHMlM0ElMkYlMkZ3d3cuZ29vZ2xlLmNvbSUyRm1hcHMlMkZlbWJlZCUzRnBiJTNEJTIxMW0xNiUyMTFtMTIlMjExbTMlMjExZDY3OTYzLjMxNzExMzIwMDY4JTIxMmQxMi4xNjM0OTY0ODQzODA2MDUlMjEzZDQzLjk2NTc4OTYzMzc4MTQ3NiUyMTJtMyUyMTFmMCUyMTJmMCUyMTNmMCUyMTNtMiUyMTFpMTAyNCUyMTJpNzY4JTIxNGYxMy4xJTIxMm0xJTIxMXNjYWxhbmNoaSUyNTIwc29nbGlhbm8lMjE1ZTElMjEzbTIlMjExc2l0JTIxMnNpdCUyMTR2MTYzMTQ1NjY4MTIyMCUyMTVtMiUyMTFzaXQlMjEyc2l0JTIyJTIwd2lkdGglM0QlMjI2MDAlMjIlMjBoZWlnaHQlM0QlMjI0NTAlMjIlMjBzdHlsZSUzRCUyMmJvcmRlciUzQTAlM0IlMjIlMjBhbGxvd2Z1bGxzY3JlZW4lM0QlMjIlMjIlMjBsb2FkaW5nJTNEJTIybGF6eSUyMiUzRSUzQyUyRmlmcmFtZSUzRQ==&#8220;][vc_empty_space height=&#8220;50px&#8220;][vc_column_text]<style>#jtg-3637 .modula-item .jtg-social a, .lightbox-socials.jtg-social a{ color: #ffffff }#jtg-3637 .modula-item .jtg-social svg, .lightbox-socials.jtg-social svg { height: 16px; width: 16px }#jtg-3637 .modula-item .jtg-social a:not(:last-child), .lightbox-socials.jtg-social a:not(:last-child) { margin-right: 10px }#jtg-3637 .modula-item .figc {color:#ffffff;}#jtg-3637 .modula-item .modula-item-content { transform: scale(1) }#jtg-3637 { width:100%;}#jtg-3637 .modula-items .figc p.description { font-size:14px; }#jtg-3637 .modula-items .figc p.description { color:#ffffff;}#jtg-3637.modula-gallery .modula-item > a, #jtg-3637.modula-gallery .modula-item, #jtg-3637.modula-gallery .modula-item-content > a { cursor:zoom-in; } @media screen and (max-width:480px){#jtg-3637 .modula-item .figc .jtg-title {  font-size: 12px; }#jtg-3637 .modula-items .figc p.description { color:#ffffff;font-size:10px; }}<\/style>\n<!-- Gallery Container -->\n<div  id=\"jtg-3637\" class=\"modula modula-gallery modula-columns\" data-config=\"{&quot;enableTwitter&quot;:false,&quot;enableWhatsapp&quot;:false,&quot;enableFacebook&quot;:false,&quot;enablePinterest&quot;:false,&quot;enableLinkedin&quot;:false,&quot;enableEmail&quot;:false,&quot;randomFactor&quot;:0.5,&quot;type&quot;:&quot;grid&quot;,&quot;columns&quot;:12,&quot;gutter&quot;:10,&quot;mobileGutter&quot;:10,&quot;tabletGutter&quot;:10,&quot;desktopGutter&quot;:10,&quot;enableResponsive&quot;:&quot;0&quot;,&quot;tabletColumns&quot;:&quot;2&quot;,&quot;mobileColumns&quot;:&quot;1&quot;,&quot;lazyLoad&quot;:&quot;0&quot;,&quot;lightboxOpts&quot;:{&quot;loop&quot;:false,&quot;arrows&quot;:true,&quot;toolbar&quot;:true,&quot;keyboard&quot;:false,&quot;wheel&quot;:false,&quot;buttons&quot;:[&quot;close&quot;],&quot;hash&quot;:false,&quot;lang&quot;:&quot;en&quot;,&quot;touch&quot;:false,&quot;protect&quot;:false,&quot;i18n&quot;:{&quot;en&quot;:{&quot;CLOSE&quot;:&quot;Close&quot;,&quot;NEXT&quot;:&quot;Next&quot;,&quot;PREV&quot;:&quot;Previous&quot;,&quot;Error&quot;:&quot;The requested content cannot be loaded. Please try again later.&quot;,&quot;PLAY_START&quot;:&quot;Start slideshow&quot;,&quot;PLAY_STOP&quot;:&quot;Pause slideshow&quot;,&quot;FULL_SCREEN&quot;:&quot;Full screen&quot;,&quot;THUMBS&quot;:&quot;Thumbnails&quot;,&quot;DOWNLOAD&quot;:&quot;Download&quot;,&quot;SHARE&quot;:&quot;Share&quot;,&quot;ZOOM&quot;:&quot;Zoom&quot;}},&quot;clickSlide&quot;:false,&quot;clickOutside&quot;:false,&quot;dblclickContent&quot;:false,&quot;dblclickSlide&quot;:false,&quot;dblclickOutside&quot;:false,&quot;clickContent&quot;:false,&quot;baseTpl&quot;:&quot;&lt;div class=\\&quot;modula-fancybox-container modula-lightbox-jtg-3637\\&quot; role=\\&quot;dialog\\&quot; tabindex=\\&quot;-1\\&quot;&gt;&lt;div class=\\&quot;modula-fancybox-bg\\&quot;&gt;&lt;\\\/div&gt;&lt;div class=\\&quot;modula-fancybox-inner\\&quot;&gt;&lt;div class=\\&quot;modula-fancybox-infobar\\&quot;&gt;&lt;span data-fancybox-index&gt;&lt;\\\/span&gt;&nbsp;\\\/&nbsp;&lt;span data-fancybox-count&gt;&lt;\\\/span&gt;&lt;\\\/div&gt;&lt;div class=\\&quot;modula-fancybox-toolbar\\&quot;&gt;{{buttons}}&lt;\\\/div&gt;&lt;div class=\\&quot;modula-fancybox-navigation\\&quot;&gt;{{arrows}}&lt;\\\/div&gt;&lt;div class=\\&quot;modula-fancybox-stage\\&quot;&gt;&lt;\\\/div&gt;&lt;div class=\\&quot;modula-fancybox-caption\\&quot;&gt;&lt;div class=\\&quot;modula-fancybox-caption__body\\&quot;&gt;&lt;\\\/div&gt;&lt;\\\/div&gt;&lt;\\\/div&gt;&lt;\\\/div&gt;&quot;},&quot;inView&quot;:false,&quot;email_subject&quot;:&quot;Check out this awesome image !!&quot;,&quot;email_message&quot;:&quot;Here is the link to the image : %%image_link%% and this is the link to the gallery : %%gallery_link%%&quot;,&quot;grid_type&quot;:&quot;automatic&quot;,&quot;rowHeight&quot;:150,&quot;lastRow&quot;:&quot;justify&quot;,&quot;lightbox&quot;:&quot;fancybox&quot;}\">\n\n\t\n\t<!-- Items Container -->\n\t<div  class=\"modula-items grid-gallery\">\n\t\t<div class=\"modula-item effect-pufrobo\" >\n\t<div class=\"modula-item-overlay\"><\/div>\n\n\t<div class=\"modula-item-content\">\n\n\t\t\t\t\n\t\t\t\t\t<a data-image-id=\"3638\" href=\"https:\/\/www.visitsoglianoalrubicone.it\/wp-content\/uploads\/2021\/07\/visit-sogliano-al-rubicone-scopri-sogliano-nel-cuore-della-natura-calanchi-1.jpg\" rel=\"jtg-3637\" data-caption=\"\" class=\"tile-inner modula-item-link\"><\/a>\n\t\t\n\t\t<img class=\"pic\"  data-valign=\"middle\" data-halign=\"center\" alt=\"\" data-full=\"https:\/\/www.visitsoglianoalrubicone.it\/wp-content\/uploads\/2021\/07\/visit-sogliano-al-rubicone-scopri-sogliano-nel-cuore-della-natura-calanchi-1.jpg\" title=\"visit sogliano al rubicone - scopri sogliano - nel cuore della natura - calanchi (1)\" width=\"800\" height=\"600\" src=\"https:\/\/www.visitsoglianoalrubicone.it\/wp-content\/uploads\/2021\/07\/visit-sogliano-al-rubicone-scopri-sogliano-nel-cuore-della-natura-calanchi-1.jpg\" data-src=\"https:\/\/www.visitsoglianoalrubicone.it\/wp-content\/uploads\/2021\/07\/visit-sogliano-al-rubicone-scopri-sogliano-nel-cuore-della-natura-calanchi-1.jpg\" data-caption=\"\"srcset=\"https:\/\/www.visitsoglianoalrubicone.it\/wp-content\/uploads\/2021\/07\/visit-sogliano-al-rubicone-scopri-sogliano-nel-cuore-della-natura-calanchi-1.jpg 800w, https:\/\/www.visitsoglianoalrubicone.it\/wp-content\/uploads\/2021\/07\/visit-sogliano-al-rubicone-scopri-sogliano-nel-cuore-della-natura-calanchi-1-300x225.jpg 300w, https:\/\/www.visitsoglianoalrubicone.it\/wp-content\/uploads\/2021\/07\/visit-sogliano-al-rubicone-scopri-sogliano-nel-cuore-della-natura-calanchi-1-768x576.jpg 768w\" sizes=\"(max-width: 800px) 100vw, 800px\"\" \/>\n\t\t<div class=\"figc no-description\">\n\t\t\t<div class=\"figc-inner\">\n\t\t\t\t\t\t\t\t\t\t\t\t\t\t\t<\/div>\n\t\t<\/div>\n\n\t<\/div>\n\n<\/div><div class=\"modula-item effect-pufrobo\" >\n\t<div class=\"modula-item-overlay\"><\/div>\n\n\t<div class=\"modula-item-content\">\n\n\t\t\t\t\n\t\t\t\t\t<a data-image-id=\"3639\" href=\"https:\/\/www.visitsoglianoalrubicone.it\/wp-content\/uploads\/2021\/07\/visit-sogliano-al-rubicone-scopri-sogliano-nel-cuore-della-natura-calanchi-2.jpg\" rel=\"jtg-3637\" data-caption=\"\" class=\"tile-inner modula-item-link\"><\/a>\n\t\t\n\t\t<img class=\"pic\"  data-valign=\"middle\" data-halign=\"center\" alt=\"\" data-full=\"https:\/\/www.visitsoglianoalrubicone.it\/wp-content\/uploads\/2021\/07\/visit-sogliano-al-rubicone-scopri-sogliano-nel-cuore-della-natura-calanchi-2.jpg\" title=\"visit sogliano al rubicone - scopri sogliano - nel cuore della natura - calanchi (2)\" width=\"1024\" height=\"768\" src=\"https:\/\/www.visitsoglianoalrubicone.it\/wp-content\/uploads\/2021\/07\/visit-sogliano-al-rubicone-scopri-sogliano-nel-cuore-della-natura-calanchi-2-1024x768.jpg\" data-src=\"https:\/\/www.visitsoglianoalrubicone.it\/wp-content\/uploads\/2021\/07\/visit-sogliano-al-rubicone-scopri-sogliano-nel-cuore-della-natura-calanchi-2-1024x768.jpg\" data-caption=\"\"srcset=\"https:\/\/www.visitsoglianoalrubicone.it\/wp-content\/uploads\/2021\/07\/visit-sogliano-al-rubicone-scopri-sogliano-nel-cuore-della-natura-calanchi-2-1024x768.jpg 1024w, https:\/\/www.visitsoglianoalrubicone.it\/wp-content\/uploads\/2021\/07\/visit-sogliano-al-rubicone-scopri-sogliano-nel-cuore-della-natura-calanchi-2-300x225.jpg 300w, https:\/\/www.visitsoglianoalrubicone.it\/wp-content\/uploads\/2021\/07\/visit-sogliano-al-rubicone-scopri-sogliano-nel-cuore-della-natura-calanchi-2-768x576.jpg 768w, https:\/\/www.visitsoglianoalrubicone.it\/wp-content\/uploads\/2021\/07\/visit-sogliano-al-rubicone-scopri-sogliano-nel-cuore-della-natura-calanchi-2-1536x1152.jpg 1536w, https:\/\/www.visitsoglianoalrubicone.it\/wp-content\/uploads\/2021\/07\/visit-sogliano-al-rubicone-scopri-sogliano-nel-cuore-della-natura-calanchi-2.jpg 2048w\" sizes=\"(max-width: 1024px) 100vw, 1024px\"\" \/>\n\t\t<div class=\"figc no-description\">\n\t\t\t<div class=\"figc-inner\">\n\t\t\t\t\t\t\t\t\t\t\t\t\t\t\t<\/div>\n\t\t<\/div>\n\n\t<\/div>\n\n<\/div>\t\t\n\t<\/div>\n\n\t\n\t\n\t<script type=\"application\/ld+json\">\n\t{\n\t\t\"@context\": \"http:\/\/schema.org\",\n\t\t\"@type\"   : \"ImageGallery\",\n\t\t\"id\"      : \"https:\/\/www.visitsoglianoalrubicone.it\/de\/wp-json\/wp\/v2\/pages\/17509\/\",\n\t\t\"url\"     : \"https:\/\/www.visitsoglianoalrubicone.it\/de\/wp-json\/wp\/v2\/pages\/17509\/\"\n\t}\n\n    <\/script>\n\n\t\n<\/div>[\/vc_column_text][vc_empty_space height=&#8220;50px&#8220;][\/vc_column_inner][\/vc_row_inner][\/vc_column][\/vc_row]<\/p>\n","protected":false},"excerpt":{"rendered":"<p>[vc_row full_width=&#8220;stretch_row_content_no_spaces&#8220;][vc_column][vc_single_image image=&#8220;17510&#8243; img_size=&#8220;1920 x 450&#8243; alignment=&#8220;center&#8220; el_class=&#8220;infotronik_banner_pagina&#8220;][vc_empty_space height=&#8220;20px&#8220;][vc_row_inner][vc_column_inner][vc_column_text]Unser Gebiet ist \u00fcbers\u00e4t mit seltenen Formationen, die als Calanchi (Rinnen) bekannt sind&#8230;.<\/p>\n","protected":false},"author":3,"featured_media":17511,"parent":20271,"menu_order":0,"comment_status":"closed","ping_status":"closed","template":"","meta":{"loftloader_page_shortcode":""},"_links":{"self":[{"href":"https:\/\/www.visitsoglianoalrubicone.it\/de\/wp-json\/wp\/v2\/pages\/17509"}],"collection":[{"href":"https:\/\/www.visitsoglianoalrubicone.it\/de\/wp-json\/wp\/v2\/pages"}],"about":[{"href":"https:\/\/www.visitsoglianoalrubicone.it\/de\/wp-json\/wp\/v2\/types\/page"}],"author":[{"embeddable":true,"href":"https:\/\/www.visitsoglianoalrubicone.it\/de\/wp-json\/wp\/v2\/users\/3"}],"replies":[{"embeddable":true,"href":"https:\/\/www.visitsoglianoalrubicone.it\/de\/wp-json\/wp\/v2\/comments?post=17509"}],"version-history":[{"count":7,"href":"https:\/\/www.visitsoglianoalrubicone.it\/de\/wp-json\/wp\/v2\/pages\/17509\/revisions"}],"predecessor-version":[{"id":17546,"href":"https:\/\/www.visitsoglianoalrubicone.it\/de\/wp-json\/wp\/v2\/pages\/17509\/revisions\/17546"}],"up":[{"embeddable":true,"href":"https:\/\/www.visitsoglianoalrubicone.it\/de\/wp-json\/wp\/v2\/pages\/20271"}],"wp:featuredmedia":[{"embeddable":true,"href":"https:\/\/www.visitsoglianoalrubicone.it\/de\/wp-json\/wp\/v2\/media\/17511"}],"wp:attachment":[{"href":"https:\/\/www.visitsoglianoalrubicone.it\/de\/wp-json\/wp\/v2\/media?parent=17509"}],"curies":[{"name":"wp","href":"https:\/\/api.w.org\/{rel}","templated":true}]}}