{"id":17843,"date":"2021-07-07T09:06:34","date_gmt":"2021-07-07T09:06:34","guid":{"rendered":"https:\/\/www.visitsoglianoalrubicone.it\/wildschwein-festival\/"},"modified":"2025-12-11T10:01:44","modified_gmt":"2025-12-11T10:01:44","slug":"wildschwein-festival","status":"publish","type":"page","link":"https:\/\/www.visitsoglianoalrubicone.it\/de\/tasten\/messen-festivals-und-maerkte\/wildschwein-festival\/","title":{"rendered":"Wildschwein-Festival"},"content":{"rendered":"<p>[vc_row full_width=&#8220;stretch_row_content_no_spaces&#8220; content_placement=&#8220;top&#8220;][vc_column][vc_single_image image=&#8220;17844&#8243; img_size=&#8220;1920 x 450&#8243; alignment=&#8220;center&#8220; el_class=&#8220;infotronik_banner_pagina&#8220;]\n\t\t\t<section class=\"do-normal-page-title-section\">\n\t\t\t\t<div class=\"container\">\n\t\t\t\t\t<div class=\"row uppercase\">\n\t\t\t\n\t\t\t\t\t\t<div class=\"do-page-title-wrapper\">\n\t\t\t\t\t\t\t<div class=\"do-default-page-title col-md-7 col-sm-7 col-xs-12\">\n\t\t\t\t\t\t\t\t<h2 info=19 class=\"infotronik_page_title_big\">Sagra del Cinghiale<\/h2>\n\t\t\t\t\t\t\t\t<p><\/p>\n\t\t\t\t\t\t\t<\/div>\n\t\t\t\n\t\t\t\t\t\t\t<div class=\"do-breadcumb\"><ul><li><a href=\"https:\/\/www.visitsoglianoalrubicone.it\/de\/tasten\/\">TASTEN<\/a><\/li><li><a class=\"infotronik_breadcrumb_cut\" href=\"https:\/\/www.visitsoglianoalrubicone.it\/de\/tasten\/messen-festivals-und-maerkte\/\">Messen, Festivals und M\u00e4rkte<\/a><\/li><\/ul><\/div>\n\t\t\t\t\t\t<\/div>\n\t\t\t\n\t\t\t\t\t<\/div>\n\t\t\t\t<\/div>\n\t\t\t<\/section>\n\t\t[vc_empty_space height=&#8220;20&#8243;][vc_row_inner][vc_column_inner][vc_column_text]Das Fest ist gepr\u00e4gt von einer echten Feier des Wildschweins. Das Men\u00fc umfasst Tagliatelle und Strozzapreti mit Wildschweinsauce, Wildschwein in Salmi und Wurst, Gerichte, die von unseren K\u00f6chen zubereitet werden. Feinschmecker, die den rustikalen Geschmack dieses Spiels, seine W\u00fcrste und den Eintopf lieben, werden die Gerichte zu sch\u00e4tzen wissen.  <\/p>\n<p>Das Wildschwein galt schon immer als begehrte Beute wegen seines Fleisches, das extrem mager ist und einen Fettgehalt von weniger als 4 % hat.<\/p>\n<p>Seinen Erfolg verdankt das Fest der Arbeit der Bewohner des Weilers, die w\u00e4hrend der Vorbereitungswochen und an den Tagen des Festes von weiteren Menschen aus der Umgebung begleitet werden, eine Art kollektive Begeisterung, die die Bev\u00f6lkerung mit ihrer Tradition und Kultur vers\u00f6hnt und den Geist der Zusammenarbeit dieser kleinen Gemeinschaft lebendig und stark bewahrt.[\/vc_column_text][vc_empty_space height=&#8220;50px&#8220;][\/vc_column_inner][\/vc_row_inner][vc_row_inner][vc_column_inner width=&#8220;1\/2&#8243;][vc_empty_space height=&#8220;20px&#8220;]\n\t\t<div class=\"do-icon-with-text-style1 appear fadeIn\" data-wow-duration=\"1s\" data-wow-delay=\"0.3s\">\n\t\t    <div class=\"do-icon-wrapper\">\n\t\t        <i class=\"fa fa-map-marker\"><\/i>\n\t\t    <\/div>\n\t\t    <p><a href=\"https:\/\/www.visitsoglianoalrubicone.it\/sagra-del-cinghiale-2024\/\" target=\"_blank\" rel=\"noopener\">Sagra del Cinghiale 2025<\/a><\/p>\n\n\t\t<\/div>\n\t\n\t\t<div class=\"do-icon-with-text-style1 appear fadeIn\" data-wow-duration=\"1s\" data-wow-delay=\"0.3s\">\n\t\t    <div class=\"do-icon-wrapper\">\n\t\t        <i class=\"fa fa-calendar\"><\/i>\n\t\t    <\/div>\n\t\t    <p>ultimo week-end di Luglio<\/p>\n\n\t\t<\/div>\n\t\n\t\t<div class=\"do-icon-with-text-style1 appear fadeIn\" data-wow-duration=\"1s\" data-wow-delay=\"0.3s\">\n\t\t    <div class=\"do-icon-wrapper\">\n\t\t        <i class=\"fa fa-user\"><\/i>\n\t\t    <\/div>\n\t\t    <p>Pro Loco Arcobaleno &#8211; Ponte Uso<\/p>\n\n\t\t<\/div>\n\t[\/vc_column_inner][vc_column_inner width=&#8220;1\/2&#8243;][vc_gmaps link=&#8220;#E-8_JTNDaWZyYW1lJTIwc3JjJTNEJTIyaHR0cHMlM0ElMkYlMkZ3d3cuZ29vZ2xlLmNvbSUyRm1hcHMlMkZlbWJlZCUzRnBiJTNEJTIxMW0xOCUyMTFtMTIlMjExbTMlMjExZDY4Mi4yMzkxMDgxNzI2MjU2JTIxMmQxMi4zMDEwODQ5MjA3Mzc3NDMlMjEzZDQzLjk3OTgwNzYxNTg5NTg1JTIxMm0zJTIxMWYwJTIxMmYwJTIxM2YwJTIxM20yJTIxMWkxMDI0JTIxMmk3NjglMjE0ZjEzLjElMjEzbTMlMjExbTIlMjExczB4MTMyYzk3ZjBkOTUyNTc5NyUyNTNBMHg3YzJlZGMwNWQxMDBkYTY3JTIxMnNDaGllc2ElMjUyMFMuJTI1MjBQYW9sbyUyMTVlMSUyMTNtMiUyMTFzaXQlMjEyc2l0JTIxNHYxNjg4NDEyOTM3MDgwJTIxNW0yJTIxMXNpdCUyMTJzaXQlMjIlMjB3aWR0aCUzRCUyMjYwMCUyMiUyMGhlaWdodCUzRCUyMjQ1MCUyMiUyMHN0eWxlJTNEJTIyYm9yZGVyJTNBMCUzQiUyMiUyMGFsbG93ZnVsbHNjcmVlbiUzRCUyMiUyMiUyMGxvYWRpbmclM0QlMjJsYXp5JTIyJTIwcmVmZXJyZXJwb2xpY3klM0QlMjJuby1yZWZlcnJlci13aGVuLWRvd25ncmFkZSUyMiUzRSUzQyUyRmlmcmFtZSUzRQ==&#8220;][\/vc_column_inner][\/vc_row_inner][vc_empty_space height=&#8220;50px&#8220;][\/vc_column][\/vc_row][vc_row][vc_column][\/vc_column][\/vc_row]<\/p>\n","protected":false},"excerpt":{"rendered":"<p>[vc_row full_width=&#8220;stretch_row_content_no_spaces&#8220; content_placement=&#8220;top&#8220;][vc_column][vc_single_image image=&#8220;17844&#8243; img_size=&#8220;1920 x 450&#8243; alignment=&#8220;center&#8220; el_class=&#8220;infotronik_banner_pagina&#8220;][vc_empty_space height=&#8220;20&#8243;][vc_row_inner][vc_column_inner][vc_column_text]Das Fest ist gepr\u00e4gt von einer echten Feier des Wildschweins. Das Men\u00fc&#8230;<\/p>\n","protected":false},"author":1,"featured_media":17845,"parent":19778,"menu_order":0,"comment_status":"closed","ping_status":"closed","template":"","meta":{"loftloader_page_shortcode":""},"_links":{"self":[{"href":"https:\/\/www.visitsoglianoalrubicone.it\/de\/wp-json\/wp\/v2\/pages\/17843"}],"collection":[{"href":"https:\/\/www.visitsoglianoalrubicone.it\/de\/wp-json\/wp\/v2\/pages"}],"about":[{"href":"https:\/\/www.visitsoglianoalrubicone.it\/de\/wp-json\/wp\/v2\/types\/page"}],"author":[{"embeddable":true,"href":"https:\/\/www.visitsoglianoalrubicone.it\/de\/wp-json\/wp\/v2\/users\/1"}],"replies":[{"embeddable":true,"href":"https:\/\/www.visitsoglianoalrubicone.it\/de\/wp-json\/wp\/v2\/comments?post=17843"}],"version-history":[{"count":10,"href":"https:\/\/www.visitsoglianoalrubicone.it\/de\/wp-json\/wp\/v2\/pages\/17843\/revisions"}],"predecessor-version":[{"id":31744,"href":"https:\/\/www.visitsoglianoalrubicone.it\/de\/wp-json\/wp\/v2\/pages\/17843\/revisions\/31744"}],"up":[{"embeddable":true,"href":"https:\/\/www.visitsoglianoalrubicone.it\/de\/wp-json\/wp\/v2\/pages\/19778"}],"wp:featuredmedia":[{"embeddable":true,"href":"https:\/\/www.visitsoglianoalrubicone.it\/de\/wp-json\/wp\/v2\/media\/17845"}],"wp:attachment":[{"href":"https:\/\/www.visitsoglianoalrubicone.it\/de\/wp-json\/wp\/v2\/media?parent=17843"}],"curies":[{"name":"wp","href":"https:\/\/api.w.org\/{rel}","templated":true}]}}