{"id":17908,"date":"2021-07-05T19:08:35","date_gmt":"2021-07-05T19:08:35","guid":{"rendered":"https:\/\/www.visitsoglianoalrubicone.it\/informationen-fuer-presse-und-fernsehen\/"},"modified":"2024-12-06T10:12:08","modified_gmt":"2024-12-06T10:12:08","slug":"informationen-fuer-presse-und-fernsehen","status":"publish","type":"page","link":"https:\/\/www.visitsoglianoalrubicone.it\/de\/reise-planen\/informationen-fuer-presse-und-fernsehen\/","title":{"rendered":"Informationen f\u00fcr Presse und Fernsehen"},"content":{"rendered":"<p>[vc_row full_width=&#8220;stretch_row_content_no_spaces&#8220;][vc_column][vc_single_image image=&#8220;17909&#8243; img_size=&#8220;1920 x 450&#8243; alignment=&#8220;center&#8220; el_class=&#8220;infotronik_banner_pagina&#8220;]\n\t\t\t<section class=\"do-normal-page-title-section\">\n\t\t\t\t<div class=\"container\">\n\t\t\t\t\t<div class=\"row uppercase\">\n\t\t\t\n\t\t\t\t\t\t<div class=\"do-page-title-wrapper\">\n\t\t\t\t\t\t\t<div class=\"do-default-page-title col-md-7 col-sm-7 col-xs-12\">\n\t\t\t\t\t\t\t\t<h2 info=28 class=\"infotronik_page_title_big\">Informazioni per Stampa e TV<\/h2>\n\t\t\t\t\t\t\t\t<p><\/p>\n\t\t\t\t\t\t\t<\/div>\n\t\t\t\n\t\t\t\t\t\t\t<div class=\"do-breadcumb\"><ul><li><a href=\"https:\/\/www.visitsoglianoalrubicone.it\/de\/reise-planen\/\">REISE PLANEN<\/a><\/li><\/ul><\/div>\n\t\t\t\t\t\t<\/div>\n\t\t\t\n\t\t\t\t\t<\/div>\n\t\t\t\t<\/div>\n\t\t\t<\/section>\n\t\t[vc_empty_space height=&#8220;20px&#8220;][vc_row_inner][vc_column_inner][vc_column_text]<strong>Wir stehen Journalisten, Bloggern, Fernsehteams und anderen Medien zur Verf\u00fcgung, die \u00fcber unsere Landschaften, Br\u00e4uche und Traditionen schreiben oder filmen m\u00f6chten.<\/strong><\/p>\n<p><strong>Schreiben oder rufen Sie uns an:<\/strong>[\/vc_column_text]\n\t\t<div class=\"do-icon-with-text-style1 appear fadeIn\" data-wow-duration=\"1s\" data-wow-delay=\"0.3s\">\n\t\t    <div class=\"do-icon-wrapper\">\n\t\t        <i class=\"fa fa-envelope\"><\/i>\n\t\t    <\/div>\n\t\t    <p><a href=\"mailto:ufficioturistico@comune.sogliano.fc.it\">ufficioturistico@comune.sogliano.fc.it<\/a><\/p>\n\n\t\t<\/div>\n\t\n\t\t<div class=\"do-icon-with-text-style1 appear fadeIn\" data-wow-duration=\"1s\" data-wow-delay=\"0.3s\">\n\t\t    <div class=\"do-icon-wrapper\">\n\t\t        <i class=\"fa fa-phone\"><\/i>\n\t\t    <\/div>\n\t\t    <p>Tel: <a href=\"tel:+390541817340\">+39 0541 817340<\/a><\/p>\n\n\t\t<\/div>\n\t[vc_column_text]<strong>f\u00fcr:<\/strong>[\/vc_column_text]\n\t\t<div class=\"do-icon-with-text-style1 appear fadeIn\" data-wow-duration=\"1s\" data-wow-delay=\"0.3s\">\n\t\t    <div class=\"do-icon-wrapper\">\n\t\t        <i class=\"fa fa-film\"><\/i>\n\t\t    <\/div>\n\t\t    <p>Informazioni su permessi per riprese televisive in musei e monumenti e sulle autorizzazioni di accesso<\/p>\n\n\t\t<\/div>\n\t\n\t\t<div class=\"do-icon-with-text-style1 appear fadeIn\" data-wow-duration=\"1s\" data-wow-delay=\"0.3s\">\n\t\t    <div class=\"do-icon-wrapper\">\n\t\t        <i class=\"fa fa-eye\"><\/i>\n\t\t    <\/div>\n\t\t    <p>Informazioni sulle location piu\u2019 suggestive del territorio<\/p>\n\n\t\t<\/div>\n\t\n\t\t<div class=\"do-icon-with-text-style1 appear fadeIn\" data-wow-duration=\"1s\" data-wow-delay=\"0.3s\">\n\t\t    <div class=\"do-icon-wrapper\">\n\t\t        <i class=\"fa fa-picture-o\"><\/i>\n\t\t    <\/div>\n\t\t    <p>Archivio video e foto sul territorio<\/p>\n\n\t\t<\/div>\n\t[vc_empty_space height=&#8220;50px&#8220;][\/vc_column_inner][\/vc_row_inner][\/vc_column][\/vc_row]<\/p>\n","protected":false},"excerpt":{"rendered":"<p>[vc_row full_width=&#8220;stretch_row_content_no_spaces&#8220;][vc_column][vc_single_image image=&#8220;17909&#8243; img_size=&#8220;1920 x 450&#8243; alignment=&#8220;center&#8220; el_class=&#8220;infotronik_banner_pagina&#8220;][vc_empty_space height=&#8220;20px&#8220;][vc_row_inner][vc_column_inner][vc_column_text]Wir stehen Journalisten, Bloggern, Fernsehteams und anderen Medien zur Verf\u00fcgung, die \u00fcber unsere&#8230;<\/p>\n","protected":false},"author":1,"featured_media":17910,"parent":20371,"menu_order":0,"comment_status":"closed","ping_status":"closed","template":"","meta":{"loftloader_page_shortcode":""},"_links":{"self":[{"href":"https:\/\/www.visitsoglianoalrubicone.it\/de\/wp-json\/wp\/v2\/pages\/17908"}],"collection":[{"href":"https:\/\/www.visitsoglianoalrubicone.it\/de\/wp-json\/wp\/v2\/pages"}],"about":[{"href":"https:\/\/www.visitsoglianoalrubicone.it\/de\/wp-json\/wp\/v2\/types\/page"}],"author":[{"embeddable":true,"href":"https:\/\/www.visitsoglianoalrubicone.it\/de\/wp-json\/wp\/v2\/users\/1"}],"replies":[{"embeddable":true,"href":"https:\/\/www.visitsoglianoalrubicone.it\/de\/wp-json\/wp\/v2\/comments?post=17908"}],"version-history":[{"count":9,"href":"https:\/\/www.visitsoglianoalrubicone.it\/de\/wp-json\/wp\/v2\/pages\/17908\/revisions"}],"predecessor-version":[{"id":17977,"href":"https:\/\/www.visitsoglianoalrubicone.it\/de\/wp-json\/wp\/v2\/pages\/17908\/revisions\/17977"}],"up":[{"embeddable":true,"href":"https:\/\/www.visitsoglianoalrubicone.it\/de\/wp-json\/wp\/v2\/pages\/20371"}],"wp:featuredmedia":[{"embeddable":true,"href":"https:\/\/www.visitsoglianoalrubicone.it\/de\/wp-json\/wp\/v2\/media\/17910"}],"wp:attachment":[{"href":"https:\/\/www.visitsoglianoalrubicone.it\/de\/wp-json\/wp\/v2\/media?parent=17908"}],"curies":[{"name":"wp","href":"https:\/\/api.w.org\/{rel}","templated":true}]}}