{"id":17933,"date":"2021-07-25T11:56:39","date_gmt":"2021-07-25T11:56:39","guid":{"rendered":"https:\/\/www.visitsoglianoalrubicone.it\/parken-und-parkflaechen\/"},"modified":"2026-02-17T09:55:26","modified_gmt":"2026-02-17T09:55:26","slug":"parken-und-parkflaechen","status":"publish","type":"page","link":"https:\/\/www.visitsoglianoalrubicone.it\/de\/reise-planen\/parken-und-parkflaechen\/","title":{"rendered":"Parken und Parkfl\u00e4chen"},"content":{"rendered":"<p>[vc_row full_width=&#8220;stretch_row_content_no_spaces&#8220;][vc_column][vc_single_image image=&#8220;17938&#8243; img_size=&#8220;1920 x 450&#8243; alignment=&#8220;center&#8220; el_class=&#8220;infotronik_banner_pagina&#8220;]\n\t\t\t<section class=\"do-normal-page-title-section\">\n\t\t\t\t<div class=\"container\">\n\t\t\t\t\t<div class=\"row uppercase\">\n\t\t\t\n\t\t\t\t\t\t<div class=\"do-page-title-wrapper\">\n\t\t\t\t\t\t\t<div class=\"do-default-page-title col-md-7 col-sm-7 col-xs-12\">\n\t\t\t\t\t\t\t\t<h2 info=26 class=\"infotronik_page_title_big\">Parcheggi ed Aree di Sosta<\/h2>\n\t\t\t\t\t\t\t\t<p><\/p>\n\t\t\t\t\t\t\t<\/div>\n\t\t\t\n\t\t\t\t\t\t\t<div class=\"do-breadcumb\"><ul><li><a href=\"https:\/\/www.visitsoglianoalrubicone.it\/de\/reise-planen\/\">REISE PLANEN<\/a><\/li><\/ul><\/div>\n\t\t\t\t\t\t<\/div>\n\t\t\t\n\t\t\t\t\t<\/div>\n\t\t\t\t<\/div>\n\t\t\t<\/section>\n\t\t[vc_empty_space height=&#8220;20px&#8220;][vc_row_inner][vc_column_inner][vc_column_text]Etikett.<\/p>\n<p>Parkpl\u00e4tze und Parkpl\u00e4tze in der Gemeinde Sogliano al Rubicone sind alle kostenlos, unten ist die Liste aufgef\u00fchrt.[\/vc_column_text][vc_empty_space][vc_column_text]<strong>Historisches Zentrum von Sogliano al Rubicone:<\/strong>[\/vc_column_text]\n\t\t<div class=\"do-icon-with-text-style1 appear fadeIn\" data-wow-duration=\"1s\" data-wow-delay=\"0.3s\">\n\t\t    <div class=\"do-icon-wrapper\">\n\t\t        <i class=\"fa fa-automobile\"><\/i>\n\t\t    <\/div>\n\t\t    <p>Parcheggio Panoramico Auto: Via Roma<\/p>\n\n\t\t<\/div>\n\t\n\t\t<div class=\"do-icon-with-text-style1 appear fadeIn\" data-wow-duration=\"1s\" data-wow-delay=\"0.3s\">\n\t\t    <div class=\"do-icon-wrapper\">\n\t\t        <i class=\"fa fa-automobile\"><\/i>\n\t\t    <\/div>\n\t\t    <p>Parcheggio Panoramico Auto\/Moto: via XX Settembre<\/p>\n\n\t\t<\/div>\n\t\n\t\t<div class=\"do-icon-with-text-style1 appear fadeIn\" data-wow-duration=\"1s\" data-wow-delay=\"0.3s\">\n\t\t    <div class=\"do-icon-wrapper\">\n\t\t        <i class=\"fa fa-automobile\"><\/i>\n\t\t    <\/div>\n\t\t    <p>Parcheggio via Ugo la Malfa<\/p>\n\n\t\t<\/div>\n\t\n\t\t<div class=\"do-icon-with-text-style1 appear fadeIn\" data-wow-duration=\"1s\" data-wow-delay=\"0.3s\">\n\t\t    <div class=\"do-icon-wrapper\">\n\t\t        <i class=\"fa fa-automobile\"><\/i>\n\t\t    <\/div>\n\t\t    <p>Parcheggio impianti Sportivi: via Aldo Moro<\/p>\n\n\t\t<\/div>\n\t[vc_empty_space][vc_column_text]<strong>Campingplatz Sogliano al Rubicone Historisches Zentrum:<\/strong>[\/vc_column_text]\n\t\t<div class=\"do-icon-with-text-style1 appear fadeIn\" data-wow-duration=\"1s\" data-wow-delay=\"0.3s\">\n\t\t    <div class=\"do-icon-wrapper\">\n\t\t        <i class=\"fa fa-automobile\"><\/i>\n\t\t    <\/div>\n\t\t    <p>via Ugo La Malfa, 47030 Sogliano al Rubicone<br \/>\nStalli: 5 &#8211; gestione area libera e gratuita &#8211; allaccio elettrico &#8211; limite sosta 72 ore<br \/>\nArea attrezzata per scarico acque nere\/grigie e ricarica acqua potabile.<\/p>\n\n\t\t<\/div>\n\t[vc_empty_space][vc_column_text]<strong>Vignola:<\/strong>[\/vc_column_text]\n\t\t<div class=\"do-icon-with-text-style1 appear fadeIn\" data-wow-duration=\"1s\" data-wow-delay=\"0.3s\">\n\t\t    <div class=\"do-icon-wrapper\">\n\t\t        <i class=\"fa fa-automobile\"><\/i>\n\t\t    <\/div>\n\t\t    <p>Parcheggio \u201cParco San Donato\u201d: via Vignola Chiesa<\/p>\n\n\t\t<\/div>\n\t[vc_empty_space][vc_column_text]<strong>Montetiffi:<\/strong>[\/vc_column_text]\n\t\t<div class=\"do-icon-with-text-style1 appear fadeIn\" data-wow-duration=\"1s\" data-wow-delay=\"0.3s\">\n\t\t    <div class=\"do-icon-wrapper\">\n\t\t        <i class=\"fa fa-automobile\"><\/i>\n\t\t    <\/div>\n\t\t    <p>Parcheggio Montetiffi: via Montetiffi 31<\/p>\n\n\t\t<\/div>\n\t[vc_empty_space][vc_column_text]<strong>Dorf Ville Montetiffi:<\/strong>[\/vc_column_text]\n\t\t<div class=\"do-icon-with-text-style1 appear fadeIn\" data-wow-duration=\"1s\" data-wow-delay=\"0.3s\">\n\t\t    <div class=\"do-icon-wrapper\">\n\t\t        <i class=\"fa fa-automobile\"><\/i>\n\t\t    <\/div>\n\t\t    <p>Parcheggio Ville Montetiffi: via Montetiffi Fosso 64<\/p>\n\n\t\t<\/div>\n\t[vc_empty_space][vc_column_text]<strong>Rontagnano:<\/strong>[\/vc_column_text]\n\t\t<div class=\"do-icon-with-text-style1 appear fadeIn\" data-wow-duration=\"1s\" data-wow-delay=\"0.3s\">\n\t\t    <div class=\"do-icon-wrapper\">\n\t\t        <i class=\"fa fa-automobile\"><\/i>\n\t\t    <\/div>\n\t\t    <p>Parcheggio Rontagnano Cimitero, SP11<\/p>\n\n\t\t<\/div>\n\t[vc_empty_space][vc_column_text]<strong>Montepetra:<\/strong>[\/vc_column_text]\n\t\t<div class=\"do-icon-with-text-style1 appear fadeIn\" data-wow-duration=\"1s\" data-wow-delay=\"0.3s\">\n\t\t    <div class=\"do-icon-wrapper\">\n\t\t        <i class=\"fa fa-automobile\"><\/i>\n\t\t    <\/div>\n\t\t    <p>Parcheggio Panoramico: via Montepetra Fonte<\/p>\n\n\t\t<\/div>\n\t[vc_empty_space height=&#8220;50px&#8220;][\/vc_column_inner][\/vc_row_inner][\/vc_column][\/vc_row]<\/p>\n","protected":false},"excerpt":{"rendered":"<p>[vc_row full_width=&#8220;stretch_row_content_no_spaces&#8220;][vc_column][vc_single_image image=&#8220;17938&#8243; img_size=&#8220;1920 x 450&#8243; alignment=&#8220;center&#8220; el_class=&#8220;infotronik_banner_pagina&#8220;][vc_empty_space height=&#8220;20px&#8220;][vc_row_inner][vc_column_inner][vc_column_text]Etikett. Parkpl\u00e4tze und Parkpl\u00e4tze in der Gemeinde Sogliano al Rubicone sind alle kostenlos,&#8230;<\/p>\n","protected":false},"author":1,"featured_media":17939,"parent":20371,"menu_order":0,"comment_status":"closed","ping_status":"closed","template":"","meta":{"loftloader_page_shortcode":""},"_links":{"self":[{"href":"https:\/\/www.visitsoglianoalrubicone.it\/de\/wp-json\/wp\/v2\/pages\/17933"}],"collection":[{"href":"https:\/\/www.visitsoglianoalrubicone.it\/de\/wp-json\/wp\/v2\/pages"}],"about":[{"href":"https:\/\/www.visitsoglianoalrubicone.it\/de\/wp-json\/wp\/v2\/types\/page"}],"author":[{"embeddable":true,"href":"https:\/\/www.visitsoglianoalrubicone.it\/de\/wp-json\/wp\/v2\/users\/1"}],"replies":[{"embeddable":true,"href":"https:\/\/www.visitsoglianoalrubicone.it\/de\/wp-json\/wp\/v2\/comments?post=17933"}],"version-history":[{"count":34,"href":"https:\/\/www.visitsoglianoalrubicone.it\/de\/wp-json\/wp\/v2\/pages\/17933\/revisions"}],"predecessor-version":[{"id":36999,"href":"https:\/\/www.visitsoglianoalrubicone.it\/de\/wp-json\/wp\/v2\/pages\/17933\/revisions\/36999"}],"up":[{"embeddable":true,"href":"https:\/\/www.visitsoglianoalrubicone.it\/de\/wp-json\/wp\/v2\/pages\/20371"}],"wp:featuredmedia":[{"embeddable":true,"href":"https:\/\/www.visitsoglianoalrubicone.it\/de\/wp-json\/wp\/v2\/media\/17939"}],"wp:attachment":[{"href":"https:\/\/www.visitsoglianoalrubicone.it\/de\/wp-json\/wp\/v2\/media?parent=17933"}],"curies":[{"name":"wp","href":"https:\/\/api.w.org\/{rel}","templated":true}]}}