{"id":17986,"date":"2021-07-05T13:45:18","date_gmt":"2021-07-05T13:45:18","guid":{"rendered":"https:\/\/www.visitsoglianoalrubicone.it\/wie-man-dorthin-kommt\/"},"modified":"2024-12-06T10:12:07","modified_gmt":"2024-12-06T10:12:07","slug":"wie-man-dorthin-kommt","status":"publish","type":"page","link":"https:\/\/www.visitsoglianoalrubicone.it\/de\/reise-planen\/wie-man-dorthin-kommt\/","title":{"rendered":"Wie man dorthin kommt"},"content":{"rendered":"<p>[vc_row full_width=&#8220;stretch_row_content_no_spaces&#8220;][vc_column][vc_single_image image=&#8220;17988&#8243; img_size=&#8220;1920 x 300&#8243; alignment=&#8220;center&#8220; el_class=&#8220;infotronik_banner_pagina&#8220;]\n\t\t\t<section class=\"do-normal-page-title-section\">\n\t\t\t\t<div class=\"container\">\n\t\t\t\t\t<div class=\"row uppercase\">\n\t\t\t\n\t\t\t\t\t\t<div class=\"do-page-title-wrapper\">\n\t\t\t\t\t\t\t<div class=\"do-default-page-title col-md-7 col-sm-7 col-xs-12\">\n\t\t\t\t\t\t\t\t<h2 info=13 class=\"infotronik_page_title_big\">Come Arrivare<\/h2>\n\t\t\t\t\t\t\t\t<p><\/p>\n\t\t\t\t\t\t\t<\/div>\n\t\t\t\n\t\t\t\t\t\t\t<div class=\"do-breadcumb\"><ul><li><a href=\"https:\/\/www.visitsoglianoalrubicone.it\/de\/reise-planen\/\">REISE PLANEN<\/a><\/li><\/ul><\/div>\n\t\t\t\t\t\t<\/div>\n\t\t\t\n\t\t\t\t\t<\/div>\n\t\t\t\t<\/div>\n\t\t\t<\/section>\n\t\t[vc_empty_space height=&#8220;20px&#8220;][vc_row_inner][vc_column_inner][vc_column_text]Sogliano al Rubicone liegt im Herzen der Romagna, nicht weit entfernt von der Riviera Romagnola, wichtigen Kunstst\u00e4dten und Unesco-gesch\u00fctzten Gebieten wie Ravenna, Urbino und dem Waldpark Casentino, um nur die n\u00e4chstgelegenen zu nennen, und ist ein idealer Ausgangspunkt<strong><em>um die Region Emilia-Romagna zu entdecken<\/em><\/strong> und das Italien der Kunst, des Geschmacks und der Natur![\/vc_column_text][vc_empty_space height=&#8220;20px&#8220;][vc_gmaps link=&#8220;#E-8_JTNDaWZyYW1lJTIwc3JjJTNEJTIyaHR0cHMlM0ElMkYlMkZ3d3cuZ29vZ2xlLmNvbSUyRm1hcHMlMkZlbWJlZCUzRnBiJTNEJTIxMW0xOCUyMTFtMTIlMjExbTMlMjExZDE2NDI1ODQuNzU5MDM4NjkxOSUyMTJkMTEuMzQ1ODYwOTExMDg4NTAyJTIxM2Q0NC4xMjQwNTM4Mzc2MzQ3NyUyMTJtMyUyMTFmMCUyMTJmMCUyMTNmMCUyMTNtMiUyMTFpMTAyNCUyMTJpNzY4JTIxNGYxMy4xJTIxM20zJTIxMW0yJTIxMXMweDEzMmM5Nzc1MjUxZmEyYjUlMjUzQTB4ZWY1N2IwM2VmNTY3ZTA2NCUyMTJzU29nbGlhbm8lMjUyMGFsJTI1MjBSdWJpY29uZSUyMTVlMSUyMTNtMiUyMTFzaXQlMjEyc2l0JTIxNHYxNjI1ODQyMzY3OTk0JTIxNW0yJTIxMXNpdCUyMTJzaXQlMjIlMjB3aWR0aCUzRCUyMjEwMCUyNSUyMiUyMGhlaWdodCUzRCUyMjQ1MCUyMiUyMHN0eWxlJTNEJTIyYm9yZGVyJTNBMCUzQiUyMiUyMGFsbG93ZnVsbHNjcmVlbiUzRCUyMiUyMiUyMGxvYWRpbmclM0QlMjJsYXp5JTIyJTNFJTNDJTJGaWZyYW1lJTNF&#8220;][vc_empty_space height=&#8220;20px&#8220;][\/vc_column_inner][\/vc_row_inner][vc_row_inner][vc_column_inner width=&#8220;1\/3&#8243;][vc_column_text]<strong>MIT DEM AUTO<\/strong><\/p>\n<ul>\n<li><strong>Aus Richtung Norden (Brenner, Mailand, Bologna)<\/strong>: Autobahn A14 in Richtung Ancona. Nehmen Sie die Ausfahrt Valle del Rubicone und fahren Sie weiter auf der SP11 bis Sogliano al Rubicone. <\/li>\n<li><strong>Aus Richtung S\u00fcden (Bari, Lecce, Pescara, Ancona)<\/strong>: Autobahn A14 in Richtung Bologna. Nehmen Sie die Ausfahrt Valle del Rubicone und fahren Sie weiter auf der SP11 nach Sogliano al Rubicone. <\/li>\n<li><strong>Von Rom<\/strong>: Autobahn E45. Nehmen Sie die Ausfahrt Bivio Montegelli und fahren Sie weiter auf der SP79 bis zur Kreuzung mit der SP11, die nach Sogliano al Rubicone f\u00fchrt. <\/li>\n<li><strong>Von Venedig<\/strong>: SS309 Romea in Richtung Ravenna, in Ravenna weiter auf der E55 und E45 (in Richtung Rom) bis Bivio Montegelli, weiter auf der SP79 bis zur Kreuzung mit der SP11, die nach Sogliano al Rubicone f\u00fchrt<\/li>\n<li><strong>Von Rimini<\/strong>: SS9 (Via Emilia) bis Santarcangelo oder Savignano sul Rubicone, dann SP11 bis Sogliano al Rubicone<\/li>\n<li><strong>Von Florenz:<\/strong> Autobahn Autostrada del Sole bis Arezzo, dann weiter auf der SS 73 bis Sansepolcro, wo Sie die E\/45 (in Richtung Ravenna) bis Bivio Montegelli nehmen, weiter auf der SP79 bis zur Kreuzung mit der SP11 nach Sogliano al Rubicone<\/li>\n<\/ul>\n<p>F\u00fcr weitere Informationen:<br \/>\n<a href=\"https:\/\/www.autostrade.it\/it\/home\">www.autostrade.it\/it\/home<\/a>[\/vc_column_text][\/vc_column_inner][vc_column_inner width=&#8220;1\/3&#8243;][vc_column_text]<strong>MIT DEM BUS<\/strong><\/p>\n<p>Sogliano al Rubicone wird von den st\u00e4dtischen Verkehrslinien von Start Romagna bedient, die die Stadt auch mit anderen Orten im Einzugsgebiet von Rimini, Cesena und Ravenna verbinden. Bustickets k\u00f6nnen in Tabakl\u00e4den, an Bushaltestellen oder \u00fcber die Apps<strong>MyCicero<\/strong>, <strong>DropTicket<\/strong>, <strong>Muver <\/strong>und <strong>Roger<\/strong> erworben werden.<\/p>\n<p>Hauptlinien: Von Rimini-Marebello-Riccione-Santarcangelo: LINEA 169 Von Cesena FS &#8211; Longiano &#8211; Savignano FS &#8211; Perticara: LINEA 140 &#8211; 141 &#8211; 146 Von Mercato Saraceno: LINEA 145 Infos und Linien:<a href=\"http:\/\/www.startromagna.it\" target=\"_blank\" rel=\"noopener\">www.startromagna.it<\/a> oder <a href=\"https:\/\/moovit.com\/it\/features-it\/\" target=\"_blank\" rel=\"noopener\">Moovit<\/a> App[\/vc_column_text][vc_single_image image=&#8220;17989&#8243; img_size=&#8220;full&#8220; alignment=&#8220;center&#8220;][\/vc_column_inner][vc_column_inner width=&#8220;1\/3&#8243;][vc_column_text]<strong>MIT DEM ZUG<\/strong><br \/>\n<strong><br \/>\nAus dem Norden und S\u00fcden<\/strong>: Kommen Sie an den Bahnh\u00f6fen Cesena oder Rimini an, die von nationalen Hochgeschwindigkeitsz\u00fcgen bedient werden. Au\u00dferhalb des Bahnhofs gibt es Bushaltestellen f\u00fcr die Linie StartRomagna. Von Cesena aus nehmen Sie die Linie LINEA 140 &#8211; 141 &#8211; 146 nach Sogliano al Rubicone, von Rimini aus die Linie 169. Sie k\u00f6nnen auch an den Bahnh\u00f6fen Cesena oder Rimini ankommen und mit dem Regionalzug nach Savignano Sul Rubicone weiterfahren. Au\u00dferhalb des Bahnhofs gibt es die StartRomagna-Linien 140 &#8211; 141 &#8211; 146, die nach Sogliano al Rubicone f\u00fchren.<br \/>\nInfos und Linien: <a href=\"http:\/\/www.trenitalia.it\" target=\"_blank\" rel=\"noopener\">www.trenitalia.it<\/a> Infos und Linien:<a href=\"http:\/\/www.startromagna.it\" target=\"_blank\" rel=\"noopener\">www.startromagna.it<\/a> oder <a href=\"https:\/\/moovit.com\/it\/features-it\/\" target=\"_blank\" rel=\"noopener\">Moovit<\/a> App  <\/p>\n<p><strong>PER FLUGZEUG<\/strong><\/p>\n<p>Sogliano al Rubicone liegt in der N\u00e4he von drei internationalen Flugh\u00e4fen:<\/p>\n<ul>\n<li><strong>BLQ G. Marconi Flughafen in Bologna<\/strong> &#8211; 120 km von Sogliano al Rubicone<\/li>\n<li><strong>RMI F. Fellini di Rimini<\/strong> &#8211; 33 km von Sogliano al Rubicone<\/li>\n<li><strong>FRL L. Ridolfi Flughafen in Forl\u00ec<\/strong> &#8211; 43 km von Sogliano al Rubicone<\/li>\n<li><strong>AOI\/LIPY Flughafen Ancona Falconara<\/strong> &#8211; 120 km von Sogliano al Rubicone<\/li>\n<\/ul>\n<p>Fahren Sie mit dem Auto weiter wie angegeben.[\/vc_column_text][\/vc_column_inner][\/vc_row_inner][vc_row_inner][vc_column_inner][vc_empty_space height=&#8220;50px&#8220;][vc_column_text]<div class=\"pt-cv-wrapper\"><div class=\"pt-cv-view pt-cv-grid pt-cv-colsys\" id=\"pt-cv-view-0dd2fc3cez\"><div data-id=\"pt-cv-page-1\" class=\"pt-cv-page\" data-cvc=\"2\"><div class=\"col-md-6 col-sm-6 col-xs-12 pt-cv-content-item pt-cv-1-col\" ><div class='pt-cv-ifield'><a href=\"https:\/\/www.visitsoglianoalrubicone.it\/de\/reise-planen\/parken-und-parkflaechen\/\" class=\"_self pt-cv-href-thumbnail pt-cv-thumb-default\" target=\"_self\" ><img width=\"1024\" height=\"768\" src=\"https:\/\/www.visitsoglianoalrubicone.it\/wp-content\/uploads\/2021\/07\/Visit-Sogliano-Pianifica-Viaggio-Parcheggi-Aree-Sosta-Banner-Resized.jpg\" class=\"pt-cv-thumbnail\" alt=\"\" loading=\"lazy\" srcset=\"https:\/\/www.visitsoglianoalrubicone.it\/wp-content\/uploads\/2021\/07\/Visit-Sogliano-Pianifica-Viaggio-Parcheggi-Aree-Sosta-Banner-Resized.jpg 1024w, https:\/\/www.visitsoglianoalrubicone.it\/wp-content\/uploads\/2021\/07\/Visit-Sogliano-Pianifica-Viaggio-Parcheggi-Aree-Sosta-Banner-Resized-300x225.jpg 300w, https:\/\/www.visitsoglianoalrubicone.it\/wp-content\/uploads\/2021\/07\/Visit-Sogliano-Pianifica-Viaggio-Parcheggi-Aree-Sosta-Banner-Resized-768x576.jpg 768w\" sizes=\"(max-width: 1024px) 100vw, 1024px\" \/><\/a>\n<h6 class=\"pt-cv-title\"><a href=\"https:\/\/www.visitsoglianoalrubicone.it\/de\/reise-planen\/parken-und-parkflaechen\/\" class=\"_self\" target=\"_self\" >Parken und Parkfl\u00e4chen<\/a><\/h6><\/div><\/div><\/div><\/div><\/div>[\/vc_column_text][vc_empty_space height=&#8220;50px&#8220;][\/vc_column_inner][\/vc_row_inner][\/vc_column][\/vc_row]<\/p>\n","protected":false},"excerpt":{"rendered":"<p>[vc_row full_width=&#8220;stretch_row_content_no_spaces&#8220;][vc_column][vc_single_image image=&#8220;17988&#8243; img_size=&#8220;1920 x 300&#8243; alignment=&#8220;center&#8220; el_class=&#8220;infotronik_banner_pagina&#8220;][vc_empty_space height=&#8220;20px&#8220;][vc_row_inner][vc_column_inner][vc_column_text]Sogliano al Rubicone liegt im Herzen der Romagna, nicht weit entfernt von der&#8230;<\/p>\n","protected":false},"author":1,"featured_media":17989,"parent":20371,"menu_order":0,"comment_status":"closed","ping_status":"closed","template":"","meta":{"loftloader_page_shortcode":""},"_links":{"self":[{"href":"https:\/\/www.visitsoglianoalrubicone.it\/de\/wp-json\/wp\/v2\/pages\/17986"}],"collection":[{"href":"https:\/\/www.visitsoglianoalrubicone.it\/de\/wp-json\/wp\/v2\/pages"}],"about":[{"href":"https:\/\/www.visitsoglianoalrubicone.it\/de\/wp-json\/wp\/v2\/types\/page"}],"author":[{"embeddable":true,"href":"https:\/\/www.visitsoglianoalrubicone.it\/de\/wp-json\/wp\/v2\/users\/1"}],"replies":[{"embeddable":true,"href":"https:\/\/www.visitsoglianoalrubicone.it\/de\/wp-json\/wp\/v2\/comments?post=17986"}],"version-history":[{"count":11,"href":"https:\/\/www.visitsoglianoalrubicone.it\/de\/wp-json\/wp\/v2\/pages\/17986\/revisions"}],"predecessor-version":[{"id":18071,"href":"https:\/\/www.visitsoglianoalrubicone.it\/de\/wp-json\/wp\/v2\/pages\/17986\/revisions\/18071"}],"up":[{"embeddable":true,"href":"https:\/\/www.visitsoglianoalrubicone.it\/de\/wp-json\/wp\/v2\/pages\/20371"}],"wp:featuredmedia":[{"embeddable":true,"href":"https:\/\/www.visitsoglianoalrubicone.it\/de\/wp-json\/wp\/v2\/media\/17989"}],"wp:attachment":[{"href":"https:\/\/www.visitsoglianoalrubicone.it\/de\/wp-json\/wp\/v2\/media?parent=17986"}],"curies":[{"name":"wp","href":"https:\/\/api.w.org\/{rel}","templated":true}]}}