{"id":18462,"date":"2021-10-07T11:04:08","date_gmt":"2021-10-07T11:04:08","guid":{"rendered":"https:\/\/www.visitsoglianoalrubicone.it\/fruehling-in-sogliano\/"},"modified":"2024-12-06T10:12:23","modified_gmt":"2024-12-06T10:12:23","slug":"fruehling-in-sogliano","status":"publish","type":"page","link":"https:\/\/www.visitsoglianoalrubicone.it\/de\/inspire-me\/fruehling-in-sogliano\/","title":{"rendered":"Fr\u00fchling in Sogliano"},"content":{"rendered":"<p>[vc_row full_width=&#8220;stretch_row_content_no_spaces&#8220;][vc_column][vc_single_image image=&#8220;18464&#8243; img_size=&#8220;1920 x 450&#8243; alignment=&#8220;center&#8220; el_class=&#8220;infotronik_banner_pagina&#8220;]\n\t\t\t<section class=\"do-normal-page-title-section\">\n\t\t\t\t<div class=\"container\">\n\t\t\t\t\t<div class=\"row uppercase\">\n\t\t\t\n\t\t\t\t\t\t<div class=\"do-page-title-wrapper\">\n\t\t\t\t\t\t\t<div class=\"do-default-page-title col-md-7 col-sm-7 col-xs-12\">\n\t\t\t\t\t\t\t\t<h2 info=20 class=\"infotronik_page_title_big\">Primavera a Sogliano<\/h2>\n\t\t\t\t\t\t\t\t<p><\/p>\n\t\t\t\t\t\t\t<\/div>\n\t\t\t\n\t\t\t\t\t\t\t<div class=\"do-breadcumb\"><ul><li><a href=\"https:\/\/www.visitsoglianoalrubicone.it\/de\/inspire-me\/\">INSPIRE ME<\/a><\/li><\/ul><\/div>\n\t\t\t\t\t\t<\/div>\n\t\t\t\n\t\t\t\t\t<\/div>\n\t\t\t\t<\/div>\n\t\t\t<\/section>\n\t\t[vc_empty_space height=&#8220;50px&#8220;][vc_row_inner][vc_column_inner][vc_column_text]&#8220;Romagna Mia, Romagna in Bl\u00fcte&#8220;&#8230; das sind die Verse, die die M\u00e4nner und Frauen der Romagna summen, wenn der Fr\u00fchling kommt und alles bl\u00fcht! Die H\u00fcgel bl\u00fchen, die W\u00e4lder ergr\u00fcnen, der Himmel f\u00e4rbt sich blau und die Sonne beginnt, Herzen und Haut zu w\u00e4rmen: Es ist Zeit f\u00fcr eine Tour durch Sogliano al Rubicone!<br \/>\nO <strong>UTDOOR &#8211; TREKKING &#8211; EXCURSIONS<\/strong> Es gibt keinen besseren Zeitpunkt, um das Wegenetz<strong>&#8222;I Sentieri dell&#8217;Alto Rubicone<\/strong>&#8220; zu erkunden.<br \/>\n16 ringf\u00f6rmige Routen, die ideal sind, um den nat\u00fcrlichen Charme des Hinterlandes der Romagna wiederzuentdecken, die bequem f\u00fcr ein Wochenende zu erreichen sind und die Sie zu zweit, mit Freunden oder mit der Familie ausprobieren k\u00f6nnen. Insbesondere<strong>&#8222;Il Sentiero di Leonardo da Vinci<\/strong>&#8220; ist eine Route, die f\u00fcr jeden geeignet ist und im historischen Zentrum von Sogliano al Rubicone beginnt. In Richtung Vignola durchquert er den<strong>&#8222;Park San Donato und die Konkavit\u00e4ten von Leonardo da Vinci<\/strong>&#8222;, ein perfekter Ort f\u00fcr eine Pause oder ein Picknick. Im Park gibt es einen Brunnen mit frischem Wasser, einen Fitnesspfad, den<strong>&#8222;Il Tempietto di San Donato<\/strong>&#8222;, der dem Frieden gewidmet ist, und Nachbildungen der<strong>&#8222;Concavit\u00e0 di Leonardo da Vinci<\/strong>&#8222;: interaktive Installationen, die Kl\u00e4nge, Geschichte und antikes Wissen verbreiten. Kurzum, ein spielerischer Spaziergang mit nat\u00fcrlichen Szenarien, die sich auf &#8222;Instagrammable&#8220; Schnappsch\u00fcssen verewigen lassen, oder Orte, an denen man einfach nur die Aussicht genie\u00dfen kann.<\/p>\n<p>K<strong>ULTUR UND KURIOSIT\u00c4T<\/strong> Der Duft von Holunder- und Ginsterbl\u00fcten umh\u00fcllt das historische Zentrum und alle Weiler, perfekte Tage f\u00fcr einen Besuch unseres &#8222;Polo Museale&#8220;, der im<strong>Palazzo della Cultura<\/strong> untergebracht ist.<\/p>\n<p>Lassen Sie sich vom <strong>Museo del Disco d&#8217;Epoca<\/strong>, dem <strong>Museo di Arte Povera<\/strong>, dem <strong>Museo Leonardo da Vinci in Romagna<\/strong> und dem <strong>Museo Linea Christa<\/strong> verzaubern. Einen Spaziergang mit Besuch der<strong>Abtei von Montetiffi<\/strong> und dem angrenzenden <strong>Museo Agostino Venanzio Reali<\/strong> d\u00fcrfen Sie nicht verpassen.<br \/>\nT <strong>YPISCHE K\u00dcCHE UND GASTRONOMIE<\/strong> Die gastronomischen K\u00f6stlichkeiten, die man nur zu dieser Jahreszeit genie\u00dfen kann, sind vielf\u00e4ltig.<\/p>\n<p>Die typischen Gerichte (Strozzapreti, Tagliatelle, Piadina) werden mit Gew\u00fcrzen auf der Basis von wilden und saisonalen Kr\u00e4utern wie &#8222;Strigoli&#8220;, Spargel, Rucola, Erdbeeren angereichert: au\u00dfergew\u00f6hnliche Rohstoffe, die von allen unseren Gastronomen verwendet werden! Der<strong>&#8222;Formaggio di Fossa di Sogliano DOP<\/strong>&#8220; bleibt eine Grundzutat unserer typischen K\u00fcche und<strong>&#8222;Le Fosse<\/strong>&#8222;, wo der ber\u00fchmte K\u00e4se gereift wird, sind das ganze Jahr \u00fcber ge\u00f6ffnet, damit Ihr Gaumen diese Delikatesse genie\u00dfen kann.<\/p>\n<p>W <strong>ICHTIGSTE VERANSTALTUNGEN<\/strong> Im Fr\u00fchjahr kehrt im Rahmen des Spielplans &#8222;Prova d&#8217;Attore&#8220;<strong>&#8222;FuoriLuogo<\/strong>&#8220; zur\u00fcck, eine Veranstaltung, die dem theatralischen Erz\u00e4hlen in unkonventionellen R\u00e4umen gewidmet ist. Eine Praxis im Zeichen des diffusen Theaters, um Theater auch au\u00dferhalb des Theaters entstehen zu lassen und eine effektive (und affektive) Dimension der Theatergemeinschaft zu n\u00e4hren und zu festigen.<br \/>\nIn der zweiten Junih\u00e4lfte gibt das historische Zentrum von Sogliano den offiziellen Startschuss f\u00fcr das Festival &#8222;Sogliano Estate&#8220; mit zwei f\u00fcr das Dorf sehr wichtigen Veranstaltungen: <strong>Ori di Sogliano<\/strong> und <strong>Malt in Fossa<\/strong>. &#8222;<strong>Ori di Sogliano<\/strong>&#8220; <strong>findet am 18. Juni 2022 statt<\/strong> und ist eine Veranstaltung f\u00fcr Familien und Jugendliche, die allen Besuchern die wertvollsten Ressourcen und Traditionen der Region n\u00e4her bringen soll; sie bezieht die B\u00fcrger mit Workshops ein, die zur Vorbereitung der Veranstaltung organisiert werden, um Dekorationen und Ausschm\u00fcckungen f\u00fcr das Fest herzustellen. W\u00e4hrend der Veranstaltung finden bis sp\u00e4t in die Nacht Auff\u00fchrungen statt; Konzerte, Stra\u00dfenk\u00fcnstler, Maler und Bildhauer beleben das historische Zentrum, in dem die Besucher auch die St\u00e4nde mit antiken Handwerken und lokalem Kunsthandwerk bewundern k\u00f6nnen. Das reichhaltige k\u00fcnstlerische Angebot wird durch das gastronomische Angebot typischer lokaler Produkte und die Verkostung handwerklich hergestellter Biere im Bereich <strong>Malt in Fossa (17.-18. Juni 2022)<\/strong> flankiert, der von der Vereinigung La Fossa del Luppolo konzipiert wurde, die den Bereich der Piazza Garibaldi f\u00fcr das junge Publikum mit DJ-Sets und Konzerten belebt.<\/p>\n<p>S <strong>PORT UND FREIZEIT<\/strong> Verschiedene sportliche Veranstaltungen stehen auf dem Programm: Neben dem Trail del Rubicone am 3. April ist f\u00fcr den 24. April der erste<strong>Skateboard-Wettbewerb<\/strong> im Skatepark &#8222;Il Sogno&#8220; geplant, w\u00e4hrend die &#8222;9 Colli&#8220;, ein wichtiges Radsportereignis mit Start in Cesenatico, f\u00fcr den 22. Mai 2022 vorgesehen ist. Weitere Veranstaltungen werden derzeit definiert\/geplant.<\/p>\n<p><strong>LESEN SIE MEHR:<\/strong><\/p>\n<ul>\n<li><a href=\"https:\/\/www.visitsoglianoalrubicone.it\/scopri-sogliano\/itinerari-trekking-bike\/i-sentieri-dellalto-rubicone\/\">Die Upper Rubicon Trails<\/a><\/li>\n<li><a href=\"https:\/\/www.visitsoglianoalrubicone.it\/scopri-sogliano\/itinerari-trekking-bike\/i-sentieri-dellalto-rubicone\/il-cammino-di-leonardo\/\">Der Weg des Leonardo<\/a><\/li>\n<li><a href=\"https:\/\/www.visitsoglianoalrubicone.it\/scopri-sogliano\/cuorenatura\/parco-s-donato-e-concavita-di-leonardo-da-vinci\/\">San Donato Park und Leonardo-H\u00f6hle<\/a><\/li>\n<li><a href=\"https:\/\/www.visitsoglianoalrubicone.it\/de\/sogliano-entdecken\/kunst-kultur-und-kunsthandwerk\/kirchen-abteien-pfarreien-und-kloester\/tempel-von-san-donato-vignola\/\">Tempel von San Donato<\/a><\/li>\n<li><a href=\"https:\/\/www.visitsoglianoalrubicone.it\/scopri-sogliano\/artecultura\/museo-del-disco-e-museo-di-arte-povera\/\">Museum f\u00fcr Disco und Arte Povera<\/a><\/li>\n<li><a href=\"https:\/\/www.visitsoglianoalrubicone.it\/scopri-sogliano\/artecultura\/musei-mostre-permanenti-e-archivi\/museo-leonardo-da-vinci\/\">Leonardo Da Vinci und das Museum der Romagna<\/a><\/li>\n<li><a href=\"https:\/\/www.visitsoglianoalrubicone.it\/scopri-sogliano\/artecultura\/chiese-abbazie-pievi-e-monasteri\/abbazia-benedettina-di-s-leonardo\/\">Abtei von San Leonardo Montetiffi<\/a><\/li>\n<li><a href=\"https:\/\/www.visitsoglianoalrubicone.it\/scopri-sogliano\/artecultura\/musei-mostre-permanenti-e-archivi\/museo-agostino-venanzio-reali\/\">Museum Venanzio Reali<\/a><\/li>\n<li><a href=\"https:\/\/www.visitsoglianoalrubicone.it\/gusta\/enogastronomia-e-prodotti-tipici\/formaggio-di-fossa-di-sogliano-dop-e-non-solo\/le-fosse\/\">Die Gruben<\/a><\/li>\n<li><a href=\"https:\/\/www.visitsoglianoalrubicone.it\/gusta\/enogastronomia-e-prodotti-tipici\/formaggio-di-fossa-di-sogliano-dop-e-non-solo\/\">Fossa-K\u00e4se aus Sogliano g.U.<\/a><\/li>\n<li><a href=\"https:\/\/www.visitsoglianoalrubicone.it\/gusta\/\">Geschmack<\/a><\/li>\n<li>Ori von Sogliano<\/li>\n<li><a href=\"https:\/\/www.visitsoglianoalrubicone.it\/fuoriluogo-8-edizione\/\" target=\"_blank\" rel=\"noopener\">FUORILOGUE<\/a><\/li>\n<li><a href=\"https:\/\/www.visitsoglianoalrubicone.it\/skate-contest-da-sogno\/\" target=\"_blank\" rel=\"noopener\">TRAUM-SKATE-WETTBEWERB<\/a><\/li>\n<\/ul>\n<p>[\/vc_column_text][vc_empty_space height=&#8220;50px&#8220;][vc_column_text]<div class=\"pt-cv-wrapper\"><div class=\"pt-cv-view pt-cv-grid pt-cv-colsys\" id=\"pt-cv-view-8917a893w1\"><div data-id=\"pt-cv-page-1\" class=\"pt-cv-page\" data-cvc=\"4\"><div class=\"col-md-3 col-sm-6 col-xs-12 pt-cv-content-item pt-cv-1-col\" ><div class='pt-cv-ifield'><a href=\"https:\/\/www.visitsoglianoalrubicone.it\/de\/sogliano-entdecken\/routen-trekking-radfahren\/die-pfade-des-oberen-rubikons\/\" class=\"_self pt-cv-href-thumbnail pt-cv-thumb-default\" target=\"_self\" ><img width=\"1024\" height=\"768\" src=\"https:\/\/www.visitsoglianoalrubicone.it\/wp-content\/uploads\/2021\/08\/Visit-Sogliano-al-Rubicone-scopri-sogliano-_box_sentierialtorubicone.jpg\" class=\"pt-cv-thumbnail\" alt=\"\" loading=\"lazy\" srcset=\"https:\/\/www.visitsoglianoalrubicone.it\/wp-content\/uploads\/2021\/08\/Visit-Sogliano-al-Rubicone-scopri-sogliano-_box_sentierialtorubicone.jpg 1024w, https:\/\/www.visitsoglianoalrubicone.it\/wp-content\/uploads\/2021\/08\/Visit-Sogliano-al-Rubicone-scopri-sogliano-_box_sentierialtorubicone-300x225.jpg 300w, https:\/\/www.visitsoglianoalrubicone.it\/wp-content\/uploads\/2021\/08\/Visit-Sogliano-al-Rubicone-scopri-sogliano-_box_sentierialtorubicone-768x576.jpg 768w\" sizes=\"(max-width: 1024px) 100vw, 1024px\" \/><\/a>\n<h6 class=\"pt-cv-title\"><a href=\"https:\/\/www.visitsoglianoalrubicone.it\/de\/sogliano-entdecken\/routen-trekking-radfahren\/die-pfade-des-oberen-rubikons\/\" class=\"_self\" target=\"_self\" >Die Pfade des Oberen Rubikons<\/a><\/h6><\/div><\/div>\n<div class=\"col-md-3 col-sm-6 col-xs-12 pt-cv-content-item pt-cv-1-col\" ><div class='pt-cv-ifield'><a href=\"https:\/\/www.visitsoglianoalrubicone.it\/de\/tasten\/essen-und-wein-und-typische-produkte\/fossa-kaese-von-sogliano-g-u\/\" class=\"_self pt-cv-href-thumbnail pt-cv-thumb-default\" target=\"_self\" ><img width=\"1024\" height=\"768\" src=\"https:\/\/www.visitsoglianoalrubicone.it\/wp-content\/uploads\/2021\/07\/visit-sogliano-al-rubicone-gusta-fiere-sagre-e-mercati-fiera-del-formaggio-di-fossa-di-sogliano-dop-banner-2.jpg\" class=\"pt-cv-thumbnail\" alt=\"\" loading=\"lazy\" srcset=\"https:\/\/www.visitsoglianoalrubicone.it\/wp-content\/uploads\/2021\/07\/visit-sogliano-al-rubicone-gusta-fiere-sagre-e-mercati-fiera-del-formaggio-di-fossa-di-sogliano-dop-banner-2.jpg 1024w, https:\/\/www.visitsoglianoalrubicone.it\/wp-content\/uploads\/2021\/07\/visit-sogliano-al-rubicone-gusta-fiere-sagre-e-mercati-fiera-del-formaggio-di-fossa-di-sogliano-dop-banner-2-300x225.jpg 300w, https:\/\/www.visitsoglianoalrubicone.it\/wp-content\/uploads\/2021\/07\/visit-sogliano-al-rubicone-gusta-fiere-sagre-e-mercati-fiera-del-formaggio-di-fossa-di-sogliano-dop-banner-2-768x576.jpg 768w\" sizes=\"(max-width: 1024px) 100vw, 1024px\" \/><\/a>\n<h6 class=\"pt-cv-title\"><a href=\"https:\/\/www.visitsoglianoalrubicone.it\/de\/tasten\/essen-und-wein-und-typische-produkte\/fossa-kaese-von-sogliano-g-u\/\" class=\"_self\" target=\"_self\" >Fossa-K\u00e4se von Sogliano g.U.<\/a><\/h6><\/div><\/div>\n<div class=\"col-md-3 col-sm-6 col-xs-12 pt-cv-content-item pt-cv-1-col\" ><div class='pt-cv-ifield'><a href=\"https:\/\/www.visitsoglianoalrubicone.it\/de\/tasten\/messen-festivals-und-maerkte\/fiera-del-formaggio-di-fossa-di-sogliano-dop-kaesemesse\/\" class=\"_self pt-cv-href-thumbnail pt-cv-thumb-default\" target=\"_self\" ><img width=\"1024\" height=\"768\" src=\"https:\/\/www.visitsoglianoalrubicone.it\/wp-content\/uploads\/2025\/12\/visit-sogliano-al-rubicone-gusta-fiere-sagre-e-mercati-fiera-del-formaggio-di-fossa-di-sogliano-dop-box2.jpg\" class=\"pt-cv-thumbnail\" alt=\"\" loading=\"lazy\" srcset=\"https:\/\/www.visitsoglianoalrubicone.it\/wp-content\/uploads\/2025\/12\/visit-sogliano-al-rubicone-gusta-fiere-sagre-e-mercati-fiera-del-formaggio-di-fossa-di-sogliano-dop-box2.jpg 1024w, https:\/\/www.visitsoglianoalrubicone.it\/wp-content\/uploads\/2025\/12\/visit-sogliano-al-rubicone-gusta-fiere-sagre-e-mercati-fiera-del-formaggio-di-fossa-di-sogliano-dop-box2-300x225.jpg 300w, https:\/\/www.visitsoglianoalrubicone.it\/wp-content\/uploads\/2025\/12\/visit-sogliano-al-rubicone-gusta-fiere-sagre-e-mercati-fiera-del-formaggio-di-fossa-di-sogliano-dop-box2-768x576.jpg 768w\" sizes=\"(max-width: 1024px) 100vw, 1024px\" \/><\/a>\n<h6 class=\"pt-cv-title\"><a href=\"https:\/\/www.visitsoglianoalrubicone.it\/de\/tasten\/messen-festivals-und-maerkte\/fiera-del-formaggio-di-fossa-di-sogliano-dop-kaesemesse\/\" class=\"_self\" target=\"_self\" >Fiera del Formaggio di Fossa di Sogliano DOP K\u00e4semesse<\/a><\/h6><\/div><\/div>\n<div class=\"col-md-3 col-sm-6 col-xs-12 pt-cv-content-item pt-cv-1-col\" ><div class='pt-cv-ifield'><a href=\"https:\/\/www.visitsoglianoalrubicone.it\/de\/tasten\/essen-und-wein-und-typische-produkte\/fossa-kaese-von-sogliano-g-u\/die-gruben\/\" class=\"_self pt-cv-href-thumbnail pt-cv-thumb-default\" target=\"_self\" ><img width=\"1024\" height=\"768\" src=\"https:\/\/www.visitsoglianoalrubicone.it\/wp-content\/uploads\/2021\/07\/Visit-Sogliano-Gusta-Prodotti-Tipici-Formaggio-di-Fossa-Infossatori-Banner-Resized.jpg\" class=\"pt-cv-thumbnail\" alt=\"\" loading=\"lazy\" srcset=\"https:\/\/www.visitsoglianoalrubicone.it\/wp-content\/uploads\/2021\/07\/Visit-Sogliano-Gusta-Prodotti-Tipici-Formaggio-di-Fossa-Infossatori-Banner-Resized.jpg 1024w, https:\/\/www.visitsoglianoalrubicone.it\/wp-content\/uploads\/2021\/07\/Visit-Sogliano-Gusta-Prodotti-Tipici-Formaggio-di-Fossa-Infossatori-Banner-Resized-300x225.jpg 300w, https:\/\/www.visitsoglianoalrubicone.it\/wp-content\/uploads\/2021\/07\/Visit-Sogliano-Gusta-Prodotti-Tipici-Formaggio-di-Fossa-Infossatori-Banner-Resized-768x576.jpg 768w\" sizes=\"(max-width: 1024px) 100vw, 1024px\" \/><\/a>\n<h6 class=\"pt-cv-title\"><a href=\"https:\/\/www.visitsoglianoalrubicone.it\/de\/tasten\/essen-und-wein-und-typische-produkte\/fossa-kaese-von-sogliano-g-u\/die-gruben\/\" class=\"_self\" target=\"_self\" >Die Gruben<\/a><\/h6><\/div><\/div><\/div><\/div><\/div>[\/vc_column_text][vc_empty_space height=&#8220;50px&#8220;][\/vc_column_inner][\/vc_row_inner][\/vc_column][\/vc_row]<\/p>\n","protected":false},"excerpt":{"rendered":"<p>[vc_row full_width=&#8220;stretch_row_content_no_spaces&#8220;][vc_column][vc_single_image image=&#8220;18464&#8243; img_size=&#8220;1920 x 450&#8243; alignment=&#8220;center&#8220; el_class=&#8220;infotronik_banner_pagina&#8220;][vc_empty_space height=&#8220;50px&#8220;][vc_row_inner][vc_column_inner][vc_column_text]&#8220;Romagna Mia, Romagna in Bl\u00fcte&#8220;&#8230; das sind die Verse, die die M\u00e4nner und&#8230;<\/p>\n","protected":false},"author":3,"featured_media":18463,"parent":20456,"menu_order":0,"comment_status":"closed","ping_status":"closed","template":"","meta":{"loftloader_page_shortcode":""},"_links":{"self":[{"href":"https:\/\/www.visitsoglianoalrubicone.it\/de\/wp-json\/wp\/v2\/pages\/18462"}],"collection":[{"href":"https:\/\/www.visitsoglianoalrubicone.it\/de\/wp-json\/wp\/v2\/pages"}],"about":[{"href":"https:\/\/www.visitsoglianoalrubicone.it\/de\/wp-json\/wp\/v2\/types\/page"}],"author":[{"embeddable":true,"href":"https:\/\/www.visitsoglianoalrubicone.it\/de\/wp-json\/wp\/v2\/users\/3"}],"replies":[{"embeddable":true,"href":"https:\/\/www.visitsoglianoalrubicone.it\/de\/wp-json\/wp\/v2\/comments?post=18462"}],"version-history":[{"count":3,"href":"https:\/\/www.visitsoglianoalrubicone.it\/de\/wp-json\/wp\/v2\/pages\/18462\/revisions"}],"predecessor-version":[{"id":20459,"href":"https:\/\/www.visitsoglianoalrubicone.it\/de\/wp-json\/wp\/v2\/pages\/18462\/revisions\/20459"}],"up":[{"embeddable":true,"href":"https:\/\/www.visitsoglianoalrubicone.it\/de\/wp-json\/wp\/v2\/pages\/20456"}],"wp:featuredmedia":[{"embeddable":true,"href":"https:\/\/www.visitsoglianoalrubicone.it\/de\/wp-json\/wp\/v2\/media\/18463"}],"wp:attachment":[{"href":"https:\/\/www.visitsoglianoalrubicone.it\/de\/wp-json\/wp\/v2\/media?parent=18462"}],"curies":[{"name":"wp","href":"https:\/\/api.w.org\/{rel}","templated":true}]}}