{"id":18480,"date":"2021-07-12T21:23:20","date_gmt":"2021-07-12T21:23:20","guid":{"rendered":"https:\/\/www.visitsoglianoalrubicone.it\/waschhaus-rontagnano\/"},"modified":"2024-12-06T10:07:17","modified_gmt":"2024-12-06T10:07:17","slug":"waschhaus-rontagnano","status":"publish","type":"page","link":"https:\/\/www.visitsoglianoalrubicone.it\/de\/sogliano-entdecken\/kunst-kultur-und-kunsthandwerk\/architektur-und-denkmaeler\/waschhaus-rontagnano\/","title":{"rendered":"Waschhaus Rontagnano"},"content":{"rendered":"<p>[vc_row full_width=&#8220;stretch_row_content_no_spaces&#8220;][vc_column][vc_single_image image=&#8220;18483&#8243; img_size=&#8220;1920 x 450&#8243; alignment=&#8220;center&#8220; el_class=&#8220;infotronik_banner_pagina&#8220;]\n\t\t\t<section class=\"do-normal-page-title-section\">\n\t\t\t\t<div class=\"container\">\n\t\t\t\t\t<div class=\"row uppercase\">\n\t\t\t\n\t\t\t\t\t\t<div class=\"do-page-title-wrapper\">\n\t\t\t\t\t\t\t<div class=\"do-default-page-title col-md-7 col-sm-7 col-xs-12\">\n\t\t\t\t\t\t\t\t<h2 info=19 class=\"infotronik_page_title_big\">Lavatoio Rontagnano<\/h2>\n\t\t\t\t\t\t\t\t<p><\/p>\n\t\t\t\t\t\t\t<\/div>\n\t\t\t\n\t\t\t\t\t\t\t<div class=\"do-breadcumb\"><ul><li><a class=\"infotronik_breadcrumb_cut\" href=\"https:\/\/www.visitsoglianoalrubicone.it\/de\/sogliano-entdecken\/kunst-kultur-und-kunsthandwerk\/\">Kunst Kultur und Kunsthandwerk<\/a><\/li><li><a class=\"infotronik_breadcrumb_cut\" href=\"https:\/\/www.visitsoglianoalrubicone.it\/de\/sogliano-entdecken\/kunst-kultur-und-kunsthandwerk\/architektur-und-denkmaeler\/\">Architektur und Denkm\u00e4ler<\/a><\/li><\/ul><\/div>\n\t\t\t\t\t\t<\/div>\n\t\t\t\n\t\t\t\t\t<\/div>\n\t\t\t\t<\/div>\n\t\t\t<\/section>\n\t\t[vc_empty_space height=&#8220;20px&#8220;][vc_row_inner][vc_column_inner][vc_column_text]Gleich unterhalb des historischen Zentrums von Rontagnano befindet sich das \u00f6ffentliche Waschhaus. Der kurze Weg im Gr\u00fcnen, der zu dem &#8222;La Fonte&#8220; genannten Gebiet f\u00fchrt, war fr\u00fcher vollst\u00e4ndig gepflastert, wovon heute noch ein paar Streifen zeugen. Am Ende des Weges befindet sich ein h\u00fcbsches kleines Haus, das an einen Tiefbrunnen angeschlossen ist, der Anfang des 20. Jahrhunderts Wasser in die Lagerst\u00e4tte f\u00f6rderte, die sich neben der Casa del Fascio (Haus der faschistischen Partei) befindet. W\u00e4hrend des Krieges wurden die Pumpen abgestellt, aber das Waschhaus blieb in Betrieb. Das Waschhaus befindet sich etwas weiter unten und ist \u00fcber eine kurze Steintreppe zu erreichen. Das Waschhaus hat eine regelm\u00e4\u00dfige Struktur mit einer quadratischen Grundfl\u00e4che und die Arbeitsfl\u00e4che weist 20 Seifenschalen auf (ein gro\u00dfes Waschhaus f\u00fcr ein ehemals dicht besiedeltes Dorf). Das Waschhaus ist auf beiden stromaufw\u00e4rts gelegenen Seiten von einer kleinen Steinmauer umgeben (die mit gro\u00dfen Steinen gepflastert ist, die wahrscheinlich vor den Bauarbeiten von 1925 das Waschhaus bildeten), aus der der Brunnen auf nat\u00fcrliche Weise \u00fcberl\u00e4uft und das Waschhaus kontinuierlich gespeist bleibt. Vor einigen Jahren st\u00fcrzten zwei gro\u00dfe Pappeln auf das Waschhaus, gl\u00fccklicherweise ohne es zu besch\u00e4digen, und bildeten zusammen mit Efeu und Brombeeren einen uneinnehmbaren Sarkophag, der das Waschhaus bis heute verdeckt, aber bewahrt.[\/vc_column_text][vc_empty_space height=&#8220;30px&#8220;][\/vc_column_inner][\/vc_row_inner][vc_row_inner][vc_column_inner width=&#8220;1\/2&#8243;]\n\t\t<div class=\"do-icon-with-text-style1 appear fadeIn\" data-wow-duration=\"1s\" data-wow-delay=\"0.3s\">\n\t\t    <div class=\"do-icon-wrapper\">\n\t\t        <i class=\"fa fa-map-marker\"><\/i>\n\t\t    <\/div>\n\t\t    <p>\nGPS-Koordinaten: 43.956055377366056, 12.230678582021936 Zugang von der Via C\u00e0 Tonini &#8211; Rontagnano<\/p>\n\n\t\t<\/div>\n\t\n\t\t<div class=\"do-icon-with-text-style1 appear fadeIn\" data-wow-duration=\"1s\" data-wow-delay=\"0.3s\">\n\t\t    <div class=\"do-icon-wrapper\">\n\t\t        <i class=\"fa fa-clock-o\"><\/i>\n\t\t    <\/div>\n\t\t    <p>Immer von au\u00dfen besuchbar<\/p>\n\n\t\t<\/div>\n\t[\/vc_column_inner][vc_column_inner width=&#8220;1\/2&#8243;][vc_gmaps link=&#8220;#E-8_JTNDaWZyYW1lJTIwc3JjJTNEJTIyaHR0cHMlM0ElMkYlMkZ3d3cuZ29vZ2xlLmNvbSUyRm1hcHMlMkZlbWJlZCUzRnBiJTNEJTIxMW0xOCUyMTFtMTIlMjExbTMlMjExZDU2MC45NjkxNTAzNTQ2MTU5JTIxMmQxMi4yMzAxMjg3MjkyMDM2MzUlMjEzZDQzLjk1NjAxMjg5ODY5NDUyNCUyMTJtMyUyMTFmMCUyMTJmMCUyMTNmMCUyMTNtMiUyMTFpMTAyNCUyMTJpNzY4JTIxNGYxMy4xJTIxM20zJTIxMW0yJTIxMXMweDEzMmM5YmZjODgyYTQxYmQlMjUzQTB4ZGY5YTBiYjljYWU5YmZhZiUyMTJzTGF2YXRvaW8lMjE1ZTElMjEzbTIlMjExc2l0JTIxMnNpdCUyMTR2MTY1MDYyMjYzNzQ1NSUyMTVtMiUyMTFzaXQlMjEyc2l0JTIyJTIwd2lkdGglM0QlMjI2MDAlMjIlMjBoZWlnaHQlM0QlMjI0NTAlMjIlMjBzdHlsZSUzRCUyMmJvcmRlciUzQTAlM0IlMjIlMjBhbGxvd2Z1bGxzY3JlZW4lM0QlMjIlMjIlMjBsb2FkaW5nJTNEJTIybGF6eSUyMiUyMHJlZmVycmVycG9saWN5JTNEJTIybm8tcmVmZXJyZXItd2hlbi1kb3duZ3JhZGUlMjIlM0UlM0MlMkZpZnJhbWUlM0U=&#8220;][\/vc_column_inner][\/vc_row_inner][vc_row_inner][vc_column_inner][vc_empty_space height=&#8220;30px&#8220;][vc_column_text]<style>#jtg-7279 .modula-item .jtg-social a, .lightbox-socials.jtg-social a{ color: #ffffff }#jtg-7279 .modula-item .jtg-social svg, .lightbox-socials.jtg-social svg { height: 16px; width: 16px }#jtg-7279 .modula-item .jtg-social a:not(:last-child), .lightbox-socials.jtg-social a:not(:last-child) { margin-right: 10px }#jtg-7279 .modula-item .figc {color:#ffffff;}#jtg-7279 .modula-item .modula-item-content { transform: scale(1) }#jtg-7279 { width:100%;}#jtg-7279 .modula-items .figc p.description { font-size:14px; }#jtg-7279 .modula-items .figc p.description { color:#ffffff;}#jtg-7279.modula-gallery .modula-item > a, #jtg-7279.modula-gallery .modula-item, #jtg-7279.modula-gallery .modula-item-content > a { cursor:zoom-in; } @media screen and (max-width:480px){#jtg-7279 .modula-item .figc .jtg-title {  font-size: 12px; }#jtg-7279 .modula-items .figc p.description { color:#ffffff;font-size:10px; }}<\/style>\n<!-- Gallery Container -->\n<div  id=\"jtg-7279\" class=\"modula modula-gallery modula-columns\" data-config=\"{&quot;enableTwitter&quot;:false,&quot;enableWhatsapp&quot;:false,&quot;enableFacebook&quot;:false,&quot;enablePinterest&quot;:false,&quot;enableLinkedin&quot;:false,&quot;enableEmail&quot;:false,&quot;randomFactor&quot;:0.5,&quot;type&quot;:&quot;grid&quot;,&quot;columns&quot;:12,&quot;gutter&quot;:10,&quot;mobileGutter&quot;:10,&quot;tabletGutter&quot;:10,&quot;desktopGutter&quot;:10,&quot;enableResponsive&quot;:&quot;0&quot;,&quot;tabletColumns&quot;:&quot;2&quot;,&quot;mobileColumns&quot;:&quot;1&quot;,&quot;lazyLoad&quot;:&quot;0&quot;,&quot;lightboxOpts&quot;:{&quot;loop&quot;:false,&quot;arrows&quot;:true,&quot;toolbar&quot;:true,&quot;keyboard&quot;:false,&quot;wheel&quot;:false,&quot;buttons&quot;:[&quot;close&quot;],&quot;hash&quot;:false,&quot;lang&quot;:&quot;en&quot;,&quot;touch&quot;:false,&quot;protect&quot;:false,&quot;i18n&quot;:{&quot;en&quot;:{&quot;CLOSE&quot;:&quot;Close&quot;,&quot;NEXT&quot;:&quot;Next&quot;,&quot;PREV&quot;:&quot;Previous&quot;,&quot;Error&quot;:&quot;The requested content cannot be loaded. Please try again later.&quot;,&quot;PLAY_START&quot;:&quot;Start slideshow&quot;,&quot;PLAY_STOP&quot;:&quot;Pause slideshow&quot;,&quot;FULL_SCREEN&quot;:&quot;Full screen&quot;,&quot;THUMBS&quot;:&quot;Thumbnails&quot;,&quot;DOWNLOAD&quot;:&quot;Download&quot;,&quot;SHARE&quot;:&quot;Share&quot;,&quot;ZOOM&quot;:&quot;Zoom&quot;}},&quot;clickSlide&quot;:false,&quot;clickOutside&quot;:false,&quot;dblclickContent&quot;:false,&quot;dblclickSlide&quot;:false,&quot;dblclickOutside&quot;:false,&quot;clickContent&quot;:false,&quot;baseTpl&quot;:&quot;&lt;div class=\\&quot;modula-fancybox-container modula-lightbox-jtg-7279\\&quot; role=\\&quot;dialog\\&quot; tabindex=\\&quot;-1\\&quot;&gt;&lt;div class=\\&quot;modula-fancybox-bg\\&quot;&gt;&lt;\\\/div&gt;&lt;div class=\\&quot;modula-fancybox-inner\\&quot;&gt;&lt;div class=\\&quot;modula-fancybox-infobar\\&quot;&gt;&lt;span data-fancybox-index&gt;&lt;\\\/span&gt;&nbsp;\\\/&nbsp;&lt;span data-fancybox-count&gt;&lt;\\\/span&gt;&lt;\\\/div&gt;&lt;div class=\\&quot;modula-fancybox-toolbar\\&quot;&gt;{{buttons}}&lt;\\\/div&gt;&lt;div class=\\&quot;modula-fancybox-navigation\\&quot;&gt;{{arrows}}&lt;\\\/div&gt;&lt;div class=\\&quot;modula-fancybox-stage\\&quot;&gt;&lt;\\\/div&gt;&lt;div class=\\&quot;modula-fancybox-caption\\&quot;&gt;&lt;div class=\\&quot;modula-fancybox-caption__body\\&quot;&gt;&lt;\\\/div&gt;&lt;\\\/div&gt;&lt;\\\/div&gt;&lt;\\\/div&gt;&quot;},&quot;inView&quot;:false,&quot;email_subject&quot;:&quot;Check out this awesome image !!&quot;,&quot;email_message&quot;:&quot;Here is the link to the image : %%image_link%% and this is the link to the gallery : %%gallery_link%%&quot;,&quot;grid_type&quot;:&quot;automatic&quot;,&quot;rowHeight&quot;:150,&quot;lastRow&quot;:&quot;justify&quot;,&quot;lightbox&quot;:&quot;fancybox&quot;}\">\n\n\t\n\t<!-- Items Container -->\n\t<div  class=\"modula-items grid-gallery\">\n\t\t<div class=\"modula-item effect-pufrobo\" >\n\t<div class=\"modula-item-overlay\"><\/div>\n\n\t<div class=\"modula-item-content\">\n\n\t\t\t\t\n\t\t\t\t\t<a data-image-id=\"7280\" href=\"https:\/\/www.visitsoglianoalrubicone.it\/wp-content\/uploads\/2022\/04\/Visit-Sogliano-Scopri-Sogliano-Arte-Cultura-Artigianato-Architettura-e-Monumenti-Lavatoio-Rontagnano-scaled-1024x683-1.jpg\" rel=\"jtg-7279\" data-caption=\"\" class=\"tile-inner modula-item-link\"><\/a>\n\t\t\n\t\t<img class=\"pic\"  data-valign=\"middle\" data-halign=\"center\" alt=\"\" data-full=\"https:\/\/www.visitsoglianoalrubicone.it\/wp-content\/uploads\/2022\/04\/Visit-Sogliano-Scopri-Sogliano-Arte-Cultura-Artigianato-Architettura-e-Monumenti-Lavatoio-Rontagnano-scaled-1024x683-1.jpg\" title=\"Visit-Sogliano-Scopri-Sogliano-Arte-Cultura-Artigianato-Architettura-e-Monumenti-Lavatoio-Rontagnano-scaled-1024x683 (1)\" width=\"600\" height=\"485\" src=\"https:\/\/www.visitsoglianoalrubicone.it\/wp-content\/uploads\/2022\/04\/Visit-Sogliano-Scopri-Sogliano-Arte-Cultura-Artigianato-Architettura-e-Monumenti-Lavatoio-Rontagnano-scaled-1024x683-1.jpg\" data-src=\"https:\/\/www.visitsoglianoalrubicone.it\/wp-content\/uploads\/2022\/04\/Visit-Sogliano-Scopri-Sogliano-Arte-Cultura-Artigianato-Architettura-e-Monumenti-Lavatoio-Rontagnano-scaled-1024x683-1.jpg\" data-caption=\"\"srcset=\"https:\/\/www.visitsoglianoalrubicone.it\/wp-content\/uploads\/2022\/04\/Visit-Sogliano-Scopri-Sogliano-Arte-Cultura-Artigianato-Architettura-e-Monumenti-Lavatoio-Rontagnano-scaled-1024x683-1.jpg 600w, https:\/\/www.visitsoglianoalrubicone.it\/wp-content\/uploads\/2022\/04\/Visit-Sogliano-Scopri-Sogliano-Arte-Cultura-Artigianato-Architettura-e-Monumenti-Lavatoio-Rontagnano-scaled-1024x683-1-300x243.jpg 300w\" sizes=\"(max-width: 600px) 100vw, 600px\"\" \/>\n\t\t<div class=\"figc no-description\">\n\t\t\t<div class=\"figc-inner\">\n\t\t\t\t\t\t\t\t\t\t\t\t\t\t\t<\/div>\n\t\t<\/div>\n\n\t<\/div>\n\n<\/div><div class=\"modula-item effect-pufrobo\" >\n\t<div class=\"modula-item-overlay\"><\/div>\n\n\t<div class=\"modula-item-content\">\n\n\t\t\t\t\n\t\t\t\t\t<a data-image-id=\"7281\" href=\"https:\/\/www.visitsoglianoalrubicone.it\/wp-content\/uploads\/2022\/04\/Visit-Sogliano-Scopri-Sogliano-Arte-Cultura-Artigianato-Architettura-e-Monumenti-Lavatoio-Rontagnano-scaled-1024x683-2.jpg\" rel=\"jtg-7279\" data-caption=\"\" class=\"tile-inner modula-item-link\"><\/a>\n\t\t\n\t\t<img class=\"pic\"  data-valign=\"middle\" data-halign=\"center\" alt=\"\" data-full=\"https:\/\/www.visitsoglianoalrubicone.it\/wp-content\/uploads\/2022\/04\/Visit-Sogliano-Scopri-Sogliano-Arte-Cultura-Artigianato-Architettura-e-Monumenti-Lavatoio-Rontagnano-scaled-1024x683-2.jpg\" title=\"Visit-Sogliano-Scopri-Sogliano-Arte-Cultura-Artigianato-Architettura-e-Monumenti-Lavatoio-Rontagnano-scaled-1024x683 (2)\" width=\"600\" height=\"988\" src=\"https:\/\/www.visitsoglianoalrubicone.it\/wp-content\/uploads\/2022\/04\/Visit-Sogliano-Scopri-Sogliano-Arte-Cultura-Artigianato-Architettura-e-Monumenti-Lavatoio-Rontagnano-scaled-1024x683-2.jpg\" data-src=\"https:\/\/www.visitsoglianoalrubicone.it\/wp-content\/uploads\/2022\/04\/Visit-Sogliano-Scopri-Sogliano-Arte-Cultura-Artigianato-Architettura-e-Monumenti-Lavatoio-Rontagnano-scaled-1024x683-2.jpg\" data-caption=\"\"srcset=\"https:\/\/www.visitsoglianoalrubicone.it\/wp-content\/uploads\/2022\/04\/Visit-Sogliano-Scopri-Sogliano-Arte-Cultura-Artigianato-Architettura-e-Monumenti-Lavatoio-Rontagnano-scaled-1024x683-2.jpg 600w, https:\/\/www.visitsoglianoalrubicone.it\/wp-content\/uploads\/2022\/04\/Visit-Sogliano-Scopri-Sogliano-Arte-Cultura-Artigianato-Architettura-e-Monumenti-Lavatoio-Rontagnano-scaled-1024x683-2-182x300.jpg 182w\" sizes=\"(max-width: 600px) 100vw, 600px\"\" \/>\n\t\t<div class=\"figc no-description\">\n\t\t\t<div class=\"figc-inner\">\n\t\t\t\t\t\t\t\t\t\t\t\t\t\t\t<\/div>\n\t\t<\/div>\n\n\t<\/div>\n\n<\/div>\t\t\n\t<\/div>\n\n\t\n\t\n\t<script type=\"application\/ld+json\">\n\t{\n\t\t\"@context\": \"http:\/\/schema.org\",\n\t\t\"@type\"   : \"ImageGallery\",\n\t\t\"id\"      : \"https:\/\/www.visitsoglianoalrubicone.it\/de\/wp-json\/wp\/v2\/pages\/18480\/\",\n\t\t\"url\"     : \"https:\/\/www.visitsoglianoalrubicone.it\/de\/wp-json\/wp\/v2\/pages\/18480\/\"\n\t}\n\n    <\/script>\n\n\t\n<\/div>[\/vc_column_text][vc_empty_space height=&#8220;50px&#8220;][\/vc_column_inner][\/vc_row_inner][\/vc_column][\/vc_row]<\/p>\n","protected":false},"excerpt":{"rendered":"<p>[vc_row full_width=&#8220;stretch_row_content_no_spaces&#8220;][vc_column][vc_single_image image=&#8220;18483&#8243; img_size=&#8220;1920 x 450&#8243; alignment=&#8220;center&#8220; el_class=&#8220;infotronik_banner_pagina&#8220;][vc_empty_space height=&#8220;20px&#8220;][vc_row_inner][vc_column_inner][vc_column_text]Gleich unterhalb des historischen Zentrums von Rontagnano befindet sich das \u00f6ffentliche Waschhaus. Der&#8230;<\/p>\n","protected":false},"author":3,"featured_media":18481,"parent":19451,"menu_order":0,"comment_status":"closed","ping_status":"closed","template":"","meta":{"loftloader_page_shortcode":""},"_links":{"self":[{"href":"https:\/\/www.visitsoglianoalrubicone.it\/de\/wp-json\/wp\/v2\/pages\/18480"}],"collection":[{"href":"https:\/\/www.visitsoglianoalrubicone.it\/de\/wp-json\/wp\/v2\/pages"}],"about":[{"href":"https:\/\/www.visitsoglianoalrubicone.it\/de\/wp-json\/wp\/v2\/types\/page"}],"author":[{"embeddable":true,"href":"https:\/\/www.visitsoglianoalrubicone.it\/de\/wp-json\/wp\/v2\/users\/3"}],"replies":[{"embeddable":true,"href":"https:\/\/www.visitsoglianoalrubicone.it\/de\/wp-json\/wp\/v2\/comments?post=18480"}],"version-history":[{"count":2,"href":"https:\/\/www.visitsoglianoalrubicone.it\/de\/wp-json\/wp\/v2\/pages\/18480\/revisions"}],"predecessor-version":[{"id":18499,"href":"https:\/\/www.visitsoglianoalrubicone.it\/de\/wp-json\/wp\/v2\/pages\/18480\/revisions\/18499"}],"up":[{"embeddable":true,"href":"https:\/\/www.visitsoglianoalrubicone.it\/de\/wp-json\/wp\/v2\/pages\/19451"}],"wp:featuredmedia":[{"embeddable":true,"href":"https:\/\/www.visitsoglianoalrubicone.it\/de\/wp-json\/wp\/v2\/media\/18481"}],"wp:attachment":[{"href":"https:\/\/www.visitsoglianoalrubicone.it\/de\/wp-json\/wp\/v2\/media?parent=18480"}],"curies":[{"name":"wp","href":"https:\/\/api.w.org\/{rel}","templated":true}]}}