{"id":18506,"date":"2021-07-12T21:20:21","date_gmt":"2021-07-12T21:20:21","guid":{"rendered":"https:\/\/www.visitsoglianoalrubicone.it\/mistedia-von-romagnano-montepetra\/"},"modified":"2024-12-06T10:07:19","modified_gmt":"2024-12-06T10:07:19","slug":"mistedia-von-romagnano-montepetra","status":"publish","type":"page","link":"https:\/\/www.visitsoglianoalrubicone.it\/de\/sogliano-entdecken\/kunst-kultur-und-kunsthandwerk\/architektur-und-denkmaeler\/mistedia-von-romagnano-montepetra\/","title":{"rendered":"Mistedia von Romagnano &#8211; Montepetra"},"content":{"rendered":"<p>[vc_row full_width=&#8220;stretch_row_content_no_spaces&#8220;][vc_column][vc_single_image image=&#8220;18510&#8243; img_size=&#8220;1920 x 450&#8243; alignment=&#8220;center&#8220; el_class=&#8220;infotronik_banner_pagina&#8220;]\n\t\t\t<section class=\"do-normal-page-title-section\">\n\t\t\t\t<div class=\"container\">\n\t\t\t\t\t<div class=\"row uppercase\">\n\t\t\t\n\t\t\t\t\t\t<div class=\"do-page-title-wrapper\">\n\t\t\t\t\t\t\t<div class=\"do-default-page-title col-md-7 col-sm-7 col-xs-12\">\n\t\t\t\t\t\t\t\t<h2 info=21 class=\"infotronik_page_title_big\">Mistedia di Romagnano<\/h2>\n\t\t\t\t\t\t\t\t<p><\/p>\n\t\t\t\t\t\t\t<\/div>\n\t\t\t\n\t\t\t\t\t\t\t<div class=\"do-breadcumb\"><ul><li><a class=\"infotronik_breadcrumb_cut\" href=\"https:\/\/www.visitsoglianoalrubicone.it\/de\/sogliano-entdecken\/kunst-kultur-und-kunsthandwerk\/\">Kunst Kultur und Kunsthandwerk<\/a><\/li><li><a class=\"infotronik_breadcrumb_cut\" href=\"https:\/\/www.visitsoglianoalrubicone.it\/de\/sogliano-entdecken\/kunst-kultur-und-kunsthandwerk\/architektur-und-denkmaeler\/\">Architektur und Denkm\u00e4ler<\/a><\/li><\/ul><\/div>\n\t\t\t\t\t\t<\/div>\n\t\t\t\n\t\t\t\t\t<\/div>\n\t\t\t\t<\/div>\n\t\t\t<\/section>\n\t\t[vc_empty_space height=&#8220;20px&#8220;][vc_row_inner][vc_column_inner][vc_column_text]Die Mistedia von Romagnano zeugt von dem Ort, an dem im Jahr 1563 eine Erscheinung der Jungfrau Maria aufgezeichnet wurde. Mistedia ist ein Dialektbegriff, der f\u00fcr &#8218;Maestadina&#8216; steht und einen Tabernakel an einer Stra\u00dfe bezeichnet, in dem ein heiliges Bild aufbewahrt wird. Der \u00dcberlieferung nach erschien die Heilige Jungfrau am 8. April 1563 einem jungen M\u00e4dchen namens Agata, w\u00e4hrend sie ihre Herde weidete, und \u00e4u\u00dferte ihren Wunsch, dort geehrt zu werden.<br \/>\nDie Hirtin, die von Geburt an taubstumm war, erlangte sofort Geh\u00f6r und Sprache und lief zu ihren Eltern, um ihnen zu berichten, was geschehen war. Bald darauf lie\u00df der Bischof die neue Kirche in Romagnano errichten, wie es die Gottesmutter gew\u00fcnscht hatte.<\/p>\n<p>Seitdem sind diese Orte ein Wallfahrtsort f\u00fcr Gl\u00e4ubige. Am genauen Ort der Erscheinung (Montepetra, loc. Giampreti) befindet sich heute eine kleine Zelle, die \u00fcber einen Weg erreicht werden kann, der in der N\u00e4he der Br\u00fccke \u00fcber die Chiusa di Montepetra Bassa beginnt.[\/vc_column_text][vc_empty_space height=&#8220;30px&#8220;][\/vc_column_inner][\/vc_row_inner][vc_row_inner][vc_column_inner width=&#8220;1\/2&#8243;]\n\t\t<div class=\"do-icon-with-text-style1 appear fadeIn\" data-wow-duration=\"1s\" data-wow-delay=\"0.3s\">\n\t\t    <div class=\"do-icon-wrapper\">\n\t\t        <i class=\"fa fa-map-marker\"><\/i>\n\t\t    <\/div>\n\t\t    <p>\n43.9226628030948, 12.175268901065232 Es ist ratsam, in Montepetra Bassa zu parken und den ausgeschilderten Weg ab SP139 zu gehen.<\/p>\n\n\t\t<\/div>\n\t\n\t\t<div class=\"do-icon-with-text-style1 appear fadeIn\" data-wow-duration=\"1s\" data-wow-delay=\"0.3s\">\n\t\t    <div class=\"do-icon-wrapper\">\n\t\t        <i class=\"fa fa-clock-o\"><\/i>\n\t\t    <\/div>\n\t\t    <p>Immer von au\u00dfen besuchbar<\/p>\n\n\t\t<\/div>\n\t[\/vc_column_inner][vc_column_inner width=&#8220;1\/2&#8243;][vc_gmaps link=&#8220;#E-8_JTNDaWZyYW1lJTIwc3JjJTNEJTIyaHR0cHMlM0ElMkYlMkZ3d3cuZ29vZ2xlLmNvbSUyRm1hcHMlMkZlbWJlZCUzRnBiJTNEJTIxMW0xOCUyMTFtMTIlMjExbTMlMjExZDE3OTEuMjkwNzczNDIwODE0NyUyMTJkMTIuMTczMjE2ODQ5MDU5NzIyJTIxM2Q0My45MjI1MTIxOTMwNjkxOSUyMTJtMyUyMTFmMCUyMTJmMCUyMTNmMCUyMTNtMiUyMTFpMTAyNCUyMTJpNzY4JTIxNGYxMy4xJTIxM20zJTIxMW0yJTIxMXMweDEzMmM5YmFmODhhM2MwMDElMjUzQTB4YjJkMzIwNzE3MzIwMjkxMSUyMTJzTWlzdGVkaWElMjUyMC0lMjUyMEFwcGFyaXppb25lJTI1MjBNYWRvbm5hJTI1MjBkaSUyNTIwUm9tYWduYW5vJTIxNWUxJTIxM20yJTIxMXNpdCUyMTJzaXQlMjE0djE2MzE5NjQyOTM3NDQlMjE1bTIlMjExc2l0JTIxMnNpdCUyMiUyMHdpZHRoJTNEJTIyNjAwJTIyJTIwaGVpZ2h0JTNEJTIyNDUwJTIyJTIwc3R5bGUlM0QlMjJib3JkZXIlM0EwJTNCJTIyJTIwYWxsb3dmdWxsc2NyZWVuJTNEJTIyJTIyJTIwbG9hZGluZyUzRCUyMmxhenklMjIlM0UlM0MlMkZpZnJhbWUlM0U=&#8220;][\/vc_column_inner][\/vc_row_inner][vc_row_inner][vc_column_inner][vc_empty_space height=&#8220;30px&#8220;][vc_column_text]<style>#jtg-6468 .modula-item .jtg-social a, .lightbox-socials.jtg-social a{ color: #ffffff }#jtg-6468 .modula-item .jtg-social svg, .lightbox-socials.jtg-social svg { height: 16px; width: 16px }#jtg-6468 .modula-item .jtg-social a:not(:last-child), .lightbox-socials.jtg-social a:not(:last-child) { margin-right: 10px }#jtg-6468 .modula-item .figc {color:#ffffff;}#jtg-6468 .modula-item .modula-item-content { transform: scale(1) }#jtg-6468 { width:100%;}#jtg-6468 .modula-items .figc p.description { font-size:14px; }#jtg-6468 .modula-items .figc p.description { color:#ffffff;}#jtg-6468.modula-gallery .modula-item > a, #jtg-6468.modula-gallery .modula-item, #jtg-6468.modula-gallery .modula-item-content > a { cursor:zoom-in; } @media screen and (max-width:480px){#jtg-6468 .modula-item .figc .jtg-title {  font-size: 12px; }#jtg-6468 .modula-items .figc p.description { color:#ffffff;font-size:10px; }}<\/style>\n<!-- Gallery Container -->\n<div  id=\"jtg-6468\" class=\"modula modula-gallery modula-columns\" data-config=\"{&quot;enableTwitter&quot;:false,&quot;enableWhatsapp&quot;:false,&quot;enableFacebook&quot;:false,&quot;enablePinterest&quot;:false,&quot;enableLinkedin&quot;:false,&quot;enableEmail&quot;:false,&quot;randomFactor&quot;:0.5,&quot;type&quot;:&quot;grid&quot;,&quot;columns&quot;:12,&quot;gutter&quot;:10,&quot;mobileGutter&quot;:10,&quot;tabletGutter&quot;:10,&quot;desktopGutter&quot;:10,&quot;enableResponsive&quot;:&quot;0&quot;,&quot;tabletColumns&quot;:&quot;2&quot;,&quot;mobileColumns&quot;:&quot;1&quot;,&quot;lazyLoad&quot;:&quot;0&quot;,&quot;lightboxOpts&quot;:{&quot;loop&quot;:false,&quot;arrows&quot;:true,&quot;toolbar&quot;:true,&quot;keyboard&quot;:false,&quot;wheel&quot;:false,&quot;buttons&quot;:[&quot;close&quot;],&quot;hash&quot;:false,&quot;lang&quot;:&quot;en&quot;,&quot;touch&quot;:false,&quot;protect&quot;:false,&quot;i18n&quot;:{&quot;en&quot;:{&quot;CLOSE&quot;:&quot;Close&quot;,&quot;NEXT&quot;:&quot;Next&quot;,&quot;PREV&quot;:&quot;Previous&quot;,&quot;Error&quot;:&quot;The requested content cannot be loaded. Please try again later.&quot;,&quot;PLAY_START&quot;:&quot;Start slideshow&quot;,&quot;PLAY_STOP&quot;:&quot;Pause slideshow&quot;,&quot;FULL_SCREEN&quot;:&quot;Full screen&quot;,&quot;THUMBS&quot;:&quot;Thumbnails&quot;,&quot;DOWNLOAD&quot;:&quot;Download&quot;,&quot;SHARE&quot;:&quot;Share&quot;,&quot;ZOOM&quot;:&quot;Zoom&quot;}},&quot;clickSlide&quot;:false,&quot;clickOutside&quot;:false,&quot;dblclickContent&quot;:false,&quot;dblclickSlide&quot;:false,&quot;dblclickOutside&quot;:false,&quot;clickContent&quot;:false,&quot;baseTpl&quot;:&quot;&lt;div class=\\&quot;modula-fancybox-container modula-lightbox-jtg-6468\\&quot; role=\\&quot;dialog\\&quot; tabindex=\\&quot;-1\\&quot;&gt;&lt;div class=\\&quot;modula-fancybox-bg\\&quot;&gt;&lt;\\\/div&gt;&lt;div class=\\&quot;modula-fancybox-inner\\&quot;&gt;&lt;div class=\\&quot;modula-fancybox-infobar\\&quot;&gt;&lt;span data-fancybox-index&gt;&lt;\\\/span&gt;&nbsp;\\\/&nbsp;&lt;span data-fancybox-count&gt;&lt;\\\/span&gt;&lt;\\\/div&gt;&lt;div class=\\&quot;modula-fancybox-toolbar\\&quot;&gt;{{buttons}}&lt;\\\/div&gt;&lt;div class=\\&quot;modula-fancybox-navigation\\&quot;&gt;{{arrows}}&lt;\\\/div&gt;&lt;div class=\\&quot;modula-fancybox-stage\\&quot;&gt;&lt;\\\/div&gt;&lt;div class=\\&quot;modula-fancybox-caption\\&quot;&gt;&lt;div class=\\&quot;modula-fancybox-caption__body\\&quot;&gt;&lt;\\\/div&gt;&lt;\\\/div&gt;&lt;\\\/div&gt;&lt;\\\/div&gt;&quot;},&quot;inView&quot;:false,&quot;email_subject&quot;:&quot;Check out this awesome image !!&quot;,&quot;email_message&quot;:&quot;Here is the link to the image : %%image_link%% and this is the link to the gallery : %%gallery_link%%&quot;,&quot;grid_type&quot;:&quot;automatic&quot;,&quot;rowHeight&quot;:150,&quot;lastRow&quot;:&quot;justify&quot;,&quot;lightbox&quot;:&quot;fancybox&quot;}\">\n\n\t\n\t<!-- Items Container -->\n\t<div  class=\"modula-items grid-gallery\">\n\t\t<div class=\"modula-item effect-pufrobo\" >\n\t<div class=\"modula-item-overlay\"><\/div>\n\n\t<div class=\"modula-item-content\">\n\n\t\t\t\t\n\t\t\t\t\t<a data-image-id=\"6471\" href=\"https:\/\/www.visitsoglianoalrubicone.it\/wp-content\/uploads\/2021\/09\/Visit-Sogliano-Scopri-Sogliano-Arte-Cultura-Artigianato-Chiese-Pievi-Abbazie-Monasteri-Mistedia-Romagnano-1-scaled.jpg\" rel=\"jtg-6468\" data-caption=\"\" class=\"tile-inner modula-item-link\"><\/a>\n\t\t\n\t\t<img class=\"pic\"  data-valign=\"middle\" data-halign=\"center\" alt=\"\" data-full=\"https:\/\/www.visitsoglianoalrubicone.it\/wp-content\/uploads\/2021\/09\/Visit-Sogliano-Scopri-Sogliano-Arte-Cultura-Artigianato-Chiese-Pievi-Abbazie-Monasteri-Mistedia-Romagnano-1.jpg\" title=\"Visit Sogliano - Scopri Sogliano - Arte Cultura Artigianato - Chiese Pievi Abbazie Monasteri - Mistedia Romagnano (1)\" width=\"768\" height=\"1024\" src=\"https:\/\/www.visitsoglianoalrubicone.it\/wp-content\/uploads\/2021\/09\/Visit-Sogliano-Scopri-Sogliano-Arte-Cultura-Artigianato-Chiese-Pievi-Abbazie-Monasteri-Mistedia-Romagnano-1-768x1024.jpg\" data-src=\"https:\/\/www.visitsoglianoalrubicone.it\/wp-content\/uploads\/2021\/09\/Visit-Sogliano-Scopri-Sogliano-Arte-Cultura-Artigianato-Chiese-Pievi-Abbazie-Monasteri-Mistedia-Romagnano-1-768x1024.jpg\" data-caption=\"\"srcset=\"https:\/\/www.visitsoglianoalrubicone.it\/wp-content\/uploads\/2021\/09\/Visit-Sogliano-Scopri-Sogliano-Arte-Cultura-Artigianato-Chiese-Pievi-Abbazie-Monasteri-Mistedia-Romagnano-1-scaled-768x1024.jpg 768w, https:\/\/www.visitsoglianoalrubicone.it\/wp-content\/uploads\/2021\/09\/Visit-Sogliano-Scopri-Sogliano-Arte-Cultura-Artigianato-Chiese-Pievi-Abbazie-Monasteri-Mistedia-Romagnano-1-225x300.jpg 225w, https:\/\/www.visitsoglianoalrubicone.it\/wp-content\/uploads\/2021\/09\/Visit-Sogliano-Scopri-Sogliano-Arte-Cultura-Artigianato-Chiese-Pievi-Abbazie-Monasteri-Mistedia-Romagnano-1-1152x1536.jpg 1152w, https:\/\/www.visitsoglianoalrubicone.it\/wp-content\/uploads\/2021\/09\/Visit-Sogliano-Scopri-Sogliano-Arte-Cultura-Artigianato-Chiese-Pievi-Abbazie-Monasteri-Mistedia-Romagnano-1-1536x2048.jpg 1536w, https:\/\/www.visitsoglianoalrubicone.it\/wp-content\/uploads\/2021\/09\/Visit-Sogliano-Scopri-Sogliano-Arte-Cultura-Artigianato-Chiese-Pievi-Abbazie-Monasteri-Mistedia-Romagnano-1-scaled.jpg 1920w\" sizes=\"(max-width: 768px) 100vw, 768px\"\" \/>\n\t\t<div class=\"figc no-description\">\n\t\t\t<div class=\"figc-inner\">\n\t\t\t\t\t\t\t\t\t\t\t\t\t\t\t<\/div>\n\t\t<\/div>\n\n\t<\/div>\n\n<\/div><div class=\"modula-item effect-pufrobo\" >\n\t<div class=\"modula-item-overlay\"><\/div>\n\n\t<div class=\"modula-item-content\">\n\n\t\t\t\t\n\t\t\t\t\t<a data-image-id=\"6472\" href=\"https:\/\/www.visitsoglianoalrubicone.it\/wp-content\/uploads\/2021\/09\/Visit-Sogliano-Scopri-Sogliano-Arte-Cultura-Artigianato-Chiese-Pievi-Abbazie-Monasteri-Mistedia-Romagnano-2-scaled.jpg\" rel=\"jtg-6468\" data-caption=\"\" class=\"tile-inner modula-item-link\"><\/a>\n\t\t\n\t\t<img class=\"pic\"  data-valign=\"middle\" data-halign=\"center\" alt=\"\" data-full=\"https:\/\/www.visitsoglianoalrubicone.it\/wp-content\/uploads\/2021\/09\/Visit-Sogliano-Scopri-Sogliano-Arte-Cultura-Artigianato-Chiese-Pievi-Abbazie-Monasteri-Mistedia-Romagnano-2.jpg\" title=\"Visit Sogliano - Scopri Sogliano - Arte Cultura Artigianato - Chiese Pievi Abbazie Monasteri - Mistedia Romagnano (2)\" width=\"768\" height=\"1024\" src=\"https:\/\/www.visitsoglianoalrubicone.it\/wp-content\/uploads\/2021\/09\/Visit-Sogliano-Scopri-Sogliano-Arte-Cultura-Artigianato-Chiese-Pievi-Abbazie-Monasteri-Mistedia-Romagnano-2-768x1024.jpg\" data-src=\"https:\/\/www.visitsoglianoalrubicone.it\/wp-content\/uploads\/2021\/09\/Visit-Sogliano-Scopri-Sogliano-Arte-Cultura-Artigianato-Chiese-Pievi-Abbazie-Monasteri-Mistedia-Romagnano-2-768x1024.jpg\" data-caption=\"\"srcset=\"https:\/\/www.visitsoglianoalrubicone.it\/wp-content\/uploads\/2021\/09\/Visit-Sogliano-Scopri-Sogliano-Arte-Cultura-Artigianato-Chiese-Pievi-Abbazie-Monasteri-Mistedia-Romagnano-2-scaled-768x1024.jpg 768w, https:\/\/www.visitsoglianoalrubicone.it\/wp-content\/uploads\/2021\/09\/Visit-Sogliano-Scopri-Sogliano-Arte-Cultura-Artigianato-Chiese-Pievi-Abbazie-Monasteri-Mistedia-Romagnano-2-225x300.jpg 225w, https:\/\/www.visitsoglianoalrubicone.it\/wp-content\/uploads\/2021\/09\/Visit-Sogliano-Scopri-Sogliano-Arte-Cultura-Artigianato-Chiese-Pievi-Abbazie-Monasteri-Mistedia-Romagnano-2-1152x1536.jpg 1152w, https:\/\/www.visitsoglianoalrubicone.it\/wp-content\/uploads\/2021\/09\/Visit-Sogliano-Scopri-Sogliano-Arte-Cultura-Artigianato-Chiese-Pievi-Abbazie-Monasteri-Mistedia-Romagnano-2-1536x2048.jpg 1536w, https:\/\/www.visitsoglianoalrubicone.it\/wp-content\/uploads\/2021\/09\/Visit-Sogliano-Scopri-Sogliano-Arte-Cultura-Artigianato-Chiese-Pievi-Abbazie-Monasteri-Mistedia-Romagnano-2-scaled.jpg 1920w\" sizes=\"(max-width: 768px) 100vw, 768px\"\" \/>\n\t\t<div class=\"figc no-description\">\n\t\t\t<div class=\"figc-inner\">\n\t\t\t\t\t\t\t\t\t\t\t\t\t\t\t<\/div>\n\t\t<\/div>\n\n\t<\/div>\n\n<\/div><div class=\"modula-item effect-pufrobo\" >\n\t<div class=\"modula-item-overlay\"><\/div>\n\n\t<div class=\"modula-item-content\">\n\n\t\t\t\t\n\t\t\t\t\t<a data-image-id=\"6473\" href=\"https:\/\/www.visitsoglianoalrubicone.it\/wp-content\/uploads\/2021\/09\/Visit-Sogliano-Scopri-Sogliano-Arte-Cultura-Artigianato-Chiese-Pievi-Abbazie-Monasteri-Mistedia-Romagnano-3-scaled.jpg\" rel=\"jtg-6468\" data-caption=\"\" class=\"tile-inner modula-item-link\"><\/a>\n\t\t\n\t\t<img class=\"pic\"  data-valign=\"middle\" data-halign=\"center\" alt=\"\" data-full=\"https:\/\/www.visitsoglianoalrubicone.it\/wp-content\/uploads\/2021\/09\/Visit-Sogliano-Scopri-Sogliano-Arte-Cultura-Artigianato-Chiese-Pievi-Abbazie-Monasteri-Mistedia-Romagnano-3.jpg\" title=\"Visit Sogliano - Scopri Sogliano - Arte Cultura Artigianato - Chiese Pievi Abbazie Monasteri - Mistedia Romagnano (3)\" width=\"768\" height=\"1024\" src=\"https:\/\/www.visitsoglianoalrubicone.it\/wp-content\/uploads\/2021\/09\/Visit-Sogliano-Scopri-Sogliano-Arte-Cultura-Artigianato-Chiese-Pievi-Abbazie-Monasteri-Mistedia-Romagnano-3-768x1024.jpg\" data-src=\"https:\/\/www.visitsoglianoalrubicone.it\/wp-content\/uploads\/2021\/09\/Visit-Sogliano-Scopri-Sogliano-Arte-Cultura-Artigianato-Chiese-Pievi-Abbazie-Monasteri-Mistedia-Romagnano-3-768x1024.jpg\" data-caption=\"\"srcset=\"https:\/\/www.visitsoglianoalrubicone.it\/wp-content\/uploads\/2021\/09\/Visit-Sogliano-Scopri-Sogliano-Arte-Cultura-Artigianato-Chiese-Pievi-Abbazie-Monasteri-Mistedia-Romagnano-3-scaled-768x1024.jpg 768w, https:\/\/www.visitsoglianoalrubicone.it\/wp-content\/uploads\/2021\/09\/Visit-Sogliano-Scopri-Sogliano-Arte-Cultura-Artigianato-Chiese-Pievi-Abbazie-Monasteri-Mistedia-Romagnano-3-225x300.jpg 225w, https:\/\/www.visitsoglianoalrubicone.it\/wp-content\/uploads\/2021\/09\/Visit-Sogliano-Scopri-Sogliano-Arte-Cultura-Artigianato-Chiese-Pievi-Abbazie-Monasteri-Mistedia-Romagnano-3-1152x1536.jpg 1152w, https:\/\/www.visitsoglianoalrubicone.it\/wp-content\/uploads\/2021\/09\/Visit-Sogliano-Scopri-Sogliano-Arte-Cultura-Artigianato-Chiese-Pievi-Abbazie-Monasteri-Mistedia-Romagnano-3-1536x2048.jpg 1536w, https:\/\/www.visitsoglianoalrubicone.it\/wp-content\/uploads\/2021\/09\/Visit-Sogliano-Scopri-Sogliano-Arte-Cultura-Artigianato-Chiese-Pievi-Abbazie-Monasteri-Mistedia-Romagnano-3-scaled.jpg 1920w\" sizes=\"(max-width: 768px) 100vw, 768px\"\" \/>\n\t\t<div class=\"figc no-description\">\n\t\t\t<div class=\"figc-inner\">\n\t\t\t\t\t\t\t\t\t\t\t\t\t\t\t<\/div>\n\t\t<\/div>\n\n\t<\/div>\n\n<\/div>\t\t\n\t<\/div>\n\n\t\n\t\n\t<script type=\"application\/ld+json\">\n\t{\n\t\t\"@context\": \"http:\/\/schema.org\",\n\t\t\"@type\"   : \"ImageGallery\",\n\t\t\"id\"      : \"https:\/\/www.visitsoglianoalrubicone.it\/de\/wp-json\/wp\/v2\/pages\/18506\/\",\n\t\t\"url\"     : \"https:\/\/www.visitsoglianoalrubicone.it\/de\/wp-json\/wp\/v2\/pages\/18506\/\"\n\t}\n\n    <\/script>\n\n\t\n<\/div>[\/vc_column_text][vc_empty_space height=&#8220;50px&#8220;][\/vc_column_inner][\/vc_row_inner][\/vc_column][\/vc_row]<\/p>\n","protected":false},"excerpt":{"rendered":"<p>[vc_row full_width=&#8220;stretch_row_content_no_spaces&#8220;][vc_column][vc_single_image image=&#8220;18510&#8243; img_size=&#8220;1920 x 450&#8243; alignment=&#8220;center&#8220; el_class=&#8220;infotronik_banner_pagina&#8220;][vc_empty_space height=&#8220;20px&#8220;][vc_row_inner][vc_column_inner][vc_column_text]Die Mistedia von Romagnano zeugt von dem Ort, an dem im Jahr 1563&#8230;<\/p>\n","protected":false},"author":1,"featured_media":18508,"parent":19451,"menu_order":0,"comment_status":"closed","ping_status":"closed","template":"","meta":{"loftloader_page_shortcode":""},"_links":{"self":[{"href":"https:\/\/www.visitsoglianoalrubicone.it\/de\/wp-json\/wp\/v2\/pages\/18506"}],"collection":[{"href":"https:\/\/www.visitsoglianoalrubicone.it\/de\/wp-json\/wp\/v2\/pages"}],"about":[{"href":"https:\/\/www.visitsoglianoalrubicone.it\/de\/wp-json\/wp\/v2\/types\/page"}],"author":[{"embeddable":true,"href":"https:\/\/www.visitsoglianoalrubicone.it\/de\/wp-json\/wp\/v2\/users\/1"}],"replies":[{"embeddable":true,"href":"https:\/\/www.visitsoglianoalrubicone.it\/de\/wp-json\/wp\/v2\/comments?post=18506"}],"version-history":[{"count":11,"href":"https:\/\/www.visitsoglianoalrubicone.it\/de\/wp-json\/wp\/v2\/pages\/18506\/revisions"}],"predecessor-version":[{"id":18565,"href":"https:\/\/www.visitsoglianoalrubicone.it\/de\/wp-json\/wp\/v2\/pages\/18506\/revisions\/18565"}],"up":[{"embeddable":true,"href":"https:\/\/www.visitsoglianoalrubicone.it\/de\/wp-json\/wp\/v2\/pages\/19451"}],"wp:featuredmedia":[{"embeddable":true,"href":"https:\/\/www.visitsoglianoalrubicone.it\/de\/wp-json\/wp\/v2\/media\/18508"}],"wp:attachment":[{"href":"https:\/\/www.visitsoglianoalrubicone.it\/de\/wp-json\/wp\/v2\/media?parent=18506"}],"curies":[{"name":"wp","href":"https:\/\/api.w.org\/{rel}","templated":true}]}}