{"id":18757,"date":"2021-07-04T07:31:10","date_gmt":"2021-07-04T07:31:10","guid":{"rendered":"https:\/\/www.visitsoglianoalrubicone.it\/piadina-romagnola\/"},"modified":"2024-12-06T10:11:04","modified_gmt":"2024-12-06T10:11:04","slug":"piadina-romagnola","status":"publish","type":"page","link":"https:\/\/www.visitsoglianoalrubicone.it\/de\/tasten\/essen-und-wein-und-typische-produkte\/piadina-romagnola\/","title":{"rendered":"Piadina Romagnola"},"content":{"rendered":"<p>[vc_row full_width=&#8220;stretch_row_content_no_spaces&#8220; content_placement=&#8220;top&#8220;][vc_column][vc_single_image image=&#8220;18361&#8243; img_size=&#8220;1920 x 450&#8243; alignment=&#8220;center&#8220; el_class=&#8220;infotronik_banner_pagina&#8220;]\n\t\t\t<section class=\"do-normal-page-title-section\">\n\t\t\t\t<div class=\"container\">\n\t\t\t\t\t<div class=\"row uppercase\">\n\t\t\t\n\t\t\t\t\t\t<div class=\"do-page-title-wrapper\">\n\t\t\t\t\t\t\t<div class=\"do-default-page-title col-md-7 col-sm-7 col-xs-12\">\n\t\t\t\t\t\t\t\t<h2 info=17 class=\"infotronik_page_title_big\">Piadina Romagnola<\/h2>\n\t\t\t\t\t\t\t\t<p><\/p>\n\t\t\t\t\t\t\t<\/div>\n\t\t\t\n\t\t\t\t\t\t\t<div class=\"do-breadcumb\"><ul><li><a href=\"https:\/\/www.visitsoglianoalrubicone.it\/de\/tasten\/\">TASTEN<\/a><\/li><li><a class=\"infotronik_breadcrumb_cut\" href=\"https:\/\/www.visitsoglianoalrubicone.it\/de\/tasten\/essen-und-wein-und-typische-produkte\/\">Essen und Wein und typische Produkte<\/a><\/li><\/ul><\/div>\n\t\t\t\t\t\t<\/div>\n\t\t\t\n\t\t\t\t\t<\/div>\n\t\t\t\t<\/div>\n\t\t\t<\/section>\n\t\t[vc_empty_space height=&#8220;20px&#8220;][vc_row_inner][vc_column_inner][vc_column_text]Die Piadina romagnola, auch Piada genannt, ist ein typisches Lebensmittel der Romagna, ein wahres Symbol der Einfachheit, der Urspr\u00fcnglichkeit und der Unverf\u00e4lschtheit, das heute in der ganzen Welt ber\u00fchmt ist <strong>. &#8222;Sogliano al Rubicone &#8211; Terra di Piadina&#8220;<\/strong> Ein G\u00fctesiegel f\u00fcr Produkte, die aus altem Bio-Getreide aus den H\u00fcgeln von Sogliano al Rubicone gewonnen werden, gemahlen von Molino Pransani, das seit 1921 ein wertvoller Bezugspunkt f\u00fcr die Landwirte von Sogliano ist. Die Piadina ist ein d\u00fcnnes Fladenbrot, das aus Weizenmehl, Schmalz oder Oliven\u00f6l, Natron oder Hefe, Salz und Wasser hergestellt wird.<a href=\"https:\/\/www.visitsoglianoalrubicone.it\/gusta\/enogastronomia-e-prodotti-tipici\/teglie-di-montetiffi\/\" target=\"_blank\" rel=\"noopener\"><strong> Montetiffi-Backblech <\/strong><\/a>&#8222;aus Terra di Porosa-Ton gebacken wird, um den einzigartigen Geschmack, die Geschichte, die Arbeit und die alten Soglianer Traditionen wiederzuentdecken.<\/p>\n<p><u><\/u> Er <span style=\"font-weight: 400;\">ist<\/span> die Ikone schlechthin f\u00fcr die Romagna und passt gut zu dem<a href=\"https:\/\/www.visitsoglianoalrubicone.it\/gusta\/enogastronomia-e-prodotti-tipici\/formaggio-di-fossa-di-sogliano-dop-e-non-solo\/\" target=\"_blank\" rel=\"noopener\"><strong>Formaggio di Fossa di Sogliano DOP K\u00e4se <\/strong><\/a> auch mit Squacquerone-K\u00e4se, Rucola, Rohschinken, Salami oder karamellisierten Feigen.<\/p>\n<p>Das Projekt &#8222;<a href=\"https:\/\/www.visitsoglianoalrubicone.it\/de\/tasten\/essen-und-wein-und-typische-produkte\/piadina-romagnola\/sogliano-al-rubicone-land-der-piadina\/\" target=\"_blank\" rel=\"noopener\"><strong> Sogliano al Rubicone &#8211; Land der Piadina<\/strong><\/a>&#8220; wird von der Gemeinde Sogliano al Rubicone, dem Landwirtschaftsrat, Molino Pransani, dem Unternehmen &#8218;Le Teglie di Montetiffi&#8216; und den Gastronomen und Ladenbesitzern von Sogliano gef\u00f6rdert. Wenn man ein Lokal betritt, das die &#8218;<a href=\"https:\/\/www.visitsoglianoalrubicone.it\/de\/tasten\/essen-und-wein-und-typische-produkte\/piadina-romagnola\/sogliano-al-rubicone-land-der-piadina\/\" target=\"_blank\" rel=\"noopener\"> <strong> Sogliano al Rubicone &#8211; Land der Piadina<\/strong><\/a>&#8220; tr\u00e4gt, k\u00f6nnen Sie sicher sein, dass Sie eine Piadina aus Leidenschaft kaufen oder essen, die aus altem, in der Gegend von Sogliano heimischem Weizen hergestellt wird, der mit nat\u00fcrlichen Methoden angebaut wird, die die biologische Kette der alten Getreidesorten respektieren. Die Piada ist daher duftender und hat einen unverwechselbaren Geschmack; sie ist besser verdaulich, weil sie wenig Gluten enth\u00e4lt und reicher an N\u00e4hrstoffen ist. Um es mit den Worten von Giovanni Pascoli zu sagen: &#8218;Brot, das Nationalgericht der Romagnoli&#8216;.[\/vc_column_text][\/vc_column_inner][\/vc_row_inner][vc_row_inner][vc_column_inner][vc_empty_space][\/vc_column_inner][\/vc_row_inner][vc_row_inner][vc_column_inner][vc_video link=&#8220;https:\/\/youtu.be\/BotKeJ-IMr4&#8243; align=&#8220;center&#8220; title=&#8220;Sogliano al Rubicone &#8211; Land der Piadina&#8220;][vc_empty_space][vc_text_separator title=&#8220;Fotogalerie&#8220; title_align=&#8220;separator_align_left&#8220; align=&#8220;align_left&#8220; color=&#8220;custom&#8220; accent_color=&#8220;#fc7f0c&#8220;][vc_empty_space][vc_column_text]<style>#jtg-5547 .modula-item .jtg-social a, .lightbox-socials.jtg-social a{ color: #ffffff }#jtg-5547 .modula-item .jtg-social svg, .lightbox-socials.jtg-social svg { height: 16px; width: 16px }#jtg-5547 .modula-item .jtg-social a:not(:last-child), .lightbox-socials.jtg-social a:not(:last-child) { margin-right: 10px }#jtg-5547 .modula-item .figc {color:#ffffff;}#jtg-5547 .modula-item .modula-item-content { transform: scale(1) }#jtg-5547 { width:100%;}#jtg-5547 .modula-items .figc p.description { font-size:14px; }#jtg-5547 .modula-items .figc p.description { color:#ffffff;}#jtg-5547.modula-gallery .modula-item > a, #jtg-5547.modula-gallery .modula-item, #jtg-5547.modula-gallery .modula-item-content > a { cursor:zoom-in; } @media screen and (max-width:480px){#jtg-5547 .modula-item .figc .jtg-title {  font-size: 12px; }#jtg-5547 .modula-items .figc p.description { color:#ffffff;font-size:10px; }}<\/style>\n<!-- Gallery Container -->\n<div  id=\"jtg-5547\" class=\"modula modula-gallery modula-columns\" data-config=\"{&quot;enableTwitter&quot;:false,&quot;enableWhatsapp&quot;:false,&quot;enableFacebook&quot;:false,&quot;enablePinterest&quot;:false,&quot;enableLinkedin&quot;:false,&quot;enableEmail&quot;:false,&quot;randomFactor&quot;:0.5,&quot;type&quot;:&quot;grid&quot;,&quot;columns&quot;:12,&quot;gutter&quot;:10,&quot;mobileGutter&quot;:10,&quot;tabletGutter&quot;:10,&quot;desktopGutter&quot;:10,&quot;enableResponsive&quot;:&quot;0&quot;,&quot;tabletColumns&quot;:&quot;2&quot;,&quot;mobileColumns&quot;:&quot;1&quot;,&quot;lazyLoad&quot;:&quot;0&quot;,&quot;lightboxOpts&quot;:{&quot;loop&quot;:false,&quot;arrows&quot;:true,&quot;toolbar&quot;:true,&quot;keyboard&quot;:false,&quot;wheel&quot;:false,&quot;buttons&quot;:[&quot;close&quot;],&quot;hash&quot;:false,&quot;lang&quot;:&quot;en&quot;,&quot;touch&quot;:false,&quot;protect&quot;:false,&quot;i18n&quot;:{&quot;en&quot;:{&quot;CLOSE&quot;:&quot;Close&quot;,&quot;NEXT&quot;:&quot;Next&quot;,&quot;PREV&quot;:&quot;Previous&quot;,&quot;Error&quot;:&quot;The requested content cannot be loaded. Please try again later.&quot;,&quot;PLAY_START&quot;:&quot;Start slideshow&quot;,&quot;PLAY_STOP&quot;:&quot;Pause slideshow&quot;,&quot;FULL_SCREEN&quot;:&quot;Full screen&quot;,&quot;THUMBS&quot;:&quot;Thumbnails&quot;,&quot;DOWNLOAD&quot;:&quot;Download&quot;,&quot;SHARE&quot;:&quot;Share&quot;,&quot;ZOOM&quot;:&quot;Zoom&quot;}},&quot;clickSlide&quot;:false,&quot;clickOutside&quot;:false,&quot;dblclickContent&quot;:false,&quot;dblclickSlide&quot;:false,&quot;dblclickOutside&quot;:false,&quot;clickContent&quot;:false,&quot;baseTpl&quot;:&quot;&lt;div class=\\&quot;modula-fancybox-container modula-lightbox-jtg-5547\\&quot; role=\\&quot;dialog\\&quot; tabindex=\\&quot;-1\\&quot;&gt;&lt;div class=\\&quot;modula-fancybox-bg\\&quot;&gt;&lt;\\\/div&gt;&lt;div class=\\&quot;modula-fancybox-inner\\&quot;&gt;&lt;div class=\\&quot;modula-fancybox-infobar\\&quot;&gt;&lt;span data-fancybox-index&gt;&lt;\\\/span&gt;&nbsp;\\\/&nbsp;&lt;span data-fancybox-count&gt;&lt;\\\/span&gt;&lt;\\\/div&gt;&lt;div class=\\&quot;modula-fancybox-toolbar\\&quot;&gt;{{buttons}}&lt;\\\/div&gt;&lt;div class=\\&quot;modula-fancybox-navigation\\&quot;&gt;{{arrows}}&lt;\\\/div&gt;&lt;div class=\\&quot;modula-fancybox-stage\\&quot;&gt;&lt;\\\/div&gt;&lt;div class=\\&quot;modula-fancybox-caption\\&quot;&gt;&lt;div class=\\&quot;modula-fancybox-caption__body\\&quot;&gt;&lt;\\\/div&gt;&lt;\\\/div&gt;&lt;\\\/div&gt;&lt;\\\/div&gt;&quot;},&quot;inView&quot;:false,&quot;email_subject&quot;:&quot;Check out this awesome image !!&quot;,&quot;email_message&quot;:&quot;Here is the link to the image : %%image_link%% and this is the link to the gallery : %%gallery_link%%&quot;,&quot;grid_type&quot;:&quot;automatic&quot;,&quot;rowHeight&quot;:150,&quot;lastRow&quot;:&quot;justify&quot;,&quot;lightbox&quot;:&quot;fancybox&quot;}\">\n\n\t\n\t<!-- Items Container -->\n\t<div  class=\"modula-items grid-gallery\">\n\t\t<div class=\"modula-item effect-pufrobo\" >\n\t<div class=\"modula-item-overlay\"><\/div>\n\n\t<div class=\"modula-item-content\">\n\n\t\t\t\t\n\t\t\t\t\t<a data-image-id=\"5552\" href=\"https:\/\/www.visitsoglianoalrubicone.it\/wp-content\/uploads\/2021\/08\/Visit-Sogliano-Gusta-Prodotti-Tipici-piadina-romagnola-1.jpg\" rel=\"jtg-5547\" data-caption=\"\" class=\"tile-inner modula-item-link\"><\/a>\n\t\t\n\t\t<img class=\"pic\"  data-valign=\"middle\" data-halign=\"center\" alt=\"\" data-full=\"https:\/\/www.visitsoglianoalrubicone.it\/wp-content\/uploads\/2021\/08\/Visit-Sogliano-Gusta-Prodotti-Tipici-piadina-romagnola-1.jpg\" title=\"Visit-Sogliano-Gusta-Prodotti-Tipici-piadina-romagnola (1)\" width=\"600\" height=\"400\" src=\"https:\/\/www.visitsoglianoalrubicone.it\/wp-content\/uploads\/2021\/08\/Visit-Sogliano-Gusta-Prodotti-Tipici-piadina-romagnola-1.jpg\" data-src=\"https:\/\/www.visitsoglianoalrubicone.it\/wp-content\/uploads\/2021\/08\/Visit-Sogliano-Gusta-Prodotti-Tipici-piadina-romagnola-1.jpg\" data-caption=\"\"srcset=\"https:\/\/www.visitsoglianoalrubicone.it\/wp-content\/uploads\/2021\/08\/Visit-Sogliano-Gusta-Prodotti-Tipici-piadina-romagnola-1.jpg 600w, https:\/\/www.visitsoglianoalrubicone.it\/wp-content\/uploads\/2021\/08\/Visit-Sogliano-Gusta-Prodotti-Tipici-piadina-romagnola-1-300x200.jpg 300w\" sizes=\"(max-width: 600px) 100vw, 600px\"\" \/>\n\t\t<div class=\"figc no-description\">\n\t\t\t<div class=\"figc-inner\">\n\t\t\t\t\t\t\t\t\t\t\t\t\t\t\t<\/div>\n\t\t<\/div>\n\n\t<\/div>\n\n<\/div><div class=\"modula-item effect-pufrobo\" >\n\t<div class=\"modula-item-overlay\"><\/div>\n\n\t<div class=\"modula-item-content\">\n\n\t\t\t\t\n\t\t\t\t\t<a data-image-id=\"5551\" href=\"https:\/\/www.visitsoglianoalrubicone.it\/wp-content\/uploads\/2021\/08\/Visit-Sogliano-Gusta-Prodotti-Tipici-piadina-romagnola-5.jpg\" rel=\"jtg-5547\" data-caption=\"\" class=\"tile-inner modula-item-link\"><\/a>\n\t\t\n\t\t<img class=\"pic\"  data-valign=\"middle\" data-halign=\"center\" alt=\"\" data-full=\"https:\/\/www.visitsoglianoalrubicone.it\/wp-content\/uploads\/2021\/08\/Visit-Sogliano-Gusta-Prodotti-Tipici-piadina-romagnola-5.jpg\" title=\"Visit-Sogliano-Gusta-Prodotti-Tipici-piadina-romagnola (5)\" width=\"1024\" height=\"768\" src=\"https:\/\/www.visitsoglianoalrubicone.it\/wp-content\/uploads\/2021\/08\/Visit-Sogliano-Gusta-Prodotti-Tipici-piadina-romagnola-5.jpg\" data-src=\"https:\/\/www.visitsoglianoalrubicone.it\/wp-content\/uploads\/2021\/08\/Visit-Sogliano-Gusta-Prodotti-Tipici-piadina-romagnola-5.jpg\" data-caption=\"\"srcset=\"https:\/\/www.visitsoglianoalrubicone.it\/wp-content\/uploads\/2021\/08\/Visit-Sogliano-Gusta-Prodotti-Tipici-piadina-romagnola-5.jpg 1024w, https:\/\/www.visitsoglianoalrubicone.it\/wp-content\/uploads\/2021\/08\/Visit-Sogliano-Gusta-Prodotti-Tipici-piadina-romagnola-5-300x225.jpg 300w, https:\/\/www.visitsoglianoalrubicone.it\/wp-content\/uploads\/2021\/08\/Visit-Sogliano-Gusta-Prodotti-Tipici-piadina-romagnola-5-768x576.jpg 768w\" sizes=\"(max-width: 1024px) 100vw, 1024px\"\" \/>\n\t\t<div class=\"figc no-description\">\n\t\t\t<div class=\"figc-inner\">\n\t\t\t\t\t\t\t\t\t\t\t\t\t\t\t<\/div>\n\t\t<\/div>\n\n\t<\/div>\n\n<\/div><div class=\"modula-item effect-pufrobo\" >\n\t<div class=\"modula-item-overlay\"><\/div>\n\n\t<div class=\"modula-item-content\">\n\n\t\t\t\t\n\t\t\t\t\t<a data-image-id=\"5550\" href=\"https:\/\/www.visitsoglianoalrubicone.it\/wp-content\/uploads\/2021\/08\/Visit-Sogliano-Gusta-Prodotti-Tipici-piadina-romagnola-4.jpg\" rel=\"jtg-5547\" data-caption=\"\" class=\"tile-inner modula-item-link\"><\/a>\n\t\t\n\t\t<img class=\"pic\"  data-valign=\"middle\" data-halign=\"center\" alt=\"\" data-full=\"https:\/\/www.visitsoglianoalrubicone.it\/wp-content\/uploads\/2021\/08\/Visit-Sogliano-Gusta-Prodotti-Tipici-piadina-romagnola-4.jpg\" title=\"Visit-Sogliano-Gusta-Prodotti-Tipici-piadina-romagnola (4)\" width=\"1024\" height=\"642\" src=\"https:\/\/www.visitsoglianoalrubicone.it\/wp-content\/uploads\/2021\/08\/Visit-Sogliano-Gusta-Prodotti-Tipici-piadina-romagnola-4-1024x642.jpg\" data-src=\"https:\/\/www.visitsoglianoalrubicone.it\/wp-content\/uploads\/2021\/08\/Visit-Sogliano-Gusta-Prodotti-Tipici-piadina-romagnola-4-1024x642.jpg\" data-caption=\"\"srcset=\"https:\/\/www.visitsoglianoalrubicone.it\/wp-content\/uploads\/2021\/08\/Visit-Sogliano-Gusta-Prodotti-Tipici-piadina-romagnola-4-1024x642.jpg 1024w, https:\/\/www.visitsoglianoalrubicone.it\/wp-content\/uploads\/2021\/08\/Visit-Sogliano-Gusta-Prodotti-Tipici-piadina-romagnola-4-300x188.jpg 300w, https:\/\/www.visitsoglianoalrubicone.it\/wp-content\/uploads\/2021\/08\/Visit-Sogliano-Gusta-Prodotti-Tipici-piadina-romagnola-4-768x482.jpg 768w, https:\/\/www.visitsoglianoalrubicone.it\/wp-content\/uploads\/2021\/08\/Visit-Sogliano-Gusta-Prodotti-Tipici-piadina-romagnola-4-1536x963.jpg 1536w, https:\/\/www.visitsoglianoalrubicone.it\/wp-content\/uploads\/2021\/08\/Visit-Sogliano-Gusta-Prodotti-Tipici-piadina-romagnola-4.jpg 1799w\" sizes=\"(max-width: 1024px) 100vw, 1024px\"\" \/>\n\t\t<div class=\"figc no-description\">\n\t\t\t<div class=\"figc-inner\">\n\t\t\t\t\t\t\t\t\t\t\t\t\t\t\t<\/div>\n\t\t<\/div>\n\n\t<\/div>\n\n<\/div><div class=\"modula-item effect-pufrobo\" >\n\t<div class=\"modula-item-overlay\"><\/div>\n\n\t<div class=\"modula-item-content\">\n\n\t\t\t\t\n\t\t\t\t\t<a data-image-id=\"5548\" href=\"https:\/\/www.visitsoglianoalrubicone.it\/wp-content\/uploads\/2021\/08\/Visit-Sogliano-Gusta-Prodotti-Tipici-piadina-romagnola-2-scaled.jpg\" rel=\"jtg-5547\" data-caption=\"\" class=\"tile-inner modula-item-link\"><\/a>\n\t\t\n\t\t<img class=\"pic\"  data-valign=\"middle\" data-halign=\"center\" alt=\"\" data-full=\"https:\/\/www.visitsoglianoalrubicone.it\/wp-content\/uploads\/2021\/08\/Visit-Sogliano-Gusta-Prodotti-Tipici-piadina-romagnola-2.jpg\" title=\"Visit-Sogliano-Gusta-Prodotti-Tipici-piadina-romagnola (2)\" width=\"1024\" height=\"678\" src=\"https:\/\/www.visitsoglianoalrubicone.it\/wp-content\/uploads\/2021\/08\/Visit-Sogliano-Gusta-Prodotti-Tipici-piadina-romagnola-2-1024x678.jpg\" data-src=\"https:\/\/www.visitsoglianoalrubicone.it\/wp-content\/uploads\/2021\/08\/Visit-Sogliano-Gusta-Prodotti-Tipici-piadina-romagnola-2-1024x678.jpg\" data-caption=\"\"srcset=\"https:\/\/www.visitsoglianoalrubicone.it\/wp-content\/uploads\/2021\/08\/Visit-Sogliano-Gusta-Prodotti-Tipici-piadina-romagnola-2-scaled-1024x678.jpg 1024w, https:\/\/www.visitsoglianoalrubicone.it\/wp-content\/uploads\/2021\/08\/Visit-Sogliano-Gusta-Prodotti-Tipici-piadina-romagnola-2-300x199.jpg 300w, https:\/\/www.visitsoglianoalrubicone.it\/wp-content\/uploads\/2021\/08\/Visit-Sogliano-Gusta-Prodotti-Tipici-piadina-romagnola-2-768x508.jpg 768w, https:\/\/www.visitsoglianoalrubicone.it\/wp-content\/uploads\/2021\/08\/Visit-Sogliano-Gusta-Prodotti-Tipici-piadina-romagnola-2-1536x1017.jpg 1536w, https:\/\/www.visitsoglianoalrubicone.it\/wp-content\/uploads\/2021\/08\/Visit-Sogliano-Gusta-Prodotti-Tipici-piadina-romagnola-2-2048x1356.jpg 2048w\" sizes=\"(max-width: 1024px) 100vw, 1024px\"\" \/>\n\t\t<div class=\"figc no-description\">\n\t\t\t<div class=\"figc-inner\">\n\t\t\t\t\t\t\t\t\t\t\t\t\t\t\t<\/div>\n\t\t<\/div>\n\n\t<\/div>\n\n<\/div><div class=\"modula-item effect-pufrobo\" >\n\t<div class=\"modula-item-overlay\"><\/div>\n\n\t<div class=\"modula-item-content\">\n\n\t\t\t\t\n\t\t\t\t\t<a data-image-id=\"5549\" href=\"https:\/\/www.visitsoglianoalrubicone.it\/wp-content\/uploads\/2021\/08\/Visit-Sogliano-Gusta-Prodotti-Tipici-piadina-romagnola-3-scaled.jpg\" rel=\"jtg-5547\" data-caption=\"\" class=\"tile-inner modula-item-link\"><\/a>\n\t\t\n\t\t<img class=\"pic\"  data-valign=\"middle\" data-halign=\"center\" alt=\"\" data-full=\"https:\/\/www.visitsoglianoalrubicone.it\/wp-content\/uploads\/2021\/08\/Visit-Sogliano-Gusta-Prodotti-Tipici-piadina-romagnola-3.jpg\" title=\"Visit-Sogliano-Gusta-Prodotti-Tipici-piadina-romagnola (3)\" width=\"1024\" height=\"688\" src=\"https:\/\/www.visitsoglianoalrubicone.it\/wp-content\/uploads\/2021\/08\/Visit-Sogliano-Gusta-Prodotti-Tipici-piadina-romagnola-3-1024x688.jpg\" data-src=\"https:\/\/www.visitsoglianoalrubicone.it\/wp-content\/uploads\/2021\/08\/Visit-Sogliano-Gusta-Prodotti-Tipici-piadina-romagnola-3-1024x688.jpg\" data-caption=\"\"srcset=\"https:\/\/www.visitsoglianoalrubicone.it\/wp-content\/uploads\/2021\/08\/Visit-Sogliano-Gusta-Prodotti-Tipici-piadina-romagnola-3-scaled-1024x688.jpg 1024w, https:\/\/www.visitsoglianoalrubicone.it\/wp-content\/uploads\/2021\/08\/Visit-Sogliano-Gusta-Prodotti-Tipici-piadina-romagnola-3-300x201.jpg 300w, https:\/\/www.visitsoglianoalrubicone.it\/wp-content\/uploads\/2021\/08\/Visit-Sogliano-Gusta-Prodotti-Tipici-piadina-romagnola-3-768x516.jpg 768w, https:\/\/www.visitsoglianoalrubicone.it\/wp-content\/uploads\/2021\/08\/Visit-Sogliano-Gusta-Prodotti-Tipici-piadina-romagnola-3-1536x1031.jpg 1536w, https:\/\/www.visitsoglianoalrubicone.it\/wp-content\/uploads\/2021\/08\/Visit-Sogliano-Gusta-Prodotti-Tipici-piadina-romagnola-3-2048x1375.jpg 2048w\" sizes=\"(max-width: 1024px) 100vw, 1024px\"\" \/>\n\t\t<div class=\"figc no-description\">\n\t\t\t<div class=\"figc-inner\">\n\t\t\t\t\t\t\t\t\t\t\t\t\t\t\t<\/div>\n\t\t<\/div>\n\n\t<\/div>\n\n<\/div>\t\t\n\t<\/div>\n\n\t\n\t\n\t<script type=\"application\/ld+json\">\n\t{\n\t\t\"@context\": \"http:\/\/schema.org\",\n\t\t\"@type\"   : \"ImageGallery\",\n\t\t\"id\"      : \"https:\/\/www.visitsoglianoalrubicone.it\/de\/wp-json\/wp\/v2\/pages\/18757\/\",\n\t\t\"url\"     : \"https:\/\/www.visitsoglianoalrubicone.it\/de\/wp-json\/wp\/v2\/pages\/18757\/\"\n\t}\n\n    <\/script>\n\n\t\n<\/div>[\/vc_column_text][vc_empty_space height=&#8220;50px&#8220;][\/vc_column_inner][\/vc_row_inner][\/vc_column][\/vc_row]<\/p>\n","protected":false},"excerpt":{"rendered":"<p>[vc_row full_width=&#8220;stretch_row_content_no_spaces&#8220; content_placement=&#8220;top&#8220;][vc_column][vc_single_image image=&#8220;18361&#8243; img_size=&#8220;1920 x 450&#8243; alignment=&#8220;center&#8220; el_class=&#8220;infotronik_banner_pagina&#8220;][vc_empty_space height=&#8220;20px&#8220;][vc_row_inner][vc_column_inner][vc_column_text]Die Piadina romagnola, auch Piada genannt, ist ein typisches Lebensmittel der Romagna,&#8230;<\/p>\n","protected":false},"author":3,"featured_media":18363,"parent":20218,"menu_order":0,"comment_status":"closed","ping_status":"closed","template":"","meta":{"loftloader_page_shortcode":""},"_links":{"self":[{"href":"https:\/\/www.visitsoglianoalrubicone.it\/de\/wp-json\/wp\/v2\/pages\/18757"}],"collection":[{"href":"https:\/\/www.visitsoglianoalrubicone.it\/de\/wp-json\/wp\/v2\/pages"}],"about":[{"href":"https:\/\/www.visitsoglianoalrubicone.it\/de\/wp-json\/wp\/v2\/types\/page"}],"author":[{"embeddable":true,"href":"https:\/\/www.visitsoglianoalrubicone.it\/de\/wp-json\/wp\/v2\/users\/3"}],"replies":[{"embeddable":true,"href":"https:\/\/www.visitsoglianoalrubicone.it\/de\/wp-json\/wp\/v2\/comments?post=18757"}],"version-history":[{"count":3,"href":"https:\/\/www.visitsoglianoalrubicone.it\/de\/wp-json\/wp\/v2\/pages\/18757\/revisions"}],"predecessor-version":[{"id":20219,"href":"https:\/\/www.visitsoglianoalrubicone.it\/de\/wp-json\/wp\/v2\/pages\/18757\/revisions\/20219"}],"up":[{"embeddable":true,"href":"https:\/\/www.visitsoglianoalrubicone.it\/de\/wp-json\/wp\/v2\/pages\/20218"}],"wp:featuredmedia":[{"embeddable":true,"href":"https:\/\/www.visitsoglianoalrubicone.it\/de\/wp-json\/wp\/v2\/media\/18363"}],"wp:attachment":[{"href":"https:\/\/www.visitsoglianoalrubicone.it\/de\/wp-json\/wp\/v2\/media?parent=18757"}],"curies":[{"name":"wp","href":"https:\/\/api.w.org\/{rel}","templated":true}]}}