{"id":19176,"date":"2021-07-04T14:24:05","date_gmt":"2021-07-04T14:24:05","guid":{"rendered":"https:\/\/www.visitsoglianoalrubicone.it\/nardini-palast-sogliano\/"},"modified":"2024-12-06T10:07:18","modified_gmt":"2024-12-06T10:07:18","slug":"nardini-palast-sogliano","status":"publish","type":"page","link":"https:\/\/www.visitsoglianoalrubicone.it\/de\/sogliano-entdecken\/kunst-kultur-und-kunsthandwerk\/architektur-und-denkmaeler\/nardini-palast-sogliano\/","title":{"rendered":"Nardini Palast &#8211; Sogliano"},"content":{"rendered":"<p>[vc_row full_width=&#8220;stretch_row_content_no_spaces&#8220;][vc_column][vc_single_image image=&#8220;19179&#8243; img_size=&#8220;1920 x 450&#8243; alignment=&#8220;center&#8220; el_class=&#8220;infotronik_banner_pagina&#8220;]\n\t\t\t<section class=\"do-normal-page-title-section\">\n\t\t\t\t<div class=\"container\">\n\t\t\t\t\t<div class=\"row uppercase\">\n\t\t\t\n\t\t\t\t\t\t<div class=\"do-page-title-wrapper\">\n\t\t\t\t\t\t\t<div class=\"do-default-page-title col-md-7 col-sm-7 col-xs-12\">\n\t\t\t\t\t\t\t\t<h2 info=15 class=\"infotronik_page_title_big\">Palazzo Nardini<\/h2>\n\t\t\t\t\t\t\t\t<p><\/p>\n\t\t\t\t\t\t\t<\/div>\n\t\t\t\n\t\t\t\t\t\t\t<div class=\"do-breadcumb\"><ul><li><a class=\"infotronik_breadcrumb_cut\" href=\"https:\/\/www.visitsoglianoalrubicone.it\/de\/sogliano-entdecken\/kunst-kultur-und-kunsthandwerk\/\">Kunst Kultur und Kunsthandwerk<\/a><\/li><li><a class=\"infotronik_breadcrumb_cut\" href=\"https:\/\/www.visitsoglianoalrubicone.it\/de\/sogliano-entdecken\/kunst-kultur-und-kunsthandwerk\/architektur-und-denkmaeler\/\">Architektur und Denkm\u00e4ler<\/a><\/li><\/ul><\/div>\n\t\t\t\t\t\t<\/div>\n\t\t\t\n\t\t\t\t\t<\/div>\n\t\t\t\t<\/div>\n\t\t\t<\/section>\n\t\t[vc_empty_space height=&#8220;20px&#8220;][vc_row_inner][vc_column_inner][vc_column_text]Im 15. Jahrhundert wurde das sogenannte Castelletto gebaut, das von der dar\u00fcber liegenden Malatesta-Festung abhing. Es war der Sitz der Banco della Ragione, d.h. des Zivil- und Strafgerichtshofs, und auch der Sitz des Notariats, das die verschiedenen Rechtshandlungen vornahm. Der Palast trug den Titel eines Grafen, der f\u00fcr seinen rechtm\u00e4\u00dfigen Besitzer bestimmt war. Es war einer der letzten Grafen, der das Geb\u00e4ude in seiner heutigen Form errichtete: der Doktor der Rechtswissenschaften Antonio Maria Marcosanti, der den Palast prunkvoll renovierte. Im Jahr 1748 lie\u00df er auf der linken Seite ein kleines, aber elegantes Oratorium errichten, das dem Heiligen Franziskus von Paola gewidmet ist. Als Graf Antonio Maria Marcosanti starb, ging der Palast an seine Tochter \u00fcber, die einen Nardini aus San Leo heiratete. Dieser Nardini wurde somit Eigent\u00fcmer des Geb\u00e4udes und erbte auch seinen Titel als Graf. Im Jahr 1789 war der Palast Sitz einer wissenschaftlichen und literarischen Akademie. Im Untergeschoss des Palastes befinden sich noch immer Tunnel, H\u00f6hlen und dunkle G\u00e4nge, die zusammen mit den wenigen \u00dcberresten der Burgbastion das darstellen, was von der Malatesta-Festung von Sogliano \u00fcbrig geblieben ist.[\/vc_column_text][vc_empty_space height=&#8220;30px&#8220;][\/vc_column_inner][\/vc_row_inner][vc_row_inner][vc_column_inner width=&#8220;1\/2&#8243;]\n\t\t<div class=\"do-icon-with-text-style1 appear fadeIn\" data-wow-duration=\"1s\" data-wow-delay=\"0.3s\">\n\t\t    <div class=\"do-icon-wrapper\">\n\t\t        <i class=\"fa fa-map-marker\"><\/i>\n\t\t    <\/div>\n\t\t    <p>\nPiazza Garibaldi 12, Sogliano al Rubicone (FC)<\/p>\n\n\t\t<\/div>\n\t\n\t\t<div class=\"do-icon-with-text-style1 appear fadeIn\" data-wow-duration=\"1s\" data-wow-delay=\"0.3s\">\n\t\t    <div class=\"do-icon-wrapper\">\n\t\t        <i class=\"fa fa-clock-o\"><\/i>\n\t\t    <\/div>\n\t\t    <p>Immer von au\u00dfen zu besichtigen<\/p>\n\n\t\t<\/div>\n\t[\/vc_column_inner][vc_column_inner width=&#8220;1\/2&#8243;][vc_gmaps link=&#8220;#E-8_JTNDaWZyYW1lJTIwc3JjJTNEJTIyaHR0cHMlM0ElMkYlMkZ3d3cuZ29vZ2xlLmNvbSUyRm1hcHMlMkZlbWJlZCUzRnBiJTNEJTIxMW0xOCUyMTFtMTIlMjExbTMlMjExZDM3NS4wNzY0Mjc5ODc4ODc1NCUyMTJkMTIuMjk5NjQ3MDczNTE0NzQlMjEzZDQ0LjAwNDM0MDkyNTI5NTk1JTIxMm0zJTIxMWYwJTIxMmYwJTIxM2YwJTIxM20yJTIxMWkxMDI0JTIxMmk3NjglMjE0ZjEzLjElMjEzbTMlMjExbTIlMjExczB4MTMyYzk3Y2I4MTIwOTUyZiUyNTNBMHgxMDJjMGVhNmUyY2Y0MGUyJTIxMnNQYWxhenpvJTI1MjBOYXJkaW5pJTIxNWUxJTIxM20yJTIxMXNpdCUyMTJzaXQlMjE0djE2MjczODY5MTg0NjMlMjE1bTIlMjExc2l0JTIxMnNpdCUyMiUyMHdpZHRoJTNEJTIyNjAwJTIyJTIwaGVpZ2h0JTNEJTIyNDUwJTIyJTIwc3R5bGUlM0QlMjJib3JkZXIlM0EwJTNCJTIyJTIwYWxsb3dmdWxsc2NyZWVuJTNEJTIyJTIyJTIwbG9hZGluZyUzRCUyMmxhenklMjIlM0UlM0MlMkZpZnJhbWUlM0U=&#8220;][\/vc_column_inner][\/vc_row_inner][vc_row_inner][vc_column_inner][vc_empty_space height=&#8220;50px&#8220;][vc_column_text]<style>#jtg-5237 .modula-item .jtg-social a, .lightbox-socials.jtg-social a{ color: #ffffff }#jtg-5237 .modula-item .jtg-social svg, .lightbox-socials.jtg-social svg { height: 16px; width: 16px }#jtg-5237 .modula-item .jtg-social a:not(:last-child), .lightbox-socials.jtg-social a:not(:last-child) { margin-right: 10px }#jtg-5237 .modula-item .figc {color:#ffffff;}#jtg-5237 .modula-item .modula-item-content { transform: scale(1) }#jtg-5237 { width:100%;}#jtg-5237 .modula-items .figc p.description { font-size:14px; }#jtg-5237 .modula-items .figc p.description { color:#ffffff;}#jtg-5237.modula-gallery .modula-item > a, #jtg-5237.modula-gallery .modula-item, #jtg-5237.modula-gallery .modula-item-content > a { cursor:zoom-in; } @media screen and (max-width:480px){#jtg-5237 .modula-item .figc .jtg-title {  font-size: 12px; }#jtg-5237 .modula-items .figc p.description { color:#ffffff;font-size:10px; }}<\/style>\n<!-- Gallery Container -->\n<div  id=\"jtg-5237\" class=\"modula modula-gallery modula-columns\" data-config=\"{&quot;enableTwitter&quot;:false,&quot;enableWhatsapp&quot;:false,&quot;enableFacebook&quot;:false,&quot;enablePinterest&quot;:false,&quot;enableLinkedin&quot;:false,&quot;enableEmail&quot;:false,&quot;randomFactor&quot;:0.5,&quot;type&quot;:&quot;grid&quot;,&quot;columns&quot;:12,&quot;gutter&quot;:10,&quot;mobileGutter&quot;:10,&quot;tabletGutter&quot;:10,&quot;desktopGutter&quot;:10,&quot;enableResponsive&quot;:&quot;0&quot;,&quot;tabletColumns&quot;:&quot;2&quot;,&quot;mobileColumns&quot;:&quot;1&quot;,&quot;lazyLoad&quot;:&quot;0&quot;,&quot;lightboxOpts&quot;:{&quot;loop&quot;:false,&quot;arrows&quot;:true,&quot;toolbar&quot;:true,&quot;keyboard&quot;:false,&quot;wheel&quot;:false,&quot;buttons&quot;:[&quot;close&quot;],&quot;hash&quot;:false,&quot;lang&quot;:&quot;en&quot;,&quot;touch&quot;:false,&quot;protect&quot;:false,&quot;i18n&quot;:{&quot;en&quot;:{&quot;CLOSE&quot;:&quot;Close&quot;,&quot;NEXT&quot;:&quot;Next&quot;,&quot;PREV&quot;:&quot;Previous&quot;,&quot;Error&quot;:&quot;The requested content cannot be loaded. Please try again later.&quot;,&quot;PLAY_START&quot;:&quot;Start slideshow&quot;,&quot;PLAY_STOP&quot;:&quot;Pause slideshow&quot;,&quot;FULL_SCREEN&quot;:&quot;Full screen&quot;,&quot;THUMBS&quot;:&quot;Thumbnails&quot;,&quot;DOWNLOAD&quot;:&quot;Download&quot;,&quot;SHARE&quot;:&quot;Share&quot;,&quot;ZOOM&quot;:&quot;Zoom&quot;}},&quot;clickSlide&quot;:false,&quot;clickOutside&quot;:false,&quot;dblclickContent&quot;:false,&quot;dblclickSlide&quot;:false,&quot;dblclickOutside&quot;:false,&quot;clickContent&quot;:false,&quot;baseTpl&quot;:&quot;&lt;div class=\\&quot;modula-fancybox-container modula-lightbox-jtg-5237\\&quot; role=\\&quot;dialog\\&quot; tabindex=\\&quot;-1\\&quot;&gt;&lt;div class=\\&quot;modula-fancybox-bg\\&quot;&gt;&lt;\\\/div&gt;&lt;div class=\\&quot;modula-fancybox-inner\\&quot;&gt;&lt;div class=\\&quot;modula-fancybox-infobar\\&quot;&gt;&lt;span data-fancybox-index&gt;&lt;\\\/span&gt;&nbsp;\\\/&nbsp;&lt;span data-fancybox-count&gt;&lt;\\\/span&gt;&lt;\\\/div&gt;&lt;div class=\\&quot;modula-fancybox-toolbar\\&quot;&gt;{{buttons}}&lt;\\\/div&gt;&lt;div class=\\&quot;modula-fancybox-navigation\\&quot;&gt;{{arrows}}&lt;\\\/div&gt;&lt;div class=\\&quot;modula-fancybox-stage\\&quot;&gt;&lt;\\\/div&gt;&lt;div class=\\&quot;modula-fancybox-caption\\&quot;&gt;&lt;div class=\\&quot;modula-fancybox-caption__body\\&quot;&gt;&lt;\\\/div&gt;&lt;\\\/div&gt;&lt;\\\/div&gt;&lt;\\\/div&gt;&quot;},&quot;inView&quot;:false,&quot;email_subject&quot;:&quot;Check out this awesome image !!&quot;,&quot;email_message&quot;:&quot;Here is the link to the image : %%image_link%% and this is the link to the gallery : %%gallery_link%%&quot;,&quot;grid_type&quot;:&quot;automatic&quot;,&quot;rowHeight&quot;:150,&quot;lastRow&quot;:&quot;justify&quot;,&quot;lightbox&quot;:&quot;fancybox&quot;}\">\n\n\t\n\t<!-- Items Container -->\n\t<div  class=\"modula-items grid-gallery\">\n\t\t<div class=\"modula-item effect-pufrobo\" >\n\t<div class=\"modula-item-overlay\"><\/div>\n\n\t<div class=\"modula-item-content\">\n\n\t\t\t\t\n\t\t\t\t\t<a data-image-id=\"5238\" href=\"https:\/\/www.visitsoglianoalrubicone.it\/wp-content\/uploads\/2021\/07\/image2-rotated.jpeg\" rel=\"jtg-5237\" data-caption=\"\" class=\"tile-inner modula-item-link\"><\/a>\n\t\t\n\t\t<img class=\"pic\"  data-valign=\"middle\" data-halign=\"center\" alt=\"\" data-full=\"https:\/\/www.visitsoglianoalrubicone.it\/wp-content\/uploads\/2021\/07\/image2.jpeg\" title=\"image2\" width=\"768\" height=\"1024\" src=\"https:\/\/www.visitsoglianoalrubicone.it\/wp-content\/uploads\/2021\/07\/image2-768x1024.jpeg\" data-src=\"https:\/\/www.visitsoglianoalrubicone.it\/wp-content\/uploads\/2021\/07\/image2-768x1024.jpeg\" data-caption=\"\"srcset=\"https:\/\/www.visitsoglianoalrubicone.it\/wp-content\/uploads\/2021\/07\/image2-rotated-768x1024.jpeg 768w, https:\/\/www.visitsoglianoalrubicone.it\/wp-content\/uploads\/2021\/07\/image2-225x300.jpeg 225w, https:\/\/www.visitsoglianoalrubicone.it\/wp-content\/uploads\/2021\/07\/image2-1152x1536.jpeg 1152w, https:\/\/www.visitsoglianoalrubicone.it\/wp-content\/uploads\/2021\/07\/image2-rotated.jpeg 1512w\" sizes=\"(max-width: 768px) 100vw, 768px\"\" \/>\n\t\t<div class=\"figc no-description\">\n\t\t\t<div class=\"figc-inner\">\n\t\t\t\t\t\t\t\t\t\t\t\t\t\t\t<\/div>\n\t\t<\/div>\n\n\t<\/div>\n\n<\/div><div class=\"modula-item effect-pufrobo\" >\n\t<div class=\"modula-item-overlay\"><\/div>\n\n\t<div class=\"modula-item-content\">\n\n\t\t\t\t\n\t\t\t\t\t<a data-image-id=\"5239\" href=\"https:\/\/www.visitsoglianoalrubicone.it\/wp-content\/uploads\/2021\/07\/visit-sogliano-al-rubicone-scopri-sogliano-arte-cultura-e-artigianato-architettura-e-monumenti-palazzo-nardini-box-1-1.jpg\" rel=\"jtg-5237\" data-caption=\"\" class=\"tile-inner modula-item-link\"><\/a>\n\t\t\n\t\t<img class=\"pic\"  data-valign=\"middle\" data-halign=\"center\" alt=\"\" data-full=\"https:\/\/www.visitsoglianoalrubicone.it\/wp-content\/uploads\/2021\/07\/visit-sogliano-al-rubicone-scopri-sogliano-arte-cultura-e-artigianato-architettura-e-monumenti-palazzo-nardini-box-1-1.jpg\" title=\"visit sogliano al rubicone - scopri sogliano - arte cultura e artigianato - architettura e monumenti - palazzo nardini - box (1)\" width=\"1024\" height=\"768\" src=\"https:\/\/www.visitsoglianoalrubicone.it\/wp-content\/uploads\/2021\/07\/visit-sogliano-al-rubicone-scopri-sogliano-arte-cultura-e-artigianato-architettura-e-monumenti-palazzo-nardini-box-1-1.jpg\" data-src=\"https:\/\/www.visitsoglianoalrubicone.it\/wp-content\/uploads\/2021\/07\/visit-sogliano-al-rubicone-scopri-sogliano-arte-cultura-e-artigianato-architettura-e-monumenti-palazzo-nardini-box-1-1.jpg\" data-caption=\"\"srcset=\"https:\/\/www.visitsoglianoalrubicone.it\/wp-content\/uploads\/2021\/07\/visit-sogliano-al-rubicone-scopri-sogliano-arte-cultura-e-artigianato-architettura-e-monumenti-palazzo-nardini-box-1-1.jpg 1024w, https:\/\/www.visitsoglianoalrubicone.it\/wp-content\/uploads\/2021\/07\/visit-sogliano-al-rubicone-scopri-sogliano-arte-cultura-e-artigianato-architettura-e-monumenti-palazzo-nardini-box-1-1-300x225.jpg 300w, https:\/\/www.visitsoglianoalrubicone.it\/wp-content\/uploads\/2021\/07\/visit-sogliano-al-rubicone-scopri-sogliano-arte-cultura-e-artigianato-architettura-e-monumenti-palazzo-nardini-box-1-1-768x576.jpg 768w\" sizes=\"(max-width: 1024px) 100vw, 1024px\"\" \/>\n\t\t<div class=\"figc no-description\">\n\t\t\t<div class=\"figc-inner\">\n\t\t\t\t\t\t\t\t\t\t\t\t\t\t\t<\/div>\n\t\t<\/div>\n\n\t<\/div>\n\n<\/div><div class=\"modula-item effect-pufrobo\" >\n\t<div class=\"modula-item-overlay\"><\/div>\n\n\t<div class=\"modula-item-content\">\n\n\t\t\t\t\n\t\t\t\t\t<a data-image-id=\"5240\" href=\"https:\/\/www.visitsoglianoalrubicone.it\/wp-content\/uploads\/2021\/07\/image0-1-rotated.jpeg\" rel=\"jtg-5237\" data-caption=\"\" class=\"tile-inner modula-item-link\"><\/a>\n\t\t\n\t\t<img class=\"pic\"  data-valign=\"middle\" data-halign=\"center\" alt=\"\" data-full=\"https:\/\/www.visitsoglianoalrubicone.it\/wp-content\/uploads\/2021\/07\/image0-1.jpeg\" title=\"image0\" width=\"768\" height=\"1024\" src=\"https:\/\/www.visitsoglianoalrubicone.it\/wp-content\/uploads\/2021\/07\/image0-1-768x1024.jpeg\" data-src=\"https:\/\/www.visitsoglianoalrubicone.it\/wp-content\/uploads\/2021\/07\/image0-1-768x1024.jpeg\" data-caption=\"\"srcset=\"https:\/\/www.visitsoglianoalrubicone.it\/wp-content\/uploads\/2021\/07\/image0-1-rotated-768x1024.jpeg 768w, https:\/\/www.visitsoglianoalrubicone.it\/wp-content\/uploads\/2021\/07\/image0-1-225x300.jpeg 225w, https:\/\/www.visitsoglianoalrubicone.it\/wp-content\/uploads\/2021\/07\/image0-1-1152x1536.jpeg 1152w, https:\/\/www.visitsoglianoalrubicone.it\/wp-content\/uploads\/2021\/07\/image0-1-rotated.jpeg 1512w\" sizes=\"(max-width: 768px) 100vw, 768px\"\" \/>\n\t\t<div class=\"figc no-description\">\n\t\t\t<div class=\"figc-inner\">\n\t\t\t\t\t\t\t\t\t\t\t\t\t\t\t<\/div>\n\t\t<\/div>\n\n\t<\/div>\n\n<\/div>\t\t\n\t<\/div>\n\n\t\n\t\n\t<script type=\"application\/ld+json\">\n\t{\n\t\t\"@context\": \"http:\/\/schema.org\",\n\t\t\"@type\"   : \"ImageGallery\",\n\t\t\"id\"      : \"https:\/\/www.visitsoglianoalrubicone.it\/de\/wp-json\/wp\/v2\/pages\/19176\/\",\n\t\t\"url\"     : \"https:\/\/www.visitsoglianoalrubicone.it\/de\/wp-json\/wp\/v2\/pages\/19176\/\"\n\t}\n\n    <\/script>\n\n\t\n<\/div>[\/vc_column_text][vc_empty_space height=&#8220;50px&#8220;][\/vc_column_inner][\/vc_row_inner][\/vc_column][\/vc_row]<\/p>\n","protected":false},"excerpt":{"rendered":"<p>[vc_row full_width=&#8220;stretch_row_content_no_spaces&#8220;][vc_column][vc_single_image image=&#8220;19179&#8243; img_size=&#8220;1920 x 450&#8243; alignment=&#8220;center&#8220; el_class=&#8220;infotronik_banner_pagina&#8220;][vc_empty_space height=&#8220;20px&#8220;][vc_row_inner][vc_column_inner][vc_column_text]Im 15. Jahrhundert wurde das sogenannte Castelletto gebaut, das von der dar\u00fcber liegenden&#8230;<\/p>\n","protected":false},"author":1,"featured_media":19180,"parent":19451,"menu_order":0,"comment_status":"closed","ping_status":"closed","template":"","meta":{"loftloader_page_shortcode":""},"_links":{"self":[{"href":"https:\/\/www.visitsoglianoalrubicone.it\/de\/wp-json\/wp\/v2\/pages\/19176"}],"collection":[{"href":"https:\/\/www.visitsoglianoalrubicone.it\/de\/wp-json\/wp\/v2\/pages"}],"about":[{"href":"https:\/\/www.visitsoglianoalrubicone.it\/de\/wp-json\/wp\/v2\/types\/page"}],"author":[{"embeddable":true,"href":"https:\/\/www.visitsoglianoalrubicone.it\/de\/wp-json\/wp\/v2\/users\/1"}],"replies":[{"embeddable":true,"href":"https:\/\/www.visitsoglianoalrubicone.it\/de\/wp-json\/wp\/v2\/comments?post=19176"}],"version-history":[{"count":2,"href":"https:\/\/www.visitsoglianoalrubicone.it\/de\/wp-json\/wp\/v2\/pages\/19176\/revisions"}],"predecessor-version":[{"id":19209,"href":"https:\/\/www.visitsoglianoalrubicone.it\/de\/wp-json\/wp\/v2\/pages\/19176\/revisions\/19209"}],"up":[{"embeddable":true,"href":"https:\/\/www.visitsoglianoalrubicone.it\/de\/wp-json\/wp\/v2\/pages\/19451"}],"wp:featuredmedia":[{"embeddable":true,"href":"https:\/\/www.visitsoglianoalrubicone.it\/de\/wp-json\/wp\/v2\/media\/19180"}],"wp:attachment":[{"href":"https:\/\/www.visitsoglianoalrubicone.it\/de\/wp-json\/wp\/v2\/media?parent=19176"}],"curies":[{"name":"wp","href":"https:\/\/api.w.org\/{rel}","templated":true}]}}