{"id":19248,"date":"2021-07-12T21:18:41","date_gmt":"2021-07-12T21:18:41","guid":{"rendered":"https:\/\/www.visitsoglianoalrubicone.it\/capannaccio-mine\/"},"modified":"2024-12-06T10:07:17","modified_gmt":"2024-12-06T10:07:17","slug":"capannaccio-mine","status":"publish","type":"page","link":"https:\/\/www.visitsoglianoalrubicone.it\/de\/sogliano-entdecken\/kunst-kultur-und-kunsthandwerk\/architektur-und-denkmaeler\/capannaccio-mine\/","title":{"rendered":"Capannaccio-Mine"},"content":{"rendered":"<p>[vc_row full_width=&#8220;stretch_row_content_no_spaces&#8220;][vc_column][vc_single_image image=&#8220;19249&#8243; img_size=&#8220;1920 x 450&#8243; alignment=&#8220;center&#8220; el_class=&#8220;infotronik_banner_pagina&#8220;]\n\t\t\t<section class=\"do-normal-page-title-section\">\n\t\t\t\t<div class=\"container\">\n\t\t\t\t\t<div class=\"row uppercase\">\n\t\t\t\n\t\t\t\t\t\t<div class=\"do-page-title-wrapper\">\n\t\t\t\t\t\t\t<div class=\"do-default-page-title col-md-7 col-sm-7 col-xs-12\">\n\t\t\t\t\t\t\t\t<h2 info=23 class=\"infotronik_page_title_big\">Miniera del Capannaccio<\/h2>\n\t\t\t\t\t\t\t\t<p><\/p>\n\t\t\t\t\t\t\t<\/div>\n\t\t\t\n\t\t\t\t\t\t\t<div class=\"do-breadcumb\"><ul><li><a class=\"infotronik_breadcrumb_cut\" href=\"https:\/\/www.visitsoglianoalrubicone.it\/de\/sogliano-entdecken\/kunst-kultur-und-kunsthandwerk\/\">Kunst Kultur und Kunsthandwerk<\/a><\/li><li><a class=\"infotronik_breadcrumb_cut\" href=\"https:\/\/www.visitsoglianoalrubicone.it\/de\/sogliano-entdecken\/kunst-kultur-und-kunsthandwerk\/architektur-und-denkmaeler\/\">Architektur und Denkm\u00e4ler<\/a><\/li><\/ul><\/div>\n\t\t\t\t\t\t<\/div>\n\t\t\t\n\t\t\t\t\t<\/div>\n\t\t\t\t<\/div>\n\t\t\t<\/section>\n\t\t[vc_empty_space height=&#8220;20px&#8220;][vc_row_inner][vc_column_inner][vc_column_text]Die Kohlemine von Capannaccio war von 1790 bis 1942 in Betrieb. Viele Menschen wissen nicht, dass in Sogliano bereits im 18. Jahrhundert drei wichtige Bergwerke betrieben wurden: neben dem in Capannaccio gab es eines in Montegelli und eines in Montetiffi. Diese Minen stellten eine unverzichtbare wirtschaftliche Ressource f\u00fcr die lokale Bev\u00f6lkerung dar und hatten einen bedeutenden Einfluss auf die lokale Geschichte. Die Associazione Miniere Sogliano (Bergbauverein Sogliano) wurde mit der Absicht gegr\u00fcndet, die Erinnerung an diese Seite der Geschichte lebendig zu halten. Zu diesem Zweck hat sie das Bergbaumuseum in Sogliano er\u00f6ffnet, in dem Mineralien, alte Publikationen, alte Manuskripte, typische Ausr\u00fcstungen der Bergleute und eine Ausstellung zeitgen\u00f6ssischer Fotos zu sehen sind.[\/vc_column_text][vc_empty_space height=&#8220;30px&#8220;][\/vc_column_inner][\/vc_row_inner][vc_row_inner][vc_column_inner width=&#8220;1\/2&#8243;]\n\t\t<div class=\"do-icon-with-text-style1 appear fadeIn\" data-wow-duration=\"1s\" data-wow-delay=\"0.3s\">\n\t\t    <div class=\"do-icon-wrapper\">\n\t\t        <i class=\"fa fa-map-marker\"><\/i>\n\t\t    <\/div>\n<p>Auf dem Monte Curto strada provinciale 11, Sogliano al Rubicone<\/p>\n\n\t\t<\/div>\n\t\n\t\t<div class=\"do-icon-with-text-style1 appear fadeIn\" data-wow-duration=\"1s\" data-wow-delay=\"0.3s\">\n\t\t    <div class=\"do-icon-wrapper\">\n\t\t        <i class=\"fa fa-clock-o\"><\/i>\n\t\t    <\/div>\n\t\t    <p>Immer von au\u00dfen zu besichtigen<\/p>\n\n\t\t<\/div>\n\t[\/vc_column_inner][vc_column_inner width=&#8220;1\/2&#8243;][vc_gmaps link=&#8220;#E-8_JTNDaWZyYW1lJTIwc3JjJTNEJTIyaHR0cHMlM0ElMkYlMkZ3d3cuZ29vZ2xlLmNvbSUyRm1hcHMlMkZlbWJlZCUzRnBiJTNEJTIxMW0xOCUyMTFtMTIlMjExbTMlMjExZDE2NTcuNjcxNTQwOTA4NDkzNiUyMTJkMTIuMjgyMDc1OTk3Mzg0MDc4JTIxM2Q0My45OTkxNTgzNTA2NDUxJTIxMm0zJTIxMWYwJTIxMmYwJTIxM2YwJTIxM20yJTIxMWkxMDI0JTIxMmk3NjglMjE0ZjEzLjElMjEzbTMlMjExbTIlMjExczB4MTMyYzk3ZWE0NGZmYzYwNyUyNTNBMHg3ZDE0MTg0ODAwNTNiNmJmJTIxMnNNaW5pZXJhJTI1MjBkZWwlMjUyMENhcGFubmFjY2lvJTIxNWUxJTIxM20yJTIxMXNpdCUyMTJzaXQlMjE0djE2MjczNzc1MjM2ODglMjE1bTIlMjExc2l0JTIxMnNpdCUyMiUyMHdpZHRoJTNEJTIyNjAwJTIyJTIwaGVpZ2h0JTNEJTIyNDUwJTIyJTIwc3R5bGUlM0QlMjJib3JkZXIlM0EwJTNCJTIyJTIwYWxsb3dmdWxsc2NyZWVuJTNEJTIyJTIyJTIwbG9hZGluZyUzRCUyMmxhenklMjIlM0UlM0MlMkZpZnJhbWUlM0U=&#8220;][\/vc_column_inner][\/vc_row_inner][vc_row_inner][vc_column_inner][vc_empty_space height=&#8220;30px&#8220;][vc_column_text]<style>#jtg-4625 .modula-item .jtg-social a, .lightbox-socials.jtg-social a{ color: #ffffff }#jtg-4625 .modula-item .jtg-social svg, .lightbox-socials.jtg-social svg { height: 16px; width: 16px }#jtg-4625 .modula-item .jtg-social a:not(:last-child), .lightbox-socials.jtg-social a:not(:last-child) { margin-right: 10px }#jtg-4625 .modula-item .figc {color:#ffffff;}#jtg-4625 .modula-item .modula-item-content { transform: scale(1) }#jtg-4625 { width:100%;}#jtg-4625 .modula-items .figc p.description { font-size:14px; }#jtg-4625 .modula-items .figc p.description { color:#ffffff;}#jtg-4625.modula-gallery .modula-item > a, #jtg-4625.modula-gallery .modula-item, #jtg-4625.modula-gallery .modula-item-content > a { cursor:zoom-in; } @media screen and (max-width:480px){#jtg-4625 .modula-item .figc .jtg-title {  font-size: 12px; }#jtg-4625 .modula-items .figc p.description { color:#ffffff;font-size:10px; }}<\/style>\n<!-- Gallery Container -->\n<div  id=\"jtg-4625\" class=\"modula modula-gallery modula-columns\" data-config=\"{&quot;enableTwitter&quot;:false,&quot;enableWhatsapp&quot;:false,&quot;enableFacebook&quot;:false,&quot;enablePinterest&quot;:false,&quot;enableLinkedin&quot;:false,&quot;enableEmail&quot;:false,&quot;randomFactor&quot;:0.5,&quot;type&quot;:&quot;grid&quot;,&quot;columns&quot;:12,&quot;gutter&quot;:10,&quot;mobileGutter&quot;:10,&quot;tabletGutter&quot;:10,&quot;desktopGutter&quot;:10,&quot;enableResponsive&quot;:&quot;0&quot;,&quot;tabletColumns&quot;:&quot;2&quot;,&quot;mobileColumns&quot;:&quot;1&quot;,&quot;lazyLoad&quot;:&quot;0&quot;,&quot;lightboxOpts&quot;:{&quot;loop&quot;:false,&quot;arrows&quot;:true,&quot;toolbar&quot;:true,&quot;keyboard&quot;:false,&quot;wheel&quot;:false,&quot;buttons&quot;:[&quot;close&quot;],&quot;hash&quot;:false,&quot;lang&quot;:&quot;en&quot;,&quot;touch&quot;:false,&quot;protect&quot;:false,&quot;i18n&quot;:{&quot;en&quot;:{&quot;CLOSE&quot;:&quot;Close&quot;,&quot;NEXT&quot;:&quot;Next&quot;,&quot;PREV&quot;:&quot;Previous&quot;,&quot;Error&quot;:&quot;The requested content cannot be loaded. Please try again later.&quot;,&quot;PLAY_START&quot;:&quot;Start slideshow&quot;,&quot;PLAY_STOP&quot;:&quot;Pause slideshow&quot;,&quot;FULL_SCREEN&quot;:&quot;Full screen&quot;,&quot;THUMBS&quot;:&quot;Thumbnails&quot;,&quot;DOWNLOAD&quot;:&quot;Download&quot;,&quot;SHARE&quot;:&quot;Share&quot;,&quot;ZOOM&quot;:&quot;Zoom&quot;}},&quot;clickSlide&quot;:false,&quot;clickOutside&quot;:false,&quot;dblclickContent&quot;:false,&quot;dblclickSlide&quot;:false,&quot;dblclickOutside&quot;:false,&quot;clickContent&quot;:false,&quot;baseTpl&quot;:&quot;&lt;div class=\\&quot;modula-fancybox-container modula-lightbox-jtg-4625\\&quot; role=\\&quot;dialog\\&quot; tabindex=\\&quot;-1\\&quot;&gt;&lt;div class=\\&quot;modula-fancybox-bg\\&quot;&gt;&lt;\\\/div&gt;&lt;div class=\\&quot;modula-fancybox-inner\\&quot;&gt;&lt;div class=\\&quot;modula-fancybox-infobar\\&quot;&gt;&lt;span data-fancybox-index&gt;&lt;\\\/span&gt;&nbsp;\\\/&nbsp;&lt;span data-fancybox-count&gt;&lt;\\\/span&gt;&lt;\\\/div&gt;&lt;div class=\\&quot;modula-fancybox-toolbar\\&quot;&gt;{{buttons}}&lt;\\\/div&gt;&lt;div class=\\&quot;modula-fancybox-navigation\\&quot;&gt;{{arrows}}&lt;\\\/div&gt;&lt;div class=\\&quot;modula-fancybox-stage\\&quot;&gt;&lt;\\\/div&gt;&lt;div class=\\&quot;modula-fancybox-caption\\&quot;&gt;&lt;div class=\\&quot;modula-fancybox-caption__body\\&quot;&gt;&lt;\\\/div&gt;&lt;\\\/div&gt;&lt;\\\/div&gt;&lt;\\\/div&gt;&quot;},&quot;inView&quot;:false,&quot;email_subject&quot;:&quot;Check out this awesome image !!&quot;,&quot;email_message&quot;:&quot;Here is the link to the image : %%image_link%% and this is the link to the gallery : %%gallery_link%%&quot;,&quot;grid_type&quot;:&quot;automatic&quot;,&quot;rowHeight&quot;:150,&quot;lastRow&quot;:&quot;justify&quot;,&quot;lightbox&quot;:&quot;fancybox&quot;}\">\n\n\t\n\t<!-- Items Container -->\n\t<div  class=\"modula-items grid-gallery\">\n\t\t<div class=\"modula-item effect-pufrobo\" >\n\t<div class=\"modula-item-overlay\"><\/div>\n\n\t<div class=\"modula-item-content\">\n\n\t\t\t\t\n\t\t\t\t\t<a data-image-id=\"4626\" href=\"https:\/\/www.visitsoglianoalrubicone.it\/wp-content\/uploads\/2021\/07\/Visit-Sogliano-Scopri-Sogliano-Arte-Cultura-Artigianato-Architettura-e-Monumenti-Miniera-Capannaccio.jpg\" rel=\"jtg-4625\" data-caption=\"\" class=\"tile-inner modula-item-link\"><\/a>\n\t\t\n\t\t<img class=\"pic\"  data-valign=\"middle\" data-halign=\"center\" alt=\"\" data-full=\"https:\/\/www.visitsoglianoalrubicone.it\/wp-content\/uploads\/2021\/07\/Visit-Sogliano-Scopri-Sogliano-Arte-Cultura-Artigianato-Architettura-e-Monumenti-Miniera-Capannaccio.jpg\" title=\"Visit Sogliano - Scopri Sogliano - Arte Cultura Artigianato - Architettura e Monumenti - Miniera Capannaccio\" width=\"960\" height=\"720\" src=\"https:\/\/www.visitsoglianoalrubicone.it\/wp-content\/uploads\/2021\/07\/Visit-Sogliano-Scopri-Sogliano-Arte-Cultura-Artigianato-Architettura-e-Monumenti-Miniera-Capannaccio.jpg\" data-src=\"https:\/\/www.visitsoglianoalrubicone.it\/wp-content\/uploads\/2021\/07\/Visit-Sogliano-Scopri-Sogliano-Arte-Cultura-Artigianato-Architettura-e-Monumenti-Miniera-Capannaccio.jpg\" data-caption=\"\"srcset=\"https:\/\/www.visitsoglianoalrubicone.it\/wp-content\/uploads\/2021\/07\/Visit-Sogliano-Scopri-Sogliano-Arte-Cultura-Artigianato-Architettura-e-Monumenti-Miniera-Capannaccio.jpg 960w, https:\/\/www.visitsoglianoalrubicone.it\/wp-content\/uploads\/2021\/07\/Visit-Sogliano-Scopri-Sogliano-Arte-Cultura-Artigianato-Architettura-e-Monumenti-Miniera-Capannaccio-300x225.jpg 300w, https:\/\/www.visitsoglianoalrubicone.it\/wp-content\/uploads\/2021\/07\/Visit-Sogliano-Scopri-Sogliano-Arte-Cultura-Artigianato-Architettura-e-Monumenti-Miniera-Capannaccio-768x576.jpg 768w\" sizes=\"(max-width: 960px) 100vw, 960px\"\" \/>\n\t\t<div class=\"figc no-description\">\n\t\t\t<div class=\"figc-inner\">\n\t\t\t\t\t\t\t\t\t\t\t\t\t\t\t<\/div>\n\t\t<\/div>\n\n\t<\/div>\n\n<\/div>\t\t\n\t<\/div>\n\n\t\n\t\n\t<script type=\"application\/ld+json\">\n\t{\n\t\t\"@context\": \"http:\/\/schema.org\",\n\t\t\"@type\"   : \"ImageGallery\",\n\t\t\"id\"      : \"https:\/\/www.visitsoglianoalrubicone.it\/de\/wp-json\/wp\/v2\/pages\/19248\/\",\n\t\t\"url\"     : \"https:\/\/www.visitsoglianoalrubicone.it\/de\/wp-json\/wp\/v2\/pages\/19248\/\"\n\t}\n\n    <\/script>\n\n\t\n<\/div>[\/vc_column_text][vc_empty_space height=&#8220;50px&#8220;][\/vc_column_inner][\/vc_row_inner][\/vc_column][\/vc_row]<\/p>\n","protected":false},"excerpt":{"rendered":"<p>[vc_row full_width=&#8220;stretch_row_content_no_spaces&#8220;][vc_column][vc_single_image image=&#8220;19249&#8243; img_size=&#8220;1920 x 450&#8243; alignment=&#8220;center&#8220; el_class=&#8220;infotronik_banner_pagina&#8220;][vc_empty_space height=&#8220;20px&#8220;][vc_row_inner][vc_column_inner][vc_column_text]Die Kohlemine von Capannaccio war von 1790 bis 1942 in Betrieb. Viele Menschen&#8230;<\/p>\n","protected":false},"author":1,"featured_media":19250,"parent":19451,"menu_order":0,"comment_status":"closed","ping_status":"closed","template":"","meta":{"loftloader_page_shortcode":""},"_links":{"self":[{"href":"https:\/\/www.visitsoglianoalrubicone.it\/de\/wp-json\/wp\/v2\/pages\/19248"}],"collection":[{"href":"https:\/\/www.visitsoglianoalrubicone.it\/de\/wp-json\/wp\/v2\/pages"}],"about":[{"href":"https:\/\/www.visitsoglianoalrubicone.it\/de\/wp-json\/wp\/v2\/types\/page"}],"author":[{"embeddable":true,"href":"https:\/\/www.visitsoglianoalrubicone.it\/de\/wp-json\/wp\/v2\/users\/1"}],"replies":[{"embeddable":true,"href":"https:\/\/www.visitsoglianoalrubicone.it\/de\/wp-json\/wp\/v2\/comments?post=19248"}],"version-history":[{"count":2,"href":"https:\/\/www.visitsoglianoalrubicone.it\/de\/wp-json\/wp\/v2\/pages\/19248\/revisions"}],"predecessor-version":[{"id":19286,"href":"https:\/\/www.visitsoglianoalrubicone.it\/de\/wp-json\/wp\/v2\/pages\/19248\/revisions\/19286"}],"up":[{"embeddable":true,"href":"https:\/\/www.visitsoglianoalrubicone.it\/de\/wp-json\/wp\/v2\/pages\/19451"}],"wp:featuredmedia":[{"embeddable":true,"href":"https:\/\/www.visitsoglianoalrubicone.it\/de\/wp-json\/wp\/v2\/media\/19250"}],"wp:attachment":[{"href":"https:\/\/www.visitsoglianoalrubicone.it\/de\/wp-json\/wp\/v2\/media?parent=19248"}],"curies":[{"name":"wp","href":"https:\/\/api.w.org\/{rel}","templated":true}]}}