{"id":19390,"date":"2021-07-04T14:43:45","date_gmt":"2021-07-04T14:43:45","guid":{"rendered":"https:\/\/www.visitsoglianoalrubicone.it\/giuseppe-garibaldi\/"},"modified":"2024-12-06T10:10:41","modified_gmt":"2024-12-06T10:10:41","slug":"giuseppe-garibaldi","status":"publish","type":"page","link":"https:\/\/www.visitsoglianoalrubicone.it\/de\/sogliano-entdecken\/kunst-kultur-und-kunsthandwerk\/geschichte-und-illustre-persoenlichkeiten\/illustre-persoenlichkeiten\/giuseppe-garibaldi\/","title":{"rendered":"Giuseppe Garibaldi"},"content":{"rendered":"<p>[vc_row full_width=&#8220;stretch_row_content_no_spaces&#8220;][vc_column][vc_single_image image=&#8220;19391&#8243; img_size=&#8220;1920 x 450&#8243; alignment=&#8220;center&#8220; el_class=&#8220;infotronik_banner_pagina&#8220;]\n\t\t\t<section class=\"do-normal-page-title-section\">\n\t\t\t\t<div class=\"container\">\n\t\t\t\t\t<div class=\"row uppercase\">\n\t\t\t\n\t\t\t\t\t\t<div class=\"do-page-title-wrapper\">\n\t\t\t\t\t\t\t<div class=\"do-default-page-title col-md-7 col-sm-7 col-xs-12\">\n\t\t\t\t\t\t\t\t<h2 info=18 class=\"infotronik_page_title_big\">Giuseppe Garibaldi<\/h2>\n\t\t\t\t\t\t\t\t<p><\/p>\n\t\t\t\t\t\t\t<\/div>\n\t\t\t\n\t\t\t\t\t\t\t<div class=\"do-breadcumb\"><ul><li><a class=\"infotronik_breadcrumb_cut\" href=\"https:\/\/www.visitsoglianoalrubicone.it\/de\/sogliano-entdecken\/kunst-kultur-und-kunsthandwerk\/geschichte-und-illustre-persoenlichkeiten\/\">Geschichte und illustre Pers\u00f6nlichkeiten<\/a><\/li><li><a class=\"infotronik_breadcrumb_cut\" href=\"https:\/\/www.visitsoglianoalrubicone.it\/de\/sogliano-entdecken\/kunst-kultur-und-kunsthandwerk\/geschichte-und-illustre-persoenlichkeiten\/illustre-persoenlichkeiten\/\">Illustre Pers\u00f6nlichkeiten<\/a><\/li><\/ul><\/div>\n\t\t\t\t\t\t<\/div>\n\t\t\t\n\t\t\t\t\t<\/div>\n\t\t\t\t<\/div>\n\t\t\t<\/section>\n\t\t[vc_empty_space height=&#8220;20px&#8220;][vc_row_inner][vc_column_inner][vc_column_text]<strong>GIUSEPPE GARIBALDI (1807 &#8211; 1882)<\/strong><\/p>\n<p>Gro\u00dfer italienischer General, Patriot, Condottiere und Schriftsteller, eine der ber\u00fchmtesten historischen Figuren des Risorgimento. 1849, w\u00e4hrend seines Marsches nach Norditalien, verfolgt von \u00f6sterreichischen Truppen, werden Garibaldi und seine M\u00e4nner auf dem Meer bei Comacchio abgefangen.<br \/>\nSo begann die &#8222;trafila romagnola&#8220;, eine abenteuerliche Flucht durch die Landschaft und die H\u00fcgel der Romagna, wo er dank der Hilfe der lokalen Bev\u00f6lkerung, Bauern und Patrioten, Rettung fand. Am 1. August 1849 kam er in Sogliano al Rubicone an und fand hier unter anderem bei Claudio Sabattini, einem gro\u00dfen Soglianer Patrioten, Gastfreundschaft.<\/p>\n<p>An Garibaldis Ankunft in Sogliano al Rubicone erinnert eine Inschrift, die im Palazzo Mariani, dem Sitz des Rathauses, neben der Sabattini gewidmeten Gedenktafel aufbewahrt wird. Im Museum der Linea Christa in Sogliano al Rubicone werden Relikte aus Garibaldis Zeit aufbewahrt.[\/vc_column_text][vc_empty_space height=&#8220;50px&#8220;][vc_text_separator title=&#8220;Nicht zu verpassen:&#8220; title_align=&#8220;separator_align_left&#8220; align=&#8220;align_left&#8220; color=&#8220;custom&#8220; el_width=&#8220;50&#8243; accent_color=&#8220;#fc7f0c&#8220;][vc_empty_space height=&#8220;50px&#8220;][vc_column_text]<div class=\"pt-cv-wrapper\"><div class=\"pt-cv-view pt-cv-grid pt-cv-colsys\" id=\"pt-cv-view-8cc935fdab\"><div data-id=\"pt-cv-page-1\" class=\"pt-cv-page\" data-cvc=\"3\"><div class=\"col-md-4 col-sm-12 col-xs-12 pt-cv-content-item pt-cv-1-col\" ><div class='pt-cv-ifield'><a href=\"https:\/\/www.visitsoglianoalrubicone.it\/de\/sogliano-entdecken\/kunst-kultur-und-kunsthandwerk\/museen-dauerausstellungen-und-archive\/christa-line-museum\/\" class=\"_self pt-cv-href-thumbnail pt-cv-thumb-default\" target=\"_self\" ><img width=\"1024\" height=\"768\" src=\"https:\/\/www.visitsoglianoalrubicone.it\/wp-content\/uploads\/2021\/07\/Visit-Sogliano-Scopri-Sogliano-Arte-Cultura-Artigianato-Musei-Mostre-Archivi-Linea-Christa-Banner-Resized.jpg\" class=\"pt-cv-thumbnail\" alt=\"\" loading=\"lazy\" srcset=\"https:\/\/www.visitsoglianoalrubicone.it\/wp-content\/uploads\/2021\/07\/Visit-Sogliano-Scopri-Sogliano-Arte-Cultura-Artigianato-Musei-Mostre-Archivi-Linea-Christa-Banner-Resized.jpg 1024w, https:\/\/www.visitsoglianoalrubicone.it\/wp-content\/uploads\/2021\/07\/Visit-Sogliano-Scopri-Sogliano-Arte-Cultura-Artigianato-Musei-Mostre-Archivi-Linea-Christa-Banner-Resized-300x225.jpg 300w, https:\/\/www.visitsoglianoalrubicone.it\/wp-content\/uploads\/2021\/07\/Visit-Sogliano-Scopri-Sogliano-Arte-Cultura-Artigianato-Musei-Mostre-Archivi-Linea-Christa-Banner-Resized-768x576.jpg 768w\" sizes=\"(max-width: 1024px) 100vw, 1024px\" \/><\/a>\n<h6 class=\"pt-cv-title\"><a href=\"https:\/\/www.visitsoglianoalrubicone.it\/de\/sogliano-entdecken\/kunst-kultur-und-kunsthandwerk\/museen-dauerausstellungen-und-archive\/christa-line-museum\/\" class=\"_self\" target=\"_self\" >Christa Line Museum<\/a><\/h6><\/div><\/div>\n<div class=\"col-md-4 col-sm-12 col-xs-12 pt-cv-content-item pt-cv-1-col\" ><div class='pt-cv-ifield'><a href=\"https:\/\/www.visitsoglianoalrubicone.it\/de\/sogliano-entdecken\/kunst-kultur-und-kunsthandwerk\/architektur-und-denkmaeler\/mariani-palast-sogliano\/\" class=\"_self pt-cv-href-thumbnail pt-cv-thumb-default\" target=\"_self\" ><img width=\"1024\" height=\"768\" src=\"https:\/\/www.visitsoglianoalrubicone.it\/wp-content\/uploads\/2021\/07\/visit-sogliano-al-rubicone-scopri-sogliano-arte-cultura-e-artigianato-architettura-all-aria-aperta-palazzo-mariani-box.jpg\" class=\"pt-cv-thumbnail\" alt=\"\" loading=\"lazy\" srcset=\"https:\/\/www.visitsoglianoalrubicone.it\/wp-content\/uploads\/2021\/07\/visit-sogliano-al-rubicone-scopri-sogliano-arte-cultura-e-artigianato-architettura-all-aria-aperta-palazzo-mariani-box.jpg 1024w, https:\/\/www.visitsoglianoalrubicone.it\/wp-content\/uploads\/2021\/07\/visit-sogliano-al-rubicone-scopri-sogliano-arte-cultura-e-artigianato-architettura-all-aria-aperta-palazzo-mariani-box-300x225.jpg 300w, https:\/\/www.visitsoglianoalrubicone.it\/wp-content\/uploads\/2021\/07\/visit-sogliano-al-rubicone-scopri-sogliano-arte-cultura-e-artigianato-architettura-all-aria-aperta-palazzo-mariani-box-768x576.jpg 768w\" sizes=\"(max-width: 1024px) 100vw, 1024px\" \/><\/a>\n<h6 class=\"pt-cv-title\"><a href=\"https:\/\/www.visitsoglianoalrubicone.it\/de\/sogliano-entdecken\/kunst-kultur-und-kunsthandwerk\/architektur-und-denkmaeler\/mariani-palast-sogliano\/\" class=\"_self\" target=\"_self\" >Mariani Palast &#8211; Sogliano<\/a><\/h6><\/div><\/div>\n<div class=\"col-md-4 col-sm-12 col-xs-12 pt-cv-content-item pt-cv-1-col\" ><div class='pt-cv-ifield'><a href=\"https:\/\/www.visitsoglianoalrubicone.it\/de\/sogliano-entdecken\/im-herzen-der-natur\/parks-und-spielplaetze\/anita-garibaldi-park-bavaria-village\/\" class=\"_self pt-cv-href-thumbnail pt-cv-thumb-default\" target=\"_self\" ><img width=\"1024\" height=\"768\" src=\"https:\/\/www.visitsoglianoalrubicone.it\/wp-content\/uploads\/2021\/08\/Visit-Sogliano-Scopri-Sogliano-Nel-Cuore-della-Natura-Parco-Anita-Garibaldi-Banner-Resized.jpg\" class=\"pt-cv-thumbnail\" alt=\"\" loading=\"lazy\" srcset=\"https:\/\/www.visitsoglianoalrubicone.it\/wp-content\/uploads\/2021\/08\/Visit-Sogliano-Scopri-Sogliano-Nel-Cuore-della-Natura-Parco-Anita-Garibaldi-Banner-Resized.jpg 1024w, https:\/\/www.visitsoglianoalrubicone.it\/wp-content\/uploads\/2021\/08\/Visit-Sogliano-Scopri-Sogliano-Nel-Cuore-della-Natura-Parco-Anita-Garibaldi-Banner-Resized-300x225.jpg 300w, https:\/\/www.visitsoglianoalrubicone.it\/wp-content\/uploads\/2021\/08\/Visit-Sogliano-Scopri-Sogliano-Nel-Cuore-della-Natura-Parco-Anita-Garibaldi-Banner-Resized-768x576.jpg 768w\" sizes=\"(max-width: 1024px) 100vw, 1024px\" \/><\/a>\n<h6 class=\"pt-cv-title\"><a href=\"https:\/\/www.visitsoglianoalrubicone.it\/de\/sogliano-entdecken\/im-herzen-der-natur\/parks-und-spielplaetze\/anita-garibaldi-park-bavaria-village\/\" class=\"_self\" target=\"_self\" >Anita Garibaldi Park &#8211; Bavaria Village<\/a><\/h6><\/div><\/div><\/div><\/div><\/div>[\/vc_column_text][vc_empty_space height=&#8220;50px&#8220;][\/vc_column_inner][\/vc_row_inner][\/vc_column][\/vc_row]<\/p>\n","protected":false},"excerpt":{"rendered":"<p>[vc_row full_width=&#8220;stretch_row_content_no_spaces&#8220;][vc_column][vc_single_image image=&#8220;19391&#8243; img_size=&#8220;1920 x 450&#8243; alignment=&#8220;center&#8220; el_class=&#8220;infotronik_banner_pagina&#8220;][vc_empty_space height=&#8220;20px&#8220;][vc_row_inner][vc_column_inner][vc_column_text]GIUSEPPE GARIBALDI (1807 &#8211; 1882) Gro\u00dfer italienischer General, Patriot, Condottiere und Schriftsteller, eine&#8230;<\/p>\n","protected":false},"author":1,"featured_media":19392,"parent":20089,"menu_order":0,"comment_status":"closed","ping_status":"closed","template":"","meta":{"loftloader_page_shortcode":""},"_links":{"self":[{"href":"https:\/\/www.visitsoglianoalrubicone.it\/de\/wp-json\/wp\/v2\/pages\/19390"}],"collection":[{"href":"https:\/\/www.visitsoglianoalrubicone.it\/de\/wp-json\/wp\/v2\/pages"}],"about":[{"href":"https:\/\/www.visitsoglianoalrubicone.it\/de\/wp-json\/wp\/v2\/types\/page"}],"author":[{"embeddable":true,"href":"https:\/\/www.visitsoglianoalrubicone.it\/de\/wp-json\/wp\/v2\/users\/1"}],"replies":[{"embeddable":true,"href":"https:\/\/www.visitsoglianoalrubicone.it\/de\/wp-json\/wp\/v2\/comments?post=19390"}],"version-history":[{"count":2,"href":"https:\/\/www.visitsoglianoalrubicone.it\/de\/wp-json\/wp\/v2\/pages\/19390\/revisions"}],"predecessor-version":[{"id":19413,"href":"https:\/\/www.visitsoglianoalrubicone.it\/de\/wp-json\/wp\/v2\/pages\/19390\/revisions\/19413"}],"up":[{"embeddable":true,"href":"https:\/\/www.visitsoglianoalrubicone.it\/de\/wp-json\/wp\/v2\/pages\/20089"}],"wp:featuredmedia":[{"embeddable":true,"href":"https:\/\/www.visitsoglianoalrubicone.it\/de\/wp-json\/wp\/v2\/media\/19392"}],"wp:attachment":[{"href":"https:\/\/www.visitsoglianoalrubicone.it\/de\/wp-json\/wp\/v2\/media?parent=19390"}],"curies":[{"name":"wp","href":"https:\/\/api.w.org\/{rel}","templated":true}]}}