{"id":19554,"date":"2021-07-04T11:51:11","date_gmt":"2021-07-04T11:51:11","guid":{"rendered":"https:\/\/www.visitsoglianoalrubicone.it\/kollektion-veggiani\/"},"modified":"2024-12-06T10:07:54","modified_gmt":"2024-12-06T10:07:54","slug":"kollektion-veggiani","status":"publish","type":"page","link":"https:\/\/www.visitsoglianoalrubicone.it\/de\/sogliano-entdecken\/kunst-kultur-und-kunsthandwerk\/museen-dauerausstellungen-und-archive\/kollektion-veggiani\/","title":{"rendered":"Kollektion Veggiani"},"content":{"rendered":"<p>[vc_row full_width=&#8220;stretch_row_content_no_spaces&#8220;][vc_column][vc_single_image image=&#8220;19555&#8243; img_size=&#8220;1920 x 450&#8243; alignment=&#8220;center&#8220; el_class=&#8220;infotronik_banner_pagina&#8220;]\n\t\t\t<section class=\"do-normal-page-title-section\">\n\t\t\t\t<div class=\"container\">\n\t\t\t\t\t<div class=\"row uppercase\">\n\t\t\t\n\t\t\t\t\t\t<div class=\"do-page-title-wrapper\">\n\t\t\t\t\t\t\t<div class=\"do-default-page-title col-md-7 col-sm-7 col-xs-12\">\n\t\t\t\t\t\t\t\t<h2 info=19 class=\"infotronik_page_title_big\">Collezione Veggiani<\/h2>\n\t\t\t\t\t\t\t\t<p><\/p>\n\t\t\t\t\t\t\t<\/div>\n\t\t\t\n\t\t\t\t\t\t\t<div class=\"do-breadcumb\"><ul><li><a class=\"infotronik_breadcrumb_cut\" href=\"https:\/\/www.visitsoglianoalrubicone.it\/de\/sogliano-entdecken\/kunst-kultur-und-kunsthandwerk\/\">Kunst Kultur und Kunsthandwerk<\/a><\/li><li><a class=\"infotronik_breadcrumb_cut\" href=\"https:\/\/www.visitsoglianoalrubicone.it\/de\/sogliano-entdecken\/kunst-kultur-und-kunsthandwerk\/museen-dauerausstellungen-und-archive\/\">Museen, Dauerausstellungen und Archive<\/a><\/li><\/ul><\/div>\n\t\t\t\t\t\t<\/div>\n\t\t\t\n\t\t\t\t\t<\/div>\n\t\t\t\t<\/div>\n\t\t\t<\/section>\n\t\t[vc_empty_space height=&#8220;20px&#8220;][vc_row_inner][vc_column_inner][vc_column_text]Seit 2004 beherbergt der Kulturpalast das gesamte dokumentarische Erbe von Antonio Veggiani (1924-1996), einem renommierten Gelehrten und Forscher, der aus Mercato Saraceno stammt. Die Sammlung besteht haupts\u00e4chlich aus Material von geologisch-historischem Interesse \u00fcber die Romagna und das Montefeltro, mit besonderem Bezug auf die Gebiete in den T\u00e4lern der Fl\u00fcsse Savio, Uso und Rubicone. Die dokumentarische Abteilung sammelt Manuskripte und Zusammenfassungen \u00fcber Arch\u00e4ologie, Astronomie, geologische Wissenschaften sowie fotografisches Material. Die mineralogische Abteilung enth\u00e4lt zahlreiche Fossilien- und Mineralienfunde, darunter einen Quarzitstein, der auf etwa 1.250.000 Jahre vor heute datiert wird und in der Olduvai-Schlucht in Tansania gefunden wurde, und einen wertvollen 625 g schweren Bernstein, den Veggiani in der N\u00e4he von Campaolo, einem Ort in Sogliano al Rubicone, gefunden hat.[\/vc_column_text][vc_empty_space height=&#8220;30px&#8220;][\/vc_column_inner][\/vc_row_inner][vc_row_inner][vc_column_inner width=&#8220;1\/2&#8243;]\n\t\t<div class=\"do-icon-with-text-style1 appear fadeIn\" data-wow-duration=\"1s\" data-wow-delay=\"0.3s\">\n\t\t    <div class=\"do-icon-wrapper\">\n\t\t        <i class=\"fa fa-check\"><\/i>\n\t\t    <\/div>\n\t\t    <p><em><strong>Vor\u00fcbergehend geschlossen wegen Umr\u00fcstung<\/strong><\/em><\/p>\n\n\t\t<\/div>\n\t\n\t\t<div class=\"do-icon-with-text-style1 appear fadeIn\" data-wow-duration=\"1s\" data-wow-delay=\"0.3s\">\n\t\t    <div class=\"do-icon-wrapper\">\n\t\t        <i class=\"fa fa-map-marker\"><\/i>\n\t\t    <\/div>\n\t\t    <p>c\/o:<br \/>\nMarcosanti\/Ripa Kulturpalast Piazza Garibaldi 19, 47030 Sogliano al Rubicone<\/p>\n\n\t\t<\/div>\n\t\n\t\t<div class=\"do-icon-with-text-style1 appear fadeIn\" data-wow-duration=\"1s\" data-wow-delay=\"0.3s\">\n\t\t    <div class=\"do-icon-wrapper\">\n\t\t        <i class=\"fa fa-user\"><\/i>\n\t\t    <\/div>\n\t\t    <p>Ansprechpartner: &#8218;Pater Venanzio Reali&#8216; Stadtbibliothek<\/p>\n\n\t\t<\/div>\n\t\n\t\t<div class=\"do-icon-with-text-style1 appear fadeIn\" data-wow-duration=\"1s\" data-wow-delay=\"0.3s\">\n\t\t    <div class=\"do-icon-wrapper\">\n\t\t        <i class=\"fa fa-phone\"><\/i>\n\t\t    <\/div>\n\t\t    <p>Kontakt: <a href=\"tel:+390541817350\">0541 817350<\/a><\/p>\n\n\t\t<\/div>\n\t\n\t\t<div class=\"do-icon-with-text-style1 appear fadeIn\" data-wow-duration=\"1s\" data-wow-delay=\"0.3s\">\n\t\t    <div class=\"do-icon-wrapper\">\n\t\t        <i class=\"fa fa-envelope\"><\/i>\n\t\t    <\/div>\n\t\t    <p><a href=\"mailto:biblioteca@comune.sogliano.fc.it\">biblioteca@comune.sogliano.fc.it<\/a><\/p>\n\n\t\t<\/div>\n\t\n\t\t<div class=\"do-icon-with-text-style1 appear fadeIn\" data-wow-duration=\"1s\" data-wow-delay=\"0.3s\">\n\t\t    <div class=\"do-icon-wrapper\">\n\t\t        <i class=\"fa fa-clock-o\"><\/i>\n\t\t    <\/div>\n\t\t    <p>\n\u00d6ffnungszeiten: Nur nach Vereinbarung ge\u00f6ffnet<\/p>\n\n\t\t<\/div>\n\t\n\t\t<div class=\"do-icon-with-text-style1 appear fadeIn\" data-wow-duration=\"1s\" data-wow-delay=\"0.3s\">\n\t\t    <div class=\"do-icon-wrapper\">\n\t\t        <i class=\"fa fa-euro\"><\/i>\n\t\t    <\/div>\n\t\t    <p>Kosten: freier Eintritt.<\/p>\n\n\t\t<\/div>\n\t\n\t\t<div class=\"do-icon-with-text-style1 appear fadeIn\" data-wow-duration=\"1s\" data-wow-delay=\"0.3s\">\n\t\t    <div class=\"do-icon-wrapper\">\n\t\t        <i class=\"fa fa-automobile\"><\/i>\n\t\t    <\/div>\n\t\t    <p>Erreichbarkeit: Auto, Bus und angrenzendes Parkhaus<\/p>\n\n\t\t<\/div>\n\t\n\t\t<div class=\"do-icon-with-text-style1 appear fadeIn\" data-wow-duration=\"1s\" data-wow-delay=\"0.3s\">\n\t\t    <div class=\"do-icon-wrapper\">\n\t\t        <i class=\"fa fa-weixin\"><\/i>\n\t\t    <\/div>\n\t\t    <p>Gesprochene Sprachen: Italienisch<\/p>\n\n\t\t<\/div>\n\t[\/vc_column_inner][vc_column_inner width=&#8220;1\/2&#8243;][vc_gmaps link=&#8220;#E-8_JTNDaWZyYW1lJTIwc3JjJTNEJTIyaHR0cHMlM0ElMkYlMkZ3d3cuZ29vZ2xlLmNvbSUyRm1hcHMlMkZlbWJlZCUzRnBiJTNEJTIxMW0xOCUyMTFtMTIlMjExbTMlMjExZDIzMzUuNDc0NTQ4ODg4MDg3JTIxMmQxMi4yOTc2NzY4MTQ4OTM4MjYlMjEzZDQ0LjAwNDIxNjgzNzY4MDQ3NCUyMTJtMyUyMTFmMCUyMTJmMCUyMTNmMCUyMTNtMiUyMTFpMTAyNCUyMTJpNzY4JTIxNGYxMy4xJTIxM20zJTIxMW0yJTIxMXMweDEzMmM5NzlmOGU1MDRkZWQlMjUzQTB4OWVlNzM0MjIxMTJlM2VmYSUyMTJzQ29sbGV6aW9uZSUyNTIwQW50b25pbyUyNTIwVmVnZ2lhbmklMjE1ZTElMjEzbTIlMjExc2l0JTIxMnNpdCUyMTR2MTYyODU0MTk5MDgxNiUyMTVtMiUyMTFzaXQlMjEyc2l0JTIyJTIwd2lkdGglM0QlMjI2MDAlMjIlMjBoZWlnaHQlM0QlMjI0NTAlMjIlMjBzdHlsZSUzRCUyMmJvcmRlciUzQTAlM0IlMjIlMjBhbGxvd2Z1bGxzY3JlZW4lM0QlMjIlMjIlMjBsb2FkaW5nJTNEJTIybGF6eSUyMiUzRSUzQyUyRmlmcmFtZSUzRQ==&#8220;][\/vc_column_inner][\/vc_row_inner][vc_row_inner][vc_column_inner][vc_empty_space height=&#8220;30px&#8220;][vc_column_text]<style>#jtg-1803 .modula-item .jtg-social a, .lightbox-socials.jtg-social a{ color: #ffffff }#jtg-1803 .modula-item .jtg-social svg, .lightbox-socials.jtg-social svg { height: 16px; width: 16px }#jtg-1803 .modula-item .jtg-social a:not(:last-child), .lightbox-socials.jtg-social a:not(:last-child) { margin-right: 10px }#jtg-1803 .modula-item .figc {color:#ffffff;}#jtg-1803 .modula-item .modula-item-content { transform: scale(1) }#jtg-1803 { width:100%;}#jtg-1803 .modula-items .figc p.description { font-size:14px; }#jtg-1803 .modula-items .figc p.description { color:#ffffff;}#jtg-1803.modula-gallery .modula-item > a, #jtg-1803.modula-gallery .modula-item, #jtg-1803.modula-gallery .modula-item-content > a { cursor:zoom-in; } @media screen and (max-width:480px){#jtg-1803 .modula-item .figc .jtg-title {  font-size: 12px; }#jtg-1803 .modula-items .figc p.description { color:#ffffff;font-size:10px; }}<\/style>\n<!-- Gallery Container -->\n<div  id=\"jtg-1803\" class=\"modula modula-gallery modula-columns\" data-config=\"{&quot;enableTwitter&quot;:false,&quot;enableWhatsapp&quot;:false,&quot;enableFacebook&quot;:false,&quot;enablePinterest&quot;:false,&quot;enableLinkedin&quot;:false,&quot;enableEmail&quot;:false,&quot;randomFactor&quot;:0.5,&quot;type&quot;:&quot;grid&quot;,&quot;columns&quot;:12,&quot;gutter&quot;:10,&quot;mobileGutter&quot;:10,&quot;tabletGutter&quot;:10,&quot;desktopGutter&quot;:10,&quot;enableResponsive&quot;:&quot;0&quot;,&quot;tabletColumns&quot;:&quot;2&quot;,&quot;mobileColumns&quot;:&quot;1&quot;,&quot;lazyLoad&quot;:&quot;0&quot;,&quot;lightboxOpts&quot;:{&quot;loop&quot;:false,&quot;arrows&quot;:true,&quot;toolbar&quot;:true,&quot;keyboard&quot;:false,&quot;wheel&quot;:false,&quot;buttons&quot;:[&quot;close&quot;],&quot;hash&quot;:false,&quot;lang&quot;:&quot;en&quot;,&quot;touch&quot;:false,&quot;protect&quot;:false,&quot;i18n&quot;:{&quot;en&quot;:{&quot;CLOSE&quot;:&quot;Close&quot;,&quot;NEXT&quot;:&quot;Next&quot;,&quot;PREV&quot;:&quot;Previous&quot;,&quot;Error&quot;:&quot;The requested content cannot be loaded. Please try again later.&quot;,&quot;PLAY_START&quot;:&quot;Start slideshow&quot;,&quot;PLAY_STOP&quot;:&quot;Pause slideshow&quot;,&quot;FULL_SCREEN&quot;:&quot;Full screen&quot;,&quot;THUMBS&quot;:&quot;Thumbnails&quot;,&quot;DOWNLOAD&quot;:&quot;Download&quot;,&quot;SHARE&quot;:&quot;Share&quot;,&quot;ZOOM&quot;:&quot;Zoom&quot;}},&quot;clickSlide&quot;:false,&quot;clickOutside&quot;:false,&quot;dblclickContent&quot;:false,&quot;dblclickSlide&quot;:false,&quot;dblclickOutside&quot;:false,&quot;clickContent&quot;:false,&quot;baseTpl&quot;:&quot;&lt;div class=\\&quot;modula-fancybox-container modula-lightbox-jtg-1803\\&quot; role=\\&quot;dialog\\&quot; tabindex=\\&quot;-1\\&quot;&gt;&lt;div class=\\&quot;modula-fancybox-bg\\&quot;&gt;&lt;\\\/div&gt;&lt;div class=\\&quot;modula-fancybox-inner\\&quot;&gt;&lt;div class=\\&quot;modula-fancybox-infobar\\&quot;&gt;&lt;span data-fancybox-index&gt;&lt;\\\/span&gt;&nbsp;\\\/&nbsp;&lt;span data-fancybox-count&gt;&lt;\\\/span&gt;&lt;\\\/div&gt;&lt;div class=\\&quot;modula-fancybox-toolbar\\&quot;&gt;{{buttons}}&lt;\\\/div&gt;&lt;div class=\\&quot;modula-fancybox-navigation\\&quot;&gt;{{arrows}}&lt;\\\/div&gt;&lt;div class=\\&quot;modula-fancybox-stage\\&quot;&gt;&lt;\\\/div&gt;&lt;div class=\\&quot;modula-fancybox-caption\\&quot;&gt;&lt;div class=\\&quot;modula-fancybox-caption__body\\&quot;&gt;&lt;\\\/div&gt;&lt;\\\/div&gt;&lt;\\\/div&gt;&lt;\\\/div&gt;&quot;},&quot;inView&quot;:false,&quot;email_subject&quot;:&quot;Check out this awesome image !!&quot;,&quot;email_message&quot;:&quot;Here is the link to the image : %%image_link%% and this is the link to the gallery : %%gallery_link%%&quot;,&quot;grid_type&quot;:&quot;automatic&quot;,&quot;rowHeight&quot;:150,&quot;lastRow&quot;:&quot;justify&quot;,&quot;lightbox&quot;:&quot;fancybox&quot;}\">\n\n\t\n\t<!-- Items Container -->\n\t<div  class=\"modula-items grid-gallery\">\n\t\t<div class=\"modula-item effect-pufrobo\" >\n\t<div class=\"modula-item-overlay\"><\/div>\n\n\t<div class=\"modula-item-content\">\n\n\t\t\t\t\n\t\t\t\t\t<a data-image-id=\"1807\" href=\"https:\/\/www.visitsoglianoalrubicone.it\/wp-content\/uploads\/2021\/07\/Visit-Sogliano-Scopri-Sogliano-Arte-Cultura-Artigianato-Musei-Mostre-Archivi-Veggani-4.jpg\" rel=\"jtg-1803\" data-caption=\"\" class=\"tile-inner modula-item-link\"><\/a>\n\t\t\n\t\t<img class=\"pic\"  data-valign=\"middle\" data-halign=\"center\" alt=\"\" data-full=\"https:\/\/www.visitsoglianoalrubicone.it\/wp-content\/uploads\/2021\/07\/Visit-Sogliano-Scopri-Sogliano-Arte-Cultura-Artigianato-Musei-Mostre-Archivi-Veggani-4.jpg\" title=\"Visit Sogliano - Scopri Sogliano - Arte Cultura Artigianato - Musei Mostre Archivi - Veggani (4)\" width=\"768\" height=\"1024\" src=\"https:\/\/www.visitsoglianoalrubicone.it\/wp-content\/uploads\/2021\/07\/Visit-Sogliano-Scopri-Sogliano-Arte-Cultura-Artigianato-Musei-Mostre-Archivi-Veggani-4-768x1024.jpg\" data-src=\"https:\/\/www.visitsoglianoalrubicone.it\/wp-content\/uploads\/2021\/07\/Visit-Sogliano-Scopri-Sogliano-Arte-Cultura-Artigianato-Musei-Mostre-Archivi-Veggani-4-768x1024.jpg\" data-caption=\"\"srcset=\"https:\/\/www.visitsoglianoalrubicone.it\/wp-content\/uploads\/2021\/07\/Visit-Sogliano-Scopri-Sogliano-Arte-Cultura-Artigianato-Musei-Mostre-Archivi-Veggani-4-768x1024.jpg 768w, https:\/\/www.visitsoglianoalrubicone.it\/wp-content\/uploads\/2021\/07\/Visit-Sogliano-Scopri-Sogliano-Arte-Cultura-Artigianato-Musei-Mostre-Archivi-Veggani-4-225x300.jpg 225w, https:\/\/www.visitsoglianoalrubicone.it\/wp-content\/uploads\/2021\/07\/Visit-Sogliano-Scopri-Sogliano-Arte-Cultura-Artigianato-Musei-Mostre-Archivi-Veggani-4-1152x1536.jpg 1152w, https:\/\/www.visitsoglianoalrubicone.it\/wp-content\/uploads\/2021\/07\/Visit-Sogliano-Scopri-Sogliano-Arte-Cultura-Artigianato-Musei-Mostre-Archivi-Veggani-4.jpg 1440w\" sizes=\"(max-width: 768px) 100vw, 768px\"\" \/>\n\t\t<div class=\"figc no-description\">\n\t\t\t<div class=\"figc-inner\">\n\t\t\t\t\t\t\t\t\t\t\t\t\t\t\t<\/div>\n\t\t<\/div>\n\n\t<\/div>\n\n<\/div><div class=\"modula-item effect-pufrobo\" >\n\t<div class=\"modula-item-overlay\"><\/div>\n\n\t<div class=\"modula-item-content\">\n\n\t\t\t\t\n\t\t\t\t\t<a data-image-id=\"1804\" href=\"https:\/\/www.visitsoglianoalrubicone.it\/wp-content\/uploads\/2021\/07\/Visit-Sogliano-Scopri-Sogliano-Arte-Cultura-Artigianato-Musei-Mostre-Archivi-Veggani-1.jpg\" rel=\"jtg-1803\" data-caption=\"\" class=\"tile-inner modula-item-link\"><\/a>\n\t\t\n\t\t<img class=\"pic\"  data-valign=\"middle\" data-halign=\"center\" alt=\"\" data-full=\"https:\/\/www.visitsoglianoalrubicone.it\/wp-content\/uploads\/2021\/07\/Visit-Sogliano-Scopri-Sogliano-Arte-Cultura-Artigianato-Musei-Mostre-Archivi-Veggani-1.jpg\" title=\"Visit Sogliano - Scopri Sogliano - Arte Cultura Artigianato - Musei Mostre Archivi - Veggani (1)\" width=\"1024\" height=\"768\" src=\"https:\/\/www.visitsoglianoalrubicone.it\/wp-content\/uploads\/2021\/07\/Visit-Sogliano-Scopri-Sogliano-Arte-Cultura-Artigianato-Musei-Mostre-Archivi-Veggani-1-1024x768.jpg\" data-src=\"https:\/\/www.visitsoglianoalrubicone.it\/wp-content\/uploads\/2021\/07\/Visit-Sogliano-Scopri-Sogliano-Arte-Cultura-Artigianato-Musei-Mostre-Archivi-Veggani-1-1024x768.jpg\" data-caption=\"\"srcset=\"https:\/\/www.visitsoglianoalrubicone.it\/wp-content\/uploads\/2021\/07\/Visit-Sogliano-Scopri-Sogliano-Arte-Cultura-Artigianato-Musei-Mostre-Archivi-Veggani-1-1024x768.jpg 1024w, https:\/\/www.visitsoglianoalrubicone.it\/wp-content\/uploads\/2021\/07\/Visit-Sogliano-Scopri-Sogliano-Arte-Cultura-Artigianato-Musei-Mostre-Archivi-Veggani-1-300x225.jpg 300w, https:\/\/www.visitsoglianoalrubicone.it\/wp-content\/uploads\/2021\/07\/Visit-Sogliano-Scopri-Sogliano-Arte-Cultura-Artigianato-Musei-Mostre-Archivi-Veggani-1-768x576.jpg 768w, https:\/\/www.visitsoglianoalrubicone.it\/wp-content\/uploads\/2021\/07\/Visit-Sogliano-Scopri-Sogliano-Arte-Cultura-Artigianato-Musei-Mostre-Archivi-Veggani-1-1536x1152.jpg 1536w, https:\/\/www.visitsoglianoalrubicone.it\/wp-content\/uploads\/2021\/07\/Visit-Sogliano-Scopri-Sogliano-Arte-Cultura-Artigianato-Musei-Mostre-Archivi-Veggani-1.jpg 1920w\" sizes=\"(max-width: 1024px) 100vw, 1024px\"\" \/>\n\t\t<div class=\"figc no-description\">\n\t\t\t<div class=\"figc-inner\">\n\t\t\t\t\t\t\t\t\t\t\t\t\t\t\t<\/div>\n\t\t<\/div>\n\n\t<\/div>\n\n<\/div><div class=\"modula-item effect-pufrobo\" >\n\t<div class=\"modula-item-overlay\"><\/div>\n\n\t<div class=\"modula-item-content\">\n\n\t\t\t\t\n\t\t\t\t\t<a data-image-id=\"1808\" href=\"https:\/\/www.visitsoglianoalrubicone.it\/wp-content\/uploads\/2021\/07\/Visit-Sogliano-Scopri-Sogliano-Arte-Cultura-Artigianato-Musei-Mostre-Archivi-Veggani-5.jpg\" rel=\"jtg-1803\" data-caption=\"\" class=\"tile-inner modula-item-link\"><\/a>\n\t\t\n\t\t<img class=\"pic\"  data-valign=\"middle\" data-halign=\"center\" alt=\"\" data-full=\"https:\/\/www.visitsoglianoalrubicone.it\/wp-content\/uploads\/2021\/07\/Visit-Sogliano-Scopri-Sogliano-Arte-Cultura-Artigianato-Musei-Mostre-Archivi-Veggani-5.jpg\" title=\"Visit Sogliano - Scopri Sogliano - Arte Cultura Artigianato - Musei Mostre Archivi - Veggani (5)\" width=\"768\" height=\"1024\" src=\"https:\/\/www.visitsoglianoalrubicone.it\/wp-content\/uploads\/2021\/07\/Visit-Sogliano-Scopri-Sogliano-Arte-Cultura-Artigianato-Musei-Mostre-Archivi-Veggani-5-768x1024.jpg\" data-src=\"https:\/\/www.visitsoglianoalrubicone.it\/wp-content\/uploads\/2021\/07\/Visit-Sogliano-Scopri-Sogliano-Arte-Cultura-Artigianato-Musei-Mostre-Archivi-Veggani-5-768x1024.jpg\" data-caption=\"\"srcset=\"https:\/\/www.visitsoglianoalrubicone.it\/wp-content\/uploads\/2021\/07\/Visit-Sogliano-Scopri-Sogliano-Arte-Cultura-Artigianato-Musei-Mostre-Archivi-Veggani-5-768x1024.jpg 768w, https:\/\/www.visitsoglianoalrubicone.it\/wp-content\/uploads\/2021\/07\/Visit-Sogliano-Scopri-Sogliano-Arte-Cultura-Artigianato-Musei-Mostre-Archivi-Veggani-5-225x300.jpg 225w, https:\/\/www.visitsoglianoalrubicone.it\/wp-content\/uploads\/2021\/07\/Visit-Sogliano-Scopri-Sogliano-Arte-Cultura-Artigianato-Musei-Mostre-Archivi-Veggani-5-1152x1536.jpg 1152w, https:\/\/www.visitsoglianoalrubicone.it\/wp-content\/uploads\/2021\/07\/Visit-Sogliano-Scopri-Sogliano-Arte-Cultura-Artigianato-Musei-Mostre-Archivi-Veggani-5.jpg 1440w\" sizes=\"(max-width: 768px) 100vw, 768px\"\" \/>\n\t\t<div class=\"figc no-description\">\n\t\t\t<div class=\"figc-inner\">\n\t\t\t\t\t\t\t\t\t\t\t\t\t\t\t<\/div>\n\t\t<\/div>\n\n\t<\/div>\n\n<\/div><div class=\"modula-item effect-pufrobo\" >\n\t<div class=\"modula-item-overlay\"><\/div>\n\n\t<div class=\"modula-item-content\">\n\n\t\t\t\t\n\t\t\t\t\t<a data-image-id=\"1805\" href=\"https:\/\/www.visitsoglianoalrubicone.it\/wp-content\/uploads\/2021\/07\/Visit-Sogliano-Scopri-Sogliano-Arte-Cultura-Artigianato-Musei-Mostre-Archivi-Veggani-2.jpg\" rel=\"jtg-1803\" data-caption=\"\" class=\"tile-inner modula-item-link\"><\/a>\n\t\t\n\t\t<img class=\"pic\"  data-valign=\"middle\" data-halign=\"center\" alt=\"\" data-full=\"https:\/\/www.visitsoglianoalrubicone.it\/wp-content\/uploads\/2021\/07\/Visit-Sogliano-Scopri-Sogliano-Arte-Cultura-Artigianato-Musei-Mostre-Archivi-Veggani-2.jpg\" title=\"Visit Sogliano - Scopri Sogliano - Arte Cultura Artigianato - Musei Mostre Archivi - Veggani (2)\" width=\"899\" height=\"564\" src=\"https:\/\/www.visitsoglianoalrubicone.it\/wp-content\/uploads\/2021\/07\/Visit-Sogliano-Scopri-Sogliano-Arte-Cultura-Artigianato-Musei-Mostre-Archivi-Veggani-2.jpg\" data-src=\"https:\/\/www.visitsoglianoalrubicone.it\/wp-content\/uploads\/2021\/07\/Visit-Sogliano-Scopri-Sogliano-Arte-Cultura-Artigianato-Musei-Mostre-Archivi-Veggani-2.jpg\" data-caption=\"\"srcset=\"https:\/\/www.visitsoglianoalrubicone.it\/wp-content\/uploads\/2021\/07\/Visit-Sogliano-Scopri-Sogliano-Arte-Cultura-Artigianato-Musei-Mostre-Archivi-Veggani-2.jpg 899w, https:\/\/www.visitsoglianoalrubicone.it\/wp-content\/uploads\/2021\/07\/Visit-Sogliano-Scopri-Sogliano-Arte-Cultura-Artigianato-Musei-Mostre-Archivi-Veggani-2-300x188.jpg 300w, https:\/\/www.visitsoglianoalrubicone.it\/wp-content\/uploads\/2021\/07\/Visit-Sogliano-Scopri-Sogliano-Arte-Cultura-Artigianato-Musei-Mostre-Archivi-Veggani-2-768x482.jpg 768w\" sizes=\"(max-width: 899px) 100vw, 899px\"\" \/>\n\t\t<div class=\"figc no-description\">\n\t\t\t<div class=\"figc-inner\">\n\t\t\t\t\t\t\t\t\t\t\t\t\t\t\t<\/div>\n\t\t<\/div>\n\n\t<\/div>\n\n<\/div><div class=\"modula-item effect-pufrobo\" >\n\t<div class=\"modula-item-overlay\"><\/div>\n\n\t<div class=\"modula-item-content\">\n\n\t\t\t\t\n\t\t\t\t\t<a data-image-id=\"1806\" href=\"https:\/\/www.visitsoglianoalrubicone.it\/wp-content\/uploads\/2021\/07\/Visit-Sogliano-Scopri-Sogliano-Arte-Cultura-Artigianato-Musei-Mostre-Archivi-Veggani-3.jpg\" rel=\"jtg-1803\" data-caption=\"\" class=\"tile-inner modula-item-link\"><\/a>\n\t\t\n\t\t<img class=\"pic\"  data-valign=\"middle\" data-halign=\"center\" alt=\"\" data-full=\"https:\/\/www.visitsoglianoalrubicone.it\/wp-content\/uploads\/2021\/07\/Visit-Sogliano-Scopri-Sogliano-Arte-Cultura-Artigianato-Musei-Mostre-Archivi-Veggani-3.jpg\" title=\"Visit Sogliano - Scopri Sogliano - Arte Cultura Artigianato - Musei Mostre Archivi - Veggani (3)\" width=\"899\" height=\"600\" src=\"https:\/\/www.visitsoglianoalrubicone.it\/wp-content\/uploads\/2021\/07\/Visit-Sogliano-Scopri-Sogliano-Arte-Cultura-Artigianato-Musei-Mostre-Archivi-Veggani-3.jpg\" data-src=\"https:\/\/www.visitsoglianoalrubicone.it\/wp-content\/uploads\/2021\/07\/Visit-Sogliano-Scopri-Sogliano-Arte-Cultura-Artigianato-Musei-Mostre-Archivi-Veggani-3.jpg\" data-caption=\"\"srcset=\"https:\/\/www.visitsoglianoalrubicone.it\/wp-content\/uploads\/2021\/07\/Visit-Sogliano-Scopri-Sogliano-Arte-Cultura-Artigianato-Musei-Mostre-Archivi-Veggani-3.jpg 899w, https:\/\/www.visitsoglianoalrubicone.it\/wp-content\/uploads\/2021\/07\/Visit-Sogliano-Scopri-Sogliano-Arte-Cultura-Artigianato-Musei-Mostre-Archivi-Veggani-3-300x200.jpg 300w, https:\/\/www.visitsoglianoalrubicone.it\/wp-content\/uploads\/2021\/07\/Visit-Sogliano-Scopri-Sogliano-Arte-Cultura-Artigianato-Musei-Mostre-Archivi-Veggani-3-768x513.jpg 768w\" sizes=\"(max-width: 899px) 100vw, 899px\"\" \/>\n\t\t<div class=\"figc no-description\">\n\t\t\t<div class=\"figc-inner\">\n\t\t\t\t\t\t\t\t\t\t\t\t\t\t\t<\/div>\n\t\t<\/div>\n\n\t<\/div>\n\n<\/div><div class=\"modula-item effect-pufrobo\" >\n\t<div class=\"modula-item-overlay\"><\/div>\n\n\t<div class=\"modula-item-content\">\n\n\t\t\t\t\n\t\t\t\t\t<a data-image-id=\"1809\" href=\"https:\/\/www.visitsoglianoalrubicone.it\/wp-content\/uploads\/2021\/07\/Visit-Sogliano-Scopri-Sogliano-Arte-Cultura-Artigianato-Musei-Mostre-Archivi-Veggani-6.jpg\" rel=\"jtg-1803\" data-caption=\"\" class=\"tile-inner modula-item-link\"><\/a>\n\t\t\n\t\t<img class=\"pic\"  data-valign=\"middle\" data-halign=\"center\" alt=\"\" data-full=\"https:\/\/www.visitsoglianoalrubicone.it\/wp-content\/uploads\/2021\/07\/Visit-Sogliano-Scopri-Sogliano-Arte-Cultura-Artigianato-Musei-Mostre-Archivi-Veggani-6.jpg\" title=\"Visit Sogliano - Scopri Sogliano - Arte Cultura Artigianato - Musei Mostre Archivi - Veggani (6)\" width=\"1024\" height=\"683\" src=\"https:\/\/www.visitsoglianoalrubicone.it\/wp-content\/uploads\/2021\/07\/Visit-Sogliano-Scopri-Sogliano-Arte-Cultura-Artigianato-Musei-Mostre-Archivi-Veggani-6-1024x683.jpg\" data-src=\"https:\/\/www.visitsoglianoalrubicone.it\/wp-content\/uploads\/2021\/07\/Visit-Sogliano-Scopri-Sogliano-Arte-Cultura-Artigianato-Musei-Mostre-Archivi-Veggani-6-1024x683.jpg\" data-caption=\"\"srcset=\"https:\/\/www.visitsoglianoalrubicone.it\/wp-content\/uploads\/2021\/07\/Visit-Sogliano-Scopri-Sogliano-Arte-Cultura-Artigianato-Musei-Mostre-Archivi-Veggani-6-1024x683.jpg 1024w, https:\/\/www.visitsoglianoalrubicone.it\/wp-content\/uploads\/2021\/07\/Visit-Sogliano-Scopri-Sogliano-Arte-Cultura-Artigianato-Musei-Mostre-Archivi-Veggani-6-300x200.jpg 300w, https:\/\/www.visitsoglianoalrubicone.it\/wp-content\/uploads\/2021\/07\/Visit-Sogliano-Scopri-Sogliano-Arte-Cultura-Artigianato-Musei-Mostre-Archivi-Veggani-6-768x512.jpg 768w, https:\/\/www.visitsoglianoalrubicone.it\/wp-content\/uploads\/2021\/07\/Visit-Sogliano-Scopri-Sogliano-Arte-Cultura-Artigianato-Musei-Mostre-Archivi-Veggani-6.jpg 1300w\" sizes=\"(max-width: 1024px) 100vw, 1024px\"\" \/>\n\t\t<div class=\"figc no-description\">\n\t\t\t<div class=\"figc-inner\">\n\t\t\t\t\t\t\t\t\t\t\t\t\t\t\t<\/div>\n\t\t<\/div>\n\n\t<\/div>\n\n<\/div>\t\t\n\t<\/div>\n\n\t\n\t\n\t<script type=\"application\/ld+json\">\n\t{\n\t\t\"@context\": \"http:\/\/schema.org\",\n\t\t\"@type\"   : \"ImageGallery\",\n\t\t\"id\"      : \"https:\/\/www.visitsoglianoalrubicone.it\/de\/wp-json\/wp\/v2\/pages\/19554\/\",\n\t\t\"url\"     : \"https:\/\/www.visitsoglianoalrubicone.it\/de\/wp-json\/wp\/v2\/pages\/19554\/\"\n\t}\n\n    <\/script>\n\n\t\n<\/div>[\/vc_column_text][vc_empty_space height=&#8220;50px&#8220;][\/vc_column_inner][\/vc_row_inner][\/vc_column][\/vc_row]<\/p>\n","protected":false},"excerpt":{"rendered":"<p>[vc_row full_width=&#8220;stretch_row_content_no_spaces&#8220;][vc_column][vc_single_image image=&#8220;19555&#8243; img_size=&#8220;1920 x 450&#8243; alignment=&#8220;center&#8220; el_class=&#8220;infotronik_banner_pagina&#8220;][vc_empty_space height=&#8220;20px&#8220;][vc_row_inner][vc_column_inner][vc_column_text]Seit 2004 beherbergt der Kulturpalast das gesamte dokumentarische Erbe von Antonio Veggiani (1924-1996),&#8230;<\/p>\n","protected":false},"author":1,"featured_media":19556,"parent":19661,"menu_order":0,"comment_status":"closed","ping_status":"closed","template":"","meta":{"loftloader_page_shortcode":""},"_links":{"self":[{"href":"https:\/\/www.visitsoglianoalrubicone.it\/de\/wp-json\/wp\/v2\/pages\/19554"}],"collection":[{"href":"https:\/\/www.visitsoglianoalrubicone.it\/de\/wp-json\/wp\/v2\/pages"}],"about":[{"href":"https:\/\/www.visitsoglianoalrubicone.it\/de\/wp-json\/wp\/v2\/types\/page"}],"author":[{"embeddable":true,"href":"https:\/\/www.visitsoglianoalrubicone.it\/de\/wp-json\/wp\/v2\/users\/1"}],"replies":[{"embeddable":true,"href":"https:\/\/www.visitsoglianoalrubicone.it\/de\/wp-json\/wp\/v2\/comments?post=19554"}],"version-history":[{"count":2,"href":"https:\/\/www.visitsoglianoalrubicone.it\/de\/wp-json\/wp\/v2\/pages\/19554\/revisions"}],"predecessor-version":[{"id":19597,"href":"https:\/\/www.visitsoglianoalrubicone.it\/de\/wp-json\/wp\/v2\/pages\/19554\/revisions\/19597"}],"up":[{"embeddable":true,"href":"https:\/\/www.visitsoglianoalrubicone.it\/de\/wp-json\/wp\/v2\/pages\/19661"}],"wp:featuredmedia":[{"embeddable":true,"href":"https:\/\/www.visitsoglianoalrubicone.it\/de\/wp-json\/wp\/v2\/media\/19556"}],"wp:attachment":[{"href":"https:\/\/www.visitsoglianoalrubicone.it\/de\/wp-json\/wp\/v2\/media?parent=19554"}],"curies":[{"name":"wp","href":"https:\/\/api.w.org\/{rel}","templated":true}]}}