{"id":19661,"date":"2021-07-04T11:04:32","date_gmt":"2021-07-04T11:04:32","guid":{"rendered":"https:\/\/www.visitsoglianoalrubicone.it\/museen-dauerausstellungen-und-archive\/"},"modified":"2024-12-06T10:11:41","modified_gmt":"2024-12-06T10:11:41","slug":"museen-dauerausstellungen-und-archive","status":"publish","type":"page","link":"https:\/\/www.visitsoglianoalrubicone.it\/de\/sogliano-entdecken\/kunst-kultur-und-kunsthandwerk\/museen-dauerausstellungen-und-archive\/","title":{"rendered":"Museen, Dauerausstellungen und Archive"},"content":{"rendered":"<p>[vc_row full_width=&#8220;stretch_row_content_no_spaces&#8220;][vc_column][vc_single_image image=&#8220;19663&#8243; img_size=&#8220;1920 x 450&#8243; alignment=&#8220;center&#8220; el_class=&#8220;infotronik_banner_pagina&#8220;]\n\t\t\t<section class=\"do-normal-page-title-section\">\n\t\t\t\t<div class=\"container\">\n\t\t\t\t\t<div class=\"row uppercase\">\n\t\t\t\n\t\t\t\t\t\t<div class=\"do-page-title-wrapper\">\n\t\t\t\t\t\t\t<div class=\"do-default-page-title col-md-7 col-sm-7 col-xs-12\">\n\t\t\t\t\t\t\t\t<h2 info=24 class=\"infotronik_page_title_big\">Musei, Mostre ed Archivi<\/h2>\n\t\t\t\t\t\t\t\t<p><\/p>\n\t\t\t\t\t\t\t<\/div>\n\t\t\t\n\t\t\t\t\t\t\t<div class=\"do-breadcumb\"><ul><li><a class=\"infotronik_breadcrumb_cut\" href=\"https:\/\/www.visitsoglianoalrubicone.it\/de\/sogliano-entdecken\/\">SOGLIANO ENTDECKEN<\/a><\/li><li><a class=\"infotronik_breadcrumb_cut\" href=\"https:\/\/www.visitsoglianoalrubicone.it\/de\/sogliano-entdecken\/kunst-kultur-und-kunsthandwerk\/\">Kunst Kultur und Kunsthandwerk<\/a><\/li><\/ul><\/div>\n\t\t\t\t\t\t<\/div>\n\t\t\t\n\t\t\t\t\t<\/div>\n\t\t\t\t<\/div>\n\t\t\t<\/section>\n\t\t[vc_empty_space height=&#8220;20px&#8220;][vc_row_inner][vc_column_inner][vc_column_text]Sogliano al Rubicone und seine D\u00f6rfer beherbergen zahlreiche Museen und Dauerausstellungen, wahre Schmuckst\u00fccke f\u00fcr Liebhaber.[\/vc_column_text][vc_empty_space height=&#8220;50px&#8220;][vc_column_text]<div class=\"pt-cv-wrapper\"><div class=\"pt-cv-view pt-cv-grid pt-cv-colsys\" id=\"pt-cv-view-45cbed542y\"><div data-id=\"pt-cv-page-1\" class=\"pt-cv-page\" data-cvc=\"4\"><div class=\"col-md-3 col-sm-3 col-xs-12 pt-cv-content-item pt-cv-1-col\" ><div class='pt-cv-ifield'><a href=\"https:\/\/www.visitsoglianoalrubicone.it\/de\/sogliano-entdecken\/kunst-kultur-und-kunsthandwerk\/museum-der-aufzeichnungen-und-museum-der-arte-povera\/vintage-disc-museum\/\" class=\"_self pt-cv-href-thumbnail pt-cv-thumb-default\" target=\"_self\" ><img width=\"1024\" height=\"768\" src=\"https:\/\/www.visitsoglianoalrubicone.it\/wp-content\/uploads\/2021\/07\/Visit-Sogliano-Scopri-Sogliano-Arte-Cultura-Artigianato-Museo-Disco-Arte-Povera-Museo-Disco-Banner-Resized.jpg\" class=\"pt-cv-thumbnail\" alt=\"\" loading=\"lazy\" srcset=\"https:\/\/www.visitsoglianoalrubicone.it\/wp-content\/uploads\/2021\/07\/Visit-Sogliano-Scopri-Sogliano-Arte-Cultura-Artigianato-Museo-Disco-Arte-Povera-Museo-Disco-Banner-Resized.jpg 1024w, https:\/\/www.visitsoglianoalrubicone.it\/wp-content\/uploads\/2021\/07\/Visit-Sogliano-Scopri-Sogliano-Arte-Cultura-Artigianato-Museo-Disco-Arte-Povera-Museo-Disco-Banner-Resized-300x225.jpg 300w, https:\/\/www.visitsoglianoalrubicone.it\/wp-content\/uploads\/2021\/07\/Visit-Sogliano-Scopri-Sogliano-Arte-Cultura-Artigianato-Museo-Disco-Arte-Povera-Museo-Disco-Banner-Resized-768x576.jpg 768w\" sizes=\"(max-width: 1024px) 100vw, 1024px\" \/><\/a>\n<h6 class=\"pt-cv-title\"><a href=\"https:\/\/www.visitsoglianoalrubicone.it\/de\/sogliano-entdecken\/kunst-kultur-und-kunsthandwerk\/museum-der-aufzeichnungen-und-museum-der-arte-povera\/vintage-disc-museum\/\" class=\"_self\" target=\"_self\" >Vintage Disc Museum<\/a><\/h6><\/div><\/div>\n<div class=\"col-md-3 col-sm-3 col-xs-12 pt-cv-content-item pt-cv-1-col\" ><div class='pt-cv-ifield'><a href=\"https:\/\/www.visitsoglianoalrubicone.it\/de\/sogliano-entdecken\/kunst-kultur-und-kunsthandwerk\/museum-der-aufzeichnungen-und-museum-der-arte-povera\/museum-fuer-arte-povera\/\" class=\"_self pt-cv-href-thumbnail pt-cv-thumb-default\" target=\"_self\" ><img width=\"1024\" height=\"768\" src=\"https:\/\/www.visitsoglianoalrubicone.it\/wp-content\/uploads\/2021\/07\/Visit-Sogliano-Scopri-Sogliano-Arte-Cultura-Artigianato-Museo-Disco-Arte-Povera-Museo-Arte-Povera-Banner-Resized.jpg\" class=\"pt-cv-thumbnail\" alt=\"\" loading=\"lazy\" srcset=\"https:\/\/www.visitsoglianoalrubicone.it\/wp-content\/uploads\/2021\/07\/Visit-Sogliano-Scopri-Sogliano-Arte-Cultura-Artigianato-Museo-Disco-Arte-Povera-Museo-Arte-Povera-Banner-Resized.jpg 1024w, https:\/\/www.visitsoglianoalrubicone.it\/wp-content\/uploads\/2021\/07\/Visit-Sogliano-Scopri-Sogliano-Arte-Cultura-Artigianato-Museo-Disco-Arte-Povera-Museo-Arte-Povera-Banner-Resized-300x225.jpg 300w, https:\/\/www.visitsoglianoalrubicone.it\/wp-content\/uploads\/2021\/07\/Visit-Sogliano-Scopri-Sogliano-Arte-Cultura-Artigianato-Museo-Disco-Arte-Povera-Museo-Arte-Povera-Banner-Resized-768x576.jpg 768w\" sizes=\"(max-width: 1024px) 100vw, 1024px\" \/><\/a>\n<h6 class=\"pt-cv-title\"><a href=\"https:\/\/www.visitsoglianoalrubicone.it\/de\/sogliano-entdecken\/kunst-kultur-und-kunsthandwerk\/museum-der-aufzeichnungen-und-museum-der-arte-povera\/museum-fuer-arte-povera\/\" class=\"_self\" target=\"_self\" >Museum f\u00fcr Arte Povera<\/a><\/h6><\/div><\/div>\n<div class=\"col-md-3 col-sm-3 col-xs-12 pt-cv-content-item pt-cv-1-col\" ><div class='pt-cv-ifield'><a href=\"https:\/\/www.visitsoglianoalrubicone.it\/de\/sogliano-entdecken\/kunst-kultur-und-kunsthandwerk\/museen-dauerausstellungen-und-archive\/muso-unterirdisches-museum\/\" class=\"_self pt-cv-href-thumbnail pt-cv-thumb-default\" target=\"_self\" ><img width=\"1024\" height=\"768\" src=\"https:\/\/www.visitsoglianoalrubicone.it\/wp-content\/uploads\/2023\/11\/MUSO-banner_1024x768.png\" class=\"pt-cv-thumbnail\" alt=\"\" loading=\"lazy\" srcset=\"https:\/\/www.visitsoglianoalrubicone.it\/wp-content\/uploads\/2023\/11\/MUSO-banner_1024x768.png 1024w, https:\/\/www.visitsoglianoalrubicone.it\/wp-content\/uploads\/2023\/11\/MUSO-banner_1024x768-300x225.png 300w, https:\/\/www.visitsoglianoalrubicone.it\/wp-content\/uploads\/2023\/11\/MUSO-banner_1024x768-768x576.png 768w\" sizes=\"(max-width: 1024px) 100vw, 1024px\" \/><\/a>\n<h6 class=\"pt-cv-title\"><a href=\"https:\/\/www.visitsoglianoalrubicone.it\/de\/sogliano-entdecken\/kunst-kultur-und-kunsthandwerk\/museen-dauerausstellungen-und-archive\/muso-unterirdisches-museum\/\" class=\"_self\" target=\"_self\" >MUSO &#8211; Unterirdisches Museum<\/a><\/h6><\/div><\/div>\n<div class=\"col-md-3 col-sm-3 col-xs-12 pt-cv-content-item pt-cv-1-col\" ><div class='pt-cv-ifield'><a href=\"https:\/\/www.visitsoglianoalrubicone.it\/de\/sogliano-entdecken\/kunst-kultur-und-kunsthandwerk\/museen-dauerausstellungen-und-archive\/christa-line-museum\/\" class=\"_self pt-cv-href-thumbnail pt-cv-thumb-default\" target=\"_self\" ><img width=\"1024\" height=\"768\" src=\"https:\/\/www.visitsoglianoalrubicone.it\/wp-content\/uploads\/2021\/07\/Visit-Sogliano-Scopri-Sogliano-Arte-Cultura-Artigianato-Musei-Mostre-Archivi-Linea-Christa-Banner-Resized.jpg\" class=\"pt-cv-thumbnail\" alt=\"\" loading=\"lazy\" srcset=\"https:\/\/www.visitsoglianoalrubicone.it\/wp-content\/uploads\/2021\/07\/Visit-Sogliano-Scopri-Sogliano-Arte-Cultura-Artigianato-Musei-Mostre-Archivi-Linea-Christa-Banner-Resized.jpg 1024w, https:\/\/www.visitsoglianoalrubicone.it\/wp-content\/uploads\/2021\/07\/Visit-Sogliano-Scopri-Sogliano-Arte-Cultura-Artigianato-Musei-Mostre-Archivi-Linea-Christa-Banner-Resized-300x225.jpg 300w, https:\/\/www.visitsoglianoalrubicone.it\/wp-content\/uploads\/2021\/07\/Visit-Sogliano-Scopri-Sogliano-Arte-Cultura-Artigianato-Musei-Mostre-Archivi-Linea-Christa-Banner-Resized-768x576.jpg 768w\" sizes=\"(max-width: 1024px) 100vw, 1024px\" \/><\/a>\n<h6 class=\"pt-cv-title\"><a href=\"https:\/\/www.visitsoglianoalrubicone.it\/de\/sogliano-entdecken\/kunst-kultur-und-kunsthandwerk\/museen-dauerausstellungen-und-archive\/christa-line-museum\/\" class=\"_self\" target=\"_self\" >Christa Line Museum<\/a><\/h6><\/div><\/div>\n<div class=\"col-md-3 col-sm-3 col-xs-12 pt-cv-content-item pt-cv-1-col\" ><div class='pt-cv-ifield'><a href=\"https:\/\/www.visitsoglianoalrubicone.it\/de\/sogliano-entdecken\/kunst-kultur-und-kunsthandwerk\/museen-dauerausstellungen-und-archive\/leonardo-da-vinci-museum-und-romagna\/\" class=\"_self pt-cv-href-thumbnail pt-cv-thumb-default\" target=\"_self\" ><img width=\"1024\" height=\"768\" src=\"https:\/\/www.visitsoglianoalrubicone.it\/wp-content\/uploads\/2021\/07\/Visit-Sogliano-Scopri-Sogliano-Arte-Cultura-Artigianato-Musei-Mostre-Archivi-Leonardo-Banner-Resized.jpg\" class=\"pt-cv-thumbnail\" alt=\"\" loading=\"lazy\" srcset=\"https:\/\/www.visitsoglianoalrubicone.it\/wp-content\/uploads\/2021\/07\/Visit-Sogliano-Scopri-Sogliano-Arte-Cultura-Artigianato-Musei-Mostre-Archivi-Leonardo-Banner-Resized.jpg 1024w, https:\/\/www.visitsoglianoalrubicone.it\/wp-content\/uploads\/2021\/07\/Visit-Sogliano-Scopri-Sogliano-Arte-Cultura-Artigianato-Musei-Mostre-Archivi-Leonardo-Banner-Resized-300x225.jpg 300w, https:\/\/www.visitsoglianoalrubicone.it\/wp-content\/uploads\/2021\/07\/Visit-Sogliano-Scopri-Sogliano-Arte-Cultura-Artigianato-Musei-Mostre-Archivi-Leonardo-Banner-Resized-768x576.jpg 768w\" sizes=\"(max-width: 1024px) 100vw, 1024px\" \/><\/a>\n<h6 class=\"pt-cv-title\"><a href=\"https:\/\/www.visitsoglianoalrubicone.it\/de\/sogliano-entdecken\/kunst-kultur-und-kunsthandwerk\/museen-dauerausstellungen-und-archive\/leonardo-da-vinci-museum-und-romagna\/\" class=\"_self\" target=\"_self\" >Leonardo da Vinci Museum und Romagna<\/a><\/h6><\/div><\/div>\n<div class=\"col-md-3 col-sm-3 col-xs-12 pt-cv-content-item pt-cv-1-col\" ><div class='pt-cv-ifield'><a href=\"https:\/\/www.visitsoglianoalrubicone.it\/de\/sogliano-entdecken\/kunst-kultur-und-kunsthandwerk\/museen-dauerausstellungen-und-archive\/kollektion-veggiani\/\" class=\"_self pt-cv-href-thumbnail pt-cv-thumb-default\" target=\"_self\" ><img width=\"1024\" height=\"768\" src=\"https:\/\/www.visitsoglianoalrubicone.it\/wp-content\/uploads\/2021\/07\/Visit-Sogliano-Scopri-Sogliano-Arte-Cultura-Artigianato-Musei-Mostre-Archivi-Veggani-Banner-Resized.jpg\" class=\"pt-cv-thumbnail\" alt=\"\" loading=\"lazy\" srcset=\"https:\/\/www.visitsoglianoalrubicone.it\/wp-content\/uploads\/2021\/07\/Visit-Sogliano-Scopri-Sogliano-Arte-Cultura-Artigianato-Musei-Mostre-Archivi-Veggani-Banner-Resized.jpg 1024w, https:\/\/www.visitsoglianoalrubicone.it\/wp-content\/uploads\/2021\/07\/Visit-Sogliano-Scopri-Sogliano-Arte-Cultura-Artigianato-Musei-Mostre-Archivi-Veggani-Banner-Resized-300x225.jpg 300w, https:\/\/www.visitsoglianoalrubicone.it\/wp-content\/uploads\/2021\/07\/Visit-Sogliano-Scopri-Sogliano-Arte-Cultura-Artigianato-Musei-Mostre-Archivi-Veggani-Banner-Resized-768x576.jpg 768w\" sizes=\"(max-width: 1024px) 100vw, 1024px\" \/><\/a>\n<h6 class=\"pt-cv-title\"><a href=\"https:\/\/www.visitsoglianoalrubicone.it\/de\/sogliano-entdecken\/kunst-kultur-und-kunsthandwerk\/museen-dauerausstellungen-und-archive\/kollektion-veggiani\/\" class=\"_self\" target=\"_self\" >Kollektion Veggiani<\/a><\/h6><\/div><\/div>\n<div class=\"col-md-3 col-sm-3 col-xs-12 pt-cv-content-item pt-cv-1-col\" ><div class='pt-cv-ifield'><a href=\"https:\/\/www.visitsoglianoalrubicone.it\/de\/sogliano-entdecken\/kunst-kultur-und-kunsthandwerk\/museen-dauerausstellungen-und-archive\/fossa-kaesemuseum\/\" class=\"_self pt-cv-href-thumbnail pt-cv-thumb-default\" target=\"_self\" ><img width=\"1024\" height=\"768\" src=\"https:\/\/www.visitsoglianoalrubicone.it\/wp-content\/uploads\/2021\/07\/Visit-Sogliano-Scopri-Sogliano-Arte-Cultura-Artigianato-Musei-Mostre-Archivi-Fossa-Banner-Resized.jpg\" class=\"pt-cv-thumbnail\" alt=\"\" loading=\"lazy\" srcset=\"https:\/\/www.visitsoglianoalrubicone.it\/wp-content\/uploads\/2021\/07\/Visit-Sogliano-Scopri-Sogliano-Arte-Cultura-Artigianato-Musei-Mostre-Archivi-Fossa-Banner-Resized.jpg 1024w, https:\/\/www.visitsoglianoalrubicone.it\/wp-content\/uploads\/2021\/07\/Visit-Sogliano-Scopri-Sogliano-Arte-Cultura-Artigianato-Musei-Mostre-Archivi-Fossa-Banner-Resized-300x225.jpg 300w, https:\/\/www.visitsoglianoalrubicone.it\/wp-content\/uploads\/2021\/07\/Visit-Sogliano-Scopri-Sogliano-Arte-Cultura-Artigianato-Musei-Mostre-Archivi-Fossa-Banner-Resized-768x576.jpg 768w\" sizes=\"(max-width: 1024px) 100vw, 1024px\" \/><\/a>\n<h6 class=\"pt-cv-title\"><a href=\"https:\/\/www.visitsoglianoalrubicone.it\/de\/sogliano-entdecken\/kunst-kultur-und-kunsthandwerk\/museen-dauerausstellungen-und-archive\/fossa-kaesemuseum\/\" class=\"_self\" target=\"_self\" >Fossa K\u00e4semuseum<\/a><\/h6><\/div><\/div>\n<div class=\"col-md-3 col-sm-3 col-xs-12 pt-cv-content-item pt-cv-1-col\" ><div class='pt-cv-ifield'><a href=\"https:\/\/www.visitsoglianoalrubicone.it\/de\/sogliano-entdecken\/kunst-kultur-und-kunsthandwerk\/museen-dauerausstellungen-und-archive\/museum-agostino-venanzio-reali-montetiffi\/\" class=\"_self pt-cv-href-thumbnail pt-cv-thumb-default\" target=\"_self\" ><img width=\"1024\" height=\"768\" src=\"https:\/\/www.visitsoglianoalrubicone.it\/wp-content\/uploads\/2021\/07\/Visit-Sogliano-Scopri-Sogliano-Arte-Cultura-Artigianato-Musei-Mostre-Archivi-Venanzio-Reali-Banner-Resized.jpg\" class=\"pt-cv-thumbnail\" alt=\"\" loading=\"lazy\" srcset=\"https:\/\/www.visitsoglianoalrubicone.it\/wp-content\/uploads\/2021\/07\/Visit-Sogliano-Scopri-Sogliano-Arte-Cultura-Artigianato-Musei-Mostre-Archivi-Venanzio-Reali-Banner-Resized.jpg 1024w, https:\/\/www.visitsoglianoalrubicone.it\/wp-content\/uploads\/2021\/07\/Visit-Sogliano-Scopri-Sogliano-Arte-Cultura-Artigianato-Musei-Mostre-Archivi-Venanzio-Reali-Banner-Resized-300x225.jpg 300w, https:\/\/www.visitsoglianoalrubicone.it\/wp-content\/uploads\/2021\/07\/Visit-Sogliano-Scopri-Sogliano-Arte-Cultura-Artigianato-Musei-Mostre-Archivi-Venanzio-Reali-Banner-Resized-768x576.jpg 768w\" sizes=\"(max-width: 1024px) 100vw, 1024px\" \/><\/a>\n<h6 class=\"pt-cv-title\"><a href=\"https:\/\/www.visitsoglianoalrubicone.it\/de\/sogliano-entdecken\/kunst-kultur-und-kunsthandwerk\/museen-dauerausstellungen-und-archive\/museum-agostino-venanzio-reali-montetiffi\/\" class=\"_self\" target=\"_self\" >Museum Agostino Venanzio Reali &#8211; Montetiffi<\/a><\/h6><\/div><\/div>\n<div class=\"col-md-3 col-sm-3 col-xs-12 pt-cv-content-item pt-cv-1-col\" ><div class='pt-cv-ifield'><a href=\"https:\/\/www.visitsoglianoalrubicone.it\/de\/sogliano-entdecken\/kunst-kultur-und-kunsthandwerk\/museen-dauerausstellungen-und-archive\/bergbau-ausstellung\/\" class=\"_self pt-cv-href-thumbnail pt-cv-thumb-default\" target=\"_self\" ><img width=\"1024\" height=\"768\" src=\"https:\/\/www.visitsoglianoalrubicone.it\/wp-content\/uploads\/2021\/07\/Visit-Sogliano-Scopri-Sogliano-Arte-Cultura-Artigianato-Musei-Mostre-Archivi-Minerario-Banner-Resized.jpg\" class=\"pt-cv-thumbnail\" alt=\"\" loading=\"lazy\" srcset=\"https:\/\/www.visitsoglianoalrubicone.it\/wp-content\/uploads\/2021\/07\/Visit-Sogliano-Scopri-Sogliano-Arte-Cultura-Artigianato-Musei-Mostre-Archivi-Minerario-Banner-Resized.jpg 1024w, https:\/\/www.visitsoglianoalrubicone.it\/wp-content\/uploads\/2021\/07\/Visit-Sogliano-Scopri-Sogliano-Arte-Cultura-Artigianato-Musei-Mostre-Archivi-Minerario-Banner-Resized-300x225.jpg 300w, https:\/\/www.visitsoglianoalrubicone.it\/wp-content\/uploads\/2021\/07\/Visit-Sogliano-Scopri-Sogliano-Arte-Cultura-Artigianato-Musei-Mostre-Archivi-Minerario-Banner-Resized-768x576.jpg 768w\" sizes=\"(max-width: 1024px) 100vw, 1024px\" \/><\/a>\n<h6 class=\"pt-cv-title\"><a href=\"https:\/\/www.visitsoglianoalrubicone.it\/de\/sogliano-entdecken\/kunst-kultur-und-kunsthandwerk\/museen-dauerausstellungen-und-archive\/bergbau-ausstellung\/\" class=\"_self\" target=\"_self\" >Bergbau-Ausstellung<\/a><\/h6><\/div><\/div>\n<div class=\"col-md-3 col-sm-3 col-xs-12 pt-cv-content-item pt-cv-1-col\" ><div class='pt-cv-ifield'><a href=\"https:\/\/www.visitsoglianoalrubicone.it\/de\/sogliano-entdecken\/kunst-kultur-und-kunsthandwerk\/museen-dauerausstellungen-und-archive\/don-onofri-museum-s-maria-riopetra\/\" class=\"_self pt-cv-href-thumbnail pt-cv-thumb-default\" target=\"_self\" ><img width=\"1024\" height=\"768\" src=\"https:\/\/www.visitsoglianoalrubicone.it\/wp-content\/uploads\/2021\/07\/Visit-Sogliano-Scopri-Sogliano-Arte-Cultura-Artigianato-Musei-Mostre-Archivi-Onofri-Banner-Resized.jpg\" class=\"pt-cv-thumbnail\" alt=\"\" loading=\"lazy\" srcset=\"https:\/\/www.visitsoglianoalrubicone.it\/wp-content\/uploads\/2021\/07\/Visit-Sogliano-Scopri-Sogliano-Arte-Cultura-Artigianato-Musei-Mostre-Archivi-Onofri-Banner-Resized.jpg 1024w, https:\/\/www.visitsoglianoalrubicone.it\/wp-content\/uploads\/2021\/07\/Visit-Sogliano-Scopri-Sogliano-Arte-Cultura-Artigianato-Musei-Mostre-Archivi-Onofri-Banner-Resized-300x225.jpg 300w, https:\/\/www.visitsoglianoalrubicone.it\/wp-content\/uploads\/2021\/07\/Visit-Sogliano-Scopri-Sogliano-Arte-Cultura-Artigianato-Musei-Mostre-Archivi-Onofri-Banner-Resized-768x576.jpg 768w\" sizes=\"(max-width: 1024px) 100vw, 1024px\" \/><\/a>\n<h6 class=\"pt-cv-title\"><a href=\"https:\/\/www.visitsoglianoalrubicone.it\/de\/sogliano-entdecken\/kunst-kultur-und-kunsthandwerk\/museen-dauerausstellungen-und-archive\/don-onofri-museum-s-maria-riopetra\/\" class=\"_self\" target=\"_self\" >Don Onofri Museum &#8211; S. Maria Riopetra<\/a><\/h6><\/div><\/div>\n<div class=\"col-md-3 col-sm-3 col-xs-12 pt-cv-content-item pt-cv-1-col\" ><div class='pt-cv-ifield'><a href=\"https:\/\/www.visitsoglianoalrubicone.it\/de\/sogliano-entdecken\/kunst-kultur-und-kunsthandwerk\/museen-dauerausstellungen-und-archive\/das-haus-der-erinnerungen-montegelli\/\" class=\"_self pt-cv-href-thumbnail pt-cv-thumb-default\" target=\"_self\" ><img width=\"1024\" height=\"768\" src=\"https:\/\/www.visitsoglianoalrubicone.it\/wp-content\/uploads\/2021\/07\/Visit-Sogliano-Scopri-Sogliano-Arte-Cultura-Artigianato-Musei-Mostre-Archivi-Casa-Ricordi-Banner-Resized.jpg\" class=\"pt-cv-thumbnail\" alt=\"\" loading=\"lazy\" srcset=\"https:\/\/www.visitsoglianoalrubicone.it\/wp-content\/uploads\/2021\/07\/Visit-Sogliano-Scopri-Sogliano-Arte-Cultura-Artigianato-Musei-Mostre-Archivi-Casa-Ricordi-Banner-Resized.jpg 1024w, https:\/\/www.visitsoglianoalrubicone.it\/wp-content\/uploads\/2021\/07\/Visit-Sogliano-Scopri-Sogliano-Arte-Cultura-Artigianato-Musei-Mostre-Archivi-Casa-Ricordi-Banner-Resized-300x225.jpg 300w, https:\/\/www.visitsoglianoalrubicone.it\/wp-content\/uploads\/2021\/07\/Visit-Sogliano-Scopri-Sogliano-Arte-Cultura-Artigianato-Musei-Mostre-Archivi-Casa-Ricordi-Banner-Resized-768x576.jpg 768w\" sizes=\"(max-width: 1024px) 100vw, 1024px\" \/><\/a>\n<h6 class=\"pt-cv-title\"><a href=\"https:\/\/www.visitsoglianoalrubicone.it\/de\/sogliano-entdecken\/kunst-kultur-und-kunsthandwerk\/museen-dauerausstellungen-und-archive\/das-haus-der-erinnerungen-montegelli\/\" class=\"_self\" target=\"_self\" >Das Haus der Erinnerungen &#8211; Montegelli<\/a><\/h6><\/div><\/div><\/div><\/div><\/div>[\/vc_column_text][vc_empty_space height=&#8220;50px&#8220;][\/vc_column_inner][\/vc_row_inner][\/vc_column][\/vc_row]<\/p>\n","protected":false},"excerpt":{"rendered":"<p>[vc_row full_width=&#8220;stretch_row_content_no_spaces&#8220;][vc_column][vc_single_image image=&#8220;19663&#8243; img_size=&#8220;1920 x 450&#8243; alignment=&#8220;center&#8220; el_class=&#8220;infotronik_banner_pagina&#8220;][vc_empty_space height=&#8220;20px&#8220;][vc_row_inner][vc_column_inner][vc_column_text]Sogliano al Rubicone und seine D\u00f6rfer beherbergen zahlreiche Museen und Dauerausstellungen, wahre Schmuckst\u00fccke&#8230;<\/p>\n","protected":false},"author":1,"featured_media":19664,"parent":20302,"menu_order":0,"comment_status":"closed","ping_status":"closed","template":"","meta":{"loftloader_page_shortcode":""},"_links":{"self":[{"href":"https:\/\/www.visitsoglianoalrubicone.it\/de\/wp-json\/wp\/v2\/pages\/19661"}],"collection":[{"href":"https:\/\/www.visitsoglianoalrubicone.it\/de\/wp-json\/wp\/v2\/pages"}],"about":[{"href":"https:\/\/www.visitsoglianoalrubicone.it\/de\/wp-json\/wp\/v2\/types\/page"}],"author":[{"embeddable":true,"href":"https:\/\/www.visitsoglianoalrubicone.it\/de\/wp-json\/wp\/v2\/users\/1"}],"replies":[{"embeddable":true,"href":"https:\/\/www.visitsoglianoalrubicone.it\/de\/wp-json\/wp\/v2\/comments?post=19661"}],"version-history":[{"count":2,"href":"https:\/\/www.visitsoglianoalrubicone.it\/de\/wp-json\/wp\/v2\/pages\/19661\/revisions"}],"predecessor-version":[{"id":19681,"href":"https:\/\/www.visitsoglianoalrubicone.it\/de\/wp-json\/wp\/v2\/pages\/19661\/revisions\/19681"}],"up":[{"embeddable":true,"href":"https:\/\/www.visitsoglianoalrubicone.it\/de\/wp-json\/wp\/v2\/pages\/20302"}],"wp:featuredmedia":[{"embeddable":true,"href":"https:\/\/www.visitsoglianoalrubicone.it\/de\/wp-json\/wp\/v2\/media\/19664"}],"wp:attachment":[{"href":"https:\/\/www.visitsoglianoalrubicone.it\/de\/wp-json\/wp\/v2\/media?parent=19661"}],"curies":[{"name":"wp","href":"https:\/\/api.w.org\/{rel}","templated":true}]}}