{"id":20012,"date":"2021-07-03T13:31:42","date_gmt":"2021-07-03T13:31:42","guid":{"rendered":"https:\/\/www.visitsoglianoalrubicone.it\/der-weg-des-heiligen-vicinio\/"},"modified":"2024-12-06T10:11:01","modified_gmt":"2024-12-06T10:11:01","slug":"der-weg-des-heiligen-vicinio","status":"publish","type":"page","link":"https:\/\/www.visitsoglianoalrubicone.it\/de\/sogliano-entdecken\/routen-trekking-radfahren\/der-weg-des-heiligen-vicinio\/","title":{"rendered":"Der Weg des Heiligen Vicinio"},"content":{"rendered":"<p>[vc_row full_width=&#8220;stretch_row_content_no_spaces&#8220;][vc_column][vc_single_image image=&#8220;20016&#8243; img_size=&#8220;1920 x 450&#8243; alignment=&#8220;center&#8220; el_class=&#8220;infotronik_banner_pagina&#8220;]\n\t\t\t<section class=\"do-normal-page-title-section\">\n\t\t\t\t<div class=\"container\">\n\t\t\t\t\t<div class=\"row uppercase\">\n\t\t\t\n\t\t\t\t\t\t<div class=\"do-page-title-wrapper\">\n\t\t\t\t\t\t\t<div class=\"do-default-page-title col-md-7 col-sm-7 col-xs-12\">\n\t\t\t\t\t\t\t\t<h2 info=25 class=\"infotronik_page_title_big\">Il Cammino di San Vicinio<\/h2>\n\t\t\t\t\t\t\t\t<p><\/p>\n\t\t\t\t\t\t\t<\/div>\n\t\t\t\n\t\t\t\t\t\t\t<div class=\"do-breadcumb\"><ul><li><a class=\"infotronik_breadcrumb_cut\" href=\"https:\/\/www.visitsoglianoalrubicone.it\/de\/sogliano-entdecken\/\">SOGLIANO ENTDECKEN<\/a><\/li><li><a class=\"infotronik_breadcrumb_cut\" href=\"https:\/\/www.visitsoglianoalrubicone.it\/de\/sogliano-entdecken\/routen-trekking-radfahren\/\">Routen &#8211; Trekking &amp; Radfahren<\/a><\/li><\/ul><\/div>\n\t\t\t\t\t\t<\/div>\n\t\t\t\n\t\t\t\t\t<\/div>\n\t\t\t\t<\/div>\n\t\t\t<\/section>\n\t\t[vc_empty_space height=&#8220;20px&#8220;][vc_row_inner][vc_column_inner width=&#8220;2\/3&#8243;][vc_column_text]DER WEG DES SAN VICINIO: Das Gebiet von Sogliano al Rubicone wird vom Weg des San Vicinio durchquert, einer Ringroute, die sich \u00fcber fast 300 km erstreckt und sich in vielen Abschnitten mit dem antiken r\u00f6mischen Stra\u00dfensystem \u00fcberschneidet und durch die Provinzen Arezzo, Forl\u00ec-Cesena und Rimini f\u00fchrt. Die Route folgt den Wegen und Orten des Lebens von San Vicinio, dem Schutzpatron und ersten Bischof von Sarsina, und bietet atemberaubende Landschaften entlang des gesamten toskanisch-romagnolischen Apennins. Die Route ist in 16 Etappen unterteilt und insbesondere die Etappen 10 und 11 betreffen die Gemeinde Sogliano al Rubicone: die Route kommt von Sant&#8217;Agata Feltria, betritt die Gemeinde von der Ortschaft Montetiffi aus, durchquert die Stadt Sogliano al Rubicone und f\u00fchrt dann weiter nach San Giovanni in Galilea in der Gemeinde Borghi.<\/p>\n<p><a href=\"http:\/\/www.camminodisanvicinio.it\/\" target=\"_blank\" rel=\"noopener\">http:\/\/www.camminodisanvicinio.it\/<\/a><\/p>\n<p>K\u00fcrzlich wurde die &#8218;Ciclovia di San Vicinio&#8216; eingeweiht &#8211; eine vollst\u00e4ndig markierte Strecke von 325 km mit mehr als 8000 H\u00f6henmetern &#8211; die den traditionellen Cammino afoot bereichert und es Radfahrern erm\u00f6glicht, bezaubernde und stimmungsvolle Orte in aller Sicherheit zu entdecken.<br \/>\n<a href=\"https:\/\/www.cicloviadisanvicinio.it\/\" target=\"_blank\" rel=\"noopener\">https:\/\/www.cicloviadisanvicinio.it\/<\/a>[\/vc_column_text][\/vc_column_inner][vc_column_inner width=&#8220;1\/3&#8243;][vc_single_image image=&#8220;20025&#8243; img_size=&#8220;full&#8220; alignment=&#8220;center&#8220;][\/vc_column_inner][\/vc_row_inner][vc_row_inner][vc_column_inner][vc_empty_space height=&#8220;50px&#8220;][\/vc_column_inner][\/vc_row_inner][\/vc_column][\/vc_row]<\/p>\n","protected":false},"excerpt":{"rendered":"<p>[vc_row full_width=&#8220;stretch_row_content_no_spaces&#8220;][vc_column][vc_single_image image=&#8220;20016&#8243; img_size=&#8220;1920 x 450&#8243; alignment=&#8220;center&#8220; el_class=&#8220;infotronik_banner_pagina&#8220;][vc_empty_space height=&#8220;20px&#8220;][vc_row_inner][vc_column_inner width=&#8220;2\/3&#8243;][vc_column_text]DER WEG DES SAN VICINIO: Das Gebiet von Sogliano al Rubicone wird&#8230;<\/p>\n","protected":false},"author":1,"featured_media":20019,"parent":20169,"menu_order":0,"comment_status":"closed","ping_status":"closed","template":"","meta":{"loftloader_page_shortcode":""},"_links":{"self":[{"href":"https:\/\/www.visitsoglianoalrubicone.it\/de\/wp-json\/wp\/v2\/pages\/20012"}],"collection":[{"href":"https:\/\/www.visitsoglianoalrubicone.it\/de\/wp-json\/wp\/v2\/pages"}],"about":[{"href":"https:\/\/www.visitsoglianoalrubicone.it\/de\/wp-json\/wp\/v2\/types\/page"}],"author":[{"embeddable":true,"href":"https:\/\/www.visitsoglianoalrubicone.it\/de\/wp-json\/wp\/v2\/users\/1"}],"replies":[{"embeddable":true,"href":"https:\/\/www.visitsoglianoalrubicone.it\/de\/wp-json\/wp\/v2\/comments?post=20012"}],"version-history":[{"count":2,"href":"https:\/\/www.visitsoglianoalrubicone.it\/de\/wp-json\/wp\/v2\/pages\/20012\/revisions"}],"predecessor-version":[{"id":20060,"href":"https:\/\/www.visitsoglianoalrubicone.it\/de\/wp-json\/wp\/v2\/pages\/20012\/revisions\/20060"}],"up":[{"embeddable":true,"href":"https:\/\/www.visitsoglianoalrubicone.it\/de\/wp-json\/wp\/v2\/pages\/20169"}],"wp:featuredmedia":[{"embeddable":true,"href":"https:\/\/www.visitsoglianoalrubicone.it\/de\/wp-json\/wp\/v2\/media\/20019"}],"wp:attachment":[{"href":"https:\/\/www.visitsoglianoalrubicone.it\/de\/wp-json\/wp\/v2\/media?parent=20012"}],"curies":[{"name":"wp","href":"https:\/\/api.w.org\/{rel}","templated":true}]}}