{"id":20141,"date":"2021-07-01T18:24:57","date_gmt":"2021-07-01T18:24:57","guid":{"rendered":"https:\/\/www.visitsoglianoalrubicone.it\/geschichte-und-illustre-persoenlichkeiten\/geschichte\/"},"modified":"2024-12-06T10:10:42","modified_gmt":"2024-12-06T10:10:42","slug":"geschichte","status":"publish","type":"page","link":"https:\/\/www.visitsoglianoalrubicone.it\/de\/sogliano-entdecken\/kunst-kultur-und-kunsthandwerk\/geschichte-und-illustre-persoenlichkeiten\/geschichte\/","title":{"rendered":"Geschichte"},"content":{"rendered":"<p>[vc_row full_width=&#8220;stretch_row_content_no_spaces&#8220;][vc_column][vc_single_image image=&#8220;20145&#8243; img_size=&#8220;1920 x 450&#8243; alignment=&#8220;center&#8220; el_class=&#8220;infotronik_banner_pagina&#8220;]\n\t\t\t<section class=\"do-normal-page-title-section\">\n\t\t\t\t<div class=\"container\">\n\t\t\t\t\t<div class=\"row uppercase\">\n\t\t\t\n\t\t\t\t\t\t<div class=\"do-page-title-wrapper\">\n\t\t\t\t\t\t\t<div class=\"do-default-page-title col-md-7 col-sm-7 col-xs-12\">\n\t\t\t\t\t\t\t\t<h2 info=6 class=\"infotronik_page_title_big\">Storia<\/h2>\n\t\t\t\t\t\t\t\t<p><\/p>\n\t\t\t\t\t\t\t<\/div>\n\t\t\t\n\t\t\t\t\t\t\t<div class=\"do-breadcumb\"><ul><li><a class=\"infotronik_breadcrumb_cut\" href=\"https:\/\/www.visitsoglianoalrubicone.it\/de\/sogliano-entdecken\/kunst-kultur-und-kunsthandwerk\/\">Kunst Kultur und Kunsthandwerk<\/a><\/li><li><a class=\"infotronik_breadcrumb_cut\" href=\"https:\/\/www.visitsoglianoalrubicone.it\/de\/sogliano-entdecken\/kunst-kultur-und-kunsthandwerk\/geschichte-und-illustre-persoenlichkeiten\/\">Geschichte und illustre Pers\u00f6nlichkeiten<\/a><\/li><\/ul><\/div>\n\t\t\t\t\t\t<\/div>\n\t\t\t\n\t\t\t\t\t<\/div>\n\t\t\t\t<\/div>\n\t\t\t<\/section>\n\t\t[vc_empty_space height=&#8220;20px&#8220;][vc_row_inner][vc_column_inner width=&#8220;1\/2&#8243;][vc_column_text]<strong>DER R\u00d6MISCHE URSPRUNG, DER RUBIKON UND JULIUS CAESAR<\/strong><\/p>\n<p>Sogliano al Rubicone ist seit der Antike bewohnt: Sporadische Funde belegen die Anwesenheit von Menschen in diesem Gebiet seit dem Ende der Jungsteinzeit (2500-1800 v. Chr.), w\u00e4hrend gr\u00f6\u00dfere Siedlungen in der letzten Phase der Bronzezeit (1100-900 v. Chr.) nachgewiesen wurden. Der urspr\u00fcngliche Name der Stadt scheint sich von &#8222;Fundus Solliani&#8220; abzuleiten, dem urspr\u00fcnglichen Namen des Territoriums, auf dem die Siedlung steht und das in r\u00f6mischer Zeit der Familie Sulia oder Silla aus Rimini geh\u00f6rte. Der Rubikon war seit der Zeit der Punischen Kriege als nord\u00f6stliche Grenze zwischen der r\u00f6mischen Republik und dem zisalpinen Gallien bekannt. Diesen Fluss bewaffnet und an der Spitze einer Armee zu \u00fcberqueren, bedeutete eine &#8218;Kriegserkl\u00e4rung&#8216; an die R\u00f6mische Republik. Im Jahr 49 v. Chr. sprach <strong>Caius Julius Caesar<\/strong> den Satz aus, der in die Geschichte eingegangen ist: &#8218;Alea iacta est&#8216; (&#8218;die W\u00fcrfel sind gefallen&#8216;) und \u00fcberquerte mit seiner Miliz im Schlepptau den Rubikon und begr\u00fcndete damit das R\u00f6mische Reich.<\/p>\n<p><strong>  VON DEN R\u00d6MERN ZUR MALATESTA<\/strong><\/p>\n<p>Nach dem Ende des Ostr\u00f6mischen Reiches geh\u00f6rte Sogliano bis zum 11. Jahrhundert zu den Besitzt\u00fcmern der Kirche, einer Zeit, in der es, wie viele italienische St\u00e4dte, zu einer freien Gemeinde wurde und vom Ph\u00e4nomen der Enkastration betroffen war. In den folgenden Jahrhunderten, von etwa 1200 bis 1640, war die Geschichte des Dorfes mit der Familie <strong>Malatesta<\/strong> verbunden. Im Jahr 1312 f\u00fchrten die Malatesta von Rimini auf der Seite der Guelfen Krieg gegen die Malatesta von Sogliano auf der Seite der Ghibellinen und zerst\u00f6rten die Burg, wobei viele Einwohner get\u00f6tet wurden. Die Herrschaft der Malatesta von Sogliano endete 1640, als Sogliano an den Kirchenstaat fiel.[\/vc_column_text][\/vc_column_inner][vc_column_inner width=&#8220;1\/2&#8243;][vc_single_image image=&#8220;20148&#8243; img_size=&#8220;full&#8220; alignment=&#8220;center&#8220;][\/vc_column_inner][\/vc_row_inner][vc_row_inner][vc_column_inner][vc_empty_space height=&#8220;20px&#8220;][vc_column_text]L<strong>EONARDO DA VINCI&#8217;S JOURNEY IN ROMAGNA<\/strong> Im Sommer 1502 wurde ein gro\u00dfer Teil der Romagna von Cesare Borgia unterworfen und Leonardo da Vinci hielt sich f\u00fcr eine lange Zeit in der Romagna auf.<\/p>\n<p>Sogliano erinnert an den Aufenthalt des ber\u00fchmten Genies und K\u00fcnstlers in den H\u00fcgeln der Romagna durch das Museum &#8218;Leonardo da Vinci und die Romagna&#8216; und die Nachbildung der &#8218;Konkavit\u00e4ten&#8216; im Park von San Donato (im Gebiet von Vignola), einem kuriosen System zur Verst\u00e4rkung des Hornsignals durch gro\u00dfe Konkavit\u00e4ten, die von den Hirten des romagnolischen Apennins zu jener Zeit angelegt wurden.[\/vc_column_text][vc_empty_space height=&#8220;20px&#8220;][\/vc_column_inner][\/vc_row_inner][vc_row_inner][vc_column_inner width=&#8220;1\/2&#8243;][vc_single_image image=&#8220;20147&#8243; img_size=&#8220;full&#8220; alignment=&#8220;center&#8220;][\/vc_column_inner][vc_column_inner width=&#8220;1\/2&#8243;][vc_column_text]<strong>VON DEN ERSTEN MINEN BIS ZUM ZWEITEN WELTKRIEG<\/strong><\/p>\n<p>Bemerkenswert ist die Er\u00f6ffnung einer Holzkohlemine im Jahr 1789, die der Wirtschaft der Region einen betr\u00e4chtlichen Aufschwung verlieh, zumindest bis zum Ende des Zweiten Weltkriegs, als die Mine geschlossen wurde. Im Jahr 1797 wurde Sogliano von den Franzosen eingenommen. 1849 machte <strong>Garibaldi<\/strong> auf seinem R\u00fcckzug von San Marino nach Ravenna nach der Niederlage der r\u00f6mischen Republik hier Halt<strong>(in Begleitung von Anita?<\/strong>). Die p\u00e4pstliche Oberhoheit endete 1860 mit der Angliederung an Piemont; im folgenden Jahr wurde Sogliano Teil des K\u00f6nigreichs Italien. Im Jahr 1944, zwischen September und Oktober, wurde die Stadt nach dem \u00dcberqueren der Front (der sogenannten Linea Christa) in einem heftigen Zusammensto\u00df zwischen den deutschen Verteidigungslinien und den alliierten Armeen schwer bombardiert. Das <strong>Museum Linea Christa<\/strong> bewahrt die Erinnerung daran durch eine Sammlung von Kriegsmaterial, Uniformen, Fotografien und kartografischem Material bis hin zur Rekonstruktion eines Luftschutzbunkers in einer H\u00f6hle im Kulturgeb\u00e4ude, in dem das Museum untergebracht ist, um die Atmosph\u00e4re jener schrecklichen Tage nachzustellen.[\/vc_column_text][\/vc_column_inner][\/vc_row_inner][vc_row_inner][vc_column_inner width=&#8220;1\/2&#8243;][vc_column_text]<strong>&#8222;Kleines geliebtes Land der Romagna&#8220; GIOVANNI PASCOLI<\/strong><\/p>\n<p>Ein wichtiger Erinnerungsort f\u00fcr Giovanni Pascoli; hier verbrachten seine beiden Schwestern Ida und Maria mehrere Jahre im Augustinerkloster. Die Stadt, die der gro\u00dfe Dichter der Romagna mehrmals besuchte, war eine Quelle der poetischen Inspiration f\u00fcr seine ber\u00fchmten Gedichte, darunter &#8222;Die Nonnen von Sogliano&#8220;, &#8222;Schwester Virginia&#8220; und &#8222;Purpurziffer&#8220;. In den Jahren von 1950 bis 1970 erlebte die Stadt infolge der starken wirtschaftlichen Entwicklung der Ebene eine Zeit der starken Entv\u00f6lkerung, und die Einwohnerzahl sank in einem kurzen Zeitraum von zwanzig Jahren um zwei Drittel. Seit den 1980er Jahren erlebt der Ort einen wirtschaftlichen Aufschwung, der mit der Wiederbelebung der Produktion von <strong>Fossa-K\u00e4se<\/strong> (die in Wirklichkeit seit der Malatesta-Zeit nie aufgeh\u00f6rt hat), einem typischen lokalen Produkt, zusammenh\u00e4ngt.[\/vc_column_text][\/vc_column_inner][vc_column_inner width=&#8220;1\/2&#8243;][vc_single_image image=&#8220;20146&#8243; img_size=&#8220;full&#8220; alignment=&#8220;center&#8220;][\/vc_column_inner][\/vc_row_inner][vc_empty_space height=&#8220;50px&#8220;][\/vc_column][\/vc_row]<\/p>\n","protected":false},"excerpt":{"rendered":"<p>[vc_row full_width=&#8220;stretch_row_content_no_spaces&#8220;][vc_column][vc_single_image image=&#8220;20145&#8243; img_size=&#8220;1920 x 450&#8243; alignment=&#8220;center&#8220; el_class=&#8220;infotronik_banner_pagina&#8220;][vc_empty_space height=&#8220;20px&#8220;][vc_row_inner][vc_column_inner width=&#8220;1\/2&#8243;][vc_column_text]DER R\u00d6MISCHE URSPRUNG, DER RUBIKON UND JULIUS CAESAR Sogliano al Rubicone ist&#8230;<\/p>\n","protected":false},"author":1,"featured_media":20143,"parent":20066,"menu_order":0,"comment_status":"closed","ping_status":"closed","template":"","meta":{"loftloader_page_shortcode":""},"_links":{"self":[{"href":"https:\/\/www.visitsoglianoalrubicone.it\/de\/wp-json\/wp\/v2\/pages\/20141"}],"collection":[{"href":"https:\/\/www.visitsoglianoalrubicone.it\/de\/wp-json\/wp\/v2\/pages"}],"about":[{"href":"https:\/\/www.visitsoglianoalrubicone.it\/de\/wp-json\/wp\/v2\/types\/page"}],"author":[{"embeddable":true,"href":"https:\/\/www.visitsoglianoalrubicone.it\/de\/wp-json\/wp\/v2\/users\/1"}],"replies":[{"embeddable":true,"href":"https:\/\/www.visitsoglianoalrubicone.it\/de\/wp-json\/wp\/v2\/comments?post=20141"}],"version-history":[{"count":2,"href":"https:\/\/www.visitsoglianoalrubicone.it\/de\/wp-json\/wp\/v2\/pages\/20141\/revisions"}],"predecessor-version":[{"id":20167,"href":"https:\/\/www.visitsoglianoalrubicone.it\/de\/wp-json\/wp\/v2\/pages\/20141\/revisions\/20167"}],"up":[{"embeddable":true,"href":"https:\/\/www.visitsoglianoalrubicone.it\/de\/wp-json\/wp\/v2\/pages\/20066"}],"wp:featuredmedia":[{"embeddable":true,"href":"https:\/\/www.visitsoglianoalrubicone.it\/de\/wp-json\/wp\/v2\/media\/20143"}],"wp:attachment":[{"href":"https:\/\/www.visitsoglianoalrubicone.it\/de\/wp-json\/wp\/v2\/media?parent=20141"}],"curies":[{"name":"wp","href":"https:\/\/api.w.org\/{rel}","templated":true}]}}