{"id":20199,"date":"2021-07-04T07:31:19","date_gmt":"2021-07-04T07:31:19","guid":{"rendered":"https:\/\/www.visitsoglianoalrubicone.it\/frische-pasta\/"},"modified":"2024-12-06T10:11:02","modified_gmt":"2024-12-06T10:11:02","slug":"frische-pasta","status":"publish","type":"page","link":"https:\/\/www.visitsoglianoalrubicone.it\/de\/tasten\/essen-und-wein-und-typische-produkte\/frische-pasta\/","title":{"rendered":"Frische Pasta"},"content":{"rendered":"<p>[vc_row full_width=&#8220;stretch_row_content_no_spaces&#8220; content_placement=&#8220;top&#8220;][vc_column][vc_single_image image=&#8220;20202&#8243; img_size=&#8220;1920 x 450&#8243; alignment=&#8220;center&#8220; el_class=&#8220;infotronik_banner_pagina&#8220;]\n\t\t\t<section class=\"do-normal-page-title-section\">\n\t\t\t\t<div class=\"container\">\n\t\t\t\t\t<div class=\"row uppercase\">\n\t\t\t\n\t\t\t\t\t\t<div class=\"do-page-title-wrapper\">\n\t\t\t\t\t\t\t<div class=\"do-default-page-title col-md-7 col-sm-7 col-xs-12\">\n\t\t\t\t\t\t\t\t<h2 info=12 class=\"infotronik_page_title_big\">Pasta Fresca<\/h2>\n\t\t\t\t\t\t\t\t<p><\/p>\n\t\t\t\t\t\t\t<\/div>\n\t\t\t\n\t\t\t\t\t\t\t<div class=\"do-breadcumb\"><ul><li><a href=\"https:\/\/www.visitsoglianoalrubicone.it\/de\/tasten\/\">TASTEN<\/a><\/li><li><a class=\"infotronik_breadcrumb_cut\" href=\"https:\/\/www.visitsoglianoalrubicone.it\/de\/tasten\/essen-und-wein-und-typische-produkte\/\">Essen und Wein und typische Produkte<\/a><\/li><\/ul><\/div>\n\t\t\t\t\t\t<\/div>\n\t\t\t\n\t\t\t\t\t<\/div>\n\t\t\t\t<\/div>\n\t\t\t<\/section>\n\t\t[vc_empty_space height=&#8220;20&#8243;][vc_row_inner][vc_column_inner][vc_column_text]Sogliano al Rubicone ist ein renommierter Ort des Geschmacks; Gastronomen, K\u00f6che und Agrotourismus bieten sowohl die klassische K\u00fcche der Romagna als auch hervorragende Neuinterpretationen. Hier k\u00f6nnen Sie ein kulinarisches und multisensorisches Erlebnis genie\u00dfen, das typisch f\u00fcr die Romagna ist: Geschm\u00e4cker, D\u00fcfte und Aromen, die Sie nicht vergessen werden <u>FRISCHE PASTA<\/u>: die &#8222;azdore&#8220; der Romagna, ausgestattet mit einem Schneidebrett und einem h\u00f6lzernen Nudelholz, rollen die Eiernudeln noch immer von Hand nach bester Tradition: Tagliatelle, Pappardelle, Gnocchi, Strozzapreti, Tortelli und Cappelletti sind nur einige der Spezialit\u00e4ten.<\/p>\n<p>Neben einfachen Nudeln k\u00f6nnen Sie auch mit Kr\u00e4utern, K\u00e4se, K\u00fcrbis oder Pilzen gef\u00fcllte Pasta genie\u00dfen. Unsere ersten G\u00e4nge werden mit einer klassischen Fleischsauce, Wildschwein- oder Hasensauce, mit Steinpilzen oder einer Reibe aus feinem lokalen Tr\u00fcffel serviert.<em>Sogliano al Rubicone ist eine ber\u00fchmte Stadt des guten Essens<\/em>.[\/vc_column_text][vc_empty_space height=&#8220;50px&#8220;][vc_text_separator title=&#8220;Fotogalerie&#8220; title_align=&#8220;separator_align_left&#8220; align=&#8220;align_left&#8220; color=&#8220;custom&#8220; accent_color=&#8220;#fc7f0c&#8220;][vc_empty_space height=&#8220;50px&#8220;][vc_column_text].[\/vc_column_text][vc_empty_space][\/vc_column_inner][\/vc_row_inner][\/vc_column][\/vc_row]<\/p>\n","protected":false},"excerpt":{"rendered":"<p>[vc_row full_width=&#8220;stretch_row_content_no_spaces&#8220; content_placement=&#8220;top&#8220;][vc_column][vc_single_image image=&#8220;20202&#8243; img_size=&#8220;1920 x 450&#8243; alignment=&#8220;center&#8220; el_class=&#8220;infotronik_banner_pagina&#8220;][vc_empty_space height=&#8220;20&#8243;][vc_row_inner][vc_column_inner][vc_column_text]Sogliano al Rubicone ist ein renommierter Ort des Geschmacks; Gastronomen, K\u00f6che und&#8230;<\/p>\n","protected":false},"author":2,"featured_media":20201,"parent":20218,"menu_order":0,"comment_status":"closed","ping_status":"closed","template":"","meta":{"loftloader_page_shortcode":""},"_links":{"self":[{"href":"https:\/\/www.visitsoglianoalrubicone.it\/de\/wp-json\/wp\/v2\/pages\/20199"}],"collection":[{"href":"https:\/\/www.visitsoglianoalrubicone.it\/de\/wp-json\/wp\/v2\/pages"}],"about":[{"href":"https:\/\/www.visitsoglianoalrubicone.it\/de\/wp-json\/wp\/v2\/types\/page"}],"author":[{"embeddable":true,"href":"https:\/\/www.visitsoglianoalrubicone.it\/de\/wp-json\/wp\/v2\/users\/2"}],"replies":[{"embeddable":true,"href":"https:\/\/www.visitsoglianoalrubicone.it\/de\/wp-json\/wp\/v2\/comments?post=20199"}],"version-history":[{"count":2,"href":"https:\/\/www.visitsoglianoalrubicone.it\/de\/wp-json\/wp\/v2\/pages\/20199\/revisions"}],"predecessor-version":[{"id":20243,"href":"https:\/\/www.visitsoglianoalrubicone.it\/de\/wp-json\/wp\/v2\/pages\/20199\/revisions\/20243"}],"up":[{"embeddable":true,"href":"https:\/\/www.visitsoglianoalrubicone.it\/de\/wp-json\/wp\/v2\/pages\/20218"}],"wp:featuredmedia":[{"embeddable":true,"href":"https:\/\/www.visitsoglianoalrubicone.it\/de\/wp-json\/wp\/v2\/media\/20201"}],"wp:attachment":[{"href":"https:\/\/www.visitsoglianoalrubicone.it\/de\/wp-json\/wp\/v2\/media?parent=20199"}],"curies":[{"name":"wp","href":"https:\/\/api.w.org\/{rel}","templated":true}]}}