{"id":25874,"date":"2024-12-24T10:50:16","date_gmt":"2024-12-24T10:50:16","guid":{"rendered":"https:\/\/www.visitsoglianoalrubicone.it\/?page_id=25874"},"modified":"2025-12-12T08:46:31","modified_gmt":"2025-12-12T08:46:31","slug":"ihre-berichte","status":"publish","type":"page","link":"https:\/\/www.visitsoglianoalrubicone.it\/de\/ihre-berichte\/","title":{"rendered":"Standortnutzung"},"content":{"rendered":"<p>[vc_row full_width=&#8220;stretch_row_content_no_spaces&#8220;][vc_column][vc_single_image image=&#8220;25481&#8243; img_size=&#8220;1920 x 450&#8243; alignment=&#8220;center&#8220; el_class=&#8220;infotronik_banner_pagina&#8220;]\n\t\t\t<section class=\"do-normal-page-title-section\">\n\t\t\t\t<div class=\"container\">\n\t\t\t\t\t<div class=\"row uppercase\">\n\t\t\t\n\t\t\t\t\t\t<div class=\"do-page-title-wrapper\">\n\t\t\t\t\t\t\t<div class=\"do-default-page-title col-md-7 col-sm-7 col-xs-12\">\n\t\t\t\t\t\t\t\t<h2 info=18 class=\"infotronik_page_title_big\">Utilizzo Posizione<\/h2>\n\t\t\t\t\t\t\t\t<p><\/p>\n\t\t\t\t\t\t\t<\/div>\n\t\t\t\n\t\t\t\t\t\t\t<div class=\"do-breadcumb\"><ul><\/ul><\/div>\n\t\t\t\t\t\t<\/div>\n\t\t\t\n\t\t\t\t\t<\/div>\n\t\t\t\t<\/div>\n\t\t\t<\/section>\n\t\t[vc_empty_space height=&#8220;20px&#8220;][vc_row_inner][vc_column_inner][vc_column_text]Die M\u00f6glichkeit zu bieten, dass Nutzer Berichte \u00fcber Probleme oder gesperrte Fu\u00dfwege einreichen k\u00f6nnen. Nur in diesem Abschnitt (und sofern erlaubt) wird die aktuelle Position verzeichnet.[\/vc_column_text][vc_empty_space height=&#8220;50px&#8220;][vc_raw_html]PHZpZGVvIGNvbnRyb2xzPiA8c291cmNlIHNyYz0iaHR0cHM6Ly93d3cudmlzaXRzb2dsaWFub2FscnViaWNvbmUuaXQvd3AtY29udGVudC91cGxvYWRzLzIwMjQvMTIvY29uZGl2aXNpb25lLXBvc2l6aW9uZS1zZWduYWxhemlvbmkubXA0IiB0eXBlPSJ2aWRlby9tcDQiPiBJbCB0dW8gYnJvd3NlciBub24gc3VwcG9ydGEgaWwgdGFnIHZpZGVvLiA8L3ZpZGVvPjxzdHlsZT52aWRlbyB7IHdpZHRoOiAxMDAlICFpbXBvcnRhbnQ7IGhlaWdodDogYXV0byAhaW1wb3J0YW50OyB9Cjwvc3R5bGU+[\/vc_raw_html][\/vc_column_inner][\/vc_row_inner][vc_empty_space height=&#8220;50px&#8220;][\/vc_column][\/vc_row]<\/p>\n","protected":false},"excerpt":{"rendered":"<p>[vc_row full_width=&#8220;stretch_row_content_no_spaces&#8220;][vc_column][vc_single_image image=&#8220;25481&#8243; img_size=&#8220;1920 x 450&#8243; alignment=&#8220;center&#8220; el_class=&#8220;infotronik_banner_pagina&#8220;][vc_empty_space height=&#8220;20px&#8220;][vc_row_inner][vc_column_inner][vc_column_text]Die M\u00f6glichkeit zu bieten, dass Nutzer Berichte \u00fcber Probleme oder gesperrte Fu\u00dfwege einreichen&#8230;<\/p>\n","protected":false},"author":1,"featured_media":20541,"parent":0,"menu_order":0,"comment_status":"closed","ping_status":"closed","template":"","meta":{"loftloader_page_shortcode":""},"_links":{"self":[{"href":"https:\/\/www.visitsoglianoalrubicone.it\/de\/wp-json\/wp\/v2\/pages\/25874"}],"collection":[{"href":"https:\/\/www.visitsoglianoalrubicone.it\/de\/wp-json\/wp\/v2\/pages"}],"about":[{"href":"https:\/\/www.visitsoglianoalrubicone.it\/de\/wp-json\/wp\/v2\/types\/page"}],"author":[{"embeddable":true,"href":"https:\/\/www.visitsoglianoalrubicone.it\/de\/wp-json\/wp\/v2\/users\/1"}],"replies":[{"embeddable":true,"href":"https:\/\/www.visitsoglianoalrubicone.it\/de\/wp-json\/wp\/v2\/comments?post=25874"}],"version-history":[{"count":9,"href":"https:\/\/www.visitsoglianoalrubicone.it\/de\/wp-json\/wp\/v2\/pages\/25874\/revisions"}],"predecessor-version":[{"id":33225,"href":"https:\/\/www.visitsoglianoalrubicone.it\/de\/wp-json\/wp\/v2\/pages\/25874\/revisions\/33225"}],"wp:featuredmedia":[{"embeddable":true,"href":"https:\/\/www.visitsoglianoalrubicone.it\/de\/wp-json\/wp\/v2\/media\/20541"}],"wp:attachment":[{"href":"https:\/\/www.visitsoglianoalrubicone.it\/de\/wp-json\/wp\/v2\/media?parent=25874"}],"curies":[{"name":"wp","href":"https:\/\/api.w.org\/{rel}","templated":true}]}}