{"id":26339,"date":"2025-01-07T11:38:41","date_gmt":"2025-01-07T11:38:41","guid":{"rendered":"https:\/\/www.visitsoglianoalrubicone.it\/?page_id=26339"},"modified":"2025-12-12T08:46:37","modified_gmt":"2025-12-12T08:46:37","slug":"san-vicinio-radweg-2","status":"publish","type":"page","link":"https:\/\/www.visitsoglianoalrubicone.it\/de\/sogliano-entdecken\/routen-trekking-radfahren\/radrouten\/san-vicinio-radweg-2\/","title":{"rendered":"Empfohlene MTB-Tragf\u00e4higkeit"},"content":{"rendered":"<p>[vc_row full_width=&#8220;stretch_row_content_no_spaces&#8220;][vc_column][vc_single_image image=&#8220;18751&#8243; img_size=&#8220;1920 x 450&#8243; alignment=&#8220;center&#8220; el_class=&#8220;infotronik_banner_pagina&#8220;]\n\t\t\t<section class=\"do-normal-page-title-section infotronik_page_title_section_little\">\n\t\t\t\t<div class=\"container\">\n\t\t\t\t\t<div class=\"row uppercase\">\n\t\t\t\n\t\t\t\t\t\t<div class=\"do-page-title-wrapper\">\n\t\t\t\t\t\t\t<div class=\"do-default-page-title col-md-7 col-sm-7 col-xs-12\">\n\t\t\t\t\t\t\t\t<h2 info=57 class=\"infotronik_page_title_little\">Viabilit\u00e0 consigliata MTB su Sentieri dell'Alto Rubicone<\/h2>\n\t\t\t\t\t\t\t\t<p><\/p>\n\t\t\t\t\t\t\t<\/div>\n\t\t\t\n\t\t\t\t\t\t\t<div class=\"do-breadcumb\"><ul><li><a class=\"infotronik_breadcrumb_cut\" href=\"https:\/\/www.visitsoglianoalrubicone.it\/de\/sogliano-entdecken\/routen-trekking-radfahren\/\">Routen &#8211; Trekking &amp; Radfahren<\/a><\/li><li><a href=\"https:\/\/www.visitsoglianoalrubicone.it\/de\/sogliano-entdecken\/routen-trekking-radfahren\/radrouten\/\">Radrouten<\/a><\/li><\/ul><\/div>\n\t\t\t\t\t\t<\/div>\n\t\t\t\n\t\t\t\t\t<\/div>\n\t\t\t\t<\/div>\n\t\t\t<\/section>\n\t\t[vc_empty_space height=&#8220;20px&#8220;][vc_row_inner][vc_column_inner width=&#8220;1\/2&#8243;][vc_empty_space height=&#8220;20px&#8220;][vc_text_separator title=&#8220;Informationen&#8220; title_align=&#8220;separator_align_left&#8220; align=&#8220;align_left&#8220; color=&#8220;custom&#8220; accent_color=&#8220;#fc7f0c&#8220;][vc_empty_space height=&#8220;20px&#8220;]\n\t\t<div class=\"do-icon-with-text-style1 appear fadeIn\" data-wow-duration=\"1s\" data-wow-delay=\"0.3s\">\n\t\t    <div class=\"do-icon-wrapper\">\n\t\t        <i class=\"fa fa-check-square\"><\/i>\n\t\t    <\/div>\n\t\t    <p>Partenza: Sogliano al Rubicone e tutti i borghi del territorio<\/p>\n\n\t\t<\/div>\n\t\n\t\t<div class=\"do-icon-with-text-style1 appear fadeIn\" data-wow-duration=\"1s\" data-wow-delay=\"0.3s\">\n\t\t    <div class=\"do-icon-wrapper\">\n\t\t        <i class=\"fa fa-check-square\"><\/i>\n\t\t    <\/div>\n\t\t    <p>Percorsi e tratte varie<\/p>\n\n\t\t<\/div>\n\t\n\t\t<div class=\"do-icon-with-text-style1 appear fadeIn\" data-wow-duration=\"1s\" data-wow-delay=\"0.3s\">\n\t\t    <div class=\"do-icon-wrapper\">\n\t\t        <i class=\"fa fa-check-square\"><\/i>\n\t\t    <\/div>\n\t\t    <p>Adatto a MTB \/ GRAVEL \/ E-BIKE<\/p>\n\n\t\t<\/div>\n\t\n\t\t<div class=\"do-icon-with-text-style1 appear fadeIn\" data-wow-duration=\"1s\" data-wow-delay=\"0.3s\">\n\t\t    <div class=\"do-icon-wrapper\">\n\t\t        <i class=\"fa fa-sign-out\"><\/i>\n\t\t    <\/div>\n\t\t    <p>Difficolt\u00e0: media o alta a seconda della tratta.<\/p>\n\n\t\t<\/div>\n\t\n\t\t<div class=\"do-icon-with-text-style1 appear fadeIn\" data-wow-duration=\"1s\" data-wow-delay=\"0.3s\">\n\t\t    <div class=\"do-icon-wrapper\">\n\t\t        <i class=\"fa fa-road\"><\/i>\n\t\t    <\/div>\n\t\t    <p>Distanza: 156 km<\/p>\n\n\t\t<\/div>\n\t\n\t\t<div class=\"do-icon-with-text-style1 appear fadeIn\" data-wow-duration=\"1s\" data-wow-delay=\"0.3s\">\n\t\t    <div class=\"do-icon-wrapper\">\n\t\t        <i class=\"fa fa-arrows-v\"><\/i>\n\t\t    <\/div>\n\t\t    <p>Dislivello: a seconda della tratta scelta<\/p>\n\n\t\t<\/div>\n\t\n\t\t<div class=\"do-icon-with-text-style1 appear fadeIn\" data-wow-duration=\"1s\" data-wow-delay=\"0.3s\">\n\t\t    <div class=\"do-icon-wrapper\">\n\t\t        <i class=\"fa fa-globe\"><\/i>\n\t\t    <\/div>\n\t\t    <p><a href=\"https:\/\/www.visitsoglianoalrubicone.it\/wp-content\/uploads\/2025\/01\/Visitsoglianoalrubicone.it-scopri-sogliano-itinerari-trekking-bikeitinerari-cicloturisticimtb_sogliano_2024_ok3-scaled.jpg\" target=\"_blank\" rel=\"noopener\">scarica la cartina con le tratte sconsigliate<\/a> (evidenziante con colore nero)<br \/>\nMaggiori informazioni: 0541 817340<\/p>\n\n\t\t<\/div>\n\t[\/vc_column_inner][vc_column_inner width=&#8220;1\/2&#8243;][vc_single_image image=&#8220;26373&#8243; img_size=&#8220;full&#8220; alignment=&#8220;center&#8220; onclick=&#8220;link_image&#8220;][\/vc_column_inner][\/vc_row_inner][vc_row_inner][vc_column_inner][vc_empty_space height=&#8220;50px&#8220;][vc_text_separator title=&#8220;Route:&#8220; title_align=&#8220;separator_align_left&#8220; align=&#8220;align_left&#8220; color=&#8220;custom&#8220; el_width=&#8220;50&#8243; accent_color=&#8220;#fc7f0c&#8220;][vc_empty_space height=&#8220;20px&#8220;][vc_column_text]<em><strong>Bist du ein MTB\/GRAVEL\/E-Bike-Enthusiast?<\/strong><\/em><br \/>\nWir empfehlen, die Karte (oben) herunterzuladen, auf der die &#8222;Routen&#8220; nicht empfohlen werden, da die<strong>undurchl\u00e4ssigen und gef\u00e4hrlichen<\/strong> Routen <strong> mit der SCHWARZEN Farbe<\/strong> markiert sind.<\/p>\n<p>Das Wegenetz von 156 km besteht aus 16 Ringrouten, die miteinander verbunden sind und die verschiedenen Orte verbinden; die Wege sind mit C.A.I. nummeriert und in Gpx kartiert, um sie per GPS oder Mobiltelefon oder direkt auf den speziellen <strong>Wanderkarten<\/strong> von <a href=\"https:\/\/www.iga-cartografia.it\/\" target=\"_blank\" rel=\"noopener\"><strong>Monti Editore<\/strong><\/a> zu sehen, die online und zu den wirtschaftlichen Aktivit\u00e4ten unseres Gebiets verf\u00fcgbar sind.<br \/>\nViel Spa\u00df beim Radfahren![\/vc_column_text][vc_empty_space height=&#8220;50px&#8220;][\/vc_column_inner][\/vc_row_inner][vc_row_inner][vc_column_inner width=&#8220;1\/2&#8243;][vc_single_image image=&#8220;10443&#8243; img_size=&#8220;full&#8220; alignment=&#8220;center&#8220;][\/vc_column_inner][vc_column_inner width=&#8220;1\/2&#8243;][vc_column_text]Sogliano al Rubicone, seine Landschaften und charakteristischen D\u00f6rfer werden Radfahrer dazu f\u00fchren, die kulinarische Exzellenz und das Wohlbefinden zu sch\u00e4tzen, das das Eintauchen in die gr\u00fcne Stille unber\u00fchrter Natur bietet.[\/vc_column_text][\/vc_column_inner][\/vc_row_inner][vc_row_inner][vc_column_inner][vc_empty_space height=&#8220;50px&#8220;][vc_text_separator title=&#8220;Fotogalerie&#8220; title_align=&#8220;separator_align_left&#8220; align=&#8220;align_left&#8220; color=&#8220;custom&#8220; el_width=&#8220;50&#8243; accent_color=&#8220;#fc7f0c&#8220;][vc_empty_space height=&#8220;50px&#8220;][vc_column_text]<style>#jtg-5819 .modula-item .jtg-social a, .lightbox-socials.jtg-social a{ color: #ffffff }#jtg-5819 .modula-item .jtg-social svg, .lightbox-socials.jtg-social svg { height: 16px; width: 16px }#jtg-5819 .modula-item .jtg-social a:not(:last-child), .lightbox-socials.jtg-social a:not(:last-child) { margin-right: 10px }#jtg-5819 .modula-item .figc {color:#ffffff;}#jtg-5819 .modula-item .modula-item-content { transform: scale(1) }#jtg-5819 { width:100%;}#jtg-5819 .modula-items .figc p.description { font-size:14px; }#jtg-5819 .modula-items .figc p.description { color:#ffffff;}#jtg-5819.modula-gallery .modula-item > a, #jtg-5819.modula-gallery .modula-item, #jtg-5819.modula-gallery .modula-item-content > a { cursor:zoom-in; } @media screen and (max-width:480px){#jtg-5819 .modula-item .figc .jtg-title {  font-size: 12px; }#jtg-5819 .modula-items .figc p.description { color:#ffffff;font-size:10px; }}<\/style>\n<!-- Gallery Container -->\n<div  id=\"jtg-5819\" class=\"modula modula-gallery modula-columns\" data-config=\"{&quot;enableTwitter&quot;:false,&quot;enableWhatsapp&quot;:false,&quot;enableFacebook&quot;:false,&quot;enablePinterest&quot;:false,&quot;enableLinkedin&quot;:false,&quot;enableEmail&quot;:false,&quot;randomFactor&quot;:0.5,&quot;type&quot;:&quot;grid&quot;,&quot;columns&quot;:12,&quot;gutter&quot;:10,&quot;mobileGutter&quot;:10,&quot;tabletGutter&quot;:10,&quot;desktopGutter&quot;:10,&quot;enableResponsive&quot;:&quot;0&quot;,&quot;tabletColumns&quot;:&quot;2&quot;,&quot;mobileColumns&quot;:&quot;1&quot;,&quot;lazyLoad&quot;:&quot;0&quot;,&quot;lightboxOpts&quot;:{&quot;loop&quot;:false,&quot;arrows&quot;:true,&quot;toolbar&quot;:true,&quot;keyboard&quot;:false,&quot;wheel&quot;:false,&quot;buttons&quot;:[&quot;close&quot;],&quot;hash&quot;:false,&quot;lang&quot;:&quot;en&quot;,&quot;touch&quot;:false,&quot;protect&quot;:false,&quot;i18n&quot;:{&quot;en&quot;:{&quot;CLOSE&quot;:&quot;Close&quot;,&quot;NEXT&quot;:&quot;Next&quot;,&quot;PREV&quot;:&quot;Previous&quot;,&quot;Error&quot;:&quot;The requested content cannot be loaded. Please try again later.&quot;,&quot;PLAY_START&quot;:&quot;Start slideshow&quot;,&quot;PLAY_STOP&quot;:&quot;Pause slideshow&quot;,&quot;FULL_SCREEN&quot;:&quot;Full screen&quot;,&quot;THUMBS&quot;:&quot;Thumbnails&quot;,&quot;DOWNLOAD&quot;:&quot;Download&quot;,&quot;SHARE&quot;:&quot;Share&quot;,&quot;ZOOM&quot;:&quot;Zoom&quot;}},&quot;clickSlide&quot;:false,&quot;clickOutside&quot;:false,&quot;dblclickContent&quot;:false,&quot;dblclickSlide&quot;:false,&quot;dblclickOutside&quot;:false,&quot;clickContent&quot;:false,&quot;baseTpl&quot;:&quot;&lt;div class=\\&quot;modula-fancybox-container modula-lightbox-jtg-5819\\&quot; role=\\&quot;dialog\\&quot; tabindex=\\&quot;-1\\&quot;&gt;&lt;div class=\\&quot;modula-fancybox-bg\\&quot;&gt;&lt;\\\/div&gt;&lt;div class=\\&quot;modula-fancybox-inner\\&quot;&gt;&lt;div class=\\&quot;modula-fancybox-infobar\\&quot;&gt;&lt;span data-fancybox-index&gt;&lt;\\\/span&gt;&nbsp;\\\/&nbsp;&lt;span data-fancybox-count&gt;&lt;\\\/span&gt;&lt;\\\/div&gt;&lt;div class=\\&quot;modula-fancybox-toolbar\\&quot;&gt;{{buttons}}&lt;\\\/div&gt;&lt;div class=\\&quot;modula-fancybox-navigation\\&quot;&gt;{{arrows}}&lt;\\\/div&gt;&lt;div class=\\&quot;modula-fancybox-stage\\&quot;&gt;&lt;\\\/div&gt;&lt;div class=\\&quot;modula-fancybox-caption\\&quot;&gt;&lt;div class=\\&quot;modula-fancybox-caption__body\\&quot;&gt;&lt;\\\/div&gt;&lt;\\\/div&gt;&lt;\\\/div&gt;&lt;\\\/div&gt;&quot;},&quot;inView&quot;:false,&quot;email_subject&quot;:&quot;Check out this awesome image !!&quot;,&quot;email_message&quot;:&quot;Here is the link to the image : %%image_link%% and this is the link to the gallery : %%gallery_link%%&quot;,&quot;grid_type&quot;:&quot;automatic&quot;,&quot;rowHeight&quot;:150,&quot;lastRow&quot;:&quot;justify&quot;,&quot;lightbox&quot;:&quot;fancybox&quot;}\">\n\n\t\n\t<!-- Items Container -->\n\t<div  class=\"modula-items grid-gallery\">\n\t\t<div class=\"modula-item effect-pufrobo\" >\n\t<div class=\"modula-item-overlay\"><\/div>\n\n\t<div class=\"modula-item-content\">\n\n\t\t\t\t\n\t\t\t\t\t<a data-image-id=\"5820\" href=\"https:\/\/www.visitsoglianoalrubicone.it\/wp-content\/uploads\/2021\/08\/Visit-Sogliano-Scopri-Sogliano-Itinerari-Trekking-Bike-Itinerari-Cicloturistici-Ciclovia-San-Vicinio-1-scaled.jpg\" rel=\"jtg-5819\" data-caption=\"\" class=\"tile-inner modula-item-link\"><\/a>\n\t\t\n\t\t<img class=\"pic\"  data-valign=\"middle\" data-halign=\"center\" alt=\"\" data-full=\"https:\/\/www.visitsoglianoalrubicone.it\/wp-content\/uploads\/2021\/08\/Visit-Sogliano-Scopri-Sogliano-Itinerari-Trekking-Bike-Itinerari-Cicloturistici-Ciclovia-San-Vicinio-1.jpg\" title=\"Visit-Sogliano-Scopri Sogliano - Itinerari Trekking - Bike Itinerari Cicloturistici - Ciclovia San Vicinio (1)\" width=\"768\" height=\"1024\" src=\"https:\/\/www.visitsoglianoalrubicone.it\/wp-content\/uploads\/2021\/08\/Visit-Sogliano-Scopri-Sogliano-Itinerari-Trekking-Bike-Itinerari-Cicloturistici-Ciclovia-San-Vicinio-1-768x1024.jpg\" data-src=\"https:\/\/www.visitsoglianoalrubicone.it\/wp-content\/uploads\/2021\/08\/Visit-Sogliano-Scopri-Sogliano-Itinerari-Trekking-Bike-Itinerari-Cicloturistici-Ciclovia-San-Vicinio-1-768x1024.jpg\" data-caption=\"\"srcset=\"https:\/\/www.visitsoglianoalrubicone.it\/wp-content\/uploads\/2021\/08\/Visit-Sogliano-Scopri-Sogliano-Itinerari-Trekking-Bike-Itinerari-Cicloturistici-Ciclovia-San-Vicinio-1-scaled-768x1024.jpg 768w, https:\/\/www.visitsoglianoalrubicone.it\/wp-content\/uploads\/2021\/08\/Visit-Sogliano-Scopri-Sogliano-Itinerari-Trekking-Bike-Itinerari-Cicloturistici-Ciclovia-San-Vicinio-1-225x300.jpg 225w, https:\/\/www.visitsoglianoalrubicone.it\/wp-content\/uploads\/2021\/08\/Visit-Sogliano-Scopri-Sogliano-Itinerari-Trekking-Bike-Itinerari-Cicloturistici-Ciclovia-San-Vicinio-1-1152x1536.jpg 1152w, https:\/\/www.visitsoglianoalrubicone.it\/wp-content\/uploads\/2021\/08\/Visit-Sogliano-Scopri-Sogliano-Itinerari-Trekking-Bike-Itinerari-Cicloturistici-Ciclovia-San-Vicinio-1-1536x2048.jpg 1536w, https:\/\/www.visitsoglianoalrubicone.it\/wp-content\/uploads\/2021\/08\/Visit-Sogliano-Scopri-Sogliano-Itinerari-Trekking-Bike-Itinerari-Cicloturistici-Ciclovia-San-Vicinio-1-scaled.jpg 1920w\" sizes=\"(max-width: 768px) 100vw, 768px\"\" \/>\n\t\t<div class=\"figc no-description\">\n\t\t\t<div class=\"figc-inner\">\n\t\t\t\t\t\t\t\t\t\t\t\t\t\t\t<\/div>\n\t\t<\/div>\n\n\t<\/div>\n\n<\/div><div class=\"modula-item effect-pufrobo\" >\n\t<div class=\"modula-item-overlay\"><\/div>\n\n\t<div class=\"modula-item-content\">\n\n\t\t\t\t\n\t\t\t\t\t<a data-image-id=\"5825\" href=\"https:\/\/www.visitsoglianoalrubicone.it\/wp-content\/uploads\/2021\/08\/Visit-Sogliano-Scopri-Sogliano-Itinerari-Trekking-Bike-Itinerari-Cicloturistici-Ciclovia-San-Vicinio-6-scaled.jpg\" rel=\"jtg-5819\" data-caption=\"\" class=\"tile-inner modula-item-link\"><\/a>\n\t\t\n\t\t<img class=\"pic\"  data-valign=\"middle\" data-halign=\"center\" alt=\"\" data-full=\"https:\/\/www.visitsoglianoalrubicone.it\/wp-content\/uploads\/2021\/08\/Visit-Sogliano-Scopri-Sogliano-Itinerari-Trekking-Bike-Itinerari-Cicloturistici-Ciclovia-San-Vicinio-6.jpg\" title=\"Visit-Sogliano-Scopri Sogliano - Itinerari Trekking - Bike Itinerari Cicloturistici - Ciclovia San Vicinio (6)\" width=\"768\" height=\"1024\" src=\"https:\/\/www.visitsoglianoalrubicone.it\/wp-content\/uploads\/2021\/08\/Visit-Sogliano-Scopri-Sogliano-Itinerari-Trekking-Bike-Itinerari-Cicloturistici-Ciclovia-San-Vicinio-6-768x1024.jpg\" data-src=\"https:\/\/www.visitsoglianoalrubicone.it\/wp-content\/uploads\/2021\/08\/Visit-Sogliano-Scopri-Sogliano-Itinerari-Trekking-Bike-Itinerari-Cicloturistici-Ciclovia-San-Vicinio-6-768x1024.jpg\" data-caption=\"\"srcset=\"https:\/\/www.visitsoglianoalrubicone.it\/wp-content\/uploads\/2021\/08\/Visit-Sogliano-Scopri-Sogliano-Itinerari-Trekking-Bike-Itinerari-Cicloturistici-Ciclovia-San-Vicinio-6-scaled-768x1024.jpg 768w, https:\/\/www.visitsoglianoalrubicone.it\/wp-content\/uploads\/2021\/08\/Visit-Sogliano-Scopri-Sogliano-Itinerari-Trekking-Bike-Itinerari-Cicloturistici-Ciclovia-San-Vicinio-6-225x300.jpg 225w, https:\/\/www.visitsoglianoalrubicone.it\/wp-content\/uploads\/2021\/08\/Visit-Sogliano-Scopri-Sogliano-Itinerari-Trekking-Bike-Itinerari-Cicloturistici-Ciclovia-San-Vicinio-6-1152x1536.jpg 1152w, https:\/\/www.visitsoglianoalrubicone.it\/wp-content\/uploads\/2021\/08\/Visit-Sogliano-Scopri-Sogliano-Itinerari-Trekking-Bike-Itinerari-Cicloturistici-Ciclovia-San-Vicinio-6-1536x2048.jpg 1536w, https:\/\/www.visitsoglianoalrubicone.it\/wp-content\/uploads\/2021\/08\/Visit-Sogliano-Scopri-Sogliano-Itinerari-Trekking-Bike-Itinerari-Cicloturistici-Ciclovia-San-Vicinio-6-scaled.jpg 1920w\" sizes=\"(max-width: 768px) 100vw, 768px\"\" \/>\n\t\t<div class=\"figc no-description\">\n\t\t\t<div class=\"figc-inner\">\n\t\t\t\t\t\t\t\t\t\t\t\t\t\t\t<\/div>\n\t\t<\/div>\n\n\t<\/div>\n\n<\/div><div class=\"modula-item effect-pufrobo\" >\n\t<div class=\"modula-item-overlay\"><\/div>\n\n\t<div class=\"modula-item-content\">\n\n\t\t\t\t\n\t\t\t\t\t<a data-image-id=\"5823\" href=\"https:\/\/www.visitsoglianoalrubicone.it\/wp-content\/uploads\/2021\/08\/Visit-Sogliano-Scopri-Sogliano-Itinerari-Trekking-Bike-Itinerari-Cicloturistici-Ciclovia-San-Vicinio-4-scaled.jpg\" rel=\"jtg-5819\" data-caption=\"\" class=\"tile-inner modula-item-link\"><\/a>\n\t\t\n\t\t<img class=\"pic\"  data-valign=\"middle\" data-halign=\"center\" alt=\"\" data-full=\"https:\/\/www.visitsoglianoalrubicone.it\/wp-content\/uploads\/2021\/08\/Visit-Sogliano-Scopri-Sogliano-Itinerari-Trekking-Bike-Itinerari-Cicloturistici-Ciclovia-San-Vicinio-4.jpg\" title=\"Visit-Sogliano-Scopri Sogliano - Itinerari Trekking - Bike Itinerari Cicloturistici - Ciclovia San Vicinio (4)\" width=\"1024\" height=\"768\" src=\"https:\/\/www.visitsoglianoalrubicone.it\/wp-content\/uploads\/2021\/08\/Visit-Sogliano-Scopri-Sogliano-Itinerari-Trekking-Bike-Itinerari-Cicloturistici-Ciclovia-San-Vicinio-4-1024x768.jpg\" data-src=\"https:\/\/www.visitsoglianoalrubicone.it\/wp-content\/uploads\/2021\/08\/Visit-Sogliano-Scopri-Sogliano-Itinerari-Trekking-Bike-Itinerari-Cicloturistici-Ciclovia-San-Vicinio-4-1024x768.jpg\" data-caption=\"\"srcset=\"https:\/\/www.visitsoglianoalrubicone.it\/wp-content\/uploads\/2021\/08\/Visit-Sogliano-Scopri-Sogliano-Itinerari-Trekking-Bike-Itinerari-Cicloturistici-Ciclovia-San-Vicinio-4-scaled-1024x768.jpg 1024w, https:\/\/www.visitsoglianoalrubicone.it\/wp-content\/uploads\/2021\/08\/Visit-Sogliano-Scopri-Sogliano-Itinerari-Trekking-Bike-Itinerari-Cicloturistici-Ciclovia-San-Vicinio-4-300x225.jpg 300w, https:\/\/www.visitsoglianoalrubicone.it\/wp-content\/uploads\/2021\/08\/Visit-Sogliano-Scopri-Sogliano-Itinerari-Trekking-Bike-Itinerari-Cicloturistici-Ciclovia-San-Vicinio-4-768x576.jpg 768w, https:\/\/www.visitsoglianoalrubicone.it\/wp-content\/uploads\/2021\/08\/Visit-Sogliano-Scopri-Sogliano-Itinerari-Trekking-Bike-Itinerari-Cicloturistici-Ciclovia-San-Vicinio-4-1536x1152.jpg 1536w, https:\/\/www.visitsoglianoalrubicone.it\/wp-content\/uploads\/2021\/08\/Visit-Sogliano-Scopri-Sogliano-Itinerari-Trekking-Bike-Itinerari-Cicloturistici-Ciclovia-San-Vicinio-4-2048x1536.jpg 2048w\" sizes=\"(max-width: 1024px) 100vw, 1024px\"\" \/>\n\t\t<div class=\"figc no-description\">\n\t\t\t<div class=\"figc-inner\">\n\t\t\t\t\t\t\t\t\t\t\t\t\t\t\t<\/div>\n\t\t<\/div>\n\n\t<\/div>\n\n<\/div><div class=\"modula-item effect-pufrobo\" >\n\t<div class=\"modula-item-overlay\"><\/div>\n\n\t<div class=\"modula-item-content\">\n\n\t\t\t\t\n\t\t\t\t\t<a data-image-id=\"5821\" href=\"https:\/\/www.visitsoglianoalrubicone.it\/wp-content\/uploads\/2021\/08\/Visit-Sogliano-Scopri-Sogliano-Itinerari-Trekking-Bike-Itinerari-Cicloturistici-Ciclovia-San-Vicinio-2-scaled.jpg\" rel=\"jtg-5819\" data-caption=\"\" class=\"tile-inner modula-item-link\"><\/a>\n\t\t\n\t\t<img class=\"pic\"  data-valign=\"middle\" data-halign=\"center\" alt=\"\" data-full=\"https:\/\/www.visitsoglianoalrubicone.it\/wp-content\/uploads\/2021\/08\/Visit-Sogliano-Scopri-Sogliano-Itinerari-Trekking-Bike-Itinerari-Cicloturistici-Ciclovia-San-Vicinio-2.jpg\" title=\"Visit-Sogliano-Scopri Sogliano - Itinerari Trekking - Bike Itinerari Cicloturistici - Ciclovia San Vicinio (2)\" width=\"768\" height=\"1024\" src=\"https:\/\/www.visitsoglianoalrubicone.it\/wp-content\/uploads\/2021\/08\/Visit-Sogliano-Scopri-Sogliano-Itinerari-Trekking-Bike-Itinerari-Cicloturistici-Ciclovia-San-Vicinio-2-768x1024.jpg\" data-src=\"https:\/\/www.visitsoglianoalrubicone.it\/wp-content\/uploads\/2021\/08\/Visit-Sogliano-Scopri-Sogliano-Itinerari-Trekking-Bike-Itinerari-Cicloturistici-Ciclovia-San-Vicinio-2-768x1024.jpg\" data-caption=\"\"srcset=\"https:\/\/www.visitsoglianoalrubicone.it\/wp-content\/uploads\/2021\/08\/Visit-Sogliano-Scopri-Sogliano-Itinerari-Trekking-Bike-Itinerari-Cicloturistici-Ciclovia-San-Vicinio-2-scaled-768x1024.jpg 768w, https:\/\/www.visitsoglianoalrubicone.it\/wp-content\/uploads\/2021\/08\/Visit-Sogliano-Scopri-Sogliano-Itinerari-Trekking-Bike-Itinerari-Cicloturistici-Ciclovia-San-Vicinio-2-225x300.jpg 225w, https:\/\/www.visitsoglianoalrubicone.it\/wp-content\/uploads\/2021\/08\/Visit-Sogliano-Scopri-Sogliano-Itinerari-Trekking-Bike-Itinerari-Cicloturistici-Ciclovia-San-Vicinio-2-1152x1536.jpg 1152w, https:\/\/www.visitsoglianoalrubicone.it\/wp-content\/uploads\/2021\/08\/Visit-Sogliano-Scopri-Sogliano-Itinerari-Trekking-Bike-Itinerari-Cicloturistici-Ciclovia-San-Vicinio-2-1536x2048.jpg 1536w, https:\/\/www.visitsoglianoalrubicone.it\/wp-content\/uploads\/2021\/08\/Visit-Sogliano-Scopri-Sogliano-Itinerari-Trekking-Bike-Itinerari-Cicloturistici-Ciclovia-San-Vicinio-2-scaled.jpg 1920w\" sizes=\"(max-width: 768px) 100vw, 768px\"\" \/>\n\t\t<div class=\"figc no-description\">\n\t\t\t<div class=\"figc-inner\">\n\t\t\t\t\t\t\t\t\t\t\t\t\t\t\t<\/div>\n\t\t<\/div>\n\n\t<\/div>\n\n<\/div><div class=\"modula-item effect-pufrobo\" >\n\t<div class=\"modula-item-overlay\"><\/div>\n\n\t<div class=\"modula-item-content\">\n\n\t\t\t\t\n\t\t\t\t\t<a data-image-id=\"5822\" href=\"https:\/\/www.visitsoglianoalrubicone.it\/wp-content\/uploads\/2021\/08\/Visit-Sogliano-Scopri-Sogliano-Itinerari-Trekking-Bike-Itinerari-Cicloturistici-Ciclovia-San-Vicinio-3-scaled.jpg\" rel=\"jtg-5819\" data-caption=\"\" class=\"tile-inner modula-item-link\"><\/a>\n\t\t\n\t\t<img class=\"pic\"  data-valign=\"middle\" data-halign=\"center\" alt=\"\" data-full=\"https:\/\/www.visitsoglianoalrubicone.it\/wp-content\/uploads\/2021\/08\/Visit-Sogliano-Scopri-Sogliano-Itinerari-Trekking-Bike-Itinerari-Cicloturistici-Ciclovia-San-Vicinio-3.jpg\" title=\"Visit-Sogliano-Scopri Sogliano - Itinerari Trekking - Bike Itinerari Cicloturistici - Ciclovia San Vicinio (3)\" width=\"1024\" height=\"768\" src=\"https:\/\/www.visitsoglianoalrubicone.it\/wp-content\/uploads\/2021\/08\/Visit-Sogliano-Scopri-Sogliano-Itinerari-Trekking-Bike-Itinerari-Cicloturistici-Ciclovia-San-Vicinio-3-1024x768.jpg\" data-src=\"https:\/\/www.visitsoglianoalrubicone.it\/wp-content\/uploads\/2021\/08\/Visit-Sogliano-Scopri-Sogliano-Itinerari-Trekking-Bike-Itinerari-Cicloturistici-Ciclovia-San-Vicinio-3-1024x768.jpg\" data-caption=\"\"srcset=\"https:\/\/www.visitsoglianoalrubicone.it\/wp-content\/uploads\/2021\/08\/Visit-Sogliano-Scopri-Sogliano-Itinerari-Trekking-Bike-Itinerari-Cicloturistici-Ciclovia-San-Vicinio-3-scaled-1024x768.jpg 1024w, https:\/\/www.visitsoglianoalrubicone.it\/wp-content\/uploads\/2021\/08\/Visit-Sogliano-Scopri-Sogliano-Itinerari-Trekking-Bike-Itinerari-Cicloturistici-Ciclovia-San-Vicinio-3-300x225.jpg 300w, https:\/\/www.visitsoglianoalrubicone.it\/wp-content\/uploads\/2021\/08\/Visit-Sogliano-Scopri-Sogliano-Itinerari-Trekking-Bike-Itinerari-Cicloturistici-Ciclovia-San-Vicinio-3-768x576.jpg 768w, https:\/\/www.visitsoglianoalrubicone.it\/wp-content\/uploads\/2021\/08\/Visit-Sogliano-Scopri-Sogliano-Itinerari-Trekking-Bike-Itinerari-Cicloturistici-Ciclovia-San-Vicinio-3-1536x1152.jpg 1536w, https:\/\/www.visitsoglianoalrubicone.it\/wp-content\/uploads\/2021\/08\/Visit-Sogliano-Scopri-Sogliano-Itinerari-Trekking-Bike-Itinerari-Cicloturistici-Ciclovia-San-Vicinio-3-2048x1536.jpg 2048w\" sizes=\"(max-width: 1024px) 100vw, 1024px\"\" \/>\n\t\t<div class=\"figc no-description\">\n\t\t\t<div class=\"figc-inner\">\n\t\t\t\t\t\t\t\t\t\t\t\t\t\t\t<\/div>\n\t\t<\/div>\n\n\t<\/div>\n\n<\/div>\t\t\n\t<\/div>\n\n\t\n\t\n\t<script type=\"application\/ld+json\">\n\t{\n\t\t\"@context\": \"http:\/\/schema.org\",\n\t\t\"@type\"   : \"ImageGallery\",\n\t\t\"id\"      : \"https:\/\/www.visitsoglianoalrubicone.it\/de\/wp-json\/wp\/v2\/pages\/26339\/\",\n\t\t\"url\"     : \"https:\/\/www.visitsoglianoalrubicone.it\/de\/wp-json\/wp\/v2\/pages\/26339\/\"\n\t}\n\n    <\/script>\n\n\t\n<\/div>[\/vc_column_text][vc_empty_space height=&#8220;50px&#8220;][\/vc_column_inner][\/vc_row_inner][\/vc_column][\/vc_row]<\/p>\n","protected":false},"excerpt":{"rendered":"<p>[vc_row full_width=&#8220;stretch_row_content_no_spaces&#8220;][vc_column][vc_single_image image=&#8220;18751&#8243; img_size=&#8220;1920 x 450&#8243; alignment=&#8220;center&#8220; el_class=&#8220;infotronik_banner_pagina&#8220;][vc_empty_space height=&#8220;20px&#8220;][vc_row_inner][vc_column_inner width=&#8220;1\/2&#8243;][vc_empty_space height=&#8220;20px&#8220;][vc_text_separator title=&#8220;Informationen&#8220; title_align=&#8220;separator_align_left&#8220; align=&#8220;align_left&#8220; color=&#8220;custom&#8220; accent_color=&#8220;#fc7f0c&#8220;][vc_empty_space height=&#8220;20px&#8220;][\/vc_column_inner][vc_column_inner width=&#8220;1\/2&#8243;][vc_single_image image=&#8220;26373&#8243; img_size=&#8220;full&#8220; alignment=&#8220;center&#8220;&#8230;<\/p>\n","protected":false},"author":3,"featured_media":20250,"parent":18749,"menu_order":0,"comment_status":"closed","ping_status":"closed","template":"","meta":{"loftloader_page_shortcode":""},"_links":{"self":[{"href":"https:\/\/www.visitsoglianoalrubicone.it\/de\/wp-json\/wp\/v2\/pages\/26339"}],"collection":[{"href":"https:\/\/www.visitsoglianoalrubicone.it\/de\/wp-json\/wp\/v2\/pages"}],"about":[{"href":"https:\/\/www.visitsoglianoalrubicone.it\/de\/wp-json\/wp\/v2\/types\/page"}],"author":[{"embeddable":true,"href":"https:\/\/www.visitsoglianoalrubicone.it\/de\/wp-json\/wp\/v2\/users\/3"}],"replies":[{"embeddable":true,"href":"https:\/\/www.visitsoglianoalrubicone.it\/de\/wp-json\/wp\/v2\/comments?post=26339"}],"version-history":[{"count":11,"href":"https:\/\/www.visitsoglianoalrubicone.it\/de\/wp-json\/wp\/v2\/pages\/26339\/revisions"}],"predecessor-version":[{"id":33237,"href":"https:\/\/www.visitsoglianoalrubicone.it\/de\/wp-json\/wp\/v2\/pages\/26339\/revisions\/33237"}],"up":[{"embeddable":true,"href":"https:\/\/www.visitsoglianoalrubicone.it\/de\/wp-json\/wp\/v2\/pages\/18749"}],"wp:featuredmedia":[{"embeddable":true,"href":"https:\/\/www.visitsoglianoalrubicone.it\/de\/wp-json\/wp\/v2\/media\/20250"}],"wp:attachment":[{"href":"https:\/\/www.visitsoglianoalrubicone.it\/de\/wp-json\/wp\/v2\/media?parent=26339"}],"curies":[{"name":"wp","href":"https:\/\/api.w.org\/{rel}","templated":true}]}}