{"id":30477,"date":"2025-09-11T09:07:57","date_gmt":"2025-09-11T09:07:57","guid":{"rendered":"https:\/\/www.visitsoglianoalrubicone.it\/?page_id=30477"},"modified":"2025-12-12T08:46:09","modified_gmt":"2025-12-12T08:46:09","slug":"cookie-richtlinie-2","status":"publish","type":"page","link":"https:\/\/www.visitsoglianoalrubicone.it\/de\/cookie-richtlinie-2\/","title":{"rendered":"Zug\u00e4nglichkeit"},"content":{"rendered":"<p>[vc_row full_width=&#8220;stretch_row_content_no_spaces&#8220;][vc_column][vc_single_image image=&#8220;20503&#8243; img_size=&#8220;1920 x 300&#8243; alignment=&#8220;center&#8220; el_class=&#8220;infotronik_banner_pagina&#8220;]\n\t\t\t<section class=\"do-normal-page-title-section\">\n\t\t\t\t<div class=\"container\">\n\t\t\t\t\t<div class=\"row uppercase\">\n\t\t\t\n\t\t\t\t\t\t<div class=\"do-page-title-wrapper\">\n\t\t\t\t\t\t\t<div class=\"do-default-page-title col-md-7 col-sm-7 col-xs-12\">\n\t\t\t\t\t\t\t\t<h2 info=14 class=\"infotronik_page_title_big\">Accessibilit\u00e0<\/h2>\n\t\t\t\t\t\t\t\t<p><\/p>\n\t\t\t\t\t\t\t<\/div>\n\t\t\t\n\t\t\t\t\t\t\t<div class=\"do-breadcumb\"><ul><\/ul><\/div>\n\t\t\t\t\t\t<\/div>\n\t\t\t\n\t\t\t\t\t<\/div>\n\t\t\t\t<\/div>\n\t\t\t<\/section>\n\t\t[vc_empty_space height=&#8220;20px&#8220;][vc_row_inner el_class=&#8220;infotronik_form_container&#8220;][vc_column_inner][vc_column_text]Im Einklang mit dem Prinzip, dass das Ziel nicht ausschlie\u00dflich darin besteht, Zertifizierungen durch automatische Validatoren zu erhalten, sondern die Bed\u00fcrfnisse der Nutzer vollst\u00e4ndig zu erf\u00fcllen, gilt es als unerl\u00e4sslich, deren Input einzuholen, um die tats\u00e4chliche Zug\u00e4nglichkeit der Seite zu bewerten.<br \/>\nZu diesem Zweck wird der Nutzer eingeladen, das untenstehende Formular auszuf\u00fcllen, um alle kritischen Probleme beim Zugriff auf den Inhalt der Webseiten zu melden.[\/vc_column_text][vc_empty_space height=&#8220;50px&#8220;]<div role=\"form\" class=\"wpcf7\" id=\"wpcf7-f32250-o1\" lang=\"de-DE\" dir=\"ltr\">\n<div class=\"screen-reader-response\"><p role=\"status\" aria-live=\"polite\" aria-atomic=\"true\"><\/p> <ul><\/ul><\/div>\n<form action=\"\/de\/wp-json\/wp\/v2\/pages\/30477#wpcf7-f32250-o1\" method=\"post\" class=\"wpcf7-form init\" novalidate=\"novalidate\" data-status=\"init\">\n<div style=\"display: none;\">\n<input type=\"hidden\" name=\"_wpcf7\" value=\"32250\" \/>\n<input type=\"hidden\" name=\"_wpcf7_version\" value=\"5.6.4\" \/>\n<input type=\"hidden\" name=\"_wpcf7_locale\" value=\"de_DE\" \/>\n<input type=\"hidden\" name=\"_wpcf7_unit_tag\" value=\"wpcf7-f32250-o1\" \/>\n<input type=\"hidden\" name=\"_wpcf7_container_post\" value=\"0\" \/>\n<input type=\"hidden\" name=\"_wpcf7_posted_data_hash\" value=\"\" \/>\n<\/div>\n<p><label>  Name und Nachname<br \/>\n    <span class=\"wpcf7-form-control-wrap\" data-name=\"your-name\"><input type=\"text\" name=\"your-name\" value=\"\" size=\"40\" class=\"wpcf7-form-control wpcf7-text wpcf7-validates-as-required\" aria-required=\"true\" aria-invalid=\"false\" \/><\/span> <\/label><\/p>\n<p><label>  E-Mail<br \/>\n    <span class=\"wpcf7-form-control-wrap\" data-name=\"your-email\"><input type=\"email\" name=\"your-email\" value=\"\" size=\"40\" class=\"wpcf7-form-control wpcf7-text wpcf7-email wpcf7-validates-as-required wpcf7-validates-as-email\" aria-required=\"true\" aria-invalid=\"false\" \/><\/span> <\/label><\/p>\n<p><label>  Beschreibung des Problems, das Sie erleben<br \/>\n    <span class=\"wpcf7-form-control-wrap\" data-name=\"your-message\"><textarea name=\"your-message\" cols=\"40\" rows=\"10\" class=\"wpcf7-form-control wpcf7-textarea\" aria-invalid=\"false\"><\/textarea><\/span> <\/label><\/p>\n<p><label>  URL der Seite mit dem aufgetretenen Problem<br \/>\n    <span class=\"wpcf7-form-control-wrap\" data-name=\"text-434\"><input type=\"text\" name=\"text-434\" value=\"\" size=\"40\" class=\"wpcf7-form-control wpcf7-text wpcf7-validates-as-required\" aria-required=\"true\" aria-invalid=\"false\" \/><\/span> <\/label><\/p>\n<p>\nIch erkl\u00e4re, dass ich die <a href=\"https:\/\/www.visitsoglianoalrubicone.it\/privacy-policy\/\" target=\"_blank\">Informationen \u00fcber die Verarbeitung personenbezogener Daten<\/a> gelesen habe.\n<\/p>\n<p><span class=\"wpcf7-form-control-wrap\" data-name=\"privacy-ack\"><span class=\"wpcf7-form-control wpcf7-checkbox wpcf7-validates-as-required\"><span class=\"wpcf7-list-item first last\"><label><input type=\"checkbox\" name=\"privacy-ack[]\" value=\"Ich best\u00e4tige und erkl\u00e4re, dass ich die Datenschutzrichtlinie gelesen habe\" \/><span class=\"wpcf7-list-item-label\">Ich best\u00e4tige und erkl\u00e4re, dass ich die Datenschutzrichtlinie gelesen habe<\/span><\/label><\/span><\/span><\/span><\/p>\n<p><span class=\"wpcf7-form-control-wrap\" data-name=\"privacy-consent\"><span class=\"wpcf7-form-control wpcf7-checkbox wpcf7-validates-as-required\"><span class=\"wpcf7-list-item first last\"><label><input type=\"checkbox\" name=\"privacy-consent[]\" value=\"Der Unterzeichnete erh\u00e4lt die vom Datenverantwortlichen bereitgestellten Informationen durch die gem\u00e4\u00df EU-Verordnung 679\/2016 bereitgestellten Informationen und willigt der Verarbeitung personenbezogener Daten zu den in den oben genannten Informationen angegebenen Zwecken zu\" \/><span class=\"wpcf7-list-item-label\">Der Unterzeichnete erh\u00e4lt die vom Datenverantwortlichen bereitgestellten Informationen durch die gem\u00e4\u00df EU-Verordnung 679\/2016 bereitgestellten Informationen und willigt der Verarbeitung personenbezogener Daten zu den in den oben genannten Informationen angegebenen Zwecken zu<\/span><\/label><\/span><\/span><\/span><\/p>\n<p><input type=\"submit\" value=\"Senden Sie\" class=\"wpcf7-form-control has-spinner wpcf7-submit\" \/><\/p>\n<div class=\"wpcf7-response-output\" aria-hidden=\"true\"><\/div><\/form><\/div>[vc_empty_space height=&#8220;50px&#8220;][\/vc_column_inner][\/vc_row_inner][\/vc_column][\/vc_row]<\/p>\n","protected":false},"excerpt":{"rendered":"<p>[vc_row full_width=&#8220;stretch_row_content_no_spaces&#8220;][vc_column][vc_single_image image=&#8220;20503&#8243; img_size=&#8220;1920 x 300&#8243; alignment=&#8220;center&#8220; el_class=&#8220;infotronik_banner_pagina&#8220;][vc_empty_space height=&#8220;20px&#8220;][vc_row_inner el_class=&#8220;infotronik_form_container&#8220;][vc_column_inner][vc_column_text]Im Einklang mit dem Prinzip, dass das Ziel nicht ausschlie\u00dflich darin besteht,&#8230;<\/p>\n","protected":false},"author":1,"featured_media":20477,"parent":0,"menu_order":0,"comment_status":"closed","ping_status":"closed","template":"","meta":{"loftloader_page_shortcode":""},"_links":{"self":[{"href":"https:\/\/www.visitsoglianoalrubicone.it\/de\/wp-json\/wp\/v2\/pages\/30477"}],"collection":[{"href":"https:\/\/www.visitsoglianoalrubicone.it\/de\/wp-json\/wp\/v2\/pages"}],"about":[{"href":"https:\/\/www.visitsoglianoalrubicone.it\/de\/wp-json\/wp\/v2\/types\/page"}],"author":[{"embeddable":true,"href":"https:\/\/www.visitsoglianoalrubicone.it\/de\/wp-json\/wp\/v2\/users\/1"}],"replies":[{"embeddable":true,"href":"https:\/\/www.visitsoglianoalrubicone.it\/de\/wp-json\/wp\/v2\/comments?post=30477"}],"version-history":[{"count":10,"href":"https:\/\/www.visitsoglianoalrubicone.it\/de\/wp-json\/wp\/v2\/pages\/30477\/revisions"}],"predecessor-version":[{"id":33192,"href":"https:\/\/www.visitsoglianoalrubicone.it\/de\/wp-json\/wp\/v2\/pages\/30477\/revisions\/33192"}],"wp:featuredmedia":[{"embeddable":true,"href":"https:\/\/www.visitsoglianoalrubicone.it\/de\/wp-json\/wp\/v2\/media\/20477"}],"wp:attachment":[{"href":"https:\/\/www.visitsoglianoalrubicone.it\/de\/wp-json\/wp\/v2\/media?parent=30477"}],"curies":[{"name":"wp","href":"https:\/\/api.w.org\/{rel}","templated":true}]}}