{"id":16790,"date":"2021-07-25T12:26:06","date_gmt":"2021-07-25T12:26:06","guid":{"rendered":"https:\/\/www.visitsoglianoalrubicone.it\/parc-anita-garibaldi-bavaria-village\/"},"modified":"2024-12-06T09:58:14","modified_gmt":"2024-12-06T09:58:14","slug":"parc-anita-garibaldi-bavaria-village","status":"publish","type":"page","link":"https:\/\/www.visitsoglianoalrubicone.it\/fr\/decouvrez-sogliano\/au-coeur-de-la-nature\/parcs-et-terrains-de-jeux\/parc-anita-garibaldi-bavaria-village\/","title":{"rendered":"Parc Anita Garibaldi &#8211; Bavaria Village"},"content":{"rendered":"<p>[vc_row full_width=\u00a0\u00bbstretch_row_content_no_spaces\u00a0\u00bb][vc_column][vc_single_image image=\u00a0\u00bb16792&Prime; img_size=\u00a0\u00bb1920 x 450&Prime; alignment=\u00a0\u00bbcenter\u00a0\u00bb el_class=\u00a0\u00bbinfotronik_banner_pagina\u00a0\u00bb]\n\t\t\t<section class=\"do-normal-page-title-section\">\n\t\t\t\t<div class=\"container\">\n\t\t\t\t\t<div class=\"row uppercase\">\n\t\t\t\n\t\t\t\t\t\t<div class=\"do-page-title-wrapper\">\n\t\t\t\t\t\t\t<div class=\"do-default-page-title col-md-7 col-sm-7 col-xs-12\">\n\t\t\t\t\t\t\t\t<h2 info=21 class=\"infotronik_page_title_big\">Parco Anita Garibaldi<\/h2>\n\t\t\t\t\t\t\t\t<p><\/p>\n\t\t\t\t\t\t\t<\/div>\n\t\t\t\n\t\t\t\t\t\t\t<div class=\"do-breadcumb\"><ul><li><a class=\"infotronik_breadcrumb_cut\" href=\"https:\/\/www.visitsoglianoalrubicone.it\/fr\/decouvrez-sogliano\/au-coeur-de-la-nature\/\">Au c\u0153ur de la nature<\/a><\/li><li><a class=\"infotronik_breadcrumb_cut\" href=\"https:\/\/www.visitsoglianoalrubicone.it\/fr\/decouvrez-sogliano\/au-coeur-de-la-nature\/parcs-et-terrains-de-jeux\/\">Parcs et terrains de jeux<\/a><\/li><\/ul><\/div>\n\t\t\t\t\t\t<\/div>\n\t\t\t\n\t\t\t\t\t<\/div>\n\t\t\t\t<\/div>\n\t\t\t<\/section>\n\t\t[vc_empty_space height=\u00a0\u00bb20px\u00a0\u00bb][vc_row_inner][vc_column_inner][vc_column_text]Le parc, qui porte le nom d&rsquo;Anita Garibaldi, h\u00e9ro\u00efne et \u00e9pouse du g\u00e9n\u00e9ral, contient un monument d\u00e9di\u00e9 \u00e0 Giuseppe Garibaldi. Aire de jeux avec bancs et parking adjacent.[\/vc_column_text][vc_empty_space height=\u00a0\u00bb30px\u00a0\u00bb][\/vc_column_inner][\/vc_row_inner][vc_row_inner][vc_column_inner width=\u00a0\u00bb1\/2&Prime;]\n\t\t<div class=\"do-icon-with-text-style1 appear fadeIn\" data-wow-duration=\"1s\" data-wow-delay=\"0.3s\">\n\t\t    <div class=\"do-icon-wrapper\">\n\t\t        <i class=\"fa fa-map-marker\"><\/i>\n\t\t    <\/div>\n\t\t    <p>\nBavaria Village, Via Bavaria Village<\/p>\n\n\t\t<\/div>\n\t\n\t\t<div class=\"do-icon-with-text-style1 appear fadeIn\" data-wow-duration=\"1s\" data-wow-delay=\"0.3s\">\n\t\t    <div class=\"do-icon-wrapper\">\n\t\t        <i class=\"fa fa-eur\"><\/i>\n\t\t    <\/div>\n\t\t    <p>Entr\u00e9e libre<\/p>\n\n\t\t<\/div>\n\t\n\t\t<div class=\"do-icon-with-text-style1 appear fadeIn\" data-wow-duration=\"1s\" data-wow-delay=\"0.3s\">\n\t\t    <div class=\"do-icon-wrapper\">\n\t\t        <i class=\"fa fa-history\"><\/i>\n\t\t    <\/div>\n\t\t    <p>\nHoraire en semaine : toujours ouvert Horaire pendant les vacances : toujours ouvert<\/p>\n\n\t\t<\/div>\n\t\n\t\t<div class=\"do-icon-with-text-style1 appear fadeIn\" data-wow-duration=\"1s\" data-wow-delay=\"0.3s\">\n\t\t    <div class=\"do-icon-wrapper\">\n\t\t        <i class=\"fa fa-history\"><\/i>\n\t\t    <\/div>\n\t\t    <p>\nFermeture hebdomadaire : non pr\u00e9vue P\u00e9riode d&rsquo;ouverture : annuelle<\/p>\n\n\t\t<\/div>\n\t\n\t\t<div class=\"do-icon-with-text-style1 appear fadeIn\" data-wow-duration=\"1s\" data-wow-delay=\"0.3s\">\n\t\t    <div class=\"do-icon-wrapper\">\n\t\t        <i class=\"fa fa-automobile\"><\/i>\n\t\t    <\/div>\n\t\t    <p>Accessibilit\u00e9 : voiture<\/p>\n\n\t\t<\/div>\n\t\n\t\t<div class=\"do-icon-with-text-style1 appear fadeIn\" data-wow-duration=\"1s\" data-wow-delay=\"0.3s\">\n\t\t    <div class=\"do-icon-wrapper\">\n\t\t        <i class=\"fa fa-photo\"><\/i>\n\t\t    <\/div>\n\t\t    <p>Dimensions : 200 m2<\/p>\n\n\t\t<\/div>\n\t[\/vc_column_inner][vc_column_inner width=\u00a0\u00bb1\/2&Prime;][vc_gmaps link=\u00a0\u00bb#E-8_JTNDaWZyYW1lJTIwc3JjJTNEJTIyaHR0cHMlM0ElMkYlMkZ3d3cuZ29vZ2xlLmNvbSUyRm1hcHMlMkZlbWJlZCUzRnBiJTNEJTIxMW0xOCUyMTFtMTIlMjExbTMlMjExZDUyNC40NDc0NzIxNTk3MjUyJTIxMmQxMi4zMTM3NjY5ODA1ODIxMzQlMjEzZDQ0LjAwOTQ5NDE4NTAyODczNiUyMTJtMyUyMTFmMCUyMTJmMCUyMTNmMCUyMTNtMiUyMTFpMTAyNCUyMTJpNzY4JTIxNGYxMy4xJTIxM20zJTIxMW0yJTIxMXMweDEzMmM5NzYyNzkzNWQzOGIlMjUzQTB4M2RlYTE2MDU2ZmQ1YjIzNyUyMTJzUGFyY28lMjUyMEFOSVRBJTI1MjBHQVJJQkFMREklMjE1ZTElMjEzbTIlMjExc2l0JTIxMnNpdCUyMTR2MTYyNzIxNTk1NTM2OCUyMTVtMiUyMTFzaXQlMjEyc2l0JTIyJTIwd2lkdGglM0QlMjI2MDAlMjIlMjBoZWlnaHQlM0QlMjI0NTAlMjIlMjBzdHlsZSUzRCUyMmJvcmRlciUzQTAlM0IlMjIlMjBhbGxvd2Z1bGxzY3JlZW4lM0QlMjIlMjIlMjBsb2FkaW5nJTNEJTIybGF6eSUyMiUzRSUzQyUyRmlmcmFtZSUzRQ==\u00a0\u00bb][\/vc_column_inner][\/vc_row_inner][vc_row_inner][vc_column_inner][vc_empty_space height=\u00a0\u00bb50px\u00a0\u00bb][vc_column_text]<style>#jtg-5628 .modula-item .jtg-social a, .lightbox-socials.jtg-social a{ color: #ffffff }#jtg-5628 .modula-item .jtg-social svg, .lightbox-socials.jtg-social svg { height: 16px; width: 16px }#jtg-5628 .modula-item .jtg-social a:not(:last-child), .lightbox-socials.jtg-social a:not(:last-child) { margin-right: 10px }#jtg-5628 .modula-item .figc {color:#ffffff;}#jtg-5628 .modula-item .modula-item-content { transform: scale(1) }#jtg-5628 { width:100%;}#jtg-5628 .modula-items .figc p.description { font-size:14px; }#jtg-5628 .modula-items .figc p.description { color:#ffffff;}#jtg-5628.modula-gallery .modula-item > a, #jtg-5628.modula-gallery .modula-item, #jtg-5628.modula-gallery .modula-item-content > a { cursor:zoom-in; } @media screen and (max-width:480px){#jtg-5628 .modula-item .figc .jtg-title {  font-size: 12px; }#jtg-5628 .modula-items .figc p.description { color:#ffffff;font-size:10px; }}<\/style>\n<!-- Gallery Container -->\n<div  id=\"jtg-5628\" class=\"modula modula-gallery modula-columns\" data-config=\"{&quot;enableTwitter&quot;:false,&quot;enableWhatsapp&quot;:false,&quot;enableFacebook&quot;:false,&quot;enablePinterest&quot;:false,&quot;enableLinkedin&quot;:false,&quot;enableEmail&quot;:false,&quot;randomFactor&quot;:0.5,&quot;type&quot;:&quot;grid&quot;,&quot;columns&quot;:12,&quot;gutter&quot;:10,&quot;mobileGutter&quot;:10,&quot;tabletGutter&quot;:10,&quot;desktopGutter&quot;:10,&quot;enableResponsive&quot;:&quot;0&quot;,&quot;tabletColumns&quot;:&quot;2&quot;,&quot;mobileColumns&quot;:&quot;1&quot;,&quot;lazyLoad&quot;:&quot;0&quot;,&quot;lightboxOpts&quot;:{&quot;loop&quot;:false,&quot;arrows&quot;:true,&quot;toolbar&quot;:true,&quot;keyboard&quot;:false,&quot;wheel&quot;:false,&quot;buttons&quot;:[&quot;close&quot;],&quot;hash&quot;:false,&quot;lang&quot;:&quot;en&quot;,&quot;touch&quot;:false,&quot;protect&quot;:false,&quot;i18n&quot;:{&quot;en&quot;:{&quot;CLOSE&quot;:&quot;Close&quot;,&quot;NEXT&quot;:&quot;Next&quot;,&quot;PREV&quot;:&quot;Previous&quot;,&quot;Error&quot;:&quot;The requested content cannot be loaded. Please try again later.&quot;,&quot;PLAY_START&quot;:&quot;Start slideshow&quot;,&quot;PLAY_STOP&quot;:&quot;Pause slideshow&quot;,&quot;FULL_SCREEN&quot;:&quot;Full screen&quot;,&quot;THUMBS&quot;:&quot;Thumbnails&quot;,&quot;DOWNLOAD&quot;:&quot;Download&quot;,&quot;SHARE&quot;:&quot;Share&quot;,&quot;ZOOM&quot;:&quot;Zoom&quot;}},&quot;clickSlide&quot;:false,&quot;clickOutside&quot;:false,&quot;dblclickContent&quot;:false,&quot;dblclickSlide&quot;:false,&quot;dblclickOutside&quot;:false,&quot;clickContent&quot;:false,&quot;baseTpl&quot;:&quot;&lt;div class=\\&quot;modula-fancybox-container modula-lightbox-jtg-5628\\&quot; role=\\&quot;dialog\\&quot; tabindex=\\&quot;-1\\&quot;&gt;&lt;div class=\\&quot;modula-fancybox-bg\\&quot;&gt;&lt;\\\/div&gt;&lt;div class=\\&quot;modula-fancybox-inner\\&quot;&gt;&lt;div class=\\&quot;modula-fancybox-infobar\\&quot;&gt;&lt;span data-fancybox-index&gt;&lt;\\\/span&gt;&nbsp;\\\/&nbsp;&lt;span data-fancybox-count&gt;&lt;\\\/span&gt;&lt;\\\/div&gt;&lt;div class=\\&quot;modula-fancybox-toolbar\\&quot;&gt;{{buttons}}&lt;\\\/div&gt;&lt;div class=\\&quot;modula-fancybox-navigation\\&quot;&gt;{{arrows}}&lt;\\\/div&gt;&lt;div class=\\&quot;modula-fancybox-stage\\&quot;&gt;&lt;\\\/div&gt;&lt;div class=\\&quot;modula-fancybox-caption\\&quot;&gt;&lt;div class=\\&quot;modula-fancybox-caption__body\\&quot;&gt;&lt;\\\/div&gt;&lt;\\\/div&gt;&lt;\\\/div&gt;&lt;\\\/div&gt;&quot;},&quot;inView&quot;:false,&quot;email_subject&quot;:&quot;Check out this awesome image !!&quot;,&quot;email_message&quot;:&quot;Here is the link to the image : %%image_link%% and this is the link to the gallery : %%gallery_link%%&quot;,&quot;grid_type&quot;:&quot;automatic&quot;,&quot;rowHeight&quot;:150,&quot;lastRow&quot;:&quot;justify&quot;,&quot;lightbox&quot;:&quot;fancybox&quot;}\">\n\n\t\n\t<!-- Items Container -->\n\t<div  class=\"modula-items grid-gallery\">\n\t\t<div class=\"modula-item effect-pufrobo\" >\n\t<div class=\"modula-item-overlay\"><\/div>\n\n\t<div class=\"modula-item-content\">\n\n\t\t\t\t\n\t\t\t\t\t<a data-image-id=\"5634\" href=\"https:\/\/www.visitsoglianoalrubicone.it\/wp-content\/uploads\/2021\/08\/Visit-Sogliano-Scopri-Sogliano-Nel-Cuore-della-Natura-Parco-Anita-Garibaldi-3-rotated.jpeg\" rel=\"jtg-5628\" data-caption=\"\" class=\"tile-inner modula-item-link\"><\/a>\n\t\t\n\t\t<img class=\"pic\"  data-valign=\"middle\" data-halign=\"center\" alt=\"\" data-full=\"https:\/\/www.visitsoglianoalrubicone.it\/wp-content\/uploads\/2021\/08\/Visit-Sogliano-Scopri-Sogliano-Nel-Cuore-della-Natura-Parco-Anita-Garibaldi-3.jpeg\" title=\"Visit Sogliano - Scopri Sogliano - Nel Cuore della Natura - Parco Anita Garibaldi (3)\" width=\"768\" height=\"1024\" src=\"https:\/\/www.visitsoglianoalrubicone.it\/wp-content\/uploads\/2021\/08\/Visit-Sogliano-Scopri-Sogliano-Nel-Cuore-della-Natura-Parco-Anita-Garibaldi-3-768x1024.jpeg\" data-src=\"https:\/\/www.visitsoglianoalrubicone.it\/wp-content\/uploads\/2021\/08\/Visit-Sogliano-Scopri-Sogliano-Nel-Cuore-della-Natura-Parco-Anita-Garibaldi-3-768x1024.jpeg\" data-caption=\"\"srcset=\"https:\/\/www.visitsoglianoalrubicone.it\/wp-content\/uploads\/2021\/08\/Visit-Sogliano-Scopri-Sogliano-Nel-Cuore-della-Natura-Parco-Anita-Garibaldi-3-rotated-768x1024.jpeg 768w, https:\/\/www.visitsoglianoalrubicone.it\/wp-content\/uploads\/2021\/08\/Visit-Sogliano-Scopri-Sogliano-Nel-Cuore-della-Natura-Parco-Anita-Garibaldi-3-225x300.jpeg 225w, https:\/\/www.visitsoglianoalrubicone.it\/wp-content\/uploads\/2021\/08\/Visit-Sogliano-Scopri-Sogliano-Nel-Cuore-della-Natura-Parco-Anita-Garibaldi-3-1152x1536.jpeg 1152w, https:\/\/www.visitsoglianoalrubicone.it\/wp-content\/uploads\/2021\/08\/Visit-Sogliano-Scopri-Sogliano-Nel-Cuore-della-Natura-Parco-Anita-Garibaldi-3-rotated.jpeg 1512w\" sizes=\"(max-width: 768px) 100vw, 768px\"\" \/>\n\t\t<div class=\"figc no-description\">\n\t\t\t<div class=\"figc-inner\">\n\t\t\t\t\t\t\t\t\t\t\t\t\t\t\t<\/div>\n\t\t<\/div>\n\n\t<\/div>\n\n<\/div><div class=\"modula-item effect-pufrobo\" >\n\t<div class=\"modula-item-overlay\"><\/div>\n\n\t<div class=\"modula-item-content\">\n\n\t\t\t\t\n\t\t\t\t\t<a data-image-id=\"5635\" href=\"https:\/\/www.visitsoglianoalrubicone.it\/wp-content\/uploads\/2021\/08\/Visit-Sogliano-Scopri-Sogliano-Nel-Cuore-della-Natura-Parco-Anita-Garibaldi-4.jpeg\" rel=\"jtg-5628\" data-caption=\"\" class=\"tile-inner modula-item-link\"><\/a>\n\t\t\n\t\t<img class=\"pic\"  data-valign=\"middle\" data-halign=\"center\" alt=\"\" data-full=\"https:\/\/www.visitsoglianoalrubicone.it\/wp-content\/uploads\/2021\/08\/Visit-Sogliano-Scopri-Sogliano-Nel-Cuore-della-Natura-Parco-Anita-Garibaldi-4.jpeg\" title=\"Visit Sogliano - Scopri Sogliano - Nel Cuore della Natura - Parco Anita Garibaldi (4)\" width=\"1024\" height=\"768\" src=\"https:\/\/www.visitsoglianoalrubicone.it\/wp-content\/uploads\/2021\/08\/Visit-Sogliano-Scopri-Sogliano-Nel-Cuore-della-Natura-Parco-Anita-Garibaldi-4-1024x768.jpeg\" data-src=\"https:\/\/www.visitsoglianoalrubicone.it\/wp-content\/uploads\/2021\/08\/Visit-Sogliano-Scopri-Sogliano-Nel-Cuore-della-Natura-Parco-Anita-Garibaldi-4-1024x768.jpeg\" data-caption=\"\"srcset=\"https:\/\/www.visitsoglianoalrubicone.it\/wp-content\/uploads\/2021\/08\/Visit-Sogliano-Scopri-Sogliano-Nel-Cuore-della-Natura-Parco-Anita-Garibaldi-4-1024x768.jpeg 1024w, https:\/\/www.visitsoglianoalrubicone.it\/wp-content\/uploads\/2021\/08\/Visit-Sogliano-Scopri-Sogliano-Nel-Cuore-della-Natura-Parco-Anita-Garibaldi-4-300x225.jpeg 300w, https:\/\/www.visitsoglianoalrubicone.it\/wp-content\/uploads\/2021\/08\/Visit-Sogliano-Scopri-Sogliano-Nel-Cuore-della-Natura-Parco-Anita-Garibaldi-4-768x576.jpeg 768w, https:\/\/www.visitsoglianoalrubicone.it\/wp-content\/uploads\/2021\/08\/Visit-Sogliano-Scopri-Sogliano-Nel-Cuore-della-Natura-Parco-Anita-Garibaldi-4-1536x1152.jpeg 1536w, https:\/\/www.visitsoglianoalrubicone.it\/wp-content\/uploads\/2021\/08\/Visit-Sogliano-Scopri-Sogliano-Nel-Cuore-della-Natura-Parco-Anita-Garibaldi-4.jpeg 2016w\" sizes=\"(max-width: 1024px) 100vw, 1024px\"\" \/>\n\t\t<div class=\"figc no-description\">\n\t\t\t<div class=\"figc-inner\">\n\t\t\t\t\t\t\t\t\t\t\t\t\t\t\t<\/div>\n\t\t<\/div>\n\n\t<\/div>\n\n<\/div><div class=\"modula-item effect-pufrobo\" >\n\t<div class=\"modula-item-overlay\"><\/div>\n\n\t<div class=\"modula-item-content\">\n\n\t\t\t\t\n\t\t\t\t\t<a data-image-id=\"5636\" href=\"https:\/\/www.visitsoglianoalrubicone.it\/wp-content\/uploads\/2021\/08\/Visit-Sogliano-Scopri-Sogliano-Nel-Cuore-della-Natura-Parco-Anita-Garibaldi-5.jpeg\" rel=\"jtg-5628\" data-caption=\"\" class=\"tile-inner modula-item-link\"><\/a>\n\t\t\n\t\t<img class=\"pic\"  data-valign=\"middle\" data-halign=\"center\" alt=\"\" data-full=\"https:\/\/www.visitsoglianoalrubicone.it\/wp-content\/uploads\/2021\/08\/Visit-Sogliano-Scopri-Sogliano-Nel-Cuore-della-Natura-Parco-Anita-Garibaldi-5.jpeg\" title=\"Visit Sogliano - Scopri Sogliano - Nel Cuore della Natura - Parco Anita Garibaldi (5)\" width=\"1024\" height=\"768\" src=\"https:\/\/www.visitsoglianoalrubicone.it\/wp-content\/uploads\/2021\/08\/Visit-Sogliano-Scopri-Sogliano-Nel-Cuore-della-Natura-Parco-Anita-Garibaldi-5-1024x768.jpeg\" data-src=\"https:\/\/www.visitsoglianoalrubicone.it\/wp-content\/uploads\/2021\/08\/Visit-Sogliano-Scopri-Sogliano-Nel-Cuore-della-Natura-Parco-Anita-Garibaldi-5-1024x768.jpeg\" data-caption=\"\"srcset=\"https:\/\/www.visitsoglianoalrubicone.it\/wp-content\/uploads\/2021\/08\/Visit-Sogliano-Scopri-Sogliano-Nel-Cuore-della-Natura-Parco-Anita-Garibaldi-5-1024x768.jpeg 1024w, https:\/\/www.visitsoglianoalrubicone.it\/wp-content\/uploads\/2021\/08\/Visit-Sogliano-Scopri-Sogliano-Nel-Cuore-della-Natura-Parco-Anita-Garibaldi-5-300x225.jpeg 300w, https:\/\/www.visitsoglianoalrubicone.it\/wp-content\/uploads\/2021\/08\/Visit-Sogliano-Scopri-Sogliano-Nel-Cuore-della-Natura-Parco-Anita-Garibaldi-5-768x576.jpeg 768w, https:\/\/www.visitsoglianoalrubicone.it\/wp-content\/uploads\/2021\/08\/Visit-Sogliano-Scopri-Sogliano-Nel-Cuore-della-Natura-Parco-Anita-Garibaldi-5-1536x1152.jpeg 1536w, https:\/\/www.visitsoglianoalrubicone.it\/wp-content\/uploads\/2021\/08\/Visit-Sogliano-Scopri-Sogliano-Nel-Cuore-della-Natura-Parco-Anita-Garibaldi-5.jpeg 2016w\" sizes=\"(max-width: 1024px) 100vw, 1024px\"\" \/>\n\t\t<div class=\"figc no-description\">\n\t\t\t<div class=\"figc-inner\">\n\t\t\t\t\t\t\t\t\t\t\t\t\t\t\t<\/div>\n\t\t<\/div>\n\n\t<\/div>\n\n<\/div><div class=\"modula-item effect-pufrobo\" >\n\t<div class=\"modula-item-overlay\"><\/div>\n\n\t<div class=\"modula-item-content\">\n\n\t\t\t\t\n\t\t\t\t\t<a data-image-id=\"5633\" href=\"https:\/\/www.visitsoglianoalrubicone.it\/wp-content\/uploads\/2021\/08\/Visit-Sogliano-Scopri-Sogliano-Nel-Cuore-della-Natura-Parco-Anita-Garibaldi-2.jpeg\" rel=\"jtg-5628\" data-caption=\"\" class=\"tile-inner modula-item-link\"><\/a>\n\t\t\n\t\t<img class=\"pic\"  data-valign=\"middle\" data-halign=\"center\" alt=\"\" data-full=\"https:\/\/www.visitsoglianoalrubicone.it\/wp-content\/uploads\/2021\/08\/Visit-Sogliano-Scopri-Sogliano-Nel-Cuore-della-Natura-Parco-Anita-Garibaldi-2.jpeg\" title=\"Visit Sogliano - Scopri Sogliano - Nel Cuore della Natura - Parco Anita Garibaldi (2)\" width=\"1024\" height=\"768\" src=\"https:\/\/www.visitsoglianoalrubicone.it\/wp-content\/uploads\/2021\/08\/Visit-Sogliano-Scopri-Sogliano-Nel-Cuore-della-Natura-Parco-Anita-Garibaldi-2-1024x768.jpeg\" data-src=\"https:\/\/www.visitsoglianoalrubicone.it\/wp-content\/uploads\/2021\/08\/Visit-Sogliano-Scopri-Sogliano-Nel-Cuore-della-Natura-Parco-Anita-Garibaldi-2-1024x768.jpeg\" data-caption=\"\"srcset=\"https:\/\/www.visitsoglianoalrubicone.it\/wp-content\/uploads\/2021\/08\/Visit-Sogliano-Scopri-Sogliano-Nel-Cuore-della-Natura-Parco-Anita-Garibaldi-2-1024x768.jpeg 1024w, https:\/\/www.visitsoglianoalrubicone.it\/wp-content\/uploads\/2021\/08\/Visit-Sogliano-Scopri-Sogliano-Nel-Cuore-della-Natura-Parco-Anita-Garibaldi-2-300x225.jpeg 300w, https:\/\/www.visitsoglianoalrubicone.it\/wp-content\/uploads\/2021\/08\/Visit-Sogliano-Scopri-Sogliano-Nel-Cuore-della-Natura-Parco-Anita-Garibaldi-2-768x576.jpeg 768w, https:\/\/www.visitsoglianoalrubicone.it\/wp-content\/uploads\/2021\/08\/Visit-Sogliano-Scopri-Sogliano-Nel-Cuore-della-Natura-Parco-Anita-Garibaldi-2-1536x1152.jpeg 1536w, https:\/\/www.visitsoglianoalrubicone.it\/wp-content\/uploads\/2021\/08\/Visit-Sogliano-Scopri-Sogliano-Nel-Cuore-della-Natura-Parco-Anita-Garibaldi-2.jpeg 2016w\" sizes=\"(max-width: 1024px) 100vw, 1024px\"\" \/>\n\t\t<div class=\"figc no-description\">\n\t\t\t<div class=\"figc-inner\">\n\t\t\t\t\t\t\t\t\t\t\t\t\t\t\t<\/div>\n\t\t<\/div>\n\n\t<\/div>\n\n<\/div><div class=\"modula-item effect-pufrobo\" >\n\t<div class=\"modula-item-overlay\"><\/div>\n\n\t<div class=\"modula-item-content\">\n\n\t\t\t\t\n\t\t\t\t\t<a data-image-id=\"5632\" href=\"https:\/\/www.visitsoglianoalrubicone.it\/wp-content\/uploads\/2021\/08\/Visit-Sogliano-Scopri-Sogliano-Nel-Cuore-della-Natura-Parco-Anita-Garibaldi-1.jpeg\" rel=\"jtg-5628\" data-caption=\"\" class=\"tile-inner modula-item-link\"><\/a>\n\t\t\n\t\t<img class=\"pic\"  data-valign=\"middle\" data-halign=\"center\" alt=\"\" data-full=\"https:\/\/www.visitsoglianoalrubicone.it\/wp-content\/uploads\/2021\/08\/Visit-Sogliano-Scopri-Sogliano-Nel-Cuore-della-Natura-Parco-Anita-Garibaldi-1.jpeg\" title=\"Visit Sogliano - Scopri Sogliano - Nel Cuore della Natura - Parco Anita Garibaldi (1)\" width=\"1024\" height=\"768\" src=\"https:\/\/www.visitsoglianoalrubicone.it\/wp-content\/uploads\/2021\/08\/Visit-Sogliano-Scopri-Sogliano-Nel-Cuore-della-Natura-Parco-Anita-Garibaldi-1-1024x768.jpeg\" data-src=\"https:\/\/www.visitsoglianoalrubicone.it\/wp-content\/uploads\/2021\/08\/Visit-Sogliano-Scopri-Sogliano-Nel-Cuore-della-Natura-Parco-Anita-Garibaldi-1-1024x768.jpeg\" data-caption=\"\"srcset=\"https:\/\/www.visitsoglianoalrubicone.it\/wp-content\/uploads\/2021\/08\/Visit-Sogliano-Scopri-Sogliano-Nel-Cuore-della-Natura-Parco-Anita-Garibaldi-1-1024x768.jpeg 1024w, https:\/\/www.visitsoglianoalrubicone.it\/wp-content\/uploads\/2021\/08\/Visit-Sogliano-Scopri-Sogliano-Nel-Cuore-della-Natura-Parco-Anita-Garibaldi-1-300x225.jpeg 300w, https:\/\/www.visitsoglianoalrubicone.it\/wp-content\/uploads\/2021\/08\/Visit-Sogliano-Scopri-Sogliano-Nel-Cuore-della-Natura-Parco-Anita-Garibaldi-1-768x576.jpeg 768w, https:\/\/www.visitsoglianoalrubicone.it\/wp-content\/uploads\/2021\/08\/Visit-Sogliano-Scopri-Sogliano-Nel-Cuore-della-Natura-Parco-Anita-Garibaldi-1-1536x1152.jpeg 1536w, https:\/\/www.visitsoglianoalrubicone.it\/wp-content\/uploads\/2021\/08\/Visit-Sogliano-Scopri-Sogliano-Nel-Cuore-della-Natura-Parco-Anita-Garibaldi-1.jpeg 2016w\" sizes=\"(max-width: 1024px) 100vw, 1024px\"\" \/>\n\t\t<div class=\"figc no-description\">\n\t\t\t<div class=\"figc-inner\">\n\t\t\t\t\t\t\t\t\t\t\t\t\t\t\t<\/div>\n\t\t<\/div>\n\n\t<\/div>\n\n<\/div>\t\t\n\t<\/div>\n\n\t\n\t\n\t<script type=\"application\/ld+json\">\n\t{\n\t\t\"@context\": \"http:\/\/schema.org\",\n\t\t\"@type\"   : \"ImageGallery\",\n\t\t\"id\"      : \"https:\/\/www.visitsoglianoalrubicone.it\/fr\/wp-json\/wp\/v2\/pages\/16790\/\",\n\t\t\"url\"     : \"https:\/\/www.visitsoglianoalrubicone.it\/fr\/wp-json\/wp\/v2\/pages\/16790\/\"\n\t}\n\n    <\/script>\n\n\t\n<\/div>[\/vc_column_text][vc_empty_space height=\u00a0\u00bb50px\u00a0\u00bb][\/vc_column_inner][\/vc_row_inner][\/vc_column][\/vc_row]<\/p>\n","protected":false},"excerpt":{"rendered":"<p>[vc_row full_width=\u00a0\u00bbstretch_row_content_no_spaces\u00a0\u00bb][vc_column][vc_single_image image=\u00a0\u00bb16792&Prime; img_size=\u00a0\u00bb1920 x 450&Prime; alignment=\u00a0\u00bbcenter\u00a0\u00bb el_class=\u00a0\u00bbinfotronik_banner_pagina\u00a0\u00bb][vc_empty_space height=\u00a0\u00bb20px\u00a0\u00bb][vc_row_inner][vc_column_inner][vc_column_text]Le parc, qui porte le nom d&rsquo;Anita Garibaldi, h\u00e9ro\u00efne et \u00e9pouse du g\u00e9n\u00e9ral,&#8230;<\/p>\n","protected":false},"author":1,"featured_media":16793,"parent":16901,"menu_order":0,"comment_status":"closed","ping_status":"closed","template":"","meta":{"loftloader_page_shortcode":""},"_links":{"self":[{"href":"https:\/\/www.visitsoglianoalrubicone.it\/fr\/wp-json\/wp\/v2\/pages\/16790"}],"collection":[{"href":"https:\/\/www.visitsoglianoalrubicone.it\/fr\/wp-json\/wp\/v2\/pages"}],"about":[{"href":"https:\/\/www.visitsoglianoalrubicone.it\/fr\/wp-json\/wp\/v2\/types\/page"}],"author":[{"embeddable":true,"href":"https:\/\/www.visitsoglianoalrubicone.it\/fr\/wp-json\/wp\/v2\/users\/1"}],"replies":[{"embeddable":true,"href":"https:\/\/www.visitsoglianoalrubicone.it\/fr\/wp-json\/wp\/v2\/comments?post=16790"}],"version-history":[{"count":11,"href":"https:\/\/www.visitsoglianoalrubicone.it\/fr\/wp-json\/wp\/v2\/pages\/16790\/revisions"}],"predecessor-version":[{"id":16855,"href":"https:\/\/www.visitsoglianoalrubicone.it\/fr\/wp-json\/wp\/v2\/pages\/16790\/revisions\/16855"}],"up":[{"embeddable":true,"href":"https:\/\/www.visitsoglianoalrubicone.it\/fr\/wp-json\/wp\/v2\/pages\/16901"}],"wp:featuredmedia":[{"embeddable":true,"href":"https:\/\/www.visitsoglianoalrubicone.it\/fr\/wp-json\/wp\/v2\/media\/16793"}],"wp:attachment":[{"href":"https:\/\/www.visitsoglianoalrubicone.it\/fr\/wp-json\/wp\/v2\/media?parent=16790"}],"curies":[{"name":"wp","href":"https:\/\/api.w.org\/{rel}","templated":true}]}}