{"id":16901,"date":"2021-07-25T11:36:52","date_gmt":"2021-07-25T11:36:52","guid":{"rendered":"https:\/\/www.visitsoglianoalrubicone.it\/parcs-et-terrains-de-jeux\/"},"modified":"2024-12-06T10:11:44","modified_gmt":"2024-12-06T10:11:44","slug":"parcs-et-terrains-de-jeux","status":"publish","type":"page","link":"https:\/\/www.visitsoglianoalrubicone.it\/fr\/decouvrez-sogliano\/au-coeur-de-la-nature\/parcs-et-terrains-de-jeux\/","title":{"rendered":"Parcs et terrains de jeux"},"content":{"rendered":"<p>[vc_row full_width=\u00a0\u00bbstretch_row_content_no_spaces\u00a0\u00bb][vc_column][vc_single_image image=\u00a0\u00bb16911&Prime; img_size=\u00a0\u00bb1920 x 450&Prime; alignment=\u00a0\u00bbcenter\u00a0\u00bb el_class=\u00a0\u00bbinfotronik_banner_pagina\u00a0\u00bb]\n\t\t\t<section class=\"do-normal-page-title-section\">\n\t\t\t\t<div class=\"container\">\n\t\t\t\t\t<div class=\"row uppercase\">\n\t\t\t\n\t\t\t\t\t\t<div class=\"do-page-title-wrapper\">\n\t\t\t\t\t\t\t<div class=\"do-default-page-title col-md-7 col-sm-7 col-xs-12\">\n\t\t\t\t\t\t\t\t<h2 info=20 class=\"infotronik_page_title_big\">Parchi ed Aree Gioco<\/h2>\n\t\t\t\t\t\t\t\t<p><\/p>\n\t\t\t\t\t\t\t<\/div>\n\t\t\t\n\t\t\t\t\t\t\t<div class=\"do-breadcumb\"><ul><li><a class=\"infotronik_breadcrumb_cut\" href=\"https:\/\/www.visitsoglianoalrubicone.it\/fr\/decouvrez-sogliano\/\">D\u00c9COUVREZ SOGLIANO<\/a><\/li><li><a class=\"infotronik_breadcrumb_cut\" href=\"https:\/\/www.visitsoglianoalrubicone.it\/fr\/decouvrez-sogliano\/au-coeur-de-la-nature\/\">Au c\u0153ur de la nature<\/a><\/li><\/ul><\/div>\n\t\t\t\t\t\t<\/div>\n\t\t\t\n\t\t\t\t\t<\/div>\n\t\t\t\t<\/div>\n\t\t\t<\/section>\n\t\t[vc_empty_space height=\u00a0\u00bb20px\u00a0\u00bb][vc_row_inner][vc_column_inner][vc_column_text]<span style=\"font-weight: 400;\">Des lieux dans la nature d\u00e9di\u00e9s \u00e0 la d\u00e9tente avec des attractions pour les enfants !  <\/span>[\/vc_column_text][vc_empty_space][vc_column_text]<div class=\"pt-cv-wrapper\"><div class=\"pt-cv-view pt-cv-grid pt-cv-colsys\" id=\"pt-cv-view-da44e0f96z\"><div data-id=\"pt-cv-page-1\" class=\"pt-cv-page\" data-cvc=\"4\"><div class=\"col-md-3 col-sm-6 col-xs-12 pt-cv-content-item pt-cv-1-col\" ><div class='pt-cv-ifield'><a href=\"https:\/\/www.visitsoglianoalrubicone.it\/fr\/decouvrez-sogliano\/au-coeur-de-la-nature\/parc-s-donato-et-concavite-leonardo-da-vinci-vignola\/\" class=\"_self pt-cv-href-thumbnail pt-cv-thumb-default\" target=\"_self\" ><img width=\"1024\" height=\"768\" src=\"https:\/\/www.visitsoglianoalrubicone.it\/wp-content\/uploads\/2021\/08\/Scopri-Sogliano-Nel-Cuore-della-Natura-Parco-San-Donato-18-scaled-1.jpg\" class=\"pt-cv-thumbnail\" alt=\"\" loading=\"lazy\" srcset=\"https:\/\/www.visitsoglianoalrubicone.it\/wp-content\/uploads\/2021\/08\/Scopri-Sogliano-Nel-Cuore-della-Natura-Parco-San-Donato-18-scaled-1.jpg 1024w, https:\/\/www.visitsoglianoalrubicone.it\/wp-content\/uploads\/2021\/08\/Scopri-Sogliano-Nel-Cuore-della-Natura-Parco-San-Donato-18-scaled-1-300x225.jpg 300w, https:\/\/www.visitsoglianoalrubicone.it\/wp-content\/uploads\/2021\/08\/Scopri-Sogliano-Nel-Cuore-della-Natura-Parco-San-Donato-18-scaled-1-768x576.jpg 768w\" sizes=\"(max-width: 1024px) 100vw, 1024px\" \/><\/a>\n<h6 class=\"pt-cv-title\"><a href=\"https:\/\/www.visitsoglianoalrubicone.it\/fr\/decouvrez-sogliano\/au-coeur-de-la-nature\/parc-s-donato-et-concavite-leonardo-da-vinci-vignola\/\" class=\"_self\" target=\"_self\" >Parc S. Donato et concavit\u00e9 Leonardo da Vinci &#8211; Vignola<\/a><\/h6><\/div><\/div>\n<div class=\"col-md-3 col-sm-6 col-xs-12 pt-cv-content-item pt-cv-1-col\" ><div class='pt-cv-ifield'><a href=\"https:\/\/www.visitsoglianoalrubicone.it\/fr\/decouvrez-sogliano\/au-coeur-de-la-nature\/parcs-et-terrains-de-jeux\/parc-de-la-paix-sogliano\/\" class=\"_self pt-cv-href-thumbnail pt-cv-thumb-default\" target=\"_self\" ><img width=\"1024\" height=\"768\" src=\"https:\/\/www.visitsoglianoalrubicone.it\/wp-content\/uploads\/2021\/08\/Visit-Sogliano-Scopri-Sogliano-Nel-Cuore-della-Natura-Parco-della-Pace-Banner-Resized.jpg\" class=\"pt-cv-thumbnail\" alt=\"\" loading=\"lazy\" srcset=\"https:\/\/www.visitsoglianoalrubicone.it\/wp-content\/uploads\/2021\/08\/Visit-Sogliano-Scopri-Sogliano-Nel-Cuore-della-Natura-Parco-della-Pace-Banner-Resized.jpg 1024w, https:\/\/www.visitsoglianoalrubicone.it\/wp-content\/uploads\/2021\/08\/Visit-Sogliano-Scopri-Sogliano-Nel-Cuore-della-Natura-Parco-della-Pace-Banner-Resized-300x225.jpg 300w, https:\/\/www.visitsoglianoalrubicone.it\/wp-content\/uploads\/2021\/08\/Visit-Sogliano-Scopri-Sogliano-Nel-Cuore-della-Natura-Parco-della-Pace-Banner-Resized-768x576.jpg 768w\" sizes=\"(max-width: 1024px) 100vw, 1024px\" \/><\/a>\n<h6 class=\"pt-cv-title\"><a href=\"https:\/\/www.visitsoglianoalrubicone.it\/fr\/decouvrez-sogliano\/au-coeur-de-la-nature\/parcs-et-terrains-de-jeux\/parc-de-la-paix-sogliano\/\" class=\"_self\" target=\"_self\" >Parc de la Paix &#8211; Sogliano<\/a><\/h6><\/div><\/div>\n<div class=\"col-md-3 col-sm-6 col-xs-12 pt-cv-content-item pt-cv-1-col\" ><div class='pt-cv-ifield'><a href=\"https:\/\/www.visitsoglianoalrubicone.it\/fr\/decouvrez-sogliano\/au-coeur-de-la-nature\/parcs-et-terrains-de-jeux\/parc-falcone-borsellino-sogliano\/\" class=\"_self pt-cv-href-thumbnail pt-cv-thumb-default\" target=\"_self\" ><img width=\"1024\" height=\"768\" src=\"https:\/\/www.visitsoglianoalrubicone.it\/wp-content\/uploads\/2021\/08\/Visit-Sogliano-Scopri-Sogliano-Nel-Cuore-della-Natura-Parco-Falcone-Borsellino-Banner-Resized.jpg\" class=\"pt-cv-thumbnail\" alt=\"\" loading=\"lazy\" srcset=\"https:\/\/www.visitsoglianoalrubicone.it\/wp-content\/uploads\/2021\/08\/Visit-Sogliano-Scopri-Sogliano-Nel-Cuore-della-Natura-Parco-Falcone-Borsellino-Banner-Resized.jpg 1024w, https:\/\/www.visitsoglianoalrubicone.it\/wp-content\/uploads\/2021\/08\/Visit-Sogliano-Scopri-Sogliano-Nel-Cuore-della-Natura-Parco-Falcone-Borsellino-Banner-Resized-300x225.jpg 300w, https:\/\/www.visitsoglianoalrubicone.it\/wp-content\/uploads\/2021\/08\/Visit-Sogliano-Scopri-Sogliano-Nel-Cuore-della-Natura-Parco-Falcone-Borsellino-Banner-Resized-768x576.jpg 768w\" sizes=\"(max-width: 1024px) 100vw, 1024px\" \/><\/a>\n<h6 class=\"pt-cv-title\"><a href=\"https:\/\/www.visitsoglianoalrubicone.it\/fr\/decouvrez-sogliano\/au-coeur-de-la-nature\/parcs-et-terrains-de-jeux\/parc-falcone-borsellino-sogliano\/\" class=\"_self\" target=\"_self\" >Parc Falcone Borsellino &#8211; Sogliano<\/a><\/h6><\/div><\/div>\n<div class=\"col-md-3 col-sm-6 col-xs-12 pt-cv-content-item pt-cv-1-col\" ><div class='pt-cv-ifield'><a href=\"https:\/\/www.visitsoglianoalrubicone.it\/fr\/decouvrez-sogliano\/au-coeur-de-la-nature\/parcs-et-terrains-de-jeux\/parc-de-la-greppe-sogliano\/\" class=\"_self pt-cv-href-thumbnail pt-cv-thumb-default\" target=\"_self\" ><img width=\"1024\" height=\"768\" src=\"https:\/\/www.visitsoglianoalrubicone.it\/wp-content\/uploads\/2021\/08\/Visit-Sogliano-Scopri-Sogliano-Nel-Cuore-della-Natura-Parco-le-Greppe-Banner-Resized.jpg\" class=\"pt-cv-thumbnail\" alt=\"\" loading=\"lazy\" srcset=\"https:\/\/www.visitsoglianoalrubicone.it\/wp-content\/uploads\/2021\/08\/Visit-Sogliano-Scopri-Sogliano-Nel-Cuore-della-Natura-Parco-le-Greppe-Banner-Resized.jpg 1024w, https:\/\/www.visitsoglianoalrubicone.it\/wp-content\/uploads\/2021\/08\/Visit-Sogliano-Scopri-Sogliano-Nel-Cuore-della-Natura-Parco-le-Greppe-Banner-Resized-300x225.jpg 300w, https:\/\/www.visitsoglianoalrubicone.it\/wp-content\/uploads\/2021\/08\/Visit-Sogliano-Scopri-Sogliano-Nel-Cuore-della-Natura-Parco-le-Greppe-Banner-Resized-768x576.jpg 768w\" sizes=\"(max-width: 1024px) 100vw, 1024px\" \/><\/a>\n<h6 class=\"pt-cv-title\"><a href=\"https:\/\/www.visitsoglianoalrubicone.it\/fr\/decouvrez-sogliano\/au-coeur-de-la-nature\/parcs-et-terrains-de-jeux\/parc-de-la-greppe-sogliano\/\" class=\"_self\" target=\"_self\" >Parc de la Greppe &#8211; Sogliano<\/a><\/h6><\/div><\/div>\n<div class=\"col-md-3 col-sm-6 col-xs-12 pt-cv-content-item pt-cv-1-col\" ><div class='pt-cv-ifield'><a href=\"https:\/\/www.visitsoglianoalrubicone.it\/fr\/decouvrez-sogliano\/au-coeur-de-la-nature\/parcs-et-terrains-de-jeux\/parc-ponte-uso\/\" class=\"_self pt-cv-href-thumbnail pt-cv-thumb-default\" target=\"_self\" ><img width=\"1024\" height=\"768\" src=\"https:\/\/www.visitsoglianoalrubicone.it\/wp-content\/uploads\/2021\/08\/Visit-Sogliano-Scopri-Sogliano-Nel-Cuore-della-Natura-Parco-Ponte-Uso-Banner-Resized.jpg\" class=\"pt-cv-thumbnail\" alt=\"\" loading=\"lazy\" srcset=\"https:\/\/www.visitsoglianoalrubicone.it\/wp-content\/uploads\/2021\/08\/Visit-Sogliano-Scopri-Sogliano-Nel-Cuore-della-Natura-Parco-Ponte-Uso-Banner-Resized.jpg 1024w, https:\/\/www.visitsoglianoalrubicone.it\/wp-content\/uploads\/2021\/08\/Visit-Sogliano-Scopri-Sogliano-Nel-Cuore-della-Natura-Parco-Ponte-Uso-Banner-Resized-300x225.jpg 300w, https:\/\/www.visitsoglianoalrubicone.it\/wp-content\/uploads\/2021\/08\/Visit-Sogliano-Scopri-Sogliano-Nel-Cuore-della-Natura-Parco-Ponte-Uso-Banner-Resized-768x576.jpg 768w\" sizes=\"(max-width: 1024px) 100vw, 1024px\" \/><\/a>\n<h6 class=\"pt-cv-title\"><a href=\"https:\/\/www.visitsoglianoalrubicone.it\/fr\/decouvrez-sogliano\/au-coeur-de-la-nature\/parcs-et-terrains-de-jeux\/parc-ponte-uso\/\" class=\"_self\" target=\"_self\" >Parc Ponte Uso<\/a><\/h6><\/div><\/div>\n<div class=\"col-md-3 col-sm-6 col-xs-12 pt-cv-content-item pt-cv-1-col\" ><div class='pt-cv-ifield'><a href=\"https:\/\/www.visitsoglianoalrubicone.it\/fr\/decouvrez-sogliano\/au-coeur-de-la-nature\/parcs-et-terrains-de-jeux\/parc-bivio-montegelli\/\" class=\"_self pt-cv-href-thumbnail pt-cv-thumb-default\" target=\"_self\" ><img width=\"1024\" height=\"768\" src=\"https:\/\/www.visitsoglianoalrubicone.it\/wp-content\/uploads\/2021\/08\/Visit-Sogliano-Scopri-Sogliano-Nel-Cuore-della-Natura-Parco-Bivio-Montegelli-Banner-Resized.jpg\" class=\"pt-cv-thumbnail\" alt=\"\" loading=\"lazy\" srcset=\"https:\/\/www.visitsoglianoalrubicone.it\/wp-content\/uploads\/2021\/08\/Visit-Sogliano-Scopri-Sogliano-Nel-Cuore-della-Natura-Parco-Bivio-Montegelli-Banner-Resized.jpg 1024w, https:\/\/www.visitsoglianoalrubicone.it\/wp-content\/uploads\/2021\/08\/Visit-Sogliano-Scopri-Sogliano-Nel-Cuore-della-Natura-Parco-Bivio-Montegelli-Banner-Resized-300x225.jpg 300w, https:\/\/www.visitsoglianoalrubicone.it\/wp-content\/uploads\/2021\/08\/Visit-Sogliano-Scopri-Sogliano-Nel-Cuore-della-Natura-Parco-Bivio-Montegelli-Banner-Resized-768x576.jpg 768w\" sizes=\"(max-width: 1024px) 100vw, 1024px\" \/><\/a>\n<h6 class=\"pt-cv-title\"><a href=\"https:\/\/www.visitsoglianoalrubicone.it\/fr\/decouvrez-sogliano\/au-coeur-de-la-nature\/parcs-et-terrains-de-jeux\/parc-bivio-montegelli\/\" class=\"_self\" target=\"_self\" >Parc Bivio Montegelli<\/a><\/h6><\/div><\/div>\n<div class=\"col-md-3 col-sm-6 col-xs-12 pt-cv-content-item pt-cv-1-col\" ><div class='pt-cv-ifield'><a href=\"https:\/\/www.visitsoglianoalrubicone.it\/fr\/decouvrez-sogliano\/au-coeur-de-la-nature\/parcs-et-terrains-de-jeux\/aire-de-jeux-de-strigara\/\" class=\"_self pt-cv-href-thumbnail pt-cv-thumb-default\" target=\"_self\" ><img width=\"1024\" height=\"768\" src=\"https:\/\/www.visitsoglianoalrubicone.it\/wp-content\/uploads\/2021\/08\/Visit-Sogliano-Scopri-Sogliano-Nel-Cuore-della-Natura-Parco-Giochi-Strigara-Banner-Resized.jpg\" class=\"pt-cv-thumbnail\" alt=\"\" loading=\"lazy\" srcset=\"https:\/\/www.visitsoglianoalrubicone.it\/wp-content\/uploads\/2021\/08\/Visit-Sogliano-Scopri-Sogliano-Nel-Cuore-della-Natura-Parco-Giochi-Strigara-Banner-Resized.jpg 1024w, https:\/\/www.visitsoglianoalrubicone.it\/wp-content\/uploads\/2021\/08\/Visit-Sogliano-Scopri-Sogliano-Nel-Cuore-della-Natura-Parco-Giochi-Strigara-Banner-Resized-300x225.jpg 300w, https:\/\/www.visitsoglianoalrubicone.it\/wp-content\/uploads\/2021\/08\/Visit-Sogliano-Scopri-Sogliano-Nel-Cuore-della-Natura-Parco-Giochi-Strigara-Banner-Resized-768x576.jpg 768w\" sizes=\"(max-width: 1024px) 100vw, 1024px\" \/><\/a>\n<h6 class=\"pt-cv-title\"><a href=\"https:\/\/www.visitsoglianoalrubicone.it\/fr\/decouvrez-sogliano\/au-coeur-de-la-nature\/parcs-et-terrains-de-jeux\/aire-de-jeux-de-strigara\/\" class=\"_self\" target=\"_self\" >Aire de jeux de Strigara<\/a><\/h6><\/div><\/div>\n<div class=\"col-md-3 col-sm-6 col-xs-12 pt-cv-content-item pt-cv-1-col\" ><div class='pt-cv-ifield'><a href=\"https:\/\/www.visitsoglianoalrubicone.it\/fr\/decouvrez-sogliano\/au-coeur-de-la-nature\/parcs-et-terrains-de-jeux\/aire-de-jeux-montegelli\/\" class=\"_self pt-cv-href-thumbnail pt-cv-thumb-default\" target=\"_self\" ><img width=\"1024\" height=\"768\" src=\"https:\/\/www.visitsoglianoalrubicone.it\/wp-content\/uploads\/2021\/08\/Visit-Sogliano-Scopri-Sogliano-Nel-Cuore-della-Natura-Area-Giochi-Montegelli-Banner-Resized.jpg\" class=\"pt-cv-thumbnail\" alt=\"\" loading=\"lazy\" srcset=\"https:\/\/www.visitsoglianoalrubicone.it\/wp-content\/uploads\/2021\/08\/Visit-Sogliano-Scopri-Sogliano-Nel-Cuore-della-Natura-Area-Giochi-Montegelli-Banner-Resized.jpg 1024w, https:\/\/www.visitsoglianoalrubicone.it\/wp-content\/uploads\/2021\/08\/Visit-Sogliano-Scopri-Sogliano-Nel-Cuore-della-Natura-Area-Giochi-Montegelli-Banner-Resized-300x225.jpg 300w, https:\/\/www.visitsoglianoalrubicone.it\/wp-content\/uploads\/2021\/08\/Visit-Sogliano-Scopri-Sogliano-Nel-Cuore-della-Natura-Area-Giochi-Montegelli-Banner-Resized-768x576.jpg 768w\" sizes=\"(max-width: 1024px) 100vw, 1024px\" \/><\/a>\n<h6 class=\"pt-cv-title\"><a href=\"https:\/\/www.visitsoglianoalrubicone.it\/fr\/decouvrez-sogliano\/au-coeur-de-la-nature\/parcs-et-terrains-de-jeux\/aire-de-jeux-montegelli\/\" class=\"_self\" target=\"_self\" >Aire de jeux Montegelli<\/a><\/h6><\/div><\/div>\n<div class=\"col-md-3 col-sm-6 col-xs-12 pt-cv-content-item pt-cv-1-col\" ><div class='pt-cv-ifield'><a href=\"https:\/\/www.visitsoglianoalrubicone.it\/fr\/decouvrez-sogliano\/au-coeur-de-la-nature\/parcs-et-terrains-de-jeux\/aire-de-jeux-de-rontagnano\/\" class=\"_self pt-cv-href-thumbnail pt-cv-thumb-default\" target=\"_self\" ><img width=\"1024\" height=\"768\" src=\"https:\/\/www.visitsoglianoalrubicone.it\/wp-content\/uploads\/2021\/08\/Visit-Sogliano-Scopri-Sogliano-Nel-Cuore-della-Natura-Area-Giochi-Rontagnano-Banner-Resized.jpg\" class=\"pt-cv-thumbnail\" alt=\"\" loading=\"lazy\" srcset=\"https:\/\/www.visitsoglianoalrubicone.it\/wp-content\/uploads\/2021\/08\/Visit-Sogliano-Scopri-Sogliano-Nel-Cuore-della-Natura-Area-Giochi-Rontagnano-Banner-Resized.jpg 1024w, https:\/\/www.visitsoglianoalrubicone.it\/wp-content\/uploads\/2021\/08\/Visit-Sogliano-Scopri-Sogliano-Nel-Cuore-della-Natura-Area-Giochi-Rontagnano-Banner-Resized-300x225.jpg 300w, https:\/\/www.visitsoglianoalrubicone.it\/wp-content\/uploads\/2021\/08\/Visit-Sogliano-Scopri-Sogliano-Nel-Cuore-della-Natura-Area-Giochi-Rontagnano-Banner-Resized-768x576.jpg 768w\" sizes=\"(max-width: 1024px) 100vw, 1024px\" \/><\/a>\n<h6 class=\"pt-cv-title\"><a href=\"https:\/\/www.visitsoglianoalrubicone.it\/fr\/decouvrez-sogliano\/au-coeur-de-la-nature\/parcs-et-terrains-de-jeux\/aire-de-jeux-de-rontagnano\/\" class=\"_self\" target=\"_self\" >Aire de jeux de Rontagnano<\/a><\/h6><\/div><\/div>\n<div class=\"col-md-3 col-sm-6 col-xs-12 pt-cv-content-item pt-cv-1-col\" ><div class='pt-cv-ifield'><a href=\"https:\/\/www.visitsoglianoalrubicone.it\/fr\/decouvrez-sogliano\/au-coeur-de-la-nature\/parcs-et-terrains-de-jeux\/terrain-de-jeux-de-savignano-di-rigo\/\" class=\"_self pt-cv-href-thumbnail pt-cv-thumb-default\" target=\"_self\" ><img width=\"1024\" height=\"768\" src=\"https:\/\/www.visitsoglianoalrubicone.it\/wp-content\/uploads\/2021\/08\/Visit-Sogliano-Scopri-Sogliano-Nel-Cuore-della-Natura-Area-Giochi-Savignano-di-Rigo-Banner-Resized.jpg\" class=\"pt-cv-thumbnail\" alt=\"\" loading=\"lazy\" srcset=\"https:\/\/www.visitsoglianoalrubicone.it\/wp-content\/uploads\/2021\/08\/Visit-Sogliano-Scopri-Sogliano-Nel-Cuore-della-Natura-Area-Giochi-Savignano-di-Rigo-Banner-Resized.jpg 1024w, https:\/\/www.visitsoglianoalrubicone.it\/wp-content\/uploads\/2021\/08\/Visit-Sogliano-Scopri-Sogliano-Nel-Cuore-della-Natura-Area-Giochi-Savignano-di-Rigo-Banner-Resized-300x225.jpg 300w, https:\/\/www.visitsoglianoalrubicone.it\/wp-content\/uploads\/2021\/08\/Visit-Sogliano-Scopri-Sogliano-Nel-Cuore-della-Natura-Area-Giochi-Savignano-di-Rigo-Banner-Resized-768x576.jpg 768w\" sizes=\"(max-width: 1024px) 100vw, 1024px\" \/><\/a>\n<h6 class=\"pt-cv-title\"><a href=\"https:\/\/www.visitsoglianoalrubicone.it\/fr\/decouvrez-sogliano\/au-coeur-de-la-nature\/parcs-et-terrains-de-jeux\/terrain-de-jeux-de-savignano-di-rigo\/\" class=\"_self\" target=\"_self\" >Terrain de jeux de Savignano di Rigo<\/a><\/h6><\/div><\/div>\n<div class=\"col-md-3 col-sm-6 col-xs-12 pt-cv-content-item pt-cv-1-col\" ><div class='pt-cv-ifield'><a href=\"https:\/\/www.visitsoglianoalrubicone.it\/fr\/decouvrez-sogliano\/au-coeur-de-la-nature\/parcs-et-terrains-de-jeux\/parc-anita-garibaldi-bavaria-village\/\" class=\"_self pt-cv-href-thumbnail pt-cv-thumb-default\" target=\"_self\" ><img width=\"1024\" height=\"768\" src=\"https:\/\/www.visitsoglianoalrubicone.it\/wp-content\/uploads\/2021\/08\/Visit-Sogliano-Scopri-Sogliano-Nel-Cuore-della-Natura-Parco-Anita-Garibaldi-Banner-Resized.jpg\" class=\"pt-cv-thumbnail\" alt=\"\" loading=\"lazy\" srcset=\"https:\/\/www.visitsoglianoalrubicone.it\/wp-content\/uploads\/2021\/08\/Visit-Sogliano-Scopri-Sogliano-Nel-Cuore-della-Natura-Parco-Anita-Garibaldi-Banner-Resized.jpg 1024w, https:\/\/www.visitsoglianoalrubicone.it\/wp-content\/uploads\/2021\/08\/Visit-Sogliano-Scopri-Sogliano-Nel-Cuore-della-Natura-Parco-Anita-Garibaldi-Banner-Resized-300x225.jpg 300w, https:\/\/www.visitsoglianoalrubicone.it\/wp-content\/uploads\/2021\/08\/Visit-Sogliano-Scopri-Sogliano-Nel-Cuore-della-Natura-Parco-Anita-Garibaldi-Banner-Resized-768x576.jpg 768w\" sizes=\"(max-width: 1024px) 100vw, 1024px\" \/><\/a>\n<h6 class=\"pt-cv-title\"><a href=\"https:\/\/www.visitsoglianoalrubicone.it\/fr\/decouvrez-sogliano\/au-coeur-de-la-nature\/parcs-et-terrains-de-jeux\/parc-anita-garibaldi-bavaria-village\/\" class=\"_self\" target=\"_self\" >Parc Anita Garibaldi &#8211; Bavaria Village<\/a><\/h6><\/div><\/div><\/div><\/div><\/div>[\/vc_column_text][vc_empty_space height=\u00a0\u00bb70px\u00a0\u00bb][\/vc_column_inner][\/vc_row_inner][\/vc_column][\/vc_row]<\/p>\n","protected":false},"excerpt":{"rendered":"<p>[vc_row full_width=\u00a0\u00bbstretch_row_content_no_spaces\u00a0\u00bb][vc_column][vc_single_image image=\u00a0\u00bb16911&Prime; img_size=\u00a0\u00bb1920 x 450&Prime; alignment=\u00a0\u00bbcenter\u00a0\u00bb el_class=\u00a0\u00bbinfotronik_banner_pagina\u00a0\u00bb][vc_empty_space height=\u00a0\u00bb20px\u00a0\u00bb][vc_row_inner][vc_column_inner][vc_column_text]Des lieux dans la nature d\u00e9di\u00e9s \u00e0 la d\u00e9tente avec des attractions pour&#8230;<\/p>\n","protected":false},"author":1,"featured_media":16912,"parent":20310,"menu_order":0,"comment_status":"closed","ping_status":"closed","template":"","meta":{"loftloader_page_shortcode":""},"_links":{"self":[{"href":"https:\/\/www.visitsoglianoalrubicone.it\/fr\/wp-json\/wp\/v2\/pages\/16901"}],"collection":[{"href":"https:\/\/www.visitsoglianoalrubicone.it\/fr\/wp-json\/wp\/v2\/pages"}],"about":[{"href":"https:\/\/www.visitsoglianoalrubicone.it\/fr\/wp-json\/wp\/v2\/types\/page"}],"author":[{"embeddable":true,"href":"https:\/\/www.visitsoglianoalrubicone.it\/fr\/wp-json\/wp\/v2\/users\/1"}],"replies":[{"embeddable":true,"href":"https:\/\/www.visitsoglianoalrubicone.it\/fr\/wp-json\/wp\/v2\/comments?post=16901"}],"version-history":[{"count":2,"href":"https:\/\/www.visitsoglianoalrubicone.it\/fr\/wp-json\/wp\/v2\/pages\/16901\/revisions"}],"predecessor-version":[{"id":16938,"href":"https:\/\/www.visitsoglianoalrubicone.it\/fr\/wp-json\/wp\/v2\/pages\/16901\/revisions\/16938"}],"up":[{"embeddable":true,"href":"https:\/\/www.visitsoglianoalrubicone.it\/fr\/wp-json\/wp\/v2\/pages\/20310"}],"wp:featuredmedia":[{"embeddable":true,"href":"https:\/\/www.visitsoglianoalrubicone.it\/fr\/wp-json\/wp\/v2\/media\/16912"}],"wp:attachment":[{"href":"https:\/\/www.visitsoglianoalrubicone.it\/fr\/wp-json\/wp\/v2\/media?parent=16901"}],"curies":[{"name":"wp","href":"https:\/\/api.w.org\/{rel}","templated":true}]}}