{"id":16996,"date":"2021-07-04T09:10:45","date_gmt":"2021-07-04T09:10:45","guid":{"rendered":"https:\/\/www.visitsoglianoalrubicone.it\/bustreng\/"},"modified":"2024-12-06T10:11:03","modified_gmt":"2024-12-06T10:11:03","slug":"bustreng","status":"publish","type":"page","link":"https:\/\/www.visitsoglianoalrubicone.it\/fr\/gout\/gastronomie-et-produits-typiques\/bustreng\/","title":{"rendered":"Bustreng"},"content":{"rendered":"<p>[vc_row full_width=\u00a0\u00bbstretch_row_content_no_spaces\u00a0\u00bb content_placement=\u00a0\u00bbtop\u00a0\u00bb][vc_column][vc_single_image image=\u00a0\u00bb16997&Prime; img_size=\u00a0\u00bb1920 x 450&Prime; alignment=\u00a0\u00bbcenter\u00a0\u00bb el_class=\u00a0\u00bbinfotronik_banner_pagina\u00a0\u00bb]\n\t\t\t<section class=\"do-normal-page-title-section\">\n\t\t\t\t<div class=\"container\">\n\t\t\t\t\t<div class=\"row uppercase\">\n\t\t\t\n\t\t\t\t\t\t<div class=\"do-page-title-wrapper\">\n\t\t\t\t\t\t\t<div class=\"do-default-page-title col-md-7 col-sm-7 col-xs-12\">\n\t\t\t\t\t\t\t\t<h2 info=8 class=\"infotronik_page_title_big\">Bustreng<\/h2>\n\t\t\t\t\t\t\t\t<p><\/p>\n\t\t\t\t\t\t\t<\/div>\n\t\t\t\n\t\t\t\t\t\t\t<div class=\"do-breadcumb\"><ul><li><a href=\"https:\/\/www.visitsoglianoalrubicone.it\/fr\/gout\/\">GO\u00dbT<\/a><\/li><li><a class=\"infotronik_breadcrumb_cut\" href=\"https:\/\/www.visitsoglianoalrubicone.it\/fr\/gout\/gastronomie-et-produits-typiques\/\">Gastronomie et produits typiques<\/a><\/li><\/ul><\/div>\n\t\t\t\t\t\t<\/div>\n\t\t\t\n\t\t\t\t\t<\/div>\n\t\t\t\t<\/div>\n\t\t\t<\/section>\n\t\t[vc_empty_space height=\u00a0\u00bb20px\u00a0\u00bb][vc_row_inner][vc_column_inner][vc_column_text]Le bustreng (en dialecte romagnol, bustrengo en italien) est une confiserie traditionnelle des r\u00e9gions de Cesena, Forl\u00ec et Rimini, qui est \u00e9galement partiellement r\u00e9pandue dans la r\u00e9gion des Marches. C\u00e9l\u00e8bre pour \u00eatre une friandise pauvre mais en m\u00eame temps riche en nombreux ingr\u00e9dients, elle est surtout pr\u00e9par\u00e9e pendant la p\u00e9riode hivernale : il n&rsquo;existe pas de v\u00e9ritable recette, mais seulement une pr\u00e9paration de base indicative, car la recette varie d&rsquo;une famille \u00e0 l&rsquo;autre et d&rsquo;un village \u00e0 l&rsquo;autre. L&rsquo;origine de cette friandise n&rsquo;est pas claire, tout comme l&rsquo;origine de son nom ; il semblerait qu&rsquo;elle remonte aux barbares et \u00e0 l&rsquo;\u00e9poque o\u00f9 ils ont envahi l&rsquo;\u00c9milie-Romagne. Les ingr\u00e9dients de base du bustreng sont la farine blanche et jaune, le lait, les \u0153ufs, le miel et les fruits secs (noix, amandes, pignons ou figues), tandis que les ingr\u00e9dients facultatifs sont la chapelure, le beurre, les pommes pel\u00e9es, les raisins secs, les \u00e9corces de citron ou d&rsquo;orange r\u00e2p\u00e9es et le vin.[\/vc_column_text][vc_empty_space height=\u00a0\u00bb50px\u00a0\u00bb][vc_column_text].[\/vc_column_text][vc_empty_space height=\u00a0\u00bb50px\u00a0\u00bb][\/vc_column_inner][\/vc_row_inner][\/vc_column][\/vc_row]<\/p>\n","protected":false},"excerpt":{"rendered":"<p>[vc_row full_width=\u00a0\u00bbstretch_row_content_no_spaces\u00a0\u00bb content_placement=\u00a0\u00bbtop\u00a0\u00bb][vc_column][vc_single_image image=\u00a0\u00bb16997&Prime; img_size=\u00a0\u00bb1920 x 450&Prime; alignment=\u00a0\u00bbcenter\u00a0\u00bb el_class=\u00a0\u00bbinfotronik_banner_pagina\u00a0\u00bb][vc_empty_space height=\u00a0\u00bb20px\u00a0\u00bb][vc_row_inner][vc_column_inner][vc_column_text]Le bustreng (en dialecte romagnol, bustrengo en italien) est une confiserie traditionnelle&#8230;<\/p>\n","protected":false},"author":3,"featured_media":16998,"parent":20206,"menu_order":0,"comment_status":"closed","ping_status":"closed","template":"","meta":{"loftloader_page_shortcode":""},"_links":{"self":[{"href":"https:\/\/www.visitsoglianoalrubicone.it\/fr\/wp-json\/wp\/v2\/pages\/16996"}],"collection":[{"href":"https:\/\/www.visitsoglianoalrubicone.it\/fr\/wp-json\/wp\/v2\/pages"}],"about":[{"href":"https:\/\/www.visitsoglianoalrubicone.it\/fr\/wp-json\/wp\/v2\/types\/page"}],"author":[{"embeddable":true,"href":"https:\/\/www.visitsoglianoalrubicone.it\/fr\/wp-json\/wp\/v2\/users\/3"}],"replies":[{"embeddable":true,"href":"https:\/\/www.visitsoglianoalrubicone.it\/fr\/wp-json\/wp\/v2\/comments?post=16996"}],"version-history":[{"count":2,"href":"https:\/\/www.visitsoglianoalrubicone.it\/fr\/wp-json\/wp\/v2\/pages\/16996\/revisions"}],"predecessor-version":[{"id":17014,"href":"https:\/\/www.visitsoglianoalrubicone.it\/fr\/wp-json\/wp\/v2\/pages\/16996\/revisions\/17014"}],"up":[{"embeddable":true,"href":"https:\/\/www.visitsoglianoalrubicone.it\/fr\/wp-json\/wp\/v2\/pages\/20206"}],"wp:featuredmedia":[{"embeddable":true,"href":"https:\/\/www.visitsoglianoalrubicone.it\/fr\/wp-json\/wp\/v2\/media\/16998"}],"wp:attachment":[{"href":"https:\/\/www.visitsoglianoalrubicone.it\/fr\/wp-json\/wp\/v2\/media?parent=16996"}],"curies":[{"name":"wp","href":"https:\/\/api.w.org\/{rel}","templated":true}]}}