{"id":17337,"date":"2021-07-14T15:14:17","date_gmt":"2021-07-14T15:14:17","guid":{"rendered":"https:\/\/www.visitsoglianoalrubicone.it\/monseigneur-pietro-sambi\/"},"modified":"2024-12-06T10:10:40","modified_gmt":"2024-12-06T10:10:40","slug":"monseigneur-pietro-sambi","status":"publish","type":"page","link":"https:\/\/www.visitsoglianoalrubicone.it\/fr\/decouvrez-sogliano\/art-culture-et-artisanat\/histoire-et-personnalites-illustres\/personnalites-illustres\/monseigneur-pietro-sambi\/","title":{"rendered":"Monseigneur Pietro Sambi"},"content":{"rendered":"<p>[vc_row full_width=\u00a0\u00bbstretch_row_content_no_spaces\u00a0\u00bb][vc_column][vc_single_image image=\u00a0\u00bb17342&Prime; img_size=\u00a0\u00bb1920 x 450&Prime; alignment=\u00a0\u00bbcenter\u00a0\u00bb el_class=\u00a0\u00bbinfotronik_banner_pagina\u00a0\u00bb]\n\t\t\t<section class=\"do-normal-page-title-section\">\n\t\t\t\t<div class=\"container\">\n\t\t\t\t\t<div class=\"row uppercase\">\n\t\t\t\n\t\t\t\t\t\t<div class=\"do-page-title-wrapper\">\n\t\t\t\t\t\t\t<div class=\"do-default-page-title col-md-7 col-sm-7 col-xs-12\">\n\t\t\t\t\t\t\t\t<h2 info=22 class=\"infotronik_page_title_big\">Monsignor Pietro Sambi<\/h2>\n\t\t\t\t\t\t\t\t<p><\/p>\n\t\t\t\t\t\t\t<\/div>\n\t\t\t\n\t\t\t\t\t\t\t<div class=\"do-breadcumb\"><ul><li><a class=\"infotronik_breadcrumb_cut\" href=\"https:\/\/www.visitsoglianoalrubicone.it\/fr\/decouvrez-sogliano\/art-culture-et-artisanat\/histoire-et-personnalites-illustres\/\">Histoire et personnalit\u00e9s illustres<\/a><\/li><li><a class=\"infotronik_breadcrumb_cut\" href=\"https:\/\/www.visitsoglianoalrubicone.it\/fr\/decouvrez-sogliano\/art-culture-et-artisanat\/histoire-et-personnalites-illustres\/personnalites-illustres\/\">Personnalit\u00e9s illustres<\/a><\/li><\/ul><\/div>\n\t\t\t\t\t\t<\/div>\n\t\t\t\n\t\t\t\t\t<\/div>\n\t\t\t\t<\/div>\n\t\t\t<\/section>\n\t\t[vc_empty_space height=\u00a0\u00bb20px\u00a0\u00bb][vc_row_inner][vc_column_inner][vc_column_text]Archev\u00eaque et nonce apostolique N\u00e9 \u00e0 Sogliano al Rubicone, il est ordonn\u00e9 pr\u00eatre en 1964 dans l&rsquo;<strong>\u00e9glise de San Paolo dell&rsquo;Uso<\/strong>. Il est d&rsquo;abord affect\u00e9 au Cameroun, puis en Isra\u00ebl, \u00e0 Cuba, en Alg\u00e9rie, au Nicaragua, en Belgique et en Inde. En 1985, Jean-Paul II l&rsquo;a \u00e9lu archev\u00eaque et l&rsquo;a nomm\u00e9 nonce au Burundi. Il est ensuite affect\u00e9 en Indon\u00e9sie jusqu&rsquo;en 1988, date \u00e0 laquelle il retourne en Terre Sainte o\u00f9 il organise le voyage historique du Pape en Palestine \u00e0 l&rsquo;occasion du Grand Jubil\u00e9 de l&rsquo;an 2000 et participe \u00e0 la r\u00e9solution de la crise du si\u00e8ge de la Basilique de la Nativit\u00e9.<br \/>\nBeno\u00eet XVI le nomme ensuite nonce aux \u00c9tats-Unis. Durant ces ann\u00e9es intenses d&rsquo;activit\u00e9 diplomatique, il ne manque pas de retourner une fois par an dans sa maison de Sogliano al Rubicone, pour y passer une p\u00e9riode de repos au mois de juillet.[\/vc_column_text][vc_empty_space height=\u00a0\u00bb50px\u00a0\u00bb][vc_column_text]<div class=\"pt-cv-wrapper\"><div class=\"pt-cv-view pt-cv-grid pt-cv-colsys\" id=\"pt-cv-view-ebef530lxc\"><div data-id=\"pt-cv-page-1\" class=\"pt-cv-page\" data-cvc=\"2\"><div class=\"col-md-6 col-sm-12 col-xs-12 pt-cv-content-item pt-cv-1-col\" ><div class='pt-cv-ifield'><a href=\"https:\/\/www.visitsoglianoalrubicone.it\/fr\/decouvrez-sogliano\/art-culture-et-artisanat\/eglises-abbayes-paroisses-et-monasteres\/eglise-de-san-paolo-alluso\/\" class=\"_self pt-cv-href-thumbnail pt-cv-thumb-default\" target=\"_self\" ><img width=\"1024\" height=\"768\" src=\"https:\/\/www.visitsoglianoalrubicone.it\/wp-content\/uploads\/2021\/07\/Visit-Sogliano-Scopri-Sogliano-Arte-Cultura-Artigianato-Chiese-Pievi-Abbazie-Monasteri-San-Paolo-Uso-Banner-Resized.jpg\" class=\"pt-cv-thumbnail\" alt=\"\" loading=\"lazy\" srcset=\"https:\/\/www.visitsoglianoalrubicone.it\/wp-content\/uploads\/2021\/07\/Visit-Sogliano-Scopri-Sogliano-Arte-Cultura-Artigianato-Chiese-Pievi-Abbazie-Monasteri-San-Paolo-Uso-Banner-Resized.jpg 1024w, https:\/\/www.visitsoglianoalrubicone.it\/wp-content\/uploads\/2021\/07\/Visit-Sogliano-Scopri-Sogliano-Arte-Cultura-Artigianato-Chiese-Pievi-Abbazie-Monasteri-San-Paolo-Uso-Banner-Resized-300x225.jpg 300w, https:\/\/www.visitsoglianoalrubicone.it\/wp-content\/uploads\/2021\/07\/Visit-Sogliano-Scopri-Sogliano-Arte-Cultura-Artigianato-Chiese-Pievi-Abbazie-Monasteri-San-Paolo-Uso-Banner-Resized-768x576.jpg 768w\" sizes=\"(max-width: 1024px) 100vw, 1024px\" \/><\/a>\n<h6 class=\"pt-cv-title\"><a href=\"https:\/\/www.visitsoglianoalrubicone.it\/fr\/decouvrez-sogliano\/art-culture-et-artisanat\/eglises-abbayes-paroisses-et-monasteres\/eglise-de-san-paolo-alluso\/\" class=\"_self\" target=\"_self\" >\u00c9glise de San Paolo all&rsquo;Uso<\/a><\/h6><\/div><\/div>\n<div class=\"col-md-6 col-sm-12 col-xs-12 pt-cv-content-item pt-cv-1-col\" ><div class='pt-cv-ifield'><a href=\"https:\/\/www.visitsoglianoalrubicone.it\/fr\/decouvrez-sogliano\/art-culture-et-artisanat\/maison-monseigneur-sambi\/\" class=\"_self pt-cv-href-thumbnail pt-cv-thumb-default\" target=\"_self\" ><img width=\"1024\" height=\"768\" src=\"https:\/\/www.visitsoglianoalrubicone.it\/wp-content\/uploads\/2022\/04\/Visit-Sogliano-Scopri-Sogliano-Arte-Cultura-Artigianato-Casa-Sambi-Banner-Resized.jpg\" class=\"pt-cv-thumbnail\" alt=\"\" loading=\"lazy\" srcset=\"https:\/\/www.visitsoglianoalrubicone.it\/wp-content\/uploads\/2022\/04\/Visit-Sogliano-Scopri-Sogliano-Arte-Cultura-Artigianato-Casa-Sambi-Banner-Resized.jpg 1024w, https:\/\/www.visitsoglianoalrubicone.it\/wp-content\/uploads\/2022\/04\/Visit-Sogliano-Scopri-Sogliano-Arte-Cultura-Artigianato-Casa-Sambi-Banner-Resized-300x225.jpg 300w, https:\/\/www.visitsoglianoalrubicone.it\/wp-content\/uploads\/2022\/04\/Visit-Sogliano-Scopri-Sogliano-Arte-Cultura-Artigianato-Casa-Sambi-Banner-Resized-768x576.jpg 768w\" sizes=\"(max-width: 1024px) 100vw, 1024px\" \/><\/a>\n<h6 class=\"pt-cv-title\"><a href=\"https:\/\/www.visitsoglianoalrubicone.it\/fr\/decouvrez-sogliano\/art-culture-et-artisanat\/maison-monseigneur-sambi\/\" class=\"_self\" target=\"_self\" >Maison Monseigneur Sambi<\/a><\/h6><\/div><\/div><\/div><\/div><\/div>[\/vc_column_text][vc_empty_space height=\u00a0\u00bb50px\u00a0\u00bb][\/vc_column_inner][\/vc_row_inner][\/vc_column][\/vc_row]<\/p>\n","protected":false},"excerpt":{"rendered":"<p>[vc_row full_width=\u00a0\u00bbstretch_row_content_no_spaces\u00a0\u00bb][vc_column][vc_single_image image=\u00a0\u00bb17342&Prime; img_size=\u00a0\u00bb1920 x 450&Prime; alignment=\u00a0\u00bbcenter\u00a0\u00bb el_class=\u00a0\u00bbinfotronik_banner_pagina\u00a0\u00bb][vc_empty_space height=\u00a0\u00bb20px\u00a0\u00bb][vc_row_inner][vc_column_inner][vc_column_text]Archev\u00eaque et nonce apostolique N\u00e9 \u00e0 Sogliano al Rubicone, il est ordonn\u00e9 pr\u00eatre&#8230;<\/p>\n","protected":false},"author":3,"featured_media":17344,"parent":20067,"menu_order":0,"comment_status":"closed","ping_status":"closed","template":"","meta":{"loftloader_page_shortcode":""},"_links":{"self":[{"href":"https:\/\/www.visitsoglianoalrubicone.it\/fr\/wp-json\/wp\/v2\/pages\/17337"}],"collection":[{"href":"https:\/\/www.visitsoglianoalrubicone.it\/fr\/wp-json\/wp\/v2\/pages"}],"about":[{"href":"https:\/\/www.visitsoglianoalrubicone.it\/fr\/wp-json\/wp\/v2\/types\/page"}],"author":[{"embeddable":true,"href":"https:\/\/www.visitsoglianoalrubicone.it\/fr\/wp-json\/wp\/v2\/users\/3"}],"replies":[{"embeddable":true,"href":"https:\/\/www.visitsoglianoalrubicone.it\/fr\/wp-json\/wp\/v2\/comments?post=17337"}],"version-history":[{"count":2,"href":"https:\/\/www.visitsoglianoalrubicone.it\/fr\/wp-json\/wp\/v2\/pages\/17337\/revisions"}],"predecessor-version":[{"id":17388,"href":"https:\/\/www.visitsoglianoalrubicone.it\/fr\/wp-json\/wp\/v2\/pages\/17337\/revisions\/17388"}],"up":[{"embeddable":true,"href":"https:\/\/www.visitsoglianoalrubicone.it\/fr\/wp-json\/wp\/v2\/pages\/20067"}],"wp:featuredmedia":[{"embeddable":true,"href":"https:\/\/www.visitsoglianoalrubicone.it\/fr\/wp-json\/wp\/v2\/media\/17344"}],"wp:attachment":[{"href":"https:\/\/www.visitsoglianoalrubicone.it\/fr\/wp-json\/wp\/v2\/media?parent=17337"}],"curies":[{"name":"wp","href":"https:\/\/api.w.org\/{rel}","templated":true}]}}