{"id":17470,"date":"2021-07-12T20:28:58","date_gmt":"2021-07-12T20:28:58","guid":{"rendered":"https:\/\/www.visitsoglianoalrubicone.it\/sci-montentiffi-alto-uso\/"},"modified":"2026-04-16T13:16:55","modified_gmt":"2026-04-16T13:16:55","slug":"sci-montentiffi-alto-uso","status":"publish","type":"page","link":"https:\/\/www.visitsoglianoalrubicone.it\/fr\/decouvrez-sogliano\/au-coeur-de-la-nature\/sci-montentiffi-alto-uso\/","title":{"rendered":"SCI Montentiffi Alto Uso"},"content":{"rendered":"<p>[vc_row full_width=\u00a0\u00bbstretch_row_content_no_spaces\u00a0\u00bb][vc_column][vc_single_image image=\u00a0\u00bb17474&Prime; img_size=\u00a0\u00bb1920 x 450&Prime; alignment=\u00a0\u00bbcenter\u00a0\u00bb el_class=\u00a0\u00bbinfotronik_banner_pagina\u00a0\u00bb]\n\t\t\t<section class=\"do-normal-page-title-section\">\n\t\t\t\t<div class=\"container\">\n\t\t\t\t\t<div class=\"row uppercase\">\n\t\t\t\n\t\t\t\t\t\t<div class=\"do-page-title-wrapper\">\n\t\t\t\t\t\t\t<div class=\"do-default-page-title col-md-7 col-sm-7 col-xs-12\">\n\t\t\t\t\t\t\t\t<h2 info=23 class=\"infotronik_page_title_big\">SIC Montetiffi Alto Uso<\/h2>\n\t\t\t\t\t\t\t\t<p><\/p>\n\t\t\t\t\t\t\t<\/div>\n\t\t\t\n\t\t\t\t\t\t\t<div class=\"do-breadcumb\"><ul><li><a class=\"infotronik_breadcrumb_cut\" href=\"https:\/\/www.visitsoglianoalrubicone.it\/fr\/decouvrez-sogliano\/\">D\u00c9COUVREZ SOGLIANO<\/a><\/li><li><a class=\"infotronik_breadcrumb_cut\" href=\"https:\/\/www.visitsoglianoalrubicone.it\/fr\/decouvrez-sogliano\/au-coeur-de-la-nature\/\">Au c\u0153ur de la nature<\/a><\/li><\/ul><\/div>\n\t\t\t\t\t\t<\/div>\n\t\t\t\n\t\t\t\t\t<\/div>\n\t\t\t\t<\/div>\n\t\t\t<\/section>\n\t\t[vc_empty_space height=\u00a0\u00bb20px\u00a0\u00bb][vc_row_inner][vc_column_inner][vc_column_text]La r\u00e9gion de Montetiffi Alto Uso est une zone naturelle prot\u00e9g\u00e9e situ\u00e9e en \u00c9milie-Romagne et reconnue par l\u2019Union europ\u00e9enne comme Site d\u2019int\u00e9r\u00eat commun (LMS). Elle fait partie du r\u00e9seau Natura 2000, un syst\u00e8me d\u2019espaces destin\u00e9 \u00e0 la conservation de la biodiversit\u00e9, visant \u00e0 prot\u00e9ger les habitats naturels ainsi que les esp\u00e8ces animales et v\u00e9g\u00e9tales de valeur particuli\u00e8re. La zone couvre environ 1 387 hectares et comprend un territoire vallonn\u00e9 typique des Apennins de Romagne, caract\u00e9ris\u00e9 par des environnements naturels encore bien pr\u00e9serv\u00e9s et peu urbanis\u00e9s. Parmi celles-ci figurent des ravins argileux, des falaises, des gorges, des bois et des p\u00e2turages. Cette diversit\u00e9 environnementale favorise la pr\u00e9sence de nombreux habitats, dont certains sont consid\u00e9r\u00e9s comme rares ou prioritaires au niveau europ\u00e9en.    <\/p>\n<p>L\u2019importance de la C\u00f4te M\u00e9lodique Montetiffi Alto Uso r\u00e9side dans sa grande biodiversit\u00e9 et la pr\u00e9sence d\u2019habitats rares. La protection de cette zone est essentielle \u00e0 la conservation des esp\u00e8ces et au maintien des \u00e9quilibres naturels, elle a \u00e9galement \u00e9t\u00e9 cr\u00e9\u00e9e pour assurer la survie de Zerynthia polyxena, connue en italien sous le nom de papillon apolline ou aristolochia, un papillon rare qui se reproduit ici et repr\u00e9sente un indicateur important de la qualit\u00e9 de l\u2019environnement naturel. <\/p>\n<p>La r\u00e9gion, en raison de sa position g\u00e9ographique marginale et de sa rare anthropisation, est pr\u00e9serv\u00e9e de l\u2019exploitation d\u00e9figurante et offre l\u2019un des aspects naturels les plus intacts pour ses particularit\u00e9s morphologiques et g\u00e9ologiques.<\/p>\n<p>Le point naturaliste le plus c\u00e9l\u00e8bre est la zone des <strong>Marmitte dei Giganti<\/strong>, travers\u00e9e par le \u00ab pont roman \u00bb.<\/p>\n<p>La r\u00e9gion est \u00e9galement appr\u00e9ci\u00e9e pour sa faune et sa v\u00e9g\u00e9tation remarquables et se caract\u00e9rise par des \u00e9tablissements aux particularit\u00e9s historiques, architecturales et environnementales importantes, tels que le Borgo di Pietra dell\u2019Uso et les villas de Montetiffi, ainsi que pour les urgences d\u2019implantation historique pr\u00e9sentes : <strong>pont roman<\/strong>, <strong>Molino Tornani<\/strong>, <strong>abbaye de Montetiffi<\/strong> et la Canonica adjacente, aujourd\u2019hui le <strong>\u00ab Mus\u00e9e Venanzio Reali \u00bb.<\/strong><\/p>\n<p>La v\u00e9g\u00e9tation est tr\u00e8s riche et comprend des for\u00eats de ch\u00eanes duveteux, de ch\u00eanes verts, de gen\u00e9vriers, de fr\u00eanes de manne et d\u2019orme. On trouve \u00e9galement des prairies arides et des zones riveraines le long des cours d\u2019eau, ce qui contribue encore \u00e0 la biodiversit\u00e9 de la r\u00e9gion. <\/p>\n<p>La r\u00e9gion abrite de nombreuses esp\u00e8ces animales d\u2019int\u00e9r\u00eat communautaire. Parmi les mammif\u00e8res, la pr\u00e9sence du loup des Apennins se distingue, symbole de la faune des Apennins. On y trouve aussi des chevreuils, des sangliers et des renards.  <\/p>\n<p>Il est \u00e9galement tr\u00e8s important de voir plusieurs esp\u00e8ces de chauves-souris prot\u00e9g\u00e9es, qui trouvent refuge dans les cavit\u00e9s naturelles et les b\u00e2timents historiques de la r\u00e9gion. Parmi les rapaces figurent des oiseaux de proie tels que le faucon p\u00e8lerin, ainsi que des esp\u00e8ces nocturnes telles que les hiboux et les chouettes effraies. <\/p>\n<p>En conclusion, le Montetiffi Alto Uso SCI repr\u00e9sente un exemple significatif d\u2019un environnement naturel bien pr\u00e9serv\u00e9 dans les Apennins romagnes. Sa protection est essentielle pour assurer la pr\u00e9servation de la biodiversit\u00e9 et permettre aux g\u00e9n\u00e9rations futures de conna\u00eetre et d\u2019appr\u00e9cier ce patrimoine naturel. <\/p>\n<p>Le SIC Montetiffi Alto Uso est un lieu id\u00e9al pour des activit\u00e9s de plein air telles que la randonn\u00e9e, le VTT et l\u2019\u00e9quitation. Plusieurs chemins permettent d\u2019explorer la r\u00e9gion, favorisant un tourisme durable et respectueux de l\u2019environnement.[\/vc_column_text][vc_empty_space][\/vc_column_inner][\/vc_row_inner][vc_row_inner][vc_column_inner width=\u00a0\u00bb1\/2&Prime;]\n\t\t<div class=\"do-icon-with-text-style1 appear fadeIn\" data-wow-duration=\"1s\" data-wow-delay=\"0.3s\">\n\t\t    <div class=\"do-icon-wrapper\">\n\t\t        <i class=\"fa fa-map-marker\"><\/i>\n\t\t    <\/div>\n\t\t    <p>GPS : 43.996685879324986, 12.268567470726182<\/p>\n\n\t\t<\/div>\n\t\n\t\t<div class=\"do-icon-with-text-style1 appear fadeIn\" data-wow-duration=\"1s\" data-wow-delay=\"0.3s\">\n\t\t    <div class=\"do-icon-wrapper\">\n\t\t        <i class=\"fa fa-euro\"><\/i>\n\t\t    <\/div>\n\t\t    <p>Acc\u00e8s gratuit.<\/p>\n\n\t\t<\/div>\n\t\n\t\t<div class=\"do-icon-with-text-style1 appear fadeIn\" data-wow-duration=\"1s\" data-wow-delay=\"0.3s\">\n\t\t    <div class=\"do-icon-wrapper\">\n\t\t        <i class=\"fa fa-automobile\"><\/i>\n\t\t    <\/div>\n\t\t    <p>Accessibilit\u00e9 : \u00e0 pied, en VTT, \u00e0 cheval<\/p>\n\n\t\t<\/div>\n\t[\/vc_column_inner][vc_column_inner width=\u00a0\u00bb1\/2&Prime;][vc_gmaps link=\u00a0\u00bb#E-8_JTNDaWZyYW1lJTIwc3JjJTNEJTIyaHR0cHMlM0ElMkYlMkZ3d3cuZ29vZ2xlLmNvbSUyRm1hcHMlMkZlbWJlZCUzRnBiJTNEJTIxMW0xOCUyMTFtMTIlMjExbTMlMjExZDQ4MDM3LjczODAyMTkzNjk5NSUyMTJkMTIuMjM5MDI5MjIxNDUxNTA2JTIxM2Q0My45Njk3ODc2OTA0MTI1NCUyMTJtMyUyMTFmMCUyMTJmMCUyMTNmMCUyMTNtMiUyMTFpMTAyNCUyMTJpNzY4JTIxNGYxMy4xJTIxM20zJTIxMW0yJTIxMXMweDEzMmM5MGI4MDlhMWNmMTUlMjUzQTB4MjYwNzliMGQxNTlhNjVkMSUyMTJzNDcwMzAlMjUyME1vbnRldGlmZmklMjUyMEZDJTIxNWUxJTIxM20yJTIxMXNpdCUyMTJzaXQlMjE0djE2MjcyMjU5NzAyODIlMjE1bTIlMjExc2l0JTIxMnNpdCUyMiUyMHdpZHRoJTNEJTIyNjAwJTIyJTIwaGVpZ2h0JTNEJTIyNDUwJTIyJTIwc3R5bGUlM0QlMjJib3JkZXIlM0EwJTNCJTIyJTIwYWxsb3dmdWxsc2NyZWVuJTNEJTIyJTIyJTIwbG9hZGluZyUzRCUyMmxhenklMjIlM0UlM0MlMkZpZnJhbWUlM0U=\u00a0\u00bb][\/vc_column_inner][\/vc_row_inner][vc_row_inner][vc_column_inner][vc_empty_space height=\u00a0\u00bb50px\u00a0\u00bb][vc_column_text]<style>#jtg-3648 .modula-item .jtg-social a, .lightbox-socials.jtg-social a{ color: #ffffff }#jtg-3648 .modula-item .jtg-social svg, .lightbox-socials.jtg-social svg { height: 16px; width: 16px }#jtg-3648 .modula-item .jtg-social a:not(:last-child), .lightbox-socials.jtg-social a:not(:last-child) { margin-right: 10px }#jtg-3648 .modula-item .figc {color:#ffffff;}#jtg-3648 .modula-item .modula-item-content { transform: scale(1) }#jtg-3648 { width:100%;}#jtg-3648 .modula-items .figc p.description { font-size:14px; }#jtg-3648 .modula-items .figc p.description { color:#ffffff;}#jtg-3648.modula-gallery .modula-item > a, #jtg-3648.modula-gallery .modula-item, #jtg-3648.modula-gallery .modula-item-content > a { cursor:zoom-in; } @media screen and (max-width:480px){#jtg-3648 .modula-item .figc .jtg-title {  font-size: 12px; }#jtg-3648 .modula-items .figc p.description { color:#ffffff;font-size:10px; }}<\/style>\n<!-- Gallery Container -->\n<div  id=\"jtg-3648\" class=\"modula modula-gallery modula-columns\" data-config=\"{&quot;enableTwitter&quot;:false,&quot;enableWhatsapp&quot;:false,&quot;enableFacebook&quot;:false,&quot;enablePinterest&quot;:false,&quot;enableLinkedin&quot;:false,&quot;enableEmail&quot;:false,&quot;randomFactor&quot;:0.5,&quot;type&quot;:&quot;grid&quot;,&quot;columns&quot;:12,&quot;gutter&quot;:10,&quot;mobileGutter&quot;:10,&quot;tabletGutter&quot;:10,&quot;desktopGutter&quot;:10,&quot;enableResponsive&quot;:&quot;0&quot;,&quot;tabletColumns&quot;:&quot;2&quot;,&quot;mobileColumns&quot;:&quot;1&quot;,&quot;lazyLoad&quot;:&quot;0&quot;,&quot;lightboxOpts&quot;:{&quot;loop&quot;:false,&quot;arrows&quot;:true,&quot;toolbar&quot;:true,&quot;keyboard&quot;:false,&quot;wheel&quot;:false,&quot;buttons&quot;:[&quot;close&quot;],&quot;hash&quot;:false,&quot;lang&quot;:&quot;en&quot;,&quot;touch&quot;:false,&quot;protect&quot;:false,&quot;i18n&quot;:{&quot;en&quot;:{&quot;CLOSE&quot;:&quot;Close&quot;,&quot;NEXT&quot;:&quot;Next&quot;,&quot;PREV&quot;:&quot;Previous&quot;,&quot;Error&quot;:&quot;The requested content cannot be loaded. Please try again later.&quot;,&quot;PLAY_START&quot;:&quot;Start slideshow&quot;,&quot;PLAY_STOP&quot;:&quot;Pause slideshow&quot;,&quot;FULL_SCREEN&quot;:&quot;Full screen&quot;,&quot;THUMBS&quot;:&quot;Thumbnails&quot;,&quot;DOWNLOAD&quot;:&quot;Download&quot;,&quot;SHARE&quot;:&quot;Share&quot;,&quot;ZOOM&quot;:&quot;Zoom&quot;}},&quot;clickSlide&quot;:false,&quot;clickOutside&quot;:false,&quot;dblclickContent&quot;:false,&quot;dblclickSlide&quot;:false,&quot;dblclickOutside&quot;:false,&quot;clickContent&quot;:false,&quot;baseTpl&quot;:&quot;&lt;div class=\\&quot;modula-fancybox-container modula-lightbox-jtg-3648\\&quot; role=\\&quot;dialog\\&quot; tabindex=\\&quot;-1\\&quot;&gt;&lt;div class=\\&quot;modula-fancybox-bg\\&quot;&gt;&lt;\\\/div&gt;&lt;div class=\\&quot;modula-fancybox-inner\\&quot;&gt;&lt;div class=\\&quot;modula-fancybox-infobar\\&quot;&gt;&lt;span data-fancybox-index&gt;&lt;\\\/span&gt;&nbsp;\\\/&nbsp;&lt;span data-fancybox-count&gt;&lt;\\\/span&gt;&lt;\\\/div&gt;&lt;div class=\\&quot;modula-fancybox-toolbar\\&quot;&gt;{{buttons}}&lt;\\\/div&gt;&lt;div class=\\&quot;modula-fancybox-navigation\\&quot;&gt;{{arrows}}&lt;\\\/div&gt;&lt;div class=\\&quot;modula-fancybox-stage\\&quot;&gt;&lt;\\\/div&gt;&lt;div class=\\&quot;modula-fancybox-caption\\&quot;&gt;&lt;div class=\\&quot;modula-fancybox-caption__body\\&quot;&gt;&lt;\\\/div&gt;&lt;\\\/div&gt;&lt;\\\/div&gt;&lt;\\\/div&gt;&quot;},&quot;inView&quot;:false,&quot;email_subject&quot;:&quot;Check out this awesome image !!&quot;,&quot;email_message&quot;:&quot;Here is the link to the image : %%image_link%% and this is the link to the gallery : %%gallery_link%%&quot;,&quot;grid_type&quot;:&quot;automatic&quot;,&quot;rowHeight&quot;:150,&quot;lastRow&quot;:&quot;justify&quot;,&quot;lightbox&quot;:&quot;fancybox&quot;}\">\n\n\t\n\t<!-- Items Container -->\n\t<div  class=\"modula-items grid-gallery\">\n\t\t<div class=\"modula-item effect-pufrobo\" >\n\t<div class=\"modula-item-overlay\"><\/div>\n\n\t<div class=\"modula-item-content\">\n\n\t\t\t\t\n\t\t\t\t\t<a data-image-id=\"3649\" href=\"https:\/\/www.visitsoglianoalrubicone.it\/wp-content\/uploads\/2021\/07\/visit-sogliano-al-rubicone-scopri-sogliano-nel-cuore-della-natura-sic-montetiffi-alto-uso-1-1.jpg\" rel=\"jtg-3648\" data-caption=\"\" class=\"tile-inner modula-item-link\"><\/a>\n\t\t\n\t\t<img class=\"pic\"  data-valign=\"middle\" data-halign=\"center\" alt=\"\" data-full=\"https:\/\/www.visitsoglianoalrubicone.it\/wp-content\/uploads\/2021\/07\/visit-sogliano-al-rubicone-scopri-sogliano-nel-cuore-della-natura-sic-montetiffi-alto-uso-1-1.jpg\" title=\"visit sogliano al rubicone - scopri sogliano - nel cuore della natura - sic montetiffi alto uso (1)\" width=\"485\" height=\"387\" src=\"https:\/\/www.visitsoglianoalrubicone.it\/wp-content\/uploads\/2021\/07\/visit-sogliano-al-rubicone-scopri-sogliano-nel-cuore-della-natura-sic-montetiffi-alto-uso-1-1.jpg\" data-src=\"https:\/\/www.visitsoglianoalrubicone.it\/wp-content\/uploads\/2021\/07\/visit-sogliano-al-rubicone-scopri-sogliano-nel-cuore-della-natura-sic-montetiffi-alto-uso-1-1.jpg\" data-caption=\"\"srcset=\"https:\/\/www.visitsoglianoalrubicone.it\/wp-content\/uploads\/2021\/07\/visit-sogliano-al-rubicone-scopri-sogliano-nel-cuore-della-natura-sic-montetiffi-alto-uso-1-1.jpg 485w, https:\/\/www.visitsoglianoalrubicone.it\/wp-content\/uploads\/2021\/07\/visit-sogliano-al-rubicone-scopri-sogliano-nel-cuore-della-natura-sic-montetiffi-alto-uso-1-1-300x239.jpg 300w\" sizes=\"(max-width: 485px) 100vw, 485px\"\" \/>\n\t\t<div class=\"figc no-description\">\n\t\t\t<div class=\"figc-inner\">\n\t\t\t\t\t\t\t\t\t\t\t\t\t\t\t<\/div>\n\t\t<\/div>\n\n\t<\/div>\n\n<\/div><div class=\"modula-item effect-pufrobo\" >\n\t<div class=\"modula-item-overlay\"><\/div>\n\n\t<div class=\"modula-item-content\">\n\n\t\t\t\t\n\t\t\t\t\t<a data-image-id=\"3651\" href=\"https:\/\/www.visitsoglianoalrubicone.it\/wp-content\/uploads\/2021\/07\/visit-sogliano-al-rubicone-scopri-sogliano-nel-cuore-della-natura-sic-montetiffi-alto-uso-2.jpg\" rel=\"jtg-3648\" data-caption=\"\" class=\"tile-inner modula-item-link\"><\/a>\n\t\t\n\t\t<img class=\"pic\"  data-valign=\"middle\" data-halign=\"center\" alt=\"\" data-full=\"https:\/\/www.visitsoglianoalrubicone.it\/wp-content\/uploads\/2021\/07\/visit-sogliano-al-rubicone-scopri-sogliano-nel-cuore-della-natura-sic-montetiffi-alto-uso-2.jpg\" title=\"visit sogliano al rubicone - scopri sogliano - nel cuore della natura - sic montetiffi alto uso (2)\" width=\"928\" height=\"1024\" src=\"https:\/\/www.visitsoglianoalrubicone.it\/wp-content\/uploads\/2021\/07\/visit-sogliano-al-rubicone-scopri-sogliano-nel-cuore-della-natura-sic-montetiffi-alto-uso-2-928x1024.jpg\" data-src=\"https:\/\/www.visitsoglianoalrubicone.it\/wp-content\/uploads\/2021\/07\/visit-sogliano-al-rubicone-scopri-sogliano-nel-cuore-della-natura-sic-montetiffi-alto-uso-2-928x1024.jpg\" data-caption=\"\"srcset=\"https:\/\/www.visitsoglianoalrubicone.it\/wp-content\/uploads\/2021\/07\/visit-sogliano-al-rubicone-scopri-sogliano-nel-cuore-della-natura-sic-montetiffi-alto-uso-2-928x1024.jpg 928w, https:\/\/www.visitsoglianoalrubicone.it\/wp-content\/uploads\/2021\/07\/visit-sogliano-al-rubicone-scopri-sogliano-nel-cuore-della-natura-sic-montetiffi-alto-uso-2-272x300.jpg 272w, https:\/\/www.visitsoglianoalrubicone.it\/wp-content\/uploads\/2021\/07\/visit-sogliano-al-rubicone-scopri-sogliano-nel-cuore-della-natura-sic-montetiffi-alto-uso-2-768x848.jpg 768w, https:\/\/www.visitsoglianoalrubicone.it\/wp-content\/uploads\/2021\/07\/visit-sogliano-al-rubicone-scopri-sogliano-nel-cuore-della-natura-sic-montetiffi-alto-uso-2.jpg 1339w\" sizes=\"(max-width: 928px) 100vw, 928px\"\" \/>\n\t\t<div class=\"figc no-description\">\n\t\t\t<div class=\"figc-inner\">\n\t\t\t\t\t\t\t\t\t\t\t\t\t\t\t<\/div>\n\t\t<\/div>\n\n\t<\/div>\n\n<\/div><div class=\"modula-item effect-pufrobo\" >\n\t<div class=\"modula-item-overlay\"><\/div>\n\n\t<div class=\"modula-item-content\">\n\n\t\t\t\t\n\t\t\t\t\t<a data-image-id=\"3652\" href=\"https:\/\/www.visitsoglianoalrubicone.it\/wp-content\/uploads\/2021\/07\/visit-sogliano-al-rubicone-scopri-sogliano-nel-cuore-della-natura-sic-montetiffi-alto-uso-3.jpg\" rel=\"jtg-3648\" data-caption=\"\" class=\"tile-inner modula-item-link\"><\/a>\n\t\t\n\t\t<img class=\"pic\"  data-valign=\"middle\" data-halign=\"center\" alt=\"\" data-full=\"https:\/\/www.visitsoglianoalrubicone.it\/wp-content\/uploads\/2021\/07\/visit-sogliano-al-rubicone-scopri-sogliano-nel-cuore-della-natura-sic-montetiffi-alto-uso-3.jpg\" title=\"visit sogliano al rubicone - scopri sogliano - nel cuore della natura - sic montetiffi alto uso (3)\" width=\"1024\" height=\"768\" src=\"https:\/\/www.visitsoglianoalrubicone.it\/wp-content\/uploads\/2021\/07\/visit-sogliano-al-rubicone-scopri-sogliano-nel-cuore-della-natura-sic-montetiffi-alto-uso-3-1024x768.jpg\" data-src=\"https:\/\/www.visitsoglianoalrubicone.it\/wp-content\/uploads\/2021\/07\/visit-sogliano-al-rubicone-scopri-sogliano-nel-cuore-della-natura-sic-montetiffi-alto-uso-3-1024x768.jpg\" data-caption=\"\"srcset=\"https:\/\/www.visitsoglianoalrubicone.it\/wp-content\/uploads\/2021\/07\/visit-sogliano-al-rubicone-scopri-sogliano-nel-cuore-della-natura-sic-montetiffi-alto-uso-3-1024x768.jpg 1024w, https:\/\/www.visitsoglianoalrubicone.it\/wp-content\/uploads\/2021\/07\/visit-sogliano-al-rubicone-scopri-sogliano-nel-cuore-della-natura-sic-montetiffi-alto-uso-3-300x225.jpg 300w, https:\/\/www.visitsoglianoalrubicone.it\/wp-content\/uploads\/2021\/07\/visit-sogliano-al-rubicone-scopri-sogliano-nel-cuore-della-natura-sic-montetiffi-alto-uso-3-768x576.jpg 768w, https:\/\/www.visitsoglianoalrubicone.it\/wp-content\/uploads\/2021\/07\/visit-sogliano-al-rubicone-scopri-sogliano-nel-cuore-della-natura-sic-montetiffi-alto-uso-3-1536x1152.jpg 1536w, https:\/\/www.visitsoglianoalrubicone.it\/wp-content\/uploads\/2021\/07\/visit-sogliano-al-rubicone-scopri-sogliano-nel-cuore-della-natura-sic-montetiffi-alto-uso-3-2048x1536.jpg 2048w\" sizes=\"(max-width: 1024px) 100vw, 1024px\"\" \/>\n\t\t<div class=\"figc no-description\">\n\t\t\t<div class=\"figc-inner\">\n\t\t\t\t\t\t\t\t\t\t\t\t\t\t\t<\/div>\n\t\t<\/div>\n\n\t<\/div>\n\n<\/div><div class=\"modula-item effect-pufrobo\" >\n\t<div class=\"modula-item-overlay\"><\/div>\n\n\t<div class=\"modula-item-content\">\n\n\t\t\t\t\n\t\t\t\t\t<a data-image-id=\"3653\" href=\"https:\/\/www.visitsoglianoalrubicone.it\/wp-content\/uploads\/2021\/07\/visit-sogliano-al-rubicone-scopri-sogliano-nel-cuore-della-natura-sic-montetiffi-alto-uso-4-scaled.jpg\" rel=\"jtg-3648\" data-caption=\"\" class=\"tile-inner modula-item-link\"><\/a>\n\t\t\n\t\t<img class=\"pic\"  data-valign=\"middle\" data-halign=\"center\" alt=\"\" data-full=\"https:\/\/www.visitsoglianoalrubicone.it\/wp-content\/uploads\/2021\/07\/visit-sogliano-al-rubicone-scopri-sogliano-nel-cuore-della-natura-sic-montetiffi-alto-uso-4.jpg\" title=\"visit sogliano al rubicone - scopri sogliano - nel cuore della natura - sic montetiffi alto uso (4)\" width=\"1024\" height=\"685\" src=\"https:\/\/www.visitsoglianoalrubicone.it\/wp-content\/uploads\/2021\/07\/visit-sogliano-al-rubicone-scopri-sogliano-nel-cuore-della-natura-sic-montetiffi-alto-uso-4-1024x685.jpg\" data-src=\"https:\/\/www.visitsoglianoalrubicone.it\/wp-content\/uploads\/2021\/07\/visit-sogliano-al-rubicone-scopri-sogliano-nel-cuore-della-natura-sic-montetiffi-alto-uso-4-1024x685.jpg\" data-caption=\"\"srcset=\"https:\/\/www.visitsoglianoalrubicone.it\/wp-content\/uploads\/2021\/07\/visit-sogliano-al-rubicone-scopri-sogliano-nel-cuore-della-natura-sic-montetiffi-alto-uso-4-scaled-1024x685.jpg 1024w, https:\/\/www.visitsoglianoalrubicone.it\/wp-content\/uploads\/2021\/07\/visit-sogliano-al-rubicone-scopri-sogliano-nel-cuore-della-natura-sic-montetiffi-alto-uso-4-300x201.jpg 300w, https:\/\/www.visitsoglianoalrubicone.it\/wp-content\/uploads\/2021\/07\/visit-sogliano-al-rubicone-scopri-sogliano-nel-cuore-della-natura-sic-montetiffi-alto-uso-4-768x514.jpg 768w, https:\/\/www.visitsoglianoalrubicone.it\/wp-content\/uploads\/2021\/07\/visit-sogliano-al-rubicone-scopri-sogliano-nel-cuore-della-natura-sic-montetiffi-alto-uso-4-1536x1028.jpg 1536w, https:\/\/www.visitsoglianoalrubicone.it\/wp-content\/uploads\/2021\/07\/visit-sogliano-al-rubicone-scopri-sogliano-nel-cuore-della-natura-sic-montetiffi-alto-uso-4-2048x1371.jpg 2048w\" sizes=\"(max-width: 1024px) 100vw, 1024px\"\" \/>\n\t\t<div class=\"figc no-description\">\n\t\t\t<div class=\"figc-inner\">\n\t\t\t\t\t\t\t\t\t\t\t\t\t\t\t<\/div>\n\t\t<\/div>\n\n\t<\/div>\n\n<\/div><div class=\"modula-item effect-pufrobo\" >\n\t<div class=\"modula-item-overlay\"><\/div>\n\n\t<div class=\"modula-item-content\">\n\n\t\t\t\t\n\t\t\t\t\t<a data-image-id=\"3654\" href=\"https:\/\/www.visitsoglianoalrubicone.it\/wp-content\/uploads\/2021\/07\/visit-sogliano-al-rubicone-scopri-sogliano-nel-cuore-della-natura-sic-montetiffi-alto-uso-5.jpg\" rel=\"jtg-3648\" data-caption=\"\" class=\"tile-inner modula-item-link\"><\/a>\n\t\t\n\t\t<img class=\"pic\"  data-valign=\"middle\" data-halign=\"center\" alt=\"\" data-full=\"https:\/\/www.visitsoglianoalrubicone.it\/wp-content\/uploads\/2021\/07\/visit-sogliano-al-rubicone-scopri-sogliano-nel-cuore-della-natura-sic-montetiffi-alto-uso-5.jpg\" title=\"visit sogliano al rubicone - scopri sogliano - nel cuore della natura - sic montetiffi alto uso (5)\" width=\"1024\" height=\"686\" src=\"https:\/\/www.visitsoglianoalrubicone.it\/wp-content\/uploads\/2021\/07\/visit-sogliano-al-rubicone-scopri-sogliano-nel-cuore-della-natura-sic-montetiffi-alto-uso-5-1024x686.jpg\" data-src=\"https:\/\/www.visitsoglianoalrubicone.it\/wp-content\/uploads\/2021\/07\/visit-sogliano-al-rubicone-scopri-sogliano-nel-cuore-della-natura-sic-montetiffi-alto-uso-5-1024x686.jpg\" data-caption=\"\"srcset=\"https:\/\/www.visitsoglianoalrubicone.it\/wp-content\/uploads\/2021\/07\/visit-sogliano-al-rubicone-scopri-sogliano-nel-cuore-della-natura-sic-montetiffi-alto-uso-5-1024x686.jpg 1024w, https:\/\/www.visitsoglianoalrubicone.it\/wp-content\/uploads\/2021\/07\/visit-sogliano-al-rubicone-scopri-sogliano-nel-cuore-della-natura-sic-montetiffi-alto-uso-5-300x201.jpg 300w, https:\/\/www.visitsoglianoalrubicone.it\/wp-content\/uploads\/2021\/07\/visit-sogliano-al-rubicone-scopri-sogliano-nel-cuore-della-natura-sic-montetiffi-alto-uso-5-768x515.jpg 768w, https:\/\/www.visitsoglianoalrubicone.it\/wp-content\/uploads\/2021\/07\/visit-sogliano-al-rubicone-scopri-sogliano-nel-cuore-della-natura-sic-montetiffi-alto-uso-5-1536x1030.jpg 1536w, https:\/\/www.visitsoglianoalrubicone.it\/wp-content\/uploads\/2021\/07\/visit-sogliano-al-rubicone-scopri-sogliano-nel-cuore-della-natura-sic-montetiffi-alto-uso-5.jpg 1920w\" sizes=\"(max-width: 1024px) 100vw, 1024px\"\" \/>\n\t\t<div class=\"figc no-description\">\n\t\t\t<div class=\"figc-inner\">\n\t\t\t\t\t\t\t\t\t\t\t\t\t\t\t<\/div>\n\t\t<\/div>\n\n\t<\/div>\n\n<\/div><div class=\"modula-item effect-pufrobo\" >\n\t<div class=\"modula-item-overlay\"><\/div>\n\n\t<div class=\"modula-item-content\">\n\n\t\t\t\t\n\t\t\t\t\t<a data-image-id=\"3655\" href=\"https:\/\/www.visitsoglianoalrubicone.it\/wp-content\/uploads\/2021\/07\/visit-sogliano-al-rubicone-scopri-sogliano-nel-cuore-della-natura-sic-montetiffi-alto-uso-6.jpg\" rel=\"jtg-3648\" data-caption=\"\" class=\"tile-inner modula-item-link\"><\/a>\n\t\t\n\t\t<img class=\"pic\"  data-valign=\"middle\" data-halign=\"center\" alt=\"\" data-full=\"https:\/\/www.visitsoglianoalrubicone.it\/wp-content\/uploads\/2021\/07\/visit-sogliano-al-rubicone-scopri-sogliano-nel-cuore-della-natura-sic-montetiffi-alto-uso-6.jpg\" title=\"visit sogliano al rubicone - scopri sogliano - nel cuore della natura - sic montetiffi alto uso (6)\" width=\"1024\" height=\"685\" src=\"https:\/\/www.visitsoglianoalrubicone.it\/wp-content\/uploads\/2021\/07\/visit-sogliano-al-rubicone-scopri-sogliano-nel-cuore-della-natura-sic-montetiffi-alto-uso-6-1024x685.jpg\" data-src=\"https:\/\/www.visitsoglianoalrubicone.it\/wp-content\/uploads\/2021\/07\/visit-sogliano-al-rubicone-scopri-sogliano-nel-cuore-della-natura-sic-montetiffi-alto-uso-6-1024x685.jpg\" data-caption=\"\"srcset=\"https:\/\/www.visitsoglianoalrubicone.it\/wp-content\/uploads\/2021\/07\/visit-sogliano-al-rubicone-scopri-sogliano-nel-cuore-della-natura-sic-montetiffi-alto-uso-6-1024x685.jpg 1024w, https:\/\/www.visitsoglianoalrubicone.it\/wp-content\/uploads\/2021\/07\/visit-sogliano-al-rubicone-scopri-sogliano-nel-cuore-della-natura-sic-montetiffi-alto-uso-6-300x201.jpg 300w, https:\/\/www.visitsoglianoalrubicone.it\/wp-content\/uploads\/2021\/07\/visit-sogliano-al-rubicone-scopri-sogliano-nel-cuore-della-natura-sic-montetiffi-alto-uso-6-768x514.jpg 768w, https:\/\/www.visitsoglianoalrubicone.it\/wp-content\/uploads\/2021\/07\/visit-sogliano-al-rubicone-scopri-sogliano-nel-cuore-della-natura-sic-montetiffi-alto-uso-6-1536x1028.jpg 1536w, https:\/\/www.visitsoglianoalrubicone.it\/wp-content\/uploads\/2021\/07\/visit-sogliano-al-rubicone-scopri-sogliano-nel-cuore-della-natura-sic-montetiffi-alto-uso-6.jpg 1787w\" sizes=\"(max-width: 1024px) 100vw, 1024px\"\" \/>\n\t\t<div class=\"figc no-description\">\n\t\t\t<div class=\"figc-inner\">\n\t\t\t\t\t\t\t\t\t\t\t\t\t\t\t<\/div>\n\t\t<\/div>\n\n\t<\/div>\n\n<\/div>\t\t\n\t<\/div>\n\n\t\n\t\n\t<script type=\"application\/ld+json\">\n\t{\n\t\t\"@context\": \"http:\/\/schema.org\",\n\t\t\"@type\"   : \"ImageGallery\",\n\t\t\"id\"      : \"https:\/\/www.visitsoglianoalrubicone.it\/fr\/wp-json\/wp\/v2\/pages\/17470\/\",\n\t\t\"url\"     : \"https:\/\/www.visitsoglianoalrubicone.it\/fr\/wp-json\/wp\/v2\/pages\/17470\/\"\n\t}\n\n    <\/script>\n\n\t\n<\/div>[\/vc_column_text][vc_empty_space height=\u00a0\u00bb50px\u00a0\u00bb][\/vc_column_inner][\/vc_row_inner][\/vc_column][\/vc_row]<\/p>\n","protected":false},"excerpt":{"rendered":"<p>[vc_row full_width=\u00a0\u00bbstretch_row_content_no_spaces\u00a0\u00bb][vc_column][vc_single_image image=\u00a0\u00bb17474&Prime; img_size=\u00a0\u00bb1920 x 450&Prime; alignment=\u00a0\u00bbcenter\u00a0\u00bb el_class=\u00a0\u00bbinfotronik_banner_pagina\u00a0\u00bb][vc_empty_space height=\u00a0\u00bb20px\u00a0\u00bb][vc_row_inner][vc_column_inner][vc_column_text]La r\u00e9gion de Montetiffi Alto Uso est une zone naturelle prot\u00e9g\u00e9e situ\u00e9e en&#8230;<\/p>\n","protected":false},"author":3,"featured_media":17475,"parent":20310,"menu_order":0,"comment_status":"closed","ping_status":"closed","template":"","meta":{"loftloader_page_shortcode":""},"_links":{"self":[{"href":"https:\/\/www.visitsoglianoalrubicone.it\/fr\/wp-json\/wp\/v2\/pages\/17470"}],"collection":[{"href":"https:\/\/www.visitsoglianoalrubicone.it\/fr\/wp-json\/wp\/v2\/pages"}],"about":[{"href":"https:\/\/www.visitsoglianoalrubicone.it\/fr\/wp-json\/wp\/v2\/types\/page"}],"author":[{"embeddable":true,"href":"https:\/\/www.visitsoglianoalrubicone.it\/fr\/wp-json\/wp\/v2\/users\/3"}],"replies":[{"embeddable":true,"href":"https:\/\/www.visitsoglianoalrubicone.it\/fr\/wp-json\/wp\/v2\/comments?post=17470"}],"version-history":[{"count":17,"href":"https:\/\/www.visitsoglianoalrubicone.it\/fr\/wp-json\/wp\/v2\/pages\/17470\/revisions"}],"predecessor-version":[{"id":39630,"href":"https:\/\/www.visitsoglianoalrubicone.it\/fr\/wp-json\/wp\/v2\/pages\/17470\/revisions\/39630"}],"up":[{"embeddable":true,"href":"https:\/\/www.visitsoglianoalrubicone.it\/fr\/wp-json\/wp\/v2\/pages\/20310"}],"wp:featuredmedia":[{"embeddable":true,"href":"https:\/\/www.visitsoglianoalrubicone.it\/fr\/wp-json\/wp\/v2\/media\/17475"}],"wp:attachment":[{"href":"https:\/\/www.visitsoglianoalrubicone.it\/fr\/wp-json\/wp\/v2\/media?parent=17470"}],"curies":[{"name":"wp","href":"https:\/\/api.w.org\/{rel}","templated":true}]}}