{"id":18052,"date":"2021-07-05T13:45:18","date_gmt":"2021-07-05T13:45:18","guid":{"rendered":"https:\/\/www.visitsoglianoalrubicone.it\/comment-sy-rendre\/"},"modified":"2024-12-06T10:12:11","modified_gmt":"2024-12-06T10:12:11","slug":"comment-sy-rendre","status":"publish","type":"page","link":"https:\/\/www.visitsoglianoalrubicone.it\/fr\/planifier-un-voyage\/comment-sy-rendre\/","title":{"rendered":"Comment s&rsquo;y rendre"},"content":{"rendered":"<p>[vc_row full_width=\u00a0\u00bbstretch_row_content_no_spaces\u00a0\u00bb][vc_column][vc_single_image image=\u00a0\u00bb18053&Prime; img_size=\u00a0\u00bb1920 x 300&Prime; alignment=\u00a0\u00bbcenter\u00a0\u00bb el_class=\u00a0\u00bbinfotronik_banner_pagina\u00a0\u00bb]\n\t\t\t<section class=\"do-normal-page-title-section\">\n\t\t\t\t<div class=\"container\">\n\t\t\t\t\t<div class=\"row uppercase\">\n\t\t\t\n\t\t\t\t\t\t<div class=\"do-page-title-wrapper\">\n\t\t\t\t\t\t\t<div class=\"do-default-page-title col-md-7 col-sm-7 col-xs-12\">\n\t\t\t\t\t\t\t\t<h2 info=13 class=\"infotronik_page_title_big\">Come Arrivare<\/h2>\n\t\t\t\t\t\t\t\t<p><\/p>\n\t\t\t\t\t\t\t<\/div>\n\t\t\t\n\t\t\t\t\t\t\t<div class=\"do-breadcumb\"><ul><li><a class=\"infotronik_breadcrumb_cut\" href=\"https:\/\/www.visitsoglianoalrubicone.it\/fr\/planifier-un-voyage\/\">PLANIFIER UN VOYAGE<\/a><\/li><\/ul><\/div>\n\t\t\t\t\t\t<\/div>\n\t\t\t\n\t\t\t\t\t<\/div>\n\t\t\t\t<\/div>\n\t\t\t<\/section>\n\t\t[vc_empty_space height=\u00a0\u00bb20px\u00a0\u00bb][vc_row_inner][vc_column_inner][vc_column_text]Sogliano al Rubicone est situ\u00e9 au c\u0153ur de la Romagne, \u00e0 courte distance de la Riviera Romagnola, d&rsquo;importantes villes d&rsquo;art et de zones prot\u00e9g\u00e9es par l&rsquo;Unesco telles que Ravenne, Urbino et le parc forestier du Casentino, pour ne citer que les plus proches. <strong><em>pour d\u00e9couvrir la r\u00e9gion de l&rsquo;\u00c9milie-Romagne<\/em><\/strong> et l&rsquo;Italie de l&rsquo;art, des saveurs et de la nature ![\/vc_column_text][vc_empty_space height=\u00a0\u00bb20px\u00a0\u00bb][vc_gmaps link=\u00a0\u00bb#E-8_JTNDaWZyYW1lJTIwc3JjJTNEJTIyaHR0cHMlM0ElMkYlMkZ3d3cuZ29vZ2xlLmNvbSUyRm1hcHMlMkZlbWJlZCUzRnBiJTNEJTIxMW0xOCUyMTFtMTIlMjExbTMlMjExZDE2NDI1ODQuNzU5MDM4NjkxOSUyMTJkMTEuMzQ1ODYwOTExMDg4NTAyJTIxM2Q0NC4xMjQwNTM4Mzc2MzQ3NyUyMTJtMyUyMTFmMCUyMTJmMCUyMTNmMCUyMTNtMiUyMTFpMTAyNCUyMTJpNzY4JTIxNGYxMy4xJTIxM20zJTIxMW0yJTIxMXMweDEzMmM5Nzc1MjUxZmEyYjUlMjUzQTB4ZWY1N2IwM2VmNTY3ZTA2NCUyMTJzU29nbGlhbm8lMjUyMGFsJTI1MjBSdWJpY29uZSUyMTVlMSUyMTNtMiUyMTFzaXQlMjEyc2l0JTIxNHYxNjI1ODQyMzY3OTk0JTIxNW0yJTIxMXNpdCUyMTJzaXQlMjIlMjB3aWR0aCUzRCUyMjEwMCUyNSUyMiUyMGhlaWdodCUzRCUyMjQ1MCUyMiUyMHN0eWxlJTNEJTIyYm9yZGVyJTNBMCUzQiUyMiUyMGFsbG93ZnVsbHNjcmVlbiUzRCUyMiUyMiUyMGxvYWRpbmclM0QlMjJsYXp5JTIyJTNFJTNDJTJGaWZyYW1lJTNF\u00a0\u00bb][vc_empty_space height=\u00a0\u00bb20px\u00a0\u00bb][\/vc_column_inner][\/vc_row_inner][vc_row_inner][vc_column_inner width=\u00a0\u00bb1\/3&Prime;][vc_column_text]<strong>EN VOITURE<\/strong><\/p>\n<ul>\n<li><strong>Depuis le nord (Brenner, Milan, Bologne)<\/strong>: autoroute A14 en direction d&rsquo;Anc\u00f4ne. Prenez la sortie Valle del Rubicone et continuez sur la SP11 jusqu&rsquo;\u00e0 Sogliano al Rubicone. <\/li>\n<li><strong>Depuis le sud (Bari, Lecce, Pescara, Ancona)<\/strong>: autoroute A14 en direction de Bologne. Prenez la sortie Valle del Rubicone et continuez sur la SP11 jusqu&rsquo;\u00e0 Sogliano al Rubicone. <\/li>\n<li><strong>De Rome<\/strong>: Autoroute E45. Prenez la sortie pour Bivio Montegelli et continuez sur la SP79 jusqu&rsquo;\u00e0 la jonction avec la SP11 qui m\u00e8ne \u00e0 Sogliano al Rubicone. <\/li>\n<li><strong>De Venise<\/strong>: SS309 Romea en direction de Ravenne, \u00e0 Ravenne continuez sur la E55 et la E45 (en direction de Rome) jusqu&rsquo;\u00e0 Bivio Montegelli, continuez sur la SP79 jusqu&rsquo;au croisement avec la SP11 menant \u00e0 Sogliano al Rubicone.<\/li>\n<li><strong>Depuis Rimini<\/strong>: SS9 (Via Emilia) jusqu&rsquo;\u00e0 Santarcangelo ou Savignano sul Rubicone, puis SP11 jusqu&rsquo;\u00e0 Sogliano al Rubicone.<\/li>\n<li><strong>De Florence :<\/strong> Autoroute du Soleil jusqu&rsquo;\u00e0 Arezzo, puis continuer sur la SS 73 jusqu&rsquo;\u00e0 Sansepolcro o\u00f9 vous prendrez la E\/45 (en direction de Ravenne) jusqu&rsquo;\u00e0 Bivio Montegelli, continuer sur la SP79 jusqu&rsquo;\u00e0 la jonction avec la SP11 jusqu&rsquo;\u00e0 Sogliano al Rubicone.<\/li>\n<\/ul>\n<p>Pour plus d&rsquo;informations :<br \/>\n<a href=\"https:\/\/www.autostrade.it\/it\/home\">www.autostrade.it\/it\/home<\/a>[\/vc_column_text][\/vc_column_inner][vc_column_inner width=\u00a0\u00bb1\/3&Prime;][vc_column_text]<strong>EN BUS<\/strong><\/p>\n<p>Sogliano al Rubicone est desservie par les lignes de transport urbain de Start Romagna, qui relient \u00e9galement la ville \u00e0 d&rsquo;autres localit\u00e9s du bassin de Rimini, Cesena et Ravenne. Les billets de bus peuvent \u00eatre achet\u00e9s dans les bureaux de tabac, les points bus ou sur les applications<strong>MyCicero<\/strong>, <strong>DropTicket<\/strong>, <strong>Muver <\/strong>et <strong>Roger<\/strong>.<\/p>\n<p>Lignes principales : De Rimini-Marebello-Riccione-Santarcangelo : LINEA 169 De Cesena FS &#8211; Longiano &#8211; Savignano FS &#8211; Perticara : LINEA 140 &#8211; 141 &#8211; 146 De Mercato Saraceno : LINEA 145 Info et lignes :<a href=\"http:\/\/www.startromagna.it\" target=\"_blank\" rel=\"noopener\">www.startromagna.it<\/a> ou <a href=\"https:\/\/moovit.com\/it\/features-it\/\" target=\"_blank\" rel=\"noopener\">Moovit<\/a> app[\/vc_column_text][vc_single_image image=\u00a0\u00bb18055&Prime; img_size=\u00a0\u00bbfull\u00a0\u00bb alignment=\u00a0\u00bbcenter\u00a0\u00bb][\/vc_column_inner][vc_column_inner width=\u00a0\u00bb1\/3&Prime;][vc_column_text]<strong>EN TRAIN<\/strong><br \/>\n<strong><br \/>\nEn provenance du nord et du sud<\/strong>: arrivez aux gares de Cesena ou de Rimini, desservies par des trains nationaux \u00e0 grande vitesse. \u00c0 l&rsquo;ext\u00e9rieur de la gare, vous trouverez des arr\u00eats de bus pour la ligne StartRomagna. De Cesena, prenez la ligne LINEA 140 &#8211; 141 &#8211; 146 pour Sogliano al Rubicone, de Rimini la ligne 169. Il est \u00e9galement possible d&rsquo;arriver \u00e0 la gare de Cesena ou de Rimini et de continuer avec le train r\u00e9gional jusqu&rsquo;\u00e0 Savignano Sul Rubicone. A la sortie de la gare, les lignes StartRomagna 140 &#8211; 141 &#8211; 146 conduisent \u00e0 Sogliano al Rubicone.<br \/>\nInfo et lignes : <a href=\"http:\/\/www.trenitalia.it\" target=\"_blank\" rel=\"noopener\">www.trenitalia.it<\/a> Info et lignes :<a href=\"http:\/\/www.startromagna.it\" target=\"_blank\" rel=\"noopener\">www.startromagna.it<\/a> ou <a href=\"https:\/\/moovit.com\/it\/features-it\/\" target=\"_blank\" rel=\"noopener\">Moovit<\/a> app  <\/p>\n<p><strong>PAR AIR<\/strong><\/p>\n<p>Sogliano al Rubicone est proche de trois a\u00e9roports internationaux :<\/p>\n<ul>\n<li><strong>A\u00e9roport BLQ G. Marconi de Bologne<\/strong> &#8211; 120 km de Sogliano al Rubicone<\/li>\n<li><strong>RMI F. Fellini di Rimini<\/strong> &#8211; 33 km de Sogliano al Rubicone<\/li>\n<li><strong>A\u00e9roport FRL L. Ridolfi \u00e0 Forl\u00ec<\/strong> &#8211; 43 km de Sogliano al Rubicone<\/li>\n<li><strong>AOI\/LIPY A\u00e9roport d&rsquo;Anc\u00f4ne Falconara<\/strong> &#8211; 120 km de Sogliano al Rubicone<\/li>\n<\/ul>\n<p>Continuez en voiture comme indiqu\u00e9.[\/vc_column_text][\/vc_column_inner][\/vc_row_inner][vc_row_inner][vc_column_inner][vc_empty_space height=\u00a0\u00bb50px\u00a0\u00bb][vc_column_text]<div class=\"pt-cv-wrapper\"><div class=\"pt-cv-view pt-cv-grid pt-cv-colsys\" id=\"pt-cv-view-0dd2fc3cez\"><div data-id=\"pt-cv-page-1\" class=\"pt-cv-page\" data-cvc=\"2\"><div class=\"col-md-6 col-sm-6 col-xs-12 pt-cv-content-item pt-cv-1-col\" ><div class='pt-cv-ifield'><a href=\"https:\/\/www.visitsoglianoalrubicone.it\/fr\/planifier-un-voyage\/stationnement-et-aires-de-stationnement\/\" class=\"_self pt-cv-href-thumbnail pt-cv-thumb-default\" target=\"_self\" ><img width=\"1024\" height=\"768\" src=\"https:\/\/www.visitsoglianoalrubicone.it\/wp-content\/uploads\/2021\/07\/Visit-Sogliano-Pianifica-Viaggio-Parcheggi-Aree-Sosta-Banner-Resized.jpg\" class=\"pt-cv-thumbnail\" alt=\"\" loading=\"lazy\" srcset=\"https:\/\/www.visitsoglianoalrubicone.it\/wp-content\/uploads\/2021\/07\/Visit-Sogliano-Pianifica-Viaggio-Parcheggi-Aree-Sosta-Banner-Resized.jpg 1024w, https:\/\/www.visitsoglianoalrubicone.it\/wp-content\/uploads\/2021\/07\/Visit-Sogliano-Pianifica-Viaggio-Parcheggi-Aree-Sosta-Banner-Resized-300x225.jpg 300w, https:\/\/www.visitsoglianoalrubicone.it\/wp-content\/uploads\/2021\/07\/Visit-Sogliano-Pianifica-Viaggio-Parcheggi-Aree-Sosta-Banner-Resized-768x576.jpg 768w\" sizes=\"(max-width: 1024px) 100vw, 1024px\" \/><\/a>\n<h6 class=\"pt-cv-title\"><a href=\"https:\/\/www.visitsoglianoalrubicone.it\/fr\/planifier-un-voyage\/stationnement-et-aires-de-stationnement\/\" class=\"_self\" target=\"_self\" >Stationnement et aires de stationnement<\/a><\/h6><\/div><\/div><\/div><\/div><\/div>[\/vc_column_text][vc_empty_space height=\u00a0\u00bb50px\u00a0\u00bb][\/vc_column_inner][\/vc_row_inner][\/vc_column][\/vc_row]<\/p>\n","protected":false},"excerpt":{"rendered":"<p>[vc_row full_width=\u00a0\u00bbstretch_row_content_no_spaces\u00a0\u00bb][vc_column][vc_single_image image=\u00a0\u00bb18053&Prime; img_size=\u00a0\u00bb1920 x 300&Prime; alignment=\u00a0\u00bbcenter\u00a0\u00bb el_class=\u00a0\u00bbinfotronik_banner_pagina\u00a0\u00bb][vc_empty_space height=\u00a0\u00bb20px\u00a0\u00bb][vc_row_inner][vc_column_inner][vc_column_text]Sogliano al Rubicone est situ\u00e9 au c\u0153ur de la Romagne, \u00e0 courte distance&#8230;<\/p>\n","protected":false},"author":1,"featured_media":18055,"parent":20440,"menu_order":0,"comment_status":"closed","ping_status":"closed","template":"","meta":{"loftloader_page_shortcode":""},"_links":{"self":[{"href":"https:\/\/www.visitsoglianoalrubicone.it\/fr\/wp-json\/wp\/v2\/pages\/18052"}],"collection":[{"href":"https:\/\/www.visitsoglianoalrubicone.it\/fr\/wp-json\/wp\/v2\/pages"}],"about":[{"href":"https:\/\/www.visitsoglianoalrubicone.it\/fr\/wp-json\/wp\/v2\/types\/page"}],"author":[{"embeddable":true,"href":"https:\/\/www.visitsoglianoalrubicone.it\/fr\/wp-json\/wp\/v2\/users\/1"}],"replies":[{"embeddable":true,"href":"https:\/\/www.visitsoglianoalrubicone.it\/fr\/wp-json\/wp\/v2\/comments?post=18052"}],"version-history":[{"count":2,"href":"https:\/\/www.visitsoglianoalrubicone.it\/fr\/wp-json\/wp\/v2\/pages\/18052\/revisions"}],"predecessor-version":[{"id":18076,"href":"https:\/\/www.visitsoglianoalrubicone.it\/fr\/wp-json\/wp\/v2\/pages\/18052\/revisions\/18076"}],"up":[{"embeddable":true,"href":"https:\/\/www.visitsoglianoalrubicone.it\/fr\/wp-json\/wp\/v2\/pages\/20440"}],"wp:featuredmedia":[{"embeddable":true,"href":"https:\/\/www.visitsoglianoalrubicone.it\/fr\/wp-json\/wp\/v2\/media\/18055"}],"wp:attachment":[{"href":"https:\/\/www.visitsoglianoalrubicone.it\/fr\/wp-json\/wp\/v2\/media?parent=18052"}],"curies":[{"name":"wp","href":"https:\/\/api.w.org\/{rel}","templated":true}]}}