{"id":18349,"date":"2023-06-25T10:17:43","date_gmt":"2023-06-25T10:17:43","guid":{"rendered":"https:\/\/www.visitsoglianoalrubicone.it\/sogliano-al-rubicone-le-pays-de-la-piadina\/"},"modified":"2026-04-22T09:59:24","modified_gmt":"2026-04-22T09:59:24","slug":"sogliano-al-rubicone-le-pays-de-la-piadina","status":"publish","type":"page","link":"https:\/\/www.visitsoglianoalrubicone.it\/fr\/gout\/gastronomie-et-produits-typiques\/piadina-romagnola\/sogliano-al-rubicone-le-pays-de-la-piadina\/","title":{"rendered":"Sogliano al Rubicone &#8211; Le pays de la Piadina"},"content":{"rendered":"<p>[vc_row full_width=\u00a0\u00bbstretch_row_content_no_spaces\u00a0\u00bb content_placement=\u00a0\u00bbtop\u00a0\u00bb][vc_column][vc_single_image image=\u00a0\u00bb18350&Prime; img_size=\u00a0\u00bb1920 x 450&Prime; alignment=\u00a0\u00bbcenter\u00a0\u00bb el_class=\u00a0\u00bbinfotronik_banner_pagina\u00a0\u00bb]\n\t\t\t<section class=\"do-normal-page-title-section infotronik_page_title_section_little\">\n\t\t\t\t<div class=\"container\">\n\t\t\t\t\t<div class=\"row uppercase\">\n\t\t\t\n\t\t\t\t\t\t<div class=\"do-page-title-wrapper\">\n\t\t\t\t\t\t\t<div class=\"do-default-page-title col-md-7 col-sm-7 col-xs-12\">\n\t\t\t\t\t\t\t\t<h2 info=39 class=\"infotronik_page_title_little\">Sogliano al Rubicone - Terra di Piadina<\/h2>\n\t\t\t\t\t\t\t\t<p><\/p>\n\t\t\t\t\t\t\t<\/div>\n\t\t\t\n\t\t\t\t\t\t\t<div class=\"do-breadcumb\"><ul><li><a class=\"infotronik_breadcrumb_cut\" href=\"https:\/\/www.visitsoglianoalrubicone.it\/fr\/gout\/gastronomie-et-produits-typiques\/\">Gastronomie et produits typiques<\/a><\/li><li><a class=\"infotronik_breadcrumb_cut\" href=\"https:\/\/www.visitsoglianoalrubicone.it\/fr\/gout\/gastronomie-et-produits-typiques\/piadina-romagnola\/\">Piadina Romagnola<\/a><\/li><\/ul><\/div>\n\t\t\t\t\t\t<\/div>\n\t\t\t\n\t\t\t\t\t<\/div>\n\t\t\t\t<\/div>\n\t\t\t<\/section>\n\t\t[vc_empty_space height=\u00a0\u00bb20px\u00a0\u00bb][vc_row_inner][vc_column_inner][vc_column_text]<strong>\u00ab Sogliano al Rubicone &#8211; Terra di Piadina \u00bb <\/strong>est la marque de fabrique des produits obtenus \u00e0 partir de c\u00e9r\u00e9ales anciennes biologiques des collines de Sogliano al Rubicone, broy\u00e9es par <a href=\"https:\/\/www.facebook.com\/molinopransani\" target=\"_blank\" rel=\"noopener\"><strong>Molino Pransani<\/strong><\/a>, qui est un point de r\u00e9f\u00e9rence pr\u00e9cieux pour les agriculteurs depuis 1921.<\/p>\n<p>Le <strong> projet \u00ab Sogliano al Rubicone &#8211; Terra di Piadina \u00bb<\/strong> est promu par la municipalit\u00e9 de Sogliano al Rubicone, le Conseil agricole, le moulin de Pransani et la soci\u00e9t\u00e9 \u00ab Le Teglie di Montetiffi \u00bb.<\/p>\n<p>Lorsque vous entrez dans un lieu arborant le <strong>logo \u00ab Sogliano al Rubicone &#8211; Terra di Piadina \u00bb,<\/strong> vous \u00eates s\u00fbr d\u2019acheter ou de manger une piadina n\u00e9e de la passion, faite avec du bl\u00e9 ancien originaire de la r\u00e9gion de Sogliano et cultiv\u00e9e avec des m\u00e9thodes naturelles respectant la cha\u00eene d\u2019approvisionnement biologique des c\u00e9r\u00e9ales anciennes.<\/p>\n<p>La piada, par cons\u00e9quent, est plus parfum\u00e9e et poss\u00e8de un go\u00fbt caract\u00e9ristique ; il est plus digestible car il est pauvre en gluten et plus riche en nutriments ; l\u2019apoth\u00e9ose de son parfum s\u2019obtient en le cuissant sur la \u00ab <a href=\"https:\/\/www.visitsoglianoalrubicone.it\/fr\/gout\/gastronomie-et-produits-typiques\/casseroles-montetiffi\/\" target=\"_blank\" rel=\"noopener\"><strong> Teglia di Montetiffi <\/strong><\/a> \u00bb, fabriqu\u00e9e \u00e0 la main avec de l\u2019argile \u00ab Terra di Porosa \u00bb, pour red\u00e9couvrir la saveur unique, l\u2019histoire, le travail et les anciennes traditions de Sogliano.<\/p>\n<p><span style=\"font-weight: 400;\">La piadina romagnola, \u00e9galement appel\u00e9e piada, est un produit alimentaire typique de la Romagne, un v\u00e9ritable symbole de simplicit\u00e9, de territorialit\u00e9 et d\u2019authenticit\u00e9 aujourd\u2019hui c\u00e9l\u00e8bre dans le monde entier ; c\u2019est<\/span> l\u2019ic\u00f4ne par excellence de la Romagne et elle s\u2019accorde bien avec <a href=\"https:\/\/www.visitsoglianoalrubicone.it\/fr\/gout\/gastronomie-et-produits-typiques\/fromage-fossa-de-sogliano-aop\/\" target=\"_blank\" rel=\"noopener\"><strong>le Formaggio di Fossa di Sogliano DOP <\/strong><\/a> , ainsi qu\u2019avec du squacquerone, de la roquette, du jambon cru, du salami, du saba,  Sav\u00f2r ou figues caram\u00e9lis\u00e9es.<br \/>\nPour le dire selon Giovanni Pascoli : \u00ab pain, ou plut\u00f4t la nourriture nationale des Romagnoli \u00bb<\/p>\n<p><em><strong>O\u00f9 puis-je le go\u00fbter ?<br \/>\nVoici les commer\u00e7ants participant au projet :<\/strong><\/em><\/p>\n<ul>\n<li><a href=\"https:\/\/www.visitsoglianoalrubicone.it\/fr\/portfolio\/ferme-marchese-di-corbaglia\/\" target=\"_blank\" rel=\"noopener\">Agritourisme Il Marchese di Corbaglia<\/a> &#8211; Loc. Santa Maria Riopetra, Sogliano al Rubicone (FC) <\/li>\n<li><a href=\"https:\/\/www.visitsoglianoalrubicone.it\/fr\/portfolio\/ferme-la-rocca\/\" target=\"_blank\" rel=\"noopener\">Agriturismo La Rocca<\/a> &#8211; Loc. Ponte Uso, Sogliano al Rubicone (FC) <\/li>\n<li><a href=\"https:\/\/www.visitsoglianoalrubicone.it\/portfolio\/albergo-ristorante-il-parco\/\" target=\"_blank\" rel=\"noopener\">H\u00f4tel Restaurant Il Parco<\/a> &#8211; Loc. Bagnolo, Sogliano al Rubicone (FC) <\/li>\n<li><a href=\"https:\/\/www.visitsoglianoalrubicone.it\/fr\/portfolio\/pain-et-fantaisie\/\" target=\"_blank\" rel=\"noopener\">Forno Pane e Fantasia<\/a> &#8211; Sogliano al Rubicone (FC)<\/li>\n<li><a href=\"https:\/\/www.visitsoglianoalrubicone.it\/portfolio\/azienda-agricola-il-fornaccio\/\" target=\"_blank\" rel=\"noopener\">Il Fornaccio Az. Agricola <\/a>  &#8211; Loc. Ville Montetiffi, Sogliano al Rubicone (FC) <\/li>\n<li><a href=\"https:\/\/www.visitsoglianoalrubicone.it\/portfolio\/osteria-tera\/\" target=\"_blank\" rel=\"noopener\">Piccola Osteria Ter\u00e0<\/a> &#8211; Sogliano al Rubicone (FC)<\/li>\n<li><a href=\"https:\/\/www.facebook.com\/profile.php?id=100057657901101\" target=\"_blank\" rel=\"noopener\">Trattoria bar Pizzeria del Bivio<\/a> &#8211; Loc. Bivio Montegelli, Sogliano al Rubicone (FC) <\/li>\n<li><a href=\"https:\/\/www.tripadvisor.it\/Restaurant_Review-g194681-d1861355-Reviews-Locanda_Giovanna-Bagno_di_Romagna_Province_of_Forli_Cesena_Emilia_Romagna.html\">Locanda Trattoria Giovanna<\/a> &#8211; Bagno di Romagna (FC)<\/li>\n<li><a href=\"https:\/\/www.facebook.com\/AMBROSOLI280\/\">Ambrosoli 280<\/a> &#8211; Cesena (FC)<\/li>\n<li><a href=\"https:\/\/www.frescopiada.com\/\">Fresque Piada<\/a> &#8211; Riccione (RN)<\/li>\n<li><a href=\"http:\/\/jmenu.it\/dadodi-piadineria-roncofreddo\/\">Dadodi<\/a> &#8211; Roncofreddo (FC)<\/li>\n<li><a href=\"https:\/\/piadineriaelmatt.com\/\">Piadineria El Matt<\/a> &#8211; Bellaria (infirmi\u00e8re dipl\u00f4m\u00e9e)<\/li>\n<li><a href=\"https:\/\/www.agriturismocamporosso.com\/\">Agriturismo Campo Rosso<\/a> &#8211; Civitella di Romagna (FC)<\/li>\n<\/ul>\n<p><strong><em>Vous avez un restaurant ou une entreprise de restauration ? Utilisez-vous les farines Molino Pransani ? <\/em><\/strong><br \/>\nSi vous souhaitez rejoindre le projet, demandez des informations en envoyant un e-mail avec l\u2019objet : Info Sogliano al Rubicone &#8211; Terra di Piadina<br \/>\nou en appelant :<br \/>\n<a href=\"mailto:cultura@comune.sogliano.fc.it\" target=\"_blank\" rel=\"noopener\">cultura@comune.sogliano.fc.it<\/a> &#8211; 0541\/817328<br \/>\n<a href=\"mailto:ufficioturistico@comune.sogliano.fc.it\" target=\"_blank\" rel=\"noopener\">ufficioturistico@comune.sogliano.fc.<wbr><\/wbr>IT<\/a> &#8211; 0541\/817340[\/vc_column_text][\/vc_column_inner][\/vc_row_inner][vc_row_inner][vc_column_inner][vc_empty_space][\/vc_column_inner][\/vc_row_inner][vc_row_inner][vc_column_inner][vc_video link=\u00a0\u00bbhttps:\/\/youtu.be\/jc1YwlNostc\u00a0\u00bb align=\u00a0\u00bbcenter\u00a0\u00bb title=\u00a0\u00bbSogliano al Rubicone &#8211; Pays de la Piadina (pr\u00e9sentation commerciale)\u00a0\u00bb][vc_empty_space][vc_video link=\u00a0\u00bbhttps:\/\/youtu.be\/YPiyfG_E9fM\u00a0\u00bb align=\u00a0\u00bbcenter\u00a0\u00bb title=\u00a0\u00bbTerra di Piadina &#8211; En savoir plus sur le projet\u00a0\u00bb][vc_text_separator title=\u00a0\u00bbGalerie de photos\u00a0\u00bb title_align=\u00a0\u00bbseparator_align_left\u00a0\u00bb align=\u00a0\u00bbalign_left\u00a0\u00bb color=\u00a0\u00bbcustom\u00a0\u00bb accent_color=\u00a0\u00bb#fc7f0c\u00a0\u00bb][vc_empty_space][vc_column_text]<style>#jtg-5547 .modula-item .jtg-social a, .lightbox-socials.jtg-social a{ color: #ffffff }#jtg-5547 .modula-item .jtg-social svg, .lightbox-socials.jtg-social svg { height: 16px; width: 16px }#jtg-5547 .modula-item .jtg-social a:not(:last-child), .lightbox-socials.jtg-social a:not(:last-child) { margin-right: 10px }#jtg-5547 .modula-item .figc {color:#ffffff;}#jtg-5547 .modula-item .modula-item-content { transform: scale(1) }#jtg-5547 { width:100%;}#jtg-5547 .modula-items .figc p.description { font-size:14px; }#jtg-5547 .modula-items .figc p.description { color:#ffffff;}#jtg-5547.modula-gallery .modula-item > a, #jtg-5547.modula-gallery .modula-item, #jtg-5547.modula-gallery .modula-item-content > a { cursor:zoom-in; } @media screen and (max-width:480px){#jtg-5547 .modula-item .figc .jtg-title {  font-size: 12px; }#jtg-5547 .modula-items .figc p.description { color:#ffffff;font-size:10px; }}<\/style>\n<!-- Gallery Container -->\n<div  id=\"jtg-5547\" class=\"modula modula-gallery modula-columns\" data-config=\"{&quot;enableTwitter&quot;:false,&quot;enableWhatsapp&quot;:false,&quot;enableFacebook&quot;:false,&quot;enablePinterest&quot;:false,&quot;enableLinkedin&quot;:false,&quot;enableEmail&quot;:false,&quot;randomFactor&quot;:0.5,&quot;type&quot;:&quot;grid&quot;,&quot;columns&quot;:12,&quot;gutter&quot;:10,&quot;mobileGutter&quot;:10,&quot;tabletGutter&quot;:10,&quot;desktopGutter&quot;:10,&quot;enableResponsive&quot;:&quot;0&quot;,&quot;tabletColumns&quot;:&quot;2&quot;,&quot;mobileColumns&quot;:&quot;1&quot;,&quot;lazyLoad&quot;:&quot;0&quot;,&quot;lightboxOpts&quot;:{&quot;loop&quot;:false,&quot;arrows&quot;:true,&quot;toolbar&quot;:true,&quot;keyboard&quot;:false,&quot;wheel&quot;:false,&quot;buttons&quot;:[&quot;close&quot;],&quot;hash&quot;:false,&quot;lang&quot;:&quot;en&quot;,&quot;touch&quot;:false,&quot;protect&quot;:false,&quot;i18n&quot;:{&quot;en&quot;:{&quot;CLOSE&quot;:&quot;Close&quot;,&quot;NEXT&quot;:&quot;Next&quot;,&quot;PREV&quot;:&quot;Previous&quot;,&quot;Error&quot;:&quot;The requested content cannot be loaded. Please try again later.&quot;,&quot;PLAY_START&quot;:&quot;Start slideshow&quot;,&quot;PLAY_STOP&quot;:&quot;Pause slideshow&quot;,&quot;FULL_SCREEN&quot;:&quot;Full screen&quot;,&quot;THUMBS&quot;:&quot;Thumbnails&quot;,&quot;DOWNLOAD&quot;:&quot;Download&quot;,&quot;SHARE&quot;:&quot;Share&quot;,&quot;ZOOM&quot;:&quot;Zoom&quot;}},&quot;clickSlide&quot;:false,&quot;clickOutside&quot;:false,&quot;dblclickContent&quot;:false,&quot;dblclickSlide&quot;:false,&quot;dblclickOutside&quot;:false,&quot;clickContent&quot;:false,&quot;baseTpl&quot;:&quot;&lt;div class=\\&quot;modula-fancybox-container modula-lightbox-jtg-5547\\&quot; role=\\&quot;dialog\\&quot; tabindex=\\&quot;-1\\&quot;&gt;&lt;div class=\\&quot;modula-fancybox-bg\\&quot;&gt;&lt;\\\/div&gt;&lt;div class=\\&quot;modula-fancybox-inner\\&quot;&gt;&lt;div class=\\&quot;modula-fancybox-infobar\\&quot;&gt;&lt;span data-fancybox-index&gt;&lt;\\\/span&gt;&nbsp;\\\/&nbsp;&lt;span data-fancybox-count&gt;&lt;\\\/span&gt;&lt;\\\/div&gt;&lt;div class=\\&quot;modula-fancybox-toolbar\\&quot;&gt;{{buttons}}&lt;\\\/div&gt;&lt;div class=\\&quot;modula-fancybox-navigation\\&quot;&gt;{{arrows}}&lt;\\\/div&gt;&lt;div class=\\&quot;modula-fancybox-stage\\&quot;&gt;&lt;\\\/div&gt;&lt;div class=\\&quot;modula-fancybox-caption\\&quot;&gt;&lt;div class=\\&quot;modula-fancybox-caption__body\\&quot;&gt;&lt;\\\/div&gt;&lt;\\\/div&gt;&lt;\\\/div&gt;&lt;\\\/div&gt;&quot;},&quot;inView&quot;:false,&quot;email_subject&quot;:&quot;Check out this awesome image !!&quot;,&quot;email_message&quot;:&quot;Here is the link to the image : %%image_link%% and this is the link to the gallery : %%gallery_link%%&quot;,&quot;grid_type&quot;:&quot;automatic&quot;,&quot;rowHeight&quot;:150,&quot;lastRow&quot;:&quot;justify&quot;,&quot;lightbox&quot;:&quot;fancybox&quot;}\">\n\n\t\n\t<!-- Items Container -->\n\t<div  class=\"modula-items grid-gallery\">\n\t\t<div class=\"modula-item effect-pufrobo\" >\n\t<div class=\"modula-item-overlay\"><\/div>\n\n\t<div class=\"modula-item-content\">\n\n\t\t\t\t\n\t\t\t\t\t<a data-image-id=\"5552\" href=\"https:\/\/www.visitsoglianoalrubicone.it\/wp-content\/uploads\/2021\/08\/Visit-Sogliano-Gusta-Prodotti-Tipici-piadina-romagnola-1.jpg\" rel=\"jtg-5547\" data-caption=\"\" class=\"tile-inner modula-item-link\"><\/a>\n\t\t\n\t\t<img class=\"pic\"  data-valign=\"middle\" data-halign=\"center\" alt=\"\" data-full=\"https:\/\/www.visitsoglianoalrubicone.it\/wp-content\/uploads\/2021\/08\/Visit-Sogliano-Gusta-Prodotti-Tipici-piadina-romagnola-1.jpg\" title=\"Visit-Sogliano-Gusta-Prodotti-Tipici-piadina-romagnola (1)\" width=\"600\" height=\"400\" src=\"https:\/\/www.visitsoglianoalrubicone.it\/wp-content\/uploads\/2021\/08\/Visit-Sogliano-Gusta-Prodotti-Tipici-piadina-romagnola-1.jpg\" data-src=\"https:\/\/www.visitsoglianoalrubicone.it\/wp-content\/uploads\/2021\/08\/Visit-Sogliano-Gusta-Prodotti-Tipici-piadina-romagnola-1.jpg\" data-caption=\"\"srcset=\"https:\/\/www.visitsoglianoalrubicone.it\/wp-content\/uploads\/2021\/08\/Visit-Sogliano-Gusta-Prodotti-Tipici-piadina-romagnola-1.jpg 600w, https:\/\/www.visitsoglianoalrubicone.it\/wp-content\/uploads\/2021\/08\/Visit-Sogliano-Gusta-Prodotti-Tipici-piadina-romagnola-1-300x200.jpg 300w\" sizes=\"(max-width: 600px) 100vw, 600px\"\" \/>\n\t\t<div class=\"figc no-description\">\n\t\t\t<div class=\"figc-inner\">\n\t\t\t\t\t\t\t\t\t\t\t\t\t\t\t<\/div>\n\t\t<\/div>\n\n\t<\/div>\n\n<\/div><div class=\"modula-item effect-pufrobo\" >\n\t<div class=\"modula-item-overlay\"><\/div>\n\n\t<div class=\"modula-item-content\">\n\n\t\t\t\t\n\t\t\t\t\t<a data-image-id=\"5551\" href=\"https:\/\/www.visitsoglianoalrubicone.it\/wp-content\/uploads\/2021\/08\/Visit-Sogliano-Gusta-Prodotti-Tipici-piadina-romagnola-5.jpg\" rel=\"jtg-5547\" data-caption=\"\" class=\"tile-inner modula-item-link\"><\/a>\n\t\t\n\t\t<img class=\"pic\"  data-valign=\"middle\" data-halign=\"center\" alt=\"\" data-full=\"https:\/\/www.visitsoglianoalrubicone.it\/wp-content\/uploads\/2021\/08\/Visit-Sogliano-Gusta-Prodotti-Tipici-piadina-romagnola-5.jpg\" title=\"Visit-Sogliano-Gusta-Prodotti-Tipici-piadina-romagnola (5)\" width=\"1024\" height=\"768\" src=\"https:\/\/www.visitsoglianoalrubicone.it\/wp-content\/uploads\/2021\/08\/Visit-Sogliano-Gusta-Prodotti-Tipici-piadina-romagnola-5.jpg\" data-src=\"https:\/\/www.visitsoglianoalrubicone.it\/wp-content\/uploads\/2021\/08\/Visit-Sogliano-Gusta-Prodotti-Tipici-piadina-romagnola-5.jpg\" data-caption=\"\"srcset=\"https:\/\/www.visitsoglianoalrubicone.it\/wp-content\/uploads\/2021\/08\/Visit-Sogliano-Gusta-Prodotti-Tipici-piadina-romagnola-5.jpg 1024w, https:\/\/www.visitsoglianoalrubicone.it\/wp-content\/uploads\/2021\/08\/Visit-Sogliano-Gusta-Prodotti-Tipici-piadina-romagnola-5-300x225.jpg 300w, https:\/\/www.visitsoglianoalrubicone.it\/wp-content\/uploads\/2021\/08\/Visit-Sogliano-Gusta-Prodotti-Tipici-piadina-romagnola-5-768x576.jpg 768w\" sizes=\"(max-width: 1024px) 100vw, 1024px\"\" \/>\n\t\t<div class=\"figc no-description\">\n\t\t\t<div class=\"figc-inner\">\n\t\t\t\t\t\t\t\t\t\t\t\t\t\t\t<\/div>\n\t\t<\/div>\n\n\t<\/div>\n\n<\/div><div class=\"modula-item effect-pufrobo\" >\n\t<div class=\"modula-item-overlay\"><\/div>\n\n\t<div class=\"modula-item-content\">\n\n\t\t\t\t\n\t\t\t\t\t<a data-image-id=\"5550\" href=\"https:\/\/www.visitsoglianoalrubicone.it\/wp-content\/uploads\/2021\/08\/Visit-Sogliano-Gusta-Prodotti-Tipici-piadina-romagnola-4.jpg\" rel=\"jtg-5547\" data-caption=\"\" class=\"tile-inner modula-item-link\"><\/a>\n\t\t\n\t\t<img class=\"pic\"  data-valign=\"middle\" data-halign=\"center\" alt=\"\" data-full=\"https:\/\/www.visitsoglianoalrubicone.it\/wp-content\/uploads\/2021\/08\/Visit-Sogliano-Gusta-Prodotti-Tipici-piadina-romagnola-4.jpg\" title=\"Visit-Sogliano-Gusta-Prodotti-Tipici-piadina-romagnola (4)\" width=\"1024\" height=\"642\" src=\"https:\/\/www.visitsoglianoalrubicone.it\/wp-content\/uploads\/2021\/08\/Visit-Sogliano-Gusta-Prodotti-Tipici-piadina-romagnola-4-1024x642.jpg\" data-src=\"https:\/\/www.visitsoglianoalrubicone.it\/wp-content\/uploads\/2021\/08\/Visit-Sogliano-Gusta-Prodotti-Tipici-piadina-romagnola-4-1024x642.jpg\" data-caption=\"\"srcset=\"https:\/\/www.visitsoglianoalrubicone.it\/wp-content\/uploads\/2021\/08\/Visit-Sogliano-Gusta-Prodotti-Tipici-piadina-romagnola-4-1024x642.jpg 1024w, https:\/\/www.visitsoglianoalrubicone.it\/wp-content\/uploads\/2021\/08\/Visit-Sogliano-Gusta-Prodotti-Tipici-piadina-romagnola-4-300x188.jpg 300w, https:\/\/www.visitsoglianoalrubicone.it\/wp-content\/uploads\/2021\/08\/Visit-Sogliano-Gusta-Prodotti-Tipici-piadina-romagnola-4-768x482.jpg 768w, https:\/\/www.visitsoglianoalrubicone.it\/wp-content\/uploads\/2021\/08\/Visit-Sogliano-Gusta-Prodotti-Tipici-piadina-romagnola-4-1536x963.jpg 1536w, https:\/\/www.visitsoglianoalrubicone.it\/wp-content\/uploads\/2021\/08\/Visit-Sogliano-Gusta-Prodotti-Tipici-piadina-romagnola-4.jpg 1799w\" sizes=\"(max-width: 1024px) 100vw, 1024px\"\" \/>\n\t\t<div class=\"figc no-description\">\n\t\t\t<div class=\"figc-inner\">\n\t\t\t\t\t\t\t\t\t\t\t\t\t\t\t<\/div>\n\t\t<\/div>\n\n\t<\/div>\n\n<\/div><div class=\"modula-item effect-pufrobo\" >\n\t<div class=\"modula-item-overlay\"><\/div>\n\n\t<div class=\"modula-item-content\">\n\n\t\t\t\t\n\t\t\t\t\t<a data-image-id=\"5548\" href=\"https:\/\/www.visitsoglianoalrubicone.it\/wp-content\/uploads\/2021\/08\/Visit-Sogliano-Gusta-Prodotti-Tipici-piadina-romagnola-2-scaled.jpg\" rel=\"jtg-5547\" data-caption=\"\" class=\"tile-inner modula-item-link\"><\/a>\n\t\t\n\t\t<img class=\"pic\"  data-valign=\"middle\" data-halign=\"center\" alt=\"\" data-full=\"https:\/\/www.visitsoglianoalrubicone.it\/wp-content\/uploads\/2021\/08\/Visit-Sogliano-Gusta-Prodotti-Tipici-piadina-romagnola-2.jpg\" title=\"Visit-Sogliano-Gusta-Prodotti-Tipici-piadina-romagnola (2)\" width=\"1024\" height=\"678\" src=\"https:\/\/www.visitsoglianoalrubicone.it\/wp-content\/uploads\/2021\/08\/Visit-Sogliano-Gusta-Prodotti-Tipici-piadina-romagnola-2-1024x678.jpg\" data-src=\"https:\/\/www.visitsoglianoalrubicone.it\/wp-content\/uploads\/2021\/08\/Visit-Sogliano-Gusta-Prodotti-Tipici-piadina-romagnola-2-1024x678.jpg\" data-caption=\"\"srcset=\"https:\/\/www.visitsoglianoalrubicone.it\/wp-content\/uploads\/2021\/08\/Visit-Sogliano-Gusta-Prodotti-Tipici-piadina-romagnola-2-scaled-1024x678.jpg 1024w, https:\/\/www.visitsoglianoalrubicone.it\/wp-content\/uploads\/2021\/08\/Visit-Sogliano-Gusta-Prodotti-Tipici-piadina-romagnola-2-300x199.jpg 300w, https:\/\/www.visitsoglianoalrubicone.it\/wp-content\/uploads\/2021\/08\/Visit-Sogliano-Gusta-Prodotti-Tipici-piadina-romagnola-2-768x508.jpg 768w, https:\/\/www.visitsoglianoalrubicone.it\/wp-content\/uploads\/2021\/08\/Visit-Sogliano-Gusta-Prodotti-Tipici-piadina-romagnola-2-1536x1017.jpg 1536w, https:\/\/www.visitsoglianoalrubicone.it\/wp-content\/uploads\/2021\/08\/Visit-Sogliano-Gusta-Prodotti-Tipici-piadina-romagnola-2-2048x1356.jpg 2048w\" sizes=\"(max-width: 1024px) 100vw, 1024px\"\" \/>\n\t\t<div class=\"figc no-description\">\n\t\t\t<div class=\"figc-inner\">\n\t\t\t\t\t\t\t\t\t\t\t\t\t\t\t<\/div>\n\t\t<\/div>\n\n\t<\/div>\n\n<\/div><div class=\"modula-item effect-pufrobo\" >\n\t<div class=\"modula-item-overlay\"><\/div>\n\n\t<div class=\"modula-item-content\">\n\n\t\t\t\t\n\t\t\t\t\t<a data-image-id=\"5549\" href=\"https:\/\/www.visitsoglianoalrubicone.it\/wp-content\/uploads\/2021\/08\/Visit-Sogliano-Gusta-Prodotti-Tipici-piadina-romagnola-3-scaled.jpg\" rel=\"jtg-5547\" data-caption=\"\" class=\"tile-inner modula-item-link\"><\/a>\n\t\t\n\t\t<img class=\"pic\"  data-valign=\"middle\" data-halign=\"center\" alt=\"\" data-full=\"https:\/\/www.visitsoglianoalrubicone.it\/wp-content\/uploads\/2021\/08\/Visit-Sogliano-Gusta-Prodotti-Tipici-piadina-romagnola-3.jpg\" title=\"Visit-Sogliano-Gusta-Prodotti-Tipici-piadina-romagnola (3)\" width=\"1024\" height=\"688\" src=\"https:\/\/www.visitsoglianoalrubicone.it\/wp-content\/uploads\/2021\/08\/Visit-Sogliano-Gusta-Prodotti-Tipici-piadina-romagnola-3-1024x688.jpg\" data-src=\"https:\/\/www.visitsoglianoalrubicone.it\/wp-content\/uploads\/2021\/08\/Visit-Sogliano-Gusta-Prodotti-Tipici-piadina-romagnola-3-1024x688.jpg\" data-caption=\"\"srcset=\"https:\/\/www.visitsoglianoalrubicone.it\/wp-content\/uploads\/2021\/08\/Visit-Sogliano-Gusta-Prodotti-Tipici-piadina-romagnola-3-scaled-1024x688.jpg 1024w, https:\/\/www.visitsoglianoalrubicone.it\/wp-content\/uploads\/2021\/08\/Visit-Sogliano-Gusta-Prodotti-Tipici-piadina-romagnola-3-300x201.jpg 300w, https:\/\/www.visitsoglianoalrubicone.it\/wp-content\/uploads\/2021\/08\/Visit-Sogliano-Gusta-Prodotti-Tipici-piadina-romagnola-3-768x516.jpg 768w, https:\/\/www.visitsoglianoalrubicone.it\/wp-content\/uploads\/2021\/08\/Visit-Sogliano-Gusta-Prodotti-Tipici-piadina-romagnola-3-1536x1031.jpg 1536w, https:\/\/www.visitsoglianoalrubicone.it\/wp-content\/uploads\/2021\/08\/Visit-Sogliano-Gusta-Prodotti-Tipici-piadina-romagnola-3-2048x1375.jpg 2048w\" sizes=\"(max-width: 1024px) 100vw, 1024px\"\" \/>\n\t\t<div class=\"figc no-description\">\n\t\t\t<div class=\"figc-inner\">\n\t\t\t\t\t\t\t\t\t\t\t\t\t\t\t<\/div>\n\t\t<\/div>\n\n\t<\/div>\n\n<\/div>\t\t\n\t<\/div>\n\n\t\n\t\n\t<script type=\"application\/ld+json\">\n\t{\n\t\t\"@context\": \"http:\/\/schema.org\",\n\t\t\"@type\"   : \"ImageGallery\",\n\t\t\"id\"      : \"https:\/\/www.visitsoglianoalrubicone.it\/fr\/wp-json\/wp\/v2\/pages\/18349\/\",\n\t\t\"url\"     : \"https:\/\/www.visitsoglianoalrubicone.it\/fr\/wp-json\/wp\/v2\/pages\/18349\/\"\n\t}\n\n    <\/script>\n\n\t\n<\/div>[\/vc_column_text][vc_empty_space height=\u00a0\u00bb50px\u00a0\u00bb][\/vc_column_inner][\/vc_row_inner][\/vc_column][\/vc_row]<\/p>\n","protected":false},"excerpt":{"rendered":"<p>[vc_row full_width=\u00a0\u00bbstretch_row_content_no_spaces\u00a0\u00bb content_placement=\u00a0\u00bbtop\u00a0\u00bb][vc_column][vc_single_image image=\u00a0\u00bb18350&Prime; img_size=\u00a0\u00bb1920 x 450&Prime; alignment=\u00a0\u00bbcenter\u00a0\u00bb el_class=\u00a0\u00bbinfotronik_banner_pagina\u00a0\u00bb][vc_empty_space height=\u00a0\u00bb20px\u00a0\u00bb][vc_row_inner][vc_column_inner][vc_column_text]\u00ab Sogliano al Rubicone &#8211; Terra di Piadina \u00bb est la marque&#8230;<\/p>\n","protected":false},"author":3,"featured_media":18351,"parent":18739,"menu_order":0,"comment_status":"closed","ping_status":"closed","template":"","meta":{"loftloader_page_shortcode":""},"_links":{"self":[{"href":"https:\/\/www.visitsoglianoalrubicone.it\/fr\/wp-json\/wp\/v2\/pages\/18349"}],"collection":[{"href":"https:\/\/www.visitsoglianoalrubicone.it\/fr\/wp-json\/wp\/v2\/pages"}],"about":[{"href":"https:\/\/www.visitsoglianoalrubicone.it\/fr\/wp-json\/wp\/v2\/types\/page"}],"author":[{"embeddable":true,"href":"https:\/\/www.visitsoglianoalrubicone.it\/fr\/wp-json\/wp\/v2\/users\/3"}],"replies":[{"embeddable":true,"href":"https:\/\/www.visitsoglianoalrubicone.it\/fr\/wp-json\/wp\/v2\/comments?post=18349"}],"version-history":[{"count":37,"href":"https:\/\/www.visitsoglianoalrubicone.it\/fr\/wp-json\/wp\/v2\/pages\/18349\/revisions"}],"predecessor-version":[{"id":39787,"href":"https:\/\/www.visitsoglianoalrubicone.it\/fr\/wp-json\/wp\/v2\/pages\/18349\/revisions\/39787"}],"up":[{"embeddable":true,"href":"https:\/\/www.visitsoglianoalrubicone.it\/fr\/wp-json\/wp\/v2\/pages\/18739"}],"wp:featuredmedia":[{"embeddable":true,"href":"https:\/\/www.visitsoglianoalrubicone.it\/fr\/wp-json\/wp\/v2\/media\/18351"}],"wp:attachment":[{"href":"https:\/\/www.visitsoglianoalrubicone.it\/fr\/wp-json\/wp\/v2\/media?parent=18349"}],"curies":[{"name":"wp","href":"https:\/\/api.w.org\/{rel}","templated":true}]}}