{"id":18396,"date":"2022-10-10T08:22:10","date_gmt":"2022-10-10T08:22:10","guid":{"rendered":"https:\/\/www.visitsoglianoalrubicone.it\/automne-a-sogliano\/"},"modified":"2024-12-06T10:12:27","modified_gmt":"2024-12-06T10:12:27","slug":"automne-a-sogliano","status":"publish","type":"page","link":"https:\/\/www.visitsoglianoalrubicone.it\/fr\/inspire-me\/automne-a-sogliano\/","title":{"rendered":"Automne \u00e0 Sogliano"},"content":{"rendered":"<p>[vc_row full_width=\u00a0\u00bbstretch_row_content_no_spaces\u00a0\u00bb][vc_column][vc_single_image image=\u00a0\u00bb18398&Prime; img_size=\u00a0\u00bb1920 x 450&Prime; alignment=\u00a0\u00bbcenter\u00a0\u00bb el_class=\u00a0\u00bbinfotronik_banner_pagina\u00a0\u00bb]\n\t\t\t<section class=\"do-normal-page-title-section\">\n\t\t\t\t<div class=\"container\">\n\t\t\t\t\t<div class=\"row uppercase\">\n\t\t\t\n\t\t\t\t\t\t<div class=\"do-page-title-wrapper\">\n\t\t\t\t\t\t\t<div class=\"do-default-page-title col-md-7 col-sm-7 col-xs-12\">\n\t\t\t\t\t\t\t\t<h2 info=18 class=\"infotronik_page_title_big\">Autunno a Sogliano<\/h2>\n\t\t\t\t\t\t\t\t<p><\/p>\n\t\t\t\t\t\t\t<\/div>\n\t\t\t\n\t\t\t\t\t\t\t<div class=\"do-breadcumb\"><ul><li><a href=\"https:\/\/www.visitsoglianoalrubicone.it\/fr\/inspire-me\/\">INSPIRE ME<\/a><\/li><\/ul><\/div>\n\t\t\t\t\t\t<\/div>\n\t\t\t\n\t\t\t\t\t<\/div>\n\t\t\t\t<\/div>\n\t\t\t<\/section>\n\t\t[vc_empty_space height=\u00a0\u00bb50px\u00a0\u00bb][vc_row_inner][vc_column_inner][vc_column_text]L&rsquo;automne peut nous offrir un v\u00e9ritable spectacle de couleurs, de senteurs et de saveurs. Les tons vifs de l&rsquo;\u00e9t\u00e9 laissent place \u00e0 des teintes plus douces et plus chaudes, les paysages se teintent d&rsquo;<strong>orange, de rouge et d&rsquo;ocre<\/strong>, cr\u00e9ant un d\u00e9cor enchanteur dans lequel il fait bon se plonger lors de <strong>longues promenades et randonn\u00e9es <strong><strong><strong>sur les<\/strong><\/strong><\/strong> sentiers de l&rsquo;Alto Rubicone !<\/strong><br \/>\nC&rsquo;est le moment de respirer et d&rsquo;aimer les odeurs de la for\u00eat, du bois, de la terre, de la pluie et de la mousse, m\u00eal\u00e9es \u00e0 celles des fruits et des aliments d&rsquo;automne <strong>:<\/strong><strong>citrouille, grenade, raisin, champignons, ch\u00e2taignes et truffes<\/strong> ne sont que quelques-uns des d\u00e9lices que la terre nous offre au cours de ces mois. En effet, l&rsquo;automne est aussi la p\u00e9riode de l&rsquo;ann\u00e9e o\u00f9 le fromage se repose, s&rsquo;affine et se transforme dans les fosses pour devenir le <strong>\u00ab\u00a0Formaggio di Fossa di Sogliano <\/strong>\u00ab\u00a0. Le 25 novembre, jour de la Sainte-Catherine, les fosses sont ouvertes et l&rsquo;on proc\u00e8de \u00e0 la \u00ab\u00a0sfossatura\u00a0\u00bb, op\u00e9ration qui consiste \u00e0 faire remonter le fromage \u00e0 la surface. L&rsquo;or jaune de Sogliano est c\u00e9l\u00e9br\u00e9 par la <strong>foire aux fromages de Fossa, les dimanches 20, 27 novembre et 4 d\u00e9cembre.<\/strong><\/p>\n<p>&nbsp;<\/p>\n<p><strong>LIRE LA SUITE :<\/strong><\/p>\n<ul>\n<li><a href=\"https:\/\/www.visitsoglianoalrubicone.it\/scopri-sogliano\/itinerari-trekking-bike\/i-sentieri-dellalto-rubicone\/\">Les pistes du Rubicon sup\u00e9rieur<\/a><\/li>\n<li><a href=\"https:\/\/www.visitsoglianoalrubicone.it\/47-fiera-del-formaggio-di-fossa-di-sogliano-dop\/\">47e foire aux fromages de fosse de Sogliano<\/a><\/li>\n<li><a href=\"https:\/\/www.visitsoglianoalrubicone.it\/gusta\/enogastronomia-e-prodotti-tipici\/formaggio-di-fossa-di-sogliano-dop-e-non-solo\/le-fosse\/\">Les fosses<\/a><\/li>\n<li><a href=\"https:\/\/www.visitsoglianoalrubicone.it\/gusta\/enogastronomia-e-prodotti-tipici\/formaggio-di-fossa-di-sogliano-dop-e-non-solo\/\">Fromage Fossa de Sogliano AOP<\/a><\/li>\n<\/ul>\n<p>[\/vc_column_text][vc_empty_space height=\u00a0\u00bb50px\u00a0\u00bb][vc_column_text]<div class=\"pt-cv-wrapper\"><div class=\"pt-cv-view pt-cv-grid pt-cv-colsys\" id=\"pt-cv-view-8917a893w1\"><div data-id=\"pt-cv-page-1\" class=\"pt-cv-page\" data-cvc=\"4\"><div class=\"col-md-3 col-sm-6 col-xs-12 pt-cv-content-item pt-cv-1-col\" ><div class='pt-cv-ifield'><a href=\"https:\/\/www.visitsoglianoalrubicone.it\/fr\/decouvrez-sogliano\/itineraires-trekking-biking\/les-chemins-du-haut-rubicon\/\" class=\"_self pt-cv-href-thumbnail pt-cv-thumb-default\" target=\"_self\" ><img width=\"1024\" height=\"768\" src=\"https:\/\/www.visitsoglianoalrubicone.it\/wp-content\/uploads\/2021\/08\/Visit-Sogliano-al-Rubicone-scopri-sogliano-_box_sentierialtorubicone.jpg\" class=\"pt-cv-thumbnail\" alt=\"\" loading=\"lazy\" srcset=\"https:\/\/www.visitsoglianoalrubicone.it\/wp-content\/uploads\/2021\/08\/Visit-Sogliano-al-Rubicone-scopri-sogliano-_box_sentierialtorubicone.jpg 1024w, https:\/\/www.visitsoglianoalrubicone.it\/wp-content\/uploads\/2021\/08\/Visit-Sogliano-al-Rubicone-scopri-sogliano-_box_sentierialtorubicone-300x225.jpg 300w, https:\/\/www.visitsoglianoalrubicone.it\/wp-content\/uploads\/2021\/08\/Visit-Sogliano-al-Rubicone-scopri-sogliano-_box_sentierialtorubicone-768x576.jpg 768w\" sizes=\"(max-width: 1024px) 100vw, 1024px\" \/><\/a>\n<h6 class=\"pt-cv-title\"><a href=\"https:\/\/www.visitsoglianoalrubicone.it\/fr\/decouvrez-sogliano\/itineraires-trekking-biking\/les-chemins-du-haut-rubicon\/\" class=\"_self\" target=\"_self\" >Les chemins du Haut Rubicon<\/a><\/h6><\/div><\/div>\n<div class=\"col-md-3 col-sm-6 col-xs-12 pt-cv-content-item pt-cv-1-col\" ><div class='pt-cv-ifield'><a href=\"https:\/\/www.visitsoglianoalrubicone.it\/fr\/gout\/gastronomie-et-produits-typiques\/fromage-fossa-de-sogliano-aop\/\" class=\"_self pt-cv-href-thumbnail pt-cv-thumb-default\" target=\"_self\" ><img width=\"1024\" height=\"768\" src=\"https:\/\/www.visitsoglianoalrubicone.it\/wp-content\/uploads\/2021\/07\/visit-sogliano-al-rubicone-gusta-fiere-sagre-e-mercati-fiera-del-formaggio-di-fossa-di-sogliano-dop-banner-2.jpg\" class=\"pt-cv-thumbnail\" alt=\"\" loading=\"lazy\" srcset=\"https:\/\/www.visitsoglianoalrubicone.it\/wp-content\/uploads\/2021\/07\/visit-sogliano-al-rubicone-gusta-fiere-sagre-e-mercati-fiera-del-formaggio-di-fossa-di-sogliano-dop-banner-2.jpg 1024w, https:\/\/www.visitsoglianoalrubicone.it\/wp-content\/uploads\/2021\/07\/visit-sogliano-al-rubicone-gusta-fiere-sagre-e-mercati-fiera-del-formaggio-di-fossa-di-sogliano-dop-banner-2-300x225.jpg 300w, https:\/\/www.visitsoglianoalrubicone.it\/wp-content\/uploads\/2021\/07\/visit-sogliano-al-rubicone-gusta-fiere-sagre-e-mercati-fiera-del-formaggio-di-fossa-di-sogliano-dop-banner-2-768x576.jpg 768w\" sizes=\"(max-width: 1024px) 100vw, 1024px\" \/><\/a>\n<h6 class=\"pt-cv-title\"><a href=\"https:\/\/www.visitsoglianoalrubicone.it\/fr\/gout\/gastronomie-et-produits-typiques\/fromage-fossa-de-sogliano-aop\/\" class=\"_self\" target=\"_self\" >Fromage Fossa de Sogliano AOP<\/a><\/h6><\/div><\/div>\n<div class=\"col-md-3 col-sm-6 col-xs-12 pt-cv-content-item pt-cv-1-col\" ><div class='pt-cv-ifield'><a href=\"https:\/\/www.visitsoglianoalrubicone.it\/fr\/gout\/foires-festivals-et-marches\/fiera-del-formaggio-di-fossa-di-sogliano-foire-aux-fromages-aop\/\" class=\"_self pt-cv-href-thumbnail pt-cv-thumb-default\" target=\"_self\" ><img width=\"1024\" height=\"768\" src=\"https:\/\/www.visitsoglianoalrubicone.it\/wp-content\/uploads\/2025\/12\/visit-sogliano-al-rubicone-gusta-fiere-sagre-e-mercati-fiera-del-formaggio-di-fossa-di-sogliano-dop-box2.jpg\" class=\"pt-cv-thumbnail\" alt=\"\" loading=\"lazy\" srcset=\"https:\/\/www.visitsoglianoalrubicone.it\/wp-content\/uploads\/2025\/12\/visit-sogliano-al-rubicone-gusta-fiere-sagre-e-mercati-fiera-del-formaggio-di-fossa-di-sogliano-dop-box2.jpg 1024w, https:\/\/www.visitsoglianoalrubicone.it\/wp-content\/uploads\/2025\/12\/visit-sogliano-al-rubicone-gusta-fiere-sagre-e-mercati-fiera-del-formaggio-di-fossa-di-sogliano-dop-box2-300x225.jpg 300w, https:\/\/www.visitsoglianoalrubicone.it\/wp-content\/uploads\/2025\/12\/visit-sogliano-al-rubicone-gusta-fiere-sagre-e-mercati-fiera-del-formaggio-di-fossa-di-sogliano-dop-box2-768x576.jpg 768w\" sizes=\"(max-width: 1024px) 100vw, 1024px\" \/><\/a>\n<h6 class=\"pt-cv-title\"><a href=\"https:\/\/www.visitsoglianoalrubicone.it\/fr\/gout\/foires-festivals-et-marches\/fiera-del-formaggio-di-fossa-di-sogliano-foire-aux-fromages-aop\/\" class=\"_self\" target=\"_self\" >Fiera del Formaggio di Fossa di Sogliano Foire aux fromages AOP<\/a><\/h6><\/div><\/div>\n<div class=\"col-md-3 col-sm-6 col-xs-12 pt-cv-content-item pt-cv-1-col\" ><div class='pt-cv-ifield'><a href=\"https:\/\/www.visitsoglianoalrubicone.it\/fr\/gout\/gastronomie-et-produits-typiques\/fromage-fossa-de-sogliano-aop\/les-fosses\/\" class=\"_self pt-cv-href-thumbnail pt-cv-thumb-default\" target=\"_self\" ><img width=\"1024\" height=\"768\" src=\"https:\/\/www.visitsoglianoalrubicone.it\/wp-content\/uploads\/2021\/07\/Visit-Sogliano-Gusta-Prodotti-Tipici-Formaggio-di-Fossa-Infossatori-Banner-Resized.jpg\" class=\"pt-cv-thumbnail\" alt=\"\" loading=\"lazy\" srcset=\"https:\/\/www.visitsoglianoalrubicone.it\/wp-content\/uploads\/2021\/07\/Visit-Sogliano-Gusta-Prodotti-Tipici-Formaggio-di-Fossa-Infossatori-Banner-Resized.jpg 1024w, https:\/\/www.visitsoglianoalrubicone.it\/wp-content\/uploads\/2021\/07\/Visit-Sogliano-Gusta-Prodotti-Tipici-Formaggio-di-Fossa-Infossatori-Banner-Resized-300x225.jpg 300w, https:\/\/www.visitsoglianoalrubicone.it\/wp-content\/uploads\/2021\/07\/Visit-Sogliano-Gusta-Prodotti-Tipici-Formaggio-di-Fossa-Infossatori-Banner-Resized-768x576.jpg 768w\" sizes=\"(max-width: 1024px) 100vw, 1024px\" \/><\/a>\n<h6 class=\"pt-cv-title\"><a href=\"https:\/\/www.visitsoglianoalrubicone.it\/fr\/gout\/gastronomie-et-produits-typiques\/fromage-fossa-de-sogliano-aop\/les-fosses\/\" class=\"_self\" target=\"_self\" >Les fosses<\/a><\/h6><\/div><\/div><\/div><\/div><\/div>[\/vc_column_text][vc_empty_space height=\u00a0\u00bb50px\u00a0\u00bb][\/vc_column_inner][\/vc_row_inner][\/vc_column][\/vc_row]<\/p>\n","protected":false},"excerpt":{"rendered":"<p>[vc_row full_width=\u00a0\u00bbstretch_row_content_no_spaces\u00a0\u00bb][vc_column][vc_single_image image=\u00a0\u00bb18398&Prime; img_size=\u00a0\u00bb1920 x 450&Prime; alignment=\u00a0\u00bbcenter\u00a0\u00bb el_class=\u00a0\u00bbinfotronik_banner_pagina\u00a0\u00bb][vc_empty_space height=\u00a0\u00bb50px\u00a0\u00bb][vc_row_inner][vc_column_inner][vc_column_text]L&rsquo;automne peut nous offrir un v\u00e9ritable spectacle de couleurs, de senteurs et de&#8230;<\/p>\n","protected":false},"author":3,"featured_media":18401,"parent":20516,"menu_order":0,"comment_status":"closed","ping_status":"closed","template":"","meta":{"loftloader_page_shortcode":""},"_links":{"self":[{"href":"https:\/\/www.visitsoglianoalrubicone.it\/fr\/wp-json\/wp\/v2\/pages\/18396"}],"collection":[{"href":"https:\/\/www.visitsoglianoalrubicone.it\/fr\/wp-json\/wp\/v2\/pages"}],"about":[{"href":"https:\/\/www.visitsoglianoalrubicone.it\/fr\/wp-json\/wp\/v2\/types\/page"}],"author":[{"embeddable":true,"href":"https:\/\/www.visitsoglianoalrubicone.it\/fr\/wp-json\/wp\/v2\/users\/3"}],"replies":[{"embeddable":true,"href":"https:\/\/www.visitsoglianoalrubicone.it\/fr\/wp-json\/wp\/v2\/comments?post=18396"}],"version-history":[{"count":3,"href":"https:\/\/www.visitsoglianoalrubicone.it\/fr\/wp-json\/wp\/v2\/pages\/18396\/revisions"}],"predecessor-version":[{"id":20518,"href":"https:\/\/www.visitsoglianoalrubicone.it\/fr\/wp-json\/wp\/v2\/pages\/18396\/revisions\/20518"}],"up":[{"embeddable":true,"href":"https:\/\/www.visitsoglianoalrubicone.it\/fr\/wp-json\/wp\/v2\/pages\/20516"}],"wp:featuredmedia":[{"embeddable":true,"href":"https:\/\/www.visitsoglianoalrubicone.it\/fr\/wp-json\/wp\/v2\/media\/18401"}],"wp:attachment":[{"href":"https:\/\/www.visitsoglianoalrubicone.it\/fr\/wp-json\/wp\/v2\/media?parent=18396"}],"curies":[{"name":"wp","href":"https:\/\/api.w.org\/{rel}","templated":true}]}}