{"id":18436,"date":"2022-07-07T08:25:40","date_gmt":"2022-07-07T08:25:40","guid":{"rendered":"https:\/\/www.visitsoglianoalrubicone.it\/ete-2022-sogliano-events\/"},"modified":"2024-12-06T10:12:27","modified_gmt":"2024-12-06T10:12:27","slug":"ete-2022-sogliano-events","status":"publish","type":"page","link":"https:\/\/www.visitsoglianoalrubicone.it\/fr\/inspire-me\/ete-2022-sogliano-events\/","title":{"rendered":"\u00c9t\u00e9 2022 &#8211; Sogliano Events"},"content":{"rendered":"<p>[vc_row full_width=\u00a0\u00bbstretch_row_content_no_spaces\u00a0\u00bb][vc_column][vc_single_image image=\u00a0\u00bb18438&Prime; img_size=\u00a0\u00bb1920 x 450&Prime; alignment=\u00a0\u00bbcenter\u00a0\u00bb el_class=\u00a0\u00bbinfotronik_banner_pagina\u00a0\u00bb]\n\t\t\t<section class=\"do-normal-page-title-section\">\n\t\t\t\t<div class=\"container\">\n\t\t\t\t\t<div class=\"row uppercase\">\n\t\t\t\n\t\t\t\t\t\t<div class=\"do-page-title-wrapper\">\n\t\t\t\t\t\t\t<div class=\"do-default-page-title col-md-7 col-sm-7 col-xs-12\">\n\t\t\t\t\t\t\t\t<h2 info=29 class=\"infotronik_page_title_big\">Estate 2022 - Sogliano Eventi<\/h2>\n\t\t\t\t\t\t\t\t<p><\/p>\n\t\t\t\t\t\t\t<\/div>\n\t\t\t\n\t\t\t\t\t\t\t<div class=\"do-breadcumb\"><ul><li><a href=\"https:\/\/www.visitsoglianoalrubicone.it\/fr\/inspire-me\/\">INSPIRE ME<\/a><\/li><\/ul><\/div>\n\t\t\t\t\t\t<\/div>\n\t\t\t\n\t\t\t\t\t<\/div>\n\t\t\t\t<\/div>\n\t\t\t<\/section>\n\t\t[vc_empty_space height=\u00a0\u00bb50px\u00a0\u00bb][vc_row_inner][vc_column_inner][vc_column_text]L&rsquo;\u00e9t\u00e9 est chaud en Romagne et Sogliano al Rubicone est pr\u00eat \u00e0 l&rsquo;animer avec un calendrier d&rsquo;\u00e9v\u00e9nements estivaux pour tous les go\u00fbts !<\/p>\n<p><strong>Vendredi 17 et samedi 18 juin<\/strong><\/p>\n<p>M<strong>alt In Fossa 2022<\/strong> D\u00e9gustation de bi\u00e8res artisanales et itin\u00e9raire gastronomique Piazza Matteotti &#8211; Sogliano al Rubicone Vieille ville &#8211; \u00e0 partir de 20h30 Info : 0541 817340 (Office du tourisme)<\/p>\n<p><strong>Samedi 18 juin<\/strong><\/p>\n<p>O<strong>ri di Sogliano 2022 &#8211; 14\u00e8me \u00e9dition<\/strong> Festival d\u00e9di\u00e9 aux enfants et aux adultes. Piazza Matteotti &#8211; Vieille ville de Sogliano al Rubicone &#8211; \u00e0 partir de 20h30 Info : 0541 817340 (Office du Tourisme)<\/p>\n<p><strong>Samedi 25 et dimanche 26 juin<\/strong><\/p>\n<p>I<strong>l CastellORIsuona !<\/strong> Piazza Matteotti &#8211; centre historique de Sogliano al Rubicone &#8211; \u00e0 partir de 20h30 Deux week-ends de spectacles et d&rsquo;animations pour petits et grands : magie, maquillage pour enfants et bien d&rsquo;autres choses encore ! Info : 0541 817340 (Office du tourisme)<\/p>\n<p><strong>Samedi 2 et dimanche 3 juillet<\/strong><\/p>\n<p>I<strong>l CastellORIsuona !<\/strong> Piazza Matteotti &#8211; centre historique de Sogliano al Rubicone &#8211; \u00e0 partir de 20h30 Deux week-ends de spectacles et d&rsquo;animations pour petits et grands : magie, maquillage pour enfants et bien d&rsquo;autres choses encore ! Info : 0541 817340 (Office du tourisme)<\/p>\n<p><strong>Jeudi 30 juin 2022<\/strong><\/p>\n<p>E<strong>lisir Magique &#8211; Steamproject &#8211; R\u00e9p\u00e9titions d&rsquo;\u00e9t\u00e9, divertissement pour toute la famille.<\/strong> Piazzale Chiesa di Ponte Uso &#8211; loc. Ponte Uso &#8211; Sogliano al Rubicone &#8211; 21h15 Info : + 338 218 6763 (ass. culturale Diffusione Musica) <\/p>\n<p><strong>Vendredi 01 et samedi 02 juillet<\/strong><\/p>\n<p>S<strong>OGLIANOIS FESTIVAL<\/strong> Parco San Donato, Sogliano al Rubicone (hameau de Vignola) &#8211; 18h30 Entr\u00e9e libre Info : soglianois@gmail.com<\/p>\n<p><strong>Lundi 04 juillet<\/strong><\/p>\n<p>N<strong>otturni nel Bosco &#8211; Chiara Guidi &#8211; lettere dalla notte<\/strong> Lieu:Aia Bella &#8211; Savignano di Rigo Rendez-vous pour la petite promenade \u00e0 21:00 &#8211; D\u00e9but du spectacle \u00e0 21:30 Entr\u00e9e unique \u20ac 5 Billets disponibles \u00e0 l&rsquo;avance sur :<span style=\"color: #000000;\"><span style=\"font-family: Verdana, sans-serif;\"><span style=\"font-size: small;\"><a href=\"http:\/\/www.livetickets.it\/\" target=\"_blank\" rel=\"noopener\">www.livetickets.it <\/a><br \/>\n<\/span><\/span><\/span>Info : 370 3685093 (h 16-19 lun-ven et jour du spectacle)<\/p>\n<p><strong>Vendredi 08 juillet &#8211; Samedi 09 juillet<\/strong><\/p>\n<p>A<strong>NTEPRIMA SPONZ FESTIVAL : COULTURE<\/strong> Rencontres, march\u00e9 de producteurs, concerts et lectures Lieu : Centro Storico Sogliano al Rubicone &#8211; Parco San Donato &#8211; \u00e0 partir de 10h00 Entr\u00e9e : gratuite Programme complet : https:\/\/www.sponzfest.it\/2022\/programma\/ Info : 370 3685093 (h 4-7 p.m. lun-ven et jour du spectacle)<\/p>\n<p><strong>Samedi 09 juillet<\/strong><\/p>\n<p>A<strong>NTEPRIMA SPONZ FESTIVAL : VINICIO CAPOSSELA en concert + FRIESTK<\/strong> Lieu : \u00ab\u00a0Radura Ponte Rosso\u00a0\u00bb &#8211; localit\u00e9 Pietra dell&rsquo;Uso (Sogliano al Rubicone) &#8211; 20h00 Entr\u00e9e : \u20ac 27 +DDP Billets disponibles \u00e0 l&rsquo;avance sur<a href=\"https:\/\/www.liveticket.it\/caposselasogliano\">: https:\/\/www.liveticket.it\/caposselasogliano<\/a> Info : 370 3685093 (h 4-7 pm lun-ven et jour du spectacle)<\/p>\n<p><strong>Jeudi 14 juillet<\/strong><\/p>\n<p>G<strong>IOCHI DA INCUBO- Combricola dei Lillipuziani &#8211; R\u00e9p\u00e9titions d&rsquo;\u00e9t\u00e9, divertissement pour toute la famille.<\/strong> Piazzale Chiesa &#8211; loc. Montegelli (Sogliano al Rubicone) &#8211; 21h15. Info : + 338 218 6763 (ass. culturale Diffusione Musica) <\/p>\n<p><strong>Jeudi 21 juillet<\/strong><\/p>\n<p>L<strong>E VIE DEL TESORO &#8211; atuttotodospettacoli &#8211; R\u00e9p\u00e9titions d&rsquo;\u00e9t\u00e9, divertissement pour toute la famille.<\/strong> Parco San Donato &#8211; loc. Vignola (Sogliano al Rubicone) &#8211; 21h15 Info : + 338 218 6763 (ass. culturale Diffusione Musica) <\/p>\n<p><strong>Samedi 23 juillet<\/strong><br \/>\n<strong>SOGLIANO BLUES FESTIVAL 2022 &#8211; 9\u00e8me \u00e9dition<\/strong><\/p>\n<p>l<strong>ive : SUGAR BLUES \/ GRAYSON CAPPS band feat J. SINTONI \/MIKE SPONZA full band \/ BLUES EXTRAVAGANZA : SUPERDOWNHOME FRANCESCO PIU&rsquo; TRIO &#8211; CEK FRANCESCHETTI \/ SEBASTIANO LILLO trio.<\/strong> stands de nourriture, march\u00e9 et espace motards ! piazza Matteotti, Centro Storico Sogliano al Rubicone &#8211; 17:00 Entr\u00e9e gratuite Info :<a href=\"http:\/\/www.soglianoblues.it\" target=\"_blank\" rel=\"noopener\">www.soglianoblues.it <\/a> <\/p>\n<p><strong>Dimanche 24 juillet<\/strong><\/p>\n<p>L<strong>e Livre de la Jungle &#8211; Cin\u00e9ma sous les \u00e9toiles<\/strong> Piazza antistante Chiesa di Ponte Uso &#8211; Loc. Ponte Uso (Sogliano al Rubicone) &#8211; 21:00 Entr\u00e9e gratuite <\/p>\n<p><strong>Lundi 25 juillet<\/strong><\/p>\n<p>N<strong>OTTURNI NEL BOSCO &#8211; Mario Perrotta in Manuale di sopravvivenza<\/strong> Lieu : Sorgente del Rubicone &#8211; Loc Strigara (Sogliano al Rubicone) Rendez-vous des spectateurs pour la petite marche \u00e0 21h00 &#8211; D\u00e9but du spectacle \u00e0 21h30 Entr\u00e9e unique \u20ac 5 Billets disponibles \u00e0 l&rsquo;avance sur :<span style=\"color: #000000;\"><span style=\"font-family: Verdana, sans-serif;\"><span style=\"font-size: small;\"><a href=\"http:\/\/www.livetickets.it\/\" target=\"_blank\" rel=\"noopener\">www.livetickets.it<\/a><br \/>\n<\/span><\/span><\/span>Info : 370 3685093 (h 16-19 lun-ven et jour du spectacle)<\/p>\n<p><strong>Jeudi 28 juillet 2022<\/strong><\/p>\n<p>L<strong>&lsquo;\u00c9TOILE ET LA CIPRESSE<\/strong> Lieu : Abbaye de Montetiffi &#8211; Loc Montetiffi (Sogliano al Rubicone) &#8211; 21h15 Entr\u00e9e libre<\/p>\n<p><strong>Jeudi 28 juillet 2022<\/strong><\/p>\n<p>B<strong>ORGO SONORO : Margherita Zanin chante Lucio Dalla<\/strong> Lieu : Piazza Montepetra Alta, Loc. Montepetra Alta (Sogliano al Rubicone) ouverture des portes: : 20:45 &#8211; d\u00e9but du spectacle 21:00 Entr\u00e9e : \u20ac 5,00 Billets sur<a href=\"https:\/\/www.vivaticket.com\/it\/Ticket\/margherita-zanin-canta-lucio-dalla\/185773\" target=\"_blank\" rel=\"noopener\">: https:\/\/www.vivaticket.com\/it\/Ticket\/margherita-zanin-canta-lucio-dalla\/185773<\/a> Renseignements :<\/p>\n<p>Du mardi au samedi de 16h00 \u00e0 21h00 en t\u00e9l\u00e9phonant au 351.7917480 &#8211; <a href=\"mailto:info@borgosonoro.net\" target=\"_blank\" rel=\"noopener\">info@borgosonoro.net <\/a> Les billets disponibles seront mis en vente directement sur place, sous r\u00e9serve d&rsquo;une r\u00e9servation t\u00e9l\u00e9phonique obligatoire \u00e0 effectuer l&rsquo;apr\u00e8s-midi m\u00eame de chaque CONCERT, en t\u00e9l\u00e9phonant au 351.7917480 \u00e0 partir de 17h00. En cas de mauvais temps, les spectacles seront annul\u00e9s et les billets seront rembours\u00e9s par le biais du canal d&rsquo;achat. Lien :<a href=\"http:\/\/www.borgosonoro.net\" target=\"_blank\" rel=\"noopener\">www.borgosonoro.net<\/a> <\/p>\n<p><strong>Dimanche 31 juillet<\/strong><br \/>\n<strong><br \/>\n<\/strong><\/p>\n<p>1<strong>\u00e8re ROUTE TRAILS EN MUSIQUE : Il sentiero di Leonardo et musique de Pepe Medri et Timbuct\u00f9 Orkestra<\/strong> lieu et heure de rendez-vous : Agriturismo C\u00e0 Poggio (Loc. Vignola di Sogliano al Rubicone) &#8211; 17h00 billet : \u20ac 15 adultes &#8211; (tout compris) billets en vente :<a href=\"http:\/\/www.livetickets.it\" target=\"_blank\" rel=\"noopener\">www.livetickets.it<\/a> Info : 370 3685093 (h 16-19 h lun-ven et jour de la repr\u00e9sentation)<\/p>\n<p><strong>Mardi 2 ao\u00fbt<\/strong><\/p>\n<p>S<strong>pectacle pour enfants &#8211; Fiollo &#8211; R\u00e9p\u00e9titions d&rsquo;\u00e9t\u00e9, divertissement pour toute la famille.<\/strong> piazza Castello &#8211; loc. Rontagnano &#8211; Sogliano al Rubicone &#8211; 21:15 Info : + 338 218 6763 (ass. culturale Diffusione Musica)<strong>Vendredi 5 ao\u00fbt<\/strong> <strong><strong>MUSICCAMP : Spectacle final sur la place.<\/strong> piazza Matteotti, Centro Storico Sogliano al Rubicone &#8211; 20:30 Entr\u00e9e gratuite.<\/strong> <\/p>\n<p><strong>Samedi 6 ao\u00fbt<\/strong><\/p>\n<p>W<strong>illie Peyote &#8211; SoglianoSonica<\/strong> piazza Matteotti, Centro Storico Sogliano al Rubicone Ouverture des portes \u00e0 19:00 &#8211; D\u00e9but du concert \u00e0 21:00 Entr\u00e9e unique \u20ac 25,00+ddp Billets disponibles \u00e0 l&rsquo;avance sur : https:\/\/www.ticketone.it\/event\/willie-peyote-piazza-matteotti-14934657\/ Info : Ass. Culturale RetroPop Live + 39 339 214 0806 &#8211; retropoplive@gmail.com <\/p>\n<p><strong>Dimanche 7 ao\u00fbt<\/strong><\/p>\n<p>S<strong>amuele Bersani &#8211; SoglianoSonica<\/strong> piazza Matteotti, Centro Storico Sogliano al Rubicone Ouverture des portes \u00e0 19h00 &#8211; D\u00e9but du concert \u00e0 21h00 Secteur I : \u20ac 45,00+ddp &#8211; Secteur II : \u20ac 37+ddp &#8211; Secteur lat\u00e9ral \u20ac 27 +ddp Billets disponibles \u00e0 l&rsquo;avance sur:https:\/\/www.ticketone.it\/event\/samuele-bersani-estate-2022-piazza-matteotti-15257836\/ Info : Ass. Culturale RetroPop Live + 39 339 214 0806 &#8211; retropoplive@gmail.com <\/p>\n<p><strong>Lundi 8 ao\u00fbt<\/strong><\/p>\n<p>N<strong>OTTURNI NEL BOSCO &#8211; Luigi D&rsquo;Elia in la Luna ed i fal\u00f2<\/strong> O\u00f9 : Celletta votiva Massa Bagni &#8211; Massamanente Rendez-vous des spectateurs pour la petite promenade 21:00 \/\/ D\u00e9but du spectacle 21:30 Entr\u00e9e unique \u20ac 5 Billets disponibles \u00e0 l&rsquo;avance sur :<a href=\"http:\/\/www.livetickets.it\" target=\"_blank\" rel=\"noopener\">www.livetickets.it<\/a> Cellule d&rsquo;information. 331-9495515 (h. 16-19 lun-ven et jour du spectacle) <\/p>\n<p><strong>Vendredi 12 ao\u00fbt<\/strong><br \/>\n<strong>Nuits sous les \u00e9toiles &#8211;<\/strong><\/p>\n<p>C<strong>onf\u00e9rence et observations astronomiques &#8211; Soglianesi Astrophiles Vega<\/strong> Rendez-vous : San Donato Park &#8211; 21:00 \u00c9v\u00e9nement gratuit Info et r\u00e9servations : info@astrofilisoglianesi.it &#8211; 334 8561735<\/p>\n<p><strong>Dimanche 28 ao\u00fbt<\/strong><br \/>\n<strong>2\u00e8me ROUTE DE LA MUSIQUE : La piste des chaudrons des g\u00e9ants<\/strong><\/p>\n<p>e<strong>t la musique d&rsquo;Emisurela Trio<\/strong> lieu et heure de rendez-vous : Locanda Nonna Maria &#8211; Loc. Montetiffi ( Sogliano al Rubicone) &#8211; 17h00 billet : \u20ac 15 adultes &#8211; (Le billet donne droit \u00e0 l&rsquo;excursion, au concert et au d\u00eener buffet.) billets en vente :<a href=\"http:\/\/www.livetickets.it\" target=\"_blank\" rel=\"noopener\">www.livetickets.it<\/a> Info and Booking 370 3685093 (h 4-7 p.m. lun-ven et le jour du spectacle) <\/p>\n<p><strong>Dimanche 4 septembre<\/strong><br \/>\n<strong><br \/>\n<\/strong><\/p>\n<p>3<strong>\u00e8me ROUTE TRAILS EN MUSIQUE : Il Sentiero di Montegelli et la musique de Dal Vangelo Secondo.<\/strong> lieu et heure de rendez-vous : Circolo Montegelli &#8211; Loc. Montegelli (Sogliano al Rubicone) &#8211; 17h00 billet : \u20ac 15 adultes (Le billet donne droit \u00e0 l&rsquo;excursion, au concert et au buffet d\u00eenatoire.) billets en vente :<a href=\"http:\/\/www.livetickets.it\" target=\"_blank\" rel=\"noopener\">www.livetickets.it<\/a> Info et r\u00e9servation : 370 3685093 (h 16-19 h lun-ven et jour du spectacle) <\/p>\n<p><strong>Dimanche 4 septembre<\/strong><\/p>\n<p>F<strong>ESTIVAL DE LA CAMPAGNE D&rsquo;URGONE<\/strong> Lieu et heure de rendez-vous : Sorgente dell&rsquo;urgone, &#8211; Loc. Bagnolo (Sogliano al Rubicone) &#8211; \u00e0 partir de 15:00 Info : 335-6840451 <\/p>\n<p><strong>Samedi 10 et dimanche 11 septembre<\/strong><\/p>\n<p>F<strong>\u00eate de la Vierge des vignobles<\/strong> Piazza Matteotti &#8211; Centre historique de Sogliano al Rubicone<\/p>\n<p><strong>Samedi 17 septembre<\/strong><\/p>\n<p>B<strong>iennale nationale de po\u00e9sie \u00ab\u00a0Agostino Venanzio Reali\u00a0\u00bb 18e \u00e9dition 2022<\/strong> Teatro Comunale \u00ab\u00a0Elisabetta Turroni\u00a0\u00bb &#8211; Sogliano al Rubicone &#8211; 10h00 &#8211; Entr\u00e9e libre<\/p>\n<p><strong>Samedi 17 septembre<\/strong><br \/>\n<strong>Nuits sous les \u00e9toiles &#8211;<\/strong><\/p>\n<p>C<strong>onf\u00e9rence et observations astronomiques &#8211; Soglianesi Astrophiles Vega<\/strong> Rendez-vous : Parco San Donato &#8211; Loc Vignola (Sogliano al Rubicone) &#8211; 21:00 Ev\u00e9nement gratuit Info et r\u00e9servations : info@astrofilisoglianesi.it &#8211; 334 8561735<\/p>\n<p><strong>Dimanche 18 septembre<\/strong><\/p>\n<p>R<strong>allye de voitures anciennes<\/strong> Piazza Matteotti, Sogliano al Rubicone &#8211; 10h00<\/p>\n<p><strong>Samedi 24 et dimanche 25 septembre<\/strong><\/p>\n<p>S<strong>agra del Savor<\/strong> \u00c9glise de Montegelli, Loc. Montegelli (Sogliano al Rubicone) <\/p>\n<p><strong>Dimanche 02 octobre<\/strong><\/p>\n<p>Point de rencontre du<strong>MONTEGELLI TRAIL<\/strong>: Via Montegelli Chiesa, Loc Montegelli (Sogliano al Rubicone) &#8211; 09:30 a.m. Inscription avant le 31 juillet ! Info :<a href=\"http:\/\/www.rubiconeforsport.it\" target=\"_blank\" rel=\"noopener\">www.rubiconeforsport.it<\/a><\/p>\n<p>&nbsp;<\/p>\n<p><strong>LIRE LA SUITE :<\/strong><\/p>\n<ul>\n<li><a href=\"https:\/\/www.visitsoglianoalrubicone.it\/scopri-sogliano\/itinerari-trekking-bike\/i-sentieri-dellalto-rubicone\/\">Les pistes du Rubicon sup\u00e9rieur<\/a><\/li>\n<li><a href=\"https:\/\/www.visitsoglianoalrubicone.it\/scopri-sogliano\/itinerari-trekking-bike\/i-sentieri-dellalto-rubicone\/il-cammino-di-leonardo\/\">La voie de L\u00e9onard<\/a><\/li>\n<li><a href=\"https:\/\/www.visitsoglianoalrubicone.it\/scopri-sogliano\/cuorenatura\/parco-s-donato-e-concavita-di-leonardo-da-vinci\/\">Parc San Donato et concavit\u00e9 Leonardo<\/a><\/li>\n<li><a href=\"https:\/\/www.visitsoglianoalrubicone.it\/fr\/decouvrez-sogliano\/art-culture-et-artisanat\/eglises-abbayes-paroisses-et-monasteres\/temple-de-san-donato-vignola\/\">Temple de San Donato<\/a><\/li>\n<li><a href=\"https:\/\/www.visitsoglianoalrubicone.it\/scopri-sogliano\/artecultura\/museo-del-disco-e-museo-di-arte-povera\/\">Mus\u00e9e du Disco et de l&rsquo;Arte Povera<\/a><\/li>\n<li><a href=\"https:\/\/www.visitsoglianoalrubicone.it\/scopri-sogliano\/artecultura\/musei-mostre-permanenti-e-archivi\/museo-leonardo-da-vinci\/\">Mus\u00e9e L\u00e9onard de Vinci et Romagne<\/a><\/li>\n<li><a href=\"https:\/\/www.visitsoglianoalrubicone.it\/scopri-sogliano\/artecultura\/chiese-abbazie-pievi-e-monasteri\/abbazia-benedettina-di-s-leonardo\/\">Abbaye de San Leonardo Montetiffi<\/a><\/li>\n<li><a href=\"https:\/\/www.visitsoglianoalrubicone.it\/scopri-sogliano\/artecultura\/musei-mostre-permanenti-e-archivi\/museo-agostino-venanzio-reali\/\">Mus\u00e9e Venanzio Reali<\/a><\/li>\n<li><a href=\"https:\/\/www.visitsoglianoalrubicone.it\/gusta\/enogastronomia-e-prodotti-tipici\/formaggio-di-fossa-di-sogliano-dop-e-non-solo\/le-fosse\/\">Les fosses<\/a><\/li>\n<li><a href=\"https:\/\/www.visitsoglianoalrubicone.it\/gusta\/enogastronomia-e-prodotti-tipici\/formaggio-di-fossa-di-sogliano-dop-e-non-solo\/\">Fromage Fossa de Sogliano AOP<\/a><\/li>\n<li><a href=\"https:\/\/www.visitsoglianoalrubicone.it\/gusta\/\">Le go\u00fbt<\/a><\/li>\n<li><a href=\"https:\/\/oridisogliano.it\/\" target=\"_blank\" rel=\"noopener\">Ori de Sogliano<\/a><\/li>\n<\/ul>\n<p>[\/vc_column_text][vc_empty_space height=\u00a0\u00bb50px\u00a0\u00bb][vc_column_text]<div class=\"pt-cv-wrapper\"><div class=\"pt-cv-view pt-cv-grid pt-cv-colsys\" id=\"pt-cv-view-8917a893w1\"><div data-id=\"pt-cv-page-1\" class=\"pt-cv-page\" data-cvc=\"4\"><div class=\"col-md-3 col-sm-6 col-xs-12 pt-cv-content-item pt-cv-1-col\" ><div class='pt-cv-ifield'><a href=\"https:\/\/www.visitsoglianoalrubicone.it\/fr\/decouvrez-sogliano\/itineraires-trekking-biking\/les-chemins-du-haut-rubicon\/\" class=\"_self pt-cv-href-thumbnail pt-cv-thumb-default\" target=\"_self\" ><img width=\"1024\" height=\"768\" src=\"https:\/\/www.visitsoglianoalrubicone.it\/wp-content\/uploads\/2021\/08\/Visit-Sogliano-al-Rubicone-scopri-sogliano-_box_sentierialtorubicone.jpg\" class=\"pt-cv-thumbnail\" alt=\"\" loading=\"lazy\" srcset=\"https:\/\/www.visitsoglianoalrubicone.it\/wp-content\/uploads\/2021\/08\/Visit-Sogliano-al-Rubicone-scopri-sogliano-_box_sentierialtorubicone.jpg 1024w, https:\/\/www.visitsoglianoalrubicone.it\/wp-content\/uploads\/2021\/08\/Visit-Sogliano-al-Rubicone-scopri-sogliano-_box_sentierialtorubicone-300x225.jpg 300w, https:\/\/www.visitsoglianoalrubicone.it\/wp-content\/uploads\/2021\/08\/Visit-Sogliano-al-Rubicone-scopri-sogliano-_box_sentierialtorubicone-768x576.jpg 768w\" sizes=\"(max-width: 1024px) 100vw, 1024px\" \/><\/a>\n<h6 class=\"pt-cv-title\"><a href=\"https:\/\/www.visitsoglianoalrubicone.it\/fr\/decouvrez-sogliano\/itineraires-trekking-biking\/les-chemins-du-haut-rubicon\/\" class=\"_self\" target=\"_self\" >Les chemins du Haut Rubicon<\/a><\/h6><\/div><\/div>\n<div class=\"col-md-3 col-sm-6 col-xs-12 pt-cv-content-item pt-cv-1-col\" ><div class='pt-cv-ifield'><a href=\"https:\/\/www.visitsoglianoalrubicone.it\/fr\/gout\/gastronomie-et-produits-typiques\/fromage-fossa-de-sogliano-aop\/\" class=\"_self pt-cv-href-thumbnail pt-cv-thumb-default\" target=\"_self\" ><img width=\"1024\" height=\"768\" src=\"https:\/\/www.visitsoglianoalrubicone.it\/wp-content\/uploads\/2021\/07\/visit-sogliano-al-rubicone-gusta-fiere-sagre-e-mercati-fiera-del-formaggio-di-fossa-di-sogliano-dop-banner-2.jpg\" class=\"pt-cv-thumbnail\" alt=\"\" loading=\"lazy\" srcset=\"https:\/\/www.visitsoglianoalrubicone.it\/wp-content\/uploads\/2021\/07\/visit-sogliano-al-rubicone-gusta-fiere-sagre-e-mercati-fiera-del-formaggio-di-fossa-di-sogliano-dop-banner-2.jpg 1024w, https:\/\/www.visitsoglianoalrubicone.it\/wp-content\/uploads\/2021\/07\/visit-sogliano-al-rubicone-gusta-fiere-sagre-e-mercati-fiera-del-formaggio-di-fossa-di-sogliano-dop-banner-2-300x225.jpg 300w, https:\/\/www.visitsoglianoalrubicone.it\/wp-content\/uploads\/2021\/07\/visit-sogliano-al-rubicone-gusta-fiere-sagre-e-mercati-fiera-del-formaggio-di-fossa-di-sogliano-dop-banner-2-768x576.jpg 768w\" sizes=\"(max-width: 1024px) 100vw, 1024px\" \/><\/a>\n<h6 class=\"pt-cv-title\"><a href=\"https:\/\/www.visitsoglianoalrubicone.it\/fr\/gout\/gastronomie-et-produits-typiques\/fromage-fossa-de-sogliano-aop\/\" class=\"_self\" target=\"_self\" >Fromage Fossa de Sogliano AOP<\/a><\/h6><\/div><\/div>\n<div class=\"col-md-3 col-sm-6 col-xs-12 pt-cv-content-item pt-cv-1-col\" ><div class='pt-cv-ifield'><a href=\"https:\/\/www.visitsoglianoalrubicone.it\/fr\/gout\/foires-festivals-et-marches\/fiera-del-formaggio-di-fossa-di-sogliano-foire-aux-fromages-aop\/\" class=\"_self pt-cv-href-thumbnail pt-cv-thumb-default\" target=\"_self\" ><img width=\"1024\" height=\"768\" src=\"https:\/\/www.visitsoglianoalrubicone.it\/wp-content\/uploads\/2025\/12\/visit-sogliano-al-rubicone-gusta-fiere-sagre-e-mercati-fiera-del-formaggio-di-fossa-di-sogliano-dop-box2.jpg\" class=\"pt-cv-thumbnail\" alt=\"\" loading=\"lazy\" srcset=\"https:\/\/www.visitsoglianoalrubicone.it\/wp-content\/uploads\/2025\/12\/visit-sogliano-al-rubicone-gusta-fiere-sagre-e-mercati-fiera-del-formaggio-di-fossa-di-sogliano-dop-box2.jpg 1024w, https:\/\/www.visitsoglianoalrubicone.it\/wp-content\/uploads\/2025\/12\/visit-sogliano-al-rubicone-gusta-fiere-sagre-e-mercati-fiera-del-formaggio-di-fossa-di-sogliano-dop-box2-300x225.jpg 300w, https:\/\/www.visitsoglianoalrubicone.it\/wp-content\/uploads\/2025\/12\/visit-sogliano-al-rubicone-gusta-fiere-sagre-e-mercati-fiera-del-formaggio-di-fossa-di-sogliano-dop-box2-768x576.jpg 768w\" sizes=\"(max-width: 1024px) 100vw, 1024px\" \/><\/a>\n<h6 class=\"pt-cv-title\"><a href=\"https:\/\/www.visitsoglianoalrubicone.it\/fr\/gout\/foires-festivals-et-marches\/fiera-del-formaggio-di-fossa-di-sogliano-foire-aux-fromages-aop\/\" class=\"_self\" target=\"_self\" >Fiera del Formaggio di Fossa di Sogliano Foire aux fromages AOP<\/a><\/h6><\/div><\/div>\n<div class=\"col-md-3 col-sm-6 col-xs-12 pt-cv-content-item pt-cv-1-col\" ><div class='pt-cv-ifield'><a href=\"https:\/\/www.visitsoglianoalrubicone.it\/fr\/gout\/gastronomie-et-produits-typiques\/fromage-fossa-de-sogliano-aop\/les-fosses\/\" class=\"_self pt-cv-href-thumbnail pt-cv-thumb-default\" target=\"_self\" ><img width=\"1024\" height=\"768\" src=\"https:\/\/www.visitsoglianoalrubicone.it\/wp-content\/uploads\/2021\/07\/Visit-Sogliano-Gusta-Prodotti-Tipici-Formaggio-di-Fossa-Infossatori-Banner-Resized.jpg\" class=\"pt-cv-thumbnail\" alt=\"\" loading=\"lazy\" srcset=\"https:\/\/www.visitsoglianoalrubicone.it\/wp-content\/uploads\/2021\/07\/Visit-Sogliano-Gusta-Prodotti-Tipici-Formaggio-di-Fossa-Infossatori-Banner-Resized.jpg 1024w, https:\/\/www.visitsoglianoalrubicone.it\/wp-content\/uploads\/2021\/07\/Visit-Sogliano-Gusta-Prodotti-Tipici-Formaggio-di-Fossa-Infossatori-Banner-Resized-300x225.jpg 300w, https:\/\/www.visitsoglianoalrubicone.it\/wp-content\/uploads\/2021\/07\/Visit-Sogliano-Gusta-Prodotti-Tipici-Formaggio-di-Fossa-Infossatori-Banner-Resized-768x576.jpg 768w\" sizes=\"(max-width: 1024px) 100vw, 1024px\" \/><\/a>\n<h6 class=\"pt-cv-title\"><a href=\"https:\/\/www.visitsoglianoalrubicone.it\/fr\/gout\/gastronomie-et-produits-typiques\/fromage-fossa-de-sogliano-aop\/les-fosses\/\" class=\"_self\" target=\"_self\" >Les fosses<\/a><\/h6><\/div><\/div><\/div><\/div><\/div>[\/vc_column_text][vc_empty_space height=\u00a0\u00bb50px\u00a0\u00bb][\/vc_column_inner][\/vc_row_inner][\/vc_column][\/vc_row]<\/p>\n","protected":false},"excerpt":{"rendered":"<p>[vc_row full_width=\u00a0\u00bbstretch_row_content_no_spaces\u00a0\u00bb][vc_column][vc_single_image image=\u00a0\u00bb18438&Prime; img_size=\u00a0\u00bb1920 x 450&Prime; alignment=\u00a0\u00bbcenter\u00a0\u00bb el_class=\u00a0\u00bbinfotronik_banner_pagina\u00a0\u00bb][vc_empty_space height=\u00a0\u00bb50px\u00a0\u00bb][vc_row_inner][vc_column_inner][vc_column_text]L&rsquo;\u00e9t\u00e9 est chaud en Romagne et Sogliano al Rubicone est pr\u00eat \u00e0 l&rsquo;animer&#8230;<\/p>\n","protected":false},"author":3,"featured_media":18439,"parent":20516,"menu_order":0,"comment_status":"closed","ping_status":"closed","template":"","meta":{"loftloader_page_shortcode":""},"_links":{"self":[{"href":"https:\/\/www.visitsoglianoalrubicone.it\/fr\/wp-json\/wp\/v2\/pages\/18436"}],"collection":[{"href":"https:\/\/www.visitsoglianoalrubicone.it\/fr\/wp-json\/wp\/v2\/pages"}],"about":[{"href":"https:\/\/www.visitsoglianoalrubicone.it\/fr\/wp-json\/wp\/v2\/types\/page"}],"author":[{"embeddable":true,"href":"https:\/\/www.visitsoglianoalrubicone.it\/fr\/wp-json\/wp\/v2\/users\/3"}],"replies":[{"embeddable":true,"href":"https:\/\/www.visitsoglianoalrubicone.it\/fr\/wp-json\/wp\/v2\/comments?post=18436"}],"version-history":[{"count":3,"href":"https:\/\/www.visitsoglianoalrubicone.it\/fr\/wp-json\/wp\/v2\/pages\/18436\/revisions"}],"predecessor-version":[{"id":20519,"href":"https:\/\/www.visitsoglianoalrubicone.it\/fr\/wp-json\/wp\/v2\/pages\/18436\/revisions\/20519"}],"up":[{"embeddable":true,"href":"https:\/\/www.visitsoglianoalrubicone.it\/fr\/wp-json\/wp\/v2\/pages\/20516"}],"wp:featuredmedia":[{"embeddable":true,"href":"https:\/\/www.visitsoglianoalrubicone.it\/fr\/wp-json\/wp\/v2\/media\/18439"}],"wp:attachment":[{"href":"https:\/\/www.visitsoglianoalrubicone.it\/fr\/wp-json\/wp\/v2\/media?parent=18436"}],"curies":[{"name":"wp","href":"https:\/\/api.w.org\/{rel}","templated":true}]}}