{"id":18445,"date":"2021-10-07T11:04:08","date_gmt":"2021-10-07T11:04:08","guid":{"rendered":"https:\/\/www.visitsoglianoalrubicone.it\/printemps-a-sogliano\/"},"modified":"2024-12-06T10:12:27","modified_gmt":"2024-12-06T10:12:27","slug":"printemps-a-sogliano","status":"publish","type":"page","link":"https:\/\/www.visitsoglianoalrubicone.it\/fr\/inspire-me\/printemps-a-sogliano\/","title":{"rendered":"Printemps \u00e0 Sogliano"},"content":{"rendered":"<p>[vc_row full_width=\u00a0\u00bbstretch_row_content_no_spaces\u00a0\u00bb][vc_column][vc_single_image image=\u00a0\u00bb18447&Prime; img_size=\u00a0\u00bb1920 x 450&Prime; alignment=\u00a0\u00bbcenter\u00a0\u00bb el_class=\u00a0\u00bbinfotronik_banner_pagina\u00a0\u00bb]\n\t\t\t<section class=\"do-normal-page-title-section\">\n\t\t\t\t<div class=\"container\">\n\t\t\t\t\t<div class=\"row uppercase\">\n\t\t\t\n\t\t\t\t\t\t<div class=\"do-page-title-wrapper\">\n\t\t\t\t\t\t\t<div class=\"do-default-page-title col-md-7 col-sm-7 col-xs-12\">\n\t\t\t\t\t\t\t\t<h2 info=20 class=\"infotronik_page_title_big\">Primavera a Sogliano<\/h2>\n\t\t\t\t\t\t\t\t<p><\/p>\n\t\t\t\t\t\t\t<\/div>\n\t\t\t\n\t\t\t\t\t\t\t<div class=\"do-breadcumb\"><ul><li><a href=\"https:\/\/www.visitsoglianoalrubicone.it\/fr\/inspire-me\/\">INSPIRE ME<\/a><\/li><\/ul><\/div>\n\t\t\t\t\t\t<\/div>\n\t\t\t\n\t\t\t\t\t<\/div>\n\t\t\t\t<\/div>\n\t\t\t<\/section>\n\t\t[vc_empty_space height=\u00a0\u00bb50px\u00a0\u00bb][vc_row_inner][vc_column_inner][vc_column_text]\u00a0\u00bbRomagna Mia, Romagna in bloom\u00a0\u00bb&#8230; ce sont les vers que les hommes et les femmes de Romagne fredonnent lorsque le printemps arrive et que tout fleurit ! Les collines sont en fleurs, les bois verdissent, le ciel devient bleu et le soleil commence \u00e0 r\u00e9chauffer les c\u0153urs et les peaux : c&rsquo;est le moment de faire un tour \u00e0 Sogliano al Rubicone !<br \/>\nO <strong>UTDOOR &#8211; TREKKING &#8211; EXCURSIONS<\/strong> Il n&rsquo;y a pas de meilleur moment pour explorer le r\u00e9seau de<strong>sentiers \u00ab\u00a0I Sentieri dell&rsquo;Alto Rubicone<\/strong>\u00ab\u00a0.<br \/>\n16 itin\u00e9raires en forme d&rsquo;anneau, parfaits pour red\u00e9couvrir le charme naturel de l&rsquo;arri\u00e8re-pays romagnol, facilement accessibles pour un week-end, des exp\u00e9riences \u00e0 essayer et \u00e0 partager en couple, entre amis ou en famille. En particulier,<strong>\u00ab\u00a0Il Sentiero di Leonardo da Vinci<\/strong>\u00a0\u00bb est un itin\u00e9raire adapt\u00e9 \u00e0 tous, qui part du centre historique de Sogliano al Rubicone. En direction de Vignola, il traverse le<strong>\u00ab\u00a0Parc San Donato et les Concavit\u00e9s de L\u00e9onard de Vinci<\/strong>\u00ab\u00a0, un endroit id\u00e9al pour une pause ou un pique-nique. Dans le parc, vous trouverez une fontaine d&rsquo;eau fra\u00eeche, un parcours de sant\u00e9, le<strong>\u00ab\u00a0Tempietto di San Donato<\/strong>\u00a0\u00bb d\u00e9di\u00e9 \u00e0 la Paix, et des reproductions des<strong>\u00ab\u00a0Concavit\u00e0 di Leonardo da Vinci<\/strong>\u00a0\u00bb : des installations interactives qui diffusent des sons, de l&rsquo;histoire et des connaissances anciennes. Bref, une promenade ludique avec des sc\u00e9narios naturels \u00e0 immortaliser sur des clich\u00e9s \u00ab\u00a0Instagrammables\u00a0\u00bb ou des lieux pour simplement profiter de la vue.<\/p>\n<p>C<strong>ULTURE ET CURIOSIT\u00c9<\/strong> Le parfum des fleurs de sureau et de gen\u00eat enveloppe le centre historique et tous les hameaux, jours parfaits pour visiter notre \u00ab\u00a0Polo Museale\u00a0\u00bb log\u00e9 dans le<strong>Palazzo della Cultura<\/strong>.<\/p>\n<p>Laissez-vous s\u00e9duire par le <strong>Museo del Disco d&rsquo;Epoca<\/strong>, le <strong>Museo di Arte Povera<\/strong>, le <strong>Museo Leonardo da Vinci in Romagna<\/strong>, le <strong>Museo Linea Christa<\/strong> et ne manquez pas une promenade avec une visite \u00e0 l&rsquo;<strong>Abbaye de Montetiffi<\/strong> et au <strong>Museo Agostino Venanzio Reali<\/strong> qui lui est attenant.<br \/>\nC <strong>UISINE TYPIQUE ET GASTRONOMIE<\/strong> Les d\u00e9lices gastronomiques que l&rsquo;on ne peut d\u00e9guster qu&rsquo;\u00e0 cette \u00e9poque de l&rsquo;ann\u00e9e sont tr\u00e8s vari\u00e9s.<\/p>\n<p>Les plats typiques (strozzapreti, tagliatelle, piadina) sont enrichis de condiments \u00e0 base d&rsquo;herbes sauvages et saisonni\u00e8res comme les \u00ab\u00a0strigoli\u00a0\u00bb, les asperges, la roquette, les fraises : des mati\u00e8res premi\u00e8res exceptionnelles utilis\u00e9es par tous nos restaurateurs ! Le<strong>\u00ab\u00a0Formaggio di Fossa di Sogliano DOP<\/strong>\u00a0\u00bb reste un ingr\u00e9dient de base de notre cuisine typique et<strong>\u00ab\u00a0Le Fosse<\/strong>\u00ab\u00a0, o\u00f9 le c\u00e9l\u00e8bre fromage est affin\u00e9, est ouvert toute l&rsquo;ann\u00e9e pour permettre \u00e0 votre palais de savourer ce d\u00e9lice.<\/p>\n<p>P <strong>RINCIPAUX \u00c9V\u00c9NEMENTS<\/strong> Au printemps, dans le cadre de la programmation \u00ab\u00a0Prova d&rsquo;Attore\u00a0\u00bb, revient<strong>\u00ab\u00a0FuoriLuogo<\/strong>\u00ab\u00a0, un \u00e9v\u00e9nement consacr\u00e9 \u00e0 la narration th\u00e9\u00e2trale dans des espaces non conventionnels. Une pratique sous le signe du th\u00e9\u00e2tre diffus, pour faire na\u00eetre le th\u00e9\u00e2tre aussi en dehors du th\u00e9\u00e2tre, en nourrissant et en consolidant une dimension effective (et affective) de la communaut\u00e9 th\u00e9\u00e2trale.<br \/>\nDans la seconde moiti\u00e9 du mois de juin, le centre historique de Sogliano donne le coup d&rsquo;envoi officiel du festival \u00ab\u00a0Sogliano Estate\u00a0\u00bb avec deux \u00e9v\u00e9nements tr\u00e8s importants pour le village : <strong>Ori di Sogliano<\/strong> et <strong>Malt in Fossa<\/strong>. \u00ab\u00a0<strong>Ori di Sogliano<\/strong>\u00a0\u00bb aura <strong>lieu le 18 juin 2022<\/strong>, un \u00e9v\u00e9nement destin\u00e9 aux familles et aux jeunes, con\u00e7u pour faire d\u00e9couvrir \u00e0 tous les visiteurs les ressources les plus pr\u00e9cieuses du territoire et ses traditions ; il implique les habitants du village avec des ateliers organis\u00e9s en pr\u00e9paration de l&rsquo;\u00e9v\u00e9nement, dans le but de r\u00e9aliser des d\u00e9corations et des d\u00e9cors pour la f\u00eate. Pendant la manifestation, les spectacles se poursuivent jusque tard dans la nuit ; des concerts, des artistes de rue, des peintres et des sculpteurs animent le centre historique, o\u00f9 les visiteurs peuvent \u00e9galement admirer les stands d&rsquo;anciens m\u00e9tiers et d&rsquo;artisanat local. La riche proposition artistique est accompagn\u00e9e d&rsquo;une offre gastronomique de produits locaux typiques et d&rsquo;une d\u00e9gustation de bi\u00e8res artisanales dans l&rsquo;espace <strong>Malt in Fossa (17-18 juin 2022)<\/strong>, con\u00e7u par l&rsquo;association La Fossa del Luppolo, qui anime la zone de la Piazza Garibaldi pour le jeune public avec des DJ sets et des concerts.<\/p>\n<p>S<strong>PORT ET LOISIRS<\/strong> Plusieurs \u00e9v\u00e9nements sportifs sont pr\u00e9vus au calendrier : outre le Trail del Rubicone du 3 avril, le premier<strong>Skateboard Contest<\/strong> au Skate Park \u00ab\u00a0Il Sogno\u00a0\u00bb est pr\u00e9vu le 24 avril, tandis que le \u00ab\u00a09 Colli\u00a0\u00bb, un important \u00e9v\u00e9nement sportif cycliste au d\u00e9part de Cesenatico, est programm\u00e9 le 22 mai 2022. D&rsquo;autres \u00e9v\u00e9nements sont actuellement en cours de d\u00e9finition\/planification.<\/p>\n<p><strong>LIRE LA SUITE :<\/strong><\/p>\n<ul>\n<li><a href=\"https:\/\/www.visitsoglianoalrubicone.it\/scopri-sogliano\/itinerari-trekking-bike\/i-sentieri-dellalto-rubicone\/\">Les pistes du Rubicon sup\u00e9rieur<\/a><\/li>\n<li><a href=\"https:\/\/www.visitsoglianoalrubicone.it\/scopri-sogliano\/itinerari-trekking-bike\/i-sentieri-dellalto-rubicone\/il-cammino-di-leonardo\/\">La voie de L\u00e9onard<\/a><\/li>\n<li><a href=\"https:\/\/www.visitsoglianoalrubicone.it\/scopri-sogliano\/cuorenatura\/parco-s-donato-e-concavita-di-leonardo-da-vinci\/\">Parc San Donato et concavit\u00e9 Leonardo<\/a><\/li>\n<li><a href=\"https:\/\/www.visitsoglianoalrubicone.it\/fr\/decouvrez-sogliano\/art-culture-et-artisanat\/eglises-abbayes-paroisses-et-monasteres\/temple-de-san-donato-vignola\/\">Temple de San Donato<\/a><\/li>\n<li><a href=\"https:\/\/www.visitsoglianoalrubicone.it\/scopri-sogliano\/artecultura\/museo-del-disco-e-museo-di-arte-povera\/\">Mus\u00e9e du Disco et de l&rsquo;Arte Povera<\/a><\/li>\n<li><a href=\"https:\/\/www.visitsoglianoalrubicone.it\/scopri-sogliano\/artecultura\/musei-mostre-permanenti-e-archivi\/museo-leonardo-da-vinci\/\">Mus\u00e9e L\u00e9onard de Vinci et Romagne<\/a><\/li>\n<li><a href=\"https:\/\/www.visitsoglianoalrubicone.it\/scopri-sogliano\/artecultura\/chiese-abbazie-pievi-e-monasteri\/abbazia-benedettina-di-s-leonardo\/\">Abbaye de San Leonardo Montetiffi<\/a><\/li>\n<li><a href=\"https:\/\/www.visitsoglianoalrubicone.it\/scopri-sogliano\/artecultura\/musei-mostre-permanenti-e-archivi\/museo-agostino-venanzio-reali\/\">Mus\u00e9e Venanzio Reali<\/a><\/li>\n<li><a href=\"https:\/\/www.visitsoglianoalrubicone.it\/gusta\/enogastronomia-e-prodotti-tipici\/formaggio-di-fossa-di-sogliano-dop-e-non-solo\/le-fosse\/\">Les fosses<\/a><\/li>\n<li><a href=\"https:\/\/www.visitsoglianoalrubicone.it\/gusta\/enogastronomia-e-prodotti-tipici\/formaggio-di-fossa-di-sogliano-dop-e-non-solo\/\">Fromage Fossa de Sogliano AOP<\/a><\/li>\n<li><a href=\"https:\/\/www.visitsoglianoalrubicone.it\/gusta\/\">Le go\u00fbt<\/a><\/li>\n<li>Ori de Sogliano<\/li>\n<li><a href=\"https:\/\/www.visitsoglianoalrubicone.it\/fuoriluogo-8-edizione\/\" target=\"_blank\" rel=\"noopener\">FUORILOGUE<\/a><\/li>\n<li><a href=\"https:\/\/www.visitsoglianoalrubicone.it\/skate-contest-da-sogno\/\" target=\"_blank\" rel=\"noopener\">CONCOURS DE PATINAGE DE R\u00caVE<\/a><\/li>\n<\/ul>\n<p>[\/vc_column_text][vc_empty_space height=\u00a0\u00bb50px\u00a0\u00bb][vc_column_text]<div class=\"pt-cv-wrapper\"><div class=\"pt-cv-view pt-cv-grid pt-cv-colsys\" id=\"pt-cv-view-8917a893w1\"><div data-id=\"pt-cv-page-1\" class=\"pt-cv-page\" data-cvc=\"4\"><div class=\"col-md-3 col-sm-6 col-xs-12 pt-cv-content-item pt-cv-1-col\" ><div class='pt-cv-ifield'><a href=\"https:\/\/www.visitsoglianoalrubicone.it\/fr\/decouvrez-sogliano\/itineraires-trekking-biking\/les-chemins-du-haut-rubicon\/\" class=\"_self pt-cv-href-thumbnail pt-cv-thumb-default\" target=\"_self\" ><img width=\"1024\" height=\"768\" src=\"https:\/\/www.visitsoglianoalrubicone.it\/wp-content\/uploads\/2021\/08\/Visit-Sogliano-al-Rubicone-scopri-sogliano-_box_sentierialtorubicone.jpg\" class=\"pt-cv-thumbnail\" alt=\"\" loading=\"lazy\" srcset=\"https:\/\/www.visitsoglianoalrubicone.it\/wp-content\/uploads\/2021\/08\/Visit-Sogliano-al-Rubicone-scopri-sogliano-_box_sentierialtorubicone.jpg 1024w, https:\/\/www.visitsoglianoalrubicone.it\/wp-content\/uploads\/2021\/08\/Visit-Sogliano-al-Rubicone-scopri-sogliano-_box_sentierialtorubicone-300x225.jpg 300w, https:\/\/www.visitsoglianoalrubicone.it\/wp-content\/uploads\/2021\/08\/Visit-Sogliano-al-Rubicone-scopri-sogliano-_box_sentierialtorubicone-768x576.jpg 768w\" sizes=\"(max-width: 1024px) 100vw, 1024px\" \/><\/a>\n<h6 class=\"pt-cv-title\"><a href=\"https:\/\/www.visitsoglianoalrubicone.it\/fr\/decouvrez-sogliano\/itineraires-trekking-biking\/les-chemins-du-haut-rubicon\/\" class=\"_self\" target=\"_self\" >Les chemins du Haut Rubicon<\/a><\/h6><\/div><\/div>\n<div class=\"col-md-3 col-sm-6 col-xs-12 pt-cv-content-item pt-cv-1-col\" ><div class='pt-cv-ifield'><a href=\"https:\/\/www.visitsoglianoalrubicone.it\/fr\/gout\/gastronomie-et-produits-typiques\/fromage-fossa-de-sogliano-aop\/\" class=\"_self pt-cv-href-thumbnail pt-cv-thumb-default\" target=\"_self\" ><img width=\"1024\" height=\"768\" src=\"https:\/\/www.visitsoglianoalrubicone.it\/wp-content\/uploads\/2021\/07\/visit-sogliano-al-rubicone-gusta-fiere-sagre-e-mercati-fiera-del-formaggio-di-fossa-di-sogliano-dop-banner-2.jpg\" class=\"pt-cv-thumbnail\" alt=\"\" loading=\"lazy\" srcset=\"https:\/\/www.visitsoglianoalrubicone.it\/wp-content\/uploads\/2021\/07\/visit-sogliano-al-rubicone-gusta-fiere-sagre-e-mercati-fiera-del-formaggio-di-fossa-di-sogliano-dop-banner-2.jpg 1024w, https:\/\/www.visitsoglianoalrubicone.it\/wp-content\/uploads\/2021\/07\/visit-sogliano-al-rubicone-gusta-fiere-sagre-e-mercati-fiera-del-formaggio-di-fossa-di-sogliano-dop-banner-2-300x225.jpg 300w, https:\/\/www.visitsoglianoalrubicone.it\/wp-content\/uploads\/2021\/07\/visit-sogliano-al-rubicone-gusta-fiere-sagre-e-mercati-fiera-del-formaggio-di-fossa-di-sogliano-dop-banner-2-768x576.jpg 768w\" sizes=\"(max-width: 1024px) 100vw, 1024px\" \/><\/a>\n<h6 class=\"pt-cv-title\"><a href=\"https:\/\/www.visitsoglianoalrubicone.it\/fr\/gout\/gastronomie-et-produits-typiques\/fromage-fossa-de-sogliano-aop\/\" class=\"_self\" target=\"_self\" >Fromage Fossa de Sogliano AOP<\/a><\/h6><\/div><\/div>\n<div class=\"col-md-3 col-sm-6 col-xs-12 pt-cv-content-item pt-cv-1-col\" ><div class='pt-cv-ifield'><a href=\"https:\/\/www.visitsoglianoalrubicone.it\/fr\/gout\/foires-festivals-et-marches\/fiera-del-formaggio-di-fossa-di-sogliano-foire-aux-fromages-aop\/\" class=\"_self pt-cv-href-thumbnail pt-cv-thumb-default\" target=\"_self\" ><img width=\"1024\" height=\"768\" src=\"https:\/\/www.visitsoglianoalrubicone.it\/wp-content\/uploads\/2025\/12\/visit-sogliano-al-rubicone-gusta-fiere-sagre-e-mercati-fiera-del-formaggio-di-fossa-di-sogliano-dop-box2.jpg\" class=\"pt-cv-thumbnail\" alt=\"\" loading=\"lazy\" srcset=\"https:\/\/www.visitsoglianoalrubicone.it\/wp-content\/uploads\/2025\/12\/visit-sogliano-al-rubicone-gusta-fiere-sagre-e-mercati-fiera-del-formaggio-di-fossa-di-sogliano-dop-box2.jpg 1024w, https:\/\/www.visitsoglianoalrubicone.it\/wp-content\/uploads\/2025\/12\/visit-sogliano-al-rubicone-gusta-fiere-sagre-e-mercati-fiera-del-formaggio-di-fossa-di-sogliano-dop-box2-300x225.jpg 300w, https:\/\/www.visitsoglianoalrubicone.it\/wp-content\/uploads\/2025\/12\/visit-sogliano-al-rubicone-gusta-fiere-sagre-e-mercati-fiera-del-formaggio-di-fossa-di-sogliano-dop-box2-768x576.jpg 768w\" sizes=\"(max-width: 1024px) 100vw, 1024px\" \/><\/a>\n<h6 class=\"pt-cv-title\"><a href=\"https:\/\/www.visitsoglianoalrubicone.it\/fr\/gout\/foires-festivals-et-marches\/fiera-del-formaggio-di-fossa-di-sogliano-foire-aux-fromages-aop\/\" class=\"_self\" target=\"_self\" >Fiera del Formaggio di Fossa di Sogliano Foire aux fromages AOP<\/a><\/h6><\/div><\/div>\n<div class=\"col-md-3 col-sm-6 col-xs-12 pt-cv-content-item pt-cv-1-col\" ><div class='pt-cv-ifield'><a href=\"https:\/\/www.visitsoglianoalrubicone.it\/fr\/gout\/gastronomie-et-produits-typiques\/fromage-fossa-de-sogliano-aop\/les-fosses\/\" class=\"_self pt-cv-href-thumbnail pt-cv-thumb-default\" target=\"_self\" ><img width=\"1024\" height=\"768\" src=\"https:\/\/www.visitsoglianoalrubicone.it\/wp-content\/uploads\/2021\/07\/Visit-Sogliano-Gusta-Prodotti-Tipici-Formaggio-di-Fossa-Infossatori-Banner-Resized.jpg\" class=\"pt-cv-thumbnail\" alt=\"\" loading=\"lazy\" srcset=\"https:\/\/www.visitsoglianoalrubicone.it\/wp-content\/uploads\/2021\/07\/Visit-Sogliano-Gusta-Prodotti-Tipici-Formaggio-di-Fossa-Infossatori-Banner-Resized.jpg 1024w, https:\/\/www.visitsoglianoalrubicone.it\/wp-content\/uploads\/2021\/07\/Visit-Sogliano-Gusta-Prodotti-Tipici-Formaggio-di-Fossa-Infossatori-Banner-Resized-300x225.jpg 300w, https:\/\/www.visitsoglianoalrubicone.it\/wp-content\/uploads\/2021\/07\/Visit-Sogliano-Gusta-Prodotti-Tipici-Formaggio-di-Fossa-Infossatori-Banner-Resized-768x576.jpg 768w\" sizes=\"(max-width: 1024px) 100vw, 1024px\" \/><\/a>\n<h6 class=\"pt-cv-title\"><a href=\"https:\/\/www.visitsoglianoalrubicone.it\/fr\/gout\/gastronomie-et-produits-typiques\/fromage-fossa-de-sogliano-aop\/les-fosses\/\" class=\"_self\" target=\"_self\" >Les fosses<\/a><\/h6><\/div><\/div><\/div><\/div><\/div>[\/vc_column_text][vc_empty_space height=\u00a0\u00bb50px\u00a0\u00bb][\/vc_column_inner][\/vc_row_inner][\/vc_column][\/vc_row]<\/p>\n","protected":false},"excerpt":{"rendered":"<p>[vc_row full_width=\u00a0\u00bbstretch_row_content_no_spaces\u00a0\u00bb][vc_column][vc_single_image image=\u00a0\u00bb18447&Prime; img_size=\u00a0\u00bb1920 x 450&Prime; alignment=\u00a0\u00bbcenter\u00a0\u00bb el_class=\u00a0\u00bbinfotronik_banner_pagina\u00a0\u00bb][vc_empty_space height=\u00a0\u00bb50px\u00a0\u00bb][vc_row_inner][vc_column_inner][vc_column_text]\u00a0\u00bbRomagna Mia, Romagna in bloom\u00a0\u00bb&#8230; ce sont les vers que les hommes et&#8230;<\/p>\n","protected":false},"author":3,"featured_media":18446,"parent":20516,"menu_order":0,"comment_status":"closed","ping_status":"closed","template":"","meta":{"loftloader_page_shortcode":""},"_links":{"self":[{"href":"https:\/\/www.visitsoglianoalrubicone.it\/fr\/wp-json\/wp\/v2\/pages\/18445"}],"collection":[{"href":"https:\/\/www.visitsoglianoalrubicone.it\/fr\/wp-json\/wp\/v2\/pages"}],"about":[{"href":"https:\/\/www.visitsoglianoalrubicone.it\/fr\/wp-json\/wp\/v2\/types\/page"}],"author":[{"embeddable":true,"href":"https:\/\/www.visitsoglianoalrubicone.it\/fr\/wp-json\/wp\/v2\/users\/3"}],"replies":[{"embeddable":true,"href":"https:\/\/www.visitsoglianoalrubicone.it\/fr\/wp-json\/wp\/v2\/comments?post=18445"}],"version-history":[{"count":3,"href":"https:\/\/www.visitsoglianoalrubicone.it\/fr\/wp-json\/wp\/v2\/pages\/18445\/revisions"}],"predecessor-version":[{"id":20521,"href":"https:\/\/www.visitsoglianoalrubicone.it\/fr\/wp-json\/wp\/v2\/pages\/18445\/revisions\/20521"}],"up":[{"embeddable":true,"href":"https:\/\/www.visitsoglianoalrubicone.it\/fr\/wp-json\/wp\/v2\/pages\/20516"}],"wp:featuredmedia":[{"embeddable":true,"href":"https:\/\/www.visitsoglianoalrubicone.it\/fr\/wp-json\/wp\/v2\/media\/18446"}],"wp:attachment":[{"href":"https:\/\/www.visitsoglianoalrubicone.it\/fr\/wp-json\/wp\/v2\/media?parent=18445"}],"curies":[{"name":"wp","href":"https:\/\/api.w.org\/{rel}","templated":true}]}}