{"id":18515,"date":"2021-07-17T14:40:34","date_gmt":"2021-07-17T14:40:34","guid":{"rendered":"https:\/\/www.visitsoglianoalrubicone.it\/eglise-de-la-sainte-famille-strigara\/"},"modified":"2024-12-06T10:06:53","modified_gmt":"2024-12-06T10:06:53","slug":"eglise-de-la-sainte-famille-strigara","status":"publish","type":"page","link":"https:\/\/www.visitsoglianoalrubicone.it\/fr\/decouvrez-sogliano\/art-culture-et-artisanat\/eglises-abbayes-paroisses-et-monasteres\/eglise-de-la-sainte-famille-strigara\/","title":{"rendered":"\u00c9glise de la Sainte Famille &#8211; Strigara"},"content":{"rendered":"<p>[vc_row full_width=\u00a0\u00bbstretch_row_content_no_spaces\u00a0\u00bb][vc_column][vc_single_image image=\u00a0\u00bb18517&Prime; img_size=\u00a0\u00bb1920 x 450&Prime; alignment=\u00a0\u00bbcenter\u00a0\u00bb el_class=\u00a0\u00bbinfotronik_banner_pagina\u00a0\u00bb]\n\t\t\t<section class=\"do-normal-page-title-section infotronik_page_title_section\">\n\t\t\t\t<div class=\"container\">\n\t\t\t\t\t<div class=\"row uppercase\">\n\t\t\t\n\t\t\t\t\t\t<div class=\"do-page-title-wrapper\">\n\t\t\t\t\t\t\t<div class=\"do-default-page-title col-md-7 col-sm-7 col-xs-12\">\n\t\t\t\t\t\t\t\t<h2 info=38 class=\"infotronik_page_title\">Chiesa della Sacra Famiglia - Strigara<\/h2>\n\t\t\t\t\t\t\t\t<p><\/p>\n\t\t\t\t\t\t\t<\/div>\n\t\t\t\n\t\t\t\t\t\t\t<div class=\"do-breadcumb\"><ul><li><a class=\"infotronik_breadcrumb_cut\" href=\"https:\/\/www.visitsoglianoalrubicone.it\/fr\/decouvrez-sogliano\/art-culture-et-artisanat\/\">Art, culture et artisanat<\/a><\/li><li><a class=\"infotronik_breadcrumb_cut\" href=\"https:\/\/www.visitsoglianoalrubicone.it\/fr\/decouvrez-sogliano\/art-culture-et-artisanat\/eglises-abbayes-paroisses-et-monasteres\/\">\u00c9glises, abbayes, paroisses et monast\u00e8res<\/a><\/li><\/ul><\/div>\n\t\t\t\t\t\t<\/div>\n\t\t\t\n\t\t\t\t\t<\/div>\n\t\t\t\t<\/div>\n\t\t\t<\/section>\n\t\t[vc_empty_space height=\u00a0\u00bb20px\u00a0\u00bb][vc_row_inner][vc_column_inner][vc_column_text]Strigara, sous la domination des Malatesta, connut une p\u00e9riode de grande expansion : apr\u00e8s avoir peupl\u00e9 et construit dans la partie haute, la population continua \u00e0 habiter et \u00e0 construire des maisons \u00e9galement dans la partie basse, connue sous le nom de La Piana. Ainsi, compte tenu de l&rsquo;anciennet\u00e9 de l&rsquo;\u00e9glise du ch\u00e2teau et de l&rsquo;opportunit\u00e9 d&rsquo;une plus grande proximit\u00e9 avec la population, l&rsquo;\u00e9v\u00eaque de Montefeltro (dont d\u00e9pendait la paroisse), Monseigneur Antonio Bergamaschi, fit construire en 1953 une nouvelle \u00e9glise \u00e0 Strigara, d\u00e9di\u00e9e \u00e0 la Sainte Famille.[\/vc_column_text][vc_empty_space height=\u00a0\u00bb30px\u00a0\u00bb][\/vc_column_inner][\/vc_row_inner][vc_row_inner][vc_column_inner width=\u00a0\u00bb1\/2&Prime;]\n\t\t<div class=\"do-icon-with-text-style1 appear fadeIn\" data-wow-duration=\"1s\" data-wow-delay=\"0.3s\">\n\t\t    <div class=\"do-icon-wrapper\">\n\t\t        <i class=\"fa fa-map-marker\"><\/i>\n\t\t    <\/div>\n\t\t    <p>\nVia Serra, Sogliano Al Rubicone (FC)<\/p>\n\n\t\t<\/div>\n\t\n\t\t<div class=\"do-icon-with-text-style1 appear fadeIn\" data-wow-duration=\"1s\" data-wow-delay=\"0.3s\">\n\t\t    <div class=\"do-icon-wrapper\">\n\t\t        <i class=\"fa fa-clock-o\"><\/i>\n\t\t    <\/div>\n\t\t    <p>Toujours visible de l&rsquo;ext\u00e9rieur<\/p>\n\n\t\t<\/div>\n\t[\/vc_column_inner][vc_column_inner width=\u00a0\u00bb1\/2&Prime;][vc_gmaps link=\u00a0\u00bb#E-8_JTNDaWZyYW1lJTIwc3JjJTNEJTIyaHR0cHMlM0ElMkYlMkZ3d3cuZ29vZ2xlLmNvbSUyRm1hcHMlMkZlbWJlZCUzRnBiJTNEJTIxMW0xOCUyMTFtMTIlMjExbTMlMjExZDE3ODkuMTUwMjkxNzk0NjU2JTIxMmQxMi4yNjk0MDQ3ODAwMDk5MDklMjEzZDQzLjk5MzU1NjEyMDA3Mjg0JTIxMm0zJTIxMWYwJTIxMmYwJTIxM2YwJTIxM20yJTIxMWkxMDI0JTIxMmk3NjglMjE0ZjEzLjElMjEzbTMlMjExbTIlMjExczB4MTMyYzk3NjRmNTYwZWIxMyUyNTNBMHg5NzU1OWE0YzFiZWQyY2Q4JTIxMnNDaGllc2ElMjUyMGRlbGxhJTI1MjBTYWNyYSUyNTIwRmFtaWdsaWElMjE1ZTElMjEzbTIlMjExc2l0JTIxMnNpdCUyMTR2MTYzMTk2MzM2NTg4NiUyMTVtMiUyMTFzaXQlMjEyc2l0JTIyJTIwd2lkdGglM0QlMjI2MDAlMjIlMjBoZWlnaHQlM0QlMjI0NTAlMjIlMjBzdHlsZSUzRCUyMmJvcmRlciUzQTAlM0IlMjIlMjBhbGxvd2Z1bGxzY3JlZW4lM0QlMjIlMjIlMjBsb2FkaW5nJTNEJTIybGF6eSUyMiUzRSUzQyUyRmlmcmFtZSUzRQ==\u00a0\u00bb][\/vc_column_inner][\/vc_row_inner][vc_row_inner][vc_column_inner][vc_empty_space height=\u00a0\u00bb30px\u00a0\u00bb][vc_column_text]<style>#jtg-6460 .modula-item .jtg-social a, .lightbox-socials.jtg-social a{ color: #ffffff }#jtg-6460 .modula-item .jtg-social svg, .lightbox-socials.jtg-social svg { height: 16px; width: 16px }#jtg-6460 .modula-item .jtg-social a:not(:last-child), .lightbox-socials.jtg-social a:not(:last-child) { margin-right: 10px }#jtg-6460 .modula-item .figc {color:#ffffff;}#jtg-6460 .modula-item .modula-item-content { transform: scale(1) }#jtg-6460 { width:100%;}#jtg-6460 .modula-items .figc p.description { font-size:14px; }#jtg-6460 .modula-items .figc p.description { color:#ffffff;}#jtg-6460.modula-gallery .modula-item > a, #jtg-6460.modula-gallery .modula-item, #jtg-6460.modula-gallery .modula-item-content > a { cursor:zoom-in; } @media screen and (max-width:480px){#jtg-6460 .modula-item .figc .jtg-title {  font-size: 12px; }#jtg-6460 .modula-items .figc p.description { color:#ffffff;font-size:10px; }}<\/style>\n<!-- Gallery Container -->\n<div  id=\"jtg-6460\" class=\"modula modula-gallery modula-columns\" data-config=\"{&quot;enableTwitter&quot;:false,&quot;enableWhatsapp&quot;:false,&quot;enableFacebook&quot;:false,&quot;enablePinterest&quot;:false,&quot;enableLinkedin&quot;:false,&quot;enableEmail&quot;:false,&quot;randomFactor&quot;:0.5,&quot;type&quot;:&quot;grid&quot;,&quot;columns&quot;:12,&quot;gutter&quot;:10,&quot;mobileGutter&quot;:10,&quot;tabletGutter&quot;:10,&quot;desktopGutter&quot;:10,&quot;enableResponsive&quot;:&quot;0&quot;,&quot;tabletColumns&quot;:&quot;2&quot;,&quot;mobileColumns&quot;:&quot;1&quot;,&quot;lazyLoad&quot;:&quot;0&quot;,&quot;lightboxOpts&quot;:{&quot;loop&quot;:false,&quot;arrows&quot;:true,&quot;toolbar&quot;:true,&quot;keyboard&quot;:false,&quot;wheel&quot;:false,&quot;buttons&quot;:[&quot;close&quot;],&quot;hash&quot;:false,&quot;lang&quot;:&quot;en&quot;,&quot;touch&quot;:false,&quot;protect&quot;:false,&quot;i18n&quot;:{&quot;en&quot;:{&quot;CLOSE&quot;:&quot;Close&quot;,&quot;NEXT&quot;:&quot;Next&quot;,&quot;PREV&quot;:&quot;Previous&quot;,&quot;Error&quot;:&quot;The requested content cannot be loaded. Please try again later.&quot;,&quot;PLAY_START&quot;:&quot;Start slideshow&quot;,&quot;PLAY_STOP&quot;:&quot;Pause slideshow&quot;,&quot;FULL_SCREEN&quot;:&quot;Full screen&quot;,&quot;THUMBS&quot;:&quot;Thumbnails&quot;,&quot;DOWNLOAD&quot;:&quot;Download&quot;,&quot;SHARE&quot;:&quot;Share&quot;,&quot;ZOOM&quot;:&quot;Zoom&quot;}},&quot;clickSlide&quot;:false,&quot;clickOutside&quot;:false,&quot;dblclickContent&quot;:false,&quot;dblclickSlide&quot;:false,&quot;dblclickOutside&quot;:false,&quot;clickContent&quot;:false,&quot;baseTpl&quot;:&quot;&lt;div class=\\&quot;modula-fancybox-container modula-lightbox-jtg-6460\\&quot; role=\\&quot;dialog\\&quot; tabindex=\\&quot;-1\\&quot;&gt;&lt;div class=\\&quot;modula-fancybox-bg\\&quot;&gt;&lt;\\\/div&gt;&lt;div class=\\&quot;modula-fancybox-inner\\&quot;&gt;&lt;div class=\\&quot;modula-fancybox-infobar\\&quot;&gt;&lt;span data-fancybox-index&gt;&lt;\\\/span&gt;&nbsp;\\\/&nbsp;&lt;span data-fancybox-count&gt;&lt;\\\/span&gt;&lt;\\\/div&gt;&lt;div class=\\&quot;modula-fancybox-toolbar\\&quot;&gt;{{buttons}}&lt;\\\/div&gt;&lt;div class=\\&quot;modula-fancybox-navigation\\&quot;&gt;{{arrows}}&lt;\\\/div&gt;&lt;div class=\\&quot;modula-fancybox-stage\\&quot;&gt;&lt;\\\/div&gt;&lt;div class=\\&quot;modula-fancybox-caption\\&quot;&gt;&lt;div class=\\&quot;modula-fancybox-caption__body\\&quot;&gt;&lt;\\\/div&gt;&lt;\\\/div&gt;&lt;\\\/div&gt;&lt;\\\/div&gt;&quot;},&quot;inView&quot;:false,&quot;email_subject&quot;:&quot;Check out this awesome image !!&quot;,&quot;email_message&quot;:&quot;Here is the link to the image : %%image_link%% and this is the link to the gallery : %%gallery_link%%&quot;,&quot;grid_type&quot;:&quot;automatic&quot;,&quot;rowHeight&quot;:150,&quot;lastRow&quot;:&quot;justify&quot;,&quot;lightbox&quot;:&quot;fancybox&quot;}\">\n\n\t\n\t<!-- Items Container -->\n\t<div  class=\"modula-items grid-gallery\">\n\t\t<div class=\"modula-item effect-pufrobo\" >\n\t<div class=\"modula-item-overlay\"><\/div>\n\n\t<div class=\"modula-item-content\">\n\n\t\t\t\t\n\t\t\t\t\t<a data-image-id=\"6461\" href=\"https:\/\/www.visitsoglianoalrubicone.it\/wp-content\/uploads\/2021\/09\/Visit-Sogliano-Scopri-Sogliano-Arte-Cultura-Artigianato-Chiese-Pievi-Abbazie-Monasteri-Sacra-Famiglia-Strigara-1-scaled.jpeg\" rel=\"jtg-6460\" data-caption=\"\" class=\"tile-inner modula-item-link\"><\/a>\n\t\t\n\t\t<img class=\"pic\"  data-valign=\"middle\" data-halign=\"center\" alt=\"\" data-full=\"https:\/\/www.visitsoglianoalrubicone.it\/wp-content\/uploads\/2021\/09\/Visit-Sogliano-Scopri-Sogliano-Arte-Cultura-Artigianato-Chiese-Pievi-Abbazie-Monasteri-Sacra-Famiglia-Strigara-1.jpeg\" title=\"Visit Sogliano - Scopri Sogliano - Arte Cultura Artigianato - Chiese Pievi Abbazie Monasteri - Sacra Famiglia Strigara (1)\" width=\"1024\" height=\"650\" src=\"https:\/\/www.visitsoglianoalrubicone.it\/wp-content\/uploads\/2021\/09\/Visit-Sogliano-Scopri-Sogliano-Arte-Cultura-Artigianato-Chiese-Pievi-Abbazie-Monasteri-Sacra-Famiglia-Strigara-1-1024x650.jpeg\" data-src=\"https:\/\/www.visitsoglianoalrubicone.it\/wp-content\/uploads\/2021\/09\/Visit-Sogliano-Scopri-Sogliano-Arte-Cultura-Artigianato-Chiese-Pievi-Abbazie-Monasteri-Sacra-Famiglia-Strigara-1-1024x650.jpeg\" data-caption=\"\"srcset=\"https:\/\/www.visitsoglianoalrubicone.it\/wp-content\/uploads\/2021\/09\/Visit-Sogliano-Scopri-Sogliano-Arte-Cultura-Artigianato-Chiese-Pievi-Abbazie-Monasteri-Sacra-Famiglia-Strigara-1-scaled-1024x650.jpeg 1024w, https:\/\/www.visitsoglianoalrubicone.it\/wp-content\/uploads\/2021\/09\/Visit-Sogliano-Scopri-Sogliano-Arte-Cultura-Artigianato-Chiese-Pievi-Abbazie-Monasteri-Sacra-Famiglia-Strigara-1-300x190.jpeg 300w, https:\/\/www.visitsoglianoalrubicone.it\/wp-content\/uploads\/2021\/09\/Visit-Sogliano-Scopri-Sogliano-Arte-Cultura-Artigianato-Chiese-Pievi-Abbazie-Monasteri-Sacra-Famiglia-Strigara-1-768x488.jpeg 768w, https:\/\/www.visitsoglianoalrubicone.it\/wp-content\/uploads\/2021\/09\/Visit-Sogliano-Scopri-Sogliano-Arte-Cultura-Artigianato-Chiese-Pievi-Abbazie-Monasteri-Sacra-Famiglia-Strigara-1-1536x975.jpeg 1536w, https:\/\/www.visitsoglianoalrubicone.it\/wp-content\/uploads\/2021\/09\/Visit-Sogliano-Scopri-Sogliano-Arte-Cultura-Artigianato-Chiese-Pievi-Abbazie-Monasteri-Sacra-Famiglia-Strigara-1-2048x1300.jpeg 2048w\" sizes=\"(max-width: 1024px) 100vw, 1024px\"\" \/>\n\t\t<div class=\"figc no-description\">\n\t\t\t<div class=\"figc-inner\">\n\t\t\t\t\t\t\t\t\t\t\t\t\t\t\t<\/div>\n\t\t<\/div>\n\n\t<\/div>\n\n<\/div><div class=\"modula-item effect-pufrobo\" >\n\t<div class=\"modula-item-overlay\"><\/div>\n\n\t<div class=\"modula-item-content\">\n\n\t\t\t\t\n\t\t\t\t\t<a data-image-id=\"6462\" href=\"https:\/\/www.visitsoglianoalrubicone.it\/wp-content\/uploads\/2021\/09\/Visit-Sogliano-Scopri-Sogliano-Arte-Cultura-Artigianato-Chiese-Pievi-Abbazie-Monasteri-Sacra-Famiglia-Strigara-2-scaled.jpeg\" rel=\"jtg-6460\" data-caption=\"\" class=\"tile-inner modula-item-link\"><\/a>\n\t\t\n\t\t<img class=\"pic\"  data-valign=\"middle\" data-halign=\"center\" alt=\"\" data-full=\"https:\/\/www.visitsoglianoalrubicone.it\/wp-content\/uploads\/2021\/09\/Visit-Sogliano-Scopri-Sogliano-Arte-Cultura-Artigianato-Chiese-Pievi-Abbazie-Monasteri-Sacra-Famiglia-Strigara-2.jpeg\" title=\"Visit Sogliano - Scopri Sogliano - Arte Cultura Artigianato - Chiese Pievi Abbazie Monasteri - Sacra Famiglia Strigara (2)\" width=\"1024\" height=\"768\" src=\"https:\/\/www.visitsoglianoalrubicone.it\/wp-content\/uploads\/2021\/09\/Visit-Sogliano-Scopri-Sogliano-Arte-Cultura-Artigianato-Chiese-Pievi-Abbazie-Monasteri-Sacra-Famiglia-Strigara-2-1024x768.jpeg\" data-src=\"https:\/\/www.visitsoglianoalrubicone.it\/wp-content\/uploads\/2021\/09\/Visit-Sogliano-Scopri-Sogliano-Arte-Cultura-Artigianato-Chiese-Pievi-Abbazie-Monasteri-Sacra-Famiglia-Strigara-2-1024x768.jpeg\" data-caption=\"\"srcset=\"https:\/\/www.visitsoglianoalrubicone.it\/wp-content\/uploads\/2021\/09\/Visit-Sogliano-Scopri-Sogliano-Arte-Cultura-Artigianato-Chiese-Pievi-Abbazie-Monasteri-Sacra-Famiglia-Strigara-2-scaled-1024x768.jpeg 1024w, https:\/\/www.visitsoglianoalrubicone.it\/wp-content\/uploads\/2021\/09\/Visit-Sogliano-Scopri-Sogliano-Arte-Cultura-Artigianato-Chiese-Pievi-Abbazie-Monasteri-Sacra-Famiglia-Strigara-2-300x225.jpeg 300w, https:\/\/www.visitsoglianoalrubicone.it\/wp-content\/uploads\/2021\/09\/Visit-Sogliano-Scopri-Sogliano-Arte-Cultura-Artigianato-Chiese-Pievi-Abbazie-Monasteri-Sacra-Famiglia-Strigara-2-768x576.jpeg 768w, https:\/\/www.visitsoglianoalrubicone.it\/wp-content\/uploads\/2021\/09\/Visit-Sogliano-Scopri-Sogliano-Arte-Cultura-Artigianato-Chiese-Pievi-Abbazie-Monasteri-Sacra-Famiglia-Strigara-2-1536x1152.jpeg 1536w, https:\/\/www.visitsoglianoalrubicone.it\/wp-content\/uploads\/2021\/09\/Visit-Sogliano-Scopri-Sogliano-Arte-Cultura-Artigianato-Chiese-Pievi-Abbazie-Monasteri-Sacra-Famiglia-Strigara-2-2048x1536.jpeg 2048w\" sizes=\"(max-width: 1024px) 100vw, 1024px\"\" \/>\n\t\t<div class=\"figc no-description\">\n\t\t\t<div class=\"figc-inner\">\n\t\t\t\t\t\t\t\t\t\t\t\t\t\t\t<\/div>\n\t\t<\/div>\n\n\t<\/div>\n\n<\/div><div class=\"modula-item effect-pufrobo\" >\n\t<div class=\"modula-item-overlay\"><\/div>\n\n\t<div class=\"modula-item-content\">\n\n\t\t\t\t\n\t\t\t\t\t<a data-image-id=\"6463\" href=\"https:\/\/www.visitsoglianoalrubicone.it\/wp-content\/uploads\/2021\/09\/Visit-Sogliano-Scopri-Sogliano-Arte-Cultura-Artigianato-Chiese-Pievi-Abbazie-Monasteri-Sacra-Famiglia-Strigara-3-scaled.jpeg\" rel=\"jtg-6460\" data-caption=\"\" class=\"tile-inner modula-item-link\"><\/a>\n\t\t\n\t\t<img class=\"pic\"  data-valign=\"middle\" data-halign=\"center\" alt=\"\" data-full=\"https:\/\/www.visitsoglianoalrubicone.it\/wp-content\/uploads\/2021\/09\/Visit-Sogliano-Scopri-Sogliano-Arte-Cultura-Artigianato-Chiese-Pievi-Abbazie-Monasteri-Sacra-Famiglia-Strigara-3.jpeg\" title=\"Visit Sogliano - Scopri Sogliano - Arte Cultura Artigianato - Chiese Pievi Abbazie Monasteri - Sacra Famiglia Strigara (3)\" width=\"1024\" height=\"768\" src=\"https:\/\/www.visitsoglianoalrubicone.it\/wp-content\/uploads\/2021\/09\/Visit-Sogliano-Scopri-Sogliano-Arte-Cultura-Artigianato-Chiese-Pievi-Abbazie-Monasteri-Sacra-Famiglia-Strigara-3-1024x768.jpeg\" data-src=\"https:\/\/www.visitsoglianoalrubicone.it\/wp-content\/uploads\/2021\/09\/Visit-Sogliano-Scopri-Sogliano-Arte-Cultura-Artigianato-Chiese-Pievi-Abbazie-Monasteri-Sacra-Famiglia-Strigara-3-1024x768.jpeg\" data-caption=\"\"srcset=\"https:\/\/www.visitsoglianoalrubicone.it\/wp-content\/uploads\/2021\/09\/Visit-Sogliano-Scopri-Sogliano-Arte-Cultura-Artigianato-Chiese-Pievi-Abbazie-Monasteri-Sacra-Famiglia-Strigara-3-scaled-1024x768.jpeg 1024w, https:\/\/www.visitsoglianoalrubicone.it\/wp-content\/uploads\/2021\/09\/Visit-Sogliano-Scopri-Sogliano-Arte-Cultura-Artigianato-Chiese-Pievi-Abbazie-Monasteri-Sacra-Famiglia-Strigara-3-300x225.jpeg 300w, https:\/\/www.visitsoglianoalrubicone.it\/wp-content\/uploads\/2021\/09\/Visit-Sogliano-Scopri-Sogliano-Arte-Cultura-Artigianato-Chiese-Pievi-Abbazie-Monasteri-Sacra-Famiglia-Strigara-3-768x576.jpeg 768w, https:\/\/www.visitsoglianoalrubicone.it\/wp-content\/uploads\/2021\/09\/Visit-Sogliano-Scopri-Sogliano-Arte-Cultura-Artigianato-Chiese-Pievi-Abbazie-Monasteri-Sacra-Famiglia-Strigara-3-1536x1152.jpeg 1536w, https:\/\/www.visitsoglianoalrubicone.it\/wp-content\/uploads\/2021\/09\/Visit-Sogliano-Scopri-Sogliano-Arte-Cultura-Artigianato-Chiese-Pievi-Abbazie-Monasteri-Sacra-Famiglia-Strigara-3-2048x1536.jpeg 2048w\" sizes=\"(max-width: 1024px) 100vw, 1024px\"\" \/>\n\t\t<div class=\"figc no-description\">\n\t\t\t<div class=\"figc-inner\">\n\t\t\t\t\t\t\t\t\t\t\t\t\t\t\t<\/div>\n\t\t<\/div>\n\n\t<\/div>\n\n<\/div><div class=\"modula-item effect-pufrobo\" >\n\t<div class=\"modula-item-overlay\"><\/div>\n\n\t<div class=\"modula-item-content\">\n\n\t\t\t\t\n\t\t\t\t\t<a data-image-id=\"6464\" href=\"https:\/\/www.visitsoglianoalrubicone.it\/wp-content\/uploads\/2021\/09\/Visit-Sogliano-Scopri-Sogliano-Arte-Cultura-Artigianato-Chiese-Pievi-Abbazie-Monasteri-Sacra-Famiglia-Strigara-4-scaled.jpeg\" rel=\"jtg-6460\" data-caption=\"\" class=\"tile-inner modula-item-link\"><\/a>\n\t\t\n\t\t<img class=\"pic\"  data-valign=\"middle\" data-halign=\"center\" alt=\"\" data-full=\"https:\/\/www.visitsoglianoalrubicone.it\/wp-content\/uploads\/2021\/09\/Visit-Sogliano-Scopri-Sogliano-Arte-Cultura-Artigianato-Chiese-Pievi-Abbazie-Monasteri-Sacra-Famiglia-Strigara-4.jpeg\" title=\"Visit Sogliano - Scopri Sogliano - Arte Cultura Artigianato - Chiese Pievi Abbazie Monasteri - Sacra Famiglia Strigara (4)\" width=\"768\" height=\"1024\" src=\"https:\/\/www.visitsoglianoalrubicone.it\/wp-content\/uploads\/2021\/09\/Visit-Sogliano-Scopri-Sogliano-Arte-Cultura-Artigianato-Chiese-Pievi-Abbazie-Monasteri-Sacra-Famiglia-Strigara-4-768x1024.jpeg\" data-src=\"https:\/\/www.visitsoglianoalrubicone.it\/wp-content\/uploads\/2021\/09\/Visit-Sogliano-Scopri-Sogliano-Arte-Cultura-Artigianato-Chiese-Pievi-Abbazie-Monasteri-Sacra-Famiglia-Strigara-4-768x1024.jpeg\" data-caption=\"\"srcset=\"https:\/\/www.visitsoglianoalrubicone.it\/wp-content\/uploads\/2021\/09\/Visit-Sogliano-Scopri-Sogliano-Arte-Cultura-Artigianato-Chiese-Pievi-Abbazie-Monasteri-Sacra-Famiglia-Strigara-4-scaled-768x1024.jpeg 768w, https:\/\/www.visitsoglianoalrubicone.it\/wp-content\/uploads\/2021\/09\/Visit-Sogliano-Scopri-Sogliano-Arte-Cultura-Artigianato-Chiese-Pievi-Abbazie-Monasteri-Sacra-Famiglia-Strigara-4-225x300.jpeg 225w, https:\/\/www.visitsoglianoalrubicone.it\/wp-content\/uploads\/2021\/09\/Visit-Sogliano-Scopri-Sogliano-Arte-Cultura-Artigianato-Chiese-Pievi-Abbazie-Monasteri-Sacra-Famiglia-Strigara-4-1152x1536.jpeg 1152w, https:\/\/www.visitsoglianoalrubicone.it\/wp-content\/uploads\/2021\/09\/Visit-Sogliano-Scopri-Sogliano-Arte-Cultura-Artigianato-Chiese-Pievi-Abbazie-Monasteri-Sacra-Famiglia-Strigara-4-1536x2048.jpeg 1536w, https:\/\/www.visitsoglianoalrubicone.it\/wp-content\/uploads\/2021\/09\/Visit-Sogliano-Scopri-Sogliano-Arte-Cultura-Artigianato-Chiese-Pievi-Abbazie-Monasteri-Sacra-Famiglia-Strigara-4-scaled.jpeg 1920w\" sizes=\"(max-width: 768px) 100vw, 768px\"\" \/>\n\t\t<div class=\"figc no-description\">\n\t\t\t<div class=\"figc-inner\">\n\t\t\t\t\t\t\t\t\t\t\t\t\t\t\t<\/div>\n\t\t<\/div>\n\n\t<\/div>\n\n<\/div><div class=\"modula-item effect-pufrobo\" >\n\t<div class=\"modula-item-overlay\"><\/div>\n\n\t<div class=\"modula-item-content\">\n\n\t\t\t\t\n\t\t\t\t\t<a data-image-id=\"6465\" href=\"https:\/\/www.visitsoglianoalrubicone.it\/wp-content\/uploads\/2021\/09\/Visit-Sogliano-Scopri-Sogliano-Arte-Cultura-Artigianato-Chiese-Pievi-Abbazie-Monasteri-Sacra-Famiglia-Strigara-5-scaled.jpeg\" rel=\"jtg-6460\" data-caption=\"\" class=\"tile-inner modula-item-link\"><\/a>\n\t\t\n\t\t<img class=\"pic\"  data-valign=\"middle\" data-halign=\"center\" alt=\"\" data-full=\"https:\/\/www.visitsoglianoalrubicone.it\/wp-content\/uploads\/2021\/09\/Visit-Sogliano-Scopri-Sogliano-Arte-Cultura-Artigianato-Chiese-Pievi-Abbazie-Monasteri-Sacra-Famiglia-Strigara-5.jpeg\" title=\"Visit Sogliano - Scopri Sogliano - Arte Cultura Artigianato - Chiese Pievi Abbazie Monasteri - Sacra Famiglia Strigara (5)\" width=\"1024\" height=\"768\" src=\"https:\/\/www.visitsoglianoalrubicone.it\/wp-content\/uploads\/2021\/09\/Visit-Sogliano-Scopri-Sogliano-Arte-Cultura-Artigianato-Chiese-Pievi-Abbazie-Monasteri-Sacra-Famiglia-Strigara-5-1024x768.jpeg\" data-src=\"https:\/\/www.visitsoglianoalrubicone.it\/wp-content\/uploads\/2021\/09\/Visit-Sogliano-Scopri-Sogliano-Arte-Cultura-Artigianato-Chiese-Pievi-Abbazie-Monasteri-Sacra-Famiglia-Strigara-5-1024x768.jpeg\" data-caption=\"\"srcset=\"https:\/\/www.visitsoglianoalrubicone.it\/wp-content\/uploads\/2021\/09\/Visit-Sogliano-Scopri-Sogliano-Arte-Cultura-Artigianato-Chiese-Pievi-Abbazie-Monasteri-Sacra-Famiglia-Strigara-5-scaled-1024x768.jpeg 1024w, https:\/\/www.visitsoglianoalrubicone.it\/wp-content\/uploads\/2021\/09\/Visit-Sogliano-Scopri-Sogliano-Arte-Cultura-Artigianato-Chiese-Pievi-Abbazie-Monasteri-Sacra-Famiglia-Strigara-5-300x225.jpeg 300w, https:\/\/www.visitsoglianoalrubicone.it\/wp-content\/uploads\/2021\/09\/Visit-Sogliano-Scopri-Sogliano-Arte-Cultura-Artigianato-Chiese-Pievi-Abbazie-Monasteri-Sacra-Famiglia-Strigara-5-768x576.jpeg 768w, https:\/\/www.visitsoglianoalrubicone.it\/wp-content\/uploads\/2021\/09\/Visit-Sogliano-Scopri-Sogliano-Arte-Cultura-Artigianato-Chiese-Pievi-Abbazie-Monasteri-Sacra-Famiglia-Strigara-5-1536x1152.jpeg 1536w, https:\/\/www.visitsoglianoalrubicone.it\/wp-content\/uploads\/2021\/09\/Visit-Sogliano-Scopri-Sogliano-Arte-Cultura-Artigianato-Chiese-Pievi-Abbazie-Monasteri-Sacra-Famiglia-Strigara-5-2048x1536.jpeg 2048w\" sizes=\"(max-width: 1024px) 100vw, 1024px\"\" \/>\n\t\t<div class=\"figc no-description\">\n\t\t\t<div class=\"figc-inner\">\n\t\t\t\t\t\t\t\t\t\t\t\t\t\t\t<\/div>\n\t\t<\/div>\n\n\t<\/div>\n\n<\/div>\t\t\n\t<\/div>\n\n\t\n\t\n\t<script type=\"application\/ld+json\">\n\t{\n\t\t\"@context\": \"http:\/\/schema.org\",\n\t\t\"@type\"   : \"ImageGallery\",\n\t\t\"id\"      : \"https:\/\/www.visitsoglianoalrubicone.it\/fr\/wp-json\/wp\/v2\/pages\/18515\/\",\n\t\t\"url\"     : \"https:\/\/www.visitsoglianoalrubicone.it\/fr\/wp-json\/wp\/v2\/pages\/18515\/\"\n\t}\n\n    <\/script>\n\n\t\n<\/div>[\/vc_column_text][vc_empty_space height=\u00a0\u00bb50px\u00a0\u00bb][\/vc_column_inner][\/vc_row_inner][\/vc_column][\/vc_row]<\/p>\n","protected":false},"excerpt":{"rendered":"<p>[vc_row full_width=\u00a0\u00bbstretch_row_content_no_spaces\u00a0\u00bb][vc_column][vc_single_image image=\u00a0\u00bb18517&Prime; img_size=\u00a0\u00bb1920 x 450&Prime; alignment=\u00a0\u00bbcenter\u00a0\u00bb el_class=\u00a0\u00bbinfotronik_banner_pagina\u00a0\u00bb][vc_empty_space height=\u00a0\u00bb20px\u00a0\u00bb][vc_row_inner][vc_column_inner][vc_column_text]Strigara, sous la domination des Malatesta, connut une p\u00e9riode de grande expansion :&#8230;<\/p>\n","protected":false},"author":1,"featured_media":18516,"parent":19402,"menu_order":0,"comment_status":"closed","ping_status":"closed","template":"","meta":{"loftloader_page_shortcode":""},"_links":{"self":[{"href":"https:\/\/www.visitsoglianoalrubicone.it\/fr\/wp-json\/wp\/v2\/pages\/18515"}],"collection":[{"href":"https:\/\/www.visitsoglianoalrubicone.it\/fr\/wp-json\/wp\/v2\/pages"}],"about":[{"href":"https:\/\/www.visitsoglianoalrubicone.it\/fr\/wp-json\/wp\/v2\/types\/page"}],"author":[{"embeddable":true,"href":"https:\/\/www.visitsoglianoalrubicone.it\/fr\/wp-json\/wp\/v2\/users\/1"}],"replies":[{"embeddable":true,"href":"https:\/\/www.visitsoglianoalrubicone.it\/fr\/wp-json\/wp\/v2\/comments?post=18515"}],"version-history":[{"count":2,"href":"https:\/\/www.visitsoglianoalrubicone.it\/fr\/wp-json\/wp\/v2\/pages\/18515\/revisions"}],"predecessor-version":[{"id":18567,"href":"https:\/\/www.visitsoglianoalrubicone.it\/fr\/wp-json\/wp\/v2\/pages\/18515\/revisions\/18567"}],"up":[{"embeddable":true,"href":"https:\/\/www.visitsoglianoalrubicone.it\/fr\/wp-json\/wp\/v2\/pages\/19402"}],"wp:featuredmedia":[{"embeddable":true,"href":"https:\/\/www.visitsoglianoalrubicone.it\/fr\/wp-json\/wp\/v2\/media\/18516"}],"wp:attachment":[{"href":"https:\/\/www.visitsoglianoalrubicone.it\/fr\/wp-json\/wp\/v2\/media?parent=18515"}],"curies":[{"name":"wp","href":"https:\/\/api.w.org\/{rel}","templated":true}]}}