{"id":18532,"date":"2021-07-17T14:39:45","date_gmt":"2021-07-17T14:39:45","guid":{"rendered":"https:\/\/www.visitsoglianoalrubicone.it\/oratoire-s-maria-assunta-di-meleto-rontagnano\/"},"modified":"2024-12-06T10:06:53","modified_gmt":"2024-12-06T10:06:53","slug":"oratoire-s-maria-assunta-di-meleto-rontagnano","status":"publish","type":"page","link":"https:\/\/www.visitsoglianoalrubicone.it\/fr\/decouvrez-sogliano\/art-culture-et-artisanat\/eglises-abbayes-paroisses-et-monasteres\/oratoire-s-maria-assunta-di-meleto-rontagnano\/","title":{"rendered":"Oratoire S. Maria Assunta di Meleto &#8211; Rontagnano"},"content":{"rendered":"<p>[vc_row full_width=\u00a0\u00bbstretch_row_content_no_spaces\u00a0\u00bb][vc_column][vc_single_image image=\u00a0\u00bb18535&Prime; img_size=\u00a0\u00bb1920 x 450&Prime; alignment=\u00a0\u00bbcenter\u00a0\u00bb el_class=\u00a0\u00bbinfotronik_banner_pagina\u00a0\u00bb]\n\t\t\t<section class=\"do-normal-page-title-section infotronik_page_title_section_little\">\n\t\t\t\t<div class=\"container\">\n\t\t\t\t\t<div class=\"row uppercase\">\n\t\t\t\n\t\t\t\t\t\t<div class=\"do-page-title-wrapper\">\n\t\t\t\t\t\t\t<div class=\"do-default-page-title col-md-7 col-sm-7 col-xs-12\">\n\t\t\t\t\t\t\t\t<h2 info=48 class=\"infotronik_page_title_little\">Oratorio S. Maria Assunta di Meleto - Rontagnano<\/h2>\n\t\t\t\t\t\t\t\t<p><\/p>\n\t\t\t\t\t\t\t<\/div>\n\t\t\t\n\t\t\t\t\t\t\t<div class=\"do-breadcumb\"><ul><li><a class=\"infotronik_breadcrumb_cut\" href=\"https:\/\/www.visitsoglianoalrubicone.it\/fr\/decouvrez-sogliano\/art-culture-et-artisanat\/\">Art, culture et artisanat<\/a><\/li><li><a class=\"infotronik_breadcrumb_cut\" href=\"https:\/\/www.visitsoglianoalrubicone.it\/fr\/decouvrez-sogliano\/art-culture-et-artisanat\/eglises-abbayes-paroisses-et-monasteres\/\">\u00c9glises, abbayes, paroisses et monast\u00e8res<\/a><\/li><\/ul><\/div>\n\t\t\t\t\t\t<\/div>\n\t\t\t\n\t\t\t\t\t<\/div>\n\t\t\t\t<\/div>\n\t\t\t<\/section>\n\t\t[vc_empty_space height=\u00a0\u00bb20px\u00a0\u00bb][vc_row_inner][vc_column_inner][vc_column_text]C&rsquo;est le 3 mai 1612 qu&rsquo;un acte notari\u00e9 d\u00e9cida Guidi Simone da Meleto di Rontagnano \u00e0 construire une petite \u00e9glise : l&rsquo;\u00e9glise de l&rsquo;Assomption de la Bienheureuse et \u00e9ternelle Vierge Marie de Meleto ; la Madone est appel\u00e9e \u00e9glise de Meleto parce qu&rsquo;elle se dresse sur la montagne appel\u00e9e Meleto, mais le titre exact est S. Maria Assunta Paradisi di Meleto, o\u00f9 Paradisi est d\u00fb au toponyme de l&rsquo;ancien domaine sur lequel l&rsquo;\u00e9glise se trouvait \u00e0 l&rsquo;origine. En 1830, l&rsquo;\u00e9glise originale de Meleto s&rsquo;est effondr\u00e9e et a \u00e9t\u00e9 imm\u00e9diatement reconstruite \u00e0 son emplacement actuel en 1831 gr\u00e2ce \u00e0 l&rsquo;argent et \u00e0 la volont\u00e9 de la famille Tontini : l&rsquo;\u00e9l\u00e9gance et la majest\u00e9 architecturale ne se trouvent que dans les choses de la cr\u00e9ation, ici le sensationnel se trouve dans la lin\u00e9arit\u00e9 et la simplicit\u00e9 de la construction. Il est int\u00e9ressant de noter que, bien que l&rsquo;\u00e9glise de Meleto continue \u00e0 \u00eatre d\u00e9di\u00e9e \u00e0 l&rsquo;Annunziata, les habitants de Rontagnanese la c\u00e9l\u00e8brent avec une \u00ab\u00a0pieuse d\u00e9votion\u00a0\u00bb le 15 ao\u00fbt : c\u00e9l\u00e9brer la f\u00eate de l&rsquo;Annunziata le 25 mars sur le mont Meleto dans le froid (et souvent la neige) n&rsquo;\u00e9tait pas la m\u00eame chose que de la c\u00e9l\u00e9brer le 15 ao\u00fbt lorsque le mont Meleto est un v\u00e9ritable \u00ab\u00a0paradis\u00a0\u00bb.[\/vc_column_text][vc_empty_space height=\u00a0\u00bb30px\u00a0\u00bb][\/vc_column_inner][\/vc_row_inner][vc_row_inner][vc_column_inner width=\u00a0\u00bb1\/2&Prime;]\n\t\t<div class=\"do-icon-with-text-style1 appear fadeIn\" data-wow-duration=\"1s\" data-wow-delay=\"0.3s\">\n\t\t    <div class=\"do-icon-wrapper\">\n\t\t        <i class=\"fa fa-map-marker\"><\/i>\n\t\t    <\/div>\n\t\t    <p>Via Rontagnano Meleto di Sopra, 47030 Sogliano al Rubicone<\/p>\n\n\t\t<\/div>\n\t\n\t\t<div class=\"do-icon-with-text-style1 appear fadeIn\" data-wow-duration=\"1s\" data-wow-delay=\"0.3s\">\n\t\t    <div class=\"do-icon-wrapper\">\n\t\t        <i class=\"fa fa-clock-o\"><\/i>\n\t\t    <\/div>\n\t\t    <p>Toujours visible de l&rsquo;ext\u00e9rieur<\/p>\n\n\t\t<\/div>\n\t[\/vc_column_inner][vc_column_inner width=\u00a0\u00bb1\/2&Prime;][vc_gmaps link=\u00a0\u00bb#E-8_JTNDaWZyYW1lJTIwc3JjJTNEJTIyaHR0cHMlM0ElMkYlMkZ3d3cuZ29vZ2xlLmNvbSUyRm1hcHMlMkZlbWJlZCUzRnBiJTNEJTIxMW0xOCUyMTFtMTIlMjExbTMlMjExZDEyNjUuNzIxNjQzNjQ0ODY4NCUyMTJkMTIuMjQyMTMxNzE2MTI0MDU1JTIxM2Q0My45NjUzNDA5ODg3MDMxNiUyMTJtMyUyMTFmMCUyMTJmMCUyMTNmMCUyMTNtMiUyMTFpMTAyNCUyMTJpNzY4JTIxNGYxMy4xJTIxM20zJTIxMW0yJTIxMXMweDEzMmM5YTFkNTJjN2Q2MjclMjUzQTB4NzI0MjdhNmZjZTMyYjBlZCUyMTJzT3JhdG9yaW8lMjUyMFMuJTI1MjBNYXJpYSUyNTIwQXNzdW50YSUyNTIwZGklMjUyME1lbGV0byUyMTVlMSUyMTNtMiUyMTFzaXQlMjEyc2l0JTIxNHYxNjMxOTU4MzMxNDIyJTIxNW0yJTIxMXNpdCUyMTJzaXQlMjIlMjB3aWR0aCUzRCUyMjYwMCUyMiUyMGhlaWdodCUzRCUyMjQ1MCUyMiUyMHN0eWxlJTNEJTIyYm9yZGVyJTNBMCUzQiUyMiUyMGFsbG93ZnVsbHNjcmVlbiUzRCUyMiUyMiUyMGxvYWRpbmclM0QlMjJsYXp5JTIyJTNFJTNDJTJGaWZyYW1lJTNF\u00a0\u00bb][\/vc_column_inner][\/vc_row_inner][vc_row_inner][vc_column_inner][vc_empty_space height=\u00a0\u00bb30px\u00a0\u00bb][vc_column_text]<style>#jtg-6428 .modula-item .jtg-social a, .lightbox-socials.jtg-social a{ color: #ffffff }#jtg-6428 .modula-item .jtg-social svg, .lightbox-socials.jtg-social svg { height: 16px; width: 16px }#jtg-6428 .modula-item .jtg-social a:not(:last-child), .lightbox-socials.jtg-social a:not(:last-child) { margin-right: 10px }#jtg-6428 .modula-item .figc {color:#ffffff;}#jtg-6428 .modula-item .modula-item-content { transform: scale(1) }#jtg-6428 { width:100%;}#jtg-6428 .modula-items .figc p.description { font-size:14px; }#jtg-6428 .modula-items .figc p.description { color:#ffffff;}#jtg-6428.modula-gallery .modula-item > a, #jtg-6428.modula-gallery .modula-item, #jtg-6428.modula-gallery .modula-item-content > a { cursor:zoom-in; } @media screen and (max-width:480px){#jtg-6428 .modula-item .figc .jtg-title {  font-size: 12px; }#jtg-6428 .modula-items .figc p.description { color:#ffffff;font-size:10px; }}<\/style>\n<!-- Gallery Container -->\n<div  id=\"jtg-6428\" class=\"modula modula-gallery modula-columns\" data-config=\"{&quot;enableTwitter&quot;:false,&quot;enableWhatsapp&quot;:false,&quot;enableFacebook&quot;:false,&quot;enablePinterest&quot;:false,&quot;enableLinkedin&quot;:false,&quot;enableEmail&quot;:false,&quot;randomFactor&quot;:0.5,&quot;type&quot;:&quot;grid&quot;,&quot;columns&quot;:12,&quot;gutter&quot;:10,&quot;mobileGutter&quot;:10,&quot;tabletGutter&quot;:10,&quot;desktopGutter&quot;:10,&quot;enableResponsive&quot;:&quot;0&quot;,&quot;tabletColumns&quot;:&quot;2&quot;,&quot;mobileColumns&quot;:&quot;1&quot;,&quot;lazyLoad&quot;:&quot;0&quot;,&quot;lightboxOpts&quot;:{&quot;loop&quot;:false,&quot;arrows&quot;:true,&quot;toolbar&quot;:true,&quot;keyboard&quot;:false,&quot;wheel&quot;:false,&quot;buttons&quot;:[&quot;close&quot;],&quot;hash&quot;:false,&quot;lang&quot;:&quot;en&quot;,&quot;touch&quot;:false,&quot;protect&quot;:false,&quot;i18n&quot;:{&quot;en&quot;:{&quot;CLOSE&quot;:&quot;Close&quot;,&quot;NEXT&quot;:&quot;Next&quot;,&quot;PREV&quot;:&quot;Previous&quot;,&quot;Error&quot;:&quot;The requested content cannot be loaded. Please try again later.&quot;,&quot;PLAY_START&quot;:&quot;Start slideshow&quot;,&quot;PLAY_STOP&quot;:&quot;Pause slideshow&quot;,&quot;FULL_SCREEN&quot;:&quot;Full screen&quot;,&quot;THUMBS&quot;:&quot;Thumbnails&quot;,&quot;DOWNLOAD&quot;:&quot;Download&quot;,&quot;SHARE&quot;:&quot;Share&quot;,&quot;ZOOM&quot;:&quot;Zoom&quot;}},&quot;clickSlide&quot;:false,&quot;clickOutside&quot;:false,&quot;dblclickContent&quot;:false,&quot;dblclickSlide&quot;:false,&quot;dblclickOutside&quot;:false,&quot;clickContent&quot;:false,&quot;baseTpl&quot;:&quot;&lt;div class=\\&quot;modula-fancybox-container modula-lightbox-jtg-6428\\&quot; role=\\&quot;dialog\\&quot; tabindex=\\&quot;-1\\&quot;&gt;&lt;div class=\\&quot;modula-fancybox-bg\\&quot;&gt;&lt;\\\/div&gt;&lt;div class=\\&quot;modula-fancybox-inner\\&quot;&gt;&lt;div class=\\&quot;modula-fancybox-infobar\\&quot;&gt;&lt;span data-fancybox-index&gt;&lt;\\\/span&gt;&nbsp;\\\/&nbsp;&lt;span data-fancybox-count&gt;&lt;\\\/span&gt;&lt;\\\/div&gt;&lt;div class=\\&quot;modula-fancybox-toolbar\\&quot;&gt;{{buttons}}&lt;\\\/div&gt;&lt;div class=\\&quot;modula-fancybox-navigation\\&quot;&gt;{{arrows}}&lt;\\\/div&gt;&lt;div class=\\&quot;modula-fancybox-stage\\&quot;&gt;&lt;\\\/div&gt;&lt;div class=\\&quot;modula-fancybox-caption\\&quot;&gt;&lt;div class=\\&quot;modula-fancybox-caption__body\\&quot;&gt;&lt;\\\/div&gt;&lt;\\\/div&gt;&lt;\\\/div&gt;&lt;\\\/div&gt;&quot;},&quot;inView&quot;:false,&quot;email_subject&quot;:&quot;Check out this awesome image !!&quot;,&quot;email_message&quot;:&quot;Here is the link to the image : %%image_link%% and this is the link to the gallery : %%gallery_link%%&quot;,&quot;grid_type&quot;:&quot;automatic&quot;,&quot;rowHeight&quot;:150,&quot;lastRow&quot;:&quot;justify&quot;,&quot;lightbox&quot;:&quot;fancybox&quot;}\">\n\n\t\n\t<!-- Items Container -->\n\t<div  class=\"modula-items grid-gallery\">\n\t\t<div class=\"modula-item effect-pufrobo\" >\n\t<div class=\"modula-item-overlay\"><\/div>\n\n\t<div class=\"modula-item-content\">\n\n\t\t\t\t\n\t\t\t\t\t<a data-image-id=\"6429\" href=\"https:\/\/www.visitsoglianoalrubicone.it\/wp-content\/uploads\/2021\/09\/Visit-Sogliano-Scopri-Sogliano-Arte-Cultura-Artigianato-Chiese-Pievi-Abbazie-Monasteri-Maria-Assunta-Paradisi-Meleto-1.jpg\" rel=\"jtg-6428\" data-caption=\"\" class=\"tile-inner modula-item-link\"><\/a>\n\t\t\n\t\t<img class=\"pic\"  data-valign=\"middle\" data-halign=\"center\" alt=\"\" data-full=\"https:\/\/www.visitsoglianoalrubicone.it\/wp-content\/uploads\/2021\/09\/Visit-Sogliano-Scopri-Sogliano-Arte-Cultura-Artigianato-Chiese-Pievi-Abbazie-Monasteri-Maria-Assunta-Paradisi-Meleto-1.jpg\" title=\"Visit Sogliano - Scopri Sogliano - Arte Cultura Artigianato - Chiese Pievi Abbazie Monasteri - Maria Assunta Paradisi Meleto (1)\" width=\"640\" height=\"960\" src=\"https:\/\/www.visitsoglianoalrubicone.it\/wp-content\/uploads\/2021\/09\/Visit-Sogliano-Scopri-Sogliano-Arte-Cultura-Artigianato-Chiese-Pievi-Abbazie-Monasteri-Maria-Assunta-Paradisi-Meleto-1.jpg\" data-src=\"https:\/\/www.visitsoglianoalrubicone.it\/wp-content\/uploads\/2021\/09\/Visit-Sogliano-Scopri-Sogliano-Arte-Cultura-Artigianato-Chiese-Pievi-Abbazie-Monasteri-Maria-Assunta-Paradisi-Meleto-1.jpg\" data-caption=\"\"srcset=\"https:\/\/www.visitsoglianoalrubicone.it\/wp-content\/uploads\/2021\/09\/Visit-Sogliano-Scopri-Sogliano-Arte-Cultura-Artigianato-Chiese-Pievi-Abbazie-Monasteri-Maria-Assunta-Paradisi-Meleto-1.jpg 640w, https:\/\/www.visitsoglianoalrubicone.it\/wp-content\/uploads\/2021\/09\/Visit-Sogliano-Scopri-Sogliano-Arte-Cultura-Artigianato-Chiese-Pievi-Abbazie-Monasteri-Maria-Assunta-Paradisi-Meleto-1-200x300.jpg 200w\" sizes=\"(max-width: 640px) 100vw, 640px\"\" \/>\n\t\t<div class=\"figc no-description\">\n\t\t\t<div class=\"figc-inner\">\n\t\t\t\t\t\t\t\t\t\t\t\t\t\t\t<\/div>\n\t\t<\/div>\n\n\t<\/div>\n\n<\/div><div class=\"modula-item effect-pufrobo\" >\n\t<div class=\"modula-item-overlay\"><\/div>\n\n\t<div class=\"modula-item-content\">\n\n\t\t\t\t\n\t\t\t\t\t<a data-image-id=\"6430\" href=\"https:\/\/www.visitsoglianoalrubicone.it\/wp-content\/uploads\/2021\/09\/Visit-Sogliano-Scopri-Sogliano-Arte-Cultura-Artigianato-Chiese-Pievi-Abbazie-Monasteri-Maria-Assunta-Paradisi-Meleto-2-scaled.jpg\" rel=\"jtg-6428\" data-caption=\"\" class=\"tile-inner modula-item-link\"><\/a>\n\t\t\n\t\t<img class=\"pic\"  data-valign=\"middle\" data-halign=\"center\" alt=\"\" data-full=\"https:\/\/www.visitsoglianoalrubicone.it\/wp-content\/uploads\/2021\/09\/Visit-Sogliano-Scopri-Sogliano-Arte-Cultura-Artigianato-Chiese-Pievi-Abbazie-Monasteri-Maria-Assunta-Paradisi-Meleto-2.jpg\" title=\"Visit Sogliano - Scopri Sogliano - Arte Cultura Artigianato - Chiese Pievi Abbazie Monasteri - Maria Assunta Paradisi Meleto (2)\" width=\"1024\" height=\"768\" src=\"https:\/\/www.visitsoglianoalrubicone.it\/wp-content\/uploads\/2021\/09\/Visit-Sogliano-Scopri-Sogliano-Arte-Cultura-Artigianato-Chiese-Pievi-Abbazie-Monasteri-Maria-Assunta-Paradisi-Meleto-2-1024x768.jpg\" data-src=\"https:\/\/www.visitsoglianoalrubicone.it\/wp-content\/uploads\/2021\/09\/Visit-Sogliano-Scopri-Sogliano-Arte-Cultura-Artigianato-Chiese-Pievi-Abbazie-Monasteri-Maria-Assunta-Paradisi-Meleto-2-1024x768.jpg\" data-caption=\"\"srcset=\"https:\/\/www.visitsoglianoalrubicone.it\/wp-content\/uploads\/2021\/09\/Visit-Sogliano-Scopri-Sogliano-Arte-Cultura-Artigianato-Chiese-Pievi-Abbazie-Monasteri-Maria-Assunta-Paradisi-Meleto-2-scaled-1024x768.jpg 1024w, https:\/\/www.visitsoglianoalrubicone.it\/wp-content\/uploads\/2021\/09\/Visit-Sogliano-Scopri-Sogliano-Arte-Cultura-Artigianato-Chiese-Pievi-Abbazie-Monasteri-Maria-Assunta-Paradisi-Meleto-2-300x225.jpg 300w, https:\/\/www.visitsoglianoalrubicone.it\/wp-content\/uploads\/2021\/09\/Visit-Sogliano-Scopri-Sogliano-Arte-Cultura-Artigianato-Chiese-Pievi-Abbazie-Monasteri-Maria-Assunta-Paradisi-Meleto-2-768x576.jpg 768w, https:\/\/www.visitsoglianoalrubicone.it\/wp-content\/uploads\/2021\/09\/Visit-Sogliano-Scopri-Sogliano-Arte-Cultura-Artigianato-Chiese-Pievi-Abbazie-Monasteri-Maria-Assunta-Paradisi-Meleto-2-1536x1152.jpg 1536w, https:\/\/www.visitsoglianoalrubicone.it\/wp-content\/uploads\/2021\/09\/Visit-Sogliano-Scopri-Sogliano-Arte-Cultura-Artigianato-Chiese-Pievi-Abbazie-Monasteri-Maria-Assunta-Paradisi-Meleto-2-2048x1536.jpg 2048w\" sizes=\"(max-width: 1024px) 100vw, 1024px\"\" \/>\n\t\t<div class=\"figc no-description\">\n\t\t\t<div class=\"figc-inner\">\n\t\t\t\t\t\t\t\t\t\t\t\t\t\t\t<\/div>\n\t\t<\/div>\n\n\t<\/div>\n\n<\/div><div class=\"modula-item effect-pufrobo\" >\n\t<div class=\"modula-item-overlay\"><\/div>\n\n\t<div class=\"modula-item-content\">\n\n\t\t\t\t\n\t\t\t\t\t<a data-image-id=\"6431\" href=\"https:\/\/www.visitsoglianoalrubicone.it\/wp-content\/uploads\/2021\/09\/Visit-Sogliano-Scopri-Sogliano-Arte-Cultura-Artigianato-Chiese-Pievi-Abbazie-Monasteri-Maria-Assunta-Paradisi-Meleto-3-scaled.jpg\" rel=\"jtg-6428\" data-caption=\"\" class=\"tile-inner modula-item-link\"><\/a>\n\t\t\n\t\t<img class=\"pic\"  data-valign=\"middle\" data-halign=\"center\" alt=\"\" data-full=\"https:\/\/www.visitsoglianoalrubicone.it\/wp-content\/uploads\/2021\/09\/Visit-Sogliano-Scopri-Sogliano-Arte-Cultura-Artigianato-Chiese-Pievi-Abbazie-Monasteri-Maria-Assunta-Paradisi-Meleto-3.jpg\" title=\"Visit Sogliano - Scopri Sogliano - Arte Cultura Artigianato - Chiese Pievi Abbazie Monasteri - Maria Assunta Paradisi Meleto (3)\" width=\"1024\" height=\"768\" src=\"https:\/\/www.visitsoglianoalrubicone.it\/wp-content\/uploads\/2021\/09\/Visit-Sogliano-Scopri-Sogliano-Arte-Cultura-Artigianato-Chiese-Pievi-Abbazie-Monasteri-Maria-Assunta-Paradisi-Meleto-3-1024x768.jpg\" data-src=\"https:\/\/www.visitsoglianoalrubicone.it\/wp-content\/uploads\/2021\/09\/Visit-Sogliano-Scopri-Sogliano-Arte-Cultura-Artigianato-Chiese-Pievi-Abbazie-Monasteri-Maria-Assunta-Paradisi-Meleto-3-1024x768.jpg\" data-caption=\"\"srcset=\"https:\/\/www.visitsoglianoalrubicone.it\/wp-content\/uploads\/2021\/09\/Visit-Sogliano-Scopri-Sogliano-Arte-Cultura-Artigianato-Chiese-Pievi-Abbazie-Monasteri-Maria-Assunta-Paradisi-Meleto-3-scaled-1024x768.jpg 1024w, https:\/\/www.visitsoglianoalrubicone.it\/wp-content\/uploads\/2021\/09\/Visit-Sogliano-Scopri-Sogliano-Arte-Cultura-Artigianato-Chiese-Pievi-Abbazie-Monasteri-Maria-Assunta-Paradisi-Meleto-3-300x225.jpg 300w, https:\/\/www.visitsoglianoalrubicone.it\/wp-content\/uploads\/2021\/09\/Visit-Sogliano-Scopri-Sogliano-Arte-Cultura-Artigianato-Chiese-Pievi-Abbazie-Monasteri-Maria-Assunta-Paradisi-Meleto-3-768x576.jpg 768w, https:\/\/www.visitsoglianoalrubicone.it\/wp-content\/uploads\/2021\/09\/Visit-Sogliano-Scopri-Sogliano-Arte-Cultura-Artigianato-Chiese-Pievi-Abbazie-Monasteri-Maria-Assunta-Paradisi-Meleto-3-1536x1152.jpg 1536w, https:\/\/www.visitsoglianoalrubicone.it\/wp-content\/uploads\/2021\/09\/Visit-Sogliano-Scopri-Sogliano-Arte-Cultura-Artigianato-Chiese-Pievi-Abbazie-Monasteri-Maria-Assunta-Paradisi-Meleto-3-2048x1536.jpg 2048w\" sizes=\"(max-width: 1024px) 100vw, 1024px\"\" \/>\n\t\t<div class=\"figc no-description\">\n\t\t\t<div class=\"figc-inner\">\n\t\t\t\t\t\t\t\t\t\t\t\t\t\t\t<\/div>\n\t\t<\/div>\n\n\t<\/div>\n\n<\/div><div class=\"modula-item effect-pufrobo\" >\n\t<div class=\"modula-item-overlay\"><\/div>\n\n\t<div class=\"modula-item-content\">\n\n\t\t\t\t\n\t\t\t\t\t<a data-image-id=\"6432\" href=\"https:\/\/www.visitsoglianoalrubicone.it\/wp-content\/uploads\/2021\/09\/Visit-Sogliano-Scopri-Sogliano-Arte-Cultura-Artigianato-Chiese-Pievi-Abbazie-Monasteri-Maria-Assunta-Paradisi-Meleto-4-scaled.jpg\" rel=\"jtg-6428\" data-caption=\"\" class=\"tile-inner modula-item-link\"><\/a>\n\t\t\n\t\t<img class=\"pic\"  data-valign=\"middle\" data-halign=\"center\" alt=\"\" data-full=\"https:\/\/www.visitsoglianoalrubicone.it\/wp-content\/uploads\/2021\/09\/Visit-Sogliano-Scopri-Sogliano-Arte-Cultura-Artigianato-Chiese-Pievi-Abbazie-Monasteri-Maria-Assunta-Paradisi-Meleto-4.jpg\" title=\"Visit Sogliano - Scopri Sogliano - Arte Cultura Artigianato - Chiese Pievi Abbazie Monasteri - Maria Assunta Paradisi Meleto (4)\" width=\"768\" height=\"1024\" src=\"https:\/\/www.visitsoglianoalrubicone.it\/wp-content\/uploads\/2021\/09\/Visit-Sogliano-Scopri-Sogliano-Arte-Cultura-Artigianato-Chiese-Pievi-Abbazie-Monasteri-Maria-Assunta-Paradisi-Meleto-4-768x1024.jpg\" data-src=\"https:\/\/www.visitsoglianoalrubicone.it\/wp-content\/uploads\/2021\/09\/Visit-Sogliano-Scopri-Sogliano-Arte-Cultura-Artigianato-Chiese-Pievi-Abbazie-Monasteri-Maria-Assunta-Paradisi-Meleto-4-768x1024.jpg\" data-caption=\"\"srcset=\"https:\/\/www.visitsoglianoalrubicone.it\/wp-content\/uploads\/2021\/09\/Visit-Sogliano-Scopri-Sogliano-Arte-Cultura-Artigianato-Chiese-Pievi-Abbazie-Monasteri-Maria-Assunta-Paradisi-Meleto-4-scaled-768x1024.jpg 768w, https:\/\/www.visitsoglianoalrubicone.it\/wp-content\/uploads\/2021\/09\/Visit-Sogliano-Scopri-Sogliano-Arte-Cultura-Artigianato-Chiese-Pievi-Abbazie-Monasteri-Maria-Assunta-Paradisi-Meleto-4-225x300.jpg 225w, https:\/\/www.visitsoglianoalrubicone.it\/wp-content\/uploads\/2021\/09\/Visit-Sogliano-Scopri-Sogliano-Arte-Cultura-Artigianato-Chiese-Pievi-Abbazie-Monasteri-Maria-Assunta-Paradisi-Meleto-4-1152x1536.jpg 1152w, https:\/\/www.visitsoglianoalrubicone.it\/wp-content\/uploads\/2021\/09\/Visit-Sogliano-Scopri-Sogliano-Arte-Cultura-Artigianato-Chiese-Pievi-Abbazie-Monasteri-Maria-Assunta-Paradisi-Meleto-4-1536x2048.jpg 1536w, https:\/\/www.visitsoglianoalrubicone.it\/wp-content\/uploads\/2021\/09\/Visit-Sogliano-Scopri-Sogliano-Arte-Cultura-Artigianato-Chiese-Pievi-Abbazie-Monasteri-Maria-Assunta-Paradisi-Meleto-4-scaled.jpg 1920w\" sizes=\"(max-width: 768px) 100vw, 768px\"\" \/>\n\t\t<div class=\"figc no-description\">\n\t\t\t<div class=\"figc-inner\">\n\t\t\t\t\t\t\t\t\t\t\t\t\t\t\t<\/div>\n\t\t<\/div>\n\n\t<\/div>\n\n<\/div>\t\t\n\t<\/div>\n\n\t\n\t\n\t<script type=\"application\/ld+json\">\n\t{\n\t\t\"@context\": \"http:\/\/schema.org\",\n\t\t\"@type\"   : \"ImageGallery\",\n\t\t\"id\"      : \"https:\/\/www.visitsoglianoalrubicone.it\/fr\/wp-json\/wp\/v2\/pages\/18532\/\",\n\t\t\"url\"     : \"https:\/\/www.visitsoglianoalrubicone.it\/fr\/wp-json\/wp\/v2\/pages\/18532\/\"\n\t}\n\n    <\/script>\n\n\t\n<\/div>[\/vc_column_text][vc_empty_space height=\u00a0\u00bb50px\u00a0\u00bb][\/vc_column_inner][\/vc_row_inner][\/vc_column][\/vc_row]<\/p>\n","protected":false},"excerpt":{"rendered":"<p>[vc_row full_width=\u00a0\u00bbstretch_row_content_no_spaces\u00a0\u00bb][vc_column][vc_single_image image=\u00a0\u00bb18535&Prime; img_size=\u00a0\u00bb1920 x 450&Prime; alignment=\u00a0\u00bbcenter\u00a0\u00bb el_class=\u00a0\u00bbinfotronik_banner_pagina\u00a0\u00bb][vc_empty_space height=\u00a0\u00bb20px\u00a0\u00bb][vc_row_inner][vc_column_inner][vc_column_text]C&rsquo;est le 3 mai 1612 qu&rsquo;un acte notari\u00e9 d\u00e9cida Guidi Simone da Meleto&#8230;<\/p>\n","protected":false},"author":1,"featured_media":18533,"parent":19402,"menu_order":0,"comment_status":"closed","ping_status":"closed","template":"","meta":{"loftloader_page_shortcode":""},"_links":{"self":[{"href":"https:\/\/www.visitsoglianoalrubicone.it\/fr\/wp-json\/wp\/v2\/pages\/18532"}],"collection":[{"href":"https:\/\/www.visitsoglianoalrubicone.it\/fr\/wp-json\/wp\/v2\/pages"}],"about":[{"href":"https:\/\/www.visitsoglianoalrubicone.it\/fr\/wp-json\/wp\/v2\/types\/page"}],"author":[{"embeddable":true,"href":"https:\/\/www.visitsoglianoalrubicone.it\/fr\/wp-json\/wp\/v2\/users\/1"}],"replies":[{"embeddable":true,"href":"https:\/\/www.visitsoglianoalrubicone.it\/fr\/wp-json\/wp\/v2\/comments?post=18532"}],"version-history":[{"count":2,"href":"https:\/\/www.visitsoglianoalrubicone.it\/fr\/wp-json\/wp\/v2\/pages\/18532\/revisions"}],"predecessor-version":[{"id":18566,"href":"https:\/\/www.visitsoglianoalrubicone.it\/fr\/wp-json\/wp\/v2\/pages\/18532\/revisions\/18566"}],"up":[{"embeddable":true,"href":"https:\/\/www.visitsoglianoalrubicone.it\/fr\/wp-json\/wp\/v2\/pages\/19402"}],"wp:featuredmedia":[{"embeddable":true,"href":"https:\/\/www.visitsoglianoalrubicone.it\/fr\/wp-json\/wp\/v2\/media\/18533"}],"wp:attachment":[{"href":"https:\/\/www.visitsoglianoalrubicone.it\/fr\/wp-json\/wp\/v2\/media?parent=18532"}],"curies":[{"name":"wp","href":"https:\/\/api.w.org\/{rel}","templated":true}]}}