{"id":18739,"date":"2021-07-04T07:31:10","date_gmt":"2021-07-04T07:31:10","guid":{"rendered":"https:\/\/www.visitsoglianoalrubicone.it\/piadina-romagnola\/"},"modified":"2024-12-06T10:11:02","modified_gmt":"2024-12-06T10:11:02","slug":"piadina-romagnola","status":"publish","type":"page","link":"https:\/\/www.visitsoglianoalrubicone.it\/fr\/gout\/gastronomie-et-produits-typiques\/piadina-romagnola\/","title":{"rendered":"Piadina Romagnola"},"content":{"rendered":"<p>[vc_row full_width=\u00a0\u00bbstretch_row_content_no_spaces\u00a0\u00bb content_placement=\u00a0\u00bbtop\u00a0\u00bb][vc_column][vc_single_image image=\u00a0\u00bb18350&Prime; img_size=\u00a0\u00bb1920 x 450&Prime; alignment=\u00a0\u00bbcenter\u00a0\u00bb el_class=\u00a0\u00bbinfotronik_banner_pagina\u00a0\u00bb]\n\t\t\t<section class=\"do-normal-page-title-section\">\n\t\t\t\t<div class=\"container\">\n\t\t\t\t\t<div class=\"row uppercase\">\n\t\t\t\n\t\t\t\t\t\t<div class=\"do-page-title-wrapper\">\n\t\t\t\t\t\t\t<div class=\"do-default-page-title col-md-7 col-sm-7 col-xs-12\">\n\t\t\t\t\t\t\t\t<h2 info=17 class=\"infotronik_page_title_big\">Piadina Romagnola<\/h2>\n\t\t\t\t\t\t\t\t<p><\/p>\n\t\t\t\t\t\t\t<\/div>\n\t\t\t\n\t\t\t\t\t\t\t<div class=\"do-breadcumb\"><ul><li><a href=\"https:\/\/www.visitsoglianoalrubicone.it\/fr\/gout\/\">GO\u00dbT<\/a><\/li><li><a class=\"infotronik_breadcrumb_cut\" href=\"https:\/\/www.visitsoglianoalrubicone.it\/fr\/gout\/gastronomie-et-produits-typiques\/\">Gastronomie et produits typiques<\/a><\/li><\/ul><\/div>\n\t\t\t\t\t\t<\/div>\n\t\t\t\n\t\t\t\t\t<\/div>\n\t\t\t\t<\/div>\n\t\t\t<\/section>\n\t\t[vc_empty_space height=\u00a0\u00bb20px\u00a0\u00bb][vc_row_inner][vc_column_inner][vc_column_text]La piadina romagnole, \u00e9galement connue sous le nom de piada, est un produit alimentaire typique de la Romagne, v\u00e9ritable symbole de simplicit\u00e9, de territorialit\u00e9 et d&rsquo;authenticit\u00e9, aujourd&rsquo;hui c\u00e9l\u00e8bre dans le monde entier <strong>\u00ab\u00a0Sogliano al Rubicone &#8211; Terra di Piadina\u00a0\u00bb<\/strong>. Une marque de fabrique pour les produits obtenus \u00e0 partir d&rsquo;anciennes c\u00e9r\u00e9ales biologiques des collines de Sogliano al Rubicone, moulues par le Molino Pransani, qui est un pr\u00e9cieux point de r\u00e9f\u00e9rence pour les agriculteurs de Sogliano depuis 1921. La piadina est un pain plat et fin compos\u00e9 de farine de bl\u00e9, de saindoux ou d&rsquo;huile d&rsquo;olive, de bicarbonate de soude ou de levure, de sel et d&rsquo;eau ; l&rsquo;apoth\u00e9ose de son parfum est obtenue en la faisant cuire sur la plaque \u00ab\u00a0Montetiffi\u00a0\u00bb.<a href=\"https:\/\/www.visitsoglianoalrubicone.it\/gusta\/enogastronomia-e-prodotti-tipici\/teglie-di-montetiffi\/\" target=\"_blank\" rel=\"noopener\"><strong> plaque de cuisson Montetiffi <\/strong><\/a>faite \u00e0 la main avec de l&rsquo;argile \u00ab\u00a0Terra di Porosa\u00a0\u00bb, pour red\u00e9couvrir la saveur unique, l&rsquo;histoire, le travail et les anciennes traditions soglianaises.<\/p>\n<p><u><\/u> C&rsquo;<span style=\"font-weight: 400;\">est<\/span> l&rsquo;ic\u00f4ne par excellence de la Romagne et il se marie bien avec le<a href=\"https:\/\/www.visitsoglianoalrubicone.it\/gusta\/enogastronomia-e-prodotti-tipici\/formaggio-di-fossa-di-sogliano-dop-e-non-solo\/\" target=\"_blank\" rel=\"noopener\"><strong>fromage Formaggio di Fossa di Sogliano DOP <\/strong><\/a> mais aussi avec le fromage squacquerone, la roquette, le jambon cru, le salami ou les figues caram\u00e9lis\u00e9es.<\/p>\n<p>Le projet \u00ab\u00a0<a href=\"https:\/\/www.visitsoglianoalrubicone.it\/fr\/gout\/gastronomie-et-produits-typiques\/piadina-romagnola\/sogliano-al-rubicone-le-pays-de-la-piadina\/\" target=\"_blank\" rel=\"noopener\"><strong> Sogliano al Rubicone &#8211; Terre de la Piadina<\/strong><\/a>est promu par la municipalit\u00e9 de Sogliano al Rubicone, le Conseil agricole, le Molino Pransani, l&rsquo;entreprise \u00ab\u00a0Le Teglie di Montetiffi\u00a0\u00bb et les restaurateurs et commer\u00e7ants de Sogliano. Lorsque l&rsquo;on entre dans un \u00e9tablissement affichant le logo<a href=\"https:\/\/www.visitsoglianoalrubicone.it\/fr\/gout\/gastronomie-et-produits-typiques\/piadina-romagnola\/sogliano-al-rubicone-le-pays-de-la-piadina\/\" target=\"_blank\" rel=\"noopener\"> <strong> Sogliano al Rubicone &#8211; Terre de Piadina<\/strong><\/a>\u00ab\u00a0vous pouvez \u00eatre s\u00fbr d&rsquo;acheter ou de manger une piadina n\u00e9e de la passion, fabriqu\u00e9e avec du bl\u00e9 ancien originaire de la r\u00e9gion de Sogliano et cultiv\u00e9 selon des m\u00e9thodes naturelles respectant la fili\u00e8re biologique des c\u00e9r\u00e9ales anciennes. La piada est donc plus parfum\u00e9e et a un go\u00fbt particulier ; elle est plus digeste car elle est pauvre en gluten et plus riche en nutriments. Comme l&rsquo;a dit Giovanni Pascoli, \u00ab\u00a0le pain est vraiment l&rsquo;aliment national des Romagnols\u00a0\u00bb.[\/vc_column_text][\/vc_column_inner][\/vc_row_inner][vc_row_inner][vc_column_inner][vc_empty_space][\/vc_column_inner][\/vc_row_inner][vc_row_inner][vc_column_inner][vc_video link=\u00a0\u00bbhttps:\/\/youtu.be\/BotKeJ-IMr4&Prime; align=\u00a0\u00bbcenter\u00a0\u00bb title=\u00a0\u00bbSogliano al Rubicone &#8211; Le pays de la Piadina\u00a0\u00bb][vc_empty_space][vc_text_separator title=\u00a0\u00bbGalerie de photos\u00a0\u00bb title_align=\u00a0\u00bbseparator_align_left\u00a0\u00bb align=\u00a0\u00bbalign_left\u00a0\u00bb color=\u00a0\u00bbcustom\u00a0\u00bb accent_color=\u00a0\u00bb#fc7f0c\u00a0\u00bb][vc_empty_space][vc_column_text]<style>#jtg-5547 .modula-item .jtg-social a, .lightbox-socials.jtg-social a{ color: #ffffff }#jtg-5547 .modula-item .jtg-social svg, .lightbox-socials.jtg-social svg { height: 16px; width: 16px }#jtg-5547 .modula-item .jtg-social a:not(:last-child), .lightbox-socials.jtg-social a:not(:last-child) { margin-right: 10px }#jtg-5547 .modula-item .figc {color:#ffffff;}#jtg-5547 .modula-item .modula-item-content { transform: scale(1) }#jtg-5547 { width:100%;}#jtg-5547 .modula-items .figc p.description { font-size:14px; }#jtg-5547 .modula-items .figc p.description { color:#ffffff;}#jtg-5547.modula-gallery .modula-item > a, #jtg-5547.modula-gallery .modula-item, #jtg-5547.modula-gallery .modula-item-content > a { cursor:zoom-in; } @media screen and (max-width:480px){#jtg-5547 .modula-item .figc .jtg-title {  font-size: 12px; }#jtg-5547 .modula-items .figc p.description { color:#ffffff;font-size:10px; }}<\/style>\n<!-- Gallery Container -->\n<div  id=\"jtg-5547\" class=\"modula modula-gallery modula-columns\" data-config=\"{&quot;enableTwitter&quot;:false,&quot;enableWhatsapp&quot;:false,&quot;enableFacebook&quot;:false,&quot;enablePinterest&quot;:false,&quot;enableLinkedin&quot;:false,&quot;enableEmail&quot;:false,&quot;randomFactor&quot;:0.5,&quot;type&quot;:&quot;grid&quot;,&quot;columns&quot;:12,&quot;gutter&quot;:10,&quot;mobileGutter&quot;:10,&quot;tabletGutter&quot;:10,&quot;desktopGutter&quot;:10,&quot;enableResponsive&quot;:&quot;0&quot;,&quot;tabletColumns&quot;:&quot;2&quot;,&quot;mobileColumns&quot;:&quot;1&quot;,&quot;lazyLoad&quot;:&quot;0&quot;,&quot;lightboxOpts&quot;:{&quot;loop&quot;:false,&quot;arrows&quot;:true,&quot;toolbar&quot;:true,&quot;keyboard&quot;:false,&quot;wheel&quot;:false,&quot;buttons&quot;:[&quot;close&quot;],&quot;hash&quot;:false,&quot;lang&quot;:&quot;en&quot;,&quot;touch&quot;:false,&quot;protect&quot;:false,&quot;i18n&quot;:{&quot;en&quot;:{&quot;CLOSE&quot;:&quot;Close&quot;,&quot;NEXT&quot;:&quot;Next&quot;,&quot;PREV&quot;:&quot;Previous&quot;,&quot;Error&quot;:&quot;The requested content cannot be loaded. Please try again later.&quot;,&quot;PLAY_START&quot;:&quot;Start slideshow&quot;,&quot;PLAY_STOP&quot;:&quot;Pause slideshow&quot;,&quot;FULL_SCREEN&quot;:&quot;Full screen&quot;,&quot;THUMBS&quot;:&quot;Thumbnails&quot;,&quot;DOWNLOAD&quot;:&quot;Download&quot;,&quot;SHARE&quot;:&quot;Share&quot;,&quot;ZOOM&quot;:&quot;Zoom&quot;}},&quot;clickSlide&quot;:false,&quot;clickOutside&quot;:false,&quot;dblclickContent&quot;:false,&quot;dblclickSlide&quot;:false,&quot;dblclickOutside&quot;:false,&quot;clickContent&quot;:false,&quot;baseTpl&quot;:&quot;&lt;div class=\\&quot;modula-fancybox-container modula-lightbox-jtg-5547\\&quot; role=\\&quot;dialog\\&quot; tabindex=\\&quot;-1\\&quot;&gt;&lt;div class=\\&quot;modula-fancybox-bg\\&quot;&gt;&lt;\\\/div&gt;&lt;div class=\\&quot;modula-fancybox-inner\\&quot;&gt;&lt;div class=\\&quot;modula-fancybox-infobar\\&quot;&gt;&lt;span data-fancybox-index&gt;&lt;\\\/span&gt;&nbsp;\\\/&nbsp;&lt;span data-fancybox-count&gt;&lt;\\\/span&gt;&lt;\\\/div&gt;&lt;div class=\\&quot;modula-fancybox-toolbar\\&quot;&gt;{{buttons}}&lt;\\\/div&gt;&lt;div class=\\&quot;modula-fancybox-navigation\\&quot;&gt;{{arrows}}&lt;\\\/div&gt;&lt;div class=\\&quot;modula-fancybox-stage\\&quot;&gt;&lt;\\\/div&gt;&lt;div class=\\&quot;modula-fancybox-caption\\&quot;&gt;&lt;div class=\\&quot;modula-fancybox-caption__body\\&quot;&gt;&lt;\\\/div&gt;&lt;\\\/div&gt;&lt;\\\/div&gt;&lt;\\\/div&gt;&quot;},&quot;inView&quot;:false,&quot;email_subject&quot;:&quot;Check out this awesome image !!&quot;,&quot;email_message&quot;:&quot;Here is the link to the image : %%image_link%% and this is the link to the gallery : %%gallery_link%%&quot;,&quot;grid_type&quot;:&quot;automatic&quot;,&quot;rowHeight&quot;:150,&quot;lastRow&quot;:&quot;justify&quot;,&quot;lightbox&quot;:&quot;fancybox&quot;}\">\n\n\t\n\t<!-- Items Container -->\n\t<div  class=\"modula-items grid-gallery\">\n\t\t<div class=\"modula-item effect-pufrobo\" >\n\t<div class=\"modula-item-overlay\"><\/div>\n\n\t<div class=\"modula-item-content\">\n\n\t\t\t\t\n\t\t\t\t\t<a data-image-id=\"5552\" href=\"https:\/\/www.visitsoglianoalrubicone.it\/wp-content\/uploads\/2021\/08\/Visit-Sogliano-Gusta-Prodotti-Tipici-piadina-romagnola-1.jpg\" rel=\"jtg-5547\" data-caption=\"\" class=\"tile-inner modula-item-link\"><\/a>\n\t\t\n\t\t<img class=\"pic\"  data-valign=\"middle\" data-halign=\"center\" alt=\"\" data-full=\"https:\/\/www.visitsoglianoalrubicone.it\/wp-content\/uploads\/2021\/08\/Visit-Sogliano-Gusta-Prodotti-Tipici-piadina-romagnola-1.jpg\" title=\"Visit-Sogliano-Gusta-Prodotti-Tipici-piadina-romagnola (1)\" width=\"600\" height=\"400\" src=\"https:\/\/www.visitsoglianoalrubicone.it\/wp-content\/uploads\/2021\/08\/Visit-Sogliano-Gusta-Prodotti-Tipici-piadina-romagnola-1.jpg\" data-src=\"https:\/\/www.visitsoglianoalrubicone.it\/wp-content\/uploads\/2021\/08\/Visit-Sogliano-Gusta-Prodotti-Tipici-piadina-romagnola-1.jpg\" data-caption=\"\"srcset=\"https:\/\/www.visitsoglianoalrubicone.it\/wp-content\/uploads\/2021\/08\/Visit-Sogliano-Gusta-Prodotti-Tipici-piadina-romagnola-1.jpg 600w, https:\/\/www.visitsoglianoalrubicone.it\/wp-content\/uploads\/2021\/08\/Visit-Sogliano-Gusta-Prodotti-Tipici-piadina-romagnola-1-300x200.jpg 300w\" sizes=\"(max-width: 600px) 100vw, 600px\"\" \/>\n\t\t<div class=\"figc no-description\">\n\t\t\t<div class=\"figc-inner\">\n\t\t\t\t\t\t\t\t\t\t\t\t\t\t\t<\/div>\n\t\t<\/div>\n\n\t<\/div>\n\n<\/div><div class=\"modula-item effect-pufrobo\" >\n\t<div class=\"modula-item-overlay\"><\/div>\n\n\t<div class=\"modula-item-content\">\n\n\t\t\t\t\n\t\t\t\t\t<a data-image-id=\"5551\" href=\"https:\/\/www.visitsoglianoalrubicone.it\/wp-content\/uploads\/2021\/08\/Visit-Sogliano-Gusta-Prodotti-Tipici-piadina-romagnola-5.jpg\" rel=\"jtg-5547\" data-caption=\"\" class=\"tile-inner modula-item-link\"><\/a>\n\t\t\n\t\t<img class=\"pic\"  data-valign=\"middle\" data-halign=\"center\" alt=\"\" data-full=\"https:\/\/www.visitsoglianoalrubicone.it\/wp-content\/uploads\/2021\/08\/Visit-Sogliano-Gusta-Prodotti-Tipici-piadina-romagnola-5.jpg\" title=\"Visit-Sogliano-Gusta-Prodotti-Tipici-piadina-romagnola (5)\" width=\"1024\" height=\"768\" src=\"https:\/\/www.visitsoglianoalrubicone.it\/wp-content\/uploads\/2021\/08\/Visit-Sogliano-Gusta-Prodotti-Tipici-piadina-romagnola-5.jpg\" data-src=\"https:\/\/www.visitsoglianoalrubicone.it\/wp-content\/uploads\/2021\/08\/Visit-Sogliano-Gusta-Prodotti-Tipici-piadina-romagnola-5.jpg\" data-caption=\"\"srcset=\"https:\/\/www.visitsoglianoalrubicone.it\/wp-content\/uploads\/2021\/08\/Visit-Sogliano-Gusta-Prodotti-Tipici-piadina-romagnola-5.jpg 1024w, https:\/\/www.visitsoglianoalrubicone.it\/wp-content\/uploads\/2021\/08\/Visit-Sogliano-Gusta-Prodotti-Tipici-piadina-romagnola-5-300x225.jpg 300w, https:\/\/www.visitsoglianoalrubicone.it\/wp-content\/uploads\/2021\/08\/Visit-Sogliano-Gusta-Prodotti-Tipici-piadina-romagnola-5-768x576.jpg 768w\" sizes=\"(max-width: 1024px) 100vw, 1024px\"\" \/>\n\t\t<div class=\"figc no-description\">\n\t\t\t<div class=\"figc-inner\">\n\t\t\t\t\t\t\t\t\t\t\t\t\t\t\t<\/div>\n\t\t<\/div>\n\n\t<\/div>\n\n<\/div><div class=\"modula-item effect-pufrobo\" >\n\t<div class=\"modula-item-overlay\"><\/div>\n\n\t<div class=\"modula-item-content\">\n\n\t\t\t\t\n\t\t\t\t\t<a data-image-id=\"5550\" href=\"https:\/\/www.visitsoglianoalrubicone.it\/wp-content\/uploads\/2021\/08\/Visit-Sogliano-Gusta-Prodotti-Tipici-piadina-romagnola-4.jpg\" rel=\"jtg-5547\" data-caption=\"\" class=\"tile-inner modula-item-link\"><\/a>\n\t\t\n\t\t<img class=\"pic\"  data-valign=\"middle\" data-halign=\"center\" alt=\"\" data-full=\"https:\/\/www.visitsoglianoalrubicone.it\/wp-content\/uploads\/2021\/08\/Visit-Sogliano-Gusta-Prodotti-Tipici-piadina-romagnola-4.jpg\" title=\"Visit-Sogliano-Gusta-Prodotti-Tipici-piadina-romagnola (4)\" width=\"1024\" height=\"642\" src=\"https:\/\/www.visitsoglianoalrubicone.it\/wp-content\/uploads\/2021\/08\/Visit-Sogliano-Gusta-Prodotti-Tipici-piadina-romagnola-4-1024x642.jpg\" data-src=\"https:\/\/www.visitsoglianoalrubicone.it\/wp-content\/uploads\/2021\/08\/Visit-Sogliano-Gusta-Prodotti-Tipici-piadina-romagnola-4-1024x642.jpg\" data-caption=\"\"srcset=\"https:\/\/www.visitsoglianoalrubicone.it\/wp-content\/uploads\/2021\/08\/Visit-Sogliano-Gusta-Prodotti-Tipici-piadina-romagnola-4-1024x642.jpg 1024w, https:\/\/www.visitsoglianoalrubicone.it\/wp-content\/uploads\/2021\/08\/Visit-Sogliano-Gusta-Prodotti-Tipici-piadina-romagnola-4-300x188.jpg 300w, https:\/\/www.visitsoglianoalrubicone.it\/wp-content\/uploads\/2021\/08\/Visit-Sogliano-Gusta-Prodotti-Tipici-piadina-romagnola-4-768x482.jpg 768w, https:\/\/www.visitsoglianoalrubicone.it\/wp-content\/uploads\/2021\/08\/Visit-Sogliano-Gusta-Prodotti-Tipici-piadina-romagnola-4-1536x963.jpg 1536w, https:\/\/www.visitsoglianoalrubicone.it\/wp-content\/uploads\/2021\/08\/Visit-Sogliano-Gusta-Prodotti-Tipici-piadina-romagnola-4.jpg 1799w\" sizes=\"(max-width: 1024px) 100vw, 1024px\"\" \/>\n\t\t<div class=\"figc no-description\">\n\t\t\t<div class=\"figc-inner\">\n\t\t\t\t\t\t\t\t\t\t\t\t\t\t\t<\/div>\n\t\t<\/div>\n\n\t<\/div>\n\n<\/div><div class=\"modula-item effect-pufrobo\" >\n\t<div class=\"modula-item-overlay\"><\/div>\n\n\t<div class=\"modula-item-content\">\n\n\t\t\t\t\n\t\t\t\t\t<a data-image-id=\"5548\" href=\"https:\/\/www.visitsoglianoalrubicone.it\/wp-content\/uploads\/2021\/08\/Visit-Sogliano-Gusta-Prodotti-Tipici-piadina-romagnola-2-scaled.jpg\" rel=\"jtg-5547\" data-caption=\"\" class=\"tile-inner modula-item-link\"><\/a>\n\t\t\n\t\t<img class=\"pic\"  data-valign=\"middle\" data-halign=\"center\" alt=\"\" data-full=\"https:\/\/www.visitsoglianoalrubicone.it\/wp-content\/uploads\/2021\/08\/Visit-Sogliano-Gusta-Prodotti-Tipici-piadina-romagnola-2.jpg\" title=\"Visit-Sogliano-Gusta-Prodotti-Tipici-piadina-romagnola (2)\" width=\"1024\" height=\"678\" src=\"https:\/\/www.visitsoglianoalrubicone.it\/wp-content\/uploads\/2021\/08\/Visit-Sogliano-Gusta-Prodotti-Tipici-piadina-romagnola-2-1024x678.jpg\" data-src=\"https:\/\/www.visitsoglianoalrubicone.it\/wp-content\/uploads\/2021\/08\/Visit-Sogliano-Gusta-Prodotti-Tipici-piadina-romagnola-2-1024x678.jpg\" data-caption=\"\"srcset=\"https:\/\/www.visitsoglianoalrubicone.it\/wp-content\/uploads\/2021\/08\/Visit-Sogliano-Gusta-Prodotti-Tipici-piadina-romagnola-2-scaled-1024x678.jpg 1024w, https:\/\/www.visitsoglianoalrubicone.it\/wp-content\/uploads\/2021\/08\/Visit-Sogliano-Gusta-Prodotti-Tipici-piadina-romagnola-2-300x199.jpg 300w, https:\/\/www.visitsoglianoalrubicone.it\/wp-content\/uploads\/2021\/08\/Visit-Sogliano-Gusta-Prodotti-Tipici-piadina-romagnola-2-768x508.jpg 768w, https:\/\/www.visitsoglianoalrubicone.it\/wp-content\/uploads\/2021\/08\/Visit-Sogliano-Gusta-Prodotti-Tipici-piadina-romagnola-2-1536x1017.jpg 1536w, https:\/\/www.visitsoglianoalrubicone.it\/wp-content\/uploads\/2021\/08\/Visit-Sogliano-Gusta-Prodotti-Tipici-piadina-romagnola-2-2048x1356.jpg 2048w\" sizes=\"(max-width: 1024px) 100vw, 1024px\"\" \/>\n\t\t<div class=\"figc no-description\">\n\t\t\t<div class=\"figc-inner\">\n\t\t\t\t\t\t\t\t\t\t\t\t\t\t\t<\/div>\n\t\t<\/div>\n\n\t<\/div>\n\n<\/div><div class=\"modula-item effect-pufrobo\" >\n\t<div class=\"modula-item-overlay\"><\/div>\n\n\t<div class=\"modula-item-content\">\n\n\t\t\t\t\n\t\t\t\t\t<a data-image-id=\"5549\" href=\"https:\/\/www.visitsoglianoalrubicone.it\/wp-content\/uploads\/2021\/08\/Visit-Sogliano-Gusta-Prodotti-Tipici-piadina-romagnola-3-scaled.jpg\" rel=\"jtg-5547\" data-caption=\"\" class=\"tile-inner modula-item-link\"><\/a>\n\t\t\n\t\t<img class=\"pic\"  data-valign=\"middle\" data-halign=\"center\" alt=\"\" data-full=\"https:\/\/www.visitsoglianoalrubicone.it\/wp-content\/uploads\/2021\/08\/Visit-Sogliano-Gusta-Prodotti-Tipici-piadina-romagnola-3.jpg\" title=\"Visit-Sogliano-Gusta-Prodotti-Tipici-piadina-romagnola (3)\" width=\"1024\" height=\"688\" src=\"https:\/\/www.visitsoglianoalrubicone.it\/wp-content\/uploads\/2021\/08\/Visit-Sogliano-Gusta-Prodotti-Tipici-piadina-romagnola-3-1024x688.jpg\" data-src=\"https:\/\/www.visitsoglianoalrubicone.it\/wp-content\/uploads\/2021\/08\/Visit-Sogliano-Gusta-Prodotti-Tipici-piadina-romagnola-3-1024x688.jpg\" data-caption=\"\"srcset=\"https:\/\/www.visitsoglianoalrubicone.it\/wp-content\/uploads\/2021\/08\/Visit-Sogliano-Gusta-Prodotti-Tipici-piadina-romagnola-3-scaled-1024x688.jpg 1024w, https:\/\/www.visitsoglianoalrubicone.it\/wp-content\/uploads\/2021\/08\/Visit-Sogliano-Gusta-Prodotti-Tipici-piadina-romagnola-3-300x201.jpg 300w, https:\/\/www.visitsoglianoalrubicone.it\/wp-content\/uploads\/2021\/08\/Visit-Sogliano-Gusta-Prodotti-Tipici-piadina-romagnola-3-768x516.jpg 768w, https:\/\/www.visitsoglianoalrubicone.it\/wp-content\/uploads\/2021\/08\/Visit-Sogliano-Gusta-Prodotti-Tipici-piadina-romagnola-3-1536x1031.jpg 1536w, https:\/\/www.visitsoglianoalrubicone.it\/wp-content\/uploads\/2021\/08\/Visit-Sogliano-Gusta-Prodotti-Tipici-piadina-romagnola-3-2048x1375.jpg 2048w\" sizes=\"(max-width: 1024px) 100vw, 1024px\"\" \/>\n\t\t<div class=\"figc no-description\">\n\t\t\t<div class=\"figc-inner\">\n\t\t\t\t\t\t\t\t\t\t\t\t\t\t\t<\/div>\n\t\t<\/div>\n\n\t<\/div>\n\n<\/div>\t\t\n\t<\/div>\n\n\t\n\t\n\t<script type=\"application\/ld+json\">\n\t{\n\t\t\"@context\": \"http:\/\/schema.org\",\n\t\t\"@type\"   : \"ImageGallery\",\n\t\t\"id\"      : \"https:\/\/www.visitsoglianoalrubicone.it\/fr\/wp-json\/wp\/v2\/pages\/18739\/\",\n\t\t\"url\"     : \"https:\/\/www.visitsoglianoalrubicone.it\/fr\/wp-json\/wp\/v2\/pages\/18739\/\"\n\t}\n\n    <\/script>\n\n\t\n<\/div>[\/vc_column_text][vc_empty_space height=\u00a0\u00bb50px\u00a0\u00bb][\/vc_column_inner][\/vc_row_inner][\/vc_column][\/vc_row]<\/p>\n","protected":false},"excerpt":{"rendered":"<p>[vc_row full_width=\u00a0\u00bbstretch_row_content_no_spaces\u00a0\u00bb content_placement=\u00a0\u00bbtop\u00a0\u00bb][vc_column][vc_single_image image=\u00a0\u00bb18350&Prime; img_size=\u00a0\u00bb1920 x 450&Prime; alignment=\u00a0\u00bbcenter\u00a0\u00bb el_class=\u00a0\u00bbinfotronik_banner_pagina\u00a0\u00bb][vc_empty_space height=\u00a0\u00bb20px\u00a0\u00bb][vc_row_inner][vc_column_inner][vc_column_text]La piadina romagnole, \u00e9galement connue sous le nom de piada, est un&#8230;<\/p>\n","protected":false},"author":3,"featured_media":18351,"parent":20206,"menu_order":0,"comment_status":"closed","ping_status":"closed","template":"","meta":{"loftloader_page_shortcode":""},"_links":{"self":[{"href":"https:\/\/www.visitsoglianoalrubicone.it\/fr\/wp-json\/wp\/v2\/pages\/18739"}],"collection":[{"href":"https:\/\/www.visitsoglianoalrubicone.it\/fr\/wp-json\/wp\/v2\/pages"}],"about":[{"href":"https:\/\/www.visitsoglianoalrubicone.it\/fr\/wp-json\/wp\/v2\/types\/page"}],"author":[{"embeddable":true,"href":"https:\/\/www.visitsoglianoalrubicone.it\/fr\/wp-json\/wp\/v2\/users\/3"}],"replies":[{"embeddable":true,"href":"https:\/\/www.visitsoglianoalrubicone.it\/fr\/wp-json\/wp\/v2\/comments?post=18739"}],"version-history":[{"count":3,"href":"https:\/\/www.visitsoglianoalrubicone.it\/fr\/wp-json\/wp\/v2\/pages\/18739\/revisions"}],"predecessor-version":[{"id":20207,"href":"https:\/\/www.visitsoglianoalrubicone.it\/fr\/wp-json\/wp\/v2\/pages\/18739\/revisions\/20207"}],"up":[{"embeddable":true,"href":"https:\/\/www.visitsoglianoalrubicone.it\/fr\/wp-json\/wp\/v2\/pages\/20206"}],"wp:featuredmedia":[{"embeddable":true,"href":"https:\/\/www.visitsoglianoalrubicone.it\/fr\/wp-json\/wp\/v2\/media\/18351"}],"wp:attachment":[{"href":"https:\/\/www.visitsoglianoalrubicone.it\/fr\/wp-json\/wp\/v2\/media?parent=18739"}],"curies":[{"name":"wp","href":"https:\/\/api.w.org\/{rel}","templated":true}]}}