{"id":20127,"date":"2021-07-01T18:24:57","date_gmt":"2021-07-01T18:24:57","guid":{"rendered":"https:\/\/www.visitsoglianoalrubicone.it\/lhistoire\/"},"modified":"2024-12-06T10:10:42","modified_gmt":"2024-12-06T10:10:42","slug":"lhistoire","status":"publish","type":"page","link":"https:\/\/www.visitsoglianoalrubicone.it\/fr\/decouvrez-sogliano\/art-culture-et-artisanat\/histoire-et-personnalites-illustres\/lhistoire\/","title":{"rendered":"L&rsquo;histoire"},"content":{"rendered":"<p>[vc_row full_width=\u00a0\u00bbstretch_row_content_no_spaces\u00a0\u00bb][vc_column][vc_single_image image=\u00a0\u00bb20130&Prime; img_size=\u00a0\u00bb1920 x 450&Prime; alignment=\u00a0\u00bbcenter\u00a0\u00bb el_class=\u00a0\u00bbinfotronik_banner_pagina\u00a0\u00bb]\n\t\t\t<section class=\"do-normal-page-title-section\">\n\t\t\t\t<div class=\"container\">\n\t\t\t\t\t<div class=\"row uppercase\">\n\t\t\t\n\t\t\t\t\t\t<div class=\"do-page-title-wrapper\">\n\t\t\t\t\t\t\t<div class=\"do-default-page-title col-md-7 col-sm-7 col-xs-12\">\n\t\t\t\t\t\t\t\t<h2 info=6 class=\"infotronik_page_title_big\">Storia<\/h2>\n\t\t\t\t\t\t\t\t<p><\/p>\n\t\t\t\t\t\t\t<\/div>\n\t\t\t\n\t\t\t\t\t\t\t<div class=\"do-breadcumb\"><ul><li><a class=\"infotronik_breadcrumb_cut\" href=\"https:\/\/www.visitsoglianoalrubicone.it\/fr\/decouvrez-sogliano\/art-culture-et-artisanat\/\">Art, culture et artisanat<\/a><\/li><li><a class=\"infotronik_breadcrumb_cut\" href=\"https:\/\/www.visitsoglianoalrubicone.it\/fr\/decouvrez-sogliano\/art-culture-et-artisanat\/histoire-et-personnalites-illustres\/\">Histoire et personnalit\u00e9s illustres<\/a><\/li><\/ul><\/div>\n\t\t\t\t\t\t<\/div>\n\t\t\t\n\t\t\t\t\t<\/div>\n\t\t\t\t<\/div>\n\t\t\t<\/section>\n\t\t[vc_empty_space height=\u00a0\u00bb20px\u00a0\u00bb][vc_row_inner][vc_column_inner width=\u00a0\u00bb1\/2&Prime;][vc_column_text]<strong>L&rsquo;ORIGINE ROMAINE, LE RUBICON ET JULIUS CAESAR<\/strong><\/p>\n<p>Des d\u00e9couvertes sporadiques t\u00e9moignent de la pr\u00e9sence de l&rsquo;homme dans la r\u00e9gion depuis la fin de la p\u00e9riode n\u00e9olithique (2500-1800 av. J.-C.), tandis que des \u00e9tablissements plus importants ont \u00e9t\u00e9 identifi\u00e9s dans la phase finale de l&rsquo;\u00e2ge du bronze (1100-900 av. J.-C.). Le nom original de la ville semble d\u00e9river de \u00ab\u00a0Fundus Solliani\u00a0\u00bb, le nom original du territoire sur lequel se trouve la localit\u00e9, qui appartenait \u00e0 l&rsquo;\u00e9poque romaine \u00e0 la famille Rimini Sulia ou Silla. Le Rubicon \u00e9tait connu depuis l&rsquo;\u00e9poque des guerres puniques comme la fronti\u00e8re nord-est entre la R\u00e9publique romaine et la Gaule cisalpine. Franchir ce fleuve arm\u00e9 et \u00e0 la t\u00eate d&rsquo;une arm\u00e9e signifiait \u00ab\u00a0d\u00e9clarer la guerre\u00a0\u00bb \u00e0 la R\u00e9publique romaine. En 49 av. <strong>J.-C., Caius Julius Caesar<\/strong> pronon\u00e7a la phrase entr\u00e9e dans l&rsquo;histoire : \u00ab\u00a0Alea iacta est\u00a0\u00bb (\u00ab\u00a0le sort en est jet\u00e9\u00a0\u00bb) et franchit le Rubicon avec sa milice, fondant ainsi l&rsquo;Empire romain.<\/p>\n<p><strong>  DES ROMAINS AUX MALATESTA<\/strong><\/p>\n<p>Apr\u00e8s la fin de l&rsquo;Empire romain d&rsquo;Orient, Sogliano a fait partie des possessions de l&rsquo;\u00c9glise jusqu&rsquo;au XIe si\u00e8cle, p\u00e9riode \u00e0 laquelle, comme de nombreuses villes italiennes, elle est devenue une commune libre et a \u00e9t\u00e9 touch\u00e9e par le ph\u00e9nom\u00e8ne de l&rsquo;encastellement. Au cours des si\u00e8cles suivants, de 1200 \u00e0 1640 environ, l&rsquo;histoire du village est li\u00e9e \u00e0 la famille <strong>Malatesta<\/strong>. En 1312, les Malatesta de Rimini, du c\u00f4t\u00e9 guelfe, entrent en guerre contre les Malatesta de Sogliano, du c\u00f4t\u00e9 gibelin, et d\u00e9truisent le ch\u00e2teau, tuant de nombreux habitants. La domination des Malatesta sur Sogliano prit fin en 1640, lorsque Sogliano passa aux \u00c9tats pontificaux.[\/vc_column_text][\/vc_column_inner][vc_column_inner width=\u00a0\u00bb1\/2&Prime;][vc_single_image image=\u00a0\u00bb20133&Prime; img_size=\u00a0\u00bbfull\u00a0\u00bb alignment=\u00a0\u00bbcenter\u00a0\u00bb][\/vc_column_inner][\/vc_row_inner][vc_row_inner][vc_column_inner][vc_empty_space height=\u00a0\u00bb20px\u00a0\u00bb][vc_column_text]L<strong>E VOYAGE DE LEONARDO DA VINCI EN ROMAGNE<\/strong> Au cours de l&rsquo;\u00e9t\u00e9 1502, une grande partie de la Romagne est soumise \u00e0 Cesare Borgia, et L\u00e9onard de Vinci s\u00e9journe pendant une longue p\u00e9riode en Romagne.<\/p>\n<p>Sogliano rappelle le passage de l&rsquo;illustre g\u00e9nie et artiste dans les collines romagnoles \u00e0 travers le mus\u00e9e \u00ab\u00a0L\u00e9onard de Vinci et la Romagne\u00a0\u00bb et la reproduction dans le parc de San Donato (zone de Vignola) des \u00ab\u00a0concavit\u00e9s\u00a0\u00bb, un curieux syst\u00e8me d&rsquo;amplification du signal de la corne \u00e0 travers de grandes concavit\u00e9s r\u00e9alis\u00e9es par les bergers des Apennins romagnols \u00e0 l&rsquo;\u00e9poque.[\/vc_column_text][vc_empty_space height=\u00a0\u00bb20px\u00a0\u00bb][\/vc_column_inner][\/vc_row_inner][vc_row_inner][vc_column_inner width=\u00a0\u00bb1\/2&Prime;][vc_single_image image=\u00a0\u00bb20132&Prime; img_size=\u00a0\u00bbfull\u00a0\u00bb alignment=\u00a0\u00bbcenter\u00a0\u00bb][\/vc_column_inner][vc_column_inner width=\u00a0\u00bb1\/2&Prime;][vc_column_text]<strong>DES PREMI\u00c8RES MINES \u00c0 LA SECONDE GUERRE MONDIALE<\/strong><\/p>\n<p>A noter en 1789, l&rsquo;ouverture d&rsquo;une mine de charbon, qui a donn\u00e9 un \u00e9lan consid\u00e9rable \u00e0 l&rsquo;\u00e9conomie de la r\u00e9gion, du moins jusqu&rsquo;\u00e0 la fin de la Seconde Guerre mondiale, date \u00e0 laquelle la mine a \u00e9t\u00e9 ferm\u00e9e. En 1797, Sogliano fut envahi par les Fran\u00e7ais. En 1849, <strong>Garibaldi<\/strong> s&rsquo;y arr\u00eata<strong>(accompagn\u00e9 d&rsquo;Anita ?<\/strong>) lors de sa retraite de Saint-Marin \u00e0 Ravenne, apr\u00e8s la d\u00e9faite de la R\u00e9publique romaine. La souverainet\u00e9 papale prit fin en 1860, avec l&rsquo;annexion au Pi\u00e9mont ; l&rsquo;ann\u00e9e suivante, Sogliano fit partie du Royaume d&rsquo;Italie. En 1944, entre septembre et octobre, la ville a subi de lourds bombardements \u00e0 la suite de la travers\u00e9e du front (la \u00ab\u00a0Linea Christa\u00a0\u00bb) lors d&rsquo;un violent affrontement entre les lignes de d\u00e9fense allemandes et les arm\u00e9es alli\u00e9es. Le <strong>mus\u00e9e de la Linea Christa<\/strong> en conserve le souvenir \u00e0 travers une collection de mat\u00e9riel de guerre, d&rsquo;uniformes, de sections photographiques et de mat\u00e9riel cartographique, jusqu&rsquo;\u00e0 recr\u00e9er l&rsquo;atmosph\u00e8re de ces jours terribles gr\u00e2ce \u00e0 la reconstruction d&rsquo;un abri antia\u00e9rien \u00e0 l&rsquo;int\u00e9rieur d&rsquo;une grotte dans le b\u00e2timent de la culture o\u00f9 se trouve le mus\u00e9e.[\/vc_column_text][\/vc_column_inner][\/vc_row_inner][vc_row_inner][vc_column_inner width=\u00a0\u00bb1\/2&Prime;][vc_column_text]<strong>\u00ab\u00a0Le petit pays bien-aim\u00e9 de la Romagne\u00a0\u00bb GIOVANNI PASCOLI<\/strong><\/p>\n<p>Un lieu de m\u00e9moire important attribuable \u00e0 Giovanni Pascoli ; ici, ses deux s\u0153urs Ida et Maria ont pass\u00e9 plusieurs ann\u00e9es au monast\u00e8re augustinien. Le village, visit\u00e9 \u00e0 plusieurs reprises par le grand po\u00e8te romagnol, a \u00e9t\u00e9 une source d&rsquo;inspiration po\u00e9tique pour ses c\u00e9l\u00e8bres po\u00e8mes, notamment \u00ab\u00a0Les religieuses de Sogliano\u00a0\u00bb, \u00ab\u00a0Soeur Virginia\u00a0\u00bb et \u00ab\u00a0Chiffre violet\u00a0\u00bb. Dans les ann\u00e9es 1950 \u00e0 1970, le village a connu une p\u00e9riode de grave d\u00e9peuplement \u00e0 la suite du fort d\u00e9veloppement \u00e9conomique de la plaine, et sa population a \u00e9t\u00e9 r\u00e9duite de deux tiers en l&rsquo;espace de vingt ans seulement. Depuis les ann\u00e9es 1980, elle conna\u00eet une reprise \u00e9conomique li\u00e9e \u00e0 la relance de la production du <strong>fromage fossa<\/strong> (qui n&rsquo;a en r\u00e9alit\u00e9 jamais cess\u00e9 depuis l&rsquo;\u00e9poque des Malatesta), un produit typique de la r\u00e9gion.[\/vc_column_text][\/vc_column_inner][vc_column_inner width=\u00a0\u00bb1\/2&Prime;][vc_single_image image=\u00a0\u00bb20131&Prime; img_size=\u00a0\u00bbfull\u00a0\u00bb alignment=\u00a0\u00bbcenter\u00a0\u00bb][\/vc_column_inner][\/vc_row_inner][vc_empty_space height=\u00a0\u00bb50px\u00a0\u00bb][\/vc_column][\/vc_row]<\/p>\n","protected":false},"excerpt":{"rendered":"<p>[vc_row full_width=\u00a0\u00bbstretch_row_content_no_spaces\u00a0\u00bb][vc_column][vc_single_image image=\u00a0\u00bb20130&Prime; img_size=\u00a0\u00bb1920 x 450&Prime; alignment=\u00a0\u00bbcenter\u00a0\u00bb el_class=\u00a0\u00bbinfotronik_banner_pagina\u00a0\u00bb][vc_empty_space height=\u00a0\u00bb20px\u00a0\u00bb][vc_row_inner][vc_column_inner width=\u00a0\u00bb1\/2&Prime;][vc_column_text]L&rsquo;ORIGINE ROMAINE, LE RUBICON ET JULIUS CAESAR Des d\u00e9couvertes sporadiques t\u00e9moignent de&#8230;<\/p>\n","protected":false},"author":1,"featured_media":20128,"parent":20156,"menu_order":0,"comment_status":"closed","ping_status":"closed","template":"","meta":{"loftloader_page_shortcode":""},"_links":{"self":[{"href":"https:\/\/www.visitsoglianoalrubicone.it\/fr\/wp-json\/wp\/v2\/pages\/20127"}],"collection":[{"href":"https:\/\/www.visitsoglianoalrubicone.it\/fr\/wp-json\/wp\/v2\/pages"}],"about":[{"href":"https:\/\/www.visitsoglianoalrubicone.it\/fr\/wp-json\/wp\/v2\/types\/page"}],"author":[{"embeddable":true,"href":"https:\/\/www.visitsoglianoalrubicone.it\/fr\/wp-json\/wp\/v2\/users\/1"}],"replies":[{"embeddable":true,"href":"https:\/\/www.visitsoglianoalrubicone.it\/fr\/wp-json\/wp\/v2\/comments?post=20127"}],"version-history":[{"count":2,"href":"https:\/\/www.visitsoglianoalrubicone.it\/fr\/wp-json\/wp\/v2\/pages\/20127\/revisions"}],"predecessor-version":[{"id":20166,"href":"https:\/\/www.visitsoglianoalrubicone.it\/fr\/wp-json\/wp\/v2\/pages\/20127\/revisions\/20166"}],"up":[{"embeddable":true,"href":"https:\/\/www.visitsoglianoalrubicone.it\/fr\/wp-json\/wp\/v2\/pages\/20156"}],"wp:featuredmedia":[{"embeddable":true,"href":"https:\/\/www.visitsoglianoalrubicone.it\/fr\/wp-json\/wp\/v2\/media\/20128"}],"wp:attachment":[{"href":"https:\/\/www.visitsoglianoalrubicone.it\/fr\/wp-json\/wp\/v2\/media?parent=20127"}],"curies":[{"name":"wp","href":"https:\/\/api.w.org\/{rel}","templated":true}]}}