{"id":20256,"date":"2021-07-01T10:00:56","date_gmt":"2021-07-01T10:00:56","guid":{"rendered":"https:\/\/www.visitsoglianoalrubicone.it\/itineraires-trekking-biking\/"},"modified":"2025-12-11T10:05:47","modified_gmt":"2025-12-11T10:05:47","slug":"itineraires-trekking-biking","status":"publish","type":"page","link":"https:\/\/www.visitsoglianoalrubicone.it\/fr\/decouvrez-sogliano\/itineraires-trekking-biking\/","title":{"rendered":"Itin\u00e9raires &#8211; Trekking &amp; Biking"},"content":{"rendered":"<p>[vc_row full_width=\u00a0\u00bbstretch_row_content_no_spaces\u00a0\u00bb el_class=\u00a0\u00bbinfotronik_banner_pagina\u00a0\u00bb][vc_column][vc_single_image image=\u00a0\u00bb20259&Prime; img_size=\u00a0\u00bb1920 x 450&Prime; alignment=\u00a0\u00bbcenter\u00a0\u00bb el_class=\u00a0\u00bbinfotronik_banner_pagina\u00a0\u00bb]\n\t\t\t<section class=\"do-normal-page-title-section infotronik_page_title_section\">\n\t\t\t\t<div class=\"container\">\n\t\t\t\t\t<div class=\"row uppercase\">\n\t\t\t\n\t\t\t\t\t\t<div class=\"do-page-title-wrapper\">\n\t\t\t\t\t\t\t<div class=\"do-default-page-title col-md-7 col-sm-7 col-xs-12\">\n\t\t\t\t\t\t\t\t<h2 info=31 class=\"infotronik_page_title\">Itinerari - Trekking &amp; Bike<\/h2>\n\t\t\t\t\t\t\t\t<p><\/p>\n\t\t\t\t\t\t\t<\/div>\n\t\t\t\n\t\t\t\t\t\t\t<div class=\"do-breadcumb\"><ul><li><a class=\"infotronik_breadcrumb_cut\" href=\"https:\/\/www.visitsoglianoalrubicone.it\/fr\/decouvrez-sogliano\/\">D\u00c9COUVREZ SOGLIANO<\/a><\/li><\/ul><\/div>\n\t\t\t\t\t\t<\/div>\n\t\t\t\n\t\t\t\t\t<\/div>\n\t\t\t\t<\/div>\n\t\t\t<\/section>\n\t\t[vc_empty_space height=\u00a0\u00bb20&Prime;][vc_row_inner][vc_column_inner][vc_column_text]<span style=\"font-weight: 400;\">Sogliano al Rubicone est aujourd&rsquo;hui un point d&rsquo;attraction pour les randonneurs, les trekkeurs et les cyclotouristes de toute l&rsquo;Italie et de l&rsquo;Europe.<\/span><\/p>\n<p>En plus du <strong>Cammino di San Vicinio<\/strong> qui traverse notre territoire<strong>, <\/strong><strong>\u00ab Les Chemins de l\u2019Alto Rubicone \u00bb ont \u00e9t\u00e9 \u00e9tablis : 16 routes circulaires sur 156<\/strong> km enti\u00e8rement d\u00e9di\u00e9es \u00e0 la randonn\u00e9e, aux excursions en VTT et \u00e0 l\u2019\u00e9quitation.<\/p>\n<p>Les cyclistes peuvent compter sur de nombreux itin\u00e9raires : <strong>5 c\u00f4tes de la Nove Colli<\/strong>, le parcours du <strong>Tour de France 24,<\/strong> <strong>le Giro d\u2019Italia 2020 et 2016<\/strong>, et le <strong>parcours historique Coppi &#8211; Bartali<\/strong>.<\/p>\n<p><strong>Notre territoire est fr\u00e9quent\u00e9 par de nombreux passionn\u00e9s et professionnels<\/strong> qui choisissent nos itin\u00e9raires et itin\u00e9raires pour s\u2019entra\u00eener immerg\u00e9s dans la nature, et <strong>Marco Pantani<\/strong> est sans doute le plus c\u00e9l\u00e8bre. \u00ab L\u2019ascension de la cioca \u00bb, avec ses 18 virages en \u00e9pingle, est aussi appel\u00e9e \u00ab la mont\u00e9e du pirate \u00bb, et \u00ab le Colle del Barbatto \u00bb, une ascension mythique \u00e0 l\u2019extr\u00e9mit\u00e9 de laquelle se trouve le <em><strong>monument<\/strong> <\/em>en sa m\u00e9moire o\u00f9 de nombreux cyclistes gravent la m\u00e9moire de leur passage sur une photographie.[\/vc_column_text][vc_empty_space height=\u00a0\u00bb50px\u00a0\u00bb][vc_column_text]<div class=\"pt-cv-wrapper\"><div class=\"pt-cv-view pt-cv-grid pt-cv-colsys\" id=\"pt-cv-view-af05592e4d\"><div data-id=\"pt-cv-page-1\" class=\"pt-cv-page\" data-cvc=\"4\"><div class=\"col-md-3 col-sm-6 col-xs-12 pt-cv-content-item pt-cv-1-col\" ><div class='pt-cv-ifield'><a href=\"https:\/\/www.visitsoglianoalrubicone.it\/fr\/decouvrez-sogliano\/itineraires-trekking-biking\/les-chemins-du-haut-rubicon\/\" class=\"_self pt-cv-href-thumbnail pt-cv-thumb-default\" target=\"_self\" ><img width=\"1024\" height=\"768\" src=\"https:\/\/www.visitsoglianoalrubicone.it\/wp-content\/uploads\/2021\/08\/Visit-Sogliano-al-Rubicone-scopri-sogliano-_box_sentierialtorubicone.jpg\" class=\"pt-cv-thumbnail\" alt=\"\" loading=\"lazy\" srcset=\"https:\/\/www.visitsoglianoalrubicone.it\/wp-content\/uploads\/2021\/08\/Visit-Sogliano-al-Rubicone-scopri-sogliano-_box_sentierialtorubicone.jpg 1024w, https:\/\/www.visitsoglianoalrubicone.it\/wp-content\/uploads\/2021\/08\/Visit-Sogliano-al-Rubicone-scopri-sogliano-_box_sentierialtorubicone-300x225.jpg 300w, https:\/\/www.visitsoglianoalrubicone.it\/wp-content\/uploads\/2021\/08\/Visit-Sogliano-al-Rubicone-scopri-sogliano-_box_sentierialtorubicone-768x576.jpg 768w\" sizes=\"(max-width: 1024px) 100vw, 1024px\" \/><\/a>\n<h6 class=\"pt-cv-title\"><a href=\"https:\/\/www.visitsoglianoalrubicone.it\/fr\/decouvrez-sogliano\/itineraires-trekking-biking\/les-chemins-du-haut-rubicon\/\" class=\"_self\" target=\"_self\" >Les chemins du Haut Rubicon<\/a><\/h6><\/div><\/div>\n<div class=\"col-md-3 col-sm-6 col-xs-12 pt-cv-content-item pt-cv-1-col\" ><div class='pt-cv-ifield'><a href=\"https:\/\/www.visitsoglianoalrubicone.it\/fr\/decouvrez-sogliano\/itineraires-trekking-biking\/les-chemins-du-haut-rubicon\/les-chemins-du-haut-rubicon-2\/\" class=\"_self pt-cv-href-thumbnail pt-cv-thumb-default\" target=\"_self\" ><img width=\"1024\" height=\"768\" src=\"https:\/\/www.visitsoglianoalrubicone.it\/wp-content\/uploads\/2025\/08\/Visit-Sogliano-Scopri-Sogliano-Itinerari-Trekking-Bike-I-Sentieri-Alto-Rubicone-Leonardo-4-scaled-1.jpg\" class=\"pt-cv-thumbnail\" alt=\"Visit Sogliano al Rubicone - scopri sogliano - itinerari trekking bike - box_sentierididattici\" loading=\"lazy\" srcset=\"https:\/\/www.visitsoglianoalrubicone.it\/wp-content\/uploads\/2025\/08\/Visit-Sogliano-Scopri-Sogliano-Itinerari-Trekking-Bike-I-Sentieri-Alto-Rubicone-Leonardo-4-scaled-1.jpg 1024w, https:\/\/www.visitsoglianoalrubicone.it\/wp-content\/uploads\/2025\/08\/Visit-Sogliano-Scopri-Sogliano-Itinerari-Trekking-Bike-I-Sentieri-Alto-Rubicone-Leonardo-4-scaled-1-300x225.jpg 300w, https:\/\/www.visitsoglianoalrubicone.it\/wp-content\/uploads\/2025\/08\/Visit-Sogliano-Scopri-Sogliano-Itinerari-Trekking-Bike-I-Sentieri-Alto-Rubicone-Leonardo-4-scaled-1-768x576.jpg 768w\" sizes=\"(max-width: 1024px) 100vw, 1024px\" \/><\/a>\n<h6 class=\"pt-cv-title\"><a href=\"https:\/\/www.visitsoglianoalrubicone.it\/fr\/decouvrez-sogliano\/itineraires-trekking-biking\/les-chemins-du-haut-rubicon\/les-chemins-du-haut-rubicon-2\/\" class=\"_self\" target=\"_self\" >Sentiers \u00e9ducatifs<\/a><\/h6><\/div><\/div>\n<div class=\"col-md-3 col-sm-6 col-xs-12 pt-cv-content-item pt-cv-1-col\" ><div class='pt-cv-ifield'><a href=\"https:\/\/www.visitsoglianoalrubicone.it\/fr\/decouvrez-sogliano\/itineraires-trekking-biking\/la-voie-de-san-vicinio\/\" class=\"_self pt-cv-href-thumbnail pt-cv-thumb-default\" target=\"_self\" ><img width=\"1024\" height=\"768\" src=\"https:\/\/www.visitsoglianoalrubicone.it\/wp-content\/uploads\/2021\/08\/box_sanvicinio2.jpg\" class=\"pt-cv-thumbnail\" alt=\"\" loading=\"lazy\" srcset=\"https:\/\/www.visitsoglianoalrubicone.it\/wp-content\/uploads\/2021\/08\/box_sanvicinio2.jpg 1024w, https:\/\/www.visitsoglianoalrubicone.it\/wp-content\/uploads\/2021\/08\/box_sanvicinio2-300x225.jpg 300w, https:\/\/www.visitsoglianoalrubicone.it\/wp-content\/uploads\/2021\/08\/box_sanvicinio2-768x576.jpg 768w\" sizes=\"(max-width: 1024px) 100vw, 1024px\" \/><\/a>\n<h6 class=\"pt-cv-title\"><a href=\"https:\/\/www.visitsoglianoalrubicone.it\/fr\/decouvrez-sogliano\/itineraires-trekking-biking\/la-voie-de-san-vicinio\/\" class=\"_self\" target=\"_self\" >La voie de San Vicinio<\/a><\/h6><\/div><\/div>\n<div class=\"col-md-3 col-sm-6 col-xs-12 pt-cv-content-item pt-cv-1-col\" ><div class='pt-cv-ifield'><a href=\"https:\/\/www.visitsoglianoalrubicone.it\/fr\/decouvrez-sogliano\/itineraires-trekking-biking\/routes-cyclables\/\" class=\"_self pt-cv-href-thumbnail pt-cv-thumb-default\" target=\"_self\" ><img width=\"1024\" height=\"768\" src=\"https:\/\/www.visitsoglianoalrubicone.it\/wp-content\/uploads\/2021\/08\/Visit-Sogliano-Scopri-Sogliano-Itinerari-Trekking-Bike-Itinerari-Cicloturistici-Banner-Resized.jpg\" class=\"pt-cv-thumbnail\" alt=\"\" loading=\"lazy\" srcset=\"https:\/\/www.visitsoglianoalrubicone.it\/wp-content\/uploads\/2021\/08\/Visit-Sogliano-Scopri-Sogliano-Itinerari-Trekking-Bike-Itinerari-Cicloturistici-Banner-Resized.jpg 1024w, https:\/\/www.visitsoglianoalrubicone.it\/wp-content\/uploads\/2021\/08\/Visit-Sogliano-Scopri-Sogliano-Itinerari-Trekking-Bike-Itinerari-Cicloturistici-Banner-Resized-300x225.jpg 300w, https:\/\/www.visitsoglianoalrubicone.it\/wp-content\/uploads\/2021\/08\/Visit-Sogliano-Scopri-Sogliano-Itinerari-Trekking-Bike-Itinerari-Cicloturistici-Banner-Resized-768x576.jpg 768w\" sizes=\"(max-width: 1024px) 100vw, 1024px\" \/><\/a>\n<h6 class=\"pt-cv-title\"><a href=\"https:\/\/www.visitsoglianoalrubicone.it\/fr\/decouvrez-sogliano\/itineraires-trekking-biking\/routes-cyclables\/\" class=\"_self\" target=\"_self\" >Routes cyclables<\/a><\/h6><\/div><\/div>\n<div class=\"col-md-3 col-sm-6 col-xs-12 pt-cv-content-item pt-cv-1-col\" ><div class='pt-cv-ifield'><a href=\"https:\/\/www.visitsoglianoalrubicone.it\/fr\/decouvrez-sogliano\/au-coeur-de-la-nature\/parcs-et-terrains-de-jeux\/\" class=\"_self pt-cv-href-thumbnail pt-cv-thumb-default\" target=\"_self\" ><img width=\"1024\" height=\"768\" src=\"https:\/\/www.visitsoglianoalrubicone.it\/wp-content\/uploads\/2021\/07\/Visit-Sogliano-Scopri-Sogliano-Nel-Cuore-della-Natura-Parchi-Banner-Resized-1024x768.jpg\" class=\"pt-cv-thumbnail\" alt=\"\" loading=\"lazy\" srcset=\"https:\/\/www.visitsoglianoalrubicone.it\/wp-content\/uploads\/2021\/07\/Visit-Sogliano-Scopri-Sogliano-Nel-Cuore-della-Natura-Parchi-Banner-Resized-1024x768.jpg 1024w, https:\/\/www.visitsoglianoalrubicone.it\/wp-content\/uploads\/2021\/07\/Visit-Sogliano-Scopri-Sogliano-Nel-Cuore-della-Natura-Parchi-Banner-Resized-300x225.jpg 300w, https:\/\/www.visitsoglianoalrubicone.it\/wp-content\/uploads\/2021\/07\/Visit-Sogliano-Scopri-Sogliano-Nel-Cuore-della-Natura-Parchi-Banner-Resized-768x576.jpg 768w, https:\/\/www.visitsoglianoalrubicone.it\/wp-content\/uploads\/2021\/07\/Visit-Sogliano-Scopri-Sogliano-Nel-Cuore-della-Natura-Parchi-Banner-Resized-1536x1152.jpg 1536w, https:\/\/www.visitsoglianoalrubicone.it\/wp-content\/uploads\/2021\/07\/Visit-Sogliano-Scopri-Sogliano-Nel-Cuore-della-Natura-Parchi-Banner-Resized.jpg 1920w\" sizes=\"(max-width: 1024px) 100vw, 1024px\" \/><\/a>\n<h6 class=\"pt-cv-title\"><a href=\"https:\/\/www.visitsoglianoalrubicone.it\/fr\/decouvrez-sogliano\/au-coeur-de-la-nature\/parcs-et-terrains-de-jeux\/\" class=\"_self\" target=\"_self\" >Parcs et terrains de jeux<\/a><\/h6><\/div><\/div>\n<div class=\"col-md-3 col-sm-6 col-xs-12 pt-cv-content-item pt-cv-1-col\" ><div class='pt-cv-ifield'><a href=\"https:\/\/www.visitsoglianoalrubicone.it\/fr\/decouvrez-sogliano\/au-coeur-de-la-nature\/aires-de-pique-nique\/\" class=\"_self pt-cv-href-thumbnail pt-cv-thumb-default\" target=\"_self\" ><img width=\"1024\" height=\"768\" src=\"https:\/\/www.visitsoglianoalrubicone.it\/wp-content\/uploads\/2021\/07\/Visit-Sogliano-Scopri-Sogliano-Nel-Cuore-della-Natura-PicNic-Banner-Resized-1024x768.jpg\" class=\"pt-cv-thumbnail\" alt=\"\" loading=\"lazy\" srcset=\"https:\/\/www.visitsoglianoalrubicone.it\/wp-content\/uploads\/2021\/07\/Visit-Sogliano-Scopri-Sogliano-Nel-Cuore-della-Natura-PicNic-Banner-Resized-1024x768.jpg 1024w, https:\/\/www.visitsoglianoalrubicone.it\/wp-content\/uploads\/2021\/07\/Visit-Sogliano-Scopri-Sogliano-Nel-Cuore-della-Natura-PicNic-Banner-Resized-300x225.jpg 300w, https:\/\/www.visitsoglianoalrubicone.it\/wp-content\/uploads\/2021\/07\/Visit-Sogliano-Scopri-Sogliano-Nel-Cuore-della-Natura-PicNic-Banner-Resized-768x576.jpg 768w, https:\/\/www.visitsoglianoalrubicone.it\/wp-content\/uploads\/2021\/07\/Visit-Sogliano-Scopri-Sogliano-Nel-Cuore-della-Natura-PicNic-Banner-Resized-1536x1152.jpg 1536w, https:\/\/www.visitsoglianoalrubicone.it\/wp-content\/uploads\/2021\/07\/Visit-Sogliano-Scopri-Sogliano-Nel-Cuore-della-Natura-PicNic-Banner-Resized.jpg 1920w\" sizes=\"(max-width: 1024px) 100vw, 1024px\" \/><\/a>\n<h6 class=\"pt-cv-title\"><a href=\"https:\/\/www.visitsoglianoalrubicone.it\/fr\/decouvrez-sogliano\/au-coeur-de-la-nature\/aires-de-pique-nique\/\" class=\"_self\" target=\"_self\" >Aires de pique-nique<\/a><\/h6><\/div><\/div>\n<div class=\"col-md-3 col-sm-6 col-xs-12 pt-cv-content-item pt-cv-1-col\" ><div class='pt-cv-ifield'><a href=\"https:\/\/www.visitsoglianoalrubicone.it\/fr\/decouvrez-sogliano\/au-coeur-de-la-nature\/maison-de-leau-et-fontaines\/\" class=\"_self pt-cv-href-thumbnail pt-cv-thumb-default\" target=\"_self\" ><img width=\"1024\" height=\"768\" src=\"https:\/\/www.visitsoglianoalrubicone.it\/wp-content\/uploads\/2021\/07\/Visit-Sogliano-Scopri-Sogliano-Nel-Cuore-della-Natura-Fontanelle-Banner-Resized-1024x768.jpg\" class=\"pt-cv-thumbnail\" alt=\"\" loading=\"lazy\" srcset=\"https:\/\/www.visitsoglianoalrubicone.it\/wp-content\/uploads\/2021\/07\/Visit-Sogliano-Scopri-Sogliano-Nel-Cuore-della-Natura-Fontanelle-Banner-Resized-1024x768.jpg 1024w, https:\/\/www.visitsoglianoalrubicone.it\/wp-content\/uploads\/2021\/07\/Visit-Sogliano-Scopri-Sogliano-Nel-Cuore-della-Natura-Fontanelle-Banner-Resized-300x225.jpg 300w, https:\/\/www.visitsoglianoalrubicone.it\/wp-content\/uploads\/2021\/07\/Visit-Sogliano-Scopri-Sogliano-Nel-Cuore-della-Natura-Fontanelle-Banner-Resized-768x576.jpg 768w, https:\/\/www.visitsoglianoalrubicone.it\/wp-content\/uploads\/2021\/07\/Visit-Sogliano-Scopri-Sogliano-Nel-Cuore-della-Natura-Fontanelle-Banner-Resized-1536x1152.jpg 1536w, https:\/\/www.visitsoglianoalrubicone.it\/wp-content\/uploads\/2021\/07\/Visit-Sogliano-Scopri-Sogliano-Nel-Cuore-della-Natura-Fontanelle-Banner-Resized.jpg 1920w\" sizes=\"(max-width: 1024px) 100vw, 1024px\" \/><\/a>\n<h6 class=\"pt-cv-title\"><a href=\"https:\/\/www.visitsoglianoalrubicone.it\/fr\/decouvrez-sogliano\/au-coeur-de-la-nature\/maison-de-leau-et-fontaines\/\" class=\"_self\" target=\"_self\" >Maison de l&rsquo;eau et fontaines<\/a><\/h6><\/div><\/div><\/div><\/div><\/div>[\/vc_column_text][vc_empty_space height=\u00a0\u00bb50px\u00a0\u00bb][\/vc_column_inner][\/vc_row_inner][\/vc_column][\/vc_row]<\/p>\n","protected":false},"excerpt":{"rendered":"<p>[vc_row full_width=\u00a0\u00bbstretch_row_content_no_spaces\u00a0\u00bb el_class=\u00a0\u00bbinfotronik_banner_pagina\u00a0\u00bb][vc_column][vc_single_image image=\u00a0\u00bb20259&Prime; img_size=\u00a0\u00bb1920 x 450&Prime; alignment=\u00a0\u00bbcenter\u00a0\u00bb el_class=\u00a0\u00bbinfotronik_banner_pagina\u00a0\u00bb][vc_empty_space height=\u00a0\u00bb20&Prime;][vc_row_inner][vc_column_inner][vc_column_text]Sogliano al Rubicone est aujourd&rsquo;hui un point d&rsquo;attraction pour les randonneurs, les&#8230;<\/p>\n","protected":false},"author":1,"featured_media":20258,"parent":20455,"menu_order":0,"comment_status":"closed","ping_status":"closed","template":"","meta":{"loftloader_page_shortcode":""},"_links":{"self":[{"href":"https:\/\/www.visitsoglianoalrubicone.it\/fr\/wp-json\/wp\/v2\/pages\/20256"}],"collection":[{"href":"https:\/\/www.visitsoglianoalrubicone.it\/fr\/wp-json\/wp\/v2\/pages"}],"about":[{"href":"https:\/\/www.visitsoglianoalrubicone.it\/fr\/wp-json\/wp\/v2\/types\/page"}],"author":[{"embeddable":true,"href":"https:\/\/www.visitsoglianoalrubicone.it\/fr\/wp-json\/wp\/v2\/users\/1"}],"replies":[{"embeddable":true,"href":"https:\/\/www.visitsoglianoalrubicone.it\/fr\/wp-json\/wp\/v2\/comments?post=20256"}],"version-history":[{"count":11,"href":"https:\/\/www.visitsoglianoalrubicone.it\/fr\/wp-json\/wp\/v2\/pages\/20256\/revisions"}],"predecessor-version":[{"id":31908,"href":"https:\/\/www.visitsoglianoalrubicone.it\/fr\/wp-json\/wp\/v2\/pages\/20256\/revisions\/31908"}],"up":[{"embeddable":true,"href":"https:\/\/www.visitsoglianoalrubicone.it\/fr\/wp-json\/wp\/v2\/pages\/20455"}],"wp:featuredmedia":[{"embeddable":true,"href":"https:\/\/www.visitsoglianoalrubicone.it\/fr\/wp-json\/wp\/v2\/media\/20258"}],"wp:attachment":[{"href":"https:\/\/www.visitsoglianoalrubicone.it\/fr\/wp-json\/wp\/v2\/media?parent=20256"}],"curies":[{"name":"wp","href":"https:\/\/api.w.org\/{rel}","templated":true}]}}