{"id":20469,"date":"2021-06-06T16:21:27","date_gmt":"2021-06-06T16:21:27","guid":{"rendered":"https:\/\/www.visitsoglianoalrubicone.it\/mentions-legales\/"},"modified":"2024-12-06T10:12:23","modified_gmt":"2024-12-06T10:12:23","slug":"mentions-legales","status":"publish","type":"page","link":"https:\/\/www.visitsoglianoalrubicone.it\/fr\/mentions-legales\/","title":{"rendered":"Mentions l\u00e9gales"},"content":{"rendered":"<p>[vc_row full_width=\u00a0\u00bbstretch_row_content_no_spaces\u00a0\u00bb][vc_column][vc_single_image image=\u00a0\u00bb20487&Prime; img_size=\u00a0\u00bb1920 x 300&Prime; alignment=\u00a0\u00bbcenter\u00a0\u00bb el_class=\u00a0\u00bbinfotronik_banner_pagina\u00a0\u00bb]\n\t\t\t<section class=\"do-normal-page-title-section\">\n\t\t\t\t<div class=\"container\">\n\t\t\t\t\t<div class=\"row uppercase\">\n\t\t\t\n\t\t\t\t\t\t<div class=\"do-page-title-wrapper\">\n\t\t\t\t\t\t\t<div class=\"do-default-page-title col-md-7 col-sm-7 col-xs-12\">\n\t\t\t\t\t\t\t\t<h2 info=28 class=\"infotronik_page_title_big\">Regolamento e Termini Legali<\/h2>\n\t\t\t\t\t\t\t\t<p><\/p>\n\t\t\t\t\t\t\t<\/div>\n\t\t\t\n\t\t\t\t\t\t\t<div class=\"do-breadcumb\"><ul><\/ul><\/div>\n\t\t\t\t\t\t<\/div>\n\t\t\t\n\t\t\t\t\t<\/div>\n\t\t\t\t<\/div>\n\t\t\t<\/section>\n\t\t[vc_empty_space height=\u00a0\u00bb20px\u00a0\u00bb][vc_row_inner][vc_column_inner][vc_column_text]Nous vous souhaitons la bienvenue sur VisitSoglianoalRubicone.it Vous trouverez ci-dessous les conditions d&rsquo;utilisation du site et les modalit\u00e9s d&rsquo;interaction avec la r\u00e9daction du portail. Pour permettre la compr\u00e9hension et l&rsquo;acceptation de ces termes et conditions, les termes suivants, au singulier et au pluriel, auront la signification indiqu\u00e9e ci-dessous : <strong><em>-D\u00e9finitions<\/em><\/strong><br \/>\nAfin de permettre une compr\u00e9hension et une acceptation compl\u00e8tes de ces termes et conditions, les termes suivants, au singulier et au pluriel, auront la signification indiqu\u00e9e ci-dessous : a) Propri\u00e9taire :<\/p>\n<p><em>  Municipalit\u00e9 de Sogliano al Rubicone situ\u00e9e Piazza Repubblica 35, 47030 Sogliano al Rubicone (FC), Email : <a href=\"mailto:protocollo@comune.sogliano.fc.it\">protocollo@comune.sogliano.fc.it<\/a> PEC : <a href=\"mailto:comune.sogliano@cert.provincia.fc.it\" target=\"_blank\" rel=\"noopener\">comune.sogliano@cert.provincia.fc.it<\/a> Standard t\u00e9l\u00e9phonique : 0541 817311 &#8211; Fax : 0541 948170.<\/em><\/p>\n<p>b) Application : le Portail Web www.visitsoglianoalrubicone.it g\u00e9r\u00e9 par le Propri\u00e9taire ; c) Produits : les services offerts \u00e0 travers le Portail Web www.visitsoglianoalrubicone.it d) Utilisateur : la personne qui acc\u00e8de au Portail Web, sans distinction de nature juridique et de finalit\u00e9 ; e) Consommateur : la personne physique qui agit \u00e0 des fins \u00e9trang\u00e8res \u00e0 toute activit\u00e9 entrepreneuriale, commerciale, artisanale ou professionnelle exerc\u00e9e ; f) Conditions : le pr\u00e9sent contrat r\u00e9gissant les relations entre le Propri\u00e9taire et les Utilisateurs.<em><strong>-Droits de propri\u00e9t\u00e9 industrielle et intellectuelle<\/strong><\/em><br \/>\nLe Propri\u00e9taire d\u00e9clare \u00eatre le titulaire et\/ou le licenci\u00e9 de tous les droits de propri\u00e9t\u00e9 intellectuelle li\u00e9s et\/ou relatifs au Portail Web et\/ou aux mat\u00e9riels et contenus disponibles sur le Portail Web. Les pr\u00e9sentes conditions n&rsquo;accordent \u00e0 l&rsquo;utilisateur aucune licence d&rsquo;utilisation du portail Web et\/ou des contenus individuels et\/ou des mat\u00e9riels disponibles sur le portail Web, sauf disposition contraire. Toutes les marques, figuratives ou nominatives, et tous les autres signes, noms commerciaux, marques de service, marques verbales, noms commerciaux, illustrations, images, logos apparaissant sur le portail Web sont et restent la propri\u00e9t\u00e9 du propri\u00e9taire ou de ses conc\u00e9dants de licence et sont prot\u00e9g\u00e9s par les lois en vigueur sur les marques et les trait\u00e9s internationaux pertinents. Toute reproduction, sous quelque forme que ce soit, des textes explicatifs et des contenus du portail Web, si elle n&rsquo;est pas autoris\u00e9e, est consid\u00e9r\u00e9e comme une violation des droits de propri\u00e9t\u00e9 intellectuelle et industrielle du propri\u00e9taire.<br \/>\n&#8211; <strong><em> Informations pour les utilisateurs<\/em><\/strong> VisitSoglianoalRubicone.it est le site officiel d&rsquo;information touristique de la commune de Sogliano al Rubicone. Les contenus sont \u00e9dit\u00e9s par la Commune de Sogliano al Rubicone et l&rsquo;ATI (Association Temporaire d&rsquo;Entreprises) compos\u00e9e de la Coop Sociale La Finestra, Akamai di Irene Marini et GrooveUp di Cola Leonardo.<strong><em>&#8211; \u00c9dition du contenu<\/em><\/strong><br \/>\nLes contenus informatifs du site sont recueillis et trait\u00e9s par la r\u00e9daction de VisitSoglianoalRubicone.it sur la base d&rsquo;informations re\u00e7ues d&rsquo;organismes publics et priv\u00e9s concernant les lieux et les activit\u00e9s pr\u00e9sent\u00e9s. Certains contenus ont \u00e9t\u00e9 fournis directement par des tiers r\u00e9f\u00e9rents pour les lieux et les services pr\u00e9sent\u00e9s sur le site, d&rsquo;autres ont \u00e9t\u00e9 tir\u00e9s de publications et\/ou d&rsquo;\u00e9crits dont les sources sont cit\u00e9es.<\/p>\n<p><strong><em>&#8211; signaler des informations incompl\u00e8tes ou incorrectes, des demandes de mise \u00e0 jour, des suggestions. Limitation de la responsabilit\u00e9 <\/em><\/strong><br \/>\nLa Commune de Sogliano al Rubicone a le droit de modifier \u00e0 tout moment et \u00e0 sa discr\u00e9tion les contenus et les modalit\u00e9s de fonctionnement de VisitSoglianoalRubicone.it. L&rsquo;objectif de VisitSoglianoalRubicone.it est de permettre au public un acc\u00e8s plus large aux informations touristiques sur le territoire. L&rsquo;objectif est de fournir des informations actualis\u00e9es et pr\u00e9cises. La r\u00e9daction v\u00e9rifie et met \u00e0 jour r\u00e9guli\u00e8rement les contenus publi\u00e9s selon un plan de r\u00e9vision pr\u00e9vu et sur la base des rapports des r\u00e9f\u00e9rents des lieux et des activit\u00e9s pr\u00e9sent\u00e9s. Malgr\u00e9 les efforts raisonnables de la r\u00e9daction pour maintenir les fiches d&rsquo;information toujours correctes et \u00e0 jour, les contenus publi\u00e9s sur le site peuvent contenir des inexactitudes. La Commune de Sogliano al Rubicone ne garantit pas l&rsquo;exactitude des contenus pr\u00e9sents sur visitsoglianoalrubicone.it et n&rsquo;est pas responsable des \u00e9ventuelles inexactitudes dans les informations fournies par les r\u00e9f\u00e9rents des diff\u00e9rents services tels que, par exemple, les h\u00f4tels, les restaurants ou d&rsquo;autres fournisseurs ou produits r\u00e9pertori\u00e9s sur le site. Les erreurs signal\u00e9es seront corrig\u00e9es et des efforts seront faits pour \u00e9liminer les \u00e9ventuels dysfonctionnements ou probl\u00e8mes techniques, mais il n&rsquo;est pas possible de garantir que les informations et les services seront disponibles sans interruptions, retards ou suspensions. Les suggestions de nouveaux contenus, d&rsquo;itin\u00e9raires et d&rsquo;am\u00e9liorations sont toujours les bienvenues et int\u00e9ressantes. <strong><em>Pour tout rapport ou suggestion, veuillez \u00e9crire \u00e0 <a href=\"mailto:info@visitsoglianoalrubicone.it\" target=\"_blank\" rel=\"noopener\">info@visitsoglianoalrubicone.it<\/a> ou contacter l&rsquo;office du tourisme \u00e0 0541817340.<\/em><\/strong> <strong><em>&#8211; Liens vers des sites tiers &#8211; Limitation de responsabilit\u00e9<\/em><\/strong><br \/>\nLe site Visitsoglianoalrubicone.it peut contenir des liens, fournis uniquement \u00e0 titre d&rsquo;information, vers des sites externes non g\u00e9r\u00e9s par la Commune de Sogliano al Rubicone. Les services offerts par ces sites ne peuvent en aucun cas \u00eatre consid\u00e9r\u00e9s comme approuv\u00e9s, parrain\u00e9s, garantis ou contr\u00f4l\u00e9s par la Commune de Sogliano al Rubicone. L&rsquo;utilisateur assume l&rsquo;enti\u00e8re responsabilit\u00e9 des achats et des r\u00e9servations, ainsi que des interactions avec les sites web externes. <strong><em>&#8211; Liens vers (vers) Visitsoglianoalrubicone.it<\/em><\/strong><br \/>\nVisitsoglianoalrubicone.it est un service d&rsquo;utilit\u00e9 publique. La Commune de Sogliano al Rubicone autorise les liens vers Visitsoglianoalrubicone.it aussi bien sur les sites publics que sur les sites \u00e0 but lucratif. Les liens doivent respecter les directives suivantes :    <\/p>\n<ul>\n<li>les liens doivent \u00eatre clairement intitul\u00e9s<strong>\u00ab\u00a0VisitSoglianoalRubicone.it<\/strong> Site officiel d&rsquo;information touristique de la municipalit\u00e9 de Sogliano al Rubicone\u00a0\u00bb.<\/li>\n<li>aucun cadre ne doit \u00eatre cr\u00e9\u00e9 autour du contenu de VisitSoglianoalRubicone.it (framing) ;<\/li>\n<li>vous ne devez pas exprimer ou sugg\u00e9rer une quelconque autorisation ou approbation de la part de la municipalit\u00e9 de Sogliano al Rubicone en faveur d&rsquo;un produit ou d&rsquo;un service de tiers, sans l&rsquo;autorisation expresse de la municipalit\u00e9 de Sogliano al Rubicone ;<\/li>\n<li>vous ne devez pas exprimer ou sugg\u00e9rer un quelconque rapport ou une quelconque relation avec VisitSoglianoalRubicone.it, sans l&rsquo;autorisation expresse de la municipalit\u00e9 de Sogliano al Rubicone ;<\/li>\n<li>aucune fausse information ne doit \u00eatre pr\u00e9sent\u00e9e sur les produits et services de VisitSoglianoalRubicone.it<\/li>\n<li>le lien ne doit pas conduire \u00e0 ou contenir du mat\u00e9riel qui pourrait \u00eatre consid\u00e9r\u00e9 comme d\u00e9plaisant, offensant ou controvers\u00e9 et doit \u00eatre adapt\u00e9 \u00e0 la visualisation par des utilisateurs de tout \u00e2ge.<\/li>\n<\/ul>\n<p><strong><em>&#8211; Publication d&rsquo;exp\u00e9riences sur VisitSoglianoalRubicone.it par des op\u00e9rateurs priv\u00e9s<\/em><\/strong><br \/>\nLes op\u00e9rateurs touristiques, bas\u00e9s dans la province de Forl\u00ec-Cesena, int\u00e9ress\u00e9s \u00e0 publier des \u00ab\u00a0Exp\u00e9riences\u00a0\u00bb sur VisitSoglianoalRubicone.it peuvent lire les modalit\u00e9s et les crit\u00e8res d&rsquo;application en cliquant ici. <em><strong>-Limitation de la responsabilit\u00e9<\/strong><\/em><br \/>\nLe Titulaire n&rsquo;est pas responsable envers l&rsquo;Utilisateur, sauf en cas de faute intentionnelle ou de n\u00e9gligence grave, des inefficacit\u00e9s ou des dysfonctionnements li\u00e9s \u00e0 l&rsquo;utilisation du r\u00e9seau Internet en dehors de son propre contr\u00f4le ou de celui de ses sous-fournisseurs. En outre, le Titulaire n&rsquo;est pas responsable des dommages, pertes et co\u00fbts encourus par l&rsquo;Utilisateur du fait de l&rsquo;inex\u00e9cution du contrat pour des raisons qui ne lui sont pas imputables, l&rsquo;Utilisateur n&rsquo;ayant droit qu&rsquo;au remboursement int\u00e9gral du prix pay\u00e9 et des frais suppl\u00e9mentaires encourus. Le titulaire n&rsquo;est pas responsable de l&rsquo;utilisation frauduleuse et illicite qui pourrait \u00eatre faite par des tiers, des cartes de cr\u00e9dit, des ch\u00e8ques et d&rsquo;autres moyens de paiement, lors du paiement des services achet\u00e9s, s&rsquo;il prouve qu&rsquo;il a pris toutes les pr\u00e9cautions possibles sur la base des meilleures connaissances scientifiques et de l&rsquo;exp\u00e9rience du moment et selon une diligence ordinaire. L&rsquo;Utilisateur accepte d&rsquo;indemniser et de d\u00e9gager de toute responsabilit\u00e9 le Propri\u00e9taire (ainsi que ses filiales ou soci\u00e9t\u00e9s affili\u00e9es, ses repr\u00e9sentants, collaborateurs, consultants, administrateurs, agents, licenci\u00e9s, partenaires et employ\u00e9s), de toute obligation ou responsabilit\u00e9, y compris les frais juridiques encourus pour se d\u00e9fendre en justice, qui pourrait d\u00e9couler de dommages caus\u00e9s \u00e0 d&rsquo;autres Utilisateurs ou \u00e0 des tiers, en relation avec le Contenu t\u00e9l\u00e9charg\u00e9 ou \u00e0 la violation des termes de la loi ou des termes des pr\u00e9sentes Conditions. Par cons\u00e9quent, le Propri\u00e9taire ne sera pas responsable : a) de toute perte qui n&rsquo;est pas une cons\u00e9quence directe de la violation du contrat par le Propri\u00e9taire ; b) de toute perte d&rsquo;opportunit\u00e9 commerciale et de toute autre perte, y compris indirecte, que l&rsquo;Utilisateur pourrait avoir subie (telle que, mais sans s&rsquo;y limiter, les pertes commerciales, la perte de revenus, de recettes, de b\u00e9n\u00e9fices ou d&rsquo;\u00e9conomies anticip\u00e9es, la perte de contrats ou de relations d&rsquo;affaires, la perte de r\u00e9putation ou de valeur du fonds de commerce, etc.) ; c) l&rsquo;utilisation incorrecte ou inad\u00e9quate du Portail Web par les Utilisateurs ou des tiers ; d) l&rsquo;\u00e9mission de documents fiscaux incorrects en raison d&rsquo;erreurs relatives aux donn\u00e9es fournies par l&rsquo;Utilisateur, ce dernier \u00e9tant le seul responsable de leur saisie correcte. En aucun cas, le Propri\u00e9taire ne pourra \u00eatre tenu responsable de plus du double du montant pay\u00e9 par l&rsquo;Utilisateur. <strong><em>-Renonciation<\/em><\/strong><br \/>\nAucune renonciation par l&rsquo;une ou l&rsquo;autre des parties \u00e0 l&rsquo;un des articles des pr\u00e9sentes conditions ne sera effective \u00e0 moins qu&rsquo;il ne soit express\u00e9ment indiqu\u00e9 qu&rsquo;il s&rsquo;agit d&rsquo;une renonciation et qu&rsquo;elle soit communiqu\u00e9e par \u00e9crit. <em><strong>-Invalidit\u00e9 de certaines clauses<\/strong><\/em><br \/>\nSi une disposition des pr\u00e9sentes conditions est jug\u00e9e ill\u00e9gale ou invalide, elle ne sera pas consid\u00e9r\u00e9e comme faisant partie des conditions et cela n&rsquo;affectera pas les autres dispositions qui continueront \u00e0 \u00eatre valides dans toute la mesure permise par la loi.<\/p>\n<p><em><strong>-Vie priv\u00e9e<\/strong><\/em><br \/>\nLes donn\u00e9es \u00e0 caract\u00e8re personnel seront prot\u00e9g\u00e9es et trait\u00e9es conform\u00e9ment \u00e0 la politique de confidentialit\u00e9, qui peut \u00eatre consult\u00e9e sur la page <a href=\"https:\/\/www.visitsoglianoalrubicone.it\/privacy-policy\/\" target=\"_blank\" rel=\"noopener\">Politique de confidentialit\u00e9<\/a>. <strong><em>-Droit applicable et juridiction comp\u00e9tente<\/em><\/strong><br \/>\nLes pr\u00e9sentes conditions et tous les litiges relatifs \u00e0 leur ex\u00e9cution, leur interpr\u00e9tation et leur validit\u00e9 sont soumis \u00e0 la loi italienne et \u00e0 la comp\u00e9tence exclusive du tribunal du lieu o\u00f9 le propri\u00e9taire a son si\u00e8ge. Si l&rsquo;utilisateur est un consommateur au sens de l&rsquo;article 3 du code de la consommation, le juge du lieu de r\u00e9sidence ou du domicile du consommateur, s&rsquo;il est situ\u00e9 sur le territoire de l&rsquo;\u00c9tat italien, est territorialement comp\u00e9tent, sans pr\u00e9judice du droit de l&rsquo;utilisateur-consommateur de saisir un juge autre que le \u00ab\u00a0forum des consommateurs\u00a0\u00bb au sens de l&rsquo;article 66 bis du code de la consommation, territorialement comp\u00e9tent selon l&rsquo;un des crit\u00e8res \u00e9nonc\u00e9s aux articles 18, 19 et 20 du code de proc\u00e9dure civile italien. <em><strong>-R\u00e9solution des litiges en ligne<\/strong><\/em><br \/>\nPour les consommateurs Les consommateurs r\u00e9sidant en Europe doivent savoir que la Commission europ\u00e9enne a mis en place une plateforme en ligne qui fournit un outil alternatif de r\u00e9solution des litiges. Cet outil peut \u00eatre utilis\u00e9 par le consommateur pour r\u00e9gler \u00e0 l&rsquo;amiable tout litige relatif \u00e0 et\/ou d\u00e9coulant de contrats de vente de biens et de services conclus en ligne. En cons\u00e9quence, le Consommateur peut utiliser cette plateforme pour la r\u00e9solution de tout litige d\u00e9coulant du contrat en ligne conclu avec le Titulaire.<br \/>\nLa plateforme est disponible \u00e0 l&rsquo;adresse suivante : https:\/\/webgate.ec.europa.eu\/odr\/ Date 18\/04\/2019 <strong>NOTES LEGALES <\/strong> Les pr\u00e9sentes conditions d&rsquo;utilisation s&rsquo;appliquent \u00e0 tout utilisateur qui utilise les services du Site.<\/p>\n<p><strong><em>Responsabilit\u00e9 et garanties.<\/em><\/strong><br \/>\nL&rsquo;utilisateur garantit que les contenus qu&rsquo;il introduit ou communique \u00e0 travers le site ne violent pas la loi, ne portent pas atteinte aux droits d&rsquo;auteur, aux brevets, aux marques ou aux signes distinctifs, et \u00e0 tout autre droit de tiers.<\/p>\n<p>L&rsquo;utilisateur est seul responsable en cas de violation des droits susmentionn\u00e9s. La Commune de Sogliano al Rubicone n&rsquo;est en aucun cas responsable des dommages ou des pr\u00e9judices que les utilisateurs pourraient subir du fait de l&rsquo;acc\u00e8s, de l&rsquo;interconnexion, du t\u00e9l\u00e9chargement de mat\u00e9riel et de programmes informatiques \u00e0 partir du Portail Web. Par cons\u00e9quent, la Commune de Sogliano al Rubicone n&rsquo;est pas responsable des dommages, pertes, pr\u00e9judices de toute nature que des tiers pourraient subir du fait du contact avec le Portail Web, ou \u00e0 la suite de l&rsquo;utilisation des contenus publi\u00e9s ainsi que des logiciels utilis\u00e9s.<strong><em>Droits d&rsquo;auteur<\/em><\/strong><br \/>\nTout le mat\u00e9riel contenu sur Visitsoglianoalrubicone.it, y compris la mise en page graphique et le logiciel, est prot\u00e9g\u00e9 par les lois sur les droits d&rsquo;auteur et les r\u00e9glementations sur la protection de la propri\u00e9t\u00e9 intellectuelle. Les images, les textes et les marques pr\u00e9sents sur ce site sont la propri\u00e9t\u00e9 de la Commune de Sogliano al Rubicone.<br \/>\nLa Commune de Sogliano al Rubicone autorise l&rsquo;utilisation des donn\u00e9es, photographies ou documents contenus dans ce site \u00e0 condition que : a) chaque copie contienne la mention \u00ab\u00a0Copyright VisitSoglianoalRubicone.it\u00a0\u00bb. b) aucun document ne soit modifi\u00e9 : toute alt\u00e9ration peut entra\u00eener de graves sanctions civiles et p\u00e9nales conform\u00e9ment \u00e0 la loi sur les droits d&rsquo;auteur. c) les donn\u00e9es contenues dans le site soient utilis\u00e9es uniquement \u00e0 des fins priv\u00e9es ou informatives, sans aucune intention commerciale ; les journalistes sont exclusivement autoris\u00e9s \u00e0 utiliser les informations et les repr\u00e9sentations photographiques \u00e0 des fins \u00e9ditoriales uniquement. Toute violation des conditions susmentionn\u00e9es autorisera le propri\u00e9taire du site \u00e0 intenter une action devant les tribunaux comp\u00e9tents pour prot\u00e9ger ses droits. <\/p>\n<p>[\/vc_column_text][\/vc_column_inner][\/vc_row_inner][vc_empty_space height=\u00a0\u00bb50px\u00a0\u00bb][\/vc_column][\/vc_row]<\/p>\n","protected":false},"excerpt":{"rendered":"<p>[vc_row full_width=\u00a0\u00bbstretch_row_content_no_spaces\u00a0\u00bb][vc_column][vc_single_image image=\u00a0\u00bb20487&Prime; img_size=\u00a0\u00bb1920 x 300&Prime; alignment=\u00a0\u00bbcenter\u00a0\u00bb el_class=\u00a0\u00bbinfotronik_banner_pagina\u00a0\u00bb][vc_empty_space height=\u00a0\u00bb20px\u00a0\u00bb][vc_row_inner][vc_column_inner][vc_column_text]Nous vous souhaitons la bienvenue sur VisitSoglianoalRubicone.it Vous trouverez ci-dessous les conditions d&rsquo;utilisation&#8230;<\/p>\n","protected":false},"author":1,"featured_media":20471,"parent":0,"menu_order":0,"comment_status":"closed","ping_status":"closed","template":"","meta":{"loftloader_page_shortcode":""},"_links":{"self":[{"href":"https:\/\/www.visitsoglianoalrubicone.it\/fr\/wp-json\/wp\/v2\/pages\/20469"}],"collection":[{"href":"https:\/\/www.visitsoglianoalrubicone.it\/fr\/wp-json\/wp\/v2\/pages"}],"about":[{"href":"https:\/\/www.visitsoglianoalrubicone.it\/fr\/wp-json\/wp\/v2\/types\/page"}],"author":[{"embeddable":true,"href":"https:\/\/www.visitsoglianoalrubicone.it\/fr\/wp-json\/wp\/v2\/users\/1"}],"replies":[{"embeddable":true,"href":"https:\/\/www.visitsoglianoalrubicone.it\/fr\/wp-json\/wp\/v2\/comments?post=20469"}],"version-history":[{"count":2,"href":"https:\/\/www.visitsoglianoalrubicone.it\/fr\/wp-json\/wp\/v2\/pages\/20469\/revisions"}],"predecessor-version":[{"id":20520,"href":"https:\/\/www.visitsoglianoalrubicone.it\/fr\/wp-json\/wp\/v2\/pages\/20469\/revisions\/20520"}],"wp:featuredmedia":[{"embeddable":true,"href":"https:\/\/www.visitsoglianoalrubicone.it\/fr\/wp-json\/wp\/v2\/media\/20471"}],"wp:attachment":[{"href":"https:\/\/www.visitsoglianoalrubicone.it\/fr\/wp-json\/wp\/v2\/media?parent=20469"}],"curies":[{"name":"wp","href":"https:\/\/api.w.org\/{rel}","templated":true}]}}