{"id":20486,"date":"2021-06-06T16:21:19","date_gmt":"2021-06-06T16:21:19","guid":{"rendered":"https:\/\/www.visitsoglianoalrubicone.it\/politique-en-matiere-de-cookies\/"},"modified":"2025-12-11T10:16:56","modified_gmt":"2025-12-11T10:16:56","slug":"politique-en-matiere-de-cookies","status":"publish","type":"page","link":"https:\/\/www.visitsoglianoalrubicone.it\/fr\/politique-en-matiere-de-cookies\/","title":{"rendered":"Politique en mati\u00e8re de cookies"},"content":{"rendered":"<p>[vc_row full_width=\u00a0\u00bbstretch_row_content_no_spaces\u00a0\u00bb][vc_column][vc_single_image image=\u00a0\u00bb20487&Prime; img_size=\u00a0\u00bb1920 x 300&Prime; alignment=\u00a0\u00bbcenter\u00a0\u00bb el_class=\u00a0\u00bbinfotronik_banner_pagina\u00a0\u00bb]\n\t\t\t<section class=\"do-normal-page-title-section\">\n\t\t\t\t<div class=\"container\">\n\t\t\t\t\t<div class=\"row uppercase\">\n\t\t\t\n\t\t\t\t\t\t<div class=\"do-page-title-wrapper\">\n\t\t\t\t\t\t\t<div class=\"do-default-page-title col-md-7 col-sm-7 col-xs-12\">\n\t\t\t\t\t\t\t\t<h2 info=13 class=\"infotronik_page_title_big\">Cookie Policy<\/h2>\n\t\t\t\t\t\t\t\t<p><\/p>\n\t\t\t\t\t\t\t<\/div>\n\t\t\t\n\t\t\t\t\t\t\t<div class=\"do-breadcumb\"><ul><\/ul><\/div>\n\t\t\t\t\t\t<\/div>\n\t\t\t\n\t\t\t\t\t<\/div>\n\t\t\t\t<\/div>\n\t\t\t<\/section>\n\t\t[vc_empty_space height=\u00a0\u00bb20px\u00a0\u00bb][vc_row_inner][vc_column_inner][vc_column_text]Bienvenue sur le portail web VisitSoglianoalRubicone.it<\/p>\n<p>Veuillez lire attentivement cette page.<\/p>\n<p>Cette politique, ainsi que la \u00ab <a href=\"https:\/\/www.visitsoglianoalrubicone.it\/fr\/politique-de-confidentialite\/\">Politique de confidentialit\u00e9<\/a> \u00bb et les \u00ab <a href=\"https:\/\/www.visitsoglianoalrubicone.it\/fr\/mentions-legales\/\">Termes juridiques<\/a> \u00bb, illustre certaines r\u00e8gles pour la gestion du portail web VisitSoglianoalRubicone.it, \u00e9galement en ce qui concerne l\u2019utilisation des informations utilisateur.<\/p>\n<p>En particulier, cette page explique quels types de cookies nous utilisons sur notre site web et comment nous les utilisons. En acceptant cette politique de cookies, vous consentez \u00e0 l\u2019utilisation des cookies conform\u00e9ment \u00e0 ce qui est d\u00e9crit sur cette page. Si vous d\u00e9cidez de ne pas l\u2019accepter, nous vous invitons \u00e0 configurer votre navigateur de mani\u00e8re appropri\u00e9e ou \u00e0 ne pas utiliser le portail web VisitSoglianoalRubicone.it. Veuillez noter que d\u00e9sactiver certains cookies peut affecter votre exp\u00e9rience de navigation.   <\/p>\n<p><strong>CE QUE SONT LES COOKIES<\/strong><\/p>\n<p>Un \u00ab\u00a0cookie\u00a0\u00bb est un petit fichier texte cr\u00e9\u00e9 par certains sites web sur l&rsquo;ordinateur de l&rsquo;utilisateur lorsque celui-ci acc\u00e8de \u00e0 un site particulier ou utilise certains services offerts par ce site. Il a pour but de stocker et de transporter des informations.<x id=\"gid_0\"><\/x>Les cookies sont envoy\u00e9s par un serveur web (qui est l&rsquo;ordinateur sur lequel fonctionne le site visit\u00e9) au navigateur de l&rsquo;utilisateur (Internet Explorer, Mozilla Firefox, Google Chrome, etc.) et stock\u00e9s sur l&rsquo;ordinateur de l&rsquo;utilisateur. En g\u00e9n\u00e9ral, les cookies peuvent avoir diff\u00e9rentes caract\u00e9ristiques qui permettent de les distinguer en fonction de la dur\u00e9e de leur pr\u00e9sence sur l&rsquo;appareil de l&rsquo;utilisateur et de leur origine.  <\/p>\n<p><strong><em>Dur\u00e9e du s\u00e9jour<\/em><\/strong><br \/>\n<em>Cookies temporaires ou de session<\/em><br \/>\nIls ne sont pas stock\u00e9s de fa\u00e7on persistante mais limit\u00e9s \u00e0 la dur\u00e9e de la session de navigation. Cela signifie qu\u2019ils sont supprim\u00e9s de l\u2019appareil de l\u2019utilisateur une fois que celui-ci a quitt\u00e9 le site web et ferm\u00e9 le navigateur.<br \/>\n<em>Cookies persistants<\/em><br \/>\nIls sont stock\u00e9s sur l\u2019appareil de l\u2019utilisateur jusqu\u2019\u00e0 ce qu\u2019ils soient effac\u00e9s ou jusqu\u2019\u00e0 leur date d\u2019expiration si cela est d\u00e9fini. Ils ne sont donc pas automatiquement supprim\u00e9s de l\u2019appareil de l\u2019utilisateur lorsqu\u2019il quitte le site. <\/p>\n<p><strong><em>Provenance<\/em><\/strong><br \/>\n<em>Cookies de premi\u00e8re partie<\/em><br \/>\nCe sont les cookies \u00e9mis par le site web visit\u00e9 \u00e0 ce moment-l\u00e0 ; le site correspond \u00e0 l\u2019adresse saisie par l\u2019utilisateur (site web affich\u00e9 dans la fen\u00eatre URL).<br \/>\n<em>Cookies tiers<\/em><br \/>\nCe sont des cookies \u00e9mis par un site autre que celui visit\u00e9 par l\u2019utilisateur.<br \/>\nSi vous souhaitez en savoir plus sur les cookies en g\u00e9n\u00e9ral, veuillez consulter la page <a href=\"http:\/\/www.allaboutcookies.org\" target=\"_blank\" rel=\"noopener\">www.allaboutcookies.org<\/a><\/p>\n<p><strong>\u00c0 QUOI ILS SERVENT<\/strong><br \/>\nEn g\u00e9n\u00e9ral, les cookies peuvent \u00eatre utilis\u00e9s pour diverses raisons, par exemple pour mesurer l\u2019utilisation du site par les visiteurs, am\u00e9liorer la navigation des pages, vous permettre de d\u00e9finir vos pr\u00e9f\u00e9rences personnelles sur les sites que vous visitez, prot\u00e9ger la s\u00e9curit\u00e9 de l\u2019utilisateur, pr\u00e9senter des messages publicitaires bas\u00e9s sur les int\u00e9r\u00eats des visiteurs.<\/p>\n<p><strong>QUELS TYPES DE COOKIES UTILISONS-NOUS<\/strong><br \/>\nLes cookies utilis\u00e9s par notre site peuvent \u00eatre class\u00e9s selon l\u2019objectif poursuivi comme d\u00e9crit ci-dessous :<br \/>\n<strong><em>Cookies strictement n\u00e9cessaires<\/em><\/strong><br \/>\nCes cookies sont essentiels pour que vous puissiez naviguer sur le site et utiliser certaines fonctionnalit\u00e9s. Sans ces cookies, certains services en ligne demand\u00e9s par l\u2019utilisateur (par exemple, l\u2019utilisation de coupons sp\u00e9cifiques et promotions) ne peuvent pas \u00eatre fournis. Avec ce type de cookie, nous ne collectons pas d\u2019informations personnelles aupr\u00e8s des utilisateurs et ne pouvons donc pas les identifier. Les cookies strictement n\u00e9cessaires peuvent \u00eatre de premi\u00e8re partie et persistants.<x id=\"gid_3\"><\/x>Il n\u2019est pas n\u00e9cessaire de donner un consentement pour les cookies strictement n\u00e9cessaires car ils sont indispensables au fonctionnement des services express\u00e9ment demand\u00e9s par l\u2019utilisateur.<x id=\"gid_4\"><\/x>Actuellement, le portail web diVisitSoglianoalRubicone.it utilise ce type de cookie.<br \/>\nCookies <strong><em>de performance<\/em><\/strong><br \/>\nCes cookies recueillent des informations anonymes sur la mani\u00e8re dont les utilisateurs interagissent avec nos sites, par exemple quelles pages sont les plus visit\u00e9es, le temps pass\u00e9 sur le site, les messages d\u2019erreur, etc. Les cookies de performance utilis\u00e9s dans le portail web VisitSoglianoalRubicone.it ne collectent que des informations agr\u00e9g\u00e9es et sous forme anonyme, et servent \u00e0 am\u00e9liorer le fonctionnement des sites et l\u2019exp\u00e9rience de navigation de l\u2019utilisateur. Les cookies de performance utilis\u00e9s via nos sites sont tiers, et persistants. Notre site utilise le service Google Analytics fourni par Google Inc. pour la gestion des sites. Google Analytics \u00e9met \u00e0 son tour des cookies, qui g\u00e9n\u00e8rent des informations sur l\u2019utilisation du site par l\u2019utilisateur. Pour plus d\u2019informations, veuillez consulter :<br \/>\n<a href=\"http:\/\/www.google.it\/analytics\/learn\/privacy.html\" target=\"_blank\" rel=\"noopener\"><br \/>\n http:\/\/www.google.it\/analytics\/learn\/privacy.htmlVous pouvez \u00e9galement, \u00e0 tout moment, refuser d\u2019accepter les cookies \u00e9mis par Google Analytics en d\u00e9sactivant leur utilisation par notre site, en installant l\u2019extension en vous connectant \u00e0 la page :<\/a><br \/>\n<a href=\"http:\/\/tools.google.com\/dlpage\/gaoptout?hl=it\" target=\"_blank\" rel=\"noopener\"><br \/>\n http:\/\/tools.google.com\/dlpage\/gaoptout?hl=itPour utiliser ces cookies, vous avez besoin de votre consentement. Sur chaque page de notre site, il y a un lien vers notre politique de cookies. En continuant \u00e0 utiliser le portail web VisitSoglianoalRubicone.it et ses fonctionnalit\u00e9s, vous nous autorisez \u00e0 placer des cookies de performance sur votre appareil de navigation.<\/a><a href=\"http:\/\/windows.microsoft.com\/en-us\/windows-vista\/block-or-allow-cookies\"><\/a>Pour savoir comment supprimer ou g\u00e9rer les cookies de performance, vous pouvez consulter la derni\u00e8re section de cette politique sur les cookies.<br \/>\n<strong><em>Cookies de fonctionnalit\u00e9<\/em><\/strong><br \/>\nCes cookies permettent au site de se souvenir des choix que vous faites (comme, par exemple, votre liste de souhaits, etc.) et de vous fournir les fonctionnalit\u00e9s personnalis\u00e9es que vous avez s\u00e9lectionn\u00e9es, afin d\u2019am\u00e9liorer votre exp\u00e9rience de navigation. Dans certains cas, ces cookies peuvent \u00e9galement \u00eatre utilis\u00e9s pour offrir des services en ligne (par exemple, un service de chat en direct) ou pour emp\u00eacher l\u2019utilisateur de recevoir des services qu\u2019il a d\u00e9j\u00e0 refus\u00e9s. Les cookies de fonctionnalit\u00e9 utilis\u00e9s via nos sites peuvent \u00eatre de premi\u00e8re partie ou de tiers, temporaires ou permanents.<a href=\"http:\/\/support.apple.com\/kb\/HT1677?viewlocale=it_IT\"><\/a>Compte tenu des pr\u00e9cautions adopt\u00e9es, votre consentement n\u2019est pas requis pour l\u2019utilisation de ces cookies ni pour le traitement des donn\u00e9es personnelles qui y sont li\u00e9es (article 122 du Code de la confidentialit\u00e9 et disposition du garant du 8 mai 2014).<br \/>\n<strong><em>Cookies promotionnels ou cibl\u00e9s<\/em><\/strong><br \/>\nCes cookies servent \u00e0 recueillir des informations sur les habitudes de navigation de l\u2019utilisateur afin de proposer des publicit\u00e9s pertinentes bas\u00e9es sur les pr\u00e9f\u00e9rences et centres d\u2019int\u00e9r\u00eat d\u00e9montr\u00e9s lors de la navigation. Ils servent \u00e9galement \u00e0 limiter le nombre de fois o\u00f9 une publicit\u00e9 est affich\u00e9e afin de rendre la communication plus efficace pour le promoteur et moins intrusive pour l\u2019utilisateur. Ces types de cookies peuvent \u00eatre de premi\u00e8re partie ou de tiers et sont permanents mais limit\u00e9s dans le temps car ils peuvent \u00eatre r\u00e9initialis\u00e9s (ciblage).<x id=\"gid_3\"><\/x>Pour utiliser ces cookies, vous avez besoin de votre consentement.<x id=\"gid_4\"><\/x>Actuellement, le portail web VisitSoglianoalRubicone.it utilise ce type de cookies tiers.<x id=\"gid_5\"><\/x>Pour en savoir plus sur la publicit\u00e9 comportementale et la confidentialit\u00e9 en ligne en g\u00e9n\u00e9ral, vous pouvez <g id=\"gid_6\">visiter http:\/\/www.youronlinechoices.com<\/g>  <\/p>\n<p>C<strong>OMMENT CONTR\u00d4LER ET SUPPRIMER LES COOKIES<\/strong> La plupart des navigateurs Internet sont initialement configur\u00e9s pour accepter automatiquement les cookies. L&rsquo;utilisateur a la possibilit\u00e9, \u00e0 tout moment, de configurer son navigateur pour qu&rsquo;il accepte tous les cookies, seulement certains, ou pour qu&rsquo;il les rejette, d\u00e9sactivant ainsi leur utilisation par les sites. Vous pouvez \u00e9galement configurer normalement vos pr\u00e9f\u00e9rences de navigateur pour \u00eatre inform\u00e9 \u00e0 chaque fois qu\u2019un cookie est stock\u00e9 dans la m\u00e9moire de votre ordinateur.<br \/>\n\u00c0 la fin de chaque session de navigation, l\u2019utilisateur peut supprimer les cookies collect\u00e9s sur son disque dur.<br \/>\nSi vous souhaitez supprimer les cookies install\u00e9s dans le dossier cookie du navigateur que vous utilisez, veuillez noter que chaque navigateur a des proc\u00e9dures diff\u00e9rentes pour g\u00e9rer les param\u00e8tres.<br \/>\nEn s\u00e9lectionnant les liens ci-dessous, vous pouvez obtenir des instructions sp\u00e9cifiques pour certains des principaux navigateurs.<\/p>\n<p>Microsoft Windows Explorer<br \/>\n<a href=\"http:\/\/windows.microsoft.com\/en-us\/windows-vista\/block-or-allow-cookies\" target=\"_blank\" rel=\"noopener\"><br \/>\n http:\/\/windows.microsoft.com\/en-us\/windows-vista\/block-or-allow-cookiesGoogle Chrome<\/a><br \/>\n<a href=\"https:\/\/support.google.com\/chrome\/bin\/answer.py?hl=en&amp;answer=95647&amp;p=cpn_cookies\" target=\"_blank\" rel=\"noopener\"><br \/>\n https:\/\/support.google.com\/chrome\/bin\/answer.py?hl=en&amp;answer=95647&amp;p=cpn_cookiesMozilla Firefox<\/a><br \/>\n<a href=\"http:\/\/support.mozilla.org\/en-US\/kb\/Enabling%20and%20disabling%20cookies\" target=\"_blank\" rel=\"noopener\"><br \/>\n http:\/\/support.mozilla.org\/en-US\/kb\/Enabling%20and%20disabling%20cookiesApple Safari<\/a><br \/>\n<a href=\"http:\/\/support.apple.com\/kb\/HT1677?viewlocale=it_IT\" target=\"_blank\" rel=\"noopener\">http:\/\/support.apple.com\/kb\/HT1677?viewlocale=it_IT<\/a><\/p>\n<p>Modifiez les param\u00e8tres de Coookie en cliquant <a href=\"https:\/\/www.visitsoglianoalrubicone.it\/fr\/politique-en-matiere-de-cookies\/#gdpr_cookie_modal\" target=\"_blank\" rel=\"noopener\">ici<\/a>![\/vc_column_text][vc_empty_space height=\u00a0\u00bb50px\u00a0\u00bb][\/vc_column_inner][\/vc_row_inner][\/vc_column][\/vc_row]<\/p>\n","protected":false},"excerpt":{"rendered":"<p>[vc_row full_width=\u00a0\u00bbstretch_row_content_no_spaces\u00a0\u00bb][vc_column][vc_single_image image=\u00a0\u00bb20487&Prime; img_size=\u00a0\u00bb1920 x 300&Prime; alignment=\u00a0\u00bbcenter\u00a0\u00bb el_class=\u00a0\u00bbinfotronik_banner_pagina\u00a0\u00bb][vc_empty_space height=\u00a0\u00bb20px\u00a0\u00bb][vc_row_inner][vc_column_inner][vc_column_text]Bienvenue sur le portail web VisitSoglianoalRubicone.it Veuillez lire attentivement cette page. Cette politique,&#8230;<\/p>\n","protected":false},"author":1,"featured_media":20471,"parent":0,"menu_order":0,"comment_status":"closed","ping_status":"closed","template":"","meta":{"loftloader_page_shortcode":""},"_links":{"self":[{"href":"https:\/\/www.visitsoglianoalrubicone.it\/fr\/wp-json\/wp\/v2\/pages\/20486"}],"collection":[{"href":"https:\/\/www.visitsoglianoalrubicone.it\/fr\/wp-json\/wp\/v2\/pages"}],"about":[{"href":"https:\/\/www.visitsoglianoalrubicone.it\/fr\/wp-json\/wp\/v2\/types\/page"}],"author":[{"embeddable":true,"href":"https:\/\/www.visitsoglianoalrubicone.it\/fr\/wp-json\/wp\/v2\/users\/1"}],"replies":[{"embeddable":true,"href":"https:\/\/www.visitsoglianoalrubicone.it\/fr\/wp-json\/wp\/v2\/comments?post=20486"}],"version-history":[{"count":5,"href":"https:\/\/www.visitsoglianoalrubicone.it\/fr\/wp-json\/wp\/v2\/pages\/20486\/revisions"}],"predecessor-version":[{"id":32097,"href":"https:\/\/www.visitsoglianoalrubicone.it\/fr\/wp-json\/wp\/v2\/pages\/20486\/revisions\/32097"}],"wp:featuredmedia":[{"embeddable":true,"href":"https:\/\/www.visitsoglianoalrubicone.it\/fr\/wp-json\/wp\/v2\/media\/20471"}],"wp:attachment":[{"href":"https:\/\/www.visitsoglianoalrubicone.it\/fr\/wp-json\/wp\/v2\/media?parent=20486"}],"curies":[{"name":"wp","href":"https:\/\/api.w.org\/{rel}","templated":true}]}}