{"id":20550,"date":"2021-05-24T16:56:11","date_gmt":"2021-05-24T16:56:11","guid":{"rendered":"https:\/\/www.visitsoglianoalrubicone.it\/a-propos-de-nous\/"},"modified":"2025-12-11T10:18:38","modified_gmt":"2025-12-11T10:18:38","slug":"a-propos-de-nous","status":"publish","type":"page","link":"https:\/\/www.visitsoglianoalrubicone.it\/fr\/a-propos-de-nous\/","title":{"rendered":"A propos de nous"},"content":{"rendered":"<p>[vc_row full_width=\u00a0\u00bbstretch_row_content_no_spaces\u00a0\u00bb][vc_column][vc_single_image image=\u00a0\u00bb20555&Prime; img_size=\u00a0\u00bb1920 x 450&Prime; alignment=\u00a0\u00bbcenter\u00a0\u00bb el_class=\u00a0\u00bbinfotronik_banner_pagina\u00a0\u00bb]\n\t\t\t<section class=\"do-normal-page-title-section\">\n\t\t\t\t<div class=\"container\">\n\t\t\t\t\t<div class=\"row uppercase\">\n\t\t\t\n\t\t\t\t\t\t<div class=\"do-page-title-wrapper\">\n\t\t\t\t\t\t\t<div class=\"do-default-page-title col-md-7 col-sm-7 col-xs-12\">\n\t\t\t\t\t\t\t\t<h2 info=9 class=\"infotronik_page_title_big\">Chi Siamo<\/h2>\n\t\t\t\t\t\t\t\t<p><\/p>\n\t\t\t\t\t\t\t<\/div>\n\t\t\t\n\t\t\t\t\t\t\t<div class=\"do-breadcumb\"><ul><\/ul><\/div>\n\t\t\t\t\t\t<\/div>\n\t\t\t\n\t\t\t\t\t<\/div>\n\t\t\t\t<\/div>\n\t\t\t<\/section>\n\t\t[vc_empty_space height=\u00a0\u00bb20px\u00a0\u00bb][vc_row_inner][vc_column_inner][vc_column_text]V<strong>isitsoglianoalrubicone.<\/strong> it est le site officiel d&rsquo;information touristique de la Commune de Sogliano al Rubicone, dont les contenus sont \u00e9dit\u00e9s par la Commune de Sogliano al Rubicone, Espace Services aux Personnes et D\u00e9veloppement \u00c9conomique, Office du Tourisme et de la Culture, en collaboration avec les soci\u00e9t\u00e9s Cooperativa \u00ab\u00a0La Finestra\u00a0\u00bb, Akamai et GrooveUp, cette derni\u00e8re \u00e9tant sp\u00e9cialis\u00e9e dans la promotion.<\/p>\n<p>Visitsoglianoalrubicone.it remplit une fonction d&rsquo;information sur le territoire de Sogliano al Rubicone et en favorise la promotion. Le site, tant dans sa partie informative que dans sa partie informative, respecte les principes de l&rsquo;article 97 de la Constitution et de l&rsquo;article 1 de la loi 241\/2001, \u00e0 savoir l&rsquo;impartialit\u00e9 et la transparence.<\/p>\n<p>[\/vc_column_text][vc_single_image image=\u00a0\u00bb20558&Prime; img_size=\u00a0\u00bbmedium\u00a0\u00bb alignment=\u00a0\u00bbcenter\u00a0\u00bb][vc_column_text]<strong>Cr\u00e9dits<\/strong><br \/>\nProjet de l\u2019administration municipale de Sogliano al Rubicone.<\/p>\n<p><em><strong>Responsable:<br \/>\n<\/strong><\/em>&#8211; Elena Lanzoni &#8211; Responsable du secteur des services personnels et du d\u00e9veloppement \u00e9conomique<\/p>\n<p><em><strong>R\u00e9f\u00e9rences:<br \/>\n<\/strong><\/em>&#8211; Morvan Bruschi &#8211; Bureau du tourisme et de la culture de la municipalit\u00e9 de Sogliano al Rubicone<br \/>\n &#8211; Irene Marini (Akamai)<br \/>\n &#8211; Leonardo Cola (GrooveUp)<\/p>\n<p><em><strong>R\u00e9daction et d\u00e9veloppement ex\u00e9cutif du projet :<br \/>\n<\/strong><\/em>&#8211; Irene Marini (Akamai)<br \/>\n &#8211; Leonardo Cola (GrooveUp)<\/p>\n<p><strong><em>Logiciel:<\/em><\/strong><br \/>\n&#8211; Mattia Ricci &#8211; (Infotronik)<\/p>\n<p><strong><em>Graphique:<\/em><\/strong><br \/>\n&#8211; Stefano Capuano (Six Studio)<\/p>\n<p><strong><em>Soutien logistique :<br \/>\n<\/em><\/strong>&#8211; Alessandra Semprini (Cooperativa La Finestra)<\/p>\n<p><strong><em>Soutien historique :<br \/>\n<\/em><\/strong>&#8211; Loretta Roche<br \/>\n&#8211; Stefano Pruni<br \/>\n&#8211; Angelo Sartini<br \/>\n&#8211; Morvan Bruschi<br \/>\n&#8211; Silvano Brandinelli<\/p>\n<p><strong><em>Photographies:<\/em><\/strong><br \/>\n&#8211; Association photographique sojanaise<br \/>\n &#8211; Archives photographiques de la municipalit\u00e9 de Sogliano al Rubicone<br \/>\n &#8211; Irene Marini<br \/>\n &#8211; Leonardo Cola<br \/>\n &#8211; Certaines photos proviennent <a href=\"https:\/\/unsplash.com\/\" target=\"_blank\" rel=\"noopener\">de https:\/\/unsplash.com\/ <\/a> <\/p>\n<p><strong><em>Traductions: <\/em><\/strong>Automatique via le module Google Language Translator, d\u00e9velopp\u00e9 par Google LLC<\/p>\n<p><em><strong>Textes:<\/strong> <\/em>Les textes des fiches d\u2019information du site ont \u00e9t\u00e9 pr\u00e9par\u00e9s par l\u2019\u00e9quipe \u00e9ditoriale du site ainsi que par divers auteurs et individus qui les ont mis \u00e0 disposition. L\u2019omission de devis de cr\u00e9dit pour les textos ou les photos est involontaire. Les auteurs non cit\u00e9s peuvent nous contacter \u00e0 <a href=\"mailto:info@visitsoglianoalrubicone.it\">info@visitsoglianoalrubicone.it<\/a> pour demander leur inclusion. Les images et les mat\u00e9riaux publi\u00e9s sur le site peuvent \u00eatre prot\u00e9g\u00e9s par le droit d\u2019auteur, il est interdit de les reproduire sans autorisation.[\/vc_column_text][vc_empty_space height=\u00a0\u00bb50px\u00a0\u00bb][\/vc_column_inner][\/vc_row_inner][\/vc_column][\/vc_row]<\/p>\n","protected":false},"excerpt":{"rendered":"<p>[vc_row full_width=\u00a0\u00bbstretch_row_content_no_spaces\u00a0\u00bb][vc_column][vc_single_image image=\u00a0\u00bb20555&Prime; img_size=\u00a0\u00bb1920 x 450&Prime; alignment=\u00a0\u00bbcenter\u00a0\u00bb el_class=\u00a0\u00bbinfotronik_banner_pagina\u00a0\u00bb][vc_empty_space height=\u00a0\u00bb20px\u00a0\u00bb][vc_row_inner][vc_column_inner][vc_column_text]Visitsoglianoalrubicone. it est le site officiel d&rsquo;information touristique de la Commune de Sogliano&#8230;<\/p>\n","protected":false},"author":1,"featured_media":20557,"parent":0,"menu_order":0,"comment_status":"closed","ping_status":"closed","template":"","meta":{"loftloader_page_shortcode":""},"_links":{"self":[{"href":"https:\/\/www.visitsoglianoalrubicone.it\/fr\/wp-json\/wp\/v2\/pages\/20550"}],"collection":[{"href":"https:\/\/www.visitsoglianoalrubicone.it\/fr\/wp-json\/wp\/v2\/pages"}],"about":[{"href":"https:\/\/www.visitsoglianoalrubicone.it\/fr\/wp-json\/wp\/v2\/types\/page"}],"author":[{"embeddable":true,"href":"https:\/\/www.visitsoglianoalrubicone.it\/fr\/wp-json\/wp\/v2\/users\/1"}],"replies":[{"embeddable":true,"href":"https:\/\/www.visitsoglianoalrubicone.it\/fr\/wp-json\/wp\/v2\/comments?post=20550"}],"version-history":[{"count":4,"href":"https:\/\/www.visitsoglianoalrubicone.it\/fr\/wp-json\/wp\/v2\/pages\/20550\/revisions"}],"predecessor-version":[{"id":32276,"href":"https:\/\/www.visitsoglianoalrubicone.it\/fr\/wp-json\/wp\/v2\/pages\/20550\/revisions\/32276"}],"wp:featuredmedia":[{"embeddable":true,"href":"https:\/\/www.visitsoglianoalrubicone.it\/fr\/wp-json\/wp\/v2\/media\/20557"}],"wp:attachment":[{"href":"https:\/\/www.visitsoglianoalrubicone.it\/fr\/wp-json\/wp\/v2\/media?parent=20550"}],"curies":[{"name":"wp","href":"https:\/\/api.w.org\/{rel}","templated":true}]}}