{"id":20622,"date":"2021-05-24T16:56:11","date_gmt":"2021-05-24T16:56:11","guid":{"rendered":"https:\/\/www.visitsoglianoalrubicone.it\/ou-nous-sommes-contact\/"},"modified":"2025-12-11T10:18:05","modified_gmt":"2025-12-11T10:18:05","slug":"ou-nous-sommes-contact","status":"publish","type":"page","link":"https:\/\/www.visitsoglianoalrubicone.it\/fr\/ou-nous-sommes-contact\/","title":{"rendered":"O\u00f9 nous sommes &#8211; Contact"},"content":{"rendered":"<p>[vc_row full_width=\u00a0\u00bbstretch_row_content_no_spaces\u00a0\u00bb][vc_column][vc_single_image image=\u00a0\u00bb20623&Prime; img_size=\u00a0\u00bb1920 x 450&Prime; alignment=\u00a0\u00bbcenter\u00a0\u00bb el_class=\u00a0\u00bbinfotronik_banner_pagina\u00a0\u00bb]\n\t\t\t<section class=\"do-normal-page-title-section\">\n\t\t\t\t<div class=\"container\">\n\t\t\t\t\t<div class=\"row uppercase\">\n\t\t\t\n\t\t\t\t\t\t<div class=\"do-page-title-wrapper\">\n\t\t\t\t\t\t\t<div class=\"do-default-page-title col-md-7 col-sm-7 col-xs-12\">\n\t\t\t\t\t\t\t\t<h2 info=21 class=\"infotronik_page_title_big\">Dove Siamo - Contatti<\/h2>\n\t\t\t\t\t\t\t\t<p><\/p>\n\t\t\t\t\t\t\t<\/div>\n\t\t\t\n\t\t\t\t\t\t\t<div class=\"do-breadcumb\"><ul><\/ul><\/div>\n\t\t\t\t\t\t<\/div>\n\t\t\t\n\t\t\t\t\t<\/div>\n\t\t\t\t<\/div>\n\t\t\t<\/section>\n\t\t[vc_empty_space height=\u00a0\u00bb50px\u00a0\u00bb][vc_row_inner][vc_column_inner width=\u00a0\u00bb1\/2&Prime;][vc_text_separator title=\u00a0\u00bbHEURES D&apos;OUVERTURE\u00a0\u00bb color=\u00a0\u00bbcustom\u00a0\u00bb accent_color=\u00a0\u00bb#fc7f0c\u00a0\u00bb][vc_empty_space height=\u00a0\u00bb20px\u00a0\u00bb]\n\t\t<div class=\"do-icon-with-text-style1 appear fadeIn\" data-wow-duration=\"1s\" data-wow-delay=\"0.3s\">\n\t\t    <div class=\"do-icon-wrapper\">\n\t\t        <i class=\"fa fa-clock-o\"><\/i>\n\t\t    <\/div>\n\t\t    <p>Lun, Merc, Gio, Ven: 9:00 &#8211; 13.00<\/p>\n\n\t\t<\/div>\n\t\n\t\t<div class=\"do-icon-with-text-style1 appear fadeIn\" data-wow-duration=\"1s\" data-wow-delay=\"0.3s\">\n\t\t    <div class=\"do-icon-wrapper\">\n\t\t        <i class=\"ti-volume\"><\/i>\n\t\t    <\/div>\n\t\t    <p>TOTEM Turistico interattivo sempre accessibile fronte ufficio.<\/p>\n\n\t\t<\/div>\n\t[vc_text_separator title=\u00a0\u00bb\u00a0\u00bb color=\u00a0\u00bbcustom\u00a0\u00bb accent_color=\u00a0\u00bb#fc7f0c\u00a0\u00bb]\n\t\t<div class=\"do-icon-with-text-style1 appear fadeIn\" data-wow-duration=\"1s\" data-wow-delay=\"0.3s\">\n\t\t    <div class=\"do-icon-wrapper\">\n\t\t        <i class=\"fa fa-map-marker\"><\/i>\n\t\t    <\/div>\n\t\t    <p>Piazza della Repubblica 31 , 47030 Sogliano al Rubicone<\/p>\n\n\t\t<\/div>\n\t\n\t\t<div class=\"do-icon-with-text-style1 appear fadeIn\" data-wow-duration=\"1s\" data-wow-delay=\"0.3s\">\n\t\t    <div class=\"do-icon-wrapper\">\n\t\t        <i class=\"fa fa-phone\"><\/i>\n\t\t    <\/div>\n\t\t    <p><a href=\"tel:390541817340\">+39 0541 817 340<\/a><\/p>\n\n\t\t<\/div>\n\t\n\t\t<div class=\"do-icon-with-text-style1 appear fadeIn\" data-wow-duration=\"1s\" data-wow-delay=\"0.3s\">\n\t\t    <div class=\"do-icon-wrapper\">\n\t\t        <i class=\"fa fa-envelope\"><\/i>\n\t\t    <\/div>\n\t\t    <p><a href=\"mailto:ufficioturistico@comune.sogliano.fc.it\">ufficioturistico@comune.sogliano.fc.it<\/a><\/p>\n\n\t\t<\/div>\n\t\n\t\t<div class=\"do-icon-with-text-style1 appear fadeIn\" data-wow-duration=\"1s\" data-wow-delay=\"0.3s\">\n\t\t    <div class=\"do-icon-wrapper\">\n\t\t        <i class=\"ti-facebook\"><\/i>\n\t\t    <\/div>\n\t\t    <p><a href=\"https:\/\/www.facebook.com\/visitsoglianoalrubicone\/\">@visitsoglianoalrubicone<\/a><\/p>\n\n\t\t<\/div>\n\t\n\t\t<div class=\"do-icon-with-text-style1 appear fadeIn\" data-wow-duration=\"1s\" data-wow-delay=\"0.3s\">\n\t\t    <div class=\"do-icon-wrapper\">\n\t\t        <i class=\"ti-instagram\"><\/i>\n\t\t    <\/div>\n\t\t    <p><a href=\"https:\/\/www.instagram.com\/visitsoglianoalrubicone.it\/\">@visitsoglianoalrubicone.it<\/a><\/p>\n\n\t\t<\/div>\n\t\n\t\t<div class=\"do-icon-with-text-style1 appear fadeIn\" data-wow-duration=\"1s\" data-wow-delay=\"0.3s\">\n\t\t    <div class=\"do-icon-wrapper\">\n\t\t        <i class=\"ti-youtube\"><\/i>\n\t\t    <\/div>\n\t\t    <p><a href=\"https:\/\/www.youtube.com\/channel\/UCBEVW-isE07wxvpS4lVhWNQ\">@visitsoglianoalrubicone8208<\/a><\/p>\n\n\t\t<\/div>\n\t[\/vc_column_inner][vc_column_inner width=\u00a0\u00bb1\/2&Prime;][vc_gmaps link=\u00a0\u00bb#E-8_JTNDaWZyYW1lJTIwc3JjJTNEJTIyaHR0cHMlM0ElMkYlMkZ3d3cuZ29vZ2xlLmNvbSUyRm1hcHMlMkZlbWJlZCUzRnBiJTNEJTIxMW0xOCUyMTFtMTIlMjExbTMlMjExZDIxMjIuNDU0NDQ4ODU1MDYlMjEyZDEyLjI5ODY1MzMxNDc3NjMlMjEzZDQ0LjAwNDkxMDU3OTExMDg0JTIxMm0zJTIxMWYwJTIxMmYwJTIxM2YwJTIxM20yJTIxMWkxMDI0JTIxMmk3NjglMjE0ZjEzLjElMjEzbTMlMjExbTIlMjExczB4MTMyYzk3MDMwYTUwZjlkNyUyNTNBMHg4NWZhYTgzYWJkNzY5OGYwJTIxMnNVZmZpY2lvJTI1MjBUdXJpc3RpY28lMjUyMFNvZ2xpYW5vJTI1MjBhbCUyNTIwUnViaWNvbmUlMjE1ZTElMjEzbTIlMjExc2l0JTIxMnNpdCUyMTR2MTYyNjM4Mjg4ODM3OSUyMTVtMiUyMTFzaXQlMjEyc2l0JTIyJTIwd2lkdGglM0QlMjI2MDAlMjIlMjBoZWlnaHQlM0QlMjI0NTAlMjIlMjBzdHlsZSUzRCUyMmJvcmRlciUzQTAlM0IlMjIlMjBhbGxvd2Z1bGxzY3JlZW4lM0QlMjIlMjIlMjBsb2FkaW5nJTNEJTIybGF6eSUyMiUzRSUzQyUyRmlmcmFtZSUzRQ==\u00a0\u00bb][\/vc_column_inner][\/vc_row_inner][vc_row_inner el_id=\u00a0\u00bbinfotronik_contenitore_form_contatto\u00a0\u00bb][vc_column_inner][vc_empty_space height=\u00a0\u00bb50px\u00a0\u00bb][vc_text_separator title=\u00a0\u00bbINFORMATIONS ET R\u00c9FLEXIONS\u00a0\u00bb color=\u00a0\u00bbcustom\u00a0\u00bb accent_color=\u00a0\u00bb#fc7f0c\u00a0\u00bb][vc_empty_space height=\u00a0\u00bb50px\u00a0\u00bb][vc_column_text]<div role=\"form\" class=\"wpcf7\" id=\"wpcf7-f24750-o1\" lang=\"fr-FR\" dir=\"ltr\">\n<div class=\"screen-reader-response\"><p role=\"status\" aria-live=\"polite\" aria-atomic=\"true\"><\/p> <ul><\/ul><\/div>\n<form action=\"\/fr\/wp-json\/wp\/v2\/pages\/20622#wpcf7-f24750-o1\" method=\"post\" class=\"wpcf7-form init\" novalidate=\"novalidate\" data-status=\"init\">\n<div style=\"display: none;\">\n<input type=\"hidden\" name=\"_wpcf7\" value=\"24750\" \/>\n<input type=\"hidden\" name=\"_wpcf7_version\" value=\"5.6.4\" \/>\n<input type=\"hidden\" name=\"_wpcf7_locale\" value=\"fr_FR\" \/>\n<input type=\"hidden\" name=\"_wpcf7_unit_tag\" value=\"wpcf7-f24750-o1\" \/>\n<input type=\"hidden\" name=\"_wpcf7_container_post\" value=\"0\" \/>\n<input type=\"hidden\" name=\"_wpcf7_posted_data_hash\" value=\"\" \/>\n<\/div>\n<p><span class=\"wpcf7-form-control-wrap\" data-name=\"Placeholder\"><input type=\"text\" name=\"Placeholder\" value=\"Nom et Nom\" size=\"40\" class=\"wpcf7-form-control wpcf7-text wpcf7-validates-as-required\" aria-required=\"true\" aria-invalid=\"false\" \/><\/span> de famille[wpmlcf7-2-email* your-email, placeholder]<span class=\"wpcf7-form-control-wrap\" data-name=\"your-subject\"><input type=\"text\" name=\"your-subject\" value=\"\" size=\"40\" class=\"wpcf7-form-control wpcf7-text\" aria-invalid=\"false\" placeholder=\"Adresse email\" \/><\/span><span class=\"wpcf7-form-control-wrap\" data-name=\"your-message\"><textarea name=\"your-message\" cols=\"40\" rows=\"10\" class=\"wpcf7-form-control wpcf7-textarea\" aria-invalid=\"false\" placeholder=\"Texte du message\"><\/textarea><\/span><input type=\"submit\" value=\"Envoyer\" class=\"wpcf7-form-control has-spinner wpcf7-submit\" \/>[\/wpmlcf7-2-email]<\/p>\n<div class=\"wpcf7-response-output\" aria-hidden=\"true\"><\/div><\/form><\/div>[\/vc_column_text][\/vc_column_inner][\/vc_row_inner][\/vc_column][\/vc_row][vc_row][vc_column][vc_text_separator title=\u00a0\u00bbRAPPORTS\u00a0\u00bb color=\u00a0\u00bbcustom\u00a0\u00bb accent_color=\u00a0\u00bb#fc7f0c\u00a0\u00bb][vc_empty_space height=\u00a0\u00bb50px\u00a0\u00bb][vc_column_text]Ce formulaire a \u00e9t\u00e9 cr\u00e9\u00e9 pour vous permettre de signaler notre r\u00e9seau de sentiers en cas d\u2019obstacles possibles (par exemple, arbres tomb\u00e9s, d\u00e9chets, etc.) ou d\u2019interruptions le long des parcours.<br \/>\nIl est important d\u2019\u00eatre aussi pr\u00e9cis que possible (y compris en envoyant la position et les latitudes de l\u2019obstacle avec des photos et une description) afin de pouvoir intervenir rapidement.<br \/>\nMerci pour votre coop\u00e9ration.[\/vc_column_text][vc_empty_space height=\u00a0\u00bb20px\u00a0\u00bb][vc_column_text]<div role=\"form\" class=\"wpcf7\" id=\"wpcf7-f25485-o2\" lang=\"fr-FR\" dir=\"ltr\">\n<div class=\"screen-reader-response\"><p role=\"status\" aria-live=\"polite\" aria-atomic=\"true\"><\/p> <ul><\/ul><\/div>\n<form action=\"\/fr\/wp-json\/wp\/v2\/pages\/20622#wpcf7-f25485-o2\" method=\"post\" class=\"wpcf7-form init\" enctype=\"multipart\/form-data\" novalidate=\"novalidate\" data-status=\"init\">\n<div style=\"display: none;\">\n<input type=\"hidden\" name=\"_wpcf7\" value=\"25485\" \/>\n<input type=\"hidden\" name=\"_wpcf7_version\" value=\"5.6.4\" \/>\n<input type=\"hidden\" name=\"_wpcf7_locale\" value=\"fr_FR\" \/>\n<input type=\"hidden\" name=\"_wpcf7_unit_tag\" value=\"wpcf7-f25485-o2\" \/>\n<input type=\"hidden\" name=\"_wpcf7_container_post\" value=\"0\" \/>\n<input type=\"hidden\" name=\"_wpcf7_posted_data_hash\" value=\"\" \/>\n<\/div>\n<p><span class=\"wpcf7-form-control-wrap\" data-name=\"Placeholder\"><input type=\"text\" name=\"Placeholder\" value=\"Nom et Nom de famille\" size=\"40\" class=\"wpcf7-form-control wpcf7-text wpcf7-validates-as-required\" aria-required=\"true\" aria-invalid=\"false\" \/><\/span><br \/>\n<span class=\"wpcf7-form-control-wrap\" data-name=\"Votre\"><input type=\"email\" name=\"Votre\" value=\"\" size=\"40\" class=\"wpcf7-form-control wpcf7-text wpcf7-email wpcf7-validates-as-required wpcf7-validates-as-email\" aria-required=\"true\" aria-invalid=\"false\" placeholder=\"Adresse courriel\" \/><\/span><br \/>\n<span class=\"wpcf7-form-control-wrap\" data-name=\"text-latitudine\"><input type=\"text\" name=\"text-latitudine\" value=\"\" size=\"40\" class=\"wpcf7-form-control wpcf7-text\" id=\"text-latitudine\" aria-invalid=\"false\" placeholder=\"Latitude\" \/><\/span><br \/>\n<span class=\"wpcf7-form-control-wrap\" data-name=\"text-longitudine\"><input type=\"text\" name=\"text-longitudine\" value=\"\" size=\"40\" class=\"wpcf7-form-control wpcf7-text\" id=\"text-longitudine\" aria-invalid=\"false\" placeholder=\"Longitude\" \/><\/span><br \/>\n<span class=\"wpcf7-form-control-wrap\" data-name=\"your-subject\"><input type=\"text\" name=\"your-subject\" value=\"\" size=\"40\" class=\"wpcf7-form-control wpcf7-text\" aria-invalid=\"false\" placeholder=\"Objet\" \/><\/span><br \/>\n<span class=\"wpcf7-form-control-wrap\" data-name=\"your-message\"><textarea name=\"your-message\" cols=\"40\" rows=\"10\" class=\"wpcf7-form-control wpcf7-textarea\" aria-invalid=\"false\" placeholder=\"Texte du message\"><\/textarea><\/span><br \/>\n<span class=\"wpcf7-form-control-wrap\" data-name=\"your-file\"><input type=\"file\" name=\"your-file\" size=\"40\" class=\"wpcf7-form-control wpcf7-file wpcf7-validates-as-required\" accept=\"audio\/*,video\/*,image\/*\" aria-required=\"true\" aria-invalid=\"false\" \/><\/span><br \/>\n<input type=\"submit\" value=\"Envoyer\" class=\"wpcf7-form-control has-spinner wpcf7-submit\" \/><\/p>\n<div class=\"wpcf7-response-output\" aria-hidden=\"true\"><\/div><\/form><\/div>[\/vc_column_text][vc_empty_space height=\u00a0\u00bb50px\u00a0\u00bb][vc_raw_js]JTNDc2NyaXB0JTNFJTBBJTA5alF1ZXJ5JTI4ZG9jdW1lbnQlMjkucmVhZHklMjhmdW5jdGlvbiUyOCUyOSUyMCU3QiUwQSUyMCUyMCUyMCUyMGlmJTIwJTI4bmF2aWdhdG9yLmdlb2xvY2F0aW9uJTI5JTIwJTdCJTBBJTIwJTIwJTIwJTIwJTIwJTIwJTIwJTIwbmF2aWdhdG9yLmdlb2xvY2F0aW9uLmdldEN1cnJlbnRQb3NpdGlvbiUyOGZ1bmN0aW9uJTI4cG9zaXRpb24lMjklMjAlN0IlMEElMjAlMjAlMjAlMjAlMjAlMjAlMjAlMjAlMjAlMjAlMjAlMjB2YXIlMjBsYXQlMjAlM0QlMjBwb3NpdGlvbi5jb29yZHMubGF0aXR1ZGUlM0IlMEElMjAlMjAlMjAlMjAlMjAlMjAlMjAlMjAlMjAlMjAlMjAlMjB2YXIlMjBsb24lMjAlM0QlMjBwb3NpdGlvbi5jb29yZHMubG9uZ2l0dWRlJTNCJTBBJTIwJTIwJTIwJTIwJTIwJTIwJTIwJTIwJTIwJTIwJTIwJTIwJTJGJTJGY29uc29sZS5sb2clMjglMjJMYXRpdHVkaW5lJTNBJTIwJTIyJTIwJTJCJTIwbGF0JTIwJTJCJTIwJTIyJTJDJTIwTG9uZ2l0dWRpbmUlM0ElMjAlMjIlMjAlMkIlMjBsb24lMjklM0IlMEFqUXVlcnklMjglMjIlMjN0ZXh0LWxhdGl0dWRpbmUlMjIlMjkudmFsJTI4bGF0JTI5JTNCJTBBalF1ZXJ5JTI4JTIyJTIzdGV4dC1sb25naXR1ZGluZSUyMiUyOS52YWwlMjhsb24lMjklM0IlMEFqUXVlcnklMjglMjIlMjN0ZXh0LWxhdGl0dWRpbmUlMjIlMjkuYXR0ciUyOCUyMnJlYWRvbmx5JTIyJTJDJTIwdHJ1ZSUyOSUzQiUwQWpRdWVyeSUyOCUyMiUyM3RleHQtbG9uZ2l0dWRpbmUlMjIlMjkuYXR0ciUyOCUyMnJlYWRvbmx5JTIyJTJDJTIwdHJ1ZSUyOSUzQiUwQSUyMCUyMCUyMCUyMCUyMCUyMCUyMCUyMCU3RCUyQyUyMGZ1bmN0aW9uJTI4ZXJyb3IlMjklMjAlN0IlMEElMjAlMjAlMjAlMjAlMjAlMjAlMjAlMjAlMjAlMjAlMjAlMjAlMkYlMkZjb25zb2xlLmxvZyUyOCUyMkVycm9yZSUyMG5lbGxhJTIwZ2VvbG9jYWxpenphemlvbmUlM0ElMjAlMjIlMjAlMkIlMjBlcnJvci5tZXNzYWdlJTI5JTNCJTBBalF1ZXJ5JTI4JTIyJTIzdGV4dC1sYXRpdHVkaW5lJTIyJTI5LnJlbW92ZUF0dHIlMjglMjJyZWFkb25seSUyMiUyOSUzQiUwQWpRdWVyeSUyOCUyMiUyM3RleHQtbG9uZ2l0dWRpbmUlMjIlMjkucmVtb3ZlQXR0ciUyOCUyMnJlYWRvbmx5JTIyJTI5JTNCJTBBJTIwJTIwJTIwJTIwJTIwJTIwJTIwJTIwJTdEJTI5JTNCJTBBJTIwJTIwJTIwJTIwJTdEJTIwZWxzZSUyMCU3QiUwQSUyMCUyMCUyMCUyMCUyMCUyMCUyMCUyMGpRdWVyeSUyOCUyMiUyM3RleHQtbGF0aXR1ZGluZSUyMiUyOS5yZW1vdmVBdHRyJTI4JTIycmVhZG9ubHklMjIlMjklM0IlMEFqUXVlcnklMjglMjIlMjN0ZXh0LWxvbmdpdHVkaW5lJTIyJTI5LnJlbW92ZUF0dHIlMjglMjJyZWFkb25seSUyMiUyOSUzQiUwQSUyMCUyMCUyMCUyMCU3RCUwQSU3RCUyOSUzQiUwQSUwQSUzQyUyRnNjcmlwdCUzRQ==[\/vc_raw_js][\/vc_column][\/vc_row]<\/p>\n","protected":false},"excerpt":{"rendered":"<p>[vc_row full_width=\u00a0\u00bbstretch_row_content_no_spaces\u00a0\u00bb][vc_column][vc_single_image image=\u00a0\u00bb20623&Prime; img_size=\u00a0\u00bb1920 x 450&Prime; alignment=\u00a0\u00bbcenter\u00a0\u00bb el_class=\u00a0\u00bbinfotronik_banner_pagina\u00a0\u00bb][vc_empty_space height=\u00a0\u00bb50px\u00a0\u00bb][vc_row_inner][vc_column_inner width=\u00a0\u00bb1\/2&Prime;][vc_text_separator title=\u00a0\u00bbHEURES D&apos;OUVERTURE\u00a0\u00bb color=\u00a0\u00bbcustom\u00a0\u00bb accent_color=\u00a0\u00bb#fc7f0c\u00a0\u00bb][vc_empty_space height=\u00a0\u00bb20px\u00a0\u00bb][vc_text_separator title=\u00a0\u00bb\u00a0\u00bb color=\u00a0\u00bbcustom\u00a0\u00bb accent_color=\u00a0\u00bb#fc7f0c\u00a0\u00bb][\/vc_column_inner][vc_column_inner width=\u00a0\u00bb1\/2&Prime;][vc_gmaps link=\u00a0\u00bb#E-8_JTNDaWZyYW1lJTIwc3JjJTNEJTIyaHR0cHMlM0ElMkYlMkZ3d3cuZ29vZ2xlLmNvbSUyRm1hcHMlMkZlbWJlZCUzRnBiJTNEJTIxMW0xOCUyMTFtMTIlMjExbTMlMjExZDIxMjIuNDU0NDQ4ODU1MDYlMjEyZDEyLjI5ODY1MzMxNDc3NjMlMjEzZDQ0LjAwNDkxMDU3OTExMDg0JTIxMm0zJTIxMWYwJTIxMmYwJTIxM2YwJTIxM20yJTIxMWkxMDI0JTIxMmk3NjglMjE0ZjEzLjElMjEzbTMlMjExbTIlMjExczB4MTMyYzk3MDMwYTUwZjlkNyUyNTNBMHg4NWZhYTgzYWJkNzY5OGYwJTIxMnNVZmZpY2lvJTI1MjBUdXJpc3RpY28lMjUyMFNvZ2xpYW5vJTI1MjBhbCUyNTIwUnViaWNvbmUlMjE1ZTElMjEzbTIlMjExc2l0JTIxMnNpdCUyMTR2MTYyNjM4Mjg4ODM3OSUyMTVtMiUyMTFzaXQlMjEyc2l0JTIyJTIwd2lkdGglM0QlMjI2MDAlMjIlMjBoZWlnaHQlM0QlMjI0NTAlMjIlMjBzdHlsZSUzRCUyMmJvcmRlciUzQTAlM0IlMjIlMjBhbGxvd2Z1bGxzY3JlZW4lM0QlMjIlMjIlMjBsb2FkaW5nJTNEJTIybGF6eSUyMiUzRSUzQyUyRmlmcmFtZSUzRQ==\u00a0\u00bb][\/vc_column_inner][\/vc_row_inner][vc_row_inner el_id=\u00a0\u00bbinfotronik_contenitore_form_contatto\u00a0\u00bb][vc_column_inner][vc_empty_space&#8230;<\/p>\n","protected":false},"author":1,"featured_media":20624,"parent":0,"menu_order":0,"comment_status":"closed","ping_status":"closed","template":"","meta":{"loftloader_page_shortcode":""},"_links":{"self":[{"href":"https:\/\/www.visitsoglianoalrubicone.it\/fr\/wp-json\/wp\/v2\/pages\/20622"}],"collection":[{"href":"https:\/\/www.visitsoglianoalrubicone.it\/fr\/wp-json\/wp\/v2\/pages"}],"about":[{"href":"https:\/\/www.visitsoglianoalrubicone.it\/fr\/wp-json\/wp\/v2\/types\/page"}],"author":[{"embeddable":true,"href":"https:\/\/www.visitsoglianoalrubicone.it\/fr\/wp-json\/wp\/v2\/users\/1"}],"replies":[{"embeddable":true,"href":"https:\/\/www.visitsoglianoalrubicone.it\/fr\/wp-json\/wp\/v2\/comments?post=20622"}],"version-history":[{"count":11,"href":"https:\/\/www.visitsoglianoalrubicone.it\/fr\/wp-json\/wp\/v2\/pages\/20622\/revisions"}],"predecessor-version":[{"id":32217,"href":"https:\/\/www.visitsoglianoalrubicone.it\/fr\/wp-json\/wp\/v2\/pages\/20622\/revisions\/32217"}],"wp:featuredmedia":[{"embeddable":true,"href":"https:\/\/www.visitsoglianoalrubicone.it\/fr\/wp-json\/wp\/v2\/media\/20624"}],"wp:attachment":[{"href":"https:\/\/www.visitsoglianoalrubicone.it\/fr\/wp-json\/wp\/v2\/media?parent=20622"}],"curies":[{"name":"wp","href":"https:\/\/api.w.org\/{rel}","templated":true}]}}