{"id":29787,"date":"2021-07-04T14:24:29","date_gmt":"2021-07-04T14:24:29","guid":{"rendered":"https:\/\/www.visitsoglianoalrubicone.it\/?page_id=29787"},"modified":"2025-12-12T08:51:49","modified_gmt":"2025-12-12T08:51:49","slug":"fille-avec-un-livre-sogliano-3","status":"publish","type":"page","link":"https:\/\/www.visitsoglianoalrubicone.it\/fr\/decouvrez-sogliano\/art-culture-et-artisanat\/architecture-et-monuments\/fille-avec-un-livre-sogliano-3\/","title":{"rendered":"Femme traite la ch\u00e8vre &#8211; Sogliano"},"content":{"rendered":"<p>[vc_row full_width=\u00a0\u00bbstretch_row_content_no_spaces\u00a0\u00bb][vc_column][vc_single_image image=\u00a0\u00bb29807&Prime; img_size=\u00a0\u00bb1920 x 450&Prime; alignment=\u00a0\u00bbcenter\u00a0\u00bb el_class=\u00a0\u00bbinfotronik_banner_pagina\u00a0\u00bb]\n\t\t\t<section class=\"do-normal-page-title-section\">\n\t\t\t\t<div class=\"container\">\n\t\t\t\t\t<div class=\"row uppercase\">\n\t\t\t\n\t\t\t\t\t\t<div class=\"do-page-title-wrapper\">\n\t\t\t\t\t\t\t<div class=\"do-default-page-title col-md-7 col-sm-7 col-xs-12\">\n\t\t\t\t\t\t\t\t<h2 info=24 class=\"infotronik_page_title_big\">Donna che munge la capra<\/h2>\n\t\t\t\t\t\t\t\t<p><\/p>\n\t\t\t\t\t\t\t<\/div>\n\t\t\t\n\t\t\t\t\t\t\t<div class=\"do-breadcumb\"><ul><li><a class=\"infotronik_breadcrumb_cut\" href=\"https:\/\/www.visitsoglianoalrubicone.it\/fr\/decouvrez-sogliano\/art-culture-et-artisanat\/\">Art, culture et artisanat<\/a><\/li><li><a class=\"infotronik_breadcrumb_cut\" href=\"https:\/\/www.visitsoglianoalrubicone.it\/fr\/decouvrez-sogliano\/art-culture-et-artisanat\/architecture-et-monuments\/\">Architecture et monuments<\/a><\/li><\/ul><\/div>\n\t\t\t\t\t\t<\/div>\n\t\t\t\n\t\t\t\t\t<\/div>\n\t\t\t\t<\/div>\n\t\t\t<\/section>\n\t\t[vc_empty_space height=\u00a0\u00bb20px\u00a0\u00bb][vc_row_inner][vc_column_inner][vc_column_text].<\/p>\n<p>La sculpture \u00ab La femme traite la ch\u00e8vre \u00bb a \u00e9t\u00e9 con\u00e7ue par le ma\u00eetre <strong>Ilario Fioravanti <\/strong>(Cesena 1922 &#8211; Savignano 2012), sculpteur, peintre, artiste et architecte tr\u00e8s proche du territoire, en particulier de Roncofreddo, Sogliano, Savignano et Cesena. En 2009, il a re\u00e7u la reconnaissance de Citoyen d\u2019honneur de Sogliano al Rubicone.<br \/>\nL\u2019\u0153uvre repr\u00e9sente un geste artistique et puissant, qui restaure dignit\u00e9 et visibilit\u00e9 au monde rural et \u00e0 la figure f\u00e9minine : elle parle de racines, de moments simples du quotidien qui deviennent de la po\u00e9sie, un hymne silencieux \u00e0 la force de notre terre. <\/p>\n<p>Aujourd\u2019hui, deux \u0153uvres du Ma\u00eetre auparavant situ\u00e9es \u00e0 l\u2019int\u00e9rieur du Palazzo Marini (si\u00e8ge de la municipalit\u00e9) peuvent \u00eatre admir\u00e9es en se promenant dans le centre historique : <strong>\u00ab Fille au livre \u00bb<\/strong> dans la Via XX Settembre et<strong> \u00ab La femme trait la ch\u00e8vre \u00bb <\/strong>sur la Piazza della Repubblica.<\/p>\n<p>Le mouvement des \u0153uvres se fait en accord avec la famille Fioravanti, avec l\u2019id\u00e9e de les mettre en valeur et de rendre leur utilisation accessible \u00e0 un public plus large, tout en embellissant le centre-ville historique, enrichissant la signification artistique et po\u00e9tique intrins\u00e8que des statues.<\/p>\n<p>Si vous souhaitez vous \u00ab immerger \u00bb dans son art, nous vous recommandons de visiter \u00ab La casa dell\u2019Upopa \u00bb \u00e0 Sorrivoli, l\u2019atelier o\u00f9 Ilario a cr\u00e9\u00e9 ses \u0153uvres, aujourd\u2019hui un mus\u00e9e.[\/vc_column_text][vc_empty_space height=\u00a0\u00bb30px\u00a0\u00bb][\/vc_column_inner][\/vc_row_inner][vc_row_inner][vc_column_inner width=\u00a0\u00bb1\/2&Prime;]\n\t\t<div class=\"do-icon-with-text-style1 appear fadeIn\" data-wow-duration=\"1s\" data-wow-delay=\"0.3s\">\n\t\t    <div class=\"do-icon-wrapper\">\n\t\t        <i class=\"fa fa-map-marker\"><\/i>\n\t\t    <\/div>\n\t\t    <p>Piazza della Repubblica 35<br \/>\nSogliano al<\/p>\n\n\t\t<\/div>\n\t\n\t\t<div class=\"do-icon-with-text-style1 appear fadeIn\" data-wow-duration=\"1s\" data-wow-delay=\"0.3s\">\n\t\t    <div class=\"do-icon-wrapper\">\n\t\t        <i class=\"fa fa-clock-o\"><\/i>\n\t\t    <\/div>\n\t\t    <p>Rubicone Toujours ouvert \u00e0 l\u2019ext\u00e9rieur<\/p>\n\n\t\t<\/div>\n\t[\/vc_column_inner][vc_column_inner width=\u00a0\u00bb1\/2&Prime;][vc_gmaps link=\u00a0\u00bb#E-8_JTNDaWZyYW1lJTIwc3JjJTNEJTIyaHR0cHMlM0ElMkYlMkZ3d3cuZ29vZ2xlLmNvbSUyRm1hcHMlMkZlbWJlZCUzRnBiJTNEJTIxMW0xOCUyMTFtMTIlMjExbTMlMjExZDIwNjIuNjcwNzUxNjY2MjA3MyUyMTJkMTIuMjk4MTgzMTc0ODY2Mjc2JTIxM2Q0NC4wMDQ4MDI2NzEwODc2NCUyMTJtMyUyMTFmMCUyMTJmMCUyMTNmMCUyMTNtMiUyMTFpMTAyNCUyMTJpNzY4JTIxNGYxMy4xJTIxM20zJTIxMW0yJTIxMXMweDEzMmM5NzAwNWU2NDk4YTMlMjUzQTB4ZjlhNDQ1YjMzZTJkYmI5NSUyMTJzRG9ubmElMjUyMGNoZSUyNTIwTXVuZ2UlMjUyMGxhJTI1MjBjYXByYSUyMTVlMSUyMTNtMiUyMTFzaXQlMjEyc2l0JTIxNHYxNzUzNDc1Nzk4MDYxJTIxNW0yJTIxMXNpdCUyMTJzaXQlMjIlMjB3aWR0aCUzRCUyMjYwMCUyMiUyMGhlaWdodCUzRCUyMjQ1MCUyMiUyMHN0eWxlJTNEJTIyYm9yZGVyJTNBMCUzQiUyMiUyMGFsbG93ZnVsbHNjcmVlbiUzRCUyMiUyMiUyMGxvYWRpbmclM0QlMjJsYXp5JTIyJTIwcmVmZXJyZXJwb2xpY3klM0QlMjJuby1yZWZlcnJlci13aGVuLWRvd25ncmFkZSUyMiUzRSUzQyUyRmlmcmFtZSUzRQ==\u00a0\u00bb][\/vc_column_inner][\/vc_row_inner][vc_row_inner][vc_column_inner][vc_empty_space height=\u00a0\u00bb30px\u00a0\u00bb][vc_column_text]<style>#jtg-29804 .modula-item .jtg-social a, .lightbox-socials.jtg-social a{ color: #ffffff }#jtg-29804 .modula-item .jtg-social svg, .lightbox-socials.jtg-social svg { height: 16px; width: 16px }#jtg-29804 .modula-item .jtg-social a:not(:last-child), .lightbox-socials.jtg-social a:not(:last-child) { margin-right: 10px }#jtg-29804 .modula-item .figc {color:#ffffff;}#jtg-29804 .modula-item .modula-item-content { transform: scale(1) }#jtg-29804 { width:100%;}#jtg-29804 .modula-items .figc p.description { font-size:14px; }#jtg-29804 .modula-items .figc p.description { color:#ffffff;}#jtg-29804.modula-gallery .modula-item > a, #jtg-29804.modula-gallery .modula-item, #jtg-29804.modula-gallery .modula-item-content > a { cursor:zoom-in; } #jtg-29804.modula-gallery .modula-item, .modula-gallery .modula-grid-sizer { width: calc(33.333333333333% - 6.6666666666667px) !important ; } #jtg-29804 .modula-items{position:relative;}@media screen and (max-width:480px){#jtg-29804 .modula-item .figc .jtg-title {  font-size: 12px; }#jtg-29804 .modula-items .figc p.description { color:#ffffff;font-size:10px; }}<\/style>\n<!-- Gallery Container -->\n<div  id=\"jtg-29804\" class=\"modula modula-gallery modula-columns\" data-config=\"{&quot;enableTwitter&quot;:false,&quot;enableWhatsapp&quot;:false,&quot;enableFacebook&quot;:false,&quot;enablePinterest&quot;:false,&quot;enableLinkedin&quot;:false,&quot;enableEmail&quot;:false,&quot;randomFactor&quot;:0.5,&quot;type&quot;:&quot;grid&quot;,&quot;columns&quot;:12,&quot;gutter&quot;:10,&quot;mobileGutter&quot;:10,&quot;tabletGutter&quot;:10,&quot;desktopGutter&quot;:10,&quot;enableResponsive&quot;:&quot;0&quot;,&quot;tabletColumns&quot;:&quot;2&quot;,&quot;mobileColumns&quot;:&quot;1&quot;,&quot;lazyLoad&quot;:&quot;0&quot;,&quot;lightboxOpts&quot;:{&quot;loop&quot;:false,&quot;arrows&quot;:true,&quot;toolbar&quot;:true,&quot;keyboard&quot;:false,&quot;wheel&quot;:false,&quot;buttons&quot;:[&quot;close&quot;],&quot;hash&quot;:false,&quot;lang&quot;:&quot;en&quot;,&quot;touch&quot;:false,&quot;protect&quot;:false,&quot;i18n&quot;:{&quot;en&quot;:{&quot;CLOSE&quot;:&quot;Close&quot;,&quot;NEXT&quot;:&quot;Next&quot;,&quot;PREV&quot;:&quot;Previous&quot;,&quot;Error&quot;:&quot;The requested content cannot be loaded. Please try again later.&quot;,&quot;PLAY_START&quot;:&quot;Start slideshow&quot;,&quot;PLAY_STOP&quot;:&quot;Pause slideshow&quot;,&quot;FULL_SCREEN&quot;:&quot;Full screen&quot;,&quot;THUMBS&quot;:&quot;Thumbnails&quot;,&quot;DOWNLOAD&quot;:&quot;Download&quot;,&quot;SHARE&quot;:&quot;Share&quot;,&quot;ZOOM&quot;:&quot;Zoom&quot;}},&quot;clickSlide&quot;:false,&quot;clickOutside&quot;:false,&quot;dblclickContent&quot;:false,&quot;dblclickSlide&quot;:false,&quot;dblclickOutside&quot;:false,&quot;clickContent&quot;:false,&quot;baseTpl&quot;:&quot;&lt;div class=\\&quot;modula-fancybox-container modula-lightbox-jtg-29804\\&quot; role=\\&quot;dialog\\&quot; tabindex=\\&quot;-1\\&quot;&gt;&lt;div class=\\&quot;modula-fancybox-bg\\&quot;&gt;&lt;\\\/div&gt;&lt;div class=\\&quot;modula-fancybox-inner\\&quot;&gt;&lt;div class=\\&quot;modula-fancybox-infobar\\&quot;&gt;&lt;span data-fancybox-index&gt;&lt;\\\/span&gt;&nbsp;\\\/&nbsp;&lt;span data-fancybox-count&gt;&lt;\\\/span&gt;&lt;\\\/div&gt;&lt;div class=\\&quot;modula-fancybox-toolbar\\&quot;&gt;{{buttons}}&lt;\\\/div&gt;&lt;div class=\\&quot;modula-fancybox-navigation\\&quot;&gt;{{arrows}}&lt;\\\/div&gt;&lt;div class=\\&quot;modula-fancybox-stage\\&quot;&gt;&lt;\\\/div&gt;&lt;div class=\\&quot;modula-fancybox-caption\\&quot;&gt;&lt;div class=\\&quot;modula-fancybox-caption__body\\&quot;&gt;&lt;\\\/div&gt;&lt;\\\/div&gt;&lt;\\\/div&gt;&lt;\\\/div&gt;&quot;},&quot;inView&quot;:false,&quot;email_subject&quot;:&quot;Check out this awesome image !!&quot;,&quot;email_message&quot;:&quot;Here is the link to the image : %%image_link%% and this is the link to the gallery : %%gallery_link%%&quot;,&quot;grid_type&quot;:&quot;3&quot;,&quot;rowHeight&quot;:150,&quot;lastRow&quot;:&quot;justify&quot;,&quot;lightbox&quot;:&quot;fancybox&quot;}\">\n\n\t<div class=\"modula-grid-sizer\"> <\/div>\n\t<!-- Items Container -->\n\t<div  class=\"modula-items grid-gallery\">\n\t\t<div class=\"modula-item effect-pufrobo\" >\n\t<div class=\"modula-item-overlay\"><\/div>\n\n\t<div class=\"modula-item-content\">\n\n\t\t\t\t\n\t\t\t\t\t<a data-image-id=\"29830\" href=\"https:\/\/www.visitsoglianoalrubicone.it\/wp-content\/uploads\/2025\/07\/visitsoglianoalrubicone.itscopri-soglianoarteculturaarchitettura-e-monumenti-allaria-aperta-donna-che-munge-la-capra-3-scaled.jpg\" rel=\"jtg-29804\" data-caption=\"\" class=\"tile-inner modula-item-link\"><\/a>\n\t\t\n\t\t<img class=\"pic\"  data-valign=\"middle\" data-halign=\"center\" alt=\"\" data-full=\"https:\/\/www.visitsoglianoalrubicone.it\/wp-content\/uploads\/2025\/07\/visitsoglianoalrubicone.itscopri-soglianoarteculturaarchitettura-e-monumenti-allaria-aperta-donna-che-munge-la-capra-3.jpg\" title=\"visitsoglianoalrubicone.itscopri-soglianoarteculturaarchitettura-e-monumenti-allaria-aperta-donna-che-munge-la-capra (3)\" width=\"768\" height=\"1024\" src=\"https:\/\/www.visitsoglianoalrubicone.it\/wp-content\/uploads\/2025\/07\/visitsoglianoalrubicone.itscopri-soglianoarteculturaarchitettura-e-monumenti-allaria-aperta-donna-che-munge-la-capra-3-768x1024.jpg\" data-src=\"https:\/\/www.visitsoglianoalrubicone.it\/wp-content\/uploads\/2025\/07\/visitsoglianoalrubicone.itscopri-soglianoarteculturaarchitettura-e-monumenti-allaria-aperta-donna-che-munge-la-capra-3-768x1024.jpg\" data-caption=\"\"srcset=\"https:\/\/www.visitsoglianoalrubicone.it\/wp-content\/uploads\/2025\/07\/visitsoglianoalrubicone.itscopri-soglianoarteculturaarchitettura-e-monumenti-allaria-aperta-donna-che-munge-la-capra-3-scaled-768x1024.jpg 768w, https:\/\/www.visitsoglianoalrubicone.it\/wp-content\/uploads\/2025\/07\/visitsoglianoalrubicone.itscopri-soglianoarteculturaarchitettura-e-monumenti-allaria-aperta-donna-che-munge-la-capra-3-225x300.jpg 225w, https:\/\/www.visitsoglianoalrubicone.it\/wp-content\/uploads\/2025\/07\/visitsoglianoalrubicone.itscopri-soglianoarteculturaarchitettura-e-monumenti-allaria-aperta-donna-che-munge-la-capra-3-1152x1536.jpg 1152w, https:\/\/www.visitsoglianoalrubicone.it\/wp-content\/uploads\/2025\/07\/visitsoglianoalrubicone.itscopri-soglianoarteculturaarchitettura-e-monumenti-allaria-aperta-donna-che-munge-la-capra-3-1536x2048.jpg 1536w, https:\/\/www.visitsoglianoalrubicone.it\/wp-content\/uploads\/2025\/07\/visitsoglianoalrubicone.itscopri-soglianoarteculturaarchitettura-e-monumenti-allaria-aperta-donna-che-munge-la-capra-3-scaled.jpg 1920w\" sizes=\"(max-width: 768px) 100vw, 768px\"\" \/>\n\t\t<div class=\"figc no-description\">\n\t\t\t<div class=\"figc-inner\">\n\t\t\t\t\t\t\t\t\t\t\t\t\t\t\t<\/div>\n\t\t<\/div>\n\n\t<\/div>\n\n<\/div><div class=\"modula-item effect-pufrobo\" >\n\t<div class=\"modula-item-overlay\"><\/div>\n\n\t<div class=\"modula-item-content\">\n\n\t\t\t\t\n\t\t\t\t\t<a data-image-id=\"29826\" href=\"https:\/\/www.visitsoglianoalrubicone.it\/wp-content\/uploads\/2025\/07\/visitsoglianoalrubicone.itscopri-soglianoarteculturaarchitettura-e-monumenti-allaria-aperta-donna-che-munge-la-capra-2-scaled.jpg\" rel=\"jtg-29804\" data-caption=\"\" class=\"tile-inner modula-item-link\"><\/a>\n\t\t\n\t\t<img class=\"pic\"  data-valign=\"middle\" data-halign=\"center\" alt=\"\" data-full=\"https:\/\/www.visitsoglianoalrubicone.it\/wp-content\/uploads\/2025\/07\/visitsoglianoalrubicone.itscopri-soglianoarteculturaarchitettura-e-monumenti-allaria-aperta-donna-che-munge-la-capra-2.jpg\" title=\"visitsoglianoalrubicone.itscopri-soglianoarteculturaarchitettura-e-monumenti-allaria-aperta-donna-che-munge-la-capra (2)\" width=\"768\" height=\"1024\" src=\"https:\/\/www.visitsoglianoalrubicone.it\/wp-content\/uploads\/2025\/07\/visitsoglianoalrubicone.itscopri-soglianoarteculturaarchitettura-e-monumenti-allaria-aperta-donna-che-munge-la-capra-2-768x1024.jpg\" data-src=\"https:\/\/www.visitsoglianoalrubicone.it\/wp-content\/uploads\/2025\/07\/visitsoglianoalrubicone.itscopri-soglianoarteculturaarchitettura-e-monumenti-allaria-aperta-donna-che-munge-la-capra-2-768x1024.jpg\" data-caption=\"\"srcset=\"https:\/\/www.visitsoglianoalrubicone.it\/wp-content\/uploads\/2025\/07\/visitsoglianoalrubicone.itscopri-soglianoarteculturaarchitettura-e-monumenti-allaria-aperta-donna-che-munge-la-capra-2-scaled-768x1024.jpg 768w, https:\/\/www.visitsoglianoalrubicone.it\/wp-content\/uploads\/2025\/07\/visitsoglianoalrubicone.itscopri-soglianoarteculturaarchitettura-e-monumenti-allaria-aperta-donna-che-munge-la-capra-2-225x300.jpg 225w, https:\/\/www.visitsoglianoalrubicone.it\/wp-content\/uploads\/2025\/07\/visitsoglianoalrubicone.itscopri-soglianoarteculturaarchitettura-e-monumenti-allaria-aperta-donna-che-munge-la-capra-2-1152x1536.jpg 1152w, https:\/\/www.visitsoglianoalrubicone.it\/wp-content\/uploads\/2025\/07\/visitsoglianoalrubicone.itscopri-soglianoarteculturaarchitettura-e-monumenti-allaria-aperta-donna-che-munge-la-capra-2-1536x2048.jpg 1536w, https:\/\/www.visitsoglianoalrubicone.it\/wp-content\/uploads\/2025\/07\/visitsoglianoalrubicone.itscopri-soglianoarteculturaarchitettura-e-monumenti-allaria-aperta-donna-che-munge-la-capra-2-scaled.jpg 1920w\" sizes=\"(max-width: 768px) 100vw, 768px\"\" \/>\n\t\t<div class=\"figc no-description\">\n\t\t\t<div class=\"figc-inner\">\n\t\t\t\t\t\t\t\t\t\t\t\t\t\t\t<\/div>\n\t\t<\/div>\n\n\t<\/div>\n\n<\/div><div class=\"modula-item effect-pufrobo\" >\n\t<div class=\"modula-item-overlay\"><\/div>\n\n\t<div class=\"modula-item-content\">\n\n\t\t\t\t\n\t\t\t\t\t<a data-image-id=\"29814\" href=\"https:\/\/www.visitsoglianoalrubicone.it\/wp-content\/uploads\/2025\/07\/visitsoglianoalrubicone.itscopri-soglianoarteculturaarchitettura-e-monumenti-allaria-aperta-donna-che-munge-la-capra-4-scaled.jpg\" rel=\"jtg-29804\" data-caption=\"\" class=\"tile-inner modula-item-link\"><\/a>\n\t\t\n\t\t<img class=\"pic\"  data-valign=\"middle\" data-halign=\"center\" alt=\"\" data-full=\"https:\/\/www.visitsoglianoalrubicone.it\/wp-content\/uploads\/2025\/07\/visitsoglianoalrubicone.itscopri-soglianoarteculturaarchitettura-e-monumenti-allaria-aperta-donna-che-munge-la-capra-4.jpg\" title=\"visitsoglianoalrubicone.itscopri-soglianoarteculturaarchitettura-e-monumenti-allaria-aperta-donna-che-munge-la-capra (4)\" width=\"768\" height=\"1024\" src=\"https:\/\/www.visitsoglianoalrubicone.it\/wp-content\/uploads\/2025\/07\/visitsoglianoalrubicone.itscopri-soglianoarteculturaarchitettura-e-monumenti-allaria-aperta-donna-che-munge-la-capra-4-768x1024.jpg\" data-src=\"https:\/\/www.visitsoglianoalrubicone.it\/wp-content\/uploads\/2025\/07\/visitsoglianoalrubicone.itscopri-soglianoarteculturaarchitettura-e-monumenti-allaria-aperta-donna-che-munge-la-capra-4-768x1024.jpg\" data-caption=\"\"srcset=\"https:\/\/www.visitsoglianoalrubicone.it\/wp-content\/uploads\/2025\/07\/visitsoglianoalrubicone.itscopri-soglianoarteculturaarchitettura-e-monumenti-allaria-aperta-donna-che-munge-la-capra-4-scaled-768x1024.jpg 768w, https:\/\/www.visitsoglianoalrubicone.it\/wp-content\/uploads\/2025\/07\/visitsoglianoalrubicone.itscopri-soglianoarteculturaarchitettura-e-monumenti-allaria-aperta-donna-che-munge-la-capra-4-225x300.jpg 225w, https:\/\/www.visitsoglianoalrubicone.it\/wp-content\/uploads\/2025\/07\/visitsoglianoalrubicone.itscopri-soglianoarteculturaarchitettura-e-monumenti-allaria-aperta-donna-che-munge-la-capra-4-1152x1536.jpg 1152w, https:\/\/www.visitsoglianoalrubicone.it\/wp-content\/uploads\/2025\/07\/visitsoglianoalrubicone.itscopri-soglianoarteculturaarchitettura-e-monumenti-allaria-aperta-donna-che-munge-la-capra-4-1536x2048.jpg 1536w, https:\/\/www.visitsoglianoalrubicone.it\/wp-content\/uploads\/2025\/07\/visitsoglianoalrubicone.itscopri-soglianoarteculturaarchitettura-e-monumenti-allaria-aperta-donna-che-munge-la-capra-4-scaled.jpg 1920w\" sizes=\"(max-width: 768px) 100vw, 768px\"\" \/>\n\t\t<div class=\"figc no-description\">\n\t\t\t<div class=\"figc-inner\">\n\t\t\t\t\t\t\t\t\t\t\t\t\t\t\t<\/div>\n\t\t<\/div>\n\n\t<\/div>\n\n<\/div>\t\t\n\t<\/div>\n\n\t\n\t\n\t<script type=\"application\/ld+json\">\n\t{\n\t\t\"@context\": \"http:\/\/schema.org\",\n\t\t\"@type\"   : \"ImageGallery\",\n\t\t\"id\"      : \"https:\/\/www.visitsoglianoalrubicone.it\/fr\/wp-json\/wp\/v2\/pages\/29787\/\",\n\t\t\"url\"     : \"https:\/\/www.visitsoglianoalrubicone.it\/fr\/wp-json\/wp\/v2\/pages\/29787\/\"\n\t}\n\n    <\/script>\n\n\t\n<\/div>[\/vc_column_text][vc_empty_space height=\u00a0\u00bb50px\u00a0\u00bb][\/vc_column_inner][\/vc_row_inner][\/vc_column][\/vc_row]<\/p>\n","protected":false},"excerpt":{"rendered":"<p>[vc_row full_width=\u00a0\u00bbstretch_row_content_no_spaces\u00a0\u00bb][vc_column][vc_single_image image=\u00a0\u00bb29807&Prime; img_size=\u00a0\u00bb1920 x 450&Prime; alignment=\u00a0\u00bbcenter\u00a0\u00bb el_class=\u00a0\u00bbinfotronik_banner_pagina\u00a0\u00bb][vc_empty_space height=\u00a0\u00bb20px\u00a0\u00bb][vc_row_inner][vc_column_inner][vc_column_text]. La sculpture \u00ab La femme traite la ch\u00e8vre \u00bb a \u00e9t\u00e9 con\u00e7ue&#8230;<\/p>\n","protected":false},"author":3,"featured_media":29801,"parent":19483,"menu_order":0,"comment_status":"closed","ping_status":"closed","template":"","meta":{"loftloader_page_shortcode":""},"_links":{"self":[{"href":"https:\/\/www.visitsoglianoalrubicone.it\/fr\/wp-json\/wp\/v2\/pages\/29787"}],"collection":[{"href":"https:\/\/www.visitsoglianoalrubicone.it\/fr\/wp-json\/wp\/v2\/pages"}],"about":[{"href":"https:\/\/www.visitsoglianoalrubicone.it\/fr\/wp-json\/wp\/v2\/types\/page"}],"author":[{"embeddable":true,"href":"https:\/\/www.visitsoglianoalrubicone.it\/fr\/wp-json\/wp\/v2\/users\/3"}],"replies":[{"embeddable":true,"href":"https:\/\/www.visitsoglianoalrubicone.it\/fr\/wp-json\/wp\/v2\/comments?post=29787"}],"version-history":[{"count":13,"href":"https:\/\/www.visitsoglianoalrubicone.it\/fr\/wp-json\/wp\/v2\/pages\/29787\/revisions"}],"predecessor-version":[{"id":33646,"href":"https:\/\/www.visitsoglianoalrubicone.it\/fr\/wp-json\/wp\/v2\/pages\/29787\/revisions\/33646"}],"up":[{"embeddable":true,"href":"https:\/\/www.visitsoglianoalrubicone.it\/fr\/wp-json\/wp\/v2\/pages\/19483"}],"wp:featuredmedia":[{"embeddable":true,"href":"https:\/\/www.visitsoglianoalrubicone.it\/fr\/wp-json\/wp\/v2\/media\/29801"}],"wp:attachment":[{"href":"https:\/\/www.visitsoglianoalrubicone.it\/fr\/wp-json\/wp\/v2\/media?parent=29787"}],"curies":[{"name":"wp","href":"https:\/\/api.w.org\/{rel}","templated":true}]}}